{"id":3038,"date":"2022-06-10T03:38:55","date_gmt":"2022-06-10T03:38:55","guid":{"rendered":"https:\/\/taizyagromachine.com\/?post_type=product&#038;p=3038"},"modified":"2025-01-02T13:49:22","modified_gmt":"2025-01-02T05:49:22","slug":"bean-peeling-machine","status":"publish","type":"product","link":"https:\/\/taizyagromachine.com\/tr\/product\/bean-peeling-machine\/","title":{"rendered":"Soya Fasulyesi, Bakla Fasulyesi, La\u00e7i Fasulyesi Fasulye Soyma Makinesi"},"content":{"rendered":"<p class=\"translation-block\">Ad\u0131ndan da anla\u015f\u0131laca\u011f\u0131 gibi, <strong>fasulye soyma makinesi<\/strong>, \u015firketimiz taraf\u0131ndan pazar talebine g\u00f6re geli\u015ftirilen, \u00e7e\u015fitli fasulyelerin i\u015flenmesinde uzmanla\u015fm\u0131\u015f bir deri \u00e7\u0131karma makinesidir. Ba\u015fl\u0131ca fasulye (soya fasulyesi), bezelye, siyah fasulye, barbunya, badem vb. gibi \u00e7e\u015fitli fasulyelerin soyulmas\u0131 ve ayr\u0131lmas\u0131 i\u00e7in uygulanabilir. <\/p>    <p>Soyulma oran\u0131 98%'nin \u00fczerindedir. Soya fasulyesi derisini \u00e7\u0131karma makinesi, g\u0131da i\u015fleme tesisleri, oteller, restoranlar, kantinler, profesyonel evler vb. i\u00e7in uygundur. <\/p>    <p>Bu ekipman, yurt i\u00e7i ve yurt d\u0131\u015f\u0131ndaki bir\u00e7ok fasulye soyma makinesinin avantajlar\u0131ndan ve deneyimlerinden yararlan\u0131larak, kapsaml\u0131 pazar ara\u015ft\u0131rmas\u0131 ve kullan\u0131c\u0131larla isti\u015farede bulunulduktan sonra dikkatle tasarlanm\u0131\u015f ve optimize edilmi\u015f yeni nesil bir soyma makinesidir. <\/p>    <p>Fasulye soyma makinemiz iyi tasarlanm\u0131\u015f, kullan\u0131m\u0131 kolay ve y\u00fcksek \u00e7\u0131kt\u0131ya sahiptir. Taizy Machinery olarak se\u00e7ebilece\u011finiz \u00fc\u00e7 modelimiz var. Herhangi bir ihtiyac\u0131n\u0131z varsa bizimle ileti\u015fime ge\u00e7ebilirsiniz. Bize neye ihtiyac\u0131n\u0131z oldu\u011funu s\u00f6yleyin, sat\u0131\u015f y\u00f6neticimiz size ihtiya\u00e7lar\u0131n\u0131za en uygun \u00e7\u00f6z\u00fcm\u00fc sunacakt\u0131r.<\/p>    <h2 class=\"wp-block-heading\" id=\"h-who-uses-peeled-beans\"><strong>Soyulmu\u015f Fasulyeyi Kimler Kullan\u0131r?<\/strong><\/h2>    <p>Bu fasulye soyma makinesinin geni\u015f bir uygulama yelpazesi vard\u0131r. \u00c7\u00fcnk\u00fc bu makine soya fasulyesi, siyah fasulye, bezelye vb. fasulyeleri soymak ve par\u00e7alamak i\u00e7in i\u015fleyebilir. Temel olarak a\u015fa\u011f\u0131daki kullan\u0131m alanlar\u0131 vard\u0131r:<\/p>    <p>B\u00fcy\u00fck tesis, k\u00fc\u00e7\u00fck ve orta \u00f6l\u00e7ekli at\u00f6lye, perakende ma\u011fazalar\u0131, kantin tedariki, bireyler ve g\u0131da i\u015fleme tesisleri. Herhangi bir ihtiyac\u0131n\u0131z varsa, en k\u0131sa s\u00fcrede bizimle ileti\u015fime ge\u00e7mekten memnuniyet duyar\u0131z! Ve profesyonel kadromuz i\u015finizi kolayla\u015ft\u0131racak en uygun plan\u0131 sa\u011flayacakt\u0131r.<\/p>   <div class=\"wp-block-image\"> <figure class=\"aligncenter size-full\"><img loading=\"lazy\" decoding=\"async\" width=\"720\" height=\"540\" src=\"https:\/\/taizyagromachine.com\/wp-content\/uploads\/2022\/06\/usages-of-bean-peling-machine.jpg\" alt=\"fasulye soyma makinesinin kullan\u0131m alanlar\u0131\" class=\"wp-image-3053\"\/><figcaption class=\"wp-element-caption\">fasulye soyma makinesinin kullan\u0131m alanlar\u0131<\/figcaption><\/figure> <\/div>   <h2 class=\"wp-block-heading\" id=\"h-type-1-soybean-peeling-machine\"><strong>Tip 1: Sat\u0131l\u0131k Soya Fasulyesi Soyma Makinesi<\/strong><\/h2>    <p class=\"translation-block\">Bu soya fasulyesi soyma makinesi, Taizy Machinery'nin teknik ara\u015ft\u0131rma ve geli\u015ftirme personeli taraf\u0131ndan pazar talebine g\u00f6re geli\u015ftirilen soya fasulyesi ay\u0131rma ve yo\u011furma makinesidir. Fasulye kabu\u011fu soyma makinesi, soya fasulyesi, <strong>b\u00f6r\u00fclce<\/strong>, <strong>bezelye<\/strong> ve benzeri yuvarlak ve d\u00fczenli fasulyeleri soyabilir. Bu makinenin kullan\u0131m\u0131 kolayd\u0131r. <\/p>   <div class=\"wp-block-image\"> <figure class=\"aligncenter size-full\"><img loading=\"lazy\" decoding=\"async\" width=\"720\" height=\"540\" src=\"https:\/\/taizyagromachine.com\/wp-content\/uploads\/2022\/06\/soybean-peeling-machine.jpg\" alt=\"soya fasulyesi soyma makinesi\" class=\"wp-image-3044\"\/><figcaption class=\"wp-element-caption\">soya fasulyesi soyma makinesi<\/figcaption><\/figure> <\/div>   <p>Ayr\u0131ca kabuk, \u00e7ekirdek ve yaprak flavonoid k\u0131sm\u0131 temiz bir \u015fekilde ayr\u0131l\u0131r. Daha az k\u0131r\u0131lm\u0131\u015f tane, iyi soyulma etkisi, g\u00fczel g\u00f6r\u00fcn\u00fcm, rahat \u00e7al\u0131\u015fma, g\u00fcvenilir performans, ye\u015fil \u00e7evre koruma, birden fazla kullan\u0131m i\u00e7in bir makineye sahiptir.<\/p>    <p>K\u00fc\u00e7\u00fck fasulye i\u015fleme tesisleri veya g\u0131da fabrikalar\u0131 i\u00e7in uygundur. Ayn\u0131 zamanda makineyi bezelye ve b\u00f6r\u00fclce soymaya da ayarlayabilirsiniz. Soyulmu\u015f soya fasulyesi, bezelye, tofu, fasulye suyu vb. gibi soya fasulyesi \u00fcr\u00fcnlerinin kokusunu gidermek ve tad\u0131n\u0131 artt\u0131rmak i\u00e7in kullan\u0131l\u0131r.<\/p>    <h3 class=\"wp-block-heading\" id=\"h-what-is-the-structure-of-soy-bean-skin-removing-machine\"><strong>Soya Fasulyesi Kabuk Temizleme Makinesinin Yap\u0131s\u0131 Nedir?<\/strong><\/h3>    <p>Bu soya fasulyesi soyucu, fasulye soyma ve ay\u0131rma i\u015flevlerine sahiptir. \u00c7ok i\u015flevli ve soyulma ve b\u00f6l\u00fcnme. Motor, fan, da\u011f\u0131t\u0131m kutusu, yem hunisi, ayarlanabilir kol, hava boru hatt\u0131 ve \u00e7\u0131k\u0131\u015ftan olu\u015fur. Fasulye soyma makinesiyle ilgileniyorsan\u0131z, istedi\u011finiz zaman bizimle ileti\u015fime ge\u00e7meye ho\u015f geldiniz.<\/p>    <h3 class=\"wp-block-heading\" id=\"h-\"><strong> <\/strong><\/h3>   <div class=\"wp-block-image\"> <figure class=\"aligncenter size-full\"><img loading=\"lazy\" decoding=\"async\" width=\"720\" height=\"540\" src=\"https:\/\/taizyagromachine.com\/wp-content\/uploads\/2022\/06\/soybean-peeler-construction.jpg\" alt=\"soya soyucu yap\u0131m\u0131\" class=\"wp-image-3046\"\/><figcaption class=\"wp-element-caption\">soya soyucu yap\u0131m\u0131<\/figcaption><\/figure> <\/div>   <h3 class=\"wp-block-heading\" id=\"h-how-does-bean-peeling-machine-work\"><strong>Fasulye Soyma Makinesi Nas\u0131l \u00c7al\u0131\u015f\u0131r?<\/strong><\/h3>    <p>\u00c7al\u0131\u015fma s\u0131ras\u0131nda malzeme, vin\u00e7 ta\u015f\u0131ma cihaz\u0131 arac\u0131l\u0131\u011f\u0131yla hazne taraf\u0131ndan iki ta\u015flama diski aras\u0131ndaki soyulman\u0131n i\u00e7ine girer. Soyma veya k\u0131rma amac\u0131na ise iki ta\u015flama diskinin farkl\u0131 d\u00f6n\u00fc\u015f\u00fcyle \u200b\u200bula\u015f\u0131l\u0131r. Soya fasulyesi soyulduktan sonra, r\u00fczgar\u0131n etkisiyle ay\u0131rma odas\u0131ndan fasulye meyvesi k\u0131sm\u0131 \u00e7\u0131k\u0131\u015ftan bo\u015falt\u0131l\u0131r.<\/p>    <p> Cilt ve iz tozu hava ile \u00e7\u0131k\u0131\u015ftan d\u0131\u015far\u0131 at\u0131larak soyulma i\u015flemi tamamlan\u0131r.<\/p>    <h3 class=\"wp-block-heading\" id=\"h-technical-specifications-of-beans-peeler\"><strong>Fasulye Soyma Makinesi Teknik \u00d6zellikleri<\/strong><\/h3>    <figure class=\"wp-block-table\"><table><tbody><tr><td>Modeli<\/td><td>TZ-10<\/td><\/tr><tr><td>A\u011f\u0131rl\u0131k<\/td><td>&nbsp;200kg<\/td><\/tr><tr><td>Boyut<\/td><td>190*140*75cm<\/td><\/tr><tr><td>Kapasite<\/td><td>300-400kg\/saat<\/td><\/tr><tr><td>G\u00fc\u00e7<\/td><td>5,5kW +1,5kW<\/td><\/tr><\/tbody><\/table><figcaption class=\"wp-element-caption\">\u00e7ok fonksiyonlu fasulye soyucunun parametreleri <\/figcaption><\/figure>    <h2 class=\"wp-block-heading\"><strong>Tip 2: S\u0131cak Sat\u0131\u015f Mercimek Soyma Makinesi<\/strong><\/h2>    <p>Mercimek soyma makinesi, fasulye soyma makinesinin ba\u011f\u0131ms\u0131z bir ara\u015ft\u0131rma ve geli\u015ftirmesidir. Hem normal hem de d\u00fcz \u015fekilli \u00e7ekirdeklerle yuvarlak soyulabilir. \u0130yi bir soyma etkisi, y\u00fcksek verim oran\u0131 ve istikrarl\u0131 performans avantajlar\u0131yla \u00e7ok fonksiyonlu bir soyma makinesidir.<\/p>   <div class=\"wp-block-image\"> <figure class=\"aligncenter size-full\"><img loading=\"lazy\" decoding=\"async\" width=\"720\" height=\"540\" src=\"https:\/\/taizyagromachine.com\/wp-content\/uploads\/2022\/06\/lentil-skin-peeling-machine.jpg\" alt=\"mercimek cilt soyma makinesi\" class=\"wp-image-3069\"\/><figcaption class=\"wp-element-caption\">mercimek cilt soyma makinesi<\/figcaption><\/figure> <\/div>   <p>Ma\u015f fasulyesi, barbunya fasulyesi, mercimek, kedinin g\u00f6z fasulyesi, b\u00f6r\u00fclce, vb. Bu nedenle, y\u00fcksek soyma oran\u0131, mevcut kalite ve kolay \u00e7al\u0131\u015fma ile fasulye \u00fcr\u00fcnlerinin s\u0131n\u0131f\u0131n\u0131 y\u00fckseltmek i\u00e7in ideal ekipmand\u0131r.<\/p>    <h3 class=\"wp-block-heading\" id=\"h-what-constructs-the-lentil-skin-peeling-machine\"><strong>Mercimek Deri Soyma Makinesini Ne Yapar?<\/strong><\/h3>    <p>Genel olarak, bu makine net bir yap\u0131ya sahiptir. Hopper, kontrol el \u00e7ubu\u011fu, toz toplay\u0131c\u0131, soyma odas\u0131, \u00e7\u0131k\u0131\u015ftan olu\u015fur. <\/p>   <div class=\"wp-block-image\"> <figure class=\"aligncenter size-full\"><img loading=\"lazy\" decoding=\"async\" width=\"720\" height=\"540\" src=\"https:\/\/taizyagromachine.com\/wp-content\/uploads\/2022\/06\/structure-of-lentil-peeler.jpg\" alt=\"mercimek soyucunun yap\u0131s\u0131\" class=\"wp-image-3048\"\/><figcaption class=\"wp-element-caption\">mercimek soyucunun yap\u0131s\u0131<\/figcaption><\/figure> <\/div>   <h3 class=\"wp-block-heading\" id=\"h-working-principle-of-industrial-beans-peeler\"><strong>End\u00fcstriyel Fasulye Soyma Makinas\u0131n\u0131n \u00c7al\u0131\u015fma Prensibi<\/strong><\/h3>    <p>Operasyon s\u0131ras\u0131nda fasulye soyma makinesi, cilt katman\u0131n\u0131 s\u00fcrekli olarak kesmek ve ovalamak i\u00e7in y\u00fcksek h\u0131zl\u0131 d\u00f6nen bir elmas b\u0131\u00e7ak kullan\u0131r. Bu \u015fekilde cilt ile i\u00e7 katman aras\u0131ndaki ba\u011flanma g\u00fcc\u00fc yok edilebilir ve b\u00f6ylece cilt katman\u0131 yava\u015f yava\u015f a\u015f\u0131nd\u0131r\u0131l\u0131p ovalanarak uzakla\u015ft\u0131r\u0131labilir. <\/p>    <p>Ve cilt daha etkili bir \u015fekilde \u00e7\u0131kar\u0131labilir. Makinenin yerle\u015fik emme ve toz \u00e7\u0131karma sistemi arac\u0131l\u0131\u011f\u0131yla, i\u015fleme at\u00f6lyesinin temizli\u011fini ve hijyenini sa\u011flamak i\u00e7in peeling s\u00fcrecinde cildi toplar.<\/p>    <h3 class=\"wp-block-heading\" id=\"h-parameters-of-lentil-peeler\"><strong>Mercimek Soyucu Parametreleri<\/strong><\/h3>    <figure class=\"wp-block-table\"><table><tbody><tr><td>Modeli<\/td><td>S18<\/td><\/tr><tr><td>G\u00fc\u00e7<\/td><td>15kW<\/td><\/tr><tr><td>Kapasite<\/td><td>500kg\/saat<\/td><\/tr><tr><td>Boyut<\/td><td>1800*1200*2150mm<\/td><\/tr><\/tbody><\/table><figcaption class=\"wp-element-caption\">Mercimek soyma makinesinin teknik parametreleri<\/figcaption><\/figure>    <h2 class=\"wp-block-heading\"><strong>Tip 3: Ticari Bakla Soyma Makinesi<\/strong><\/h2>    <p>Bu bakla soyma makinesi paslanmaz \u00e7elik malzemeye sahiptir. Fava fasulyesi soyma makinesi, kompakt yap\u0131, basit kullan\u0131m ve temiz soyma \u00f6zelliklerine sahiptir. Bakla fasulyesinin \u0131slanmas\u0131na, kurumas\u0131na gerek yoktur. Makineyi a\u00e7\u0131n ve bir kerelik soymay\u0131 tamamlay\u0131n, zamandan ve emekten tasarruf edin, kullan\u0131\u015fl\u0131, i\u015f\u00e7ilikten tasarruf edin ve i\u015f verimlili\u011fini art\u0131r\u0131n.<\/p>   <div class=\"wp-block-image\"> <figure class=\"aligncenter size-full is-resized\"><img loading=\"lazy\" decoding=\"async\" width=\"720\" height=\"540\" src=\"https:\/\/taizyagromachine.com\/wp-content\/uploads\/2022\/06\/broad-bean-peeling-machine.jpg\" alt=\"bakla soyma makinesi\" class=\"wp-image-3051\" style=\"width:720px;height:auto\"\/><figcaption class=\"wp-element-caption\">bakla soyma makinesi<\/figcaption><\/figure> <\/div>   <p>Taizy Machinery, baklalar\u0131n d\u00fczensiz \u015fekilleri i\u00e7in bir soyma makinesi geli\u015ftirdi. Bu \u00e7ok fonksiyonlu fasulye soyma makinesi, bakla, ya\u011fl\u0131 fasulye, lima fasulyesi, ate\u015f kenevir tohumlar\u0131, \u015fakay\u0131k tohumlar\u0131 ve di\u011fer k\u0131smi d\u00fcz fasulyelerin soyulmas\u0131 i\u00e7in daha uygun olabilir, b\u00f6ylece \u00fcr\u00fcn soyma ve \u00e7\u0131karma oran\u0131 daha y\u00fcksek olur.<\/p>    <h3 class=\"wp-block-heading\" id=\"h-composition-of-broad-bean-skin-removing-machine\"><strong>Bakla Kabu\u011fu \u00c7\u0131karma Makinesinin Bile\u015fimi<\/strong><\/h3>    <p>Bakla soyma makinesinde hazne, soyma cihaz\u0131, \u00e7\u0131k\u0131\u015f ve kontrol paneli bulunmaktad\u0131r. <\/p>   <div class=\"wp-block-image\"> <figure class=\"aligncenter size-full\"><img loading=\"lazy\" decoding=\"async\" width=\"720\" height=\"540\" src=\"https:\/\/taizyagromachine.com\/wp-content\/uploads\/2022\/06\/broad-bean-skin-remover-structure.jpg\" alt=\"bakla kabu\u011fu \u00e7\u0131kar\u0131c\u0131 yap\u0131s\u0131\" class=\"wp-image-3052\"\/><figcaption class=\"wp-element-caption\">bakla kabu\u011fu \u00e7\u0131kar\u0131c\u0131 yap\u0131s\u0131<\/figcaption><\/figure> <\/div>   <h3 class=\"wp-block-heading\" id=\"h-what-are-parameters-of-fava-beans-peeler\"><strong>Vicia Fava Fasulye Soyucunun Parametreleri Nelerdir?<\/strong><\/h3>    <figure class=\"wp-block-table\"><table><tbody><tr><td>Modeli<\/td><td>ZX-CD<\/td><\/tr><tr><td>Boyut<\/td><td>1000*1150*1400mm<\/td><\/tr><tr><td>G\u00fc\u00e7<\/td><td>5kW<\/td><\/tr><tr><td>Kapasite<\/td><td>200kg\/saat<\/td><\/tr><tr><td>A\u011f\u0131rl\u0131k<\/td><td>400<\/td><\/tr><\/tbody><\/table><figcaption class=\"wp-element-caption\">bakla soyma makinesinin \u00f6zellikleri<\/figcaption><\/figure>    <h2 class=\"wp-block-heading\" id=\"h-hightlights-of-bean-peeling-machine\"><strong>End\u00fcstriyel Fasulye Soyma Makinesinin \u00d6ne \u00c7\u0131kan \u00d6zellikleri<\/strong><\/h2>    <ul class=\"wp-block-list\"> <li>\u0130ki soyma ve ay\u0131rma i\u015flevi, y\u00fcksek soyma oran\u0131, mevcut kalite ve rahat \u00e7al\u0131\u015fma ile.<\/li>    <li>K\u00fc\u00e7\u00fck g\u00fc\u00e7, k\u00fc\u00e7\u00fck alan, y\u00fcksek otomasyon ve kaliteli bitmi\u015f \u00fcr\u00fcn ile fasulyelerin kombinasyon tipi soyma makinesidir.<\/li>    <li><strong>Uygulama kapsam\u0131<\/strong>: soya fasulyesi, bakla, asker fasulyesi, b\u00f6r\u00fclce, ma\u015f fasulyesi, siyah fasulye, barbunya fasulyesi ve di\u011fer fasulye \u00e7e\u015fitlerinin i\u015flenmesi.<\/li>    <li><strong>\u00dcr\u00fcn verimi<\/strong>: M\u00fc\u015fteri iste\u011fine g\u00f6re d\u00fczenlenebilir.<\/li>    <li><strong>Bitmi\u015f \u00fcr\u00fcn endeksi<\/strong>: A. Kum i\u00e7eri\u011fi: &lt;0,02%; B. Manyetik metal i\u00e7eri\u011fi: &lt;0,003\/kg; C. Nem: depolama t\u00fcr\u00fc &lt;15%; D. G\u00f6r\u00fcn\u00fcm ve tat: \u0130yi renk, iyi soyulma etkisi, parlak ve p\u00fcr\u00fczs\u00fcz fasulye \u00e7ekirde\u011fi, \u00e7ok olumlu fasulye aromas\u0131.<\/li> <\/ul>   <div class=\"wp-block-image\"> <figure class=\"aligncenter size-full\"><img loading=\"lazy\" decoding=\"async\" width=\"720\" height=\"540\" src=\"https:\/\/taizyagromachine.com\/wp-content\/uploads\/2022\/06\/wide-applications-of-bean-peeling-machine.jpg\" alt=\"fasulye soyma makinesinin geni\u015f uygulamalar\u0131\" class=\"wp-image-3084\"\/><figcaption class=\"wp-element-caption\">fasulye soyma makinesinin geni\u015f uygulamalar\u0131<\/figcaption><\/figure> <\/div>   <h2 class=\"wp-block-heading\"><strong>Taizy: Profesyonel Fasulye Soyma ve Yarma Makinesi \u00dcreticisi ve Tedarik\u00e7isi<\/strong><\/h2>    <p class=\"translation-block\">Kapsaml\u0131 bir tar\u0131m makineleri \u00fcreticisi ve tedarik\u00e7isi olarak, silaj balyalama makinesi, <a href=\"https:\/\/taizyagromachine.com\/tr\/product\/maize-grits-milling-machine\/\">m\u0131s\u0131r irmi\u011fi makinesi<\/a>, pirin\u00e7 bu\u011fday harman makinesi gibi bir\u00e7ok tar\u0131m makinemiz bulunmaktad\u0131r. A\u015fa\u011f\u0131daki avantajlar sizin i\u00e7in kesinlikle cazip olacakt\u0131r:<\/p>    <ul class=\"wp-block-list\"> <li><strong>Rekabet\u00e7i makine fiyat\u0131<\/strong>: Hem \u00fcretici hem de tedarik\u00e7i olarak, fiyat di\u011fer tedarik\u00e7ilerin fiyatlar\u0131ndan daha rekabet\u00e7i iken makinenin kalitesini garanti edebiliriz.<\/li>    <li><strong>\u00d6zelle\u015ftirme<\/strong>: Farkl\u0131 ihtiya\u00e7lar\u0131n\u0131z i\u00e7in, makineyi \u00f6zel ihtiya\u00e7lar\u0131n\u0131za g\u00f6re \u00f6zelle\u015ftirmek i\u00e7in ki\u015fiselle\u015ftirilmi\u015f \u00f6zelle\u015ftirme hizmetleri sunuyoruz. <\/li>    <li><strong>Sat\u0131\u015f sonras\u0131 servis<\/strong>: G\u00fc\u00e7l\u00fc bir sat\u0131\u015f sonras\u0131 servis ekibi, kurulum ve devreye alma, i\u015fletme e\u011fitimi, bak\u0131m vb. gibi tek elden hizmet sunmak i\u00e7in g\u00fcn\u00fcn her saati haz\u0131rd\u0131r.<\/li> <\/ul>    <h2 class=\"wp-block-heading\"><strong>Fasulye \u0130\u015fleme \u0130\u015finize \u015eimdi Ba\u015flay\u0131n!<\/strong><\/h2>    <p class=\"translation-block\">\u015eimdi <a href=\"https:\/\/en.wikipedia.org\/wiki\/Bean\" target=\"_blank\" rel=\"noopener\">fasulye<\/a> soyma i\u015finize ba\u015flamak istiyorsan\u0131z, hemen bizimle ileti\u015fime ge\u00e7in! <\/p>    <p>Gerekli ekipman t\u00fcr\u00fc, kapasite gereksinimleri, beklenen konfig\u00fcrasyon ve di\u011fer \u00f6zel ihtiya\u00e7lar gibi \u00f6zel ihtiya\u00e7lar\u0131n\u0131z\u0131 ve di\u011fer bilgileri bildirin. Sat\u0131\u015f ekibimiz sorunuza h\u0131zl\u0131 bir \u015fekilde yan\u0131t verecek ve size do\u011fru ve ayr\u0131nt\u0131l\u0131 bir fiyat teklifi sunacak ve bir kazan-kazan durumu yaratmak i\u00e7in sizinle birlikte \u00e7al\u0131\u015fmay\u0131 sab\u0131rs\u0131zl\u0131kla bekleyecektir.<\/p>","protected":false},"excerpt":{"rendered":"<p>Fasulye soyma makinesi, soya fasulyesi, mercimek, kara g\u00f6zl\u00fc bezelye, fasulye, geni\u015f fasulye, vb. Gibi \u00e7e\u015fitli fasulye soyma ve b\u00f6lme i\u015flevlerine sahiptir. Parametreler dahil \u00fc\u00e7 t\u00fcr soya fasulyesi soyma makinesi hakk\u0131nda bilgi sunuyoruz ve \u015firketimizin yard\u0131mc\u0131 olmas\u0131 i\u00e7in avantajlar sunuyoruz. Soya fasulyesi soyma i\u015finize ba\u015flasan\u0131z iyi olur.<\/p>","protected":false},"author":1,"featured_media":3043,"parent":0,"template":"","tags":[185,181,177,178,184,182,179,180],"product-type":[22],"class_list":["post-3038","product","type-product","status-publish","has-post-thumbnail","hentry","tag-bean-peeler","tag-bean-peeling-equipment","tag-bean-peeling-machine","tag-beans","tag-broad-bean-peeling-machine","tag-lentil-peeling-machine","tag-soybean-peeling-machine","tag-soybean-skin-removing-machine","product-type-others"],"_links":{"self":[{"href":"https:\/\/taizyagromachine.com\/tr\/wp-json\/wp\/v2\/product\/3038","targetHints":{"allow":["GET"]}}],"collection":[{"href":"https:\/\/taizyagromachine.com\/tr\/wp-json\/wp\/v2\/product"}],"about":[{"href":"https:\/\/taizyagromachine.com\/tr\/wp-json\/wp\/v2\/types\/product"}],"author":[{"embeddable":true,"href":"https:\/\/taizyagromachine.com\/tr\/wp-json\/wp\/v2\/users\/1"}],"wp:featuredmedia":[{"embeddable":true,"href":"https:\/\/taizyagromachine.com\/tr\/wp-json\/wp\/v2\/media\/3043"}],"wp:attachment":[{"href":"https:\/\/taizyagromachine.com\/tr\/wp-json\/wp\/v2\/media?parent=3038"}],"wp:term":[{"taxonomy":"post_tag","embeddable":true,"href":"https:\/\/taizyagromachine.com\/tr\/wp-json\/wp\/v2\/tags?post=3038"},{"taxonomy":"product-type","embeddable":true,"href":"https:\/\/taizyagromachine.com\/tr\/wp-json\/wp\/v2\/product-type?post=3038"}],"curies":[{"name":"wp","href":"https:\/\/api.w.org\/{rel}","templated":true}]}}