{"id":3216,"date":"2022-06-24T07:39:12","date_gmt":"2022-06-24T07:39:12","guid":{"rendered":"https:\/\/taizyagromachine.com\/?post_type=product&#038;p=3216"},"modified":"2025-01-02T13:51:50","modified_gmt":"2025-01-02T05:51:50","slug":"disk-mill-machine","status":"publish","type":"product","link":"https:\/\/taizyagromachine.com\/tr\/product\/disk-mill-machine\/","title":{"rendered":"Diskli De\u011firmen Makinas\u0131 | M\u0131s\u0131r \u00d6\u011f\u00fct\u00fcc\u00fc | M\u0131s\u0131r Freze Makinesi"},"content":{"rendered":"<p class=\"translation-block\">Bu diskli \u00f6\u011f\u00fctme makinesi serisi, \u00e7e\u015fitli kuru malzemeleri \u00e7e\u015fitli kullan\u0131mlar amac\u0131yla toz haline getirmek ve \u00f6\u011f\u00fctmek i\u00e7in i\u015flev g\u00f6r\u00fcr. Bu <a href=\"https:\/\/cornmachines.com\/disk-mill-machine\/\" target=\"_blank\" rel=\"noreferrer noopener\">m\u0131s\u0131r \u00f6\u011f\u00fctme makinesi<\/a> dizel motor, elektrik motoru ve benzinli motor kullanabilir. K\u0131r\u0131c\u0131lar\u0131n i\u00e7i d\u00f6ner tablal\u0131 k\u0131rma haznesidir. Diskli \u00f6\u011f\u00fctme makinesi uzun ve k\u0131sa d\u00fcz di\u015flerle donat\u0131lm\u0131\u015ft\u0131r. \u00d6\u011f\u00fct\u00fclm\u00fc\u015f malzemelerin inceli\u011fi ni\u015fastaya ula\u015f\u0131r. <\/p>    <p>Ayr\u0131ca diskli de\u011firmen makinesinin iki giri\u015fi olabilir. Bu t\u00fcr m\u0131s\u0131r \u00f6\u011f\u00fctme makinesini kullan\u0131rken tercih etti\u011finiz makineyi se\u00e7ebilirsiniz. Ayr\u0131ca m\u0131s\u0131r \u00f6\u011f\u00fctme makinesine toz toplama cihaz\u0131 olan siklon da tak\u0131labilmektedir. Kullan\u0131c\u0131lar\u0131n sa\u011fl\u0131klar\u0131n\u0131 korumalar\u0131 a\u00e7\u0131s\u0131ndan faydal\u0131d\u0131r. Makinelerimiz kaliteli, istikrarl\u0131 performansa ve uygun maliyetlidir. Bu nedenle, g\u00fc\u00e7l\u00fc uygulanabilirli\u011fi nedeniyle yurt i\u00e7inde ve yurt d\u0131\u015f\u0131nda olduk\u00e7a pop\u00fclerdir.<\/p>    <h2 class=\"wp-block-heading\" id=\"h-why-use-the-disk-mill\"><strong>Neden Disk De\u011firmeni Kullanmal\u0131?<\/strong><\/h2>    <p>M\u0131s\u0131r d\u00fcnyada en yayg\u0131n olarak ekilen \u00fcr\u00fcnd\u00fcr. Yani m\u0131s\u0131r yeti\u015ftirilecek pek \u00e7ok alan var. M\u0131s\u0131r da \u00e7ok y\u00f6nl\u00fcd\u00fcr. Bu diskli de\u011firmen makinesi ile \u00e7e\u015fitli tah\u0131llar veya baharatlar \u00f6\u011f\u00fct\u00fclerek elde edilen toz bir sonraki ad\u0131ma haz\u0131r hale gelir. \u00d6rne\u011fin m\u0131s\u0131r s\u00f6z konusu oldu\u011funda, \u00f6\u011f\u00fct\u00fclm\u00fc\u015f m\u0131s\u0131r tozu hem bir sonraki besleme ad\u0131m\u0131 i\u00e7in \u00f6nceden se\u00e7ilmi\u015f bir malzeme olarak hem de insanlar\u0131n yemesi i\u00e7in temel g\u0131da olarak kullan\u0131labilir. M\u0131s\u0131r\u0131n kendisi \u00f6\u011f\u00fct\u00fclmeden \u00f6nce nispeten b\u00fcy\u00fck bir par\u00e7ac\u0131k oldu\u011fundan do\u011frudan kullan\u0131lamaz. M\u0131s\u0131r unu \u00f6\u011f\u00fct\u00fcld\u00fckten sonra \u00e7e\u015fitli faaliyetlerde kullan\u0131labilir.<\/p>    <figure class=\"wp-block-gallery aligncenter has-nested-images columns-default is-cropped wp-block-gallery-2 is-layout-flex wp-block-gallery-is-layout-flex\"> <figure class=\"wp-block-image size-large\"><img loading=\"lazy\" decoding=\"async\" width=\"720\" height=\"540\" data-id=\"3256\" src=\"https:\/\/taizyagromachine.com\/wp-content\/uploads\/2022\/06\/corn-grinder-machine-with-double-inlets.jpg\" alt=\"\u00e7ift \u200b\u200bgiri\u015fli m\u0131s\u0131r \u00f6\u011f\u00fctme makinesi\" class=\"wp-image-3256\"\/><figcaption class=\"wp-element-caption\">\u00e7ift \u200b\u200bgiri\u015fli m\u0131s\u0131r \u00f6\u011f\u00fct\u00fcc\u00fc makinesi<\/figcaption><\/figure>    <figure class=\"wp-block-image size-large\"><img loading=\"lazy\" decoding=\"async\" width=\"720\" height=\"540\" data-id=\"3255\" src=\"https:\/\/taizyagromachine.com\/wp-content\/uploads\/2022\/06\/corn-milling-machine.jpg\" alt=\"m\u0131s\u0131r-freze makinesi\" class=\"wp-image-3255\"\/><figcaption class=\"wp-element-caption\">m\u0131s\u0131r freze makinesi<\/figcaption><\/figure> <\/figure>    <h2 class=\"wp-block-heading\"><strong>Bu Disk De\u011firmen Makinesiyle Kim \u0130lgileniyor\uff1f<\/strong><\/h2>    <p>Bu diskli de\u011firmen makinesi esas olarak orta \u00f6l\u00e7ekli kimya tesislerine, ila\u00e7 tesislerine, monosodyum glutamat tesislerine, yem tesislerine, al\u00e7\u0131 tozu tesislerine, kalsiyum metal tesislerine, ka\u011f\u0131t fabrikalar\u0131na, soya fasulyesi tesislerine, bal\u0131k k\u0131l\u00e7\u0131\u011f\u0131 tozu tesislerine ve di\u011fer end\u00fcstrilere uyarlanm\u0131\u015ft\u0131r. <\/p>    <p>Bu \u00fcr\u00fcn\u00fcn y\u00fcksek \u00e7\u0131kt\u0131, daha az elektrik, sorunsuz \u00e7al\u0131\u015fma, kolay y\u00fckleme ve bo\u015faltma gibi avantajlar\u0131 vard\u0131r. Bu \u00fcr\u00fcn ayn\u0131 zamanda operat\u00f6r\u00fcn i\u015f yo\u011funlu\u011funu b\u00fcy\u00fck \u00f6l\u00e7\u00fcde azaltan kendinden emi\u015fli bir cihaz, fan ve bo\u015falt\u0131c\u0131 ile donat\u0131labilir. . Ayr\u0131ca iki giri\u015fi de mevcuttur. <\/p>    <h2 class=\"wp-block-heading\"><strong>Hangi Malzemeler Frezelenebilir?<\/strong><\/h2>    <p>K\u0131r\u0131c\u0131 kuru ve \u00f6zel malzemeler i\u00e7in uygundur. M\u0131s\u0131r, soya fasulyesi, sorgum, kurutulmu\u015f yer f\u0131st\u0131\u011f\u0131, fasulye kekleri ve di\u011fer \u00e7e\u015fitli tah\u0131llar\u0131n \u00f6\u011f\u00fct\u00fclmesi uygundur. <\/p>    <p class=\"translation-block\">Bu t\u00fcr diskli \u00f6\u011f\u00fctme makinesi biber, baharat vb. i\u00e7in de kullan\u0131l\u0131r. Herhangi bir \u015f\u00fcpheniz varsa, daha fazla s\u0131n\u0131fland\u0131rma i\u00e7in <a href=\"https:\/\/taizyagromachine.com\/tr\/contact\/\" target=\"_blank\" rel=\"noreferrer noopener\">bizimle ileti\u015fime ge\u00e7in<\/a>!<\/p>    <h2 class=\"wp-block-heading\"><strong>M\u0131s\u0131r \u00d6\u011f\u00fct\u00fcc\u00fcn\u00fcn Bile\u015fimi<\/strong><\/h2>    <p>Asl\u0131nda diskli de\u011firmen makinesi olduk\u00e7a basit bir yap\u0131ya sahiptir. \u0130\u00e7 yap\u0131dan anla\u015f\u0131lmas\u0131 kolayd\u0131r. Giri\u015f, \u00e7\u0131k\u0131\u015f, \u00e7al\u0131\u015fma odas\u0131 ve destek g\u00fcc\u00fcne sahiptir. Yani \u00e7ok kolay. \u00d6rnek olarak siklonlu makine ele al\u0131nd\u0131\u011f\u0131nda yap\u0131 a\u015fa\u011f\u0131da g\u00f6sterilmi\u015ftir. \u00c7e\u015fit \u00e7e\u015fitlerinden diledi\u011finizi se\u00e7ebilirsiniz.<\/p>   <div class=\"wp-block-image\"> <figure class=\"aligncenter size-full\"><img loading=\"lazy\" decoding=\"async\" width=\"720\" height=\"540\" src=\"https:\/\/taizyagromachine.com\/wp-content\/uploads\/2022\/06\/disk-mill-machine-structure.jpg\" alt=\"diskli de\u011firmen makine yap\u0131s\u0131\" class=\"wp-image-3253\"\/><figcaption class=\"wp-element-caption\">diskli de\u011firmen makine yap\u0131s\u0131<\/figcaption><\/figure> <\/div>   <h2 class=\"wp-block-heading\"><strong>Diskli De\u011firmen Makinas\u0131n\u0131n \u00c7al\u0131\u015fma Prensibi<\/strong><\/h2>    <p>\u00c7ok fonksiyonlu bir pulverizat\u00f6rd\u00fcr. \u0130\u00e7 yap\u0131s\u0131 di\u015f, paletli ve elektir. Di\u015fli taray\u0131c\u0131, ham maddeyi toz haline getirebilir ve elek, tozun inceli\u011fini belirler. <\/p>    <p>Ekran 0,2 mm-8 mm'dir. Genel olarak konu\u015fursak, baz\u0131 malzemeleri 1 mm'ye kadar \u00f6\u011f\u00fctmek istiyorsan\u0131z bu t\u00fcr diskli freze makinesi tavsiye edilir.<\/p>    <figure class=\"wp-block-gallery aligncenter has-nested-images columns-default is-cropped wp-block-gallery-3 is-layout-flex wp-block-gallery-is-layout-flex\"> <figure class=\"wp-block-image size-large\"><img loading=\"lazy\" decoding=\"async\" width=\"720\" height=\"540\" data-id=\"3254\" src=\"https:\/\/taizyagromachine.com\/wp-content\/uploads\/2022\/06\/internal-structure-tooth-claw.jpg\" alt=\"i\u00e7 yap\u0131-di\u015f pen\u00e7esi\" class=\"wp-image-3254\"\/><figcaption class=\"wp-element-caption\">i\u00e7 yap\u0131-di\u015f pen\u00e7esi<\/figcaption><\/figure>    <figure class=\"wp-block-image size-large\"><img loading=\"lazy\" decoding=\"async\" width=\"720\" height=\"540\" data-id=\"3252\" src=\"https:\/\/taizyagromachine.com\/wp-content\/uploads\/2022\/06\/disk-mill-machine-screens.jpg\" alt=\"diskli de\u011firmen makinesi elekleri\" class=\"wp-image-3252\"\/><figcaption class=\"wp-element-caption\">diskli de\u011firmen makinesi elekleri<\/figcaption><\/figure> <\/figure>    <h2 class=\"wp-block-heading\"><strong>M\u0131s\u0131r \u00d6\u011f\u00fctme Makinas\u0131n\u0131n Spot I\u015f\u0131klar\u0131<\/strong><\/h2>    <ol class=\"wp-block-list\"> <li>Kompakt yap\u0131, g\u00fczel g\u00f6r\u00fcn\u00fcm, k\u00fc\u00e7\u00fck boyut, hafif, g\u00fcvenilir kullan\u0131m, kolay bak\u0131m.<\/li>    <li>Geni\u015f uygulama yelpazesi, y\u00fcksek k\u0131rma verimi ve iyi enerji tasarrufu, m\u00fc\u015fterilerin ihtiya\u00e7lar\u0131n\u0131 iyi kar\u015f\u0131layabilir.<\/li>    <li>\u00c7e\u015fitli kimyasal malzemelerin ezilmesi, ka\u011f\u0131t hamuru, bitkisel ila\u00e7 i\u015fleme, al\u00e7\u0131 tozu, biber ve baharat i\u015fleme.<\/li>    <li>Toz toplay\u0131c\u0131y\u0131, toz emici cihaz\u0131, toz kirlili\u011fini, d\u00fc\u015f\u00fck g\u00fcr\u00fclt\u00fcy\u00fc tak\u0131n.<\/li>    <li>\u00c7e\u015fitli t\u00fcrler, aralar\u0131ndan se\u00e7im yapabilece\u011finiz daha fazla t\u00fcr var, her zaman size uygun bir tane vard\u0131r.<\/li>    <li>Makine yap\u0131s\u0131 rasyonel, dayan\u0131kl\u0131, g\u00fcvenli ve g\u00fcvenilir, kurulumu kolay, rahat kullan\u0131m, k\u00fc\u00e7\u00fck titre\u015fim \u00f6nleme etkisidir.<\/li> <\/ol>    <h2 class=\"wp-block-heading\"><strong>M\u0131s\u0131r Freze Makinesi Parametreleri<\/strong><\/h2>    <p>A\u015fa\u011f\u0131daki bilgilerden de\u011fi\u015fken diskli de\u011firmen makinelerinin oldu\u011funu anlamak kolayd\u0131r. Farkl\u0131 t\u00fcrlerin farkl\u0131 konfig\u00fcrasyonlar\u0131 ve kapasiteleri vard\u0131r, ayr\u0131ca fiyatlar\u0131 da farkl\u0131d\u0131r. Bu t\u00fcr bir ta\u015flama makinesi sat\u0131n almak istedi\u011finizde gereksinimlerinizi, makine konfig\u00fcrasyonunu, makine kapasitesini vb. anlatabilirsiniz. Ard\u0131ndan sat\u0131\u015f y\u00f6neticimiz i\u015finizi kolayla\u015ft\u0131rmak i\u00e7in en iyi \u00e7\u00f6z\u00fcm\u00fc sa\u011flayacakt\u0131r. <\/p>   <div class=\"wp-block-image\"> <figure class=\"aligncenter size-large\"><img loading=\"lazy\" decoding=\"async\" width=\"720\" height=\"540\" src=\"https:\/\/taizyagromachine.com\/wp-content\/uploads\/2022\/06\/disk-mill-parameters-1.jpg\" alt=\"\" class=\"wp-image-3228\"\/><\/figure> <\/div>  <div class=\"wp-block-image\"> <figure class=\"aligncenter size-full\"><img loading=\"lazy\" decoding=\"async\" width=\"720\" height=\"540\" src=\"https:\/\/taizyagromachine.com\/wp-content\/uploads\/2022\/06\/disk-mill-parameters-2.jpg\" alt=\"\" class=\"wp-image-3225\"\/><\/figure> <\/div>  <div class=\"wp-block-image\"> <figure class=\"aligncenter size-full\"><img loading=\"lazy\" decoding=\"async\" width=\"720\" height=\"540\" src=\"https:\/\/taizyagromachine.com\/wp-content\/uploads\/2022\/06\/disk-mill-parameters-3.jpg\" alt=\"\" class=\"wp-image-3226\"\/><\/figure> <\/div>  <div class=\"wp-block-image\"> <figure class=\"aligncenter size-large\"><img loading=\"lazy\" decoding=\"async\" width=\"720\" height=\"540\" src=\"https:\/\/taizyagromachine.com\/wp-content\/uploads\/2022\/06\/disk-mill-parameters-4.jpg\" alt=\"\" class=\"wp-image-3224\"\/><\/figure> <\/div>  <div class=\"wp-block-image\"> <figure class=\"aligncenter size-large\"><img loading=\"lazy\" decoding=\"async\" width=\"720\" height=\"540\" src=\"https:\/\/taizyagromachine.com\/wp-content\/uploads\/2022\/06\/disk-mill-parameters-5.jpg\" alt=\"\" class=\"wp-image-3223\"\/><\/figure> <\/div>  <div class=\"wp-block-image\"> <figure class=\"aligncenter size-full\"><img loading=\"lazy\" decoding=\"async\" width=\"720\" height=\"200\" src=\"https:\/\/taizyagromachine.com\/wp-content\/uploads\/2022\/06\/disk-mill-parameters-6.jpg\" alt=\"disk-de\u011firmen-parametreleri-6\" class=\"wp-image-3227\"\/><figcaption class=\"wp-element-caption\">m\u0131s\u0131r \u00f6\u011f\u00fct\u00fcc\u00fc parametreleri<\/figcaption><\/figure> <\/div>   <h2 class=\"wp-block-heading\" id=\"h-how-does-the-disk-mill-machine-grind-corns\"><strong>Diskli De\u011firmen Makinesi M\u0131s\u0131rlar\u0131 Nas\u0131l \u00d6\u011f\u00fct\u00fcyor?<\/strong><\/h2>    <figure class=\"wp-block-embed aligncenter is-type-video is-provider-youtube wp-block-embed-youtube wp-embed-aspect-16-9 wp-has-aspect-ratio\"><div class=\"wp-block-embed__wrapper\"> <iframe loading=\"lazy\" title=\"Ticari M\u0131s\u0131r De\u011firmeni Makinesi | Diskli De\u011firmen Makinas\u0131 | M\u0131s\u0131r K\u0131rma Makinas\u0131 | M\u0131s\u0131r \u00d6\u011f\u00fct\u00fcc\u00fc #\u00f6\u011f\u00fctme\" width=\"500\" height=\"281\" src=\"https:\/\/www.youtube.com\/embed\/GRTjkVrY2m8?feature=oembed\" frameborder=\"0\" allow=\"accelerometer; autoplay; clipboard-write; encrypted-media; gyroscope; picture-in-picture; web-share\" referrerpolicy=\"strict-origin-when-cross-origin\" allowfullscreen><\/iframe> <\/div><\/figure>    <h2 class=\"wp-block-heading\"><strong>SSS<\/strong><\/h2>    <div class=\"schema-faq wp-block-yoast-faq-block\"><div class=\"schema-faq-section\" id=\"faq-question-1656063952280\"><strong class=\"schema-faq-question\">S: Bu diskli de\u011firmen makinesinin kapasitesi nas\u0131l?<\/strong> <p class=\"schema-faq-answer\">A: Kapasite 50-2000kg\/saat aras\u0131nda de\u011fi\u015fmektedir. E\u011fer ilgileniyorsan\u0131z, daha fazla ayr\u0131nt\u0131 i\u00e7in l\u00fctfen bizimle ileti\u015fime ge\u00e7in.<\/p> <\/div> <div class=\"schema-faq-section\" id=\"faq-question-1656063971666\"><strong class=\"schema-faq-question\">S: Ne t\u00fcr malzemeler frezelenebilir?<\/strong> <p class=\"schema-faq-answer\">C: Tah\u0131l, m\u0131s\u0131r, biber, baharat vb. T\u00fcm kuru ve \u00f6zel malzemeler uygulanabilir.<\/p> <\/div> <div class=\"schema-faq-section\" id=\"faq-question-1656063982772\"><strong class=\"schema-faq-question\">S: Ne kadar incelik alabilirim?<\/strong> <p class=\"schema-faq-answer\">C: Genellikle 0,2 mm-8 mm aras\u0131 ekran\u0131m\u0131z var. Tabii 1cm gibi ba\u015fkalar\u0131n\u0131 isterseniz sizi de tatmin edebiliriz. Bu sana ba\u011fl\u0131.<\/p> <\/div> <\/div>","protected":false},"excerpt":{"rendered":"<p>This series of disk mill machines function to grind and mill various dry materials into powder for the purpose of various usages. This corn grinder can use a diesel engine, electric motor, and gasoline engine. The inside of the crusher is a rotary table-type crushing bin. The disk mill machine is equipped with long and [&hellip;]<\/p>\n","protected":false},"author":1,"featured_media":3250,"parent":0,"template":"","tags":[134,130,132,133,131,187,129,186],"product-type":[17],"class_list":["post-3216","product","type-product","status-publish","has-post-thumbnail","hentry","tag-corn-crusher","tag-corn-grinder","tag-corn-grinder-machine","tag-corn-grinding-machine","tag-corn-milling-machine","tag-disk-mill","tag-disk-mill-machine","tag-grinding-machine","product-type-corn-machine"],"_links":{"self":[{"href":"https:\/\/taizyagromachine.com\/tr\/wp-json\/wp\/v2\/product\/3216","targetHints":{"allow":["GET"]}}],"collection":[{"href":"https:\/\/taizyagromachine.com\/tr\/wp-json\/wp\/v2\/product"}],"about":[{"href":"https:\/\/taizyagromachine.com\/tr\/wp-json\/wp\/v2\/types\/product"}],"author":[{"embeddable":true,"href":"https:\/\/taizyagromachine.com\/tr\/wp-json\/wp\/v2\/users\/1"}],"wp:featuredmedia":[{"embeddable":true,"href":"https:\/\/taizyagromachine.com\/tr\/wp-json\/wp\/v2\/media\/3250"}],"wp:attachment":[{"href":"https:\/\/taizyagromachine.com\/tr\/wp-json\/wp\/v2\/media?parent=3216"}],"wp:term":[{"taxonomy":"post_tag","embeddable":true,"href":"https:\/\/taizyagromachine.com\/tr\/wp-json\/wp\/v2\/tags?post=3216"},{"taxonomy":"product-type","embeddable":true,"href":"https:\/\/taizyagromachine.com\/tr\/wp-json\/wp\/v2\/product-type?post=3216"}],"curies":[{"name":"wp","href":"https:\/\/api.w.org\/{rel}","templated":true}]}}