{"id":3340,"date":"2022-09-13T03:47:17","date_gmt":"2022-09-13T03:47:17","guid":{"rendered":"https:\/\/taizyagromachine.com\/?post_type=product&#038;p=3340"},"modified":"2025-04-10T17:46:16","modified_gmt":"2025-04-10T09:46:16","slug":"9fq-hammer-mill-grinder","status":"publish","type":"product","link":"https:\/\/taizyagromachine.com\/tr\/product\/9fq-hammer-mill-grinder\/","title":{"rendered":"M\u0131s\u0131r, M\u0131s\u0131r, Tah\u0131l, Yem K\u0131rma i\u00e7in 9FQ \u00c7eki\u00e7li De\u011firmen \u00d6\u011f\u00fct\u00fcc\u00fc"},"content":{"rendered":"<p class=\"translation-block\">Bu <strong>\u00e7eki\u00e7li de\u011firmen \u00f6\u011f\u00fct\u00fcc\u00fc<\/strong>, m\u0131s\u0131r, soya fasulyesi, yer f\u0131st\u0131\u011f\u0131 filizleri, kuru saman gibi kuru malzemeler i\u00e7in \u00e7ok i\u015flevli bir k\u0131r\u0131c\u0131d\u0131r. Makinenin \u00e7\u0131k\u0131\u015f\u0131 saatte 100 kg'dan saatte 3 tona kadar de\u011fi\u015fmektedir, geni\u015f bir kapasite ve uyum aral\u0131\u011f\u0131 ile. <\/p>    <p>Ayr\u0131ca bu 9FQ \u00e7eki\u00e7li de\u011firmen pulverizat\u00f6r\u00fc hem elektrik motorunu hem de dizel motor g\u00fcc\u00fcn\u00fc kullanabilir. Bu makineyle ilgileniyorsan\u0131z, bizimle ileti\u015fime ge\u00e7mekten memnuniyet duyar\u0131z!<\/p>    <figure class=\"wp-block-embed is-type-video is-provider-youtube wp-block-embed-youtube wp-embed-aspect-16-9 wp-has-aspect-ratio\"><div class=\"wp-block-embed__wrapper\"> <iframe loading=\"lazy\" title=\"9FQ \u00c7eki\u00e7li De\u011firmen Makinesi | M\u0131s\u0131r Ta\u015flama\/Freze Makinesi | M\u0131s\u0131r Tah\u0131l K\u0131rma Makinesi #grinder\" width=\"500\" height=\"281\" src=\"https:\/\/www.youtube.com\/embed\/dN4giu5-BQk?feature=oembed\" frameborder=\"0\" allow=\"accelerometer; autoplay; clipboard-write; encrypted-media; gyroscope; picture-in-picture; web-share\" referrerpolicy=\"strict-origin-when-cross-origin\" allowfullscreen><\/iframe> <\/div><figcaption class=\"wp-element-caption\">\u00e7eki\u00e7li de\u011firmen \u00e7al\u0131\u015fma videosu<\/figcaption><\/figure>    <h2 class=\"wp-block-heading\" id=\"h-hot-sale-9fq-hammer-mill-grinder\"><strong>S\u0131cak Sat\u0131\u015f 9FQ \u00c7eki\u00e7li De\u011firmen \u00d6\u011f\u00fct\u00fcc\u00fc<\/strong><\/h2>    <p>Sat\u0131l\u0131k Taizy \u00e7eki\u00e7li de\u011firmen \u00e7e\u015fitli tipler i\u00e7erir ve \u00e7\u0131kt\u0131 boyutuna g\u00f6re de\u011fi\u015fir. Detayl\u0131 modeller referans\u0131n\u0131z i\u00e7in a\u015fa\u011f\u0131da listelenmi\u015ftir: <\/p>    <div class=\"wp-block-media-text alignwide is-stacked-on-mobile\"><figure class=\"wp-block-media-text__media\"><img loading=\"lazy\" decoding=\"async\" width=\"720\" height=\"540\" src=\"https:\/\/taizyagromachine.com\/wp-content\/uploads\/2022\/09\/hammer-mill-for-sale-9FQ-320.webp\" alt=\"sat\u0131l\u0131k \u00e7eki\u00e7li de\u011firmen-9FQ-320\" class=\"wp-image-3347 size-full\"\/><\/figure><div class=\"wp-block-media-text__content\"> <p class=\"translation-block\"><strong>Sat\u0131l\u0131k \u00e7eki\u00e7li de\u011firmen-9FQ-320<\/strong><\/p>    <p>Bu tip m\u0131s\u0131r \u00f6\u011f\u00fct\u00fcc\u00fcn\u00fcn kapasitesi saatte 100 kg olup, elektrik motoru ve dizel motoru mevcuttur. <\/p>    <p>Bu modeli istiyorsan\u0131z toplu sipari\u015f vermeniz gerekiyor \u00e7\u00fcnk\u00fc bunu sadece seri olarak \u00fcretiyoruz.<\/p> <\/div><\/div>    <div class=\"wp-block-media-text alignwide has-media-on-the-right is-stacked-on-mobile\"><div class=\"wp-block-media-text__content\"> <p class=\"translation-block\"><strong>\u00c7eki\u00e7li de\u011firmen makinesi-9FQ-360<\/strong><\/p>    <p>9FQ-360 m\u0131s\u0131r unu \u00f6\u011f\u00fctme makinesi uluslararas\u0131 pazarda \u00e7ok pop\u00fclerdir; m\u0131s\u0131r, saman ve di\u011ferlerini ince toz haline getirerek yemek veya hayvan yemi olarak ezebilir. Saatte 150kg kapasiteye sahiptir.<\/p> <\/div><figure class=\"wp-block-media-text__media\"><img loading=\"lazy\" decoding=\"async\" width=\"750\" height=\"750\" src=\"https:\/\/taizyagromachine.com\/wp-content\/uploads\/2022\/09\/hammer-mill-machine.webp\" alt=\"\u00e7eki\u00e7li de\u011firmen makinesi\" class=\"wp-image-3349 size-full\"\/><\/figure><\/div>    <div class=\"wp-block-media-text alignwide is-stacked-on-mobile\"><figure class=\"wp-block-media-text__media\"><img loading=\"lazy\" decoding=\"async\" width=\"720\" height=\"540\" src=\"https:\/\/taizyagromachine.com\/wp-content\/uploads\/2022\/09\/commercial-hammer-mill-crusher.webp\" alt=\"ticari \u00e7eki\u00e7li de\u011firmen k\u0131r\u0131c\u0131\" class=\"wp-image-3352 size-full\"\/><\/figure><div class=\"wp-block-media-text__content\"> <p class=\"translation-block\"><strong>Ticari \u00e7eki\u00e7li de\u011firmen k\u0131r\u0131c\u0131-9FQ-420<\/strong><\/p>    <p>\u00c7eki\u00e7li de\u011firmen \u00f6\u011f\u00fct\u00fcc\u00fcn\u00fcn 1800 mm y\u00fcksekli\u011finde siklonu vard\u0131r, elbette dizel motor da uygulanabilir. Saatte 400 kg m\u0131s\u0131r k\u0131rma, 200 kg\/saat toz haline getirme kapasitesine sahiptir.<\/p> <\/div><\/div>    <div class=\"wp-block-media-text alignwide has-media-on-the-right is-stacked-on-mobile\"><div class=\"wp-block-media-text__content\"> <p class=\"translation-block\"><strong>\u00c7eki\u00e7li de\u011firmen k\u0131r\u0131c\u0131-9FQ-500<\/strong><\/p>    <p>Genel olarak konu\u015fursak, bu tip \u00e7eki\u00e7li tah\u0131l de\u011firmeni her zaman dizel motoru kullan\u0131r \u00e7\u00fcnk\u00fc \u00e7\u0131k\u0131\u015f\u0131 500 kg\/saattir. Ayr\u0131ca \u00e7er\u00e7eve ve lastikleri de kullan\u0131r. Bu nedenle Afrika b\u00f6lgesinde olduk\u00e7a pop\u00fclerdir.<\/p> <\/div><figure class=\"wp-block-media-text__media\"><img loading=\"lazy\" decoding=\"async\" width=\"720\" height=\"540\" src=\"https:\/\/taizyagromachine.com\/wp-content\/uploads\/2022\/09\/Hammer-mill-crusher.webp\" alt=\"\u00c7eki\u00e7li de\u011firmen k\u0131r\u0131c\u0131\" class=\"wp-image-3354 size-full\"\/><\/figure><\/div>    <div class=\"wp-block-media-text alignwide is-stacked-on-mobile\"><figure class=\"wp-block-media-text__media\"><img loading=\"lazy\" decoding=\"async\" width=\"720\" height=\"540\" src=\"https:\/\/taizyagromachine.com\/wp-content\/uploads\/2022\/09\/hammer-mill-feed-grinder.webp\" alt=\"\u00e7eki\u00e7li de\u011firmen yem de\u011firmeni\" class=\"wp-image-3356 size-full\"\/><\/figure><div class=\"wp-block-media-text__content\"> <p class=\"translation-block\"><strong>\u00c7eki\u00e7li de\u011firmen yem \u00f6\u011f\u00fct\u00fcc\u00fc-9FQ-600<\/strong><\/p>    <p>Bu t\u00fcr end\u00fcstriyel \u00e7eki\u00e7li de\u011firmen \u00f6\u011f\u00fct\u00fcc\u00fcy\u00fc se\u00e7erken dizel motor veya elektrik motoru se\u00e7ebilirsiniz. \u00dcstelik \u015fasi ve lastikler de opsiyoneldir. \u00c7\u0131k\u0131\u015f\u0131 1000 kg\/saattir.<\/p> <\/div><\/div>    <div class=\"wp-block-media-text alignwide has-media-on-the-right is-stacked-on-mobile\"><div class=\"wp-block-media-text__content\"> <p class=\"translation-block\"><strong><a href=\"https:\/\/taizyagromachine.com\/tr\/product\/disk-mill-machine\/?swcfpc=1\" target=\"_blank\" rel=\"noreferrer noopener\">M\u0131s\u0131r \u00f6\u011f\u00fct\u00fcc\u00fc<\/a>-9FQ-750<\/strong><\/p>    <p>Resimden bu ticari m\u0131s\u0131r \u00f6\u011f\u00fctme makinesinin dizel motor seti kullanabildi\u011fini g\u00f6rebiliyoruz. 1500kg\/saat kapasiteye sahiptir.<\/p> <\/div><figure class=\"wp-block-media-text__media\"><img loading=\"lazy\" decoding=\"async\" width=\"720\" height=\"540\" src=\"https:\/\/taizyagromachine.com\/wp-content\/uploads\/2022\/09\/corn-grinder.webp\" alt=\"m\u0131s\u0131r de\u011firmeni\" class=\"wp-image-3358 size-full\"\/><\/figure><\/div>    <div class=\"wp-block-media-text alignwide is-stacked-on-mobile\"><figure class=\"wp-block-media-text__media\"><img loading=\"lazy\" decoding=\"async\" width=\"720\" height=\"540\" src=\"https:\/\/taizyagromachine.com\/wp-content\/uploads\/2023\/12\/image.webp\" alt=\"\u00e7eki\u00e7li de\u011firmen pulverizat\u00f6r\u00fc\" class=\"wp-image-6305 size-full\"\/><\/figure><div class=\"wp-block-media-text__content\"> <p class=\"translation-block\"><strong>\u00c7eki\u00e7li de\u011firmen pulverizat\u00f6r-9FQ-1000<\/strong><\/p>    <p>9FQ-1000 \u00e7eki\u00e7li m\u0131s\u0131r de\u011firmeni saatte 3000 kg'l\u0131k b\u00fcy\u00fck bir \u00fcretime sahiptir. Seri \u00fcretiminizi kar\u015f\u0131layabilir.<\/p> <\/div><\/div>    <h2 class=\"wp-block-heading\"><strong>\u00c7ok Fonksiyonlu \u00c7eki\u00e7li De\u011firmen K\u0131r\u0131c\u0131n\u0131n Teknik Parametreleri<\/strong><\/h2>    <figure class=\"wp-block-table\"><table><tbody><tr><td>Modeli<\/td><td>G\u00fc\u00e7 (kW)<\/td><td>G\u00fc\u00e7(HP)<\/td><td>A\u011f\u0131rl\u0131k(kg)<\/td><td>Kapasite(kg\/saat)<\/td><td>\u00c7eki\u00e7<\/td><td>Elek \u00e7ap\u0131<\/td><td>Paket boyutu (mm)<\/td><td>&nbsp;Siklonlu ve motorlu montaj \u00f6l\u00e7\u00fcs\u00fc (mm)&nbsp;<\/td><\/tr><tr><\/tr><tr><td>9FQ-320<\/td><td>2.2<\/td><td>5<\/td><td>50<\/td><td>100<\/td><td>16 adet<\/td><td>0,5-5 mm<\/td><td>500*300*600<\/td><td>500*300*600<\/td><\/tr><tr><td>9FQ-360<\/td><td>5.5<\/td><td>8<\/td><td>120<\/td><td>150<\/td><td>24 adet<\/td><td>0,5-5 mm<\/td><td>1100*600*1200<\/td><td>1500*1000*1900<\/td><\/tr><tr><td>9FQ-420<\/td><td>11<\/td><td>15<\/td><td>200<\/td><td>300<\/td><td>24 adet<\/td><td>1,2-3 mm<\/td><td>1200*800*1900<\/td><td>1500*1000*1900<\/td><\/tr><tr><td>9FQ-500<\/td><td>11<\/td><td>20<\/td><td>300<\/td><td>500<\/td><td>24 adet<\/td><td>1,2-3 mm<\/td><td>1200*800*1300<\/td><td>1500*1000*1900<\/td><\/tr><tr><td>9FQ-600<\/td><td>18.5-22<\/td><td>30<\/td><td>500<\/td><td>1000<\/td><td>32 adet<\/td><td>1,2-3 mm<\/td><td>1500*900*1500<\/td><td>2000*1100*2300<\/td><\/tr><tr><td>9FQ-750<\/td><td>22-30<\/td><td>35<\/td><td>850<\/td><td>1500<\/td><td>32 adet<\/td><td>1,2-3 mm<\/td><td>1500*1000*1600<\/td><td>2000*1200*2300<\/td><\/tr><tr><td>9FQ-800<\/td><td>37<\/td><td>45<\/td><td>1000<\/td><td>2000<\/td><td>40 adet<\/td><td>1,2-5 mm<\/td><td>1500*1200*1600<\/td><td>2000*1300*2300<\/td><\/tr><tr><td>9FQ-1000<\/td><td>45-55<\/td><td>75<\/td><td>1200<\/td><td>3000<\/td><td>64 adet<\/td><td>1,2-5 mm<\/td><td>1500*1300*1800<\/td><td>2000*1400*2300<\/td><\/tr><\/tbody><\/table><figcaption class=\"wp-element-caption\">end\u00fcstriyel \u00e7eki\u00e7li de\u011firmen \u00f6\u011f\u00fct\u00fcc\u00fcn\u00fcn teknik verileri<\/figcaption><\/figure>    <h2 class=\"wp-block-heading\"><strong>\u00c7eki\u00e7li De\u011firmen \u00d6\u011f\u00fct\u00fcc\u00fcn\u00fcn Uygulamalar\u0131<\/strong><\/h2>    <p class=\"translation-block\">\u00c7ok fonksiyonlu \u00e7eki\u00e7li de\u011firmen sayesinde, bu makine <strong>bu\u011fday, fasulye, m\u0131s\u0131r, kuru ot, yer f\u0131st\u0131\u011f\u0131 kabuklar\u0131, kuru m\u0131s\u0131r saplar\u0131, yer f\u0131st\u0131\u011f\u0131 filizleri, ah\u015fap, baharat, saman,<\/strong> <strong>m\u0131s\u0131r ko\u00e7an\u0131, tavuk yemi,<\/strong> vb. k\u0131rabilir. K\u0131r\u0131labilen daha fazla malzeme hakk\u0131nda bilgi almak isterseniz, hemen bizimle ileti\u015fime ge\u00e7mekten \u00e7ekinmeyin! <\/p>   <div class=\"wp-block-image\"> <figure class=\"aligncenter size-full\"><img loading=\"lazy\" decoding=\"async\" width=\"720\" height=\"540\" src=\"https:\/\/taizyagromachine.com\/wp-content\/uploads\/2022\/09\/applications-of-the-hammer-mill-grinder.webp\" alt=\"\u00e7eki\u00e7li de\u011firmen \u00f6\u011f\u00fct\u00fcc\u00fcn\u00fcn uygulamalar\u0131\" class=\"wp-image-3360\"\/><figcaption class=\"wp-element-caption\">\u00e7eki\u00e7li de\u011firmen \u00f6\u011f\u00fct\u00fcc\u00fcn\u00fcn uygulamalar\u0131<\/figcaption><\/figure> <\/div>   <h2 class=\"wp-block-heading\"><strong>Elektrikli \u00c7eki\u00e7li De\u011firmen Yap\u0131 Tasar\u0131m\u0131<\/strong><\/h2>    <p>Yap\u0131s\u0131 \u00e7ok basittir. \u00c7eki\u00e7li de\u011firmen k\u0131r\u0131c\u0131s\u0131 giri\u015f, \u00e7\u0131k\u0131\u015f, elek siklonu ve motor\/dizel motordan olu\u015fur. G\u00fc\u00e7 kayna\u011f\u0131 olarak ne istedi\u011finizi se\u00e7ebilirsiniz. <\/p>   <div class=\"wp-block-image\"> <figure class=\"aligncenter size-full\"><img loading=\"lazy\" decoding=\"async\" width=\"720\" height=\"540\" src=\"https:\/\/taizyagromachine.com\/wp-content\/uploads\/2022\/09\/electric-hammer-mill-structure.webp\" alt=\"elektrikli \u00e7eki\u00e7li de\u011firmen yap\u0131s\u0131\" class=\"wp-image-3367\"\/><figcaption class=\"wp-element-caption\">elektrikli \u00e7eki\u00e7li de\u011firmen yap\u0131s\u0131<\/figcaption><\/figure> <\/div>   <h2 class=\"wp-block-heading\" id=\"h-advanatges-of-the-hammer-mill-feed-grinder\"><strong>\u00c7eki\u00e7li De\u011firmen Yem \u00d6\u011f\u00fct\u00fcc\u00fcn\u00fcn Avantajlar\u0131<\/strong><\/h2>    <ul class=\"wp-block-list\"> <li>Basit yap\u0131, kolay kullan\u0131m ve istikrarl\u0131 performans.<\/li>    <li>B\u00fcy\u00fck giri\u015f oldu\u011fundan geni\u015f uygulamalar.<\/li>    <li>Saatte 100 kg'dan saatte 3 tona kadar b\u00fcy\u00fck kapasite.<\/li>    <li>\u00c7eki\u00e7 yap\u0131n\u0131n ana par\u00e7as\u0131d\u0131r, farkl\u0131 kapasitelerde farkl\u0131 \u00e7eki\u00e7ler bulunur.<\/li>    <li>Ekran: 1mm-3mm, 4cm, 5cm. \u00c7ok say\u0131da \u00e7eki\u00e7li de\u011firmen istiyorsan\u0131z, ekran\u0131 ve \u00e7eki\u00e7li de\u011firmeni \u00f6\u011f\u00fct\u00fcc\u00fcy\u00fc sizin i\u00e7in \u00f6zelle\u015ftirebiliriz.<\/li> <\/ul>    <h2 class=\"wp-block-heading\" id=\"h-consumable-parts-of-the-hammer-mill-for-sale\"><strong>Sat\u0131l\u0131k \u00c7eki\u00e7li De\u011firmenin Sarf Par\u00e7alar\u0131<\/strong><\/h2>    <p>Taizy \u00e7eki\u00e7li \u00f6\u011f\u00fct\u00fcc\u00fc i\u00e7in \u00fc\u00e7 a\u015f\u0131nan par\u00e7a vard\u0131r: kay\u0131\u015flar, elekler ve \u00e7eki\u00e7 b\u0131\u00e7aklar\u0131.<\/p>    <p>Kay\u0131\u015f gev\u015fekse motoru hareket ettirip ard\u0131ndan s\u0131kabilirsiniz.<\/p>    <p>Elek ve \u00e7eki\u00e7 do\u011fal olarak bir y\u0131l i\u00e7inde a\u015f\u0131n\u0131r ve y\u0131pran\u0131r, bunlar\u0131 \u00fccretsiz olarak sa\u011flayabiliriz, ancak kargo masraflar\u0131n\u0131 siz (m\u00fc\u015fteri) \u00f6demelisiniz.<\/p>    <h2 class=\"wp-block-heading\"><strong>Ba\u015far\u0131l\u0131 Ticari Tah\u0131l \u00c7eki\u00e7li De\u011firmen \u00d6rne\u011fi<\/strong><\/h2>    <p class=\"translation-block\"><strong>Nijerya'ya ihra\u00e7 edilen 9FQ-500 dizel motorlu m\u0131s\u0131r \u00f6\u011f\u00fct\u00fcc\u00fc<\/strong><\/p>    <p>Nijeryal\u0131 m\u00fc\u015fteri, esas olarak yerel ihtiya\u00e7lara y\u00f6nelik bir h\u00fck\u00fcmet ihale projesi \u00fczerinde \u00e7al\u0131\u015f\u0131yordu. Projeyi ald\u0131\u011f\u0131m\u0131z andan itibaren makine gereksinimlerini okuduk ve dikkatle inceledik. <\/p>    <p>\u0130lgili makine bilgilerini sa\u011flamak i\u00e7in ihalenin gerekliliklerini s\u0131k\u0131 bir \u015fekilde takip ettik ve her bir \u00fcr\u00fcn gereksinimleri kar\u015f\u0131lad\u0131. Sonu\u00e7 olarak Nijeryal\u0131 m\u00fc\u015fteri makineyi bizden Taizy'den sat\u0131n ald\u0131.<\/p>   <div class=\"wp-block-image\"> <figure class=\"aligncenter size-full\"><img loading=\"lazy\" decoding=\"async\" width=\"720\" height=\"540\" src=\"https:\/\/taizyagromachine.com\/wp-content\/uploads\/2022\/09\/loading-diesel-engine-9FQ-500.webp\" alt=\"9FQ-500 dizel motor y\u00fckleniyor\" class=\"wp-image-3371\"\/><figcaption class=\"wp-element-caption\">9FQ-500 dizel motor y\u00fckleniyor<\/figcaption><\/figure> <\/div>   <p class=\"translation-block\"><strong>Tayland'a sat\u0131lan 3 tip \u00e7eki\u00e7li de\u011firmen<\/strong><\/p>    <p>Taize Machinery, farkl\u0131 boyut ve uygulamalara uygun 9FQ serisi \u00e7eki\u00e7li de\u011firmenlerin \u00fc\u00e7 modelini Tayland pazar\u0131na ba\u015far\u0131yla satt\u0131. T\u00fcm yem \u00e7eki\u00e7li de\u011firmenlerimiz, y\u00fcksek verimlilikleri, dayan\u0131kl\u0131l\u0131klar\u0131 ve stabiliteleri nedeniyle Taylandl\u0131 m\u00fc\u015fterilerimizden geni\u015f be\u011feni toplad\u0131.<\/p>    <figure class=\"wp-block-gallery aligncenter has-nested-images columns-default is-cropped wp-block-gallery-2 is-layout-flex wp-block-gallery-is-layout-flex\"> <figure class=\"wp-block-image size-large\"><img loading=\"lazy\" decoding=\"async\" width=\"720\" height=\"540\" data-id=\"6311\" src=\"https:\/\/taizyagromachine.com\/wp-content\/uploads\/2022\/09\/hammer-mill-crusher.webp\" alt=\"\u00e7eki\u00e7li de\u011firmen k\u0131r\u0131c\u0131\" class=\"wp-image-6311\"\/><figcaption class=\"wp-element-caption\">\u00e7eki\u00e7li de\u011firmen k\u0131r\u0131c\u0131<\/figcaption><\/figure>    <figure class=\"wp-block-image size-large\"><img loading=\"lazy\" decoding=\"async\" width=\"720\" height=\"540\" data-id=\"6310\" src=\"https:\/\/taizyagromachine.com\/wp-content\/uploads\/2022\/09\/hammer-mill-crusher-for-Thailand.webp\" alt=\"Tayland i\u00e7in \u00e7eki\u00e7li de\u011firmen k\u0131r\u0131c\u0131\" class=\"wp-image-6310\"\/><figcaption class=\"wp-element-caption\">Tayland i\u00e7in \u00e7eki\u00e7li de\u011firmen k\u0131r\u0131c\u0131<\/figcaption><\/figure> <\/figure>    <h2 class=\"wp-block-heading\" id=\"h-faq\"><strong>End\u00fcstriyel \u00c7eki\u00e7li De\u011firmen \u00d6\u011f\u00fct\u00fcc\u00fc Hakk\u0131nda SSS<\/strong><\/h2>   <div id=\"rank-math-faq\" class=\"rank-math-block\"> <div class=\"rank-math-list\"> <div id=\"faq-question-1667377290190\" class=\"rank-math-list-item\"> <h3 class=\"rank-math-question\"><strong>S1: 9FQ \u00e7eki\u00e7li \u00f6\u011f\u00fct\u00fcc\u00fc i\u00e7in hangi g\u00fc\u00e7 mevcut?<\/strong><\/h3> <div class=\"rank-math-answer\">  <p>A1: Benzinli motor, elektrikli motor ve dizel motor.<\/p>  <\/div> <\/div> <div id=\"faq-question-1667377295222\" class=\"rank-math-list-item\"> <h3 class=\"rank-math-question\"><strong>S2: Kapasite nedir?<\/strong><\/h3> <div class=\"rank-math-answer\">  <p>A2: Kapasitesi 100 kg\/saat'ten 3 ton\/saat'e kadar \u00e7ok b\u00fcy\u00fckt\u00fcr.<\/p>  <\/div> <\/div> <div id=\"faq-question-1667377303614\" class=\"rank-math-list-item\"> <h3 class=\"rank-math-question\"><strong>S3: Malzeme ne kadar ince ezilebilir?<\/strong><\/h3> <div class=\"rank-math-answer\">  <p>Cevap3: Se\u00e7ti\u011finiz ekrana ve ne kadar inceli\u011fe ihtiyac\u0131n\u0131z oldu\u011funa ba\u011fl\u0131d\u0131r. Ekran 1mm-3cm, 4cm ve 5cm'dir. \u00d6zel talepleriniz varsa detaylar i\u00e7in bizimle ileti\u015fime ge\u00e7ebilirsiniz!<\/p>  <\/div> <\/div> <\/div> <\/div>   <h2 class=\"wp-block-heading\"><strong>Tah\u0131l De\u011firmen Makinas\u0131 Fiyat\u0131 \u0130\u00e7in Bizimle \u0130leti\u015fime Ge\u00e7in!<\/strong><\/h2>    <p class=\"translation-block\"><a href=\"https:\/\/en.wikipedia.org\/wiki\/Grain\" target=\"_blank\" rel=\"noopener\">Tah\u0131l<\/a> \u00f6\u011f\u00fctme makineleri fiyat bilgisi i\u00e7in l\u00fctfen \u015fimdi bizimle ileti\u015fime ge\u00e7in! Her t\u00fcrl\u00fc y\u00fcksek kaliteli tah\u0131l i\u015fleme ekipman\u0131n\u0131 sa\u011fl\u0131yoruz ve profesyonel ekibimiz ihtiya\u00e7lar\u0131n\u0131za g\u00f6re size detayl\u0131 bir teklif verecek ve kapsaml\u0131 \u00fcr\u00fcn tan\u0131t\u0131m\u0131 ve sat\u0131n alma dan\u0131\u015fmanl\u0131k hizmetleri sa\u011flayacakt\u0131r.<\/p>    <figure class=\"wp-block-embed is-type-video is-provider-youtube wp-block-embed-youtube wp-embed-aspect-16-9 wp-has-aspect-ratio\"><div class=\"wp-block-embed__wrapper\"> <iframe loading=\"lazy\" title=\"9FQ M\u0131s\u0131r Freze Makinesi: Kolay m\u0131s\u0131r ucu yap\u0131m\u0131 i\u00e7in verimli m\u0131s\u0131r \u00f6\u011f\u00fctme | M\u0131s\u0131r \u00f6\u011f\u00fct\u00fcc\u00fc de\u011firmeni\" width=\"500\" height=\"281\" src=\"https:\/\/www.youtube.com\/embed\/g81m6gqrChs?feature=oembed\" frameborder=\"0\" allow=\"accelerometer; autoplay; clipboard-write; encrypted-media; gyroscope; picture-in-picture; web-share\" referrerpolicy=\"strict-origin-when-cross-origin\" allowfullscreen><\/iframe> <\/div><figcaption class=\"wp-element-caption\">M\u0131s\u0131r \u00f6\u011f\u00fctme de\u011firmeni videosu<\/figcaption><\/figure>","protected":false},"excerpt":{"rendered":"<p>\u00c7eki\u00e7li De\u011firmen \u00d6\u011f\u00fct\u00fcc\u00fc, m\u0131s\u0131r, soya fasulyesi, f\u0131st\u0131k fidesi, kuru saman vb. kuru malzemeleri saatte 100kg-3000kg kapasiteyle k\u0131rmaktad\u0131r. Bu yaz\u0131m\u0131zda a\u011f\u0131rl\u0131kl\u0131 olarak \u00e7eki\u00e7li de\u011firmen modellerini se\u00e7im yaparken referans olman\u0131z amac\u0131yla anlataca\u011f\u0131z.<\/p>","protected":false},"author":1,"featured_media":3362,"parent":0,"template":"","tags":[189,131,190],"product-type":[17],"class_list":["post-3340","product","type-product","status-publish","has-post-thumbnail","hentry","tag-corn-grits-making-machine","tag-corn-milling-machine","tag-maize-grits-milling-machine","product-type-corn-machine"],"_links":{"self":[{"href":"https:\/\/taizyagromachine.com\/tr\/wp-json\/wp\/v2\/product\/3340","targetHints":{"allow":["GET"]}}],"collection":[{"href":"https:\/\/taizyagromachine.com\/tr\/wp-json\/wp\/v2\/product"}],"about":[{"href":"https:\/\/taizyagromachine.com\/tr\/wp-json\/wp\/v2\/types\/product"}],"author":[{"embeddable":true,"href":"https:\/\/taizyagromachine.com\/tr\/wp-json\/wp\/v2\/users\/1"}],"wp:featuredmedia":[{"embeddable":true,"href":"https:\/\/taizyagromachine.com\/tr\/wp-json\/wp\/v2\/media\/3362"}],"wp:attachment":[{"href":"https:\/\/taizyagromachine.com\/tr\/wp-json\/wp\/v2\/media?parent=3340"}],"wp:term":[{"taxonomy":"post_tag","embeddable":true,"href":"https:\/\/taizyagromachine.com\/tr\/wp-json\/wp\/v2\/tags?post=3340"},{"taxonomy":"product-type","embeddable":true,"href":"https:\/\/taizyagromachine.com\/tr\/wp-json\/wp\/v2\/product-type?post=3340"}],"curies":[{"name":"wp","href":"https:\/\/api.w.org\/{rel}","templated":true}]}}