{"id":3385,"date":"2022-09-15T07:13:10","date_gmt":"2022-09-15T07:13:10","guid":{"rendered":"https:\/\/taizyagromachine.com\/?post_type=product&#038;p=3385"},"modified":"2023-12-28T17:40:18","modified_gmt":"2023-12-28T09:40:18","slug":"fresh-corn-sheller","status":"publish","type":"product","link":"https:\/\/taizyagromachine.com\/tr\/product\/fresh-corn-sheller\/","title":{"rendered":"Tatl\u0131 M\u0131s\u0131r Harman\u0131 i\u00e7in Taze M\u0131s\u0131r Soyucu"},"content":{"rendered":"<p class=\"translation-block\">Taizy <strong>m\u0131s\u0131r ay\u0131klama makinesi<\/strong>, yap\u0131\u015fkan m\u0131s\u0131r, taze m\u0131s\u0131r, tatl\u0131 m\u0131s\u0131r, dondurulmu\u015f m\u0131s\u0131r vb. ay\u0131klamak i\u00e7in kullan\u0131lan bir m\u0131s\u0131r i\u015fleme ekipman\u0131d\u0131r. Bu tatl\u0131 m\u0131s\u0131r ay\u0131klama makinesi y\u00fcksek verimlili\u011fe sahiptir ve kullan\u0131m\u0131 kolayd\u0131r. Bu nedenle, bu makine yurt i\u00e7inde ve yurt d\u0131\u015f\u0131nda \u00e7ok pop\u00fclerdir ve s\u0131k s\u0131k yabanc\u0131 \u00fclkelere ihra\u00e7 edilmektedir. <\/p>    <p>Taze m\u0131s\u0131r ay\u0131klama makinemiz s\u0131kl\u0131kla Fas, Tayland, Amerika Birle\u015fik Devletleri gibi \u00fclkelere ihra\u00e7 edilmektedir. Bu makineyle ilgileniyorsan\u0131z, bizimle ileti\u015fime ge\u00e7mekten memnuniyet duyar\u0131z!<\/p>    <figure class=\"wp-block-embed is-type-video is-provider-youtube wp-block-embed-youtube wp-embed-aspect-16-9 wp-has-aspect-ratio\"><div class=\"wp-block-embed__wrapper\"> <iframe loading=\"lazy\" title=\"2022 Tatl\u0131 M\u0131s\u0131r Harman Makinas\u0131 | Ticari ve Ev Kullan\u0131m\u0131na Y\u00f6nelik Taze M\u0131s\u0131r Soyma Makinesi #sweetcorn\" width=\"500\" height=\"281\" src=\"https:\/\/www.youtube.com\/embed\/22IhEMWITb8?start=5&#038;feature=oembed\" frameborder=\"0\" allow=\"accelerometer; autoplay; clipboard-write; encrypted-media; gyroscope; picture-in-picture; web-share\" referrerpolicy=\"strict-origin-when-cross-origin\" allowfullscreen><\/iframe> <\/div><figcaption class=\"wp-element-caption\">tatl\u0131 m\u0131s\u0131r mazie harman makinesi \u00e7al\u0131\u015fma videosu<\/figcaption><\/figure>    <h2 class=\"wp-block-heading\"><strong>Sat\u0131l\u0131k Taze M\u0131s\u0131r Soyma Makinesi \u00c7e\u015fitleri<\/strong><\/h2>    <p> Tatl\u0131 m\u0131s\u0131r harman makinesinde konvey\u00f6r band\u0131n\u0131n durumuna g\u00f6re SL-268 ve SL-368 olmak \u00fczere iki tipimiz bulunmaktad\u0131r.<\/p>    <figure class=\"wp-block-gallery aligncenter has-nested-images columns-default is-cropped wp-block-gallery-2 is-layout-flex wp-block-gallery-is-layout-flex\"> <figure class=\"wp-block-image size-large\"><img loading=\"lazy\" decoding=\"async\" width=\"540\" height=\"720\" data-id=\"3395\" src=\"https:\/\/taizyagromachine.com\/wp-content\/uploads\/2022\/09\/SL-268-sweet-corn-sheller.webp\" alt=\"SL-268-tatl\u0131 m\u0131s\u0131r soyucu\" class=\"wp-image-3395\"\/><figcaption class=\"wp-element-caption\">SL-268 tatl\u0131 m\u0131s\u0131r kabuk soyucu<\/figcaption><\/figure>    <figure class=\"wp-block-image size-large\"><img loading=\"lazy\" decoding=\"async\" width=\"540\" height=\"720\" data-id=\"3396\" src=\"https:\/\/taizyagromachine.com\/wp-content\/uploads\/2022\/09\/SL-368-fresh-corn-thresher.webp\" alt=\"SL-368-taze-m\u0131s\u0131r-harman makinesi\" class=\"wp-image-3396\"\/><figcaption class=\"wp-element-caption\">SL-368 taze m\u0131s\u0131r harman makinesi<\/figcaption><\/figure> <\/figure>    <ul class=\"wp-block-list\"> <li><strong>Konvey\u00f6r bants\u0131z taze m\u0131s\u0131r harman makinesi<\/strong>: Bu tip makineler genellikle, dahili d\u00f6ner tambur ve ba\u015fak di\u015f yap\u0131s\u0131 arac\u0131l\u0131\u011f\u0131yla harmanlanan m\u0131s\u0131r\u0131n manuel olarak beslenmesini gerektirir. \u00c7al\u0131\u015ft\u0131r\u0131lmas\u0131 nispeten basittir ve k\u00fc\u00e7\u00fck \u00f6l\u00e7ekli veya ev kullan\u0131m\u0131 i\u00e7in uygundur.<\/li>    <li><strong>Konvey\u00f6r bantl\u0131 tatl\u0131 taze m\u0131s\u0131r kabuk soyucu<\/strong>: Bu model, m\u0131s\u0131r\u0131 s\u00fcrekli ve verimli bir \u015fekilde harman alan\u0131na besleyebilen ve \u00e7al\u0131\u015fma verimlili\u011fini b\u00fcy\u00fck \u00f6l\u00e7\u00fcde art\u0131ran otomatik bir konvey\u00f6r sistemi ile donat\u0131lm\u0131\u015ft\u0131r. B\u00fcy\u00fck \u00f6l\u00e7ekli tar\u0131msal \u00fcretime veya ticari i\u015flemeye uygun oldu\u011fundan, manuel emek yo\u011funlu\u011funu azaltabilir ve verimlili\u011fi art\u0131rabilir.<\/li> <\/ul>    <figure class=\"wp-block-embed is-type-video is-provider-youtube wp-block-embed-youtube wp-embed-aspect-16-9 wp-has-aspect-ratio\"><div class=\"wp-block-embed__wrapper\"> <iframe loading=\"lazy\" title=\"Verimli Harmanlama! Tatl\u0131 Taze M\u0131s\u0131r Harman\u0131 | Taze M\u0131s\u0131r Bombard\u0131man Makinesi\" width=\"500\" height=\"281\" src=\"https:\/\/www.youtube.com\/embed\/DJhhB9xqRE0?feature=oembed\" frameborder=\"0\" allow=\"accelerometer; autoplay; clipboard-write; encrypted-media; gyroscope; picture-in-picture; web-share\" referrerpolicy=\"strict-origin-when-cross-origin\" allowfullscreen><\/iframe> <\/div><figcaption class=\"wp-element-caption\">Konvey\u00f6r bantl\u0131 taze m\u0131s\u0131r soyma makinesinin \u00e7al\u0131\u015fma videosu <\/figcaption><\/figure>    <p>T\u00fcr\u00fc ne olursa olsun, taze m\u0131s\u0131r harmanlay\u0131c\u0131, daha sonraki i\u015flemler ve depolama i\u00e7in m\u0131s\u0131r tanelerini ko\u00e7anlardan etkili bir \u015fekilde ay\u0131rabilir.<\/p>    <h2 class=\"wp-block-heading\" id=\"h-technical-parameters-of-the-fresh-sweet-corn-sheller\"><strong>Taze Tatl\u0131 M\u0131s\u0131r Soyucunun Teknik Parametreleri<\/strong><\/h2>    <figure class=\"wp-block-table\"><table><tbody><tr><td>Modeli<\/td><td>TZ-268<\/td><td>TZ-368<\/td><\/tr><tr><td>G\u00fc\u00e7<\/td><td>1.0kW<\/td><td>0,4kW + 0,75kW+0,25kW<\/td><\/tr><tr><td>Kapasite<\/td><td>400-500kg\/saat<\/td><td>400-500kg\/saat<\/td><\/tr><tr><td>A\u011f\u0131rl\u0131k<\/td><td>100kg<\/td><td>110kg<\/td><\/tr><tr><td>Boyut<\/td><td>700(U)\u00d7620(G)\u00d71250(Y)mm<\/td><td>1320(U)*620(G)*1250(Y)mm<\/td><\/tr><tr><td>Gerilim<\/td><td>220V,1 faz, 50hz<\/td><td>240V,1 faz, 60hz<\/td><\/tr><\/tbody><\/table><figcaption class=\"wp-element-caption\">taze tatl\u0131 m\u0131s\u0131r harman makinesinin teknik parametreleri<\/figcaption><\/figure>    <h2 class=\"wp-block-heading\"><strong>Taze M\u0131s\u0131r Bombard\u0131man Makinesi Uygulamalar\u0131<\/strong><\/h2>    <p class=\"translation-block\"><strong>M\u0131s\u0131r \u00e7e\u015fitleri<\/strong>: tatl\u0131 m\u0131s\u0131r ay\u0131klama makinesi tatl\u0131 m\u0131s\u0131r, taze m\u0131s\u0131r, meyve m\u0131s\u0131r\u0131, dondurulmu\u015f m\u0131s\u0131r vb. ay\u0131klayabilir.<\/p>    <p class=\"translation-block\"><strong>Uygulanabilir fabrika i\u015fletmeleri<\/strong>: merkezi mutfak, konserve m\u0131s\u0131r tohumu, m\u0131s\u0131r posas\u0131 suyu h\u0131zl\u0131 dondurma, m\u0131s\u0131r tohumu fabrikas\u0131, kuru g\u0131da i\u015fleme, tar\u0131msal yan \u00fcr\u00fcn i\u015fleme vb.<\/p>    <h2 class=\"wp-block-heading\"><strong>Taze M\u0131s\u0131r Harman\u0131n\u0131n \u00c7al\u0131\u015fma Ad\u0131mlar\u0131<\/strong><\/h2>    <div class=\"wp-block-media-text alignwide is-stacked-on-mobile\"><figure class=\"wp-block-media-text__media\"><img loading=\"lazy\" decoding=\"async\" width=\"720\" height=\"540\" src=\"https:\/\/taizyagromachine.com\/wp-content\/uploads\/2022\/09\/feeding-system.webp\" alt=\"besleme sistemi\" class=\"wp-image-3407 size-full\"\/><\/figure><div class=\"wp-block-media-text__content\"> <p class=\"translation-block\"><strong>Besleme sistemi<\/strong><\/p> <\/div><\/div>    <div class=\"wp-block-media-text alignwide has-media-on-the-right is-stacked-on-mobile\"><div class=\"wp-block-media-text__content\"> <p class=\"translation-block\"><strong>Tatl\u0131 m\u0131s\u0131r ay\u0131klama makinesinin \u00e7ekirdek par\u00e7as\u0131<\/strong><\/p> <\/div><figure class=\"wp-block-media-text__media\"><img loading=\"lazy\" decoding=\"async\" width=\"540\" height=\"540\" src=\"https:\/\/taizyagromachine.com\/wp-content\/uploads\/2022\/09\/corn-part-of-the-sweet-corn-thresher.webp\" alt=\"tatl\u0131 m\u0131s\u0131r harman makinesinin m\u0131s\u0131r k\u0131sm\u0131\" class=\"wp-image-3419 size-full\"\/><\/figure><\/div>    <div class=\"wp-block-media-text alignwide is-stacked-on-mobile\"><figure class=\"wp-block-media-text__media\"><img loading=\"lazy\" decoding=\"async\" width=\"540\" height=\"540\" src=\"https:\/\/taizyagromachine.com\/wp-content\/uploads\/2022\/09\/corn-seeds-and-corn-cob-separation.webp\" alt=\"m\u0131s\u0131r tohumlar\u0131 ve m\u0131s\u0131r ko\u00e7an\u0131 ay\u0131rma\" class=\"wp-image-3421 size-full\"\/><\/figure><div class=\"wp-block-media-text__content\"> <p class=\"translation-block\"><strong>M\u0131s\u0131r taneleri ve ko\u00e7an ayr\u0131m\u0131<\/strong><\/p> <\/div><\/div>    <div class=\"wp-block-media-text alignwide has-media-on-the-right is-stacked-on-mobile\"><div class=\"wp-block-media-text__content\"> <p class=\"translation-block\"><strong>M\u0131s\u0131r ko\u00e7an\u0131 tahliyesi<\/strong><\/p> <\/div><figure class=\"wp-block-media-text__media\"><img loading=\"lazy\" decoding=\"async\" width=\"540\" height=\"540\" src=\"https:\/\/taizyagromachine.com\/wp-content\/uploads\/2022\/09\/corn-cob-discharge.webp\" alt=\"m\u0131s\u0131r ko\u00e7an\u0131 de\u015farj\u0131\" class=\"wp-image-3423 size-full\"\/><\/figure><\/div>    <h2 class=\"wp-block-heading\"><strong>Tatl\u0131 M\u0131s\u0131r Soyucunun Aksesuarlar\u0131<\/strong><\/h2>    <div class=\"wp-block-media-text alignwide is-stacked-on-mobile\"><figure class=\"wp-block-media-text__media\"><img loading=\"lazy\" decoding=\"async\" width=\"610\" height=\"540\" src=\"https:\/\/taizyagromachine.com\/wp-content\/uploads\/2022\/09\/plate-and-blades.webp\" alt=\"plaka ve b\u0131\u00e7aklar\" class=\"wp-image-3425 size-full\"\/><\/figure><div class=\"wp-block-media-text__content\"> <p class=\"translation-block\"><strong>Plaka ve b\u0131\u00e7aklar<\/strong><\/p>    <p>Bunlar taze m\u0131s\u0131r ay\u0131klama makinesinin aksesuarlar\u0131d\u0131r. Se\u00e7enek olarak daha fazlas\u0131n\u0131 istiyorsan\u0131z, do\u011frudan bize bildirin.<\/p> <\/div><\/div>    <h2 class=\"wp-block-heading\"><strong>Taizy Machinery: Kredili Taze M\u0131s\u0131r Soyucu \u00dcreticisi<\/strong><\/h2>    <p class=\"translation-block\">Tar\u0131m makineleri konusunda profesyonel bir \u00fcretici ve tedarik\u00e7i olarak Taizy'de geni\u015f bir tar\u0131m makineleri yelpazemiz bulunmaktad\u0131r. Sadece taze m\u0131s\u0131r ay\u0131klama makinesi, <a href=\"https:\/\/taizyagromachine.com\/tr\/product\/corn-seeder\/?swcfpc=1\" target=\"_blank\" rel=\"noreferrer noopener\">m\u0131s\u0131r ekme makinesi<\/a> ve m\u0131s\u0131r hasat makinesi de\u011fil, ayn\u0131 zamanda ilgili <a href=\"https:\/\/taizyagromachine.com\/tr\/product\/peanut-machine\/?swcfpc=1\" target=\"_blank\" rel=\"noreferrer noopener\">f\u0131st\u0131k makineleri,<\/a> <a href=\"https:\/\/taizyagromachine.com\/tr\/product\/silage-machine\/?swcfpc=1\" target=\"_blank\" rel=\"noreferrer noopener\">silaj makineleri<\/a> ve benzerleri de bulunmaktad\u0131r. A\u015fa\u011f\u0131daki avantajlara sahibiz:<\/p>    <ul class=\"wp-block-list\"> <li><strong>Y\u00fcksek kaliteli \u00fcr\u00fcnler<\/strong>: Taizy Machinery, \u00fcr\u00fcn kalitesine odaklan\u0131r ve ekipman\u0131n dayan\u0131kl\u0131l\u0131\u011f\u0131n\u0131 ve performans istikrar\u0131n\u0131 sa\u011flamak i\u00e7in \u00fcretim s\u00fcrecini s\u0131k\u0131 bir \u015fekilde kontrol eder. \u00dcr\u00fcnleri, m\u00fckemmel \u00fcretim s\u00fcre\u00e7leri, y\u00fcksek verimlilikleri ve uzun hizmet \u00f6m\u00fcrleri nedeniyle m\u00fc\u015fteriler taraf\u0131ndan g\u00fcvenilmektedir.<\/li>    <li><strong>\u00d6zelle\u015ftirilmi\u015f hizmet<\/strong>: Taize Makina, farkl\u0131 m\u00fc\u015fterilerin \u00f6zel ihtiya\u00e7lar\u0131na y\u00f6nelik, ekipman se\u00e7imi, tasar\u0131m ve imalattan kurulum ve devreye almaya kadar \u00f6zelle\u015ftirilmi\u015f \u00e7\u00f6z\u00fcmler sunarak, s\u00fcre\u00e7 boyunca m\u00fc\u015fterilerine profesyonel hizmetler sunmaktad\u0131r.<\/li>    <li><strong>Kapsaml\u0131 sat\u0131\u015f sonras\u0131 servis<\/strong>: Sat\u0131\u015f sonras\u0131 hizmete b\u00fcy\u00fck \u00f6nem vererek, m\u00fc\u015fterilerin kullan\u0131m s\u00fcrecinde kar\u015f\u0131la\u015ft\u0131\u011f\u0131 sorunlar\u0131n an\u0131nda \u00e7\u00f6z\u00fcme kavu\u015fturulabilmesini sa\u011flamak i\u00e7in ekipman bak\u0131m\u0131, teknik destek, par\u00e7a temini dahil olmak \u00fczere eksiksiz bir hizmet yelpazesi sunuyoruz.<\/li>    <li><strong>G\u00fcvenilirlik ve deneyim<\/strong>: Y\u0131llar\u0131n sekt\u00f6r tecr\u00fcbesi ve iyi pazar itibar\u0131 ile Taize Machinery, m\u00fc\u015fterilerimizin g\u00fcvenini ve \u00f6vg\u00fcs\u00fcn\u00fc kazanan istikrarl\u0131 bir m\u00fc\u015fteri taban\u0131 ve geni\u015f bir i\u015f a\u011f\u0131 kurmu\u015ftur.<\/li> <\/ul>    <h2 class=\"wp-block-heading\"><strong>Taze Tatl\u0131 M\u0131s\u0131r Harman Makinesinin K\u00fcresel Vakalar\u0131 <\/strong><\/h2>    <p class=\"translation-block\"><strong>Fas'a Sat\u0131lan Tatl\u0131 M\u0131s\u0131r Ay\u0131klama Makinesi<\/strong><\/p>    <p>Bu Fasl\u0131 m\u00fc\u015fterinin, m\u0131s\u0131r prosesinin bir sonraki ad\u0131m\u0131 i\u00e7in harmanlanmas\u0131 ve dolay\u0131s\u0131yla i\u015flenmesi gereken b\u00fcy\u00fck miktarda tatl\u0131 yap\u0131\u015fkan m\u0131s\u0131r\u0131 vard\u0131. Taze m\u0131s\u0131r soyma makinemizi internette buldu\u011funda bize bir soru\u015fturma g\u00f6nderdi. <\/p>    <p>Daha sonra profesyonel sat\u0131\u015f y\u00f6neticimiz kendisine iki makinemizi tan\u0131tt\u0131. Fasl\u0131 m\u00fc\u015fteri, bilgileri okuduktan sonra i\u015f g\u00fcc\u00fcnden daha fazla tasarruf sa\u011flayan SL-368 ile ilgilendi ve makinenin \u00e7al\u0131\u015fma videosunu izledi. Sonunda sipari\u015fi verdi. Makineyi paketleyip liman\u0131na teslim ettik.<\/p>   <div class=\"wp-block-image\"> <figure class=\"aligncenter size-full\"><img loading=\"lazy\" decoding=\"async\" width=\"720\" height=\"540\" src=\"https:\/\/taizyagromachine.com\/wp-content\/uploads\/2022\/09\/sweet-corn-sheller-machine-package.webp\" alt=\"tatl\u0131 m\u0131s\u0131r kabuk soyma makinesi paketi\" class=\"wp-image-3401\"\/><figcaption class=\"wp-element-caption\">tatl\u0131 m\u0131s\u0131r kabuk soyma makinesi paketi<\/figcaption><\/figure> <\/div>   <p class=\"translation-block\"><strong>M\u0131s\u0131r'a Sat\u0131l\u0131k Taze M\u0131s\u0131r Ay\u0131klama Makinesi<\/strong><\/p>    <p>M\u0131s\u0131r pazar\u0131nda, end\u00fcstriyel taze m\u0131s\u0131r harman makinemiz, m\u00fckemmel performans\u0131 ve uyarlanabilirli\u011fi nedeniyle b\u00fcy\u00fck be\u011feni toplad\u0131. Taze m\u0131s\u0131r i\u00e7in \u00f6zel olarak tasarlanan bu makine, yap\u0131\u015fkan m\u0131s\u0131r da dahil olmak \u00fczere \u00e7ok \u00e7e\u015fitli m\u0131s\u0131r \u00e7e\u015fitlerinin ay\u0131klanmas\u0131 ve harmanlanmas\u0131 i\u015flemlerini verimli bir \u015fekilde ger\u00e7ekle\u015ftirme kapasitesine sahiptir. \u00c7al\u0131\u015ft\u0131r\u0131lmas\u0131 basit ve bak\u0131m\u0131 kolay olup, m\u0131s\u0131r tanesinin b\u00fct\u00fcnl\u00fc\u011f\u00fcn\u00fc korurken h\u0131zl\u0131 ve temiz bir proses sa\u011flar. <\/p>    <figure class=\"wp-block-gallery aligncenter has-nested-images columns-default is-cropped wp-block-gallery-3 is-layout-flex wp-block-gallery-is-layout-flex\"> <figure class=\"wp-block-image size-large\"><img loading=\"lazy\" decoding=\"async\" width=\"540\" height=\"720\" data-id=\"6277\" src=\"https:\/\/taizyagromachine.com\/wp-content\/uploads\/2022\/09\/fresh-corn-sheller-with-conveyor-belt.webp\" alt=\"konvey\u00f6r bantl\u0131 taze m\u0131s\u0131r daneleme makinesi\" class=\"wp-image-6277\"\/><figcaption class=\"wp-element-caption\">konvey\u00f6r bantl\u0131 taze m\u0131s\u0131r daneleme makinesi<\/figcaption><\/figure>    <figure class=\"wp-block-image size-large\"><img loading=\"lazy\" decoding=\"async\" width=\"540\" height=\"720\" data-id=\"6279\" src=\"https:\/\/taizyagromachine.com\/wp-content\/uploads\/2022\/09\/sweet-corn-shelling-machine-for-sale.webp\" alt=\"sat\u0131l\u0131k tatl\u0131 m\u0131s\u0131r bombard\u0131man\u0131 makinesi\" class=\"wp-image-6279\"\/><figcaption class=\"wp-element-caption\">sat\u0131l\u0131k tatl\u0131 m\u0131s\u0131r bombard\u0131man\u0131 makinesi<\/figcaption><\/figure>    <figure class=\"wp-block-image size-large\"><img loading=\"lazy\" decoding=\"async\" width=\"540\" height=\"720\" data-id=\"6278\" src=\"https:\/\/taizyagromachine.com\/wp-content\/uploads\/2022\/09\/package-sweet-fresh-corn-sheller-and-threser.webp\" alt=\"paket tatl\u0131 taze m\u0131s\u0131r kabuk soyma makinesi ve sapan\" class=\"wp-image-6278\"\/><figcaption class=\"wp-element-caption\">paket tatl\u0131 taze m\u0131s\u0131r kabuk soyma makinesi ve sapan<\/figcaption><\/figure> <\/figure>    <h2 class=\"wp-block-heading\" id=\"h-faq\"><strong>Taze Tatl\u0131 M\u0131s\u0131r Soyma Makinesi Hakk\u0131nda SSS<\/strong><\/h2>   <div id=\"rank-math-faq\" class=\"rank-math-block\"> <div class=\"rank-math-list\"> <div id=\"faq-question-1663828057565\" class=\"rank-math-list-item\"> <h3 class=\"rank-math-question\"><strong>S1: Taze m\u0131s\u0131r soyma makinesinin malzemeleri nelerdir?<\/strong><\/h3> <div class=\"rank-math-answer\">  <p class=\"translation-block\"><strong>C1: SUS304 paslanmaz \u00e7elik malzeme.<\/strong><\/p>  <\/div> <\/div> <div id=\"faq-question-1663828063454\" class=\"rank-math-list-item\"> <h3 class=\"rank-math-question\"><strong>S2: Bu makine hangi t\u00fcr m\u0131s\u0131r\u0131n harmanlanmas\u0131na uygundur?<\/strong><\/h3> <div class=\"rank-math-answer\">  <p>A2: Tatl\u0131 m\u0131s\u0131r, yap\u0131\u015fkan m\u0131s\u0131r, taze m\u0131s\u0131r, meyveli m\u0131s\u0131r, dondurulmu\u015f m\u0131s\u0131r vb.<\/p>  <\/div> <\/div> <div id=\"faq-question-1663828088495\" class=\"rank-math-list-item\"> <h3 class=\"rank-math-question\"><strong>S3: Kalite garantisi nas\u0131l?<\/strong><\/h3> <div class=\"rank-math-answer\">  <p>A3: Bir y\u0131ll\u0131k s\u00fcre. Makine kendisinden ve kaliteden kaynaklanan ar\u0131zalardan biz sorumluyuz. Di\u011fer ar\u0131zalar operasyon hatalar\u0131ndan, insan yap\u0131m\u0131 sorunlardan vb. kaynaklan\u0131yorsa, m\u00fc\u015fteri olarak siz sorumlu olmal\u0131s\u0131n\u0131z.<\/p>  <\/div> <\/div> <\/div> <\/div>   <h2 class=\"wp-block-heading\"><strong>Taze M\u0131s\u0131r Harman Makinas\u0131 Detaylar\u0131 ve Fiyat\u0131 \u0130\u00e7in Bize Ula\u015f\u0131n!<\/strong><\/h2>    <p class=\"translation-block\">Taze m\u0131s\u0131r i\u015fleme verimlili\u011finizi art\u0131rmak i\u00e7in verimli ve g\u00fcvenilir bir taze m\u0131s\u0131r harmanc\u0131s\u0131 ar\u0131yorsan\u0131z, bizimle ileti\u015fime ge\u00e7menizi rica ederiz. Tatl\u0131 m\u0131s\u0131r harmanc\u0131lar\u0131m\u0131z, ister k\u00fc\u00e7\u00fck bir aile \u00e7iftli\u011fi operasyonu ister b\u00fcy\u00fck bir ticari \u00fcretim olsun, \u00e7e\u015fitli ihtiya\u00e7lara uygun modelleri i\u00e7erir, sizin i\u00e7in bir \u00e7\u00f6z\u00fcm\u00fcm\u00fcz var.<\/p>","protected":false},"excerpt":{"rendered":"<p>Taze M\u0131s\u0131r Soyma Makinam\u0131z, \u00e7e\u015fitli yap\u0131\u015fkan m\u0131s\u0131r t\u00fcrlerini harmanlamak i\u00e7in kullan\u0131lan bir makinedir; SL-268 ve SL-368 olmak \u00fczere iki tip vard\u0131r. Bu makalede referans\u0131n\u0131z ve se\u00e7iminiz i\u00e7in makine t\u00fcrlerini, parametrelerini, ba\u015far\u0131 hikayelerini, avantajlar\u0131m\u0131z\u0131 vb. a\u00e7\u0131kl\u0131yoruz.<\/p>","protected":false},"author":1,"featured_media":3388,"parent":0,"template":"","tags":[191,193,192,194],"product-type":[17],"class_list":["post-3385","product","type-product","status-publish","has-post-thumbnail","hentry","tag-corn-sheller","tag-fresh-corn-sheller","tag-maize-thresher","tag-sweet-corn-thresher","product-type-corn-machine"],"_links":{"self":[{"href":"https:\/\/taizyagromachine.com\/tr\/wp-json\/wp\/v2\/product\/3385","targetHints":{"allow":["GET"]}}],"collection":[{"href":"https:\/\/taizyagromachine.com\/tr\/wp-json\/wp\/v2\/product"}],"about":[{"href":"https:\/\/taizyagromachine.com\/tr\/wp-json\/wp\/v2\/types\/product"}],"author":[{"embeddable":true,"href":"https:\/\/taizyagromachine.com\/tr\/wp-json\/wp\/v2\/users\/1"}],"wp:featuredmedia":[{"embeddable":true,"href":"https:\/\/taizyagromachine.com\/tr\/wp-json\/wp\/v2\/media\/3388"}],"wp:attachment":[{"href":"https:\/\/taizyagromachine.com\/tr\/wp-json\/wp\/v2\/media?parent=3385"}],"wp:term":[{"taxonomy":"post_tag","embeddable":true,"href":"https:\/\/taizyagromachine.com\/tr\/wp-json\/wp\/v2\/tags?post=3385"},{"taxonomy":"product-type","embeddable":true,"href":"https:\/\/taizyagromachine.com\/tr\/wp-json\/wp\/v2\/product-type?post=3385"}],"curies":[{"name":"wp","href":"https:\/\/api.w.org\/{rel}","templated":true}]}}