{"id":3454,"date":"2022-09-21T08:14:33","date_gmt":"2022-09-21T08:14:33","guid":{"rendered":"https:\/\/taizyagromachine.com\/?post_type=product&#038;p=3454"},"modified":"2025-05-20T14:03:14","modified_gmt":"2025-05-20T06:03:14","slug":"corn-cleaning-machine","status":"publish","type":"product","link":"https:\/\/taizyagromachine.com\/tr\/product\/corn-cleaning-machine\/","title":{"rendered":"M\u0131s\u0131r Temizleme Makinas\u0131"},"content":{"rendered":"<p>M\u0131s\u0131r temizleme makinesi, hasattan sonra m\u0131s\u0131r tanelerini temizlemek i\u00e7in kullan\u0131l\u0131r; bu, m\u0131s\u0131rdaki yabanc\u0131 maddeleri kald\u0131rarak daha temiz m\u0131s\u0131r tohumu elde edilmesini sa\u011flar. Taizy m\u0131s\u0131r temizleyici, basit i\u015fletim, kolay kullan\u0131m ve y\u00fcksek verimlilik gibi avantajlara sahiptir. Bu m\u0131s\u0131r temizleyici, temiz m\u0131s\u0131r tohumlar\u0131 elde etmek i\u00e7in kum, k\u00fc\u00e7\u00fck ta\u015flar, m\u0131s\u0131r ko\u00e7anlar\u0131 vb. gibi maddeleri kald\u0131rabilir. B\u00f6ylece, m\u0131s\u0131r\u0131 daha uzun s\u00fcre saklayabilirsiniz. E\u011fer ilgileniyorsan\u0131z, hemen bizimle ileti\u015fime ge\u00e7in!<\/p>    <figure class=\"wp-block-embed is-type-video is-provider-youtube wp-block-embed-youtube wp-embed-aspect-16-9 wp-has-aspect-ratio\"><div class=\"wp-block-embed__wrapper\"> <iframe loading=\"lazy\" title=\"M\u0131s\u0131r i\u015fleme i\u00e7in verimli m\u0131s\u0131r temizleme makinesi | Tah\u0131l eleme temizli\u011finde kullan\u0131lan m\u0131s\u0131r temizleyici\" width=\"500\" height=\"281\" src=\"https:\/\/www.youtube.com\/embed\/y8_33pFPUaI?feature=oembed\" frameborder=\"0\" allow=\"accelerometer; autoplay; clipboard-write; encrypted-media; gyroscope; picture-in-picture; web-share\" referrerpolicy=\"strict-origin-when-cross-origin\" allowfullscreen><\/iframe> <\/div><figcaption class=\"wp-element-caption\">m\u0131s\u0131r temizleme makinesi videosu<\/figcaption><\/figure>    <h2 class=\"wp-block-heading\"><strong>M\u0131s\u0131r Temizleme Ekipman\u0131n\u0131n Yap\u0131s\u0131<\/strong><\/h2>    <p>Asl\u0131nda bu m\u0131s\u0131r temizleme makinesi olduk\u00e7a basit bir yap\u0131ya sahip. Bile\u015fiminde m\u0131s\u0131r giri\u015fi, m\u0131s\u0131r \u00e7\u0131k\u0131\u015f\u0131, yabanc\u0131 maddeler \u00e7\u0131k\u0131\u015f\u0131, kum \u00e7\u0131k\u0131\u015f\u0131, ta\u015f \u00e7\u0131k\u0131\u015f\u0131, fan, motor ve bant bulunur. Bundan makineyi kolayca anlayabilir ve makineyi iyi ve h\u0131zl\u0131 bir \u015fekilde kullanabilirsiniz. <\/p>    <figure class=\"wp-block-gallery aligncenter has-nested-images columns-default is-cropped wp-block-gallery-2 is-layout-flex wp-block-gallery-is-layout-flex\"> <figure class=\"wp-block-image size-full\"><img loading=\"lazy\" decoding=\"async\" width=\"720\" height=\"540\" data-id=\"3464\" src=\"https:\/\/taizyagromachine.com\/wp-content\/uploads\/2022\/09\/structure-of-the-maize-cleaner.webp\" alt=\"m\u0131s\u0131r temizleyicinin yap\u0131s\u0131\" class=\"wp-image-3464\"\/><figcaption class=\"wp-element-caption\">m\u0131s\u0131r temizleyicisinin yap\u0131s\u0131<\/figcaption><\/figure>    <figure class=\"wp-block-image size-full\"><img loading=\"lazy\" decoding=\"async\" width=\"720\" height=\"540\" data-id=\"3463\" src=\"https:\/\/taizyagromachine.com\/wp-content\/uploads\/2022\/09\/structure-of-the-corn-cleaner.webp\" alt=\"m\u0131s\u0131r temizleyicinin yap\u0131s\u0131\" class=\"wp-image-3463\"\/><figcaption class=\"wp-element-caption\">m\u0131s\u0131r temizleyicinin yap\u0131s\u0131<\/figcaption><\/figure> <\/figure>    <h2 class=\"wp-block-heading\"><strong>M\u0131s\u0131r Temizleyicinin Avantajlar\u0131<\/strong><\/h2>    <ol class=\"wp-block-list\"> <li>Basit yap\u0131, kolay kullan\u0131m ve kaliteli.<\/li>    <li>\u0130stikrarl\u0131 performans, s\u00fcper kalite ve uzun servis \u00f6mr\u00fc.<\/li>    <li>Hafif ve k\u00fc\u00e7\u00fck hacimli. <\/li>    <li>D\u00fc\u015f\u00fck enerji t\u00fcketimi, g\u00fc\u00e7 tasarrufu.<\/li>    <li>G\u00fczel g\u00f6r\u00fcn\u00fcm, g\u00fc\u00e7l\u00fc kombinasyon.<\/li>    <li>Y\u00fcksek otomasyon derecesi.<\/li>    <li>\u00dcnl\u00fc bir marka olan m\u0131s\u0131r temizleme makinesi Taizy Machinery taraf\u0131ndan \u00fcretilmektedir.<\/li> <\/ol>    <h2 class=\"wp-block-heading\"><strong>Ba\u015far\u0131l\u0131 \u00d6rnek: 400-600kg M\u0131s\u0131r Temizleyici Angola'ya \u0130hra\u00e7 Edildi<\/strong><\/h2>    <p class=\"translation-block\">Angola'dan gelen m\u00fc\u015fteri, m\u0131s\u0131r\u0131n temizlenmesini istedi b\u00f6ylece taneciklerin kalitesi, sat\u0131\u015f veya depolama i\u00e7in garanti edilebilecekti. Bu nedenle, ilgili <a href=\"https:\/\/taizyagromachine.com\/tr\/product\/corn-machine\/\" target=\"_blank\" rel=\"noreferrer noopener\">m\u0131s\u0131r makinelerini<\/a> satt\u0131\u011f\u0131m\u0131z\u0131 g\u00f6r\u00fcnce, b\u00f6yle makinelerin olup olmad\u0131\u011f\u0131n\u0131 sordu. M\u0131s\u0131r, <a href=\"https:\/\/taizyagromachine.com\/tr\/product\/maize-thresher\/\" target=\"_blank\" rel=\"noreferrer noopener\">m\u0131s\u0131r bi\u00e7erd\u00f6veri<\/a> ile hasat edildikten sonra, hala m\u0131s\u0131rda \u00e7e\u015fitli kirleticiler (m\u0131s\u0131r iplikleri, m\u0131s\u0131r ko\u00e7anlar\u0131, k\u00fc\u00e7\u00fck ta\u015flar vb.) bulundu\u011funu biliyoruz. Bu nedenle, m\u0131s\u0131r\u0131n daha fazla temizlenmesi gerekiyor. Sat\u0131\u015f y\u00f6neticimiz bu m\u0131s\u0131r temizleme makinesini ona \u00f6nerdi, makine hakk\u0131nda bilgi (parametreler, foto\u011fraflar, \u00e7al\u0131\u015fma videosu, yap\u0131land\u0131rma vb.) g\u00f6nderdi. Angola'l\u0131 m\u00fc\u015fteri makineden memnun kald\u0131 ve hemen sipari\u015f verdi.<\/p>   <div class=\"wp-block-image\"> <figure class=\"aligncenter size-full\"><img loading=\"lazy\" decoding=\"async\" width=\"720\" height=\"540\" src=\"https:\/\/taizyagromachine.com\/wp-content\/uploads\/2022\/09\/corn-cleaning-equipment.webp\" alt=\"m\u0131s\u0131r temizleme ekipmanlar\u0131\" class=\"wp-image-3477\"\/><figcaption class=\"wp-element-caption\">m\u0131s\u0131r temizleme ekipmanlar\u0131<\/figcaption><\/figure> <\/div>   <h2 class=\"wp-block-heading\"><strong>M\u0131s\u0131r Tah\u0131l Temizleyici Parametreleri<\/strong><\/h2>    <figure class=\"wp-block-table\"><table><tbody><tr><td>Modeli<\/td><td>TY-57<\/td><td>TY-100<\/td><\/tr><tr><td>Kapasite<\/td><td>400-600kg<\/td><td>800-1200kg<\/td><\/tr><tr><td>Destekleyici g\u00fc\u00e7<\/td><td>3kW<\/td><td>4kW<\/td><\/tr><tr><td>Boyut (U * G * Y)<\/td><td>1.7*0.8*2.9m<\/td><td>1.9*1*3m<\/td><\/tr><tr><td>A\u011f\u0131rl\u0131k<\/td><td>300kg<\/td><td>\/<\/td><\/tr><\/tbody><\/table><\/figure>    <h2 class=\"wp-block-heading\"><strong>M\u0131s\u0131r Temizleyici Hakk\u0131nda SSS<\/strong><\/h2>   <div id=\"rank-math-faq\" class=\"rank-math-block\"> <div class=\"rank-math-list\"> <div id=\"faq-question-1663750458497\" class=\"rank-math-list-item\"> <h3 class=\"rank-math-question\">S1: Bu m\u0131s\u0131r temizleme makinesi yaln\u0131zca m\u0131s\u0131r i\u00e7in uygun mu?<\/h3> <div class=\"rank-math-answer\">  <p>A1: Evet, \u00f6yle. Bu m\u0131s\u0131r temizleme ekipman\u0131 yaln\u0131zca m\u0131s\u0131r i\u00e7in kullan\u0131labilir. Bu\u011fday, dar\u0131 vb. temizlemek istiyorsan\u0131z size uygun bir temizleyici \u00f6nerebiliriz, l\u00fctfen bizimle ileti\u015fime ge\u00e7erek neye ihtiyac\u0131n\u0131z oldu\u011funu bize bildirin.  <\/p>  <\/div> <\/div> <div id=\"faq-question-1663750592473\" class=\"rank-math-list-item\"> <h3 class=\"rank-math-question\">S2: Makinenin g\u00fc\u00e7 sistemi nedir?<\/h3> <div class=\"rank-math-answer\">  <p>A2: Genellikle sat\u0131l\u0131k m\u0131s\u0131r temizleyicisi i\u00e7in motoru kullan\u0131r\u0131z.<\/p>  <\/div> <\/div> <div id=\"faq-question-1663750758008\" class=\"rank-math-list-item\"> <h3 class=\"rank-math-question\">S3: Hedefime nas\u0131l teslim edilir?<\/h3> <div class=\"rank-math-answer\">  <p>A3: Genellikle g\u00f6nderiyi kullan\u0131r\u0131z. Ba\u015fka talepleriniz varsa s\u00f6ylemeniz yeterli. Sizi memnun etmek i\u00e7in elimizden geleni yap\u0131yoruz.<\/p>  <\/div> <\/div> <\/div> <\/div>   <h2 class=\"wp-block-heading\"><strong>M\u0131s\u0131r Temizleme Makinas\u0131n\u0131n \u00c7al\u0131\u015fma Videosu<\/strong><\/h2>    <figure class=\"wp-block-embed is-type-video is-provider-youtube wp-block-embed-youtube wp-embed-aspect-16-9 wp-has-aspect-ratio\"><div class=\"wp-block-embed__wrapper\"> <iframe loading=\"lazy\" title=\"Verimli M\u0131s\u0131r Temizleme Makinesi | M\u0131s\u0131r Temizleme Ekipman\u0131 |Taizy&#039;den M\u0131s\u0131r Temizleyici, 2022 #corn\" width=\"500\" height=\"281\" src=\"https:\/\/www.youtube.com\/embed\/M8XF9pRwodI?feature=oembed\" frameborder=\"0\" allow=\"accelerometer; autoplay; clipboard-write; encrypted-media; gyroscope; picture-in-picture; web-share\" referrerpolicy=\"strict-origin-when-cross-origin\" allowfullscreen><\/iframe> <\/div><\/figure>","protected":false},"excerpt":{"rendered":"<p>The corn cleaning machine mainly cleans the corn kernels after threshing, which can remove the impurities in the corn and get a cleaner corn seed. Taizy corn cleaner has the advantages of simple operation, easy use, and high efficiency. This maize cleaner can remove sand, small stones, corn cobs, etc. for getting clean corn seeds. [&hellip;]<\/p>\n","protected":false},"author":1,"featured_media":3455,"parent":0,"template":"","tags":[196,195],"product-type":[17],"class_list":["post-3454","product","type-product","status-publish","has-post-thumbnail","hentry","tag-corn-cleaning-machine","tag-corn-thresher","product-type-corn-machine"],"_links":{"self":[{"href":"https:\/\/taizyagromachine.com\/tr\/wp-json\/wp\/v2\/product\/3454","targetHints":{"allow":["GET"]}}],"collection":[{"href":"https:\/\/taizyagromachine.com\/tr\/wp-json\/wp\/v2\/product"}],"about":[{"href":"https:\/\/taizyagromachine.com\/tr\/wp-json\/wp\/v2\/types\/product"}],"author":[{"embeddable":true,"href":"https:\/\/taizyagromachine.com\/tr\/wp-json\/wp\/v2\/users\/1"}],"wp:featuredmedia":[{"embeddable":true,"href":"https:\/\/taizyagromachine.com\/tr\/wp-json\/wp\/v2\/media\/3455"}],"wp:attachment":[{"href":"https:\/\/taizyagromachine.com\/tr\/wp-json\/wp\/v2\/media?parent=3454"}],"wp:term":[{"taxonomy":"post_tag","embeddable":true,"href":"https:\/\/taizyagromachine.com\/tr\/wp-json\/wp\/v2\/tags?post=3454"},{"taxonomy":"product-type","embeddable":true,"href":"https:\/\/taizyagromachine.com\/tr\/wp-json\/wp\/v2\/product-type?post=3454"}],"curies":[{"name":"wp","href":"https:\/\/api.w.org\/{rel}","templated":true}]}}