{"id":3644,"date":"2022-10-11T13:50:29","date_gmt":"2022-10-11T05:50:29","guid":{"rendered":"https:\/\/taizyagromachine.com\/?post_type=product&#038;p=3644"},"modified":"2025-01-02T13:53:27","modified_gmt":"2025-01-02T05:53:27","slug":"corn-threshing-machine","status":"publish","type":"product","link":"https:\/\/taizyagromachine.com\/tr\/product\/corn-threshing-machine\/","title":{"rendered":"\u00c7ok Fonksiyonlu M\u0131s\u0131r Harman Makinesi"},"content":{"rendered":"<p class=\"translation-block\">Taizy m\u0131s\u0131r harman makinesi asl\u0131nda <a href=\"https:\/\/taizyagromachine.com\/tr\/product\/multifunctional-thresher\/\" target=\"_blank\" rel=\"noreferrer noopener\">\u00e7ok fonksiyonlu tah\u0131l harman makinesine<\/a> aittir ve m\u0131s\u0131r, sorgum, dar\u0131 ve soya fasulyesi ay\u0131klamak i\u00e7in kullan\u0131l\u0131r. \u00c7ok fonksiyonlu harman makinesi, g\u00fc\u00e7 sistemi olarak elektrik motoru, dizel motor ve PTO kullanabilir. Ayr\u0131ca, sat\u0131l\u0131k m\u0131s\u0131r harman makinesi, Afrika'daki m\u00fc\u015fteriler taraf\u0131ndan tercih edilen b\u00fcy\u00fck lastiklerle donat\u0131labilir. <\/p>    <p class=\"translation-block\">Ayr\u0131ca, \u00e7ok fonksiyonlu harman makinemiz yurt i\u00e7inde ve yurt d\u0131\u015f\u0131nda \u00e7ok pop\u00fclerdir. Nijerya, Botsvana, Uganda, Amerika Birle\u015fik Devletleri, Banglade\u015f, <a href=\"https:\/\/taizyagromachine.com\/tr\/info\/corn-sheller-machine-ghana\/\" target=\"_blank\" rel=\"noreferrer noopener\">Gana<\/a> vb. bir\u00e7ok \u00fclkeye ihracat yapt\u0131k. \u0130lgileniyorsan\u0131z, daha fazla ayr\u0131nt\u0131 i\u00e7in bizimle ileti\u015fime ge\u00e7ebilirsiniz!<\/p>    <h2 class=\"wp-block-heading\"><strong>M\u0131s\u0131r Harman Makinas\u0131 \u00c7e\u015fitleri <\/strong><\/h2>    <p class=\"translation-block\">Profesyonel bir m\u0131s\u0131r harman makinesi \u00fcreticisi ve tedarik\u00e7isi olarak, referans\u0131n\u0131z i\u00e7in farkl\u0131 makine g\u00f6r\u00fcn\u00fcmlerimiz var. A\u015fa\u011f\u0131da \u00fc\u00e7 tip g\u00f6sterilmektedir: s\u0131ras\u0131yla yayg\u0131n tip, b\u00fcy\u00fck lastikli PTO tipi ve b\u00fcy\u00fck lastikli dizel motorlu tip. Elbette g\u00fc\u00e7 olarak elektrik motorunu da se\u00e7ebilirsiniz. Ne tercih etti\u011finize ba\u011fl\u0131d\u0131r. <\/p>    <figure class=\"wp-block-gallery aligncenter has-nested-images columns-default is-cropped wp-block-gallery-2 is-layout-flex wp-block-gallery-is-layout-flex\"> <figure class=\"wp-block-image size-large\"><img loading=\"lazy\" decoding=\"async\" width=\"720\" height=\"540\" data-id=\"3648\" src=\"https:\/\/taizyagromachine.com\/wp-content\/uploads\/2022\/10\/corn-thresher-for-sale.webp\" alt=\"sat\u0131l\u0131k m\u0131s\u0131r harman makinesi\" class=\"wp-image-3648\"\/><figcaption class=\"wp-element-caption\">sat\u0131l\u0131k m\u0131s\u0131r harman makinesi<\/figcaption><\/figure>    <figure class=\"wp-block-image size-large\"><img loading=\"lazy\" decoding=\"async\" width=\"720\" height=\"540\" data-id=\"3650\" src=\"https:\/\/taizyagromachine.com\/wp-content\/uploads\/2022\/10\/corn-threshing-machine-with-PTO-and-tire.webp\" alt=\"m\u0131s\u0131r-harman-makinesi-PTO&#039;lu-ve-lastikli\" class=\"wp-image-3650\"\/><figcaption class=\"wp-element-caption\">PTO'lu ve lastikli m\u0131s\u0131r harman makinesi<\/figcaption><\/figure>    <figure class=\"wp-block-image size-large\"><img loading=\"lazy\" decoding=\"async\" width=\"720\" height=\"540\" data-id=\"3649\" src=\"https:\/\/taizyagromachine.com\/wp-content\/uploads\/2022\/10\/maize-thresher-with-the-diesel-engine-and-tire-.webp\" alt=\"dizel motorlu ve lastikli m\u0131s\u0131r harmanlay\u0131c\u0131\" class=\"wp-image-3649\"\/><figcaption class=\"wp-element-caption\">dizel motor ve lastik ile m\u0131s\u0131r harman makinesi <\/figcaption><\/figure> <\/figure>    <h2 class=\"wp-block-heading\"><strong>5T-1000 \u00c7ok Tah\u0131ll\u0131 M\u0131s\u0131r Harman Makinesi Uygulamalar\u0131<\/strong><\/h2>    <div class=\"wp-block-media-text alignwide is-stacked-on-mobile\"><figure class=\"wp-block-media-text__media\"><img loading=\"lazy\" decoding=\"async\" width=\"540\" height=\"600\" src=\"https:\/\/taizyagromachine.com\/wp-content\/uploads\/2022\/10\/applications-of-the-mutifunctional-thresher-machine.webp\" alt=\"\u00e7ok fonksiyonlu harman makinesinin uygulamalar\u0131\" class=\"wp-image-3656 size-full\"\/><\/figure><div class=\"wp-block-media-text__content\"> <p>\u00c7ok i\u015flevli olmas\u0131 nedeniyle bu t\u00fcr m\u0131s\u0131r harman makinesi esas olarak m\u0131s\u0131r, sorgum, dar\u0131 ve soya fasulyesi i\u00e7indir. Ayr\u0131ca bakla, inci dar\u0131, pirin\u00e7, bu\u011fday, nohut vb. harmanlamak i\u00e7in de kullan\u0131l\u0131r. <\/p> <\/div><\/div>    <h2 class=\"wp-block-heading\"><strong>Yap\u0131s\u0131 <a href=\"https:\/\/cornmachines.com\/multifunctional-thresher-machine\/\" target=\"_blank\" rel=\"noreferrer noopener\">Sat\u0131l\u0131k \u00c7ok Fonksiyonlu M\u0131s\u0131r Harman Makinesi<\/a><\/strong><\/h2>    <p>A\u015fa\u011f\u0131daki resimde yap\u0131s\u0131 \u00e7ok a\u00e7\u0131kt\u0131r. M\u0131s\u0131r harman makinesi giri\u015f, \u00e7\u0131k\u0131\u015f, \u00e7ift fan, b\u00fcy\u00fck tekerlekler, tutma k\u0131sm\u0131 ve g\u00fc\u00e7 sisteminden (PTO) olu\u015fur. Bu makinede 3 elek ve 2 fan bulunmas\u0131na dikkat edilmeli, bu da daha temiz m\u0131s\u0131r elde edilmesini sa\u011flar.<\/p>   <div class=\"wp-block-image\"> <figure class=\"aligncenter size-full\"><img loading=\"lazy\" decoding=\"async\" width=\"720\" height=\"540\" src=\"https:\/\/taizyagromachine.com\/wp-content\/uploads\/2022\/10\/structure-of-the-corn-thresher-machine.webp\" alt=\"m\u0131s\u0131r harman makinesinin yap\u0131s\u0131\" class=\"wp-image-3658\"\/><figcaption class=\"wp-element-caption\">m\u0131s\u0131r harman makinesinin yap\u0131s\u0131<\/figcaption><\/figure> <\/div>   <h2 class=\"wp-block-heading\"><strong>M\u0131s\u0131r Harman Makinesi Fiyat\u0131n\u0131 Neler Etkiler?<\/strong><\/h2>    <ul class=\"wp-block-list\"> <li><strong>Makine konfig\u00fcrasyonu<\/strong>. Anla\u015f\u0131lmas\u0131 \u00e7ok kolayd\u0131r. Lastiksiz bir m\u0131s\u0131r harman makinesi sat\u0131n almak istiyorsan\u0131z, b\u00fcy\u00fck lastikli bir makineden \u00e7ok daha ucuz olmas\u0131 gerekir.<\/li>    <li><strong>Makine g\u00fc\u00e7 sistemi<\/strong>. Bu t\u00fcr \u00e7ok i\u015flevli m\u0131s\u0131r harman makinesi \u00fc\u00e7 g\u00fcc\u00fc kullanabildi\u011finden, her t\u00fcr\u00fcn farkl\u0131 bir fiyat\u0131 vard\u0131r. <\/li>    <li><strong>Teslimat mesafesi<\/strong>. Nijerya\u2019ya g\u00f6ndermek istedi\u011finizde veya Gana\u2019ya g\u00f6ndermek istedi\u011finizde mesafeleri farkl\u0131d\u0131r. Tabii ki, nakliye \u00fccreti farkl\u0131d\u0131r.<\/li> <\/ul>    <h2 class=\"wp-block-heading\"><strong>\u00c7ok Fonksiyonlu Harman Makinesinin Avantajlar\u0131<\/strong><\/h2>    <ol class=\"wp-block-list\"> <li>\u00dc\u00e7 g\u00fc\u00e7 sistemi: PTO, dizel motor ve elektrik motoru.<\/li>    <li>B\u00fcy\u00fck lastikler ve \u00e7er\u00e7eve, ta\u015f\u0131nmas\u0131 kolay.<\/li>    <li>\u00c7ok i\u015flevli: M\u0131s\u0131r, sorgum, dar\u0131 ve soya fasulyesinin harmanlanmas\u0131 i\u00e7in kullan\u0131l\u0131r. <\/li>    <li>Y\u00fcksek verimlilik, esnek g\u00fc\u00e7 se\u00e7enekleri.<\/li> <\/ol>    <h2 class=\"wp-block-heading\"><strong>Ba\u015far\u0131l\u0131 \u00f6rnek: B\u00fcy\u00fck \u00c7ok Fonksiyonlu M\u0131s\u0131r Harman Makinesi Banglade\u015f'e Sat\u0131ld\u0131<\/strong><\/h2>    <div class=\"wp-block-media-text alignwide is-stacked-on-mobile\"><figure class=\"wp-block-media-text__media\"><img loading=\"lazy\" decoding=\"async\" width=\"540\" height=\"600\" src=\"https:\/\/taizyagromachine.com\/wp-content\/uploads\/2022\/10\/package.webp\" alt=\"paket\" class=\"wp-image-3659 size-full\"\/><\/figure><div class=\"wp-block-media-text__content\"> <p>M\u0131s\u0131r harman makinesi almak isteyen Banglade\u015fli m\u00fc\u015fterimiz internette ara\u015ft\u0131rma yaparken makinemizi g\u00f6r\u00fcnce bizimle ileti\u015fime ge\u00e7ti.<\/p>    <p>Web sitemize g\u00f6z atarken bu \u00e7ok fonksiyonlu makineyi g\u00f6rd\u00fc ve bununla daha \u00e7ok ilgilendi. Sat\u0131\u015f m\u00fcd\u00fcr\u00fcm\u00fcz Anna'n\u0131n tan\u0131t\u0131m\u0131 sayesinde bu makinenin \u00e7ok i\u015flevli oldu\u011funu anlad\u0131 ve onu daha da fazla sat\u0131n almak istedi.<\/p>    <p>Sonunda Banglade\u015fli m\u00fc\u015fteri b\u00fcy\u00fck tekerlekli k\u0131rm\u0131z\u0131 bir harman makinesi sipari\u015f etti.<\/p> <\/div><\/div>    <h2 class=\"wp-block-heading\"><strong>B\u00fcy\u00fck M\u0131s\u0131r Harman Makinas\u0131n\u0131n \u00c7al\u0131\u015fma Videosu<\/strong><\/h2>    <figure class=\"wp-block-embed is-type-video is-provider-youtube wp-block-embed-youtube wp-embed-aspect-16-9 wp-has-aspect-ratio\"><div class=\"wp-block-embed__wrapper\"> <iframe loading=\"lazy\" title=\"M\u0131s\u0131r\/M\u0131s\u0131r, Sorgum, Soya Fasulyesi, Dar\u0131, Pirin\u00e7, Bu\u011fday i\u00e7in B\u00fcy\u00fck \u00c7ok Fonksiyonlu Tah\u0131l Harman Makinesi\" width=\"500\" height=\"281\" src=\"https:\/\/www.youtube.com\/embed\/6AIQ2-hvsdY?start=4&#038;feature=oembed\" frameborder=\"0\" allow=\"accelerometer; autoplay; clipboard-write; encrypted-media; gyroscope; picture-in-picture; web-share\" referrerpolicy=\"strict-origin-when-cross-origin\" allowfullscreen><\/iframe> <\/div><\/figure>    <h2 class=\"wp-block-heading\"><strong>M\u0131s\u0131r Harman Makinas\u0131n\u0131n Teknik Parametreleri<\/strong><\/h2>    <figure class=\"wp-block-table\"><table><tbody><tr><td>Modeli<\/td><td>5T-1000<\/td><\/tr><tr><td>Ba\u015fvuru<\/td><td>M\u0131s\u0131r, sorgum, dar\u0131, soya fasulyesi<\/td><\/tr><tr><td>G\u00fc\u00e7<\/td><td>12HP dizel motor<\/td><\/tr><tr><td>Ana mil h\u0131z\u0131<\/td><td>550\u2013620 dev\/dak<\/td><\/tr><tr><td>Kapasite<\/td><td>M\u0131s\u0131r: 2-4 ton\/saat<br>Sorgum, dar\u0131: 1-2 ton\/saat<br>Soya fasulyesi: 0,5-0,8 ton\/saat<\/td><\/tr><tr><td>Elek<\/td><td>3 adet<br>M\u0131s\u0131r ele\u011fi: \u03c618mm<br>Sorgum, dar\u0131 ele\u011fi: \u03c66mm<br>Soya fasulyesi: \u03c612mm<\/td><\/tr><tr><td>A\u011f\u0131rl\u0131k<\/td><td>650kg<\/td><\/tr><tr><td>Genel boyut<\/td><td>3400*2100*1980mm<\/td><\/tr><tr><td>Ambalaj boyutu<\/td><td>2800*740*1400mm<\/td><\/tr><\/tbody><\/table><\/figure>","protected":false},"excerpt":{"rendered":"<p>Taizy corn threshing machine actually belongs to the multifunctional grain thresher, used for shelling maize, sorghum, millet, and soybean. The multifunctional thresher machine can use an electric motor, diesel engine, and PTO as the power system. Besides, the corn thresher machine for sale can be equipped with big tyres, which is preferred by African customers. [&hellip;]<\/p>\n","protected":false},"author":1,"featured_media":3661,"parent":0,"template":"","tags":[195,197,198],"product-type":[17],"class_list":["post-3644","product","type-product","status-publish","has-post-thumbnail","hentry","tag-corn-thresher","tag-corn-threshing-machine","tag-multifunctional-thresher","product-type-corn-machine"],"_links":{"self":[{"href":"https:\/\/taizyagromachine.com\/tr\/wp-json\/wp\/v2\/product\/3644","targetHints":{"allow":["GET"]}}],"collection":[{"href":"https:\/\/taizyagromachine.com\/tr\/wp-json\/wp\/v2\/product"}],"about":[{"href":"https:\/\/taizyagromachine.com\/tr\/wp-json\/wp\/v2\/types\/product"}],"author":[{"embeddable":true,"href":"https:\/\/taizyagromachine.com\/tr\/wp-json\/wp\/v2\/users\/1"}],"wp:featuredmedia":[{"embeddable":true,"href":"https:\/\/taizyagromachine.com\/tr\/wp-json\/wp\/v2\/media\/3661"}],"wp:attachment":[{"href":"https:\/\/taizyagromachine.com\/tr\/wp-json\/wp\/v2\/media?parent=3644"}],"wp:term":[{"taxonomy":"post_tag","embeddable":true,"href":"https:\/\/taizyagromachine.com\/tr\/wp-json\/wp\/v2\/tags?post=3644"},{"taxonomy":"product-type","embeddable":true,"href":"https:\/\/taizyagromachine.com\/tr\/wp-json\/wp\/v2\/product-type?post=3644"}],"curies":[{"name":"wp","href":"https:\/\/api.w.org\/{rel}","templated":true}]}}