{"id":3756,"date":"2022-10-19T13:17:50","date_gmt":"2022-10-19T05:17:50","guid":{"rendered":"https:\/\/taizyagromachine.com\/?post_type=product&#038;p=3756"},"modified":"2025-01-02T13:54:48","modified_gmt":"2025-01-02T05:54:48","slug":"small-rice-milling-machine","status":"publish","type":"product","link":"https:\/\/taizyagromachine.com\/tr\/product\/small-rice-milling-machine\/","title":{"rendered":"K\u00fc\u00e7\u00fck Pirin\u00e7 Freze Makinesi"},"content":{"rendered":"<p class=\"translation-block\">Pirin\u00e7 soyma makinesi, beyaz pirin\u00e7 \u00fcretmek i\u00e7in hem ticari hem de ev kullan\u0131m\u0131 i\u00e7in kullan\u0131l\u0131r. Bu pirin\u00e7 soyma makinesi uygun maliyetli, kaliteli ve dayan\u0131kl\u0131d\u0131r. Ayr\u0131ca, bu makine elektrik motoru veya dizel motor ile \u00e7al\u0131\u015ft\u0131r\u0131labilir. <a href=\"https:\/\/taizyagromachine.com\/tr\/product\/rice-mill\/\" target=\"_blank\" rel=\"noreferrer noopener\">pirin\u00e7 soyma \u00fcnitesinin<\/a> aksine, bu Taizy pirin\u00e7 soyma makinesi k\u00fc\u00e7\u00fck bir makinedir ve genellikle evlerde, k\u00fc\u00e7\u00fck d\u00fckkanlarda vb. kullan\u0131l\u0131r. <\/p>    <p class=\"translation-block\">Taizy pirin\u00e7 soyma makinesi ABD, Moritanya, Burkina Faso, Gine, Nijerya, Mozambik vb. \u00fclkelere ihra\u00e7 edilmi\u015ftir. Bu t\u00fcr bir makineyle ilgileniyorsan\u0131z, l\u00fctfen <a href=\"https:\/\/taizyagromachine.com\/tr\/contact\/\" target=\"_blank\" rel=\"noreferrer noopener\">bizimle ileti\u015fime ge\u00e7in<\/a>!<\/p>    <h2 class=\"wp-block-heading\"><strong>Pirin\u00e7 \u00d6\u011f\u00fctme Makinesi \u00c7e\u015fitleri<\/strong><\/h2>    <p>Profesyonel bir pirin\u00e7 \u00f6\u011f\u00fctme makinesi \u00fcreticisi ve \u00fcreticisi olarak, geni\u015f bir pirin\u00e7 \u00f6\u011f\u00fctme makinesi model yelpazesine sahibiz. D\u00f6rt t\u00fcr pirin\u00e7 de\u011firmenimiz var: SB-05D, SB-10D, SB-30D ve SB-50D. Her modelin \u00e7\u0131k\u0131\u015f\u0131 ve a\u011f\u0131rl\u0131\u011f\u0131 farkl\u0131d\u0131r.<\/p>    <p>G\u00f6r\u00fcn\u00fcm olarak pirin\u00e7 de\u011firmenlerimiz \u00e7e\u015fitli g\u00f6r\u00fcn\u00fcmlerde, ortak modellerde, siklonlu, bez torbal\u0131 vb. mevcuttur. K\u0131saca ihtiya\u00e7lar\u0131n\u0131za ba\u011fl\u0131d\u0131r. \u00d6zel ve makul ihtiya\u00e7lar\u0131n\u0131z varsa makinelerimiz sizi mutlaka tatmin edecektir.<\/p>    <p class=\"translation-block\"><strong>Normal tip mini pirin\u00e7 soyma makinesi<\/strong><\/p>    <figure class=\"wp-block-gallery aligncenter has-nested-images columns-default is-cropped wp-block-gallery-2 is-layout-flex wp-block-gallery-is-layout-flex\"> <figure class=\"wp-block-image size-large\"><img loading=\"lazy\" decoding=\"async\" width=\"540\" height=\"720\" data-id=\"3789\" src=\"https:\/\/taizyagromachine.com\/wp-content\/uploads\/2022\/10\/rice-husk-miller.webp\" alt=\"pirin\u00e7 kabu\u011fu de\u011firmencisi\" class=\"wp-image-3789\"\/><figcaption>pirin\u00e7 kabu\u011fu de\u011firmencisi<\/figcaption><\/figure>    <figure class=\"wp-block-image size-large\"><img loading=\"lazy\" decoding=\"async\" width=\"540\" height=\"720\" data-id=\"3788\" src=\"https:\/\/taizyagromachine.com\/wp-content\/uploads\/2022\/10\/rice-husker.webp\" alt=\"pirin\u00e7 kabu\u011fu soyucu\" class=\"wp-image-3788\"\/><figcaption>pirin\u00e7 kabu\u011fu<\/figcaption><\/figure> <\/figure>    <p class=\"translation-block\"><strong>Siklonlu pirin\u00e7 soyma makinesi<\/strong><\/p>    <figure class=\"wp-block-gallery aligncenter has-nested-images columns-default is-cropped wp-block-gallery-3 is-layout-flex wp-block-gallery-is-layout-flex\"> <figure class=\"wp-block-image size-large\"><img loading=\"lazy\" decoding=\"async\" width=\"540\" height=\"720\" data-id=\"3790\" src=\"https:\/\/taizyagromachine.com\/wp-content\/uploads\/2022\/10\/mini-rice-miller.webp\" alt=\"mini pirin\u00e7 de\u011firmeni\" class=\"wp-image-3790\"\/><figcaption>mini pirin\u00e7 de\u011firmeni<\/figcaption><\/figure>    <figure class=\"wp-block-image size-large\"><img loading=\"lazy\" decoding=\"async\" width=\"540\" height=\"720\" data-id=\"3791\" src=\"https:\/\/taizyagromachine.com\/wp-content\/uploads\/2022\/10\/rice-mini-milling-machine-with-the-cyclone.webp\" alt=\"siklonlu pirin\u00e7 mini freze makinesi\" class=\"wp-image-3791\"\/><figcaption>pirin\u00e7 mini freze makinesi <\/figcaption><\/figure> <\/figure>    <p class=\"translation-block\"><strong>Kombine pirin\u00e7 i\u015fleme makinesi<\/strong><\/p>    <figure class=\"wp-block-gallery aligncenter has-nested-images columns-default is-cropped wp-block-gallery-4 is-layout-flex wp-block-gallery-is-layout-flex\"> <figure class=\"wp-block-image size-large\"><img loading=\"lazy\" decoding=\"async\" width=\"540\" height=\"850\" data-id=\"3793\" src=\"https:\/\/taizyagromachine.com\/wp-content\/uploads\/2022\/10\/combined-rice-mill.webp\" alt=\"kombine pirin\u00e7 de\u011firmeni\" class=\"wp-image-3793\"\/><figcaption>kombine pirin\u00e7 de\u011firmeni<\/figcaption><\/figure>    <figure class=\"wp-block-image size-large\"><img loading=\"lazy\" decoding=\"async\" width=\"540\" height=\"850\" data-id=\"3794\" src=\"https:\/\/taizyagromachine.com\/wp-content\/uploads\/2022\/10\/combined-rice-processing-machine.webp\" alt=\"kombine-pirin\u00e7-i\u015fleme-makinesi\" class=\"wp-image-3794\"\/><figcaption>kombine pirin\u00e7 i\u015fleme makinesi<\/figcaption><\/figure> <\/figure>    <h2 class=\"wp-block-heading\"><strong>Ticari Pirin\u00e7 \u00d6\u011f\u00fctme Makinesinin Avantajlar\u0131<\/strong><\/h2>    <ol class=\"wp-block-list\"><li>Taizy'nin bu k\u00fc\u00e7\u00fck pirin\u00e7 \u00f6\u011f\u00fctme makinesi makul bir yap\u0131ya ve uygun bir yerle\u015fim plan\u0131na sahiptir ve bu da son derece kullan\u0131c\u0131 dostudur.<\/li><li>Bu k\u00fc\u00e7\u00fck pirin\u00e7 parlat\u0131c\u0131n\u0131n verimi saatte 400-2300 kg aras\u0131nda de\u011fi\u015fmektedir ve zamandan tasarruf etmek i\u00e7in geni\u015f bir se\u00e7enek yelpazesine sahiptir.<\/li><li>Bu makine taraf\u0131ndan \u00fcretilen beyaz pirin\u00e7, ulusal g\u0131da g\u00fcvenli\u011fi d\u00fczenlemelerine uygundur ve y\u00fcksek kaliteli pirin\u00e7tir.<\/li><li>Taizy pirin\u00e7 i\u015fleme makinesi, temiz pirin\u00e7 soyma, d\u00fc\u015f\u00fck pirin\u00e7 k\u0131r\u0131lma oran\u0131 ve \u00e7ok iyi bir soyma etkisi \u00fcretir.<\/li><li>Bu pirin\u00e7 soyma makinesi, g\u00fc\u00e7 olarak iste\u011fe ba\u011fl\u0131 olarak elektrik motorunu veya dizel motoru se\u00e7ebilir.<\/li><\/ol>    <h2 class=\"wp-block-heading\"><strong>Pirin\u00e7 \u00d6\u011f\u00fctme Makinesi Fiyat\u0131n\u0131 Etkileyecek Fakt\u00f6rler<\/strong><\/h2>    <p>Taizy k\u00fc\u00e7\u00fck pirin\u00e7 \u00f6\u011f\u00fctme tesisi makinemiz kompakt ve makul bir yap\u0131ya sahiptir ve pirin\u00e7 \u00f6\u011f\u00fctme makineleri pazar\u0131nda rekabet\u00e7i bir fiyata sahiptir. Ancak fiyat a\u015fa\u011f\u0131daki hususlardan etkilenir (bunlarla s\u0131n\u0131rl\u0131 olmamak \u00fczere).<\/p>    <p class=\"translation-block\"><strong>Modeller farkl\u0131d\u0131r<\/strong>. Se\u00e7ilen g\u00fcc\u00fcn ayn\u0131 oldu\u011funu varsayarsak, farkl\u0131 modeller se\u00e7ilirse, makinenin \u00e7\u0131kt\u0131s\u0131, boyutu vb. farkl\u0131 olacakt\u0131r, bu nedenle makinenin fiyat\u0131 da farkl\u0131 olacakt\u0131r.<\/p>    <p class=\"translation-block\"><strong>G\u00fc\u00e7 se\u00e7imi<\/strong>. \u00d6rne\u011fin, SB-30D tipi pirin\u00e7 soyma makinesi se\u00e7in, \u00e7\u00fcnk\u00fc bu tip hem motor hem de dizel motor ile donat\u0131labilir, ancak her ikisinin de fiyat\u0131 farkl\u0131d\u0131r. B\u00f6ylece makinenin fiyat\u0131 da farkl\u0131 olacakt\u0131r.<\/p>    <p class=\"translation-block\"><strong>Toptan makine<\/strong>. \u00c7\u00fcnk\u00fc bu <a href=\"https:\/\/en.wikipedia.org\/wiki\/Rice_huller\" target=\"_blank\" rel=\"noreferrer noopener\">pirin\u00e7 kabu\u011fu soyma makinesi<\/a> nispeten k\u00fc\u00e7\u00fckt\u00fcr, genellikle toptan satar\u0131z. Makinenin toptan sat\u0131ld\u0131\u011f\u0131 fiyat da makineyi tek tek alman\u0131n fiyat\u0131ndan farkl\u0131d\u0131r.<\/p>   <div class=\"wp-block-image\"> <figure class=\"aligncenter size-full\"><img loading=\"lazy\" decoding=\"async\" width=\"720\" height=\"540\" src=\"https:\/\/taizyagromachine.com\/wp-content\/uploads\/2022\/10\/wholesale-rice-milling-machine.webp\" alt=\"Toptan pirin\u00e7 freze makinesi\" class=\"wp-image-3784\"\/><figcaption>Toptan pirin\u00e7 freze makinesi<\/figcaption><\/figure> <\/div>   <h2 class=\"wp-block-heading\"><strong>Pirin\u00e7 \u0130\u015fleme Makinesinin A\u015f\u0131nan Par\u00e7alar\u0131<\/strong><\/h2>    <div class=\"wp-block-media-text alignwide is-stacked-on-mobile\"><figure class=\"wp-block-media-text__media\"><img loading=\"lazy\" decoding=\"async\" width=\"540\" height=\"720\" src=\"https:\/\/taizyagromachine.com\/wp-content\/uploads\/2022\/10\/wearing-parts-of-the-rice-processing-machine.webp\" alt=\"pirin\u00e7 i\u015fleme makinesinin a\u015f\u0131nan par\u00e7alar\u0131\" class=\"wp-image-3763 size-full\"\/><\/figure><div class=\"wp-block-media-text__content\"> <p>Kau\u00e7uk rulo: 2 adet\/tak\u0131m<\/p>    <p>Demir rulo: 1 adet\/tak\u0131m<\/p>    <p>Ta\u015f\u0131ma kafas\u0131: 1 adet\/tak\u0131m <\/p>    <p>Elek: 2 adet\/tak\u0131m<\/p>    <p>Alt\u0131gen kemer: 3 adet\/tak\u0131m<\/p>    <p>Bunlar pirin\u00e7 de\u011firmeni makinesini kulland\u0131\u011f\u0131n\u0131zda sarf malzemeleridir. Bu nedenle bu k\u0131s\u0131mlara dikkat edin. Ayr\u0131ca ekstra yedek par\u00e7alar\u0131 haz\u0131r olarak sat\u0131n alabilirsiniz.<\/p> <\/div><\/div>    <h2 class=\"wp-block-heading\"><strong>Ba\u015far\u0131l\u0131 \u00d6rnek: Mozambik'e Mini Pirin\u00e7 \u00d6\u011f\u00fctme Makinesi Sat\u0131ld\u0131<\/strong><\/h2>    <p>Bu y\u0131l\u0131n haziran ay\u0131nda Mozambik'ten bir m\u00fc\u015fteri bizimle ileti\u015fime ge\u00e7ti ve WhatsApp arac\u0131l\u0131\u011f\u0131yla evdeki pirin\u00e7 de\u011firmeniyle ilgili bir soru g\u00f6nderdi. B\u00f6lgede distrib\u00fct\u00f6rl\u00fck yapmakta ve \u00e7e\u015fitli pirin\u00e7 \u00f6\u011f\u00fctme makinelerinin sat\u0131\u015f\u0131n\u0131 yapmaktad\u0131r. Y\u00f6neticimiz Winnie ona makine hakk\u0131nda bilgi verdi. \u0130nceledikten sonra ilk kez 5 adet sipari\u015f verdi ve e\u011fer i\u015fe yararsa sipari\u015f vermeye devam edece\u011fini s\u00f6yledi. Bu y\u0131l\u0131n ekim ay\u0131nda 10 adet daha sipari\u015f verdi.<\/p>    <figure class=\"wp-block-gallery aligncenter has-nested-images columns-default is-cropped wp-block-gallery-5 is-layout-flex wp-block-gallery-is-layout-flex\"> <figure class=\"wp-block-image size-full\"><img loading=\"lazy\" decoding=\"async\" width=\"720\" height=\"540\" data-id=\"3759\" src=\"https:\/\/taizyagromachine.com\/wp-content\/uploads\/2022\/10\/rice-milling-machine-for-sale.webp\" alt=\"sat\u0131l\u0131k pirin\u00e7 freze makinesi\" class=\"wp-image-3759\"\/><figcaption>sat\u0131l\u0131k pirin\u00e7 freze makinesi<\/figcaption><\/figure>    <figure class=\"wp-block-image size-full\"><img loading=\"lazy\" decoding=\"async\" width=\"720\" height=\"540\" data-id=\"3758\" src=\"https:\/\/taizyagromachine.com\/wp-content\/uploads\/2022\/10\/packages.webp\" alt=\"paketler\" class=\"wp-image-3758\"\/><figcaption>paketler<\/figcaption><\/figure> <\/figure>    <h2 class=\"wp-block-heading\"><strong>Sat\u0131l\u0131k Pirin\u00e7 \u00d6\u011f\u00fctme Makinesinin Teknik Parametreleri<\/strong><\/h2>    <figure class=\"wp-block-table\"><table><tbody><tr><td>Modeli<\/td><td>SB-05D<\/td><td>SB-10D<\/td><td>SB-30D<\/td><td>SB-50D<\/td><\/tr><tr><td>G\u00fc\u00e7<\/td><td>10hp dizel motor \/5,5 kW motor<\/td><td>15hp dizel motor\/11kW motor<\/td><td>&nbsp;&nbsp;&nbsp;&nbsp;18hp dizel motor\/15 kW motor<\/td><td>30hp dizel motor\/22kW motor<\/td><\/tr><tr><td>Kapasite<\/td><td>400-600kg\/saat<\/td><td>700-1000kg\/saat<\/td><td>&nbsp;&nbsp;&nbsp;1100-1500kg\/saat<\/td><td>1800-2300kg\/saat<\/td><\/tr><tr><td>Net a\u011f\u0131rl\u0131\u011f\u0131<\/td><td>130kg<\/td><td>230kg<\/td><td>&nbsp;&nbsp;&nbsp;&nbsp;&nbsp;270kg<\/td><td>530kg<\/td><\/tr><tr><td>Br\u00fct a\u011f\u0131rl\u0131k<\/td><td>160kg<\/td><td>&nbsp;285kg<\/td><td>&nbsp;&nbsp;&nbsp;&nbsp;&nbsp;300kg<\/td><td>580kg<\/td><\/tr><tr><td>Genel boyut<\/td><td>860*692*1290mm<\/td><td>760*730*1735mm<\/td><td>1070*760*1760mm<\/td><td>2400*1080*2080mm<\/td><\/tr><tr><td>Adet\/20GP y\u00fckleniyor<\/td><td>27 tak\u0131m<\/td><td>24 tak\u0131m<\/td><td>18 tak\u0131m<\/td><td>12 tak\u0131m<\/td><\/tr><\/tbody><\/table><\/figure>    <h2 class=\"wp-block-heading\"><strong>Taizy Pirin\u00e7 \u00d6\u011f\u00fctme Makinesinin \u00c7al\u0131\u015fma Videosu<\/strong><\/h2>    <p><\/p>    <figure class=\"wp-block-embed is-type-video is-provider-youtube wp-block-embed-youtube wp-embed-aspect-16-9 wp-has-aspect-ratio\"><div class=\"wp-block-embed__wrapper\"> <iframe loading=\"lazy\" title=\"En \u0130yi K\u00fc\u00e7\u00fck Pirin\u00e7 Freze Makinesi | Ev \u0130\u00e7in Pirin\u00e7 De\u011firmeni Makinesi #ricemilmachine\" width=\"500\" height=\"281\" src=\"https:\/\/www.youtube.com\/embed\/oXby4Zx-N4s?feature=oembed\" frameborder=\"0\" allow=\"accelerometer; autoplay; clipboard-write; encrypted-media; gyroscope; picture-in-picture; web-share\" referrerpolicy=\"strict-origin-when-cross-origin\" allowfullscreen><\/iframe> <\/div><\/figure>","protected":false},"excerpt":{"rendered":"<p>The rice milling machine uses to produce white rice, for commercial and home use. This rice miller machine is cost-effective, good quality, and durable. Besides, this machine can be powered by an electric motor or diesel engine. Unlike the rice milling unit, this Taizy rice mill machine is a small machine, which is often used [&hellip;]<\/p>\n","protected":false},"author":1,"featured_media":3783,"parent":0,"template":"","tags":[35,56,57],"product-type":[18],"class_list":["post-3756","product","type-product","status-publish","has-post-thumbnail","hentry","tag-rice-mill","tag-rice-mill-machine","tag-rice-milling-machine","product-type-rice-mill"],"_links":{"self":[{"href":"https:\/\/taizyagromachine.com\/tr\/wp-json\/wp\/v2\/product\/3756","targetHints":{"allow":["GET"]}}],"collection":[{"href":"https:\/\/taizyagromachine.com\/tr\/wp-json\/wp\/v2\/product"}],"about":[{"href":"https:\/\/taizyagromachine.com\/tr\/wp-json\/wp\/v2\/types\/product"}],"author":[{"embeddable":true,"href":"https:\/\/taizyagromachine.com\/tr\/wp-json\/wp\/v2\/users\/1"}],"wp:featuredmedia":[{"embeddable":true,"href":"https:\/\/taizyagromachine.com\/tr\/wp-json\/wp\/v2\/media\/3783"}],"wp:attachment":[{"href":"https:\/\/taizyagromachine.com\/tr\/wp-json\/wp\/v2\/media?parent=3756"}],"wp:term":[{"taxonomy":"post_tag","embeddable":true,"href":"https:\/\/taizyagromachine.com\/tr\/wp-json\/wp\/v2\/tags?post=3756"},{"taxonomy":"product-type","embeddable":true,"href":"https:\/\/taizyagromachine.com\/tr\/wp-json\/wp\/v2\/product-type?post=3756"}],"curies":[{"name":"wp","href":"https:\/\/api.w.org\/{rel}","templated":true}]}}