{"id":4091,"date":"2022-11-21T11:05:17","date_gmt":"2022-11-21T03:05:17","guid":{"rendered":"https:\/\/taizyagromachine.com\/?post_type=product&#038;p=4091"},"modified":"2025-01-02T13:50:30","modified_gmt":"2025-01-02T05:50:30","slug":"corn-sheller-maize-threshing-machine","status":"publish","type":"product","link":"https:\/\/taizyagromachine.com\/tr\/product\/corn-sheller-maize-threshing-machine\/","title":{"rendered":"M\u0131s\u0131r Soyucu | M\u0131s\u0131r Harman Makinas\u0131"},"content":{"rendered":"<p class=\"translation-block\">M\u0131s\u0131r ay\u0131klama makinesi, m\u0131s\u0131r \u00e7ift\u00e7ileri i\u00e7in faydal\u0131 olan m\u0131s\u0131r harmanlamak \u00fczere \u00f6zel olarak tasarlanm\u0131\u015ft\u0131r. Bu <a href=\"https:\/\/taizyagromachine.com\/tr\/product\/multifunctional-thresher\/\" target=\"_blank\" rel=\"noreferrer noopener\">m\u0131s\u0131r harman makinesi<\/a> yap\u0131 olarak basittir ve saatte 3-4 ton m\u0131s\u0131r harmanlama kapasitesiyle \u00e7ok verimlidir, bu da onu k\u00fc\u00e7\u00fck veya orta \u00f6l\u00e7ekli m\u0131s\u0131r yeti\u015ftiricileri i\u00e7in ideal k\u0131lar. Ayr\u0131ca, bu <a href=\"https:\/\/cornmachines.com\/corn-sheller-machine\/\" target=\"_blank\" rel=\"noreferrer noopener\">m\u0131s\u0131r ay\u0131klama makinesi<\/a> \u00e7ok uygun maliyetli, ucuz ve ayn\u0131 zamanda kaliteli bir \u00fcr\u00fcnd\u00fcr.<\/p>    <p>Bu nedenle bu m\u0131s\u0131r harman makinesi yurt i\u00e7i ve yurt d\u0131\u015f\u0131 pazarlarda olduk\u00e7a pop\u00fclerdir; Nijerya, Filipinler, Kenya vb. ihracat yapmak istedi\u011fimiz \u00fclkelerdir.<\/p>    <h2 class=\"wp-block-heading\"><strong>Sat\u0131l\u0131k M\u0131s\u0131r Soyma Makinesi \u00c7e\u015fitleri<\/strong><\/h2>    <div class=\"wp-block-columns is-layout-flex wp-container-core-columns-is-layout-9d6595d7 wp-block-columns-is-layout-flex\"> <div class=\"wp-block-column is-layout-flow wp-block-column-is-layout-flow\"><div class=\"wp-block-image\"> <figure class=\"aligncenter size-full\"><img loading=\"lazy\" decoding=\"async\" width=\"540\" height=\"600\" src=\"https:\/\/taizyagromachine.com\/wp-content\/uploads\/2022\/11\/corn-sheller-machine-for-sale.webp\" alt=\"sat\u0131l\u0131k m\u0131s\u0131r soyma makinesi\" class=\"wp-image-4099\"\/><figcaption class=\"wp-element-caption\">sat\u0131l\u0131k m\u0131s\u0131r soyma makinesi<\/figcaption><\/figure> <\/div><\/div>    <div class=\"wp-block-column is-layout-flow wp-block-column-is-layout-flow\"> <p><\/p>    <p>Taizy'nin bu m\u0131s\u0131r ay\u0131klama makinesi, m\u0131s\u0131r yeti\u015ftiricilerinin \u00e7o\u011funlu\u011funun ihtiya\u00e7lar\u0131na g\u00f6re tasarlanm\u0131\u015ft\u0131r ve son derece se\u00e7icidir. M\u0131s\u0131r soyma makinesi, g\u00fc\u00e7 deste\u011fi sa\u011flamak i\u00e7in bir elektrik motoru, benzinli motor ve dizel motorla donat\u0131labilir. \u0130lgili g\u00fc\u00e7 \u00fcnitesi m\u00fc\u015fterinin ihtiya\u00e7lar\u0131na g\u00f6re e\u015fle\u015ftirilebilir.<\/p>    <p>\u00dcstelik resimden de g\u00f6rebilece\u011finiz gibi bu makine, ta\u015f\u0131nmas\u0131 olduk\u00e7a kolay olan k\u00fc\u00e7\u00fck tekerleklerle donat\u0131labiliyor. Kullan\u0131c\u0131lar\u0131n makineyi daha rahat kullanmas\u0131n\u0131 sa\u011flayan braketler de bulunmaktad\u0131r.<\/p>    <p>M\u0131s\u0131r ay\u0131klama makinemiz, temiz ve b\u00fct\u00fcn m\u0131s\u0131r taneleri elde etmek amac\u0131yla, m\u0131s\u0131r\u0131 y\u00fcksek soyma oran\u0131nda harmanlama konusunda m\u00fckemmel bir performansa sahiptir. Bu nedenle \u00e7ift\u00e7iler i\u00e7in iyi bir yard\u0131mc\u0131d\u0131r. E\u011fer ilgileniyorsan\u0131z, bizimle ileti\u015fime ge\u00e7mekten memnuniyet duyar\u0131z!<\/p> <\/div> <\/div>    <h2 class=\"wp-block-heading\"><strong>M\u0131s\u0131r Soyma Makinas\u0131 Tasar\u0131m\u0131<\/strong><\/h2>    <p>Asl\u0131nda a\u015fa\u011f\u0131daki resimlerden de g\u00f6rebilece\u011finiz gibi makine tasar\u0131m\u0131m\u0131z olduk\u00e7a basit olup ba\u015fl\u0131ca m\u0131s\u0131r giri\u015fi, m\u0131s\u0131r \u00e7\u0131k\u0131\u015f\u0131, m\u0131s\u0131r tohumu \u00e7\u0131k\u0131\u015f\u0131, g\u00fc\u00e7 sistemi, braket vb. par\u00e7alardan olu\u015fmaktad\u0131r. Kullan\u0131m\u0131 olduk\u00e7a kullan\u0131\u015fl\u0131 ve kolayd\u0131r. <\/p>    <p>M\u0131s\u0131r harman makinesi bir b\u00fct\u00fcn olarak basit ve g\u00fczel g\u00f6r\u00fcn\u00fcyor, \u00e7ok \u00e7ekici ve bu makine paran\u0131z\u0131n kar\u015f\u0131l\u0131\u011f\u0131n\u0131 veriyor ve toptan sat\u0131\u015f i\u00e7in \u00e7ok uygun.<\/p>   <div class=\"wp-block-image\"> <figure class=\"aligncenter size-full\"><img loading=\"lazy\" decoding=\"async\" width=\"720\" height=\"540\" src=\"https:\/\/taizyagromachine.com\/wp-content\/uploads\/2022\/11\/corn-sheller-machine-structure.webp\" alt=\"m\u0131s\u0131r soyma makinesi yap\u0131s\u0131\" class=\"wp-image-4104\"\/><figcaption class=\"wp-element-caption\">m\u0131s\u0131r soyma makinesi yap\u0131s\u0131<\/figcaption><\/figure> <\/div>   <h2 class=\"wp-block-heading\"><strong>M\u0131s\u0131r Soyucu Nas\u0131l \u00c7al\u0131\u015f\u0131r?<\/strong><\/h2>    <p>Asl\u0131nda \u00e7al\u0131\u015fma prensibini anlamak \u00e7ok kolayd\u0131r. M\u0131s\u0131r giri\u015ften beslenir ve ko\u00e7an ve \u00e7ekirdekler i\u00e7eriden ayr\u0131l\u0131r, ard\u0131ndan \u00e7ekirdekler elekten d\u0131\u015far\u0131 s\u0131zarken ko\u00e7anlar makinenin ucundan d\u0131\u015far\u0131 at\u0131l\u0131r. Bu i\u015flem harmanda \u00e7ok h\u0131zl\u0131 ve etkilidir. Ayr\u0131ca kullan\u0131mdan \u00f6nce uygun \u015fekilde kontrol edilmesi gerekir.<\/p>    <figure class=\"wp-block-gallery aligncenter has-nested-images columns-default is-cropped wp-block-gallery-2 is-layout-flex wp-block-gallery-is-layout-flex\"> <figure class=\"wp-block-image size-full\"><img loading=\"lazy\" decoding=\"async\" width=\"750\" height=\"750\" data-id=\"4113\" src=\"https:\/\/taizyagromachine.com\/wp-content\/uploads\/2022\/11\/working-scene-of-the-corn-sheller-machine.webp\" alt=\"m\u0131s\u0131r soyma makinesinin \u00e7al\u0131\u015fma sahnesi\" class=\"wp-image-4113\"\/><figcaption class=\"wp-element-caption\">m\u0131s\u0131r soyma makinesinin \u00e7al\u0131\u015fma sahnesi<\/figcaption><\/figure>    <figure class=\"wp-block-image size-full\"><img loading=\"lazy\" decoding=\"async\" width=\"750\" height=\"750\" data-id=\"4112\" src=\"https:\/\/taizyagromachine.com\/wp-content\/uploads\/2022\/11\/corn-kernels.webp\" alt=\"m\u0131s\u0131r taneleri\" class=\"wp-image-4112\"\/><figcaption class=\"wp-element-caption\">m\u0131s\u0131r taneleri<\/figcaption><\/figure> <\/figure>    <h2 class=\"wp-block-heading\"><strong>Toptan M\u0131s\u0131r M\u0131s\u0131r Harman Makinesi <\/strong><\/h2>    <p class=\"translation-block\">Taizy m\u0131s\u0131r ay\u0131klama makinesi paran\u0131n kar\u015f\u0131l\u0131\u011f\u0131n\u0131 fazlas\u0131yla verir, bu nedenle m\u00fc\u015fterilerin 5 adetle ba\u015flay\u0131p onlarca veya y\u00fczlerce adet sat\u0131n almas\u0131 yayg\u0131n bir durumdur. \u00d6rne\u011fin, bu y\u0131l\u0131n ekim ay\u0131nda <a href=\"https:\/\/taizyagromachine.com\/tr\/info\/corn-thresher-philippines\/\" target=\"_blank\" rel=\"noreferrer noopener\">Filipinler'e bu m\u0131s\u0131r harman makinelerinden 10 adet sevk ettik<\/a>. Makineler y\u00fcklendi\u011finde, genellikle a\u015fa\u011f\u0131da g\u00f6sterilen \u015fekilde y\u00fcklenir ve deneyimli personelimiz makineleri nakliye s\u0131ras\u0131nda hasardan maksimum d\u00fczeyde korunacak \u015fekilde y\u00fckler.<\/p>    <figure class=\"wp-block-gallery aligncenter has-nested-images columns-default is-cropped wp-block-gallery-3 is-layout-flex wp-block-gallery-is-layout-flex\"> <figure class=\"wp-block-image size-full\"><img loading=\"lazy\" decoding=\"async\" width=\"720\" height=\"540\" data-id=\"4115\" src=\"https:\/\/taizyagromachine.com\/wp-content\/uploads\/2022\/11\/maize-sheller-ready-for-load.webp\" alt=\"m\u0131s\u0131r-kabartma-y\u00fcklemeye-haz\u0131r\" class=\"wp-image-4115\"\/><figcaption class=\"wp-element-caption\">m\u0131s\u0131r soyma makinesi <\/figcaption><\/figure>    <figure class=\"wp-block-image size-full\"><img loading=\"lazy\" decoding=\"async\" width=\"720\" height=\"540\" data-id=\"4114\" src=\"https:\/\/taizyagromachine.com\/wp-content\/uploads\/2022\/11\/load-in-the-container.webp\" alt=\"konteynere y\u00fckleme\" class=\"wp-image-4114\"\/><figcaption class=\"wp-element-caption\">M\u0131s\u0131r soyma makinesini konteynere y\u00fckleyin<\/figcaption><\/figure>    <figure class=\"wp-block-image size-large\"><img loading=\"lazy\" decoding=\"async\" width=\"720\" height=\"540\" data-id=\"4116\" src=\"https:\/\/taizyagromachine.com\/wp-content\/uploads\/2022\/11\/wholesale-corn-thresher.webp\" alt=\"toptan-m\u0131s\u0131r harmanlay\u0131c\u0131\" class=\"wp-image-4116\"\/><figcaption class=\"wp-element-caption\">toptan m\u0131s\u0131r harmanlay\u0131c\u0131<\/figcaption><\/figure> <\/figure>    <h2 class=\"wp-block-heading\"><strong>M\u0131s\u0131r Kabuk soyma Makinesinin Teknik Parametreleri<\/strong><\/h2>    <figure class=\"wp-block-table\"><table><tbody><tr><td>Modeli<\/td><td>SL-B<\/td><\/tr><tr><td>G\u00fc\u00e7<\/td><td>170F benzinli motor veya 2.2kw motor veya dizel motor<\/td><\/tr><tr><td>Kapasite<\/td><td>3t-4t\/saat<\/td><\/tr><tr><td>Boyut<\/td><td>1300*400*900mm<\/td><\/tr><tr><td>A\u011f\u0131rl\u0131k<\/td><td>71 kg<\/td><\/tr><\/tbody><\/table><\/figure>    <h2 class=\"wp-block-heading\"><strong>M\u0131s\u0131r Kabuk soyucu Harman Makinesi Videosu \u2013 Tar\u0131msal \u00c7iftlik Kullan\u0131m\u0131<\/strong><\/h2>    <figure class=\"wp-block-embed is-type-video is-provider-youtube wp-block-embed-youtube wp-embed-aspect-16-9 wp-has-aspect-ratio\"><div class=\"wp-block-embed__wrapper\"> <iframe loading=\"lazy\" title=\"M\u00fckemmel Performansl\u0131 M\u0131s\u0131r Kabuk soyma Makinesi | Taizy 2022 #corn&#039;dan M\u0131s\u0131r Harman Makinesi\" width=\"500\" height=\"281\" src=\"https:\/\/www.youtube.com\/embed\/Qe2O6ylATT8?feature=oembed\" frameborder=\"0\" allow=\"accelerometer; autoplay; clipboard-write; encrypted-media; gyroscope; picture-in-picture; web-share\" referrerpolicy=\"strict-origin-when-cross-origin\" allowfullscreen><\/iframe> <\/div><\/figure>","protected":false},"excerpt":{"rendered":"<p>The corn sheller is specially designed for threshing maize beneficial to corn farmers. This corn thresher is simple in structure and very efficient, capable of threshing 3-4 tons of corn per hour, making it ideal for small or medium-sized corn growers. Besides, this maize threshing machine is very cost-effective, cheap and of good quality at [&hellip;]<\/p>\n","protected":false},"author":1,"featured_media":4092,"parent":0,"template":"","tags":[191,195,200],"product-type":[17],"class_list":["post-4091","product","type-product","status-publish","has-post-thumbnail","hentry","tag-corn-sheller","tag-corn-thresher","tag-maize-threshing-machine","product-type-corn-machine"],"_links":{"self":[{"href":"https:\/\/taizyagromachine.com\/tr\/wp-json\/wp\/v2\/product\/4091","targetHints":{"allow":["GET"]}}],"collection":[{"href":"https:\/\/taizyagromachine.com\/tr\/wp-json\/wp\/v2\/product"}],"about":[{"href":"https:\/\/taizyagromachine.com\/tr\/wp-json\/wp\/v2\/types\/product"}],"author":[{"embeddable":true,"href":"https:\/\/taizyagromachine.com\/tr\/wp-json\/wp\/v2\/users\/1"}],"wp:featuredmedia":[{"embeddable":true,"href":"https:\/\/taizyagromachine.com\/tr\/wp-json\/wp\/v2\/media\/4092"}],"wp:attachment":[{"href":"https:\/\/taizyagromachine.com\/tr\/wp-json\/wp\/v2\/media?parent=4091"}],"wp:term":[{"taxonomy":"post_tag","embeddable":true,"href":"https:\/\/taizyagromachine.com\/tr\/wp-json\/wp\/v2\/tags?post=4091"},{"taxonomy":"product-type","embeddable":true,"href":"https:\/\/taizyagromachine.com\/tr\/wp-json\/wp\/v2\/product-type?post=4091"}],"curies":[{"name":"wp","href":"https:\/\/api.w.org\/{rel}","templated":true}]}}