{"id":4358,"date":"2022-12-27T13:53:59","date_gmt":"2022-12-27T05:53:59","guid":{"rendered":"https:\/\/taizyagromachine.com\/?post_type=product&#038;p=4358"},"modified":"2025-12-18T15:02:32","modified_gmt":"2025-12-18T07:02:32","slug":"sorghum-threshing-machine","status":"publish","type":"product","link":"https:\/\/taizyagromachine.com\/tr\/product\/sorghum-threshing-machine\/","title":{"rendered":"Dar\u0131, Sorgum, Kolza i\u00e7in \u00c7ok Ama\u00e7l\u0131 Sorgum Harman Makinesi"},"content":{"rendered":"<p>5TGQ serisi sorgum harman makinesi, firmam\u0131z taraf\u0131ndan \u00f6zellikle sorgum, dar\u0131 ve kolza tohumu i\u00e7in geli\u015ftirilmi\u015f bir kabuk soyma makinesidir. 99%'nin \u00fczerinde harmanlama oran\u0131yla bu makine, rakipsiz bir tah\u0131l harmanlay\u0131c\u0131d\u0131r.<\/p>    <p class=\"translation-block\">Bir <a href=\"https:\/\/taizyagromachine.com\/tr\/\" target=\"_blank\" rel=\"noreferrer noopener\">tar\u0131m makineleri \u00fcreticisi ve tedarik\u00e7isi<\/a> olarak, \u00fc\u00e7 modelimiz bulunmaktad\u0131r: 5TGQ-100A, 5TGQ-100B ve 5TGQ-100C. \u00c7\u0131k\u0131\u015fa ba\u011fl\u0131 olarak farkl\u0131 modeller mevcuttur. Bunun yan\u0131 s\u0131ra, tah\u0131l harman makinelerimiz genellikle \u00e7e\u015fitli devlet projeleri i\u00e7in Afrika h\u00fck\u00fcmetleri taraf\u0131ndan sat\u0131n al\u0131nmaktad\u0131r.<\/p>    <h2 class=\"wp-block-heading\"><strong>Sorgum, Dar\u0131, Kolza Tohumu i\u00e7in \u00c7oklu Mahsul Harman Makinesi \u00c7e\u015fitleri<\/strong><\/h2>    <p>Taizy'de her biri kendine has \u00f6zelliklere sahip \u00fc\u00e7 \u00e7e\u015fit sorgum harman makinemiz var. A\u015fa\u011f\u0131da her birinin tan\u0131t\u0131m\u0131n\u0131 bulacaks\u0131n\u0131z. A\u015fa\u011f\u0131dakilerin \u00fc\u00e7 farkl\u0131 t\u00fcrdeki sorgum harman makinemizi daha iyi anlaman\u0131za yard\u0131mc\u0131 olaca\u011f\u0131n\u0131 ve bu makine hakk\u0131nda temel bir anlay\u0131\u015f sa\u011flayaca\u011f\u0131n\u0131 umuyoruz.<\/p>    <h3 class=\"wp-block-heading\"><strong>Tip 1: 1000kg\/saat Sorgum Soyma Makinas\u0131<\/strong><\/h3>    <div class=\"wp-block-media-text alignwide is-stacked-on-mobile\"><figure class=\"wp-block-media-text__media\"><img loading=\"lazy\" decoding=\"async\" width=\"540\" height=\"720\" src=\"https:\/\/taizyagromachine.com\/wp-content\/uploads\/2022\/12\/large-sorghum-threshing-machine.webp\" alt=\"b\u00fcy\u00fck sorgum harman makinesi\" class=\"wp-image-4392 size-full\"\/><\/figure><div class=\"wp-block-media-text__content\"> <p>Bu tip sorgum harmanlay\u0131c\u0131, \u00fc\u00e7 modelin en b\u00fcy\u00fc\u011f\u00fcd\u00fcr. Bu makinenin saatte 1000 kg \u00fcretim kapasitesi vard\u0131r ve olduk\u00e7a verimlidir. B\u00fcy\u00fck \u00f6l\u00e7ekli harman yapmak isteyen \u00e7ift\u00e7iler i\u00e7in bu makine \u00e7ok yard\u0131mc\u0131 oluyor.<\/p>    <p>Sadece bu de\u011fil, bu makine ayn\u0131 zamanda bir elektrik motoruyla, dizel motorla veya bir PTO'ya ba\u011flanarak hareket etmeyi \u00e7ok kolayla\u015ft\u0131r\u0131yor. Bu makineyle ilgileniyorsan\u0131z, l\u00fctfen bizimle ileti\u015fime ge\u00e7in!<\/p> <\/div><\/div>    <h3 class=\"wp-block-heading\"><strong>Tip 2: 500-600kg\/saat <a href=\"https:\/\/taizyagromachine.com\/tr\/product\/multifunctional-thresher\/\" target=\"_blank\" rel=\"noreferrer noopener\">\u00c7ok Ama\u00e7l\u0131 Harman Makinas\u0131<\/a><\/strong><\/h3>    <p>Bu sorgum harman makinesi, Taizy'de s\u0131cak sat\u0131\u015f yapan bir t\u00fcr makinedir ve s\u0131kl\u0131kla, her zaman dolu konteynerlerle merkezi sat\u0131n al\u0131mlar yapan yabanc\u0131 m\u00fc\u015fterilerimiz olur. Saatte 500-600 kg \u00fcretim kapasitesine sahip bu makine, k\u00fc\u00e7\u00fck ve orta \u00f6l\u00e7ekli yeti\u015ftiriciler i\u00e7in idealdir. Makine ayn\u0131 zamanda hay\u0131r kurumlar\u0131 aras\u0131nda da olduk\u00e7a pop\u00fcler.<\/p>    <p>Sorgum Sheller makinesi bir dizel motor, elektrik motoru veya PTO taraf\u0131ndan \u00e7al\u0131\u015fan bir kullan\u0131labilir. Elektrikten yoksun insanlar i\u00e7in \u00e7ok dostu. Herhangi bir ihtiya\u00e7 varsa, hemen bizimle ileti\u015fime ge\u00e7in!<\/p>    <figure class=\"wp-block-gallery aligncenter has-nested-images columns-default is-cropped wp-block-gallery-2 is-layout-flex wp-block-gallery-is-layout-flex\"> <figure class=\"wp-block-image size-large\"><img loading=\"lazy\" decoding=\"async\" width=\"720\" height=\"540\" data-id=\"4378\" src=\"https:\/\/taizyagromachine.com\/wp-content\/uploads\/2022\/12\/diesel-engine-thresher-machine.webp\" alt=\"dizel motorlu harman makinesi\" class=\"wp-image-4378\"\/><figcaption class=\"wp-element-caption\">dizel motorlu harman makinesi<\/figcaption><\/figure>    <figure class=\"wp-block-image size-large\"><img loading=\"lazy\" decoding=\"async\" width=\"720\" height=\"540\" data-id=\"4379\" src=\"https:\/\/taizyagromachine.com\/wp-content\/uploads\/2022\/12\/electric-motor-sorghum-thresher.webp\" alt=\"elektrik motorlu sorgum harman makinesi\" class=\"wp-image-4379\"\/><figcaption class=\"wp-element-caption\">elektrik motorlu sorgum harman makinesi<\/figcaption><\/figure>    <figure class=\"wp-block-image size-large\"><img loading=\"lazy\" decoding=\"async\" width=\"720\" height=\"540\" data-id=\"4380\" src=\"https:\/\/taizyagromachine.com\/wp-content\/uploads\/2022\/12\/PTO-driven-crop-thresher.webp\" alt=\"PTO tahrikli mahsul harmanlay\u0131c\u0131\" class=\"wp-image-4380\"\/><figcaption class=\"wp-element-caption\">PTO tahrikli mahsul harmanlay\u0131c\u0131<\/figcaption><\/figure> <\/figure>    <h4 class=\"wp-block-heading\"><strong>5TGQ-100A ve 5TGQ-100B \u00c7oklu mahsul harmanlama makinesinin yap\u0131s\u0131<\/strong><\/h4>    <figure class=\"wp-block-gallery aligncenter has-nested-images columns-default is-cropped wp-block-gallery-3 is-layout-flex wp-block-gallery-is-layout-flex\"> <figure class=\"wp-block-image size-large\"><img loading=\"lazy\" decoding=\"async\" width=\"540\" height=\"900\" data-id=\"4390\" src=\"https:\/\/taizyagromachine.com\/wp-content\/uploads\/2022\/12\/big-sorghum-thresher-structure.webp\" alt=\"b\u00fcy\u00fck sorgum harman yap\u0131s\u0131\" class=\"wp-image-4390\"\/><figcaption class=\"wp-element-caption\">b\u00fcy\u00fck sorgum harman yap\u0131s\u0131<\/figcaption><\/figure>    <figure class=\"wp-block-image size-large\"><img loading=\"lazy\" decoding=\"async\" width=\"540\" height=\"900\" data-id=\"4391\" src=\"https:\/\/taizyagromachine.com\/wp-content\/uploads\/2022\/12\/PTO-big-tires.webp\" alt=\"PTO ve b\u00fcy\u00fck lastikler\" class=\"wp-image-4391\"\/><figcaption class=\"wp-element-caption\">PTO ve b\u00fcy\u00fck lastikler<\/figcaption><\/figure> <\/figure>    <figure class=\"wp-block-table\"><table><tbody><tr><td>G\/G<\/td><td>Makine par\u00e7as\u0131<\/td><td>G\/G<\/td><td>Makine par\u00e7as\u0131<\/td><\/tr><tr><td>1<\/td><td>Giri\u015f<\/td><td>4<\/td><td>Toz \u00e7\u0131k\u0131\u015f\u0131<\/td><\/tr><tr><td>2<\/td><td>Ekran a\u011f\u0131<\/td><td>5<\/td><td>Icker \u00e7\u0131k\u0131\u015f\u0131<\/td><\/tr><tr><td>3<\/td><td>\u00c7\u0131k\u0131\u015f<\/td><td>6<\/td><td>Dizel motor<\/td><\/tr><\/tbody><\/table><\/figure>    <p>Bu sorgum harman makinesi, bir motorla da mevcuttur, PTO ve bu makine m\u00fc\u015fterinin ihtiya\u00e7lar\u0131na ba\u011fl\u0131 olarak b\u00fcy\u00fck lastiklerle donat\u0131labilir.<\/p>    <h3 class=\"wp-block-heading\"><strong>Tip 3: 400kg\/saat Sorgum Harman Makinas\u0131<\/strong><\/h3>    <p>Bu makine \u00fc\u00e7\u00fcn\u00fcn en k\u00fc\u00e7\u00fc\u011f\u00fcd\u00fcr ve k\u00fc\u00e7\u00fck \u00f6l\u00e7ekli yeti\u015ftiriciler i\u00e7in uygundur. Saatte 400 kg'l\u0131k bir \u00e7\u0131kt\u0131 ile bu makine \u00e7ok ekonomiktir. M\u00fc\u015fterinin ihtiya\u00e7lar\u0131na ba\u011fl\u0131 olarak elektrik, benzin veya dizel motorlarla da kullan\u0131labilir.<\/p>    <p>Hangi tip sorgum harman makinesinin sizin i\u00e7in uygun oldu\u011fundan emin de\u011filseniz bizimle ileti\u015fime ge\u00e7ebilirsiniz; profesyonellerimiz ihtiya\u00e7lar\u0131n\u0131za en uygun makine tipini \u00f6nerecektir!<\/p>    <figure class=\"wp-block-gallery aligncenter has-nested-images columns-default is-cropped wp-block-gallery-4 is-layout-flex wp-block-gallery-is-layout-flex\"> <figure class=\"wp-block-image size-large\"><img loading=\"lazy\" decoding=\"async\" width=\"720\" height=\"540\" data-id=\"4383\" src=\"https:\/\/taizyagromachine.com\/wp-content\/uploads\/2022\/12\/electric-motor-sorghum-threshing-machine.webp\" alt=\"elektrik motorlu sorgum harman makinesi\" class=\"wp-image-4383\"\/><figcaption class=\"wp-element-caption\">elektrik motorlu sorgum harman makinesi<\/figcaption><\/figure>    <figure class=\"wp-block-image size-large\"><img loading=\"lazy\" decoding=\"async\" width=\"720\" height=\"540\" data-id=\"4384\" src=\"https:\/\/taizyagromachine.com\/wp-content\/uploads\/2022\/12\/small-sorghum-millet-thresher.webp\" alt=\"k\u00fc\u00e7\u00fck sorgum dar\u0131 harman makinesi\" class=\"wp-image-4384\"\/><figcaption class=\"wp-element-caption\">k\u00fc\u00e7\u00fck sorgum dar\u0131 harman makinesi<\/figcaption><\/figure>    <figure class=\"wp-block-image size-large\"><img loading=\"lazy\" decoding=\"async\" width=\"720\" height=\"540\" data-id=\"4382\" src=\"https:\/\/taizyagromachine.com\/wp-content\/uploads\/2022\/12\/5TGQ-100C-sheller-machine.webp\" alt=\"5TGQ-100C kabuk soyma makinesi\" class=\"wp-image-4382\"\/><figcaption class=\"wp-element-caption\">5TGQ-100C kabuk soyma makinesi<\/figcaption><\/figure> <\/figure>    <h4 class=\"wp-block-heading\"><strong>5TGQ-100C Dar\u0131 Sorgum Harman\u0131n\u0131n Yap\u0131s\u0131 <\/strong><\/h4>   <div class=\"wp-block-image\"> <figure class=\"aligncenter size-full\"><img loading=\"lazy\" decoding=\"async\" width=\"720\" height=\"540\" src=\"https:\/\/taizyagromachine.com\/wp-content\/uploads\/2022\/12\/structure-of-small-sorghum-threshing-machine.webp\" alt=\"k\u00fc\u00e7\u00fck sorgum harman makinesinin yap\u0131s\u0131\" class=\"wp-image-4388\"\/><figcaption class=\"wp-element-caption\">k\u00fc\u00e7\u00fck sorgum harman makinesinin yap\u0131s\u0131<\/figcaption><\/figure> <\/div>   <figure class=\"wp-block-table\"><table><tbody><tr><td>G\/G<\/td><td>Belirtilen i\u00e7erik<\/td><\/tr><tr><td>A<\/td><td>Giri\u015f - \u0130\u015f\u00e7iler hammaddeleri giri\u015fe koydu<\/td><\/tr><tr><td>B<\/td><td>Icker Outlet - Icker \u00e7\u0131k\u0131\u015ftan taburcu edilecek<\/td><\/tr><tr><td>C<\/td><td>Tohum Outlet - \u0130yi final \u00fcr\u00fcnleri i\u00e7in bu \u00e7\u0131k\u0131\u015f ve son \u00fcr\u00fcnler \u00e7ok temiz olacak<\/td><\/tr><tr><td>D<\/td><td>Safs\u0131zl\u0131k \u00c7\u0131k\u0131\u015f\u0131 - Toz bu \u00e7\u0131k\u0131\u015ftan bo\u015falt\u0131lacak<\/td><\/tr><tr><td>e<\/td><td>Motor - Bu elektrik motoru benzin veya dizel motorlara de\u011fi\u015ftirilebilir<\/td><\/tr><\/tbody><\/table><\/figure>    <h2 class=\"wp-block-heading\"><strong>Taizy Sorgum Harman Makinesi Uygulamalar\u0131<\/strong><\/h2>    <p>\u00c7ok fonksiyonlu tah\u0131l bi\u00e7erd\u00f6verimiz esas olarak sorgum, dar\u0131 ve kanola hasad\u0131 i\u00e7in kullan\u0131l\u0131r ve uygulamalar\u0131 bu \u00fc\u00e7 tah\u0131la benzerdir. Herhangi bir sorunuz varsa, bizimle ileti\u015fime ge\u00e7ebilirsiniz ve sat\u0131\u015f m\u00fcd\u00fcr\u00fcm\u00fcz tah\u0131llar\u0131n\u0131za g\u00f6re size uygun makineyi \u00f6nerecektir!<\/p>   <div class=\"wp-block-image\"> <figure class=\"aligncenter size-full\"><img loading=\"lazy\" decoding=\"async\" width=\"720\" height=\"540\" src=\"https:\/\/taizyagromachine.com\/wp-content\/uploads\/2022\/12\/applications-of-sorghum-thresher-machine.webp\" alt=\"sorgum harman makinesinin uygulamalar\u0131\" class=\"wp-image-4374\"\/><figcaption class=\"wp-element-caption\">sorgum harman makinesinin uygulamalar\u0131<\/figcaption><\/figure> <\/div>   <h2 class=\"wp-block-heading\"><strong>Dar\u0131 Sorgum Harman\u0131n\u0131n \u00d6zellikleri<\/strong><\/h2>    <ol class=\"wp-block-list\"> <li>Bu harman makinesi sorgum, dar\u0131 ve kolza tohumunu 99% harman h\u0131z\u0131yla harmanlayabilir.<\/li>    <li>Bu makine hem elektrik motoruyla hem de dizel motorla kullan\u0131labildi\u011finden, elektri\u011fin daha az geli\u015fmi\u015f oldu\u011fu b\u00f6lgeler i\u00e7in \u00e7ok uygundur.<\/li>    <li>Sorgum harman makinesi bilimsel olarak tasarlanm\u0131\u015f, yap\u0131sal olarak sa\u011flam, sa\u011flam ve kullan\u0131m\u0131 kolayd\u0131r.<\/li>    <li>Makine farkl\u0131 tah\u0131llar i\u00e7in tasarlanm\u0131\u015ft\u0131r ve uyumlu bir elekle de\u011fi\u015ftirilmesi gerekir.<\/li>    <li>Makine b\u00fcy\u00fck bir tekerlekle donat\u0131labilece\u011fi gibi, PTO ba\u011flant\u0131s\u0131 ve trakt\u00f6rle de kullan\u0131labilmektedir ki bu da olduk\u00e7a kullan\u0131\u015fl\u0131d\u0131r.<\/li> <\/ol>    <h2 class=\"wp-block-heading\"><strong>Taizy Sorgum Harman Makinesinin Ba\u015far\u0131l\u0131 \u00d6rnekleri<\/strong><\/h2>    <p>Sorgum kabuk soyma makinemiz uluslararas\u0131 pazarda, genellikle perakende ihracat i\u00e7in olduk\u00e7a pop\u00fclerdir ve m\u00fc\u015fterilerimiz, makinelerimizi h\u00fck\u00fcmet projeleri veya devlet al\u0131mlar\u0131 i\u00e7in her defas\u0131nda b\u00fcy\u00fck miktarlarda sat\u0131n al\u0131r. \u00d6rne\u011fin Kenya, Nijerya ve di\u011fer \u00fclkeler. A\u015fa\u011f\u0131daki resimde m\u00fc\u015fteri b\u00fcy\u00fck miktarda harman makinesi sat\u0131n ald\u0131\u011f\u0131nda yapt\u0131\u011f\u0131m\u0131z ta\u015f\u0131man\u0131n sahneleri g\u00f6sterilmektedir.<\/p>    <figure class=\"wp-block-gallery aligncenter has-nested-images columns-default is-cropped wp-block-gallery-5 is-layout-flex wp-block-gallery-is-layout-flex\"> <figure class=\"wp-block-image size-large\"><img loading=\"lazy\" decoding=\"async\" width=\"540\" height=\"720\" data-id=\"4365\" src=\"https:\/\/taizyagromachine.com\/wp-content\/uploads\/2022\/12\/packing-sorghum-thresher-machine.webp\" alt=\"paketleme sorgum harman makinesi\" class=\"wp-image-4365\"\/><figcaption class=\"wp-element-caption\">paketleme sorgum harman makinesi<\/figcaption><\/figure>    <figure class=\"wp-block-image size-large\"><img loading=\"lazy\" decoding=\"async\" width=\"540\" height=\"720\" data-id=\"4366\" src=\"https:\/\/taizyagromachine.com\/wp-content\/uploads\/2022\/12\/sorghum-threshing-machine-1.webp\" alt=\"sorgum harman makinesi\" class=\"wp-image-4366\"\/><figcaption class=\"wp-element-caption\">sorgum harman makinesi<\/figcaption><\/figure> <\/figure>    <h2 class=\"wp-block-heading\"><strong>Sorgum Harman Makinas\u0131n\u0131n Teknik Parametreleri<\/strong><\/h2>    <figure class=\"wp-block-table\"><table><tbody><tr><td>Modeli<\/td><td>5TGQ-100A<\/td><td>5TGQ-100B<\/td><td>5TGQ-100C<\/td><\/tr><tr><td>G\u00fc\u00e7<\/td><td>7,5-11kw veya 12-15hp<\/td><td>4-5.5kw veya 6-8hp<\/td><td>3kw veya 6hp<\/td><\/tr><tr><td>Soyma oran\u0131<\/td><td>99%<\/td><td>99%<\/td><td>99%<\/td><\/tr><tr><td>Kapasite<\/td><td>1000kg\/saat<\/td><td>500-600kg\/saat<\/td><td>400kg\/saat<\/td><\/tr><tr><td>A\u011f\u0131rl\u0131k<\/td><td>300kg<\/td><td>200kg<\/td><td>120kg<\/td><\/tr><tr><td>Boyut<\/td><td>1800*1000*2300mm<\/td><td>1700*900*2000mm<\/td><td>1650*1200*950mm<\/td><\/tr><tr><td>Ambalaj<\/td><td>1800*800*1700mm<\/td><td>1700*530*1300mm<\/td><td>1650*530*930mm<\/td><\/tr><\/tbody><\/table><\/figure>    <h2 class=\"wp-block-heading\"><strong>Taizy Sorgum Harman Makinesi Videosu<\/strong> <strong>- Sorgum'u nas\u0131l bo\u011fulur, dar\u0131?<\/strong><\/h2>    <figure class=\"wp-block-embed is-type-video is-provider-youtube wp-block-embed-youtube wp-embed-aspect-16-9 wp-has-aspect-ratio\"><div class=\"wp-block-embed__wrapper\"> <iframe loading=\"lazy\" title=\"Dar\u0131, \u0130nci Dar\u0131, Sorgum, Kolza Tohumu-\u00c7ok Fonksiyonlu Harman i\u00e7in Taizy Sorgum Harman Makinesi\" width=\"500\" height=\"281\" src=\"https:\/\/www.youtube.com\/embed\/ypdBGXZhrZs?feature=oembed\" frameborder=\"0\" allow=\"accelerometer; autoplay; clipboard-write; encrypted-media; gyroscope; picture-in-picture; web-share\" referrerpolicy=\"strict-origin-when-cross-origin\" allowfullscreen><\/iframe> <\/div><\/figure>","protected":false},"excerpt":{"rendered":"<p>The 5TGQ series sorghum threshing machine is a sheller developed by our company specifically for sorghum, millet, and rapeseed. With a threshing rate of over 99%, this machine is an unbeatable grain thresher. As a professional manufacturer and supplier of agricultural machinery, there are three models: 5TGQ-100A, 5TGQ-100B, and 5TGQ-100C. Different models are available depending [&hellip;]<\/p>\n","protected":false},"author":1,"featured_media":4359,"parent":0,"template":"","tags":[198,207],"product-type":[22],"class_list":["post-4358","product","type-product","status-publish","has-post-thumbnail","hentry","tag-multifunctional-thresher","tag-sorghum-threshing-machine","product-type-others"],"_links":{"self":[{"href":"https:\/\/taizyagromachine.com\/tr\/wp-json\/wp\/v2\/product\/4358","targetHints":{"allow":["GET"]}}],"collection":[{"href":"https:\/\/taizyagromachine.com\/tr\/wp-json\/wp\/v2\/product"}],"about":[{"href":"https:\/\/taizyagromachine.com\/tr\/wp-json\/wp\/v2\/types\/product"}],"author":[{"embeddable":true,"href":"https:\/\/taizyagromachine.com\/tr\/wp-json\/wp\/v2\/users\/1"}],"wp:featuredmedia":[{"embeddable":true,"href":"https:\/\/taizyagromachine.com\/tr\/wp-json\/wp\/v2\/media\/4359"}],"wp:attachment":[{"href":"https:\/\/taizyagromachine.com\/tr\/wp-json\/wp\/v2\/media?parent=4358"}],"wp:term":[{"taxonomy":"post_tag","embeddable":true,"href":"https:\/\/taizyagromachine.com\/tr\/wp-json\/wp\/v2\/tags?post=4358"},{"taxonomy":"product-type","embeddable":true,"href":"https:\/\/taizyagromachine.com\/tr\/wp-json\/wp\/v2\/product-type?post=4358"}],"curies":[{"name":"wp","href":"https:\/\/api.w.org\/{rel}","templated":true}]}}