{"id":4407,"date":"2022-12-29T11:06:32","date_gmt":"2022-12-29T03:06:32","guid":{"rendered":"https:\/\/taizyagromachine.com\/?post_type=product&#038;p=4407"},"modified":"2022-12-29T16:34:35","modified_gmt":"2022-12-29T08:34:35","slug":"corn-peeling-machine","status":"publish","type":"product","link":"https:\/\/taizyagromachine.com\/tr\/product\/corn-peeling-machine\/","title":{"rendered":"M\u0131s\u0131r Kabu\u011fu Kald\u0131rmak i\u00e7in K\u00fc\u00e7\u00fck M\u0131s\u0131r Soyma Makinesi"},"content":{"rendered":"<p class=\"translation-block\">Bu m\u0131s\u0131r soyma makinesi esas olarak bir sonraki i\u015flem haz\u0131rl\u0131\u011f\u0131 i\u00e7in m\u0131s\u0131r kabu\u011funu soymak i\u00e7in kullan\u0131l\u0131r. Ayr\u0131ca bu makine bu\u011fday i\u00e7in de kullan\u0131labilir. Soyma i\u015fleminden sonra, ince toz haline getirmek i\u00e7in her zaman <a href=\"https:\/\/taizyagromachine.com\/tr\/product\/disk-mill-machine\/\" target=\"_blank\" rel=\"noreferrer noopener\">m\u0131s\u0131r \u00f6\u011f\u00fctme makinesi<\/a> ile birlikte \u00e7al\u0131\u015f\u0131r. <\/p>    <p class=\"translation-block\">Zaman\u0131n geli\u015fmesiyle birlikte tar\u0131m makinelerimizde de h\u0131zl\u0131 de\u011fi\u015fimler ya\u015fan\u0131yor, <a href=\"https:\/\/taizyagromachine.com\/tr\/product\/maize-grits-milling-machine\/\" target=\"_blank\" rel=\"noreferrer noopener\">m\u0131s\u0131r \u00f6\u011f\u00fctme makinesi<\/a> kullanarak hem m\u0131s\u0131r soyma hem de m\u0131s\u0131r \u00f6\u011f\u00fctme i\u015flevlerini yerine getirebilirsiniz. Bu tamamen sizin planlaman\u0131za ba\u011fl\u0131d\u0131r. \u0130lgileniyorsan\u0131z, daha fazla bilgi i\u00e7in bizimle ileti\u015fime ge\u00e7menizi rica ederiz!<\/p>    <h2 class=\"wp-block-heading\"><strong>Sat\u0131l\u0131k \u00c7ok Fonksiyonlu M\u0131s\u0131r Soyma Makinesi \u00c7e\u015fitleri<\/strong><\/h2>    <p class=\"translation-block\"><a href=\"https:\/\/taizyagromachine.com\/tr\/\" target=\"_blank\" rel=\"noreferrer noopener\">Profesyonel bir tar\u0131m makineleri \u00fcreticisi ve tedarik\u00e7isi<\/a> olarak, m\u0131s\u0131r soyucumuz elektrikli veya dizel motorlarla kullan\u0131labilir. Birden fazla g\u00fc\u00e7 yap\u0131land\u0131rmas\u0131na sahip bir makine tercih edenler i\u00e7in bu makine ideal bir se\u00e7imdir.<\/p>    <p class=\"translation-block\">Bu m\u0131s\u0131r soyma makinesi, iyi performans\u0131, kolay ta\u015f\u0131nabilirli\u011fi, kompakt tasar\u0131m\u0131 ve makul yap\u0131s\u0131 nedeniyle m\u00fc\u015fterilerimiz taraf\u0131ndan \u00e7ok sevilmektedir. M\u00fc\u015fteriler genellikle t\u00fcm kabini veya di\u011fer makinelerle birlikte sat\u0131n al\u0131rlar, \u00f6rne\u011fin, <a href=\"https:\/\/taizyagromachine.com\/tr\/info\/corn-grinder-machine-australia\/\" target=\"_blank\" rel=\"noreferrer noopener\">yak\u0131n zamanda Avustralyal\u0131 bir m\u00fc\u015fteri bizden m\u0131s\u0131r soyucu i\u00e7eren m\u0131s\u0131r makineleri sat\u0131n ald\u0131<\/a>.<\/p>    <figure class=\"wp-block-gallery aligncenter has-nested-images columns-default is-cropped wp-block-gallery-2 is-layout-flex wp-block-gallery-is-layout-flex\"> <figure class=\"wp-block-image size-full\"><img loading=\"lazy\" decoding=\"async\" width=\"540\" height=\"720\" data-id=\"4416\" src=\"https:\/\/taizyagromachine.com\/wp-content\/uploads\/2022\/12\/electric-motor-maize-peeler.webp\" alt=\"elektrik motorlu m\u0131s\u0131r soyucu\" class=\"wp-image-4416\"\/><figcaption class=\"wp-element-caption\">elektrik motorlu m\u0131s\u0131r soyucu<\/figcaption><\/figure>    <figure class=\"wp-block-image size-full\"><img loading=\"lazy\" decoding=\"async\" width=\"540\" height=\"720\" data-id=\"4417\" src=\"https:\/\/taizyagromachine.com\/wp-content\/uploads\/2022\/12\/diesel-engined-corn-peeler.webp\" alt=\"dizel motorlu m\u0131s\u0131r soyucu\" class=\"wp-image-4417\"\/><figcaption class=\"wp-element-caption\">dizel motorlu m\u0131s\u0131r soyucu<\/figcaption><\/figure> <\/figure>    <h2 class=\"wp-block-heading\"><strong>M\u0131s\u0131r Soyma Makinesi Tasar\u0131m\u0131 Nedir?<\/strong><\/h2>   <div class=\"wp-block-image\"> <figure class=\"aligncenter size-full\"><img loading=\"lazy\" decoding=\"async\" width=\"720\" height=\"540\" src=\"https:\/\/taizyagromachine.com\/wp-content\/uploads\/2022\/12\/structure-of-the-corn-skin-peeling-machine.webp\" alt=\"m\u0131s\u0131r derisi soyma makinesinin yap\u0131s\u0131\" class=\"wp-image-4414\"\/><figcaption class=\"wp-element-caption\">m\u0131s\u0131r derisi soyma makinesinin yap\u0131s\u0131<\/figcaption><\/figure> <\/div>   <figure class=\"wp-block-table\"><table><tbody><tr><td class=\"has-text-align-center\" data-align=\"center\">G\/G<\/td><td class=\"has-text-align-center\" data-align=\"center\">Makine par\u00e7as\u0131<\/td><td class=\"has-text-align-center\" data-align=\"center\">G\/G<\/td><td class=\"has-text-align-center\" data-align=\"center\">Makine par\u00e7as\u0131<\/td><\/tr><tr><td class=\"has-text-align-center\" data-align=\"center\">1<\/td><td class=\"has-text-align-center\" data-align=\"center\">Besleyici<\/td><td class=\"has-text-align-center\" data-align=\"center\">4<\/td><td class=\"has-text-align-center\" data-align=\"center\">Besleme h\u0131z\u0131n\u0131 kontrol edin<\/td><\/tr><tr><td class=\"has-text-align-center\" data-align=\"center\">2<\/td><td class=\"has-text-align-center\" data-align=\"center\">Soyma b\u0131\u00e7a\u011f\u0131<\/td><td class=\"has-text-align-center\" data-align=\"center\">5<\/td><td class=\"has-text-align-center\" data-align=\"center\">K\u00fc\u00e7\u00fck tah\u0131l \u00e7\u0131k\u0131\u015f\u0131<\/td><\/tr><tr><td class=\"has-text-align-center\" data-align=\"center\">3<\/td><td class=\"has-text-align-center\" data-align=\"center\">Cilt soyma \u00e7\u0131k\u0131\u015f\u0131<\/td><td class=\"has-text-align-center\" data-align=\"center\">6<\/td><td class=\"has-text-align-center\" data-align=\"center\">Bitmi\u015f \u00fcr\u00fcn \u00e7\u0131k\u0131\u015f\u0131<\/td><\/tr><\/tbody><\/table><\/figure>    <h2 class=\"wp-block-heading\"><strong>M\u0131s\u0131r Soyma Makinas\u0131 Fiyat\u0131n\u0131 Etkileyen Fakt\u00f6rler<\/strong><\/h2>    <p>M\u0131s\u0131r soyma makinesinin fiyat\u0131, makinenin g\u00fc\u00e7 se\u00e7imi, nakliye yap\u0131lan \u00fclkenin uzakl\u0131\u011f\u0131, sat\u0131n alma s\u00fcresi, sat\u0131n al\u0131nacak makinelerin miktar\u0131 vb. gibi \u00e7e\u015fitli y\u00f6nlerden etkilenir. Bunlar\u0131n hepsi etkiler makinenin fiyat\u0131. Bu tip m\u0131s\u0131r derisi soyma makinesini sat\u0131n almakla ilgileniyorsan\u0131z, l\u00fctfen bizimle ileti\u015fime ge\u00e7in; sat\u0131\u015f personelimiz ihtiya\u00e7lar\u0131n\u0131za g\u00f6re size en iyi \u00e7\u00f6z\u00fcm\u00fc sunacakt\u0131r.<\/p>    <h2 class=\"wp-block-heading\"><strong>Ba\u015far\u0131l\u0131 \u00d6rnek: Bukifarnasso'ya 30 Tak\u0131m M\u0131s\u0131r Soyma Makinesi Sat\u0131ld\u0131<\/strong><\/h2>    <p class=\"translation-block\">Bukifarnasso'dan bir m\u00fc\u015fteri bizden 30 adet m\u0131s\u0131r soyucu sipari\u015f etti. M\u00fc\u015fteri, bir ihale projesi \u00fczerinde \u00e7al\u0131\u015ft\u0131\u011f\u0131n\u0131 ve bu makinelerden b\u00fcy\u00fck miktarda sat\u0131n almas\u0131 gerekti\u011fini belirterek bizimle whatsapp \u00fczerinden ileti\u015fime ge\u00e7ti. Sat\u0131\u015f personelimiz, ihaleler i\u00e7in gerekli \u00e7e\u015fitli malzemeler konusunda ona proaktif olarak yard\u0131mc\u0131 oldu ve proje sonunda kazan\u0131ld\u0131. M\u00fc\u015fteri ayr\u0131ca do\u011frudan bizden 30 set m\u0131s\u0131r <a href=\"https:\/\/en.wikipedia.org\/wiki\/Peeler\" target=\"_blank\" rel=\"noreferrer noopener\">soyucu<\/a> sipari\u015f etti. A\u015fa\u011f\u0131da makine \u00fcretimi ve y\u00fckleme &amp; nakliye resimleri bulunmaktad\u0131r.<\/p>    <figure class=\"wp-block-gallery aligncenter has-nested-images columns-default is-cropped wp-block-gallery-3 is-layout-flex wp-block-gallery-is-layout-flex\"> <figure class=\"wp-block-image size-large\"><img loading=\"lazy\" decoding=\"async\" width=\"540\" height=\"550\" data-id=\"4418\" src=\"https:\/\/taizyagromachine.com\/wp-content\/uploads\/2022\/12\/corn-peeling-machine-manufacturer-supplier.webp\" alt=\"m\u0131s\u0131r soyma makinesi \u00fcreticisi ve tedarik\u00e7isi\" class=\"wp-image-4418\"\/><figcaption class=\"wp-element-caption\">m\u0131s\u0131r soyma makinesi \u00fcreticisi ve tedarik\u00e7isi<\/figcaption><\/figure>    <figure class=\"wp-block-image size-large\"><img loading=\"lazy\" decoding=\"async\" width=\"540\" height=\"550\" data-id=\"4419\" src=\"https:\/\/taizyagromachine.com\/wp-content\/uploads\/2022\/12\/loading-and-shipping-corn-peeling-machine.webp\" alt=\"m\u0131s\u0131r soyma makinesi y\u00fckleme ve nakliye\" class=\"wp-image-4419\"\/><figcaption class=\"wp-element-caption\">m\u0131s\u0131r soyma makinesi y\u00fckleme ve nakliye<\/figcaption><\/figure> <\/figure>    <h2 class=\"wp-block-heading\"><strong>K\u00fc\u00e7\u00fck M\u0131s\u0131r Soyma Makinas\u0131n\u0131n Teknik Parametreleri<\/strong><\/h2>    <figure class=\"wp-block-table\"><table><tbody><tr><td>Makine ad\u0131<\/td><td>M\u0131s\u0131r soyma makinesi<\/td><\/tr><tr><td>G\u00fc\u00e7<\/td><td>5.5kw elektrik motoru veya 12hp dizel motor<\/td><\/tr><tr><td>Kapasite<\/td><td>300-500kg\/saat<\/td><\/tr><tr><td>A\u011f\u0131rl\u0131k<\/td><td>100kg<\/td><\/tr><tr><td>Boyut<\/td><td>660*450*1020mm<\/td><\/tr><tr><td>Ambalaj hacmi<\/td><td>0.6CBM<\/td><\/tr><tr><td>Ba\u015fvuru<\/td><td>M\u0131s\u0131r, bu\u011fday<\/td><\/tr><\/tbody><\/table><\/figure>    <h2 class=\"wp-block-heading\"><strong>Taizy Farm Kullan\u0131m\u0131 M\u0131s\u0131r Soyma Makinesi Videosu \u2013 M\u0131s\u0131r Kabu\u011fu Nas\u0131l Soyulur?<\/strong><\/h2>    <figure class=\"wp-block-embed is-type-video is-provider-youtube wp-block-embed-youtube wp-embed-aspect-16-9 wp-has-aspect-ratio\"><div class=\"wp-block-embed__wrapper\"> <iframe loading=\"lazy\" title=\"K\u00fc\u00e7\u00fck M\u0131s\u0131r Soyma Makinesi - Taizy 2022&#039;den En Uygun Fiyatla Sat\u0131l\u0131k M\u0131s\u0131r Soyma Makinesi #corns\" width=\"500\" height=\"281\" src=\"https:\/\/www.youtube.com\/embed\/GhLNC2FutO4?feature=oembed\" frameborder=\"0\" allow=\"accelerometer; autoplay; clipboard-write; encrypted-media; gyroscope; picture-in-picture; web-share\" referrerpolicy=\"strict-origin-when-cross-origin\" allowfullscreen><\/iframe> <\/div><\/figure>","protected":false},"excerpt":{"rendered":"<p>This corn peeling machine is mainly used to remove the maize skin for the preparation of the next process. Besides, this machine is also for the wheat. After peeling, it always works with the corn grinder machine for fine powder. With the development of the times, our agricultural machinery also has rapid changes, using the [&hellip;]<\/p>\n","protected":false},"author":1,"featured_media":4408,"parent":0,"template":"","tags":[189,208],"product-type":[17],"class_list":["post-4407","product","type-product","status-publish","has-post-thumbnail","hentry","tag-corn-grits-making-machine","tag-corn-peeling-machine","product-type-corn-machine"],"_links":{"self":[{"href":"https:\/\/taizyagromachine.com\/tr\/wp-json\/wp\/v2\/product\/4407","targetHints":{"allow":["GET"]}}],"collection":[{"href":"https:\/\/taizyagromachine.com\/tr\/wp-json\/wp\/v2\/product"}],"about":[{"href":"https:\/\/taizyagromachine.com\/tr\/wp-json\/wp\/v2\/types\/product"}],"author":[{"embeddable":true,"href":"https:\/\/taizyagromachine.com\/tr\/wp-json\/wp\/v2\/users\/1"}],"wp:featuredmedia":[{"embeddable":true,"href":"https:\/\/taizyagromachine.com\/tr\/wp-json\/wp\/v2\/media\/4408"}],"wp:attachment":[{"href":"https:\/\/taizyagromachine.com\/tr\/wp-json\/wp\/v2\/media?parent=4407"}],"wp:term":[{"taxonomy":"post_tag","embeddable":true,"href":"https:\/\/taizyagromachine.com\/tr\/wp-json\/wp\/v2\/tags?post=4407"},{"taxonomy":"product-type","embeddable":true,"href":"https:\/\/taizyagromachine.com\/tr\/wp-json\/wp\/v2\/product-type?post=4407"}],"curies":[{"name":"wp","href":"https:\/\/api.w.org\/{rel}","templated":true}]}}