{"id":4448,"date":"2023-01-03T15:20:28","date_gmt":"2023-01-03T07:20:28","guid":{"rendered":"https:\/\/taizyagromachine.com\/?post_type=product&#038;p=4448"},"modified":"2025-03-20T14:03:30","modified_gmt":"2025-03-20T06:03:30","slug":"hydraulic-hay-baler","status":"publish","type":"product","link":"https:\/\/taizyagromachine.com\/tr\/product\/hydraulic-hay-baler\/","title":{"rendered":"Kare balyalar\u0131n preslenmesi i\u00e7in 2 Silindirli Hidrolik Saman Balya Makinesi"},"content":{"rendered":"<p class=\"translation-block\">Bu hidrolik saman balyalama makinesi, saman, \u00e7am i\u011fnesi, \u00e7im vb. \u00e7e\u015fitli silaj malzemelerini kare balyalar halinde balyalamak i\u00e7in kullan\u0131l\u0131r. 2 hidrolik silindiri oldu\u011fu i\u00e7in genellikle 2 silindirli <a href=\"https:\/\/taizyagromachine.com\/tr\/product\/3-cylinder-hydraulic-silage-baler\/\" target=\"_blank\" rel=\"noreferrer noopener\">hidrolik silaj balyalama makinesi<\/a> olarak adland\u0131r\u0131l\u0131r. Silaj balyalama makinesi, esnek bir se\u00e7enek haline getiren elektrikli veya dizel motorlarla kullan\u0131labilir.<\/p>   <div class=\"wp-block-image\"> <figure class=\"aligncenter size-full\"><img loading=\"lazy\" decoding=\"async\" width=\"720\" height=\"300\" src=\"https:\/\/taizyagromachine.com\/wp-content\/uploads\/2023\/01\/hydraulic-silage-press-baler-machine.webp\" alt=\"hidrolik silaj pres balya makinesi\" class=\"wp-image-4461\"\/><figcaption class=\"wp-element-caption\">hidrolik silaj pres balya makinesi<\/figcaption><\/figure> <\/div>   <p>Buna ek olarak, bu kare silaj balyalama makinesinin olu\u015fturdu\u011fu kare balyalar\u0131n dokuma PE\/PP torbalarda torbalanmas\u0131 gerekmektedir. Torbalama silaj\u0131n k\u00fcflenmesini \u00f6nler.<\/p>    <figure class=\"wp-block-embed is-type-video is-provider-youtube wp-block-embed-youtube wp-embed-aspect-16-9 wp-has-aspect-ratio\"><div class=\"wp-block-embed__wrapper\"> <iframe loading=\"lazy\" title=\"Kare Silaj Balyalama i\u00e7in Hidrolik Pres Silaj Balya Makinesi - Silaj Paketleme Makinalar\u0131 #silage\" width=\"500\" height=\"281\" src=\"https:\/\/www.youtube.com\/embed\/hkYSZuUMRCA?feature=oembed\" frameborder=\"0\" allow=\"accelerometer; autoplay; clipboard-write; encrypted-media; gyroscope; picture-in-picture; web-share\" referrerpolicy=\"strict-origin-when-cross-origin\" allowfullscreen><\/iframe> <\/div><figcaption class=\"wp-element-caption\">Kare balyalar i\u00e7in hidrolik silaj bal\u0131\u011f\u0131<\/figcaption><\/figure>    <h2 class=\"wp-block-heading\"><strong>Yap\u0131s\u0131 <a href=\"https:\/\/silagebaler.com\/double-cylinder-hydraulic-silage-baler\/\" target=\"_blank\" rel=\"noreferrer noopener\">2 Silindirli Hidrolik Saman Balya Makinas\u0131<\/a><\/strong><\/h2>    <p>Hidrolik \u00e7am saman balya makinemiz s\u00fcrekli g\u00fcncellenerek daha iyi performans ve kaliteye sahip bir makine haline gelmi\u015ftir.<\/p>   <div class=\"wp-block-image\"> <figure class=\"aligncenter size-full\"><img loading=\"lazy\" decoding=\"async\" width=\"720\" height=\"540\" src=\"https:\/\/taizyagromachine.com\/wp-content\/uploads\/2023\/01\/structure-2-cylinder-hydraulic-hay-baler.webp\" alt=\"2 silindirli hidrolik saman balyalay\u0131c\u0131n\u0131n yap\u0131s\u0131\" class=\"wp-image-4457\"\/><figcaption class=\"wp-element-caption\">2 silindirli hidrolik saman balyalay\u0131c\u0131n\u0131n yap\u0131s\u0131<\/figcaption><\/figure> <\/div>   <figure class=\"wp-block-table\"><table><tbody><tr><td>G\/G<\/td><td>Makine par\u00e7as\u0131 ad\u0131<\/td><td>G\/G<\/td><td>Makine par\u00e7as\u0131 ad\u0131<\/td><\/tr><tr><td>&nbsp;1<\/td><td>&nbsp;Giri\u015f<\/td><td>&nbsp;4<\/td><td>&nbsp;Kontrol kabini<\/td><\/tr><tr><td>&nbsp;2<\/td><td>&nbsp;Ya\u011f Depolama<\/td><td>&nbsp;5<\/td><td>&nbsp;Hidrolik silindir (tamamen 2 silindir)<\/td><\/tr><tr><td>&nbsp;3<\/td><td>&nbsp;Dizel motor (elektrik motorunu da kullanabilir)<\/td><td>&nbsp;6<\/td><td>Bo\u015faltma deli\u011fi<\/td><\/tr><\/tbody><\/table><\/figure>    <h2 class=\"wp-block-heading\"><strong>Taizy Hidrolik Pres Silaj Saman Balya Makinas\u0131n\u0131n Avantajlar\u0131<\/strong><\/h2>    <ol class=\"wp-block-list\"> <li>Bu makine, uzun s\u00fcreli depolama i\u00e7in her t\u00fcrl\u00fc silaj\u0131 (kuru ve \u0131slak saman, saman, silaj) kare balyalara s\u0131k\u0131\u015ft\u0131rabilir.<\/li>    <li>Makine, dengesiz elektri\u011fin oldu\u011fu alanlar i\u00e7in \u00e7ok uygun olan bir elektrik motoru veya dizel motorla esnek bir \u015fekilde \u00e7al\u0131\u015ft\u0131r\u0131labilir.<\/li>    <li>Hidrolik pres saman balyalama makinesi esas olarak \u00e7ok iyi ve verimli olan yem presi i\u00e7in hidrolik olarak \u00e7al\u0131\u015ft\u0131r\u0131l\u0131r.<\/li>    <li>Makine ayr\u0131ca kolay hareket edebilmesi i\u00e7in lastikler ve sehpalarla (m\u00fc\u015fterinin ihtiya\u00e7lar\u0131na g\u00f6re) donat\u0131labilir.<\/li>    <li>Hidrolik saman balyalay\u0131c\u0131, makinenin \u00e7al\u0131\u015fmas\u0131n\u0131 tespit etmek i\u00e7in bir hidrolik probla donat\u0131lm\u0131\u015ft\u0131r.<\/li> <\/ol>    <h2 class=\"wp-block-heading\"><strong>Hidrolik Saman Balyalay\u0131c\u0131n\u0131n \u00c7al\u0131\u015fma Prensibi <\/strong><\/h2>    <p>Makine \u00e7e\u015fitli faaliyetleri ger\u00e7ekle\u015ftirmek i\u00e7in hidroli\u011fe dayanmaktad\u0131r. \u0130lk olarak makine \u00e7al\u0131\u015ft\u0131r\u0131l\u0131r ve silaj, genellikle bir ta\u015f\u0131ma band\u0131 arac\u0131l\u0131\u011f\u0131yla giri\u015ften i\u00e7eri konulur. Daha sonra hidrolik silindirler silaj\u0131 s\u0131k\u0131\u015ft\u0131rarak kare bir balya olu\u015fturur. Daha sonra kare balya \u00e7\u0131k\u0131\u015ftan bo\u015falt\u0131l\u0131r ve dokuma bir torba kullan\u0131larak torbalan\u0131r. T\u00fcm s\u00fcre\u00e7 tamamland\u0131.<\/p>   <div class=\"wp-block-image\"> <figure class=\"aligncenter size-full\"><img loading=\"lazy\" decoding=\"async\" width=\"720\" height=\"400\" src=\"https:\/\/taizyagromachine.com\/wp-content\/uploads\/2023\/01\/hydraulic-hay-baler-manufacturer-supplier.webp\" alt=\"hidrolik saman balyalay\u0131c\u0131 \u00fcreticisi ve tedarik\u00e7isi\" class=\"wp-image-4469\"\/><figcaption class=\"wp-element-caption\">hidrolik saman balyalay\u0131c\u0131 \u00fcreticisi ve tedarik\u00e7isi<\/figcaption><\/figure> <\/div>   <p>Makineyi kullanmadan \u00f6nce hidrolik ya\u011f\u0131n\u0131n ve hidrolik borular\u0131n\u0131n iyi durumda oldu\u011funu kontrol edin. Makinenin tamam\u0131 asl\u0131nda hidrolik olarak \u00e7al\u0131\u015ft\u0131r\u0131ld\u0131\u011f\u0131ndan bu \u00f6zellikle \u00f6nemlidir.<\/p>    <h2 class=\"wp-block-heading\"><strong>Hidrolik Saman Balya Makinas\u0131 \u0130\u00e7in Opsiyonel Makinalar Mevcuttur<\/strong><\/h2>    <p class=\"translation-block\"><strong>1. Konvey\u00f6r bant ve yem kar\u0131\u015ft\u0131r\u0131c\u0131.<\/strong><\/p>   <div class=\"wp-block-image\"> <figure class=\"aligncenter size-full\"><img loading=\"lazy\" decoding=\"async\" width=\"720\" height=\"300\" src=\"https:\/\/taizyagromachine.com\/wp-content\/uploads\/2023\/01\/hydraulic-press-hay-baler-with-the-conveyor-belt-and-feed-mixer.webp\" alt=\"konvey\u00f6r bantl\u0131 ve yem kar\u0131\u015ft\u0131r\u0131c\u0131l\u0131 hidrolik pres saman balyalay\u0131c\u0131\" class=\"wp-image-4465\"\/><figcaption class=\"wp-element-caption\">konvey\u00f6r bantl\u0131 ve yem kar\u0131\u015ft\u0131r\u0131c\u0131l\u0131 hidrolik pres saman balyalay\u0131c\u0131<\/figcaption><\/figure> <\/div>   <p class=\"translation-block\"><strong>2. B\u00fcy\u00fck lastikler ve ayaklar.<\/strong><\/p>    <figure class=\"wp-block-gallery aligncenter has-nested-images columns-default is-cropped wp-block-gallery-2 is-layout-flex wp-block-gallery-is-layout-flex\"> <figure class=\"wp-block-image size-large\"><img loading=\"lazy\" decoding=\"async\" width=\"720\" height=\"540\" data-id=\"4466\" src=\"https:\/\/taizyagromachine.com\/wp-content\/uploads\/2023\/01\/diesel-engine-hydraulic-silage-baling-machine.webp\" alt=\"Lastikler ve desteklerle birlikte dizel motorlu hidrolik silaj balyalama makinesi\" class=\"wp-image-4466\"\/><figcaption class=\"wp-element-caption\">Lastikler ve desteklerle birlikte dizel motorlu hidrolik silaj balyalama makinesi<\/figcaption><\/figure>    <figure class=\"wp-block-image size-large\"><img loading=\"lazy\" decoding=\"async\" width=\"720\" height=\"540\" data-id=\"4467\" src=\"https:\/\/taizyagromachine.com\/wp-content\/uploads\/2023\/01\/electric-motor-hydraulic-press-hay-baling-machine.webp\" alt=\"elektrik motorlu hidrolik pres balya makinesi, lastikler ve sehpalarla birlikte\" class=\"wp-image-4467\"\/><figcaption class=\"wp-element-caption\">elektrik motorlu hidrolik pres balya makinesi, lastikler ve sehpalarla birlikte<\/figcaption><\/figure> <\/figure>    <p>Buna ek olarak ta\u015f\u0131ma band\u0131ndan \u00f6nce saman kesici yani \u00e7im bi\u00e7me makinas\u0131 \u2014- ta\u015f\u0131ma band\u0131 \u2014- hidrolik silaj balya makinesi ile birlikte kullan\u0131labilmektedir.<\/p>    <h2 class=\"wp-block-heading\"><strong>Taizy Hidrolik Saman Balya Makinas\u0131n\u0131n Ba\u015far\u0131l\u0131 \u00d6rnekleri<\/strong><\/h2>    <p>Taizy'nin hidrolik saman balyalay\u0131c\u0131s\u0131 i\u015f g\u00fcc\u00fcnden b\u00fcy\u00fck tasarruf sa\u011flar ve t\u00fcm s\u00fcre\u00e7 mekanize edilmi\u015ftir, bu nedenle bir\u00e7ok deniza\u015f\u0131r\u0131 m\u00fc\u015fteri taraf\u0131ndan sevilmektedir. Makinelerimizi Kenya, Banglade\u015f, Nijerya, \u00dcrd\u00fcn gibi \u00fclkelere d\u00fczenli olarak ihra\u00e7 ediyoruz. Makineleri konteynerlere y\u00fckleyip deniz yoluyla m\u00fc\u015fterilerimizin var\u0131\u015f limanlar\u0131na ula\u015ft\u0131r\u0131yoruz.<\/p>    <h2 class=\"wp-block-heading\"><strong>Sat\u0131l\u0131k 2 Silindirli Hidrolik Saman Balyalay\u0131c\u0131 Parametreleri<\/strong><\/h2>    <figure class=\"wp-block-table\"><table><tbody><tr><td>Modeli<\/td><td>9YF-5B<\/td><\/tr><tr><td>G\u00fc\u00e7<\/td><td>15kw elektrik motoru veya 28hp dizel motor<\/td><\/tr><tr><td>Silindir \u00e7ap\u0131<\/td><td>2*168mm<\/td><\/tr><tr><td>Silindir say\u0131s\u0131<\/td><td>2 adet<\/td><\/tr><tr><td>Kapasite<\/td><td>90-120balya\/saat<\/td><\/tr><tr><td>Kare balya a\u011f\u0131rl\u0131\u011f\u0131 (taze saman)<\/td><td>60-70kg\/balya<\/td><\/tr><tr><td>Hidrolik ya\u011f\u0131 46#<\/td><td>230kg (kendiniz haz\u0131rlay\u0131n)<\/td><\/tr><tr><td>Hidrolik ya\u011f so\u011futma y\u00f6ntemi<\/td><td>su so\u011futma<\/td><\/tr><tr><td>Elektrik da\u011f\u0131t\u0131m kutusu kontrol\u00fc<\/td><td>PLC'ler<\/td><\/tr><tr><td>Lastik say\u0131s\u0131<\/td><td>2 adet<\/td><\/tr><tr><td>\u0130tilecek balya say\u0131s\u0131<\/td><td>1-3 adet (ayarlanabilir)<\/td><\/tr><tr><td>Makine a\u011f\u0131rl\u0131\u011f\u0131<\/td><td>1500kg<\/td><\/tr><tr><td>Bo\u015faltma deli\u011finin boyutu<\/td><td>70*28*38cm<\/td><\/tr><tr><td>Makine boyutlar\u0131 (L<em>K<\/em>H)<\/td><td>3450*2700*2800mm<\/td><\/tr><\/tbody><\/table><figcaption class=\"wp-element-caption\">2 silindirli hidrolik silaj presinin \u00f6zellikleri<\/figcaption><\/figure>    <h2 class=\"wp-block-heading\"><strong>Hidrolik Saman Balya Makinesi Videosu \u2013 Kare Balya Nas\u0131l Yap\u0131l\u0131r?<\/strong><\/h2>    <figure class=\"wp-block-embed is-type-video is-provider-youtube wp-block-embed-youtube wp-embed-aspect-16-9 wp-has-aspect-ratio\"><div class=\"wp-block-embed__wrapper\"> <iframe loading=\"lazy\" title=\"\u00c7ift silindirli hidrolik silaj bal\u0131\u011f\u0131 kuru saman balya alan\u0131 | Y\u00fcksek verimli kare balya presleme\" width=\"500\" height=\"281\" src=\"https:\/\/www.youtube.com\/embed\/XL54NXQ-9i8?feature=oembed\" frameborder=\"0\" allow=\"accelerometer; autoplay; clipboard-write; encrypted-media; gyroscope; picture-in-picture; web-share\" referrerpolicy=\"strict-origin-when-cross-origin\" allowfullscreen><\/iframe> <\/div><figcaption class=\"wp-element-caption\">kuru silaj hidrolik balya makinesi makinesi<\/figcaption><\/figure>","protected":false},"excerpt":{"rendered":"<p>This hydraulic hay baler is used for baling various silage materials such as straw, pine straws, grass, etc. to form square bales. It is often called a 2-cylinder hydraulic silage baler machine because it has 2 hydraulic cylinders. The silage baler can be used with either electric or diesel engines, making it a flexible choice. [&hellip;]<\/p>\n","protected":false},"author":1,"featured_media":4449,"parent":0,"template":"","tags":[209,168],"product-type":[19],"class_list":["post-4448","product","type-product","status-publish","has-post-thumbnail","hentry","tag-hydraulic-hay-baler","tag-silage-baler","product-type-silage-machine"],"_links":{"self":[{"href":"https:\/\/taizyagromachine.com\/tr\/wp-json\/wp\/v2\/product\/4448","targetHints":{"allow":["GET"]}}],"collection":[{"href":"https:\/\/taizyagromachine.com\/tr\/wp-json\/wp\/v2\/product"}],"about":[{"href":"https:\/\/taizyagromachine.com\/tr\/wp-json\/wp\/v2\/types\/product"}],"author":[{"embeddable":true,"href":"https:\/\/taizyagromachine.com\/tr\/wp-json\/wp\/v2\/users\/1"}],"wp:featuredmedia":[{"embeddable":true,"href":"https:\/\/taizyagromachine.com\/tr\/wp-json\/wp\/v2\/media\/4449"}],"wp:attachment":[{"href":"https:\/\/taizyagromachine.com\/tr\/wp-json\/wp\/v2\/media?parent=4448"}],"wp:term":[{"taxonomy":"post_tag","embeddable":true,"href":"https:\/\/taizyagromachine.com\/tr\/wp-json\/wp\/v2\/tags?post=4448"},{"taxonomy":"product-type","embeddable":true,"href":"https:\/\/taizyagromachine.com\/tr\/wp-json\/wp\/v2\/product-type?post=4448"}],"curies":[{"name":"wp","href":"https:\/\/api.w.org\/{rel}","templated":true}]}}