{"id":4524,"date":"2023-01-11T15:56:22","date_gmt":"2023-01-11T07:56:22","guid":{"rendered":"https:\/\/taizyagromachine.com\/?post_type=product&#038;p=4524"},"modified":"2023-01-11T16:05:49","modified_gmt":"2023-01-11T08:05:49","slug":"horizontal-feed-mixer","status":"publish","type":"product","link":"https:\/\/taizyagromachine.com\/tr\/product\/horizontal-feed-mixer\/","title":{"rendered":"S\u0131\u011f\u0131r, Koyun Yemi Olarak Silaj i\u00e7in Yatay Yem Karma Makinesi"},"content":{"rendered":"<p>Taizy'nin yatay yem mikseri, \u00f6\u011f\u00fctme ve kar\u0131\u015ft\u0131rmay\u0131 birle\u015ftiren bir silaj i\u015fleme makinesidir. Silaj i\u015flemenin bu b\u00f6l\u00fcm\u00fcnde, silaj\u0131n verimlili\u011fini ve kalitesini en \u00fcst d\u00fczeye \u00e7\u0131karmak i\u00e7in bu makine genellikle di\u011fer makinelerle birlikte yard\u0131mc\u0131 makine olarak kullan\u0131l\u0131r.<\/p>    <p>Silaj, hayvanc\u0131l\u0131kta ihtiyac\u0131 kar\u015f\u0131layan \u00f6nemli bir hayvan yemidir. Bu yem karma makinesini kullanman\u0131n emek tasarrufu ve verimlilik art\u0131\u015f\u0131 avantajlar\u0131 vard\u0131r. <\/p>    <h2 class=\"wp-block-heading\"><strong>Neden Taizy Yatay Yem Karma Makinesi Kullan\u0131lmal\u0131d\u0131r?<\/strong><\/h2>    <p class=\"translation-block\"><strong>Silaj hayvanlara faydal\u0131d\u0131r<\/strong>. Kar\u0131\u015ft\u0131r\u0131ld\u0131ktan sonra silaj yem pop\u00fclerdir \u00e7\u00fcnk\u00fc iyi i\u015ftah, az at\u0131k ve y\u00fcksek sindirilebilirlik sa\u011flar.<\/p>    <p class=\"translation-block\"><strong>Hayvan yemi tamamen kar\u0131\u015ft\u0131r\u0131l\u0131r<\/strong> verimlili\u011fimizi art\u0131r\u0131r, eme\u011fimizi tasarruf eder ve ayn\u0131 zamanda \u00fcreme yavrular\u0131m\u0131z i\u00e7in daha tutarl\u0131 bir \u00e7e\u015fit yiyecek haz\u0131rlar\u0131z.<\/p>    <h2 class=\"wp-block-heading\"><strong>\u00c7e\u015fitli \u00c7iftliklerde Yayg\u0131n Olarak Kullan\u0131lan - Sat\u0131l\u0131k Yatay Yem Karma Makinesi Uygulamalar\u0131<\/strong><\/h2>    <div class=\"wp-block-media-text alignwide is-stacked-on-mobile\"><figure class=\"wp-block-media-text__media\"><img loading=\"lazy\" decoding=\"async\" width=\"540\" height=\"600\" src=\"https:\/\/taizyagromachine.com\/wp-content\/uploads\/2023\/01\/various-farms.webp\" alt=\"\" class=\"wp-image-4527 size-full\"\/><\/figure><div class=\"wp-block-media-text__content\"> <p>\u00c7\u00fcnk\u00fc bu yem kar\u0131\u015ft\u0131r\u0131c\u0131s\u0131 esas olarak hayvan yeti\u015ftiren \u00e7e\u015fitli \u00e7iftlikler kullan\u0131larak \u00e7e\u015fitli yemlerin ezilmesi ve kar\u0131\u015ft\u0131r\u0131lmas\u0131 i\u00e7indir. Resimde g\u00f6r\u00fcld\u00fc\u011f\u00fc gibi tavuk \u00e7iftlikleri, tav\u015fan \u00e7iftlikleri, domuz \u00e7iftlikleri, at \u00e7iftlikleri, b\u00fcy\u00fckba\u015f hayvan \u00e7iftlikleri, koyun \u00e7iftlikleri vb.<\/p>    <p>Bununla ilgileniyorsan\u0131z, bizimle ileti\u015fime ge\u00e7mekten memnuniyet duyar\u0131z!<\/p> <\/div><\/div>    <h2 class=\"wp-block-heading\"><strong>Taizy Yem Mikserinin G\u00fc\u00e7l\u00fc Y\u00f6nleri <\/strong><\/h2>    <ol class=\"wp-block-list\"> <li>Tasar\u0131m makuld\u00fcr ve \u00e7al\u0131\u015fma her ortamda g\u00fcvenli ve g\u00fcvenilir bir \u015fekilde yap\u0131labilir.<\/li>    <li>Verimlili\u011fi b\u00fcy\u00fck \u00f6l\u00e7\u00fcde art\u0131r\u0131r, kar\u0131\u015ft\u0131rma odas\u0131n\u0131n hacmine ba\u011fl\u0131 olarak her bir yem mikseri g\u00fcnde 200 \u2013 2000 ine\u011fi besleyebilir.<\/li>    <li>\u0130nsan g\u00fcc\u00fcnden tasarruf edin, bir mikser 20'den fazla i\u015f\u00e7inin i\u015finin yerini alabilir.<\/li>    <li>Yatay yem kar\u0131\u015ft\u0131r\u0131c\u0131s\u0131 di\u011fer silaj makineleriyle birlikte kullan\u0131labilir. <a href=\"https:\/\/silagebaler.com\/silage-baler-machine-round-baler\/\" target=\"_blank\" rel=\"noreferrer noopener\">balyalama ve sarma makinesi<\/a>ve hidrolik saman balyalay\u0131c\u0131.<\/li> <\/ol>   <div class=\"wp-block-image\"> <figure class=\"aligncenter size-full\"><img loading=\"lazy\" decoding=\"async\" width=\"720\" height=\"540\" src=\"https:\/\/taizyagromachine.com\/wp-content\/uploads\/2023\/01\/horizontal-cattle-feed-mixer.webp\" alt=\"yatay s\u0131\u011f\u0131r yemi kar\u0131\u015ft\u0131r\u0131c\u0131\" class=\"wp-image-4529\"\/><figcaption class=\"wp-element-caption\">yatay s\u0131\u011f\u0131r yemi kar\u0131\u015ft\u0131r\u0131c\u0131<\/figcaption><\/figure> <\/div>   <h2 class=\"wp-block-heading\"><strong>Yatay S\u0131\u011f\u0131r Yem Mikserli Uyumlu Makina<\/strong><\/h2>    <p class=\"translation-block\">Yem kar\u0131\u015ft\u0131r\u0131c\u0131 her zaman <a href=\"https:\/\/taizyagromachine.com\/tr\/product\/hydraulic-hay-baler\/\" target=\"_blank\" rel=\"noreferrer noopener\">hidrolik silaj balyac\u0131lar\u0131<\/a>, <a href=\"https:\/\/taizyagromachine.com\/tr\/product\/silage-baler\/\">balya ve sarmalama makineleri<\/a> vb. gibi di\u011fer silaj makineleriyle birlikte kullan\u0131l\u0131r.<\/p>   <div class=\"wp-block-image\"> <figure class=\"aligncenter size-full\"><img loading=\"lazy\" decoding=\"async\" width=\"720\" height=\"230\" src=\"https:\/\/taizyagromachine.com\/wp-content\/uploads\/2023\/01\/horizontal-feed-mixer-with-the-hydraulic-hay-bales-machine.webp\" alt=\"hidrolik saman balyas\u0131 makinesi ile yatay yem kar\u0131\u015ft\u0131r\u0131c\u0131s\u0131\" class=\"wp-image-4528\"\/><figcaption class=\"wp-element-caption\">hidrolik saman balyas\u0131 makinesi ile yatay yem kar\u0131\u015ft\u0131r\u0131c\u0131s\u0131<\/figcaption><\/figure> <\/div>  <div class=\"wp-block-image\"> <figure class=\"aligncenter size-full\"><img loading=\"lazy\" decoding=\"async\" width=\"720\" height=\"300\" src=\"https:\/\/taizyagromachine.com\/wp-content\/uploads\/2023\/01\/feed-mixer-with-silage-baler.webp\" alt=\"silaj balyalay\u0131c\u0131l\u0131 yem kar\u0131\u015ft\u0131r\u0131c\u0131\" class=\"wp-image-4530\"\/><figcaption class=\"wp-element-caption\">silaj balyalay\u0131c\u0131l\u0131 yem kar\u0131\u015ft\u0131r\u0131c\u0131<\/figcaption><\/figure> <\/div>   <h2 class=\"wp-block-heading\"><strong>Yatay TMR Mikserin Teknik Parametreleri<\/strong><\/h2>    <figure class=\"wp-block-table\"><table><tbody><tr><td>Modeli<\/td><td>TMR-5<\/td><td>TMR-9<\/td><td>TMR-12<\/td><\/tr><tr><td>E\u015fle\u015fen g\u00fc\u00e7<\/td><td>11-15 kW<\/td><td>22-30kw<\/td><td>50-75kw<\/td><\/tr><tr><td>Kar\u0131\u015ft\u0131rma kutusu hacmi<\/td><td>5m\u00b3<\/td><td>9m\u00b3<\/td><td>12m\u00b3<\/td><\/tr><tr><td>D\u00f6nme h\u0131z\u0131<\/td><td>23,5 dev\/dak<\/td><td>23,5 dev\/dak<\/td><td>23,5 dev\/dak<\/td><\/tr><tr><td>A\u011f\u0131rl\u0131k<\/td><td>1600kg<\/td><td>3300kg<\/td><td>4500kg<\/td><\/tr><tr><td>Boyut<\/td><td>3930*1850*2260mm<\/td><td>4820*2130*2480mm<\/td><td>5600*2400*2500mm<\/td><\/tr><\/tbody><\/table><\/figure>    <p>TMR, Toplam Kar\u0131\u015f\u0131k Rasyonlar\u0131n k\u0131saltmas\u0131d\u0131r ve makinenin yemi e\u015fit ve iyi bir \u015fekilde kar\u0131\u015ft\u0131rabildi\u011fini g\u00f6sterir ve hayvan yeti\u015ftiricileri aras\u0131nda \u00e7ok pop\u00fclerdir. <\/p>","protected":false},"excerpt":{"rendered":"<p>Taizy&#8217;s horizontal feed mixer is a silage processing machine that integrates grinding and mixing. In this part of silage processing, this machine is often used as an auxiliary machine together with other machines to maximize the efficiency and quality of silage. Silage is an important animal feed in livestock farming, occupying the necessity. Using this [&hellip;]<\/p>\n","protected":false},"author":1,"featured_media":4526,"parent":0,"template":"","tags":[210,209],"product-type":[19],"class_list":["post-4524","product","type-product","status-publish","has-post-thumbnail","hentry","tag-horizontal-feed-mixer","tag-hydraulic-hay-baler","product-type-silage-machine"],"_links":{"self":[{"href":"https:\/\/taizyagromachine.com\/tr\/wp-json\/wp\/v2\/product\/4524","targetHints":{"allow":["GET"]}}],"collection":[{"href":"https:\/\/taizyagromachine.com\/tr\/wp-json\/wp\/v2\/product"}],"about":[{"href":"https:\/\/taizyagromachine.com\/tr\/wp-json\/wp\/v2\/types\/product"}],"author":[{"embeddable":true,"href":"https:\/\/taizyagromachine.com\/tr\/wp-json\/wp\/v2\/users\/1"}],"wp:featuredmedia":[{"embeddable":true,"href":"https:\/\/taizyagromachine.com\/tr\/wp-json\/wp\/v2\/media\/4526"}],"wp:attachment":[{"href":"https:\/\/taizyagromachine.com\/tr\/wp-json\/wp\/v2\/media?parent=4524"}],"wp:term":[{"taxonomy":"post_tag","embeddable":true,"href":"https:\/\/taizyagromachine.com\/tr\/wp-json\/wp\/v2\/tags?post=4524"},{"taxonomy":"product-type","embeddable":true,"href":"https:\/\/taizyagromachine.com\/tr\/wp-json\/wp\/v2\/product-type?post=4524"}],"curies":[{"name":"wp","href":"https:\/\/api.w.org\/{rel}","templated":true}]}}