{"id":4618,"date":"2023-02-10T17:38:26","date_gmt":"2023-02-10T09:38:26","guid":{"rendered":"https:\/\/taizyagromachine.com\/?post_type=product&#038;p=4618"},"modified":"2023-02-13T11:42:42","modified_gmt":"2023-02-13T03:42:42","slug":"rice-nursery-seedling-machine","status":"publish","type":"product","link":"https:\/\/taizyagromachine.com\/tr\/product\/rice-nursery-seedling-machine\/","title":{"rendered":"Otomatik \u00c7eltik Fidanl\u0131k Fide Makinas\u0131"},"content":{"rendered":"<p>Taizy'nin pirin\u00e7 yeti\u015ftirme fidesi makinesi, \u00f6zellikle pirin\u00e7 fidesi yeti\u015ftiricili\u011finin \u00e7e\u015fitli t\u00fcrleri i\u00e7in pirin\u00e7 ekimi i\u00e7in \u00f6zel olarak tasarlanm\u0131\u015ft\u0131r. Bu makine y\u00fcksek verime sahiptir ve saatte 969-1017 tepsi fide yeti\u015ftirme i\u015flemini ger\u00e7ekle\u015ftirebilmektedir. Geni\u015f alanl\u0131 \u00e7eltik yeti\u015ftiricileri i\u00e7in \u00e7eltik ekiminde olumlu rol oynayan bir fidanl\u0131k makinesidir.<\/p>    <p>Y\u00fcksek verimlili\u011fi, kalitesi ve iyi performans\u0131 nedeniyle bu pirin\u00e7 fidesi makinesi m\u00fc\u015fteriler, \u00f6zellikle pirin\u00e7 yeti\u015ftiricileri taraf\u0131ndan \u00e7ok seviliyor. Bu t\u00fcr bir makineyle ilgileniyorsan\u0131z, l\u00fctfen bizimle ileti\u015fime ge\u00e7in!<\/p>    <h2 class=\"wp-block-heading\"><strong>Neden \u00c7eltik Fidanl\u0131k Fide Makinas\u0131n\u0131 Kullanmal\u0131?<\/strong><\/h2>    <p>Pirin\u00e7 ekimi, tah\u0131l\u0131n b\u00fcy\u00fck bir k\u0131sm\u0131n\u0131 olu\u015fturan \u00e7ok \u00f6nemli bir tar\u0131msal ekimdir. Pirin\u00e7 fidelerinin yeti\u015ftirilmesi gerekti\u011fini t\u00fcm pirin\u00e7 yeti\u015ftiricileri bilir ancak fide yeti\u015ftirmenin geleneksel yolu \u00e7ok yorucudur.<\/p>    <figure class=\"wp-block-gallery aligncenter has-nested-images columns-default is-cropped wp-block-gallery-2 is-layout-flex wp-block-gallery-is-layout-flex\"> <figure class=\"wp-block-image size-large\"><img loading=\"lazy\" decoding=\"async\" width=\"720\" height=\"540\" data-id=\"4624\" src=\"https:\/\/taizyagromachine.com\/wp-content\/uploads\/2023\/02\/manual-seedlings-raising.webp\" alt=\"manuel fide yeti\u015ftirme\" class=\"wp-image-4624\"\/><figcaption class=\"wp-element-caption\">manuel fide yeti\u015ftirme<\/figcaption><\/figure>    <figure class=\"wp-block-image size-large\"><img loading=\"lazy\" decoding=\"async\" width=\"720\" height=\"540\" data-id=\"4625\" src=\"https:\/\/taizyagromachine.com\/wp-content\/uploads\/2023\/02\/mechnical-nursery-machine.webp\" alt=\"mekanik fidanl\u0131k makinesi\" class=\"wp-image-4625\"\/><figcaption class=\"wp-element-caption\">mekanik fidanl\u0131k makinesi<\/figcaption><\/figure> <\/figure>    <p>Ekimden \u00f6nce, fide tarlalar\u0131 birka\u00e7 kez \u00e7evrilmeli ve o y\u0131l iyi bir hasat elde edilebilmesi umuduyla yeterli miktarda \u00e7iftlik g\u00fcbresi eklenmelidir. \u0130nsanlar genellikle b\u00fct\u00fcn g\u00fcn tarlada \u00e7al\u0131\u015f\u0131rlar. <\/p>    <p class=\"translation-block\"><a href=\"https:\/\/taizyagromachine.com\/tr\/product\/nursery-seedling-machine\/\" target=\"_blank\" rel=\"noreferrer noopener\">Fidan yeti\u015ftirme makinesi<\/a> kullan\u0131m\u0131, pirin\u00e7 fidelerini h\u0131zl\u0131 bir \u015fekilde yeti\u015ftirebilir ve saatte 969-1017 tepsi ta\u015f\u0131yabilir, bu da hem verimli hem de i\u015f g\u00fcc\u00fcnden b\u00fcy\u00fck tasarruf sa\u011flar.<\/p>    <h2 class=\"wp-block-heading\"><strong>Sat\u0131l\u0131k Pirin\u00e7 Fidanl\u0131\u011f\u0131 Fide Makinas\u0131<\/strong><\/h2>    <p class=\"translation-block\"><a href=\"https:\/\/taizyagromachine.com\/tr\/\" target=\"_blank\" rel=\"noreferrer noopener\">\u00e7e\u015fitli tar\u0131m makineleri \u00fcreten profesyonel bir \u00fcretici<\/a> olarak, bir tam otomatik ve di\u011feri yar\u0131 otomatik olmak \u00fczere iki t\u00fcr pirin\u00e7 fidan\u0131 makinesine sahibiz.<\/p>    <h3 class=\"wp-block-heading\"><strong>Tam otomatik pirin\u00e7 fidesi fidesi makinesi<\/strong><\/h3>    <p>Ad\u0131ndan da anla\u015f\u0131laca\u011f\u0131 gibi tam otomatik pirin\u00e7 fidesi yeti\u015ftirme makinas\u0131, t\u00fcm i\u015f s\u00fcrecini tam mekanizasyon ve otomasyonla tamamlayabilmektedir. En temel ana pirin\u00e7 fidesi ekim makinesinin yan\u0131 s\u0131ra, tepsi besleyici \u2013 toprak y\u00fckleyici \u2013 tepsi istifleyici i\u00e7eren makineler de bulunmaktad\u0131r.<\/p>    <h3 class=\"wp-block-heading\"><strong>Yar\u0131 otomatik pirin\u00e7 fidanl\u0131\u011f\u0131 ekim makinas\u0131<\/strong><\/h3>   <div class=\"wp-block-image\"> <figure class=\"aligncenter size-full\"><img loading=\"lazy\" decoding=\"async\" width=\"1000\" height=\"220\" src=\"https:\/\/taizyagromachine.com\/wp-content\/uploads\/2023\/02\/Semi-automatic-rice-nursery-sowing-machine.webp\" alt=\"Yar\u0131 otomatik pirin\u00e7 fidanl\u0131\u011f\u0131 ekim makinas\u0131\" class=\"wp-image-4623\"\/><figcaption class=\"wp-element-caption\">Yar\u0131 otomatik pirin\u00e7 fidanl\u0131\u011f\u0131 ekim makinas\u0131<\/figcaption><\/figure> <\/div>   <p>Yar\u0131 otomatik \u00e7eltik fidesi ekim makinesinde toprak y\u00fckleyici bulunmad\u0131\u011f\u0131ndan elle toprak y\u00fcklemesi yap\u0131lmas\u0131 gerekir. Di\u011fer makineler de ayn\u0131.<\/p>    <h2 class=\"wp-block-heading\"><strong>Otomatik Pirin\u00e7 Ekim Makinas\u0131n\u0131n Yap\u0131s\u0131<\/strong><\/h2>   <div class=\"wp-block-image\"> <figure class=\"aligncenter size-full\"><img loading=\"lazy\" decoding=\"async\" width=\"720\" height=\"450\" src=\"https:\/\/taizyagromachine.com\/wp-content\/uploads\/2023\/02\/structure-of-paddy-rice-seed-sowing-machine.webp\" alt=\"\u00e7eltik pirin\u00e7 tohumu ekim makinesinin yap\u0131s\u0131\" class=\"wp-image-4619\"\/><figcaption class=\"wp-element-caption\">\u00e7eltik pirin\u00e7 tohumu ekim makinesinin yap\u0131s\u0131<\/figcaption><\/figure> <\/div>   <p class=\"translation-block\">B\u00fcy\u00fck tasar\u0131ma dayanan <a href=\"https:\/\/nurseryseedingmachine.com\/nursery-seeding\/\" target=\"_blank\" rel=\"noreferrer noopener\">otomatik ekim makinesi<\/a>, toprak yayma, sulama, ekim ve toprak kaplama i\u015flevlerini bir entegrasyon olarak sunar ve pirin\u00e7 ekim i\u015flemlerinin tamam\u0131n\u0131 tek seferde tamamlayabilir.<\/p>    <h2 class=\"wp-block-heading\"><strong>Taizy Pirin\u00e7 Fidanl\u0131k Ekim Makinas\u0131n\u0131n Teknik Parametreleri <\/strong><\/h2>    <figure class=\"wp-block-table\"><table><tbody><tr><td>Modeli<\/td><td>TZY-280A<\/td><\/tr><tr><td>Kapasite<\/td><td>969-1017tepsi\/saat<\/td><\/tr><tr><td>G\u00fc\u00e7<\/td><td>Teslimat i\u00e7in 240kw<br>Ekim i\u00e7in 120kw<\/td><\/tr><tr><td>Tohum yata\u011f\u0131 topra\u011f\u0131 yard\u0131mc\u0131 hunisi<\/td><td>45L<\/td><\/tr><tr><td>Tohum hunisi<\/td><td>30 litre<\/td><\/tr><tr><td>Tohum yata\u011f\u0131 topra\u011f\u0131 yard\u0131mc\u0131 hunisi<\/td><td>45L<\/td><\/tr><tr><td>Ekim miktar\u0131 (Hibrit pirin\u00e7)<\/td><td>95~304,5g\/tepsi<\/td><\/tr><tr><td>Boyut<\/td><td>6830*460*1020mm<\/td><\/tr><tr><td>A\u011f\u0131rl\u0131k<\/td><td>190kg<\/td><\/tr><tr><td>Toprak alt\u0131 kal\u0131nl\u0131\u011f\u0131<\/td><td>18-25mm<\/td><\/tr><tr><td>Y\u00fczey topra\u011f\u0131n\u0131n kal\u0131nl\u0131\u011f\u0131<\/td><td>3-9mm<\/td><\/tr><\/tbody><\/table><\/figure>    <h2 class=\"wp-block-heading\"><strong>\u00c7eltik Fidanl\u0131k Fide Makinas\u0131 Videosu \u2013 Tam Otomatik ve Yar\u0131 Otomatik \u00c7eltik Ekme Makinas\u0131<\/strong><\/h2>    <figure class=\"wp-block-embed is-type-video is-provider-youtube wp-block-embed-youtube wp-embed-aspect-16-9 wp-has-aspect-ratio\"><div class=\"wp-block-embed__wrapper\"> <iframe loading=\"lazy\" title=\"Otomatik \u00c7eltik Fidanl\u0131k Ekim Makinas\u0131 - \u00c7eltik Fidanl\u0131k Fide Makinas\u0131 - \u00c7eltik Ekme Makinas\u0131\" width=\"500\" height=\"281\" src=\"https:\/\/www.youtube.com\/embed\/VWi1lazSsO0?feature=oembed\" frameborder=\"0\" allow=\"accelerometer; autoplay; clipboard-write; encrypted-media; gyroscope; picture-in-picture; web-share\" referrerpolicy=\"strict-origin-when-cross-origin\" allowfullscreen><\/iframe> <\/div><\/figure>","protected":false},"excerpt":{"rendered":"<p>Taizy&#8217;s rice nursery seedling machine is specially designed for rice cultivation, mainly for various kinds of rice seedling raising. This machine has high efficiency and can carry out 969-1017 trays of seedling raising in an hour. It is a nursery machine that plays a positive role in rice planting for large-area rice growers. Because of [&hellip;]<\/p>\n","protected":false},"author":1,"featured_media":4620,"parent":0,"template":"","tags":[211],"product-type":[31],"class_list":["post-4618","product","type-product","status-publish","has-post-thumbnail","hentry","tag-rice-nursery-seedling-machine","product-type-nursery-transplanter"],"_links":{"self":[{"href":"https:\/\/taizyagromachine.com\/tr\/wp-json\/wp\/v2\/product\/4618","targetHints":{"allow":["GET"]}}],"collection":[{"href":"https:\/\/taizyagromachine.com\/tr\/wp-json\/wp\/v2\/product"}],"about":[{"href":"https:\/\/taizyagromachine.com\/tr\/wp-json\/wp\/v2\/types\/product"}],"author":[{"embeddable":true,"href":"https:\/\/taizyagromachine.com\/tr\/wp-json\/wp\/v2\/users\/1"}],"wp:featuredmedia":[{"embeddable":true,"href":"https:\/\/taizyagromachine.com\/tr\/wp-json\/wp\/v2\/media\/4620"}],"wp:attachment":[{"href":"https:\/\/taizyagromachine.com\/tr\/wp-json\/wp\/v2\/media?parent=4618"}],"wp:term":[{"taxonomy":"post_tag","embeddable":true,"href":"https:\/\/taizyagromachine.com\/tr\/wp-json\/wp\/v2\/tags?post=4618"},{"taxonomy":"product-type","embeddable":true,"href":"https:\/\/taizyagromachine.com\/tr\/wp-json\/wp\/v2\/product-type?post=4618"}],"curies":[{"name":"wp","href":"https:\/\/api.w.org\/{rel}","templated":true}]}}