{"id":4641,"date":"2023-02-16T15:50:08","date_gmt":"2023-02-16T07:50:08","guid":{"rendered":"https:\/\/taizyagromachine.com\/?post_type=product&#038;p=4641"},"modified":"2025-01-02T13:49:29","modified_gmt":"2025-01-02T05:49:29","slug":"brick-making-machine-for-sale","status":"publish","type":"product","link":"https:\/\/taizyagromachine.com\/tr\/product\/brick-making-machine-for-sale\/","title":{"rendered":"Sat\u0131l\u0131k \u00c7imento Tu\u011fla Yapma Makinesi"},"content":{"rendered":"<p class=\"translation-block\"><strong>Tu\u011fla yap\u0131m makinesi<\/strong>, \u00e7e\u015fitli tu\u011fla t\u00fcrlerinin \u00fcretimi i\u00e7in \u00f6zel olarak tasarlanm\u0131\u015ft\u0131r. Basit yap\u0131s\u0131, kolay kullan\u0131m\u0131 ve y\u00fcksek maliyet performans\u0131 nedeniyle d\u00fcnyan\u0131n d\u00f6rt bir yan\u0131ndaki m\u00fc\u015fteriler taraf\u0131ndan sevilmektedir. <a href=\"https:\/\/taizyagromachine.com\/tr\/\" target=\"_blank\" rel=\"noreferrer noopener\">K\u0131demli bir tu\u011fla makinesi \u00fcreticisi ve tedarik\u00e7isi<\/a> olarak, geni\u015f bir tu\u011fla makinesi model yelpazemiz bulunmaktad\u0131r.<\/p>    <p>Genel olarak sat\u0131l\u0131k blok yapma makinesi kil tu\u011fla makinesine ve \u00e7imento tu\u011fla makinesine ayr\u0131labilir. Her tu\u011fla makinesi tipinin alt\u0131nda farkl\u0131 konfig\u00fcrasyonlar bulunmaktad\u0131r, daha fazla bilgi i\u00e7in l\u00fctfen okumaya devam edin.<\/p>    <h2 class=\"wp-block-heading\"><strong>Tip 1: Sat\u0131l\u0131k \u00c7imento Tu\u011fla Yapma Makinesi<\/strong><\/h2>    <p>\u00c7imento tu\u011flas\u0131 yapma makinesi piyasada en \u00e7ok satan modeldir ve bir\u00e7ok m\u00fc\u015fteri \u00e7imento blok makinesi hakk\u0131nda soru sormak i\u00e7in geri gelir. Tu\u011fla makinemiz \u00e7e\u015fitli modellere sahip olup \u00f6\u011frenmesi kolay, fiyat\u0131 uygun, tu\u011fla \u00fcretimi i\u00e7in yat\u0131r\u0131m i\u00e7in iyi bir se\u00e7imdir.<\/p>    <p>Buna ek olarak, m\u00fckemmel performanslar\u0131ndan dolay\u0131 makinelerimiz s\u0131kl\u0131kla b\u00fcy\u00fck \u00f6l\u00e7ekte ihra\u00e7 edilmektedir, bu nedenle tu\u011fla makineleriyle ilgileniyorsan\u0131z l\u00fctfen bizimle ileti\u015fime ge\u00e7in!<\/p>    <h3 class=\"wp-block-heading\"><strong>\u00c7e\u015fitli \u00d6rnek Tu\u011fla ve Tu\u011fla Kal\u0131plar\u0131<\/strong><\/h3>    <figure class=\"wp-block-gallery aligncenter has-nested-images columns-default is-cropped wp-block-gallery-2 is-layout-flex wp-block-gallery-is-layout-flex\"> <figure class=\"wp-block-image size-full\"><img loading=\"lazy\" decoding=\"async\" width=\"540\" height=\"600\" data-id=\"4674\" src=\"https:\/\/taizyagromachine.com\/wp-content\/uploads\/2023\/02\/various-sample-bricks.webp\" alt=\"\u00e7e\u015fitli \u00f6rnek tu\u011flalar\" class=\"wp-image-4674\"\/><figcaption class=\"wp-element-caption\">\u00e7e\u015fitli \u00f6rnek tu\u011flalar<\/figcaption><\/figure>    <figure class=\"wp-block-image size-full\"><img loading=\"lazy\" decoding=\"async\" width=\"540\" height=\"600\" data-id=\"4675\" src=\"https:\/\/taizyagromachine.com\/wp-content\/uploads\/2023\/02\/all-kinds-of-moulds.webp\" alt=\"her t\u00fcrl\u00fc kal\u0131p\" class=\"wp-image-4675\"\/><figcaption class=\"wp-element-caption\">her t\u00fcrl\u00fc kal\u0131p<\/figcaption><\/figure> <\/figure>    <p>Yukar\u0131daki resimde belirtildi\u011fi gibi \u00fcretilebilecek tu\u011fla \u015fekilleri ve \u00fcretilebilecek tu\u011fla \u00e7e\u015fitleri tu\u011fla yap\u0131m makinemizde \u00fcretilebilmektedir.<\/p>    <p>Taizy blok yap\u0131m makinesi ile parke bloklar\u0131, renkli bloklar, \u00e7im tu\u011flalar\u0131, e\u011fim koruma bloklar\u0131, k\u00fcpler, yol boyunca kullan\u0131lan bloklar vb. \u00fcretilebilmektedir. <\/p>    <h3 class=\"wp-block-heading\"><strong>Sat\u0131l\u0131k \u00c7imento Tu\u011fla Makinesinin Detayl\u0131 Parametreleri<\/strong><\/h3>    <p>Her biri farkl\u0131 kapasite ve konfig\u00fcrasyon detaylar\u0131na sahip 10 model \u00e7imento tu\u011flas\u0131 makinemiz sat\u0131l\u0131kt\u0131r, spesifik parametreler a\u015fa\u011f\u0131da bulunabilir.<\/p>    <figure class=\"wp-block-table\"><table><tbody><tr><td>Modeli<\/td><td>Makine resmi<\/td><td>Kal\u0131plama d\u00f6ng\u00fcs\u00fc<\/td><td>G\u00fc\u00e7le donat\u0131lm\u0131\u015f<\/td><td>Kapasite<\/td><td>Plaka boyutu<\/td><td>Genel boyut<\/td><td>A\u011f\u0131rl\u0131k<\/td><td>Operat\u00f6r gerekli<\/td><\/tr><tr><td>DF2-45<\/td><td><img loading=\"lazy\" decoding=\"async\" width=\"150\" height=\"158\" class=\"wp-image-4650\" style=\"width: 150px;\" src=\"https:\/\/taizyagromachine.com\/wp-content\/uploads\/2023\/02\/DF2-45-block-machine.webp\" alt=\"\"><\/td><td>45'ler<\/td><td>1,1 kW<\/td><td>Standart tu\u011fla 240*53*115mm 3600 adet<br>\u0130\u00e7i bo\u015f tu\u011flalar 390*190*190mm 600 adet<\/td><td>\/<\/td><td>900*700*1150mm<\/td><td>200kg<\/td><td>1-2<\/td><\/tr><tr><td>DF3-45<\/td><td><img loading=\"lazy\" decoding=\"async\" width=\"150\" height=\"203\" class=\"wp-image-4654\" style=\"width: 150px;\" src=\"https:\/\/taizyagromachine.com\/wp-content\/uploads\/2023\/02\/DF3-45-brick-machine.webp\" alt=\"\"><\/td><td>45'ler<\/td><td>1,1 kW<\/td><td>Standart tu\u011fla 240*53*115mm 8000 adet<br>\u0130\u00e7i bo\u015f tu\u011flalar 390*190*190mm 1000 adet<\/td><td>\/<\/td><td>1100*1050*1300mm<\/td><td>300kg<\/td><td>1-2<\/td><\/tr><tr><td>DF4-45<\/td><td><img loading=\"lazy\" decoding=\"async\" width=\"150\" height=\"158\" class=\"wp-image-4655\" style=\"width: 150px;\" src=\"https:\/\/taizyagromachine.com\/wp-content\/uploads\/2023\/02\/DF4-45.webp\" alt=\"\"><\/td><td>45'ler<\/td><td>3,7kw<\/td><td>Standart tu\u011fla 240*53*115mm 12000 adet<br>\u0130\u00e7i bo\u015f tu\u011flalar 390*190*190mm 1800 adet<\/td><td>\/<\/td><td>1250*1350*1550mm<\/td><td>750kg<\/td><td>2-3<\/td><\/tr><tr><td>DF-dizel motor<\/td><td><img loading=\"lazy\" decoding=\"async\" width=\"150\" height=\"247\" class=\"wp-image-4656\" style=\"width: 150px;\" src=\"https:\/\/taizyagromachine.com\/wp-content\/uploads\/2023\/02\/DF.webp\" alt=\"\"><\/td><td>45'ler<\/td><td>8hp<\/td><td>Standart tu\u011fla 240*53*115mm 3600 adet<br>\u0130\u00e7i bo\u015f tu\u011flalar 390*190*190mm 600 adet<\/td><td>\/<\/td><td>1900*1000*1550mm<\/td><td>250kg<\/td><td>1-2<\/td><\/tr><tr><td>Haznesiz DF4-35A<\/td><td><img loading=\"lazy\" decoding=\"async\" width=\"150\" height=\"171\" class=\"wp-image-4657\" style=\"width: 150px;\" src=\"https:\/\/taizyagromachine.com\/wp-content\/uploads\/2023\/02\/DF4-35A-without-hopper.webp\" alt=\"\"><\/td><td>35'ler<\/td><td>4.8kw<\/td><td>Standart tu\u011fla 240*53*115mm 15000 adet<br>\u0130\u00e7i bo\u015f tu\u011flalar 390*190*190mm 2400 adet<\/td><td>850*550*30mm<\/td><td>1250*1350*1550mm<\/td><td>750kg<\/td><td>2-3<\/td><\/tr><tr><td>Hazneli DF4-35A<\/td><td><img loading=\"lazy\" decoding=\"async\" width=\"150\" height=\"229\" class=\"wp-image-4658\" style=\"width: 150px;\" src=\"https:\/\/taizyagromachine.com\/wp-content\/uploads\/2023\/02\/DF4-35A-with-hopper.webp\" alt=\"\"><\/td><td>35'ler<\/td><td>4.8kw<\/td><td>Standart tu\u011fla 240*53*115mm 20000 adet<br>\u0130\u00e7i bo\u015f tu\u011flalar 390*190*190mm 3200 adet<\/td><td>850*550*30mm<\/td><td>1200*1280*1950mm<\/td><td>780kg<\/td><td>2-3<\/td><\/tr><tr><td>DF4-35B haznesiz<\/td><td><img loading=\"lazy\" decoding=\"async\" width=\"150\" height=\"186\" class=\"wp-image-4659\" style=\"width: 150px;\" src=\"https:\/\/taizyagromachine.com\/wp-content\/uploads\/2023\/02\/DF4-35B-without-hopper.webp\" alt=\"\"><\/td><td>35'ler<\/td><td>6,3 kW<\/td><td>Standart tu\u011fla 240*53*115mm 15000 adet<br>\u0130\u00e7i bo\u015f tu\u011flalar 390*190*190mm 2400 adet<\/td><td>850*550*30mm<\/td><td>1250*1350*1550mm<\/td><td>800kg<\/td><td>2-3<\/td><\/tr><tr><td>Hazneli DF4-35B<\/td><td><img loading=\"lazy\" decoding=\"async\" width=\"150\" height=\"244\" class=\"wp-image-4660\" style=\"width: 150px;\" src=\"https:\/\/taizyagromachine.com\/wp-content\/uploads\/2023\/02\/DF4-35B-with-hopper.webp\" alt=\"\"><\/td><td>35'ler<\/td><td>6,3 kW<\/td><td>Standart tu\u011fla 240*53*115mm 20000 adet<br>\u0130\u00e7i bo\u015f tu\u011flalar 390*190*190mm 3200 adet<\/td><td>850*550*30mm<\/td><td>1200*1280*1950mm<\/td><td>830kg<\/td><td>2-3<\/td><\/tr><tr><td>Haznesiz DF4-40A<\/td><td><img loading=\"lazy\" decoding=\"async\" width=\"150\" height=\"194\" class=\"wp-image-4661\" style=\"width: 150px;\" src=\"https:\/\/taizyagromachine.com\/wp-content\/uploads\/2023\/02\/DF4-40A-without-hopper.webp\" alt=\"\"><\/td><td>35'ler<\/td><td>7,5 kW<\/td><td>Standart tu\u011fla 240*53*115mm 20000 adet<br>\u0130\u00e7i bo\u015f tu\u011flalar 390*190*190mm 3200 adet<\/td><td>850*550*30mm<\/td><td>1500*1300*1800mm<\/td><td>1100kg<\/td><td>2-3<\/td><\/tr><tr><td>DF4-40A otomatik tu\u011fla makinesi<\/td><td><img loading=\"lazy\" decoding=\"async\" width=\"150\" height=\"137\" class=\"wp-image-4662\" style=\"width: 150px;\" src=\"https:\/\/taizyagromachine.com\/wp-content\/uploads\/2023\/02\/DF4-40A-automatic-brick-machine.webp\" alt=\"\"><\/td><td>35'ler<\/td><td>7,5 kW<\/td><td>Standart tu\u011fla 240*53*115mm 24000 adet<br>\u0130\u00e7i bo\u015f tu\u011flalar 390*190*190mm 3600 adet<\/td><td>850*550*30mm<\/td><td>1600*1300*2300mm<\/td><td>1150kg<\/td><td>2-3<\/td><\/tr><\/tbody><\/table><figcaption class=\"wp-element-caption\">Her t\u00fcrl\u00fc \u00e7imento tu\u011flas\u0131 yapma makinesi sat\u0131l\u0131k<\/figcaption><\/figure>    <h2 class=\"wp-block-heading\"><strong>Tip 2: Kil Tu\u011fla Yap\u0131m Makinesi - \u00dccretsiz Buring Blok Makinesi<\/strong><\/h2>    <p>Bu tu\u011fla makinesi, yap\u0131labilen tu\u011flalar\u0131n \u00fcretimi i\u00e7in esas olarak kil kullanan bir kil tu\u011fla makinesidir, yani yanmaz bir tu\u011fla makinesidir. Bu tu\u011fla makinesi di\u011fer makinelerle birlikte tam otomatik olarak kil tu\u011fla \u00fcretmek i\u00e7in kullan\u0131labilir.<\/p>    <h3 class=\"wp-block-heading\"><strong>Tam Otomatik Kilitli Tu\u011fla Makinas\u0131n\u0131n Yap\u0131s\u0131<\/strong><\/h3>    <div class=\"wp-block-columns is-layout-flex wp-container-core-columns-is-layout-9d6595d7 wp-block-columns-is-layout-flex\"> <div class=\"wp-block-column is-layout-flow wp-block-column-is-layout-flow\"><div class=\"wp-block-image\"> <figure class=\"aligncenter size-full\"><img loading=\"lazy\" decoding=\"async\" width=\"720\" height=\"540\" src=\"https:\/\/taizyagromachine.com\/wp-content\/uploads\/2023\/02\/clay-block-machine-structure.webp\" alt=\"kil blok makine yap\u0131s\u0131\" class=\"wp-image-4642\"\/><figcaption class=\"wp-element-caption\">kil blok makine yap\u0131s\u0131<\/figcaption><\/figure> <\/div><\/div>    <div class=\"wp-block-column is-layout-flow wp-block-column-is-layout-flow\"> <p>Bu e\u015fle\u015fme, al\u0131c\u0131lar\u0131n tu\u011fla \u00fcretim end\u00fcstrisinde \u00e7ok pratik olan kil blo\u011funu \u00e7ok rahat ve verimli bir \u015fekilde \u00fcretmelerine yard\u0131mc\u0131 oluyor. <\/p>    <p>E\u011fer ilgileniyorsan\u0131z, bizimle ileti\u015fime ge\u00e7meye ho\u015f geldiniz!<\/p>    <figure class=\"wp-block-table\"><table><tbody><tr><td>HAYIR.<\/td><td>Makine par\u00e7as\u0131 ad\u0131<\/td><\/tr><tr><td>1<\/td><td>Mikser<\/td><\/tr><tr><td>2<\/td><td>Bantl\u0131 konvey\u00f6r<\/td><\/tr><tr><td>3<\/td><td>Hidrolik ya\u011f silindiri<\/td><\/tr><tr><td>4<\/td><td>Ana blok makinesi<\/td><\/tr><\/tbody><\/table><figcaption class=\"wp-element-caption\">otomatik kil blok makinesinin tablo listesi<\/figcaption><\/figure> <\/div> <\/div>    <h3 class=\"wp-block-heading\"><strong>Kil Blok \u015eekilleri ve Makine Verimlili\u011fi<\/strong><\/h3>    <figure class=\"wp-block-table\"><table><tbody><tr><td>T\u00fcrler<\/td><td>Tu\u011fla resmi<\/td><td>Boyut<\/td><td>Kal\u0131plama d\u00f6ng\u00fcs\u00fc<\/td><td>Adet\/Kal\u0131p<\/td><td>Adet\/saat<\/td><td>Adet\/8 saat<\/td><\/tr><tr><td>Kil tu\u011fla<\/td><td><img loading=\"lazy\" decoding=\"async\" width=\"150\" height=\"94\" class=\"wp-image-4647\" style=\"width: 150px;\" src=\"https:\/\/taizyagromachine.com\/wp-content\/uploads\/2023\/02\/Clay-brick.png\" alt=\"\"><\/td><td>300*150*100mm<\/td><td>10'lar<\/td><td>7 adet<\/td><td>2520 adet<\/td><td>20160 adet<\/td><\/tr><\/tbody><\/table><\/figure>    <h2 class=\"wp-block-heading\"><strong>Flyash Tu\u011fla Yapma Makinesi Fiyat\u0131 Nedir?<\/strong><\/h2>    <p>Tu\u011fla makinesi almaya karar verdi\u011finizde mutlaka tu\u011fla makinesinin fiyat\u0131n\u0131 g\u00f6z \u00f6n\u00fcnde bulunduracaks\u0131n\u0131z. Ve tu\u011fla makinesinin fiyat\u0131 \u00e7e\u015fitli y\u00f6nlerden etkilenir. \u00d6rne\u011fin manuel \u00e7imento tu\u011flas\u0131 yapma makinesi fiyat\u0131 ile tam otomatik kil tu\u011flas\u0131 makinesinin fiyat\u0131 farkl\u0131d\u0131r. Tu\u011fla makinesinin motorlu modeli ile blok makinesinin dizel modelinin fiyat\u0131 da farkl\u0131 olacakt\u0131r. Ayr\u0131ca m\u00fc\u015fterinin yapmak istedi\u011fi tu\u011fla t\u00fcr\u00fc de dikkate al\u0131nmal\u0131d\u0131r. Farkl\u0131 kal\u0131p \u00e7e\u015fitleri kullan\u0131ld\u0131\u011f\u0131 i\u00e7in fiyat\u0131 da farkl\u0131l\u0131k g\u00f6stermektedir.<\/p>    <p>Yani makine sat\u0131n almak istedi\u011finizde sat\u0131\u015f y\u00f6neticimize \u00fcretmek istedi\u011finiz tu\u011flan\u0131n \u015feklini, b\u00fct\u00e7enizi vs. anlatabilirsiniz. Sat\u0131\u015f y\u00f6neticimiz ihtiya\u00e7lar\u0131n\u0131za g\u00f6re sizin i\u00e7in do\u011fru \u00e7\u00f6z\u00fcm\u00fc \u00f6nerebilir.<\/p>    <h2 class=\"wp-block-heading\"><strong>Taizy Tu\u011fla Yapma Makinesi Paketi ve Teslimat\u0131<\/strong><\/h2>    <figure class=\"wp-block-gallery aligncenter has-nested-images columns-default is-cropped wp-block-gallery-3 is-layout-flex wp-block-gallery-is-layout-flex\"> <figure class=\"wp-block-image size-large\"><img loading=\"lazy\" decoding=\"async\" width=\"540\" height=\"540\" data-id=\"4679\" src=\"https:\/\/taizyagromachine.com\/wp-content\/uploads\/2023\/02\/package-of-the-cement-block-machine.webp\" alt=\"\u00e7imento blok makinesinin paketi\" class=\"wp-image-4679\"\/><figcaption class=\"wp-element-caption\">\u00e7imento blok makinesi paketi<\/figcaption><\/figure>    <figure class=\"wp-block-image size-large\"><img loading=\"lazy\" decoding=\"async\" width=\"540\" height=\"540\" data-id=\"4680\" src=\"https:\/\/taizyagromachine.com\/wp-content\/uploads\/2023\/02\/package-of-the-cement-brick-machine.webp\" alt=\"\u00e7imento-tu\u011fla-makinesinin-paketi\" class=\"wp-image-4680\"\/><figcaption class=\"wp-element-caption\">\u00e7imento tu\u011flas\u0131 makinesi paketi<\/figcaption><\/figure> <\/figure>    <p>M\u00fc\u015fteriler tu\u011fla makinesini bizden sat\u0131n ald\u0131ktan sonra, makineyi \u00fcretimden sonra paketleyece\u011fiz. \u00c7\u00fcnk\u00fc normalde, deniz taraf\u0131ndan m\u00fc\u015fterinin var\u0131\u015f noktas\u0131na g\u00f6nderilir ve denizde \u00e7e\u015fitli sorunlarla kar\u015f\u0131la\u015f\u0131labilir. U\u00e7ucu k\u00fcl tu\u011flas\u0131 yap\u0131m makinesini ah\u015fap kutularda paketlemenin amac\u0131, deniz yolculu\u011fu s\u0131ras\u0131nda blok makinesini daha iyi korumak ve hedefine ula\u015fmadan \u00f6nce makineye zarar vermekten ka\u00e7\u0131nmakt\u0131r. Yukar\u0131daki resim tu\u011fla makinesinin paketlenmesidir.<\/p>    <h2 class=\"wp-block-heading\"><strong>Taizy \u00c7imento Tu\u011fla Yapma Makinesi Videosu<\/strong><\/h2>    <figure class=\"wp-block-embed is-type-video is-provider-youtube wp-block-embed-youtube wp-embed-aspect-16-9 wp-has-aspect-ratio\"><div class=\"wp-block-embed__wrapper\"> <iframe loading=\"lazy\" title=\"Sat\u0131l\u0131k En \u0130yi 3 Tu\u011fla Yapma Makinesi - \u00c7imento Blok Yapma Makinesi \u00dcreticisi ve Tedarik\u00e7isi #bricks\" width=\"500\" height=\"281\" src=\"https:\/\/www.youtube.com\/embed\/Jt3gWnMqpbc?feature=oembed\" frameborder=\"0\" allow=\"accelerometer; autoplay; clipboard-write; encrypted-media; gyroscope; picture-in-picture; web-share\" referrerpolicy=\"strict-origin-when-cross-origin\" allowfullscreen><\/iframe> <\/div><\/figure>","protected":false},"excerpt":{"rendered":"<p>The brick making machine is specially designed for the production of various types of bricks. It is loved by customers from all over the world because of its simple structure, easy operation and high cost performance. As a senior brick machine manufacturer and supplier, we have a wide range of brick machine models. In general, [&hellip;]<\/p>\n","protected":false},"author":1,"featured_media":4683,"parent":0,"template":"","tags":[212],"product-type":[22],"class_list":["post-4641","product","type-product","status-publish","has-post-thumbnail","hentry","tag-brick-making-machine","product-type-others"],"_links":{"self":[{"href":"https:\/\/taizyagromachine.com\/tr\/wp-json\/wp\/v2\/product\/4641","targetHints":{"allow":["GET"]}}],"collection":[{"href":"https:\/\/taizyagromachine.com\/tr\/wp-json\/wp\/v2\/product"}],"about":[{"href":"https:\/\/taizyagromachine.com\/tr\/wp-json\/wp\/v2\/types\/product"}],"author":[{"embeddable":true,"href":"https:\/\/taizyagromachine.com\/tr\/wp-json\/wp\/v2\/users\/1"}],"wp:featuredmedia":[{"embeddable":true,"href":"https:\/\/taizyagromachine.com\/tr\/wp-json\/wp\/v2\/media\/4683"}],"wp:attachment":[{"href":"https:\/\/taizyagromachine.com\/tr\/wp-json\/wp\/v2\/media?parent=4641"}],"wp:term":[{"taxonomy":"post_tag","embeddable":true,"href":"https:\/\/taizyagromachine.com\/tr\/wp-json\/wp\/v2\/tags?post=4641"},{"taxonomy":"product-type","embeddable":true,"href":"https:\/\/taizyagromachine.com\/tr\/wp-json\/wp\/v2\/product-type?post=4641"}],"curies":[{"name":"wp","href":"https:\/\/api.w.org\/{rel}","templated":true}]}}