{"id":4700,"date":"2023-02-21T17:21:57","date_gmt":"2023-02-21T09:21:57","guid":{"rendered":"https:\/\/taizyagromachine.com\/?post_type=product&#038;p=4700"},"modified":"2025-02-25T11:48:17","modified_gmt":"2025-02-25T03:48:17","slug":"reaper-machine","status":"publish","type":"product","link":"https:\/\/taizyagromachine.com\/tr\/product\/reaper-machine\/","title":{"rendered":"M\u0131s\u0131r, Pirin\u00e7, Bu\u011fday, Sorgum, \u00c7im, Yonca Hasad\u0131 i\u00e7in Mini Orak Makinesi"},"content":{"rendered":"<p>Orak makinesi, \u00e7e\u015fitli mahsullerin hasad\u0131 i\u00e7in \u00f6zel olarak tasarlanm\u0131\u015f ekonomik bir makinedir. Y\u00fcksek maliyet performans\u0131, kolay kullan\u0131m ve y\u00fcksek uygulanabilirlik \u00f6zelliklerine sahiptir. Bu nedenle bir\u00e7ok m\u00fc\u015fteri el bi\u00e7me makinemizi bir b\u00fct\u00fcn olarak sat\u0131n al\u0131p makinelerimizin bayisi veya perakendecisi oluyor.<\/p>    <h2 class=\"wp-block-heading\"><strong>Reaper Bi\u00e7erd\u00f6ver nedir?<\/strong><\/h2>    <p>\u00d6zel i\u015flevi, mahsul\u00fc kesmek ve bir kenara koymakt\u0131r. Bu makine, \u00e7ift\u00e7ilerin mahsulleri hasat etmesini kolayla\u015ft\u0131rmak i\u00e7in tasarlanm\u0131\u015f ve icat edilmi\u015ftir, dolay\u0131s\u0131yla \u00e7ok pratiktir. Sadece \u00e7e\u015fitli mahsullerin hasad\u0131nda de\u011fil, da\u011fl\u0131k alanlarda, ovalarda, da\u011flarda, seralarda da kullan\u0131labilmektedir.<\/p>    <p>Bu makine ayn\u0131 zamanda arkadan \u00e7ekmeli trakt\u00f6r ile de kullan\u0131labildi\u011fi i\u00e7in kullan\u0131m\u0131 daha rahat ve kullan\u0131c\u0131ya b\u00fcy\u00fck kolayl\u0131k sa\u011flayacakt\u0131r. Bu t\u00fcr bir makineyle ilgileniyorsan\u0131z, daha fazla bilgi i\u00e7in bizimle ileti\u015fime ge\u00e7ebilirsiniz!<\/p>    <figure class=\"wp-block-embed is-type-video is-provider-youtube wp-block-embed-youtube wp-embed-aspect-16-9 wp-has-aspect-ratio\"><div class=\"wp-block-embed__wrapper\"> <iframe loading=\"lazy\" title=\"Reaper Makinesi ile Verimli M\u0131s\u0131r ve Reed Harvester | Y\u00fcksek performansl\u0131 hasat makinesi\" width=\"500\" height=\"281\" src=\"https:\/\/www.youtube.com\/embed\/GudCYyAzqm0?feature=oembed\" frameborder=\"0\" allow=\"accelerometer; autoplay; clipboard-write; encrypted-media; gyroscope; picture-in-picture; web-share\" referrerpolicy=\"strict-origin-when-cross-origin\" allowfullscreen><\/iframe> <\/div><figcaption class=\"wp-element-caption\">Hasat Makinesi<\/figcaption><\/figure>    <h2 class=\"wp-block-heading\"><strong>Tar\u0131m i\u00e7in Orak Makinesi \u00c7e\u015fitleri<\/strong><\/h2>    <p class=\"translation-block\">Bi\u00e7erd\u00f6ver-kesme makinemiz bi\u00e7erd\u00f6ver ba\u011flay\u0131c\u0131 ve bi\u00e7erd\u00f6ver olarak ikiye ayr\u0131labilir. \u0130ki aras\u0131ndaki fark fonksiyondur. Bi\u00e7erd\u00f6ver ba\u011flay\u0131c\u0131 hasat s\u0131ras\u0131nda ba\u011flamak i\u00e7in kullan\u0131l\u0131rken, bi\u00e7erd\u00f6ver sadece hasat i\u00e7in kullan\u0131l\u0131r<\/p>    <p class=\"translation-block\">Ayr\u0131ca makine modellerimizin farkl\u0131 bi\u00e7me geni\u015fliklerine g\u00f6re s\u0131n\u0131fland\u0131r\u0131ld\u0131\u011f\u0131n\u0131, bunlar\u0131n 4GK-90, 4G-100, 4G-120, 4G-120A, 4G-150 vb. olarak ayr\u0131labilece\u011fini belirtmek gerekir. Detayl\u0131 parametreler i\u00e7in l\u00fctfen a\u015fa\u011f\u0131daki \u201c<strong>Sat\u0131l\u0131k Taizy Bi\u00e7erd\u00f6ver Makinesi Teknik Parametreleri<\/strong>\u201c b\u00f6l\u00fcm\u00fcne bak\u0131n\u0131z.<\/p>    <h2 class=\"wp-block-heading\"><strong>Reaper Bi\u00e7erd\u00f6ver Makinesi Uygulamalar\u0131<\/strong><\/h2>    <p>Taizy orak makinesi m\u0131s\u0131r, \u015feker kam\u0131\u015f\u0131, pirin\u00e7, bu\u011fday, \u00e7imen, yonca, sorgum, dar\u0131, patates, p\u0131rasa, sar\u0131msak, soya fasulyesi, biber, tatl\u0131 fil otu vb. gibi geni\u015f bir uygulama yelpazesine sahiptir. bitkileri, l\u00fctfen bizimle ileti\u015fime ge\u00e7in! Sat\u0131\u015f personelimiz, \u00f6zel ihtiya\u00e7lar\u0131n\u0131za g\u00f6re size en uygun orak makinesini \u00f6nerecektir.<\/p>   <div class=\"wp-block-image\"> <figure class=\"aligncenter size-full\"><img loading=\"lazy\" decoding=\"async\" width=\"720\" height=\"540\" src=\"https:\/\/taizyagromachine.com\/wp-content\/uploads\/2023\/02\/applications-of-reaper-harvester-machine.webp\" alt=\"orak makinesi bi\u00e7erd\u00f6ver makinesinin uygulamalar\u0131\" class=\"wp-image-4706\"\/><figcaption class=\"wp-element-caption\">orak makinesi bi\u00e7erd\u00f6ver makinesinin uygulamalar\u0131<\/figcaption><\/figure> <\/div>   <h2 class=\"wp-block-heading\"><strong>Taizy Pirin\u00e7\/Bu\u011fday\/M\u0131s\u0131r Bi\u00e7erd\u00f6ver Makinesinin \u00d6zellikleri<\/strong><\/h2>    <ol class=\"wp-block-list\"> <li>Zamandan ve i\u015f\u00e7ilikten tasarruf, ekonomik ve verimli hasat.<\/li>    <li>\u00c7ok ama\u00e7l\u0131, basit kullan\u0131m ve g\u00fc\u00e7l\u00fc g\u00fc\u00e7.<\/li>    <li>Ovalara, da\u011flara, tepelere ve seralara yayg\u0131n olarak uygulanabilir.<\/li>    <li>M\u0131s\u0131r, \u015feker kam\u0131\u015f\u0131, \u00e7imen, soya fasulyesi, biber vb. gibi hasat edilebilecek \u00e7ok \u00e7e\u015fitli mahsullere uygulanabilir.<\/li>    <li>Enerji tasarrufu, yak\u0131t t\u00fcketiminin azalt\u0131lmas\u0131 ve maliyetin d\u00fc\u015f\u00fcr\u00fclmesi.<\/li>    <li>Y\u00fcksek kaliteli aksesuarlar, iyi makine kalitesi; G\u00fc\u00e7l\u00fc uygulanabilirlik, stabilite ve dayan\u0131kl\u0131l\u0131k; Hasat etkisi iyidir.<\/li> <\/ol>   <div class=\"wp-block-image\"> <figure class=\"aligncenter size-full\"><img loading=\"lazy\" decoding=\"async\" width=\"720\" height=\"350\" src=\"https:\/\/taizyagromachine.com\/wp-content\/uploads\/2023\/02\/reaper-machine-manufacturer.webp\" alt=\"orak makinesi \u00fcreticisi\" class=\"wp-image-4707\"\/><figcaption class=\"wp-element-caption\">orak makinesi \u00fcreticisi<\/figcaption><\/figure> <\/div>   <h2 class=\"wp-block-heading\"><strong>Reaper Makinesi Fiyat\u0131 nas\u0131l?<\/strong><\/h2>    <p class=\"translation-block\"><a href=\"https:\/\/taizyagromachine.com\/tr\/\" target=\"_blank\" rel=\"noreferrer noopener\">Profesyonel bir tar\u0131m makineleri \u00fcreticisi ve tedarik\u00e7isi<\/a> olarak, makine modellerimiz \u00e7ok kapsaml\u0131d\u0131r ve bi\u00e7erd\u00f6ver ba\u011flay\u0131c\u0131lar\u0131n fiyatlar\u0131 da farkl\u0131d\u0131r.<\/p>    <p>\u00d6rne\u011fin, bi\u00e7erd\u00f6ver hasat makinelerimiz bi\u00e7erd\u00f6ver ve orak makinesine ayr\u0131lm\u0131\u015ft\u0131r, ihtiya\u00e7 duyulan i\u015flevler farkl\u0131 makinelerdir ve fiyat\u0131 da farkl\u0131d\u0131r. Ayr\u0131ca makinenin g\u00fc\u00e7 yap\u0131land\u0131rmas\u0131. Makinalar\u0131m\u0131zda benzinli motor ve dizel motor kullan\u0131labilmektedir. Ayn\u0131 model farkl\u0131 g\u00fc\u00e7 kullan\u0131yorsa makine fiyatlar\u0131 da farkl\u0131l\u0131k g\u00f6sterir. Ayr\u0131ca makinenin hasat geni\u015fli\u011fi de \u00f6nemlidir. M\u00fc\u015fterilerin istedi\u011fi farkl\u0131 hasat geni\u015flikleri i\u00e7in makinenin fiyat\u0131 do\u011fal olarak farkl\u0131l\u0131k g\u00f6stermektedir.<\/p>    <p>K\u0131sacas\u0131 sizin i\u00e7in do\u011fru olan\u0131 se\u00e7ecek makineyi se\u00e7in. Ayr\u0131ca uzman\u0131m\u0131zdan yard\u0131m isteyebilirsiniz, o sizin i\u00e7in en uygun olan\u0131 \u00f6nerecektir!<\/p>    <h2 class=\"wp-block-heading\"><strong>Sat\u0131l\u0131k Taizy Reaper Makinesinin Teknik Parametreleri<\/strong><\/h2>    <figure class=\"wp-block-table\"><table><tbody><tr><td>Modeli<\/td><td>4GK-90 bi\u00e7erd\u00f6ver ba\u011flay\u0131c\u0131<\/td><td>4G-100 orak makinesi<\/td><td>4G-120 orak makinesi<\/td><td>4G-120A orak makinesi<\/td><td>4G-150 orak makinesi<\/td><\/tr><tr><td>Hasat geni\u015fli\u011fi (mm) <\/td><td>900 <\/td><td>1000 <\/td><td>1200 <\/td><td>1200 <\/td><td>1500 <\/td><\/tr><tr><td>Mini kesme y\u00fcksekli\u011fi (mm)<\/td><td>\u226550 <\/td><td>\u226550 <\/td><td>\u226550 <\/td><td>\u226550 <\/td><td>\u226550 <\/td><\/tr><tr><td>Yerle\u015ftirme t\u00fcr\u00fc<\/td><td>Yanal paketleme yerle\u015ftirildi<\/td><td>Yanal yerle\u015ftirilmi\u015f<\/td><td>Yanal yerle\u015ftirilmi\u015f<\/td><td>Yanal yerle\u015ftirilmi\u015f<\/td><td>Yanal yerle\u015ftirilmi\u015f<\/td><\/tr><tr><td>Yerle\u015ftirme a\u00e7\u0131s\u0131 (derece)<\/td><td>\/<\/td><td>90\u00b120 <\/td><td>90\u00b120 <\/td><td>90\u00b120 <\/td><td>90\u00b120 <\/td><\/tr><tr><td>Kapasite(mu\/saat)<\/td><td>2-3<\/td><td>2.5-4<\/td><td>3-5<\/td><td>3-5<\/td><td>3.5-5.5<\/td><\/tr><tr><td>E\u015fle\u015fen g\u00fc\u00e7<\/td><td>R175\/6,6hp <\/td><td>170F\/4,5hp <\/td><td>170F\/6,6hp <\/td><td>170F\/4,4hp <\/td><td>R175\/6,6hp <\/td><\/tr><tr><td>Net a\u011f\u0131rl\u0131k (kg)<\/td><td>330<\/td><td>210<\/td><td>230<\/td><td>216<\/td><td>230<\/td><\/tr><tr><td>Br\u00fct a\u011f\u0131rl\u0131k (kg)<\/td><td>380<\/td><td>250<\/td><td>270<\/td><td>260<\/td><td>300<\/td><\/tr><tr><td>Ambalaj boyutu (U * G * Y) (m)<\/td><td>1.55*1.35*0.9<\/td><td>1.3*1.07*0.65<\/td><td>1.47*1.07*0.65<\/td><td>1.47*1.07*0.65<\/td><td>1.8*1.07*0.65<\/td><\/tr><tr><td>Makine boyutu(U*G*Y)(m)<\/td><td>\/<\/td><td>2.1*1.25*1.0<\/td><td>2.15*1.5*1.1<\/td><td>2.15*1.5*1.1<\/td><td>2.25*1.85*1.1<\/td><\/tr><tr><td>Kay\u0131p oran\u0131(\uff05)<\/td><td>&lt;1<\/td><td>&lt;1<\/td><td>&lt;1<\/td><td>&lt;1<\/td><td>&lt;1<\/td><\/tr><tr><td>Kesme ve paketleme oran\u0131(%)<\/td><td>90<\/td><td>\/<\/td><td>\/<\/td><td>\/<\/td><td>\/<\/td><\/tr><\/tbody><\/table><\/figure>    <p>Bi\u00e7erd\u00f6verimiz dizel veya benzinli motorlarla \u00e7al\u0131\u015ft\u0131r\u0131labilir ve hasat geni\u015fli\u011fi m\u00fc\u015fterinin ihtiyac\u0131na g\u00f6re farkl\u0131l\u0131k g\u00f6sterir.<\/p>    <h2 class=\"wp-block-heading\"><strong>Sat\u0131l\u0131k Taizy Reaper Makinesinin \u00c7al\u0131\u015fma Videosu<\/strong><\/h2>    <figure class=\"wp-block-embed is-type-video is-provider-youtube wp-block-embed-youtube wp-embed-aspect-16-9 wp-has-aspect-ratio\"><div class=\"wp-block-embed__wrapper\"> <iframe loading=\"lazy\" title=\"M\u0131s\u0131r, Pirin\u00e7, Bu\u011fday, Sorgum, Soya Fasulyesi, \u00c7im, Yonca vb. Hasad\u0131 i\u00e7in Harika Reaper Ba\u011flay\u0131c\u0131 #reaper\" width=\"500\" height=\"281\" src=\"https:\/\/www.youtube.com\/embed\/6N6YqNMlX24?feature=oembed\" frameborder=\"0\" allow=\"accelerometer; autoplay; clipboard-write; encrypted-media; gyroscope; picture-in-picture; web-share\" referrerpolicy=\"strict-origin-when-cross-origin\" allowfullscreen><\/iframe> <\/div><\/figure>    <figure class=\"wp-block-embed is-type-video is-provider-youtube wp-block-embed-youtube wp-embed-aspect-16-9 wp-has-aspect-ratio\"><div class=\"wp-block-embed__wrapper\"> <iframe loading=\"lazy\" title=\"Taizy&#039;den En \u0130yi Orak Makinesi - Tar\u0131m i\u00e7in El Bi\u00e7erd\u00f6ver Makinesi - Bi\u00e7erd\u00f6ver Makinesi\" width=\"500\" height=\"281\" src=\"https:\/\/www.youtube.com\/embed\/50z7cpO7OIs?feature=oembed\" frameborder=\"0\" allow=\"accelerometer; autoplay; clipboard-write; encrypted-media; gyroscope; picture-in-picture; web-share\" referrerpolicy=\"strict-origin-when-cross-origin\" allowfullscreen><\/iframe> <\/div><\/figure>","protected":false},"excerpt":{"rendered":"<p>The reaper machine is an economical machine specially designed for harvesting various crops. It has the characteristics of high cost performance, easy operation, and high applicability. Therefore, many customers buy our hand reaper machine as a whole and become dealers or retailers of our machines. What is the Reaper Harvester? The specific function is to [&hellip;]<\/p>\n","protected":false},"author":1,"featured_media":4705,"parent":0,"template":"","tags":[213],"product-type":[22],"class_list":["post-4700","product","type-product","status-publish","has-post-thumbnail","hentry","tag-reaper-machine","product-type-others"],"_links":{"self":[{"href":"https:\/\/taizyagromachine.com\/tr\/wp-json\/wp\/v2\/product\/4700","targetHints":{"allow":["GET"]}}],"collection":[{"href":"https:\/\/taizyagromachine.com\/tr\/wp-json\/wp\/v2\/product"}],"about":[{"href":"https:\/\/taizyagromachine.com\/tr\/wp-json\/wp\/v2\/types\/product"}],"author":[{"embeddable":true,"href":"https:\/\/taizyagromachine.com\/tr\/wp-json\/wp\/v2\/users\/1"}],"wp:featuredmedia":[{"embeddable":true,"href":"https:\/\/taizyagromachine.com\/tr\/wp-json\/wp\/v2\/media\/4705"}],"wp:attachment":[{"href":"https:\/\/taizyagromachine.com\/tr\/wp-json\/wp\/v2\/media?parent=4700"}],"wp:term":[{"taxonomy":"post_tag","embeddable":true,"href":"https:\/\/taizyagromachine.com\/tr\/wp-json\/wp\/v2\/tags?post=4700"},{"taxonomy":"product-type","embeddable":true,"href":"https:\/\/taizyagromachine.com\/tr\/wp-json\/wp\/v2\/product-type?post=4700"}],"curies":[{"name":"wp","href":"https:\/\/api.w.org\/{rel}","templated":true}]}}