{"id":4760,"date":"2023-03-09T15:35:40","date_gmt":"2023-03-09T07:35:40","guid":{"rendered":"https:\/\/taizyagromachine.com\/?post_type=product&#038;p=4760"},"modified":"2023-03-09T17:32:18","modified_gmt":"2023-03-09T09:32:18","slug":"peanut-harvester-machine","status":"publish","type":"product","link":"https:\/\/taizyagromachine.com\/tr\/product\/peanut-harvester-machine\/","title":{"rendered":"Sat\u0131l\u0131k Zincirli F\u0131st\u0131k Hasat Makinas\u0131"},"content":{"rendered":"<p>Bu t\u00fcr f\u0131st\u0131k hasat makinesi, \u00f6zellikle tarlalarda yer f\u0131st\u0131\u011f\u0131 hasad\u0131n\u0131 ger\u00e7ekle\u015ftirmek i\u00e7in geli\u015ftirilmi\u015f, trakt\u00f6rle \u00e7al\u0131\u015fan yeni tip bir makinedir.  Asl\u0131nda yer f\u0131st\u0131\u011f\u0131 hasat makinesi iyi performans, y\u00fcksek verimlilik, zaman ve emek tasarrufu ve kolay kullan\u0131m \u00f6zelliklerine sahiptir. <\/p>    <p class=\"translation-block\">Ayr\u0131ca, yer f\u0131st\u0131\u011f\u0131 makinelerimiz yer f\u0131st\u0131\u011f\u0131 hasat makinesiyle s\u0131n\u0131rl\u0131 de\u011fildir, ayn\u0131 zamanda <a href=\"https:\/\/taizyagromachine.com\/tr\/product\/4-row-groundnut-sowing-machine\/\" target=\"_blank\" rel=\"noreferrer noopener\">yer f\u0131st\u0131\u011f\u0131 ekme makinesini<\/a>, <a href=\"https:\/\/taizyagromachine.com\/tr\/product\/combined-groundnut-shelling-and-cleaning-machine\/\" target=\"_blank\" rel=\"noreferrer noopener\">yer f\u0131st\u0131\u011f\u0131 soyma makinesini<\/a> ve <a href=\"https:\/\/taizyagromachine.com\/tr\/product\/small-groundnut-picker-for-sale\/\" target=\"_blank\" rel=\"noreferrer noopener\">yer f\u0131st\u0131\u011f\u0131 toplama makinesini<\/a> de i\u00e7erir. Hangi yer f\u0131st\u0131\u011f\u0131 makinesiyle ilgilenirseniz ilgilenin, bizimle ileti\u015fime ge\u00e7ebilirsiniz!<\/p>    <h2 class=\"wp-block-heading\"><strong>Tip 1: HS-800 Yer F\u0131st\u0131\u011f\u0131 Hasat Makinas\u0131<\/strong><\/h2>    <figure class=\"wp-block-gallery aligncenter has-nested-images columns-default is-cropped wp-block-gallery-2 is-layout-flex wp-block-gallery-is-layout-flex\"> <figure class=\"wp-block-image size-large\"><img loading=\"lazy\" decoding=\"async\" width=\"720\" height=\"540\" data-id=\"4766\" src=\"https:\/\/taizyagromachine.com\/wp-content\/uploads\/2023\/03\/peanut-harvester-machine.webp\" alt=\"f\u0131st\u0131k hasat makinesi\" class=\"wp-image-4766\"\/><figcaption class=\"wp-element-caption\">f\u0131st\u0131k hasat makinesi<\/figcaption><\/figure>    <figure class=\"wp-block-image size-large\"><img loading=\"lazy\" decoding=\"async\" width=\"720\" height=\"540\" data-id=\"4767\" src=\"https:\/\/taizyagromachine.com\/wp-content\/uploads\/2023\/03\/peanut-harvester.webp\" alt=\"f\u0131st\u0131k hasat makinesi \" class=\"wp-image-4767\"\/><figcaption class=\"wp-element-caption\">f\u0131st\u0131k hasat makinesi <\/figcaption><\/figure> <\/figure>    <p>Yeni nesil Taizy f\u0131st\u0131k hasat makinesi, f\u0131st\u0131k hasad\u0131 s\u00fcrecinde kazma, toprak ay\u0131rma, \u015ferit serme, toplama, meyve toplama ve temizleme i\u015flemlerini tamamlayan bir mahsul hasat makinesidir. Yer f\u0131st\u0131\u011f\u0131 hasat makinesi, hasat i\u015flemini daha verimli ve m\u00fckemmel hasat efekti haline getirebilen benzersiz bir s\u0131kma zinciri tasar\u0131m\u0131na sahiptir.  <\/p>    <h3 class=\"wp-block-heading\">HS-800 F\u0131st\u0131k Hasat Makinesinin Spot I\u015f\u0131klar\u0131<\/h3>    <figure class=\"wp-block-gallery aligncenter has-nested-images columns-default is-cropped wp-block-gallery-3 is-layout-flex wp-block-gallery-is-layout-flex\"> <figure class=\"wp-block-image size-large\"><img loading=\"lazy\" decoding=\"async\" width=\"720\" height=\"540\" data-id=\"4775\" src=\"https:\/\/taizyagromachine.com\/wp-content\/uploads\/2023\/03\/advantages-of-peanut-harvesting-machine.webp\" alt=\"f\u0131st\u0131k hasat makinesinin avantajlar\u0131\" class=\"wp-image-4775\"\/><figcaption class=\"wp-element-caption\">f\u0131st\u0131k hasat makinesinin avantajlar\u0131<\/figcaption><\/figure>    <figure class=\"wp-block-image size-large\"><img loading=\"lazy\" decoding=\"async\" width=\"720\" height=\"540\" data-id=\"4774\" src=\"https:\/\/taizyagromachine.com\/wp-content\/uploads\/2023\/03\/strength-of-peanut-harvester-machine.webp\" alt=\"f\u0131st\u0131k hasat makinesinin g\u00fcc\u00fc\" class=\"wp-image-4774\"\/><figcaption class=\"wp-element-caption\">f\u0131st\u0131k hasat makinesinin g\u00fcc\u00fc<\/figcaption><\/figure> <\/figure>    <figure class=\"wp-block-table\"><table><tbody><tr><td>G\/G<\/td><td>\u00d6ne \u00c7\u0131kanlar<\/td><\/tr><tr><td>1<\/td><td>T\u0131rmanma zinciri \u2013 hasat edilmi\u015f f\u0131st\u0131klar\u0131n ta\u015f\u0131nmas\u0131<\/td><\/tr><tr><td>2<\/td><td>Ek titre\u015fimli elek \u2013 d\u00fc\u015fen f\u0131st\u0131klar\u0131n manuel toplamaya gerek kalmadan depolanmas\u0131<\/td><\/tr><tr><td>3<\/td><td>Hareketli b\u0131\u00e7ak \u2013 hasat direncini en aza indirin<\/td><\/tr><tr><td>4<\/td><td>\u00d6n bask\u0131 silindiri \u2013 kolay hasat i\u00e7in topra\u011f\u0131 gev\u015fetin<\/td><\/tr><tr><td>5<\/td><td>\u015eanz\u0131man \u2013 trakt\u00f6r\u00fcn arka \u00e7\u0131k\u0131\u015f ba\u011flant\u0131s\u0131<\/td><\/tr><tr><td>6<\/td><td>Arka spiral \u2013 f\u0131st\u0131k fidelerini d\u00fczg\u00fcn bir \u015fekilde d\u00f6nd\u00fcr\u00fcn ve d\u00fczenli bir \u015fekilde yerle\u015ftirin<\/td><\/tr><\/tbody><\/table><\/figure>    <h3 class=\"wp-block-heading\"><strong>F\u0131st\u0131k Hasat Makinas\u0131n\u0131n Teknik Parametreleri<\/strong><\/h3>    <figure class=\"wp-block-table\"><table><tbody><tr><td>Modeli<\/td><td>HS-800<\/td><\/tr><tr><td>Yeterlik<\/td><td>1300-2000\u33a1\/g\u00fcn<\/td><\/tr><tr><td>Hasat oran\u0131<\/td><td>\u226598%<\/td><\/tr><tr><td>K\u0131r\u0131lma Oran\u0131<\/td><td>\u22641%<\/td><\/tr><tr><td>Temizleme Oran\u0131<\/td><td>\u226595%<\/td><\/tr><tr><td>A\u011f\u0131rl\u0131k<\/td><td>280kg<\/td><\/tr><tr><td>Beygir g\u00fcc\u00fc<\/td><td>30HP<\/td><\/tr><tr><td>Bi\u00e7erd\u00f6ver geni\u015fli\u011fi<\/td><td>iki s\u0131ra<\/td><\/tr><tr><td>Sat\u0131rlar aras\u0131ndaki mesafe<\/td><td>750-800mm<\/td><\/tr><tr><td>Sat\u0131r aral\u0131\u011f\u0131<\/td><td>180-250mm<\/td><\/tr><tr><td>Boyut<\/td><td>2100*1050*1030mm<\/td><\/tr><\/tbody><\/table><\/figure>    <h2 class=\"wp-block-heading\"><strong>Tip 2: HS-1500 F\u0131st\u0131k Hasat Makinas\u0131<\/strong><\/h2>    <figure class=\"wp-block-gallery aligncenter has-nested-images columns-default is-cropped wp-block-gallery-4 is-layout-flex wp-block-gallery-is-layout-flex\"> <figure class=\"wp-block-image size-large\"><img loading=\"lazy\" decoding=\"async\" width=\"720\" height=\"540\" data-id=\"4769\" src=\"https:\/\/taizyagromachine.com\/wp-content\/uploads\/2023\/03\/groundnut-harvesting-machine.webp\" alt=\"yer f\u0131st\u0131\u011f\u0131 hasat makinesi\" class=\"wp-image-4769\"\/><figcaption class=\"wp-element-caption\">yer f\u0131st\u0131\u011f\u0131 hasat makinesi<\/figcaption><\/figure>    <figure class=\"wp-block-image size-large\"><img loading=\"lazy\" decoding=\"async\" width=\"720\" height=\"540\" data-id=\"4770\" src=\"https:\/\/taizyagromachine.com\/wp-content\/uploads\/2023\/03\/peanut-harvesting-machine.webp\" alt=\"f\u0131st\u0131k hasat makinas\u0131\" class=\"wp-image-4770\"\/><figcaption class=\"wp-element-caption\">f\u0131st\u0131k hasat makinas\u0131<\/figcaption><\/figure> <\/figure>    <p class=\"translation-block\">Ger\u00e7ek \u00fcretimde, m\u00fc\u015fterilerin kendi ihtiya\u00e7lar\u0131na ve yer f\u0131st\u0131\u011f\u0131 hasat makinesinin \u00f6zelliklerine g\u00f6re uygun makineyi se\u00e7ebilirsiniz. Yer f\u0131st\u0131\u011f\u0131 hasat ekipman\u0131, <a href=\"https:\/\/en.wikipedia.org\/wiki\/Peanut\" target=\"_blank\" rel=\"noreferrer noopener\">yer f\u0131st\u0131\u011f\u0131<\/a> kazma, toprak \u00e7\u0131karma, meyve toplama, temizleme, meyve toplama ve di\u011fer operasyonlar tek seferde tamamlayabilir; y\u00fcksek \u00fcretkenlik, daha az operasyonel kay\u0131p, h\u0131zl\u0131 aktar\u0131m h\u0131z\u0131 ve g\u00fcvenli ve g\u00fcvenilir kullan\u0131m sa\u011flar.<\/p>    <h3 class=\"wp-block-heading\"><strong>Yer F\u0131st\u0131\u011f\u0131 Hasat Makinas\u0131n\u0131n \u00d6zellikleri<\/strong><\/h3>    <ol class=\"wp-block-list\"> <li>Operasyon s\u0131ras\u0131nda fide deste\u011finin tamamlanmas\u0131, kazma, k\u0131rma, toprak silkme ve yerf\u0131st\u0131\u011f\u0131 serme i\u015flemleri eksiksiz ve d\u00fczenlidir.<\/li>    <li>D\u00fc\u015f\u00fck kay\u0131p oran\u0131, y\u00fcksek operasyonel verimlilik ve d\u00fc\u015f\u00fck hasat maliyeti.<\/li>    <li>F\u0131st\u0131k hasat s\u00fcresi k\u0131sa oldu\u011fundan hasat maliyeti daha d\u00fc\u015f\u00fckt\u00fcr.<\/li>    <li>Geni\u015f bir uygulama yelpazesi. F\u0131st\u0131k hasat makinesi, f\u0131st\u0131k arazisinin \u00e7e\u015fitli topraklara, d\u00fcz ve tekel ekimine uygulanabilir.<\/li> <\/ol>    <h3 class=\"wp-block-heading\"><strong>F\u0131st\u0131k Hasat Ekipmanlar\u0131n\u0131n Teknik Parametreleri<\/strong><\/h3>    <figure class=\"wp-block-table\"><table><tbody><tr><td>Modeli<\/td><td>HS-1500<\/td><\/tr><tr><td>G\u00fc\u00e7<\/td><td>\u226580HP trakt\u00f6r<\/td><\/tr><tr><td>PTO<\/td><td>spline 6 veya 8<\/td><\/tr><tr><td>\u00c7al\u0131\u015fma geni\u015fli\u011fi<\/td><td>1500mm<\/td><\/tr><tr><td>Boyut<\/td><td>3140*1770*1150mm<\/td><\/tr><tr><td>A\u011f\u0131rl\u0131k<\/td><td>498 kg<\/td><\/tr><\/tbody><\/table><\/figure>    <h2 class=\"wp-block-heading\"><strong>F\u0131st\u0131k Hasat Makinesi Fiyat\u0131 Nas\u0131l?<\/strong><\/h2>    <p class=\"translation-block\"><a href=\"https:\/\/taizyagromachine.com\/tr\/\" target=\"_blank\" rel=\"noreferrer noopener\">Profesyonel bir tar\u0131m makineleri \u00fcreticisi ve tedarik\u00e7isi<\/a> olarak, tar\u0131m makinelerimiz t\u00fcm y\u00f6nleri kapsamaktad\u0131r, bu nedenle <a href=\"https:\/\/taizyagromachine.com\/tr\/product\/peanut-machine\/\" target=\"_blank\" rel=\"noreferrer noopener\">yer f\u0131st\u0131\u011f\u0131 makineleri<\/a> de \u00f6yledir. Taizy taraf\u0131ndan \u00fcretilen yer f\u0131st\u0131\u011f\u0131 hasat makinesi fabrika fiyatlar\u0131na sahiptir, bu nedenle yer f\u0131st\u0131\u011f\u0131 hasat makinesinin fiyat\u0131 \u00e7ok avantajl\u0131d\u0131r. Ancak bu, makinenin kalitesinin iyi olmad\u0131\u011f\u0131 anlam\u0131na gelmez. <\/p>    <p>\u00c7\u00fcnk\u00fc biz bir fabrikay\u0131z, kendimiz de d\u0131\u015f ticaret i\u015findeyiz, dolay\u0131s\u0131yla ara maliyetten tasarruf ediyoruz. \u00dcstelik makineyi \u00fcretmek i\u00e7in kendi kalite kontrol sistemimiz var ve \u00fcretilen makine m\u00fckemmel kaliteye sahip. Bu nedenle Taizy makinelerimiz kaliteli ve d\u00fc\u015f\u00fck fiyatl\u0131d\u0131r. E\u011fer ilgileniyorsan\u0131z, l\u00fctfen bizimle ileti\u015fime ge\u00e7mekten ve fabrikam\u0131z\u0131 ziyaret etmekten \u00e7ekinmeyin!<\/p>    <h2 class=\"wp-block-heading\"><strong>Taizy F\u0131st\u0131k Hasat Makinesinin Ba\u015far\u0131l\u0131 \u00d6rnekleri<\/strong><\/h2>    <p>Yer f\u0131st\u0131\u011f\u0131 kaz\u0131c\u0131m\u0131z Senegal, Nijerya, Almanya, \u0130talya, ABD, Zimbabve, T\u00fcrkmenistan gibi bir\u00e7ok yabanc\u0131 \u00fclkeye ihra\u00e7 edilmi\u015ftir. Listelenen, referans\u0131n\u0131z i\u00e7in kapat\u0131lan en son ABD davas\u0131d\u0131r.<\/p>    <figure class=\"wp-block-embed is-type-wp-embed is-provider-taizyagromachine-com wp-block-embed-taizyagromachine-com\"><div class=\"wp-block-embed__wrapper\"> <blockquote class=\"wp-embedded-content\" data-secret=\"NMjLVa3kCY\"><a href=\"https:\/\/taizyagromachine.com\/sw\/info\/peanut-harvester-usa\/\">Mvuna Karanga ve Mpanda Karanga ve Safu 4 Zinauzwa Marekani<\/a><\/blockquote><iframe loading=\"lazy\" class=\"wp-embedded-content\" sandbox=\"allow-scripts\" security=\"restricted\" style=\"position: absolute; clip: rect(1px, 1px, 1px, 1px);\" title=\"\u201cMvuna Karanga na Mpanda Karanga wa Safu 4 Wauzwa Marekani\u201d \u2014 taizyagromachine.com\" src=\"https:\/\/taizyagromachine.com\/sw\/info\/peanut-harvester-usa\/embed\/#?secret=97eZYTO8Gm#?secret=NMjLVa3kCY\" data-secret=\"NMjLVa3kCY\" width=\"500\" height=\"282\" frameborder=\"0\" marginwidth=\"0\" marginheight=\"0\" scrolling=\"no\"><\/iframe> <\/div><\/figure>    <h2 class=\"wp-block-heading\"><strong>Yeni Tip F\u0131st\u0131k Hasat Makinas\u0131n\u0131n Paketlenmesi ve Teslimat\u0131<\/strong><\/h2>    <figure class=\"wp-block-gallery aligncenter has-nested-images columns-default is-cropped wp-block-gallery-5 is-layout-flex wp-block-gallery-is-layout-flex\"> <figure class=\"wp-block-image size-full\"><img loading=\"lazy\" decoding=\"async\" width=\"850\" height=\"540\" data-id=\"4785\" src=\"https:\/\/taizyagromachine.com\/wp-content\/uploads\/2023\/03\/peanut-harvester-in-the-wooden-case.webp\" alt=\"Tahta sand\u0131kta f\u0131st\u0131k hasat makinesi\" class=\"wp-image-4785\"\/><figcaption class=\"wp-element-caption\">Tahta sand\u0131kta f\u0131st\u0131k hasat makinesi<\/figcaption><\/figure>    <figure class=\"wp-block-image size-full\"><img loading=\"lazy\" decoding=\"async\" width=\"850\" height=\"540\" data-id=\"4786\" src=\"https:\/\/taizyagromachine.com\/wp-content\/uploads\/2023\/03\/load-in-the-container-for-delivery.webp\" alt=\"teslimat i\u00e7in konteynere y\u00fckleyin\" class=\"wp-image-4786\"\/><figcaption class=\"wp-element-caption\">teslimat i\u00e7in konteynere y\u00fckleyin<\/figcaption><\/figure> <\/figure>    <p>F\u0131st\u0131k hasat makinesi \u00fcretildikten sonra genellikle deniz yoluyla m\u00fc\u015fteriye teslimata haz\u0131r hale getirilmesi gerekir. Nakliye \u00f6ncesinde, makineyi m\u00fc\u015fterinin gereksinimlerine g\u00f6re ah\u015fap bir kutuya saraca\u011f\u0131z ve ard\u0131ndan bir konteynere y\u00fcklemeyi ayarlayaca\u011f\u0131z. Son olarak lojistik, mallar\u0131 nakliye i\u00e7in ilgili limana g\u00f6nderecektir.<\/p>    <h2 class=\"wp-block-heading\"><strong>M\u00fc\u015fterilerden F\u0131st\u0131k Hasat Makinas\u0131 Hakk\u0131nda \u0130yi Geribildirimler<\/strong><\/h2>    <p>Taizy'nin bu f\u0131st\u0131k hasat makinesi t\u00fcm d\u00fcnyaya ihra\u00e7 ediliyor. Makinenin iyi performans\u0131 ve kalitesi nedeniyle d\u00fcnyan\u0131n her yerindeki m\u00fc\u015fterilerden iyi yorumlar ald\u0131k. A\u015fa\u011f\u0131daki resim toplanan m\u00fc\u015fteri geri bildirimlerinin bir par\u00e7as\u0131d\u0131r. Yer f\u0131st\u0131\u011f\u0131 makinelerimizle ilgileniyorsan\u0131z, bizimle ileti\u015fime ge\u00e7ip fabrikam\u0131z\u0131 ziyaret edebilirsiniz!<\/p>   <div class=\"wp-block-image\"> <figure class=\"aligncenter size-full\"><img loading=\"lazy\" decoding=\"async\" width=\"750\" height=\"816\" src=\"https:\/\/taizyagromachine.com\/wp-content\/uploads\/2023\/03\/client-feedback.webp\" alt=\"m\u00fc\u015fteri geri bildirimi\" class=\"wp-image-4763\"\/><figcaption class=\"wp-element-caption\">m\u00fc\u015fteri geri bildirimi<\/figcaption><\/figure> <\/div>   <h2 class=\"wp-block-heading\"><strong>F\u0131st\u0131k Hasat Makinesi Videosu - Yer F\u0131st\u0131\u011f\u0131 Kaz\u0131c\u0131 Nas\u0131l \u00c7al\u0131\u015f\u0131r?<\/strong><\/h2>    <figure class=\"wp-block-embed is-type-video is-provider-youtube wp-block-embed-youtube wp-embed-aspect-16-9 wp-has-aspect-ratio\"><div class=\"wp-block-embed__wrapper\"> <iframe loading=\"lazy\" title=\"Yeni Tip F\u0131st\u0131k Hasat Makinas\u0131 - Sat\u0131l\u0131k Yer F\u0131st\u0131\u011f\u0131 Hasat Makinas\u0131 - F\u0131st\u0131k Hasad\u0131 Nas\u0131l Yap\u0131l\u0131r?\" width=\"500\" height=\"281\" src=\"https:\/\/www.youtube.com\/embed\/wRYBLEBXfQY?feature=oembed\" frameborder=\"0\" allow=\"accelerometer; autoplay; clipboard-write; encrypted-media; gyroscope; picture-in-picture; web-share\" referrerpolicy=\"strict-origin-when-cross-origin\" allowfullscreen><\/iframe> <\/div><\/figure>","protected":false},"excerpt":{"rendered":"<p>This kind of peanut harvester machine is a new type of machine developed specifically to carry out groundnut harvesting in the fields, working with the tractor. Actually, the groundnut harvesting machine has features of good performance, high efficiency, time and effort saving, and easy operation. Besides, our peanut machines are not limited to the peanut [&hellip;]<\/p>\n","protected":false},"author":1,"featured_media":4778,"parent":0,"template":"","tags":[214],"product-type":[21],"class_list":["post-4760","product","type-product","status-publish","has-post-thumbnail","hentry","tag-peanut-harvester-machine","product-type-peanut-machine"],"_links":{"self":[{"href":"https:\/\/taizyagromachine.com\/tr\/wp-json\/wp\/v2\/product\/4760","targetHints":{"allow":["GET"]}}],"collection":[{"href":"https:\/\/taizyagromachine.com\/tr\/wp-json\/wp\/v2\/product"}],"about":[{"href":"https:\/\/taizyagromachine.com\/tr\/wp-json\/wp\/v2\/types\/product"}],"author":[{"embeddable":true,"href":"https:\/\/taizyagromachine.com\/tr\/wp-json\/wp\/v2\/users\/1"}],"wp:featuredmedia":[{"embeddable":true,"href":"https:\/\/taizyagromachine.com\/tr\/wp-json\/wp\/v2\/media\/4778"}],"wp:attachment":[{"href":"https:\/\/taizyagromachine.com\/tr\/wp-json\/wp\/v2\/media?parent=4760"}],"wp:term":[{"taxonomy":"post_tag","embeddable":true,"href":"https:\/\/taizyagromachine.com\/tr\/wp-json\/wp\/v2\/tags?post=4760"},{"taxonomy":"product-type","embeddable":true,"href":"https:\/\/taizyagromachine.com\/tr\/wp-json\/wp\/v2\/product-type?post=4760"}],"curies":[{"name":"wp","href":"https:\/\/api.w.org\/{rel}","templated":true}]}}