{"id":4805,"date":"2023-03-16T14:52:19","date_gmt":"2023-03-16T06:52:19","guid":{"rendered":"https:\/\/taizyagromachine.com\/?post_type=product&#038;p=4805"},"modified":"2023-03-16T17:13:23","modified_gmt":"2023-03-16T09:13:23","slug":"grain-milling-machine-for-corn-chilli-beans-grass","status":"publish","type":"product","link":"https:\/\/taizyagromachine.com\/tr\/product\/grain-milling-machine-for-corn-chilli-beans-grass\/","title":{"rendered":"M\u0131s\u0131r, Biber, Fasulye, \u00c7im i\u00e7in Paslanmaz \u00c7elik Tah\u0131l Freze Makinesi"},"content":{"rendered":"<p class=\"translation-block\">Bu paslanmaz \u00e7elik tah\u0131l \u00f6\u011f\u00fctme makinesi, ince toz elde etmek amac\u0131yla \u00e7e\u015fitli tah\u0131llar\u0131 \u00f6\u011f\u00fctmek i\u00e7in \u00f6zel olarak tasarlanm\u0131\u015ft\u0131r. Ve bu <a href=\"https:\/\/taizyagromachine.com\/tr\/product\/disk-mill-machine\/\" target=\"_blank\" rel=\"noreferrer noopener\">tah\u0131l de\u011firmeni \u00f6\u011f\u00fct\u00fcc\u00fcs\u00fc<\/a> m\u0131s\u0131r, bu\u011fday, pirin\u00e7, baharatlar, ac\u0131 biber, karabiber, fasulye, kahve \u00e7ekirdekleri, zencefil, otlar, \u015fekerleme vb. gibi \u00e7ok \u00e7e\u015fitli uygulamalar i\u00e7in kullan\u0131l\u0131r. <\/p>    <p> M\u0131s\u0131r de\u011firmeni makinemiz iyi performansa ve kaliteye sahiptir, basit ve kullan\u0131m\u0131 kolayd\u0131r ve kullan\u0131c\u0131 dostudur. Ayr\u0131ca, m\u0131s\u0131r \u00f6\u011f\u00fctme makinemiz genellikle toptan olarak ihra\u00e7 ediliyor ve distrib\u00fct\u00f6rler ve perakendeciler, bunlar\u0131 Nijerya gibi yerel sat\u0131\u015f ve perakende faaliyetleri i\u00e7in s\u0131kl\u0131kla bizden ithal ediyor. Bu nedenle, ilgili faaliyetlerle ilgileniyorsan\u0131z, bizimle ileti\u015fime ge\u00e7mekten \u00e7ekinmeyin; size en iyi teklifi sunaca\u011f\u0131z!<\/p>    <h2 class=\"wp-block-heading\"><strong>Taizy Machinery'den Tah\u0131l Freze Makinesi \u00c7e\u015fitleri<\/strong><\/h2>    <p class=\"translation-block\"><a href=\"https:\/\/taizyagromachine.com\/tr\/\" target=\"_blank\" rel=\"noreferrer noopener\">profesyonel bir \u00f6\u011f\u00fctme makinesi \u00fcreticisi ve tedarik\u00e7isi<\/a> olarak, sat\u0131l\u0131k farkl\u0131 t\u00fcrde m\u0131s\u0131r \u00f6\u011f\u00fct\u00fcc\u00fclerimiz bulunmaktad\u0131r. Elektrikli tah\u0131l \u00f6\u011f\u00fct\u00fcc\u00fc, benzinli m\u0131s\u0131r \u00f6\u011f\u00fct\u00fcc\u00fc, k\u00fc\u00e7\u00fck k\u0131r\u0131c\u0131 makine a\u015fa\u011f\u0131da referans\u0131n\u0131z i\u00e7in g\u00f6sterilmi\u015ftir.<\/p>    <p class=\"translation-block\"><strong>Benzinli tah\u0131l m\u0131s\u0131r \u00f6\u011f\u00fctme makinesi<\/strong>:<\/p>    <figure class=\"wp-block-gallery aligncenter has-nested-images columns-4 is-cropped wp-block-gallery-2 is-layout-flex wp-block-gallery-is-layout-flex\"> <figure class=\"wp-block-image size-large\"><img loading=\"lazy\" decoding=\"async\" width=\"540\" height=\"720\" data-id=\"4835\" src=\"https:\/\/taizyagromachine.com\/wp-content\/uploads\/2023\/03\/gasoline-grain-grinding-machine-1.webp\" alt=\"benzinli-tah\u0131l-ta\u015flama-makinesi-1\" class=\"wp-image-4835\"\/><figcaption class=\"wp-element-caption\">benzinli tah\u0131l \u00f6\u011f\u00fctme makinesi-1<\/figcaption><\/figure>    <figure class=\"wp-block-image size-large\"><img loading=\"lazy\" decoding=\"async\" width=\"540\" height=\"720\" data-id=\"4836\" src=\"https:\/\/taizyagromachine.com\/wp-content\/uploads\/2023\/03\/gasoline-grain-grinding-machine-2.webp\" alt=\"benzinli tah\u0131l \u00f6\u011f\u00fctme makinesi-2\" class=\"wp-image-4836\"\/><figcaption class=\"wp-element-caption\">benzinli tah\u0131l \u00f6\u011f\u00fctme makinesi-2<\/figcaption><\/figure>    <figure class=\"wp-block-image size-large\"><img loading=\"lazy\" decoding=\"async\" width=\"540\" height=\"720\" data-id=\"4838\" src=\"https:\/\/taizyagromachine.com\/wp-content\/uploads\/2023\/03\/gasoline-grain-grinding-machine-3.webp\" alt=\"benzinli tah\u0131l \u00f6\u011f\u00fctme makinesi-3\" class=\"wp-image-4838\"\/><figcaption class=\"wp-element-caption\">benzinli tah\u0131l \u00f6\u011f\u00fctme makinesi-3<\/figcaption><\/figure>    <figure class=\"wp-block-image size-large\"><img loading=\"lazy\" decoding=\"async\" width=\"540\" height=\"720\" data-id=\"4837\" src=\"https:\/\/taizyagromachine.com\/wp-content\/uploads\/2023\/03\/gasoline-grain-grinding-machine-4.webp\" alt=\"benzinli tah\u0131l \u00f6\u011f\u00fctme makinesi-4\" class=\"wp-image-4837\"\/><figcaption class=\"wp-element-caption\">benzinli tah\u0131l \u00f6\u011f\u00fctme makinesi-4<\/figcaption><\/figure> <\/figure>    <p class=\"translation-block\"><strong>Elektrikli paslanmaz \u00e7elik tah\u0131l \u00f6\u011f\u00fctme makinesi<\/strong>:<\/p>   <div class=\"wp-block-image\"> <figure class=\"aligncenter size-full\"><img loading=\"lazy\" decoding=\"async\" width=\"720\" height=\"540\" src=\"https:\/\/taizyagromachine.com\/wp-content\/uploads\/2023\/03\/electric-driven-milling-machine.webp\" alt=\"elektrikle \u00e7al\u0131\u015fan freze makinesi\" class=\"wp-image-4842\"\/><figcaption class=\"wp-element-caption\">elektrikle \u00e7al\u0131\u015fan freze makinesi<\/figcaption><\/figure> <\/div>   <p class=\"translation-block\"><strong>K\u00fc\u00e7\u00fck toptan m\u0131s\u0131r de\u011firmeni \u00f6\u011f\u00fct\u00fcc\u00fc<\/strong>:<\/p>   <div class=\"wp-block-image\"> <figure class=\"aligncenter size-full\"><img loading=\"lazy\" decoding=\"async\" width=\"720\" height=\"540\" src=\"https:\/\/taizyagromachine.com\/wp-content\/uploads\/2023\/03\/mini-grain-milling-machine.webp\" alt=\"mini tah\u0131l freze makinesi\" class=\"wp-image-4844\"\/><figcaption class=\"wp-element-caption\">mini tah\u0131l freze makinesi<\/figcaption><\/figure> <\/div>   <h2 class=\"wp-block-heading\"><strong>Sat\u0131l\u0131k Ticari Tah\u0131l Freze Makinesinin Yap\u0131s\u0131<\/strong><\/h2>    <div class=\"wp-block-media-text alignwide is-stacked-on-mobile\"><figure class=\"wp-block-media-text__media\"><img loading=\"lazy\" decoding=\"async\" width=\"720\" height=\"540\" src=\"https:\/\/taizyagromachine.com\/wp-content\/uploads\/2023\/03\/structure-of-maize-milling-machine.webp\" alt=\"m\u0131s\u0131r \u00f6\u011f\u00fctme makinesinin yap\u0131s\u0131\" class=\"wp-image-4827 size-full\"\/><\/figure><div class=\"wp-block-media-text__content\"> <p class=\"translation-block\"><a href=\"https:\/\/cornmachines.com\/disk-mill-machine\/\" target=\"_blank\" rel=\"noreferrer noopener\">m\u0131s\u0131r \u00f6\u011f\u00fctme makinesinin<\/a> genel yap\u0131s\u0131 \u00e7ok basit ve anla\u015f\u0131l\u0131rd\u0131r, kullan\u0131c\u0131 nas\u0131l \u00e7al\u0131\u015ft\u0131raca\u011f\u0131n\u0131 kolayca anlayabilir.<\/p>    <figure class=\"wp-block-table\"><table><tbody><tr><td>G\/G<\/td><td>Makine par\u00e7as\u0131 ad\u0131<\/td><\/tr><tr><td>1<\/td><td>Giri\u015f<\/td><\/tr><tr><td>2<\/td><td>H\u0131z ayar\u0131<\/td><\/tr><tr><td>3<\/td><td>Gev\u015fek somun<\/td><\/tr><tr><td>4<\/td><td>K\u0131rma bo\u015flu\u011fu<\/td><\/tr><tr><td>5<\/td><td>Anahtar d\u00fc\u011fmesi<\/td><\/tr><tr><td>6<\/td><td>\u00c7\u0131k\u0131\u015f<\/td><\/tr><\/tbody><\/table><\/figure> <\/div><\/div>    <h2 class=\"wp-block-heading\"><strong>Elektrikli Tah\u0131l \u00d6\u011f\u00fct\u00fcc\u00fcn\u00fcn Uygulamalar\u0131<\/strong><\/h2>    <figure class=\"wp-block-gallery aligncenter has-nested-images columns-default is-cropped wp-block-gallery-3 is-layout-flex wp-block-gallery-is-layout-flex\"> <figure class=\"wp-block-image size-large\"><img loading=\"lazy\" decoding=\"async\" width=\"720\" height=\"540\" data-id=\"4824\" src=\"https:\/\/taizyagromachine.com\/wp-content\/uploads\/2023\/03\/applications-of-grain-corn-milling-machine.webp\" alt=\"tah\u0131l m\u0131s\u0131r freze makinesinin uygulamalar\u0131\" class=\"wp-image-4824\"\/><figcaption class=\"wp-element-caption\">tah\u0131l m\u0131s\u0131r freze makinesinin uygulamalar\u0131<\/figcaption><\/figure>    <figure class=\"wp-block-image size-large\"><img loading=\"lazy\" decoding=\"async\" width=\"720\" height=\"540\" data-id=\"4823\" src=\"https:\/\/taizyagromachine.com\/wp-content\/uploads\/2023\/03\/applications-of-milling-machine.webp\" alt=\"freze makinesi uygulamalar\u0131\" class=\"wp-image-4823\"\/><figcaption class=\"wp-element-caption\">freze makinesi uygulamalar\u0131<\/figcaption><\/figure> <\/figure>    <p>Bu tah\u0131l \u00f6\u011f\u00fctme makinesinin fasulye, karabiber, k\u0131rm\u0131z\u0131 biber, kakao \u00e7ekirdekleri, zencefil, baharat, m\u0131s\u0131r, \u00e7imen, bu\u011fday, pirin\u00e7, otlar vb. gibi geni\u015f bir uygulama yelpazesi vard\u0131r. <\/p>    <p>Listelenmeyenler de olabilir k\u0131sacas\u0131 malzemeleri k\u0131rmak istiyorsan\u0131z \u00f6\u011f\u00fct\u00fcc\u00fcm\u00fcz\u00fc kullanabilirsiniz. E\u011fer b\u00f6yle bir ihtiyac\u0131n\u0131z varsa hemen bizimle ileti\u015fime ge\u00e7in!<\/p>    <h2 class=\"wp-block-heading\"><strong>Taizy Tah\u0131l \u00d6\u011f\u00fctme Makinesinin \u00c7al\u0131\u015fma Prensibi<\/strong><\/h2>    <p>Y\u00fcksek h\u0131zda, bu ticari ta\u015flama makinesi, malzemeleri di\u015f darbesi, kesme, s\u00fcrt\u00fcnme ve \u00e7arp\u0131\u015fma yoluyla ezmek i\u00e7in hareketli di\u015f diski ile sabit di\u015f diski aras\u0131ndaki g\u00f6receli hareketi kullan\u0131r.<\/p>    <figure class=\"wp-block-gallery aligncenter has-nested-images columns-default is-cropped wp-block-gallery-4 is-layout-flex wp-block-gallery-is-layout-flex\"> <figure class=\"wp-block-image size-full\"><img loading=\"lazy\" decoding=\"async\" width=\"720\" height=\"540\" data-id=\"4833\" src=\"https:\/\/taizyagromachine.com\/wp-content\/uploads\/2023\/03\/blades-of-grain-maize-milling-machine.webp\" alt=\"tah\u0131l m\u0131s\u0131r freze makinesinin b\u0131\u00e7aklar\u0131\" class=\"wp-image-4833\"\/><figcaption class=\"wp-element-caption\">tah\u0131l m\u0131s\u0131r freze makinesinin b\u0131\u00e7aklar\u0131<\/figcaption><\/figure>    <figure class=\"wp-block-image size-full\"><img loading=\"lazy\" decoding=\"async\" width=\"720\" height=\"540\" data-id=\"4831\" src=\"https:\/\/taizyagromachine.com\/wp-content\/uploads\/2023\/03\/internal-part-of-grain-milling-machine.webp\" alt=\"tah\u0131l \u00f6\u011f\u00fctme makinesinin i\u00e7 k\u0131sm\u0131\" class=\"wp-image-4831\"\/><figcaption class=\"wp-element-caption\">tah\u0131l \u00f6\u011f\u00fctme makinesinin i\u00e7 k\u0131sm\u0131<\/figcaption><\/figure> <\/figure>   <div class=\"wp-block-image\"> <figure class=\"aligncenter size-full\"><img loading=\"lazy\" decoding=\"async\" width=\"720\" height=\"400\" src=\"https:\/\/taizyagromachine.com\/wp-content\/uploads\/2023\/03\/sieves.webp\" alt=\"elekler\" class=\"wp-image-4834\"\/><figcaption class=\"wp-element-caption\">elekler<\/figcaption><\/figure> <\/div>   <p>Bu makine basit bir yap\u0131ya, d\u00fczg\u00fcn \u00e7al\u0131\u015fmaya, d\u00fc\u015f\u00fck g\u00fcr\u00fclt\u00fcye ve iyi k\u0131rma etkisine sahiptir. K\u0131rma i\u015fleminden sonra malzeme do\u011frudan k\u0131rma odas\u0131ndan bo\u015falt\u0131l\u0131r. Par\u00e7ac\u0131k boyutunun boyutu farkl\u0131 elekler se\u00e7ilerek elde edilebilir.<\/p>    <h2 class=\"wp-block-heading\"><strong>Tah\u0131l \u00d6\u011f\u00fctme Makinesi Fiyat\u0131 Nas\u0131l? <\/strong><\/h2>    <p>\u00c7e\u015fitli tipte tah\u0131l m\u0131s\u0131r \u00f6\u011f\u00fctme makinelerimiz var ve \u00e7e\u015fitli tah\u0131llar\u0131 \u00f6\u011f\u00fctebiliyoruz. Bu t\u00fcr makinelerin fiyat\u0131n\u0131 \u00f6\u011frenmek istiyorsan\u0131z \u00f6ncelikle ne t\u00fcr bir malzemeyi k\u0131rmak istedi\u011finizi bilmeniz gerekir. \u00dcr\u00fcnler farkl\u0131 oldu\u011fundan se\u00e7ilen tah\u0131l m\u0131s\u0131r\/bu\u011fday \u00f6\u011f\u00fctme makinesi farkl\u0131 olacakt\u0131r. Tah\u0131l \u00f6\u011f\u00fctme makinesi fiyat\u0131 da farkl\u0131d\u0131r. <\/p>    <p>\u0130kincisi, tavuk yemi i\u00e7in m\u0131s\u0131r \u00f6\u011f\u00fct\u00fcc\u00fc gibi bir ama\u00e7t\u0131r. M\u00fc\u015fterinin farkl\u0131 kullan\u0131m\u0131na g\u00f6re profesyonelimiz, m\u00fc\u015fterilere uygun makineyi, farkl\u0131 makineler i\u00e7in farkl\u0131 ekran konfig\u00fcrasyonlar\u0131n\u0131 \u00f6nerir, dolay\u0131s\u0131yla fiyat do\u011fal olarak ayn\u0131 de\u011fildir. <\/p>    <p>Ayr\u0131ca hedef \u00fclke. Bu esas olarak uluslararas\u0131 nakliye nakliyesinden etkilenir, ayn\u0131 zamanda farkl\u0131 var\u0131\u015f yerlerinin nakliyesi de farkl\u0131d\u0131r, bu durumda makinenin genel fiyat\u0131 da farkl\u0131d\u0131r.<\/p>    <p>Elbette tah\u0131l \u00f6\u011f\u00fctme makinesi fiyat\u0131, makine aksesuarlar\u0131n\u0131n sat\u0131n al\u0131nmas\u0131, makineyi sat\u0131n alma s\u00fcresi, makinenin sat\u0131n al\u0131nma miktar\u0131 vb. gibi di\u011fer y\u00f6nlerden de etkilenir. Bu m\u0131s\u0131r \u00f6\u011f\u00fctme makinesiyle ilgileniyorsan\u0131z , bizimle ileti\u015fime ge\u00e7mekten \u00e7ekinmeyin! Size en iyi \u00e7\u00f6z\u00fcm\u00fc sunaca\u011f\u0131z.<\/p>    <h2 class=\"wp-block-heading\"><strong>Sat\u0131l\u0131k Tah\u0131l Freze Makinesi Hakk\u0131nda SSS<\/strong><\/h2>   <div id=\"rank-math-faq\" class=\"rank-math-block\"> <div class=\"rank-math-list\"> <div id=\"faq-question-1678949494900\" class=\"rank-math-list-item\"> <h3 class=\"rank-math-question\">1. Tah\u0131l m\u0131s\u0131r \u00f6\u011f\u00fct\u00fcc\u00fcn\u00fcn hammaddeleri neler olabilir?<\/h3> <div class=\"rank-math-answer\">  <p>Tah\u0131llar ve tah\u0131llar, k\u0131rm\u0131z\u0131 biber ve di\u011fer baharat kategorileri, tatl\u0131 patates ve di\u011fer kat\u0131 bile\u015fenler.<\/p>  <\/div> <\/div> <div id=\"faq-question-1678949592861\" class=\"rank-math-list-item\"> <h3 class=\"rank-math-question\">2. Bitmi\u015f \u00fcr\u00fcn\u00fcn irili\u011fi nedir?<\/h3> <div class=\"rank-math-answer\">  <p>Genellikle 20-40 mesh'tir.<\/p>  <\/div> <\/div> <div id=\"faq-question-1678949651997\" class=\"rank-math-list-item\"> <h3 class=\"rank-math-question\">3. Tah\u0131l k\u0131rma makinesi malzemesi nas\u0131l?<\/h3> <div class=\"rank-math-answer\">  <p>304 paslanmaz \u00e7elik.<\/p>  <\/div> <\/div> <div id=\"faq-question-1678949760637\" class=\"rank-math-list-item\"> <h3 class=\"rank-math-question\">4. Voltaj \u00fclkeme uymuyorsa de\u011fi\u015ftirebilir misiniz?<\/h3> <div class=\"rank-math-answer\">  <p>Evet elbette. Rahat kullan\u0131m\u0131n\u0131z i\u00e7in makine voltaj\u0131n\u0131 \u00f6zelle\u015ftirebiliriz. <\/p>  <\/div> <\/div> <div id=\"faq-question-1678949842052\" class=\"rank-math-list-item\"> <h3 class=\"rank-math-question\">5. Tah\u0131l k\u0131rma makinesinin kapasitesi nedir?<\/h3> <div class=\"rank-math-answer\">  <p>Bir\u00e7ok \u00fcretim kapasitesi mevcuttur ve ihtiya\u00e7lar\u0131n\u0131za g\u00f6re uygun olan\u0131 \u00f6nerebiliriz<\/p>  <\/div> <\/div> <\/div> <\/div>   <h2 class=\"wp-block-heading\"><strong>Tah\u0131l De\u011firmeni \u00d6\u011f\u00fct\u00fcc\u00fcn\u00fcn Teknik Parametreleri <\/strong><\/h2>    <figure class=\"wp-block-gallery aligncenter has-nested-images columns-default is-cropped wp-block-gallery-5 is-layout-flex wp-block-gallery-is-layout-flex\"> <figure class=\"wp-block-image size-large\"><img loading=\"lazy\" decoding=\"async\" width=\"720\" height=\"540\" data-id=\"4813\" src=\"https:\/\/taizyagromachine.com\/wp-content\/uploads\/2023\/03\/small-corn-milling-machine.webp\" alt=\"k\u00fc\u00e7\u00fck m\u0131s\u0131r freze makinesi\" class=\"wp-image-4813\"\/><figcaption class=\"wp-element-caption\">k\u00fc\u00e7\u00fck m\u0131s\u0131r freze makinesi<\/figcaption><\/figure>    <figure class=\"wp-block-image size-large\"><img loading=\"lazy\" decoding=\"async\" width=\"720\" height=\"540\" data-id=\"4812\" src=\"https:\/\/taizyagromachine.com\/wp-content\/uploads\/2023\/03\/electric-grain-grinding-machine.webp\" alt=\"elektrikli tah\u0131l \u00f6\u011f\u00fctme makinesi\" class=\"wp-image-4812\"\/><figcaption class=\"wp-element-caption\">elektrikli tah\u0131l \u00f6\u011f\u00fctme makinesi<\/figcaption><\/figure> <\/figure>    <figure class=\"wp-block-table\"><table><tbody><tr><td><strong>Modeli<\/strong><strong><\/strong><\/td><td><strong>HAO-1200<\/strong><strong><\/strong><\/td><td><strong>HAO-2200<\/strong><strong><\/strong><\/td><td><strong>HAO-3000<\/strong><strong><\/strong><\/td><\/tr><tr><td>G\u00fc\u00e7(kW)<\/td><td>1. 1<\/td><td>2.2<\/td><td>3<\/td><\/tr><tr><td>D\u00f6nme H\u0131z\u0131<\/td><td>1400 dev\/dak<\/td><td>1420 dev\/dak<\/td><td>1420 dev\/dak<\/td><\/tr><tr><td>\u00a0\u0130ncelik (\u00f6rg\u00fc)<\/td><td>\u00a050-200<\/td><td>\u00a050-200<\/td><td>\u00a050-200<\/td><\/tr><tr><td>Kapasite (kg\/saat)<\/td><td>15-40<\/td><td>30-50<\/td><td>30-60<\/td><\/tr><tr><td>\u0130ncelik (\u00f6rg\u00fc)<\/td><td>50-200<\/td><td>50-200<\/td><td>50-200<\/td><\/tr><tr><td>Boyut (cm)<\/td><td>47*22*34<\/td><td>55*28*41<\/td><td>60*30*46<\/td><\/tr><tr><td>A\u011f\u0131rl\u0131k (kg)<\/td><td>30<\/td><td>40<\/td><td>48<\/td><\/tr><\/tbody><\/table><figcaption class=\"wp-element-caption\">k\u00fc\u00e7\u00fck paslanmaz \u00e7elik tah\u0131l k\u0131r\u0131c\u0131n\u0131n \u00f6zellikleri<\/figcaption><\/figure>   <div class=\"wp-block-image\"> <figure class=\"aligncenter size-full\"><img loading=\"lazy\" decoding=\"async\" width=\"1000\" height=\"350\" src=\"https:\/\/taizyagromachine.com\/wp-content\/uploads\/2023\/03\/grain-milling-machine-for-sale.webp\" alt=\"sat\u0131l\u0131k tah\u0131l \u00f6\u011f\u00fctme makinesi\" class=\"wp-image-4815\"\/><figcaption class=\"wp-element-caption\">sat\u0131l\u0131k tah\u0131l \u00f6\u011f\u00fctme makinesi<\/figcaption><\/figure> <\/div>   <figure class=\"wp-block-table\"><table><tbody><tr><td><strong>Modeli<\/strong><strong><\/strong><\/td><td><strong>15B<\/strong><strong><\/strong><\/td><td><strong>20B<\/strong><strong><\/strong><\/td><td><strong>30B<\/strong><strong><\/strong><\/td><td><strong>40B<\/strong><strong><\/strong><\/td><td><strong>50B<\/strong><strong><\/strong><\/td><\/tr><tr><td>Malzeme<\/td><td>SUS 304<\/td><td>SUS 304<\/td><td>SUS 304<\/td><td>SUS 304<\/td><td>SUS 304<\/td><\/tr><tr><td>Kapasite (kg\/saat)<\/td><td>10-60<\/td><td>60-150<\/td><td>100-300<\/td><td>160-800<\/td><td>500-1500<\/td><\/tr><tr><td>Malzeme Boyutu (mm)<\/td><td>&lt;8<\/td><td>&lt;8<\/td><td>&lt;10<\/td><td>&lt;12<\/td><td>&lt;14<\/td><\/tr><tr><td>\u0130ncelik (\u00f6rg\u00fc)<\/td><td>20-120<\/td><td>20-120<\/td><td>20-120<\/td><td>20-120<\/td><td>20-120<\/td><\/tr><tr><td>G\u00fc\u00e7 (kW)<\/td><td>2.2<\/td><td>4<\/td><td>7.5<\/td><td>11<\/td><td>18.5<\/td><\/tr><tr><td>D\u00f6nme h\u0131z\u0131 (dev\/dak)<\/td><td>6000<\/td><td>4500<\/td><td>3800<\/td><td>3400<\/td><td>3200<\/td><\/tr><tr><td>Boyut (mm)<\/td><td>550*6000*1000<\/td><td>600*550*1250<\/td><td>700*600*1450<\/td><td>900*800*1550<\/td><td>1000*900*1680<\/td><\/tr><tr><td>A\u011f\u0131rl\u0131k (kg)<\/td><td>150<\/td><td>280<\/td><td>340<\/td><td>450<\/td><td>530<\/td><\/tr><\/tbody><\/table><figcaption class=\"wp-element-caption\">tah\u0131l \u00f6\u011f\u00fctme makinesinin \u00f6zellikleri<\/figcaption><\/figure>    <h2 class=\"wp-block-heading\"><strong>Taizy Tah\u0131l Un De\u011firmeni Makinesi Videosu \u2013 Tah\u0131llar \u0130nce Toz Halinde Nas\u0131l \u00d6\u011f\u00fct\u00fcl\u00fcr?<\/strong><\/h2>    <figure class=\"wp-block-embed is-type-video is-provider-youtube wp-block-embed-youtube wp-embed-aspect-16-9 wp-has-aspect-ratio\"><div class=\"wp-block-embed__wrapper\"> <iframe loading=\"lazy\" title=\"2023 M\u0131s\u0131r, Biber, \u00c7im, Kahve \u00c7ekirdekleri vb. \u0130\u00e7in Harika Paslanmaz \u00c7elik \u00d6\u011f\u00fct\u00fcc\u00fc - \u0130nce Toz Al\u0131n!\" width=\"500\" height=\"281\" src=\"https:\/\/www.youtube.com\/embed\/kJSP-Rn9kTM?start=17&#038;feature=oembed\" frameborder=\"0\" allow=\"accelerometer; autoplay; clipboard-write; encrypted-media; gyroscope; picture-in-picture; web-share\" referrerpolicy=\"strict-origin-when-cross-origin\" allowfullscreen><\/iframe> <\/div><\/figure>    <p><\/p>","protected":false},"excerpt":{"rendered":"<p>This stainless steel grain milling machine is specially designed for grinding various grains in order to obtain a fine powder. And this grain mill grinder is used for a wide arrange of applications, such as corn, wheat, rice, spices, chili, black pepper, beans, coffee beans, ginger, herbs, candy, etc. Our corn mill machine is of [&hellip;]<\/p>\n","protected":false},"author":1,"featured_media":4820,"parent":0,"template":"","tags":[216],"product-type":[17],"class_list":["post-4805","product","type-product","status-publish","has-post-thumbnail","hentry","tag-grain-milling-machine","product-type-corn-machine"],"_links":{"self":[{"href":"https:\/\/taizyagromachine.com\/tr\/wp-json\/wp\/v2\/product\/4805","targetHints":{"allow":["GET"]}}],"collection":[{"href":"https:\/\/taizyagromachine.com\/tr\/wp-json\/wp\/v2\/product"}],"about":[{"href":"https:\/\/taizyagromachine.com\/tr\/wp-json\/wp\/v2\/types\/product"}],"author":[{"embeddable":true,"href":"https:\/\/taizyagromachine.com\/tr\/wp-json\/wp\/v2\/users\/1"}],"wp:featuredmedia":[{"embeddable":true,"href":"https:\/\/taizyagromachine.com\/tr\/wp-json\/wp\/v2\/media\/4820"}],"wp:attachment":[{"href":"https:\/\/taizyagromachine.com\/tr\/wp-json\/wp\/v2\/media?parent=4805"}],"wp:term":[{"taxonomy":"post_tag","embeddable":true,"href":"https:\/\/taizyagromachine.com\/tr\/wp-json\/wp\/v2\/tags?post=4805"},{"taxonomy":"product-type","embeddable":true,"href":"https:\/\/taizyagromachine.com\/tr\/wp-json\/wp\/v2\/product-type?post=4805"}],"curies":[{"name":"wp","href":"https:\/\/api.w.org\/{rel}","templated":true}]}}