{"id":5581,"date":"2023-07-06T14:19:40","date_gmt":"2023-07-06T06:19:40","guid":{"rendered":"https:\/\/taizyagromachine.com\/?post_type=product&#038;p=5581"},"modified":"2023-07-06T15:08:49","modified_gmt":"2023-07-06T07:08:49","slug":"multi-purpose-corn-shelling-machine","status":"publish","type":"product","link":"https:\/\/taizyagromachine.com\/tr\/product\/multi-purpose-corn-shelling-machine\/","title":{"rendered":"\u00c7ok Ama\u00e7l\u0131 M\u0131s\u0131r Bombard\u0131man Makinesi"},"content":{"rendered":"<p class=\"translation-block\">\u00c7ok ama\u00e7l\u0131 m\u0131s\u0131r ay\u0131klama makinesi, verimli ve \u00e7ok fonksiyonlu bir tar\u0131m i\u015fleme ekipman\u0131 olarak \u00fcr\u00fcnlerin harmanlanmas\u0131 alan\u0131nda \u00f6nemli bir rol oynamaktad\u0131r. Y\u00fcksek verimlilik ve h\u0131z, \u00e7ok y\u00f6nl\u00fcl\u00fck, kullan\u0131m kolayl\u0131\u011f\u0131 ve g\u00fcvenilirlik ve dayan\u0131kl\u0131l\u0131k gibi avantajlara sahiptir, bu da sadece verimlili\u011fi ve \u00e7\u0131kt\u0131y\u0131 art\u0131rmakla kalmaz, ayn\u0131 zamanda maliyet ve insan kaynaklar\u0131ndan tasarruf sa\u011flar. <a href=\"https:\/\/taizyagromachine.com\/tr\/product\/multifunctional-thresher\/\" target=\"_blank\" rel=\"noreferrer noopener\">\u00c7ok fonksiyonlu harman makinesi<\/a> ayr\u0131ca \u00e7ift\u00e7ilere tar\u0131msal \u00fcretimde daha b\u00fcy\u00fck ba\u015far\u0131 elde etmelerine yard\u0131mc\u0131 olmak i\u00e7in esneklik ve teknik destek sa\u011flar.<\/p>    <h2 class=\"wp-block-heading\"><strong>\u00c7ok Fonksiyonlu M\u0131s\u0131r Bombard\u0131man\u0131 Makinas\u0131 Tan\u0131t\u0131m Videosu<\/strong><\/h2>    <figure class=\"wp-block-embed is-type-video is-provider-youtube wp-block-embed-youtube wp-embed-aspect-16-9 wp-has-aspect-ratio\"><div class=\"wp-block-embed__wrapper\"> <iframe loading=\"lazy\" title=\"Yeni \u00c7ok Fonksiyonlu Harman Makinesi! M\u0131s\u0131r, Soya Fasulyesi, Sorgum, Dar\u0131, Tah\u0131l i\u00e7in! #ar\u0131mmakineleri\" width=\"500\" height=\"281\" src=\"https:\/\/www.youtube.com\/embed\/8Sj62tTGXfY?feature=oembed\" frameborder=\"0\" allow=\"accelerometer; autoplay; clipboard-write; encrypted-media; gyroscope; picture-in-picture; web-share\" referrerpolicy=\"strict-origin-when-cross-origin\" allowfullscreen><\/iframe> <\/div><\/figure>    <h2 class=\"wp-block-heading\"><strong>\u00c7ok Ama\u00e7l\u0131 M\u0131s\u0131r Bombalama Makinas\u0131 Nedir?<\/strong><\/h2>    <p class=\"translation-block\">\u00c7ok fonksiyonlu m\u0131s\u0131r ay\u0131klama makinesi, birden \u00e7ok i\u015fleve ve uygulamaya sahip \u00fcr\u00fcnleri harmanlamak i\u00e7in kullan\u0131lan mekanik bir cihazd\u0131r. Ana i\u015flevi, taneyi b\u00fct\u00fcn tah\u0131ldan ay\u0131rmak ve kapaklar\u0131 ve safs\u0131zl\u0131klar\u0131 gidermek, b\u00f6ylece saf bir tah\u0131l \u00fcr\u00fcn\u00fc elde etmektir. M\u0131s\u0131r, bu\u011fday, soya fasulyesi, dar\u0131 ve daha bir\u00e7ok tah\u0131l\u0131n harmanlanmas\u0131 i\u00e7in yayg\u0131n olarak kullan\u0131l\u0131r. <a href=\"https:\/\/taizyagromachine.com\/tr\/product\/corn-threshing-machine\/\" target=\"_blank\" rel=\"noreferrer noopener\">\u00c7oklu tah\u0131l harman makinesi<\/a> harmanlama verimlili\u011fini \u00f6nemli \u00f6l\u00e7\u00fcde art\u0131rabilir ve i\u015f\u00e7ilik ve zaman maliyetlerinden tasarruf sa\u011flayabilir. \u00c7o\u011fu \u00e7ift\u00e7iye harmanlama konusunda yard\u0131mc\u0131 olmak i\u00e7in iyi bir yard\u0131mc\u0131d\u0131r.<\/p>    <figure class=\"wp-block-gallery aligncenter has-nested-images columns-4 is-cropped wp-block-gallery-2 is-layout-flex wp-block-gallery-is-layout-flex\"> <figure class=\"wp-block-image size-large\"><img loading=\"lazy\" decoding=\"async\" width=\"720\" height=\"540\" data-id=\"5593\" src=\"https:\/\/taizyagromachine.com\/wp-content\/uploads\/2023\/07\/multi-purpose-corn-sheller-machine.webp\" alt=\"\u00e7ok ama\u00e7l\u0131 m\u0131s\u0131r soyma makinesi\" class=\"wp-image-5593\"\/><figcaption class=\"wp-element-caption\">\u00e7ok ama\u00e7l\u0131 m\u0131s\u0131r soyma makinesi<\/figcaption><\/figure>    <figure class=\"wp-block-image size-large\"><img loading=\"lazy\" decoding=\"async\" width=\"720\" height=\"540\" data-id=\"5592\" src=\"https:\/\/taizyagromachine.com\/wp-content\/uploads\/2023\/07\/multifunctional-corn-shelling-machine.webp\" alt=\"\u00e7ok fonksiyonlu m\u0131s\u0131r bombard\u0131man\u0131 makinesi\" class=\"wp-image-5592\"\/><figcaption class=\"wp-element-caption\">\u00e7ok fonksiyonlu m\u0131s\u0131r bombard\u0131man\u0131 makinesi<\/figcaption><\/figure>    <figure class=\"wp-block-image size-large\"><img loading=\"lazy\" decoding=\"async\" width=\"720\" height=\"540\" data-id=\"5590\" src=\"https:\/\/taizyagromachine.com\/wp-content\/uploads\/2023\/07\/multifunctional-corn-thresher.webp\" alt=\"\u00e7ok fonksiyonlu m\u0131s\u0131r harman\" class=\"wp-image-5590\"\/><figcaption class=\"wp-element-caption\">\u00e7ok fonksiyonlu m\u0131s\u0131r harman<\/figcaption><\/figure>    <figure class=\"wp-block-image size-large\"><img loading=\"lazy\" decoding=\"async\" width=\"720\" height=\"540\" data-id=\"5591\" src=\"https:\/\/taizyagromachine.com\/wp-content\/uploads\/2023\/07\/multifunctional-thresher.webp\" alt=\"\u00e7ok fonksiyonlu harman\" class=\"wp-image-5591\"\/><figcaption class=\"wp-element-caption\">\u00e7ok fonksiyonlu harman<\/figcaption><\/figure> <\/figure>    <p>Bu t\u00fcr makinelerde ayn\u0131 i\u015flevlere ve uygulamalara sahip olan MT-860 ve MT-1200 mevcuttur. Ancak kapasite farkl\u0131d\u0131r. Ayr\u0131ca bu iki tip, makineyi \u00e7al\u0131\u015ft\u0131rmak i\u00e7in dizel motoru, elektrik motorunu ve benzinli motoru kullanabilir.<\/p>    <h2 class=\"wp-block-heading\"><strong>\u00c7oklu Tah\u0131l Harman Makinesinin Yap\u0131s\u0131<\/strong><\/h2>   <div class=\"wp-block-image\"> <figure class=\"aligncenter size-full\"><img loading=\"lazy\" decoding=\"async\" width=\"720\" height=\"540\" src=\"https:\/\/taizyagromachine.com\/wp-content\/uploads\/2023\/07\/structure-of-multi-corn-shelling-machine.webp\" alt=\"\u00e7oklu m\u0131s\u0131r bombard\u0131man\u0131 makinesinin yap\u0131s\u0131\" class=\"wp-image-5586\"\/><figcaption class=\"wp-element-caption\">\u00e7oklu m\u0131s\u0131r bombard\u0131man\u0131 makinesinin yap\u0131s\u0131<\/figcaption><\/figure> <\/div>   <figure class=\"wp-block-table\"><table><tbody><tr><td>G\/G<\/td><td>Makine par\u00e7as\u0131 ad\u0131<\/td><\/tr><tr><td>1<\/td><td>M\u0131s\u0131r giri\u015fi<\/td><\/tr><tr><td>2<\/td><td>M\u0131s\u0131r ko\u00e7an\u0131 ve kabu\u011fu \u00e7\u0131k\u0131\u015f\u0131<\/td><\/tr><tr><td>3<\/td><td>Dizel motor<\/td><\/tr><tr><td>4<\/td><td>\u00c7er\u00e7eve<\/td><\/tr><tr><td>5<\/td><td>B\u00fcy\u00fck tekerlekler<\/td><\/tr><tr><td>6<\/td><td>M\u0131s\u0131r tohumlar\u0131 \u00e7\u0131k\u0131\u015f\u0131<\/td><\/tr><tr><td>7<\/td><td>Kirlilik \u00e7\u0131k\u0131\u015f\u0131<\/td><\/tr><\/tbody><\/table><figcaption class=\"wp-element-caption\">\u00e7ok i\u015flevli harman makinesinin bile\u015fimi<\/figcaption><\/figure>    <h2 class=\"wp-block-heading\"><strong>\u00c7ok Fonksiyonlu M\u0131s\u0131r Soyma Makinesi Tasar\u0131m\u0131<\/strong><\/h2>    <p class=\"translation-block\">Bu makine, m\u00fc\u015fterinin ihtiya\u00e7lar\u0131n\u0131 kar\u015f\u0131lamak \u00fczere tasarlanm\u0131\u015ft\u0131r ve \u00f6ne \u00e7\u0131kan \u00f6zellikleri b\u00fcy\u00fck tekerlekler ve bir \u015fasidir. B\u00fcy\u00fck tekerlek ve \u015fasi tasar\u0131m\u0131, <a href=\"https:\/\/taizyagromachine.com\/tr\/product\/multifunctional-thresher\/\" target=\"_blank\" rel=\"noreferrer noopener\">\u00e7ok fonksiyonlu harman makinesinin<\/a> stabilitesini ve hareket kabiliyetini art\u0131r\u0131r. <\/p>    <div class=\"wp-block-columns is-layout-flex wp-container-core-columns-is-layout-9d6595d7 wp-block-columns-is-layout-flex\"> <div class=\"wp-block-column is-layout-flow wp-block-column-is-layout-flow\"> <p class=\"has-cyan-bluish-gray-background-color has-background\">B\u00fcy\u00fck tekerlekler farkl\u0131 arazilere uyum sa\u011flayabilir ve yerden y\u00fcksek y\u00fckseklik sa\u011flayarak makineyi engebeli tar\u0131m arazilerinde hareket ettirmeyi kolayla\u015ft\u0131r\u0131r.<\/p> <\/div>    <div class=\"wp-block-column is-layout-flow wp-block-column-is-layout-flow\"> <p class=\"has-cyan-bluish-gray-background-color has-background\">\u00c7er\u00e7eve yap\u0131s\u0131 istikrarl\u0131 destek ve denge sa\u011flayarak makineyi \u00e7al\u0131\u015f\u0131rken daha g\u00fc\u00e7l\u00fc ve daha g\u00fcvenli hale getirebilir.<\/p> <\/div> <\/div>    <p><\/p>    <h2 class=\"wp-block-heading\"><strong>Taizy \u00c7ok Fonksiyonlu M\u0131s\u0131r Kabuk soyma Makinesi i\u00e7in A\u015f\u0131nma Par\u00e7alar\u0131<\/strong><\/h2>   <div class=\"wp-block-image\"> <figure class=\"aligncenter size-full\"><img loading=\"lazy\" decoding=\"async\" width=\"720\" height=\"350\" src=\"https:\/\/taizyagromachine.com\/wp-content\/uploads\/2023\/07\/screen-for-multifunctional-thresher-machine.webp\" alt=\"\u00e7ok fonksiyonlu harman makinesi i\u00e7in ekran\" class=\"wp-image-5601\"\/><figcaption class=\"wp-element-caption\">\u00e7ok fonksiyonlu harman makinesi i\u00e7in ekran<\/figcaption><\/figure> <\/div>   <p>\u00c7ok i\u015flevli harman makinesinin a\u015f\u0131nan par\u00e7alar\u0131 esas olarak elekler, kay\u0131\u015flar, zincirler ve di\u011fer bile\u015fenleri i\u00e7erir. Uzun s\u00fcreli kullan\u0131mda bu par\u00e7alar a\u015f\u0131nabilir ve d\u00fczenli olarak kontrol edilip de\u011fi\u015ftirilmeleri gerekebilir. Makul bak\u0131m ve a\u015f\u0131nan par\u00e7alar\u0131n zaman\u0131nda de\u011fi\u015ftirilmesi, \u00e7ok i\u015flevli harman makinesinin hizmet \u00f6mr\u00fcn\u00fc uzatabilir ve s\u00fcrekli ve verimli \u00e7al\u0131\u015fmas\u0131n\u0131 sa\u011flayabilir.<\/p>    <h2 class=\"wp-block-heading\"><strong>\u00c7ok Ama\u00e7l\u0131 M\u0131s\u0131r M\u0131s\u0131r Bombard\u0131man Makinesinin Avantajlar\u0131<\/strong><\/h2>    <ol class=\"wp-block-list\"> <li>Y\u00fcksek verimlilik ve h\u0131z: \u00c7ok i\u015flevli harman makinesi, mahsulleri y\u00fcksek h\u0131z ve verimlilikte harmanlayabilir, \u00fcretkenli\u011fi ve \u00e7\u0131kt\u0131y\u0131 b\u00fcy\u00fck \u00f6l\u00e7\u00fcde art\u0131r\u0131r.<\/li>    <li>\u00c7ok y\u00f6nl\u00fcl\u00fck: Harman i\u015flevine ek olarak, Taizy \u00e7ok i\u015flevli mazie kabuk ay\u0131r\u0131c\u0131 genellikle farkl\u0131 mahsullerin i\u015fleme ihtiya\u00e7lar\u0131n\u0131 kar\u015f\u0131layabilen yabanc\u0131 maddeleri temizleme ve ay\u0131rma gibi i\u015flevlere de sahiptir.<\/li>    <li>Kalite g\u00fcvencesi: \u00c7oklu tah\u0131l harmanlay\u0131c\u0131, nihai \u00fcr\u00fcn\u00fcn kalitesini ve safl\u0131\u011f\u0131n\u0131 sa\u011flamak i\u00e7in kabuklar\u0131, yabanc\u0131 maddeleri ve tah\u0131llar\u0131 verimli bir \u015fekilde ay\u0131rabilir.<\/li>    <li>Esneklik: \u00c7ok fonksiyonlu m\u0131s\u0131r bombard\u0131man\u0131 makinesinde genellikle yerel duruma g\u00f6re \u00e7al\u0131\u015fmak \u00fczere e\u015fle\u015fen motorlar\u0131 kullanabilen \u00fc\u00e7 motor bulunur. <\/li>    <li>Maliyet tasarrufu: \u00c7ok i\u015flevli harman makinesinin y\u00fcksek verimlili\u011fi ve \u00e7ok i\u015flevlili\u011fi, i\u015f\u00e7ilik ve zaman maliyetlerinden tasarruf edebilir, \u00fcretim verimlili\u011fini art\u0131rabilir ve i\u015fleme maliyetlerini azaltabilir.<\/li>    <li>G\u00fcvenilirlik ve dayan\u0131kl\u0131l\u0131k: Taizy m\u0131s\u0131r soyma makinesi, iyi dayan\u0131kl\u0131l\u0131k ve stabiliteye sahip olan ve uzun s\u00fcre istikrarl\u0131 bir \u015fekilde \u00e7al\u0131\u015fabilen y\u00fcksek kaliteli malzemeler ve hassas \u00fcretim s\u00fcre\u00e7leri kullan\u0131r.<\/li> <\/ol>    <h2 class=\"wp-block-heading\"><strong>Multi M\u0131s\u0131r Bombard\u0131man\u0131 Makinas\u0131 Fiyat\u0131n\u0131 Neler Etkiler?<\/strong><\/h2>    <p class=\"translation-block\"><a href=\"https:\/\/cornmachines.com\/multifunctional-thresher-machine\/\" target=\"_blank\" rel=\"noreferrer noopener\">\u00c7ok fonksiyonlu m\u0131s\u0131r harman makinesinin<\/a> fiyat\u0131, makine modeli, markas\u0131 vb. gibi bir\u00e7ok y\u00f6n\u00fc etkiler. \u0130lk olarak makinenin modeli ve spesifikasyonu, bir \u00e7ok fonksiyonlu m\u0131s\u0131r ay\u0131klama makinesinin fiyat\u0131 bir spesifikasyondan di\u011ferine de\u011fi\u015fecektir. \u0130kincisi makinenin markas\u0131 ve \u00fcreticisidir. Tan\u0131nm\u0131\u015f markalar\u0131n ve y\u00fcksek kaliteli \u00fcreticilerin \u00fcr\u00fcnleri genellikle nispeten daha y\u00fcksek fiyatl\u0131d\u0131r. <\/p>    <figure class=\"wp-block-gallery aligncenter has-nested-images columns-default is-cropped wp-block-gallery-3 is-layout-flex wp-block-gallery-is-layout-flex\"> <figure class=\"wp-block-image size-full\"><img loading=\"lazy\" decoding=\"async\" width=\"720\" height=\"540\" data-id=\"5608\" src=\"https:\/\/taizyagromachine.com\/wp-content\/uploads\/2023\/07\/multifunctional-threshing-machine.webp\" alt=\"\u00e7ok fonksiyonlu harman makinesi\" class=\"wp-image-5608\"\/><figcaption class=\"wp-element-caption\">\u00e7ok fonksiyonlu harman makinesi<\/figcaption><\/figure>    <figure class=\"wp-block-image size-full\"><img loading=\"lazy\" decoding=\"async\" width=\"720\" height=\"540\" data-id=\"5607\" src=\"https:\/\/taizyagromachine.com\/wp-content\/uploads\/2023\/07\/multi-purpose-thresher-1.webp\" alt=\"\u00e7ok ama\u00e7l\u0131 harman\" class=\"wp-image-5607\"\/><figcaption class=\"wp-element-caption\">\u00e7ok ama\u00e7l\u0131 harman<\/figcaption><\/figure> <\/figure>    <p>Ayr\u0131ca piyasa arz ve talebi, hammadde maliyeti, nakliye mesafesi vb. fakt\u00f6rler de fiyata etki edecektir. Daha fazla ayr\u0131nt\u0131 \u00f6\u011frenmek istiyorsan\u0131z, daha fazla ayr\u0131nt\u0131 i\u00e7in l\u00fctfen bizimle ileti\u015fime ge\u00e7in!<\/p>    <h2 class=\"wp-block-heading\"><strong>Taizy \u00c7ok Fonksiyonlu Harman Makinesi Hakk\u0131nda Servis<\/strong><\/h2>    <p>Taizy, iyi bir \u00e7ok ama\u00e7l\u0131 m\u0131s\u0131r ay\u0131klama makinesi olarak tan\u0131nm\u0131\u015f markalarla teknik destek ve sat\u0131\u015f sonras\u0131 hizmet sunmaktay\u0131z.  Kapsaml\u0131 teknik destek ve sat\u0131\u015f sonras\u0131 servis, profesyonel rehberlik ve \u00e7\u00f6z\u00fcmler alman\u0131z\u0131 sa\u011flayabilir. Ayr\u0131ca \u00e7evrimi\u00e7i destek, video deste\u011fi, kullan\u0131m k\u0131lavuzu vb. de sa\u011flayabiliriz. Bunlar\u0131n hepsi m\u0131s\u0131r ay\u0131klama makinesini sorunsuz bir \u015fekilde kullanman\u0131za yard\u0131mc\u0131 olabilir.  <\/p>    <h2 class=\"wp-block-heading\"><strong>\u00c7ok Ama\u00e7l\u0131 M\u0131s\u0131r Soyma Makinesi \u00dcretimi, Paketleme ve Teslimat\u0131<\/strong><\/h2>    <p>\u00c7ok fonksiyonlu harman makinesinin \u00fcretim s\u00fcreci genellikle \u00f6zel bir at\u00f6lyede ger\u00e7ekle\u015ftirilir. At\u00f6lyede i\u015f\u00e7iler, makinenin kalitesinin ve performans\u0131n\u0131n standartlar\u0131 kar\u015f\u0131lad\u0131\u011f\u0131ndan emin olmak i\u00e7in bile\u015fenleri \u00fcretim s\u00fcrecine ve teknik gereksinimlere g\u00f6re i\u015fler ve birle\u015ftirir. <\/p>    <figure class=\"wp-block-gallery has-nested-images columns-default is-cropped wp-block-gallery-4 is-layout-flex wp-block-gallery-is-layout-flex\"> <figure class=\"wp-block-image size-full\"><img loading=\"lazy\" decoding=\"async\" width=\"720\" height=\"540\" data-id=\"5604\" src=\"https:\/\/taizyagromachine.com\/wp-content\/uploads\/2023\/07\/machine-production.webp\" alt=\"makine \u00fcretimi\" class=\"wp-image-5604\"\/><figcaption class=\"wp-element-caption\">makine \u00fcretimi<\/figcaption><\/figure>    <figure class=\"wp-block-image size-large\"><img loading=\"lazy\" decoding=\"async\" width=\"720\" height=\"540\" data-id=\"5603\" src=\"https:\/\/taizyagromachine.com\/wp-content\/uploads\/2023\/07\/machine-loading.webp\" alt=\"makine y\u00fckleme\" class=\"wp-image-5603\"\/><figcaption class=\"wp-element-caption\">makine y\u00fckleme<\/figcaption><\/figure>    <figure class=\"wp-block-image size-full\"><img loading=\"lazy\" decoding=\"async\" width=\"720\" height=\"540\" data-id=\"5605\" src=\"https:\/\/taizyagromachine.com\/wp-content\/uploads\/2023\/07\/loaded-machine-.webp\" alt=\"y\u00fckl\u00fc makine\" class=\"wp-image-5605\"\/><figcaption class=\"wp-element-caption\">y\u00fckl\u00fc makine<\/figcaption><\/figure> <\/figure>    <p>\u00dcretim tamamland\u0131ktan sonra \u00e7ok fonksiyonlu m\u0131s\u0131r ay\u0131klama makinesi \u00f6zenle paketlenir. Yayg\u0131n paketleme y\u00f6ntemi, makineyi hasardan ve titre\u015fimden korumak i\u00e7in paketleme i\u00e7in g\u00fc\u00e7l\u00fc ah\u015fap kutular kullanmakt\u0131r. Nakliye s\u0131ras\u0131nda, \u00e7ok i\u015flevli harman makinesi, var\u0131\u015f noktas\u0131na g\u00fcvenli bir \u015fekilde teslim edilmesini sa\u011flamak i\u00e7in genellikle bir konteyner i\u00e7inde tek par\u00e7a halinde g\u00f6nderilir. Bu entegre nakliye y\u00f6ntemi, hasar riskini azalt\u0131r ve kolay y\u00fckleme ve bo\u015faltma i\u015flemleri sa\u011flar.<\/p>","protected":false},"excerpt":{"rendered":"<p>The multi purpose corn shelling machine plays an important role in the field of crop threshing as an efficient and multifunctional agricultural processing equipment. It has the advantages of high efficiency and speed, versatility, ease of operation and reliability and durability, which not only improves productivity and output, but also saves cost and human resources. [&hellip;]<\/p>\n","protected":false},"author":1,"featured_media":5584,"parent":0,"template":"","tags":[217],"product-type":[17],"class_list":["post-5581","product","type-product","status-publish","has-post-thumbnail","hentry","tag-corn-shelling-machine","product-type-corn-machine"],"_links":{"self":[{"href":"https:\/\/taizyagromachine.com\/tr\/wp-json\/wp\/v2\/product\/5581","targetHints":{"allow":["GET"]}}],"collection":[{"href":"https:\/\/taizyagromachine.com\/tr\/wp-json\/wp\/v2\/product"}],"about":[{"href":"https:\/\/taizyagromachine.com\/tr\/wp-json\/wp\/v2\/types\/product"}],"author":[{"embeddable":true,"href":"https:\/\/taizyagromachine.com\/tr\/wp-json\/wp\/v2\/users\/1"}],"wp:featuredmedia":[{"embeddable":true,"href":"https:\/\/taizyagromachine.com\/tr\/wp-json\/wp\/v2\/media\/5584"}],"wp:attachment":[{"href":"https:\/\/taizyagromachine.com\/tr\/wp-json\/wp\/v2\/media?parent=5581"}],"wp:term":[{"taxonomy":"post_tag","embeddable":true,"href":"https:\/\/taizyagromachine.com\/tr\/wp-json\/wp\/v2\/tags?post=5581"},{"taxonomy":"product-type","embeddable":true,"href":"https:\/\/taizyagromachine.com\/tr\/wp-json\/wp\/v2\/product-type?post=5581"}],"curies":[{"name":"wp","href":"https:\/\/api.w.org\/{rel}","templated":true}]}}