{"id":6061,"date":"2023-12-04T17:45:32","date_gmt":"2023-12-04T09:45:32","guid":{"rendered":"https:\/\/taizyagromachine.com\/?post_type=product&#038;p=6061"},"modified":"2023-12-04T17:45:34","modified_gmt":"2023-12-04T09:45:34","slug":"rice-combine-harvester","status":"publish","type":"product","link":"https:\/\/taizyagromachine.com\/tr\/product\/rice-combine-harvester\/","title":{"rendered":"Bu\u011fday \u00c7eltik i\u00e7in Harmanl\u0131 Pirin\u00e7 Bi\u00e7erd\u00f6veri"},"content":{"rendered":"<p class=\"translation-block\">Bu <strong>pirin\u00e7 bi\u00e7erd\u00f6veri<\/strong> (bu\u011fday bi\u00e7erd\u00f6veri, k\u00fc\u00e7\u00fck bi\u00e7erd\u00f6ver olarak da bilinir) pirin\u00e7 ve bu\u011fday gibi \u00fcr\u00fcnleri verimli bir \u015fekilde hasat etmekle kalmay\u0131p, ayn\u0131 zamanda yerle\u015fik bir harman makinesi kullanarak tohumlar\u0131 kabu\u011fundan ay\u0131ran harmanlama i\u015flevine sahip \u00e7ok fonksiyonlu bir tar\u0131m ekipman\u0131d\u0131r. Bu makine, engebeli arazilerde hasat yapmaya uyum sa\u011flamas\u0131na olanak tan\u0131yan esnek ayarlanabilirli\u011fi sayesinde tar\u0131msal verimlili\u011fi art\u0131rmaktad\u0131r. Bu k\u00fc\u00e7\u00fck bi\u00e7erd\u00f6verin yan\u0131 s\u0131ra, <a href=\"https:\/\/taizyagromachine.com\/tr\/product\/wheat-thresher\/\">bu\u011fday pirin\u00e7 i\u00e7in harman makinemiz<\/a> de bulunmaktad\u0131r. \u0130lgileniyorsan\u0131z, daha fazla bilgi i\u00e7in bizimle ileti\u015fime ge\u00e7ebilirsiniz!<\/p>    <h2 class=\"wp-block-heading\"><strong>Pirin\u00e7 bi\u00e7erd\u00f6verinin par\u00e7alar\u0131n\u0131 ve fonksiyonlar\u0131n\u0131 biliyor musunuz?<\/strong><\/h2>    <figure class=\"wp-block-gallery aligncenter has-nested-images columns-default is-cropped wp-block-gallery-2 is-layout-flex wp-block-gallery-is-layout-flex\"> <figure class=\"wp-block-image size-large\"><img loading=\"lazy\" decoding=\"async\" width=\"720\" height=\"540\" data-id=\"6064\" src=\"https:\/\/taizyagromachine.com\/wp-content\/uploads\/2023\/12\/rice-wheat-combine-harvester-structure.webp\" alt=\"pirin\u00e7 bu\u011fday bi\u00e7erd\u00f6ver yap\u0131s\u0131\" class=\"wp-image-6064\"\/><figcaption class=\"wp-element-caption\">pirin\u00e7 bu\u011fday bi\u00e7erd\u00f6ver yap\u0131s\u0131<\/figcaption><\/figure>    <figure class=\"wp-block-image size-large\"><img loading=\"lazy\" decoding=\"async\" width=\"720\" height=\"540\" data-id=\"6063\" src=\"https:\/\/taizyagromachine.com\/wp-content\/uploads\/2023\/12\/rice-combine-harvester-parts.webp\" alt=\"pirin\u00e7 bi\u00e7erd\u00f6ver par\u00e7alar\u0131\" class=\"wp-image-6063\"\/><figcaption class=\"wp-element-caption\">pirin\u00e7 bi\u00e7erd\u00f6ver par\u00e7alar\u0131<\/figcaption><\/figure> <\/figure>    <figure class=\"wp-block-table\"><table><tbody><tr><td>Makine par\u00e7alar\u0131<\/td><td>\u0130\u015flev<\/td><\/tr><tr><td><strong>G\u00fc\u00e7 sistemi<\/strong><\/td><td>D\u00fcnya markas\u0131 dizel motorla uyumlu<br>Y\u00fcksek g\u00fc\u00e7, g\u00fc\u00e7l\u00fc g\u00fc\u00e7<br>Hasat, harmanlama ve ta\u015f\u0131mada y\u00fcksek verimlilik<\/td><\/tr><tr><td><strong>Seyahat sistemi<\/strong><\/td><td>Daha uzun ve daha geni\u015f paletler, daha \u00fcst\u00fcn s\u0131k\u0131\u015fma\/patinaj \u00f6nleme etkisi<br>Gece hasad\u0131 i\u00e7in s\u00fcper parlak LED farla donat\u0131lm\u0131\u015ft\u0131r<br>Su ge\u00e7irmez ve kum ge\u00e7irmez, dayan\u0131kl\u0131<\/td><\/tr><tr><td><strong>Konvey\u00f6r sistemi<\/strong><\/td><td>D\u00f6k\u00fclmeyi azaltmak i\u00e7in daha y\u00fcksek besleme tamburu<br>C\u00fcce pirin\u00e7 ve bu\u011fday\u0131n kolay hasad\u0131 i\u00e7in kesme masas\u0131 8 cm al\u00e7alt\u0131lm\u0131\u015ft\u0131r<br>Geriye t\u00fck\u00fcrmeyi ve ta\u015f\u0131ma s\u0131k\u0131\u015fmalar\u0131n\u0131 \u00f6nleyen besleme ve ta\u015f\u0131ma yap\u0131s\u0131<\/td><\/tr><tr><td><strong>Harman sistemi<\/strong><\/td><td>Harman tamburu kademeli tasar\u0131m\u0131 benimser, s\u0131k\u0131\u015fma olmaz ve daha y\u00fcksek harman verimlili\u011fi sa\u011flar<br>Harika saman bo\u015faltma deli\u011fi tasar\u0131m\u0131, daha d\u00fczg\u00fcn saman bo\u015faltma<br>Kademeli formatl\u0131 ekran tasar\u0131m\u0131, d\u00f6k\u00fclmeyi azalt\u0131r, kirlilik oran\u0131n\u0131 d\u00fc\u015f\u00fcr\u00fcr<\/td><\/tr><tr><td><strong>\u0130\u015fletim sistemi<\/strong><\/td><td>Benzersiz tasar\u0131m, basit yap\u0131, daha g\u00fcvenli \u00e7al\u0131\u015fma<br>\u00c7ok h\u0131zl\u0131 yap\u0131, kullan\u0131m\u0131 daha kolay<br>Dik yoku\u015fta park etme etkisi daha iyidir, yoku\u015flara t\u0131rman\u0131rken kayma olmaz<\/td><\/tr><\/tbody><\/table><figcaption class=\"wp-element-caption\">pirin\u00e7 bu\u011fday bi\u00e7erd\u00f6verinin bile\u015fenleri ve fonksiyonlar\u0131<\/figcaption><\/figure>    <h2 class=\"wp-block-heading\"><strong>Pirin\u00e7 bi\u00e7erd\u00f6ver \u00f6zellikleri<\/strong><\/h2>    <p>Tar\u0131m ekipmanlar\u0131n\u0131n profesyonel bir \u00fcreticisi olarak, bu\u011fday pirincine y\u00f6nelik mini bi\u00e7erd\u00f6verimiz farkl\u0131 par\u00e7alara g\u00f6re farkl\u0131 modellere ayr\u0131lm\u0131\u015ft\u0131r, ancak bunlar\u0131n t\u00fcm\u00fc pirin\u00e7 ve bu\u011fday\u0131n hasad\u0131 ve harmanlanmas\u0131 i\u00e7in kullan\u0131labilir; a\u015fa\u011f\u0131da sizin i\u00e7in \u00f6zel parametreler bulunmaktad\u0131r. referans.<\/p>    <figure class=\"wp-block-table\"><table><tbody><tr><td>Modeli<\/td><td>4LZ-1.05C<\/td><td>4LZ-1.05D<\/td><\/tr><tr><td>Paletli tip<\/td><td>D\u00fcz paletli<\/td><td>\u00dc\u00e7gen paletli<\/td><\/tr><tr><td>Kesme geni\u015fli\u011fi<\/td><td>1100mm<\/td><td>1100mm<\/td><\/tr><tr><td>Minimum yerden y\u00fckseklik<\/td><td>190 mm<\/td><td>190 mm<\/td><\/tr><tr><td>Ortalama zemin bas\u0131nc\u0131<\/td><td>10.9KPA<\/td><td>10.9KPA<\/td><\/tr><tr><td>Besleme hacmi<\/td><td>1,05 kg\/sn<\/td><td>1,05 kg\/sn<\/td><\/tr><tr><td>Boyut <\/td><td>3100*1440*1630mm<\/td><td>3100*1440*1630mm<\/td><\/tr><tr><td>A\u011f\u0131rl\u0131k<\/td><td>570kg<\/td><td>570kg<\/td><\/tr><tr><td>Motor modeli<\/td><td>KD1100FB D\u0130ZEL<\/td><td>KD1100FB D\u0130ZEL<\/td><\/tr><tr><td>Y\u00f6ntemi ba\u015flat<\/td><td>Elektrikli \u00e7al\u0131\u015ft\u0131rma<\/td><td>Elektrikli \u00e7al\u0131\u015ft\u0131rma<\/td><\/tr><\/tbody><\/table><figcaption class=\"wp-element-caption\">mini bu\u011fday pirin\u00e7 bi\u00e7erd\u00f6ver<\/figcaption><\/figure>    <figure class=\"wp-block-gallery aligncenter has-nested-images columns-default is-cropped wp-block-gallery-3 is-layout-flex wp-block-gallery-is-layout-flex\"> <figure class=\"wp-block-image size-large\"><img loading=\"lazy\" decoding=\"async\" width=\"720\" height=\"540\" data-id=\"6066\" src=\"https:\/\/taizyagromachine.com\/wp-content\/uploads\/2023\/12\/wheat-combine-harvester-for-sale.webp\" alt=\"sat\u0131l\u0131k bu\u011fday bi\u00e7erd\u00f6ver\" class=\"wp-image-6066\"\/><figcaption class=\"wp-element-caption\">sat\u0131l\u0131k bu\u011fday bi\u00e7erd\u00f6ver<\/figcaption><\/figure>    <figure class=\"wp-block-image size-large\"><img loading=\"lazy\" decoding=\"async\" width=\"720\" height=\"540\" data-id=\"6065\" src=\"https:\/\/taizyagromachine.com\/wp-content\/uploads\/2023\/12\/rice-combine-harvester-for-sale.webp\" alt=\"sat\u0131l\u0131k pirin\u00e7 bi\u00e7erd\u00f6ver\" class=\"wp-image-6065\"\/><figcaption class=\"wp-element-caption\">sat\u0131l\u0131k pirin\u00e7 bi\u00e7erd\u00f6ver<\/figcaption><\/figure> <\/figure>    <h2 class=\"wp-block-heading\"><strong>Pirin\u00e7 bu\u011fday\u0131 i\u00e7in k\u00fc\u00e7\u00fck bi\u00e7erd\u00f6verin \u00f6zellikleri<\/strong><\/h2>    <ul class=\"wp-block-list\"> <li><strong>Kompakt tasar\u0131m<\/strong>: K\u00fc\u00e7\u00fck bi\u00e7erd\u00f6ver nedeniyle bu bi\u00e7erd\u00f6ver bu\u011fday hasat makinesi s\u0131n\u0131rl\u0131 ekilebilir araziye uyum sa\u011flar. Nispeten hafif yap\u0131s\u0131, dar alanlarda kullan\u0131m\u0131n\u0131 kolayla\u015ft\u0131r\u0131r.<\/li>    <li><strong>\u00c7ok y\u00f6nl\u00fcl\u00fck<\/strong>: Bu mini bi\u00e7erd\u00f6ver pirin\u00e7 hasat makinesi \u00e7ok i\u015flevlidir ve pirin\u00e7 ve bu\u011fday hasad\u0131 i\u00e7in kullan\u0131labilir, b\u00f6ylece makinenin kullan\u0131m\u0131 artar.<\/li>    <li><strong>Verimli yetenek<\/strong>: K\u00fc\u00e7\u00fck boyutuna ra\u011fmen, k\u00fc\u00e7\u00fck pirin\u00e7 bi\u00e7erd\u00f6verleri genellikle olduk\u00e7a verimlidir. Hasad\u0131 nispeten k\u0131sa s\u00fcrede tamamlayarak verimlili\u011fi art\u0131r\u0131r.<\/li>    <li><strong>Kullan\u0131m\u0131 kolay<\/strong>: K\u00fc\u00e7\u00fck bi\u00e7erd\u00f6ver bu\u011fday hasat makinesi genellikle \u00f6zel becerilere sahip olmayan \u00e7ift\u00e7iler i\u00e7in kullan\u0131m\u0131 kolay olacak \u015fekilde tasarlanm\u0131\u015ft\u0131r. Basitle\u015ftirilmi\u015f kontroller ve i\u015fletim sistemleri kullan\u0131c\u0131n\u0131n y\u00fck\u00fcn\u00fc azalt\u0131r.<\/li>    <li><strong>Uyarlanabilir<\/strong>: Nispeten hafifli\u011fi ve hareket kabiliyeti sayesinde, bi\u00e7erd\u00f6verler farkl\u0131 toprak ve arazi t\u00fcrlerinde iyi performans g\u00f6stererek uygulama esnekli\u011fini artt\u0131r\u0131r.<\/li>    <li><strong>Ekonomik<\/strong>: Daha b\u00fcy\u00fck kombine bi\u00e7erd\u00f6verlerle kar\u015f\u0131la\u015ft\u0131r\u0131ld\u0131\u011f\u0131nda, bu pirin\u00e7 bi\u00e7erd\u00f6ver makinesi genellikle daha ekonomiktir. Bu, ekipman\u0131n \u00e7ift\u00e7iler i\u00e7in daha eri\u015filebilir olmas\u0131n\u0131 sa\u011flar ve k\u00fc\u00e7\u00fck \u00e7iftliklerin teknoloji d\u00fczeyini art\u0131r\u0131r.<\/li>    <li><strong>D\u00fc\u015f\u00fck bak\u0131m maliyetleri<\/strong>: Nispeten basit mekanik yap\u0131s\u0131 nedeniyle, bu\u011fday pirinci i\u00e7in mini bi\u00e7erd\u00f6ver genellikle d\u00fc\u015f\u00fck bak\u0131m maliyetlerine sahiptir ve \u00e7ift\u00e7ilerin y\u00fck\u00fcn\u00fc azalt\u0131r.<\/li> <\/ul>    <figure class=\"wp-block-gallery aligncenter has-nested-images columns-default is-cropped wp-block-gallery-4 is-layout-flex wp-block-gallery-is-layout-flex\"> <figure class=\"wp-block-image size-large\"><img loading=\"lazy\" decoding=\"async\" width=\"720\" height=\"540\" data-id=\"6067\" src=\"https:\/\/taizyagromachine.com\/wp-content\/uploads\/2023\/12\/mini-rice-combine-harvester-working-scene.webp\" alt=\"mini pirin\u00e7 bi\u00e7erd\u00f6ver \u00e7al\u0131\u015fma sahnesi\" class=\"wp-image-6067\"\/><figcaption class=\"wp-element-caption\">mini pirin\u00e7 bi\u00e7erd\u00f6ver \u00e7al\u0131\u015fma sahnesi<\/figcaption><\/figure>    <figure class=\"wp-block-image size-large\"><img loading=\"lazy\" decoding=\"async\" width=\"720\" height=\"540\" data-id=\"6068\" src=\"https:\/\/taizyagromachine.com\/wp-content\/uploads\/2023\/12\/rice-combine-harvester-machine-working-in-the-paddy-field.webp\" alt=\"\u00e7eltik tarlas\u0131nda \u00e7al\u0131\u015fan pirin\u00e7 bi\u00e7erd\u00f6ver makinesi\" class=\"wp-image-6068\"\/><figcaption class=\"wp-element-caption\">\u00e7eltik tarlas\u0131nda \u00e7al\u0131\u015fan pirin\u00e7 bi\u00e7erd\u00f6ver makinesi<\/figcaption><\/figure> <\/figure>    <h2 class=\"wp-block-heading\"><strong>K\u00fc\u00e7\u00fck bi\u00e7erd\u00f6verle bu\u011fday pirinci nas\u0131l hasat edilir?<\/strong><\/h2>   <div id=\"rank-math-howto\" class=\"rank-math-block\" > <div class=\"rank-math-howto-description\">  <\/div>  <div class=\"rank-math-steps\"> <div id=\"howto-step-1701671535865\" class=\"rank-math-step\"> <h3 class=\"rank-math-step-title\">Pirin\u00e7 bu\u011fday bi\u00e7erd\u00f6verini ba\u015flat\u0131n<\/h3> <div class=\"rank-math-step-content\"><p>Operat\u00f6r pirin\u00e7 i\u00e7in k\u00fc\u00e7\u00fck bi\u00e7erd\u00f6ver makinesini \u00e7al\u0131\u015ft\u0131r\u0131r ve t\u00fcm sistemlerin d\u00fczg\u00fcn \u00e7al\u0131\u015fmas\u0131n\u0131 sa\u011flar. Buna motor, kesme sistemi, ta\u015f\u0131ma band\u0131 vb. dahildir.<\/p> <\/div> <\/div> <div id=\"howto-step-1701671671829\" class=\"rank-math-step\"> <h3 class=\"rank-math-step-title\">Alana git<\/h3> <div class=\"rank-math-step-content\"><p>Mini pirin\u00e7 bi\u00e7erd\u00f6verini hasat edilecek tarlaya y\u00f6nlendirin. Hareket s\u0131ras\u0131nda operat\u00f6r\u00fcn engellerden ka\u00e7\u0131nmaya ve makinenin sorunsuz \u00e7al\u0131\u015fmas\u0131n\u0131 sa\u011flamaya dikkat etmesi gerekir.<\/p> <\/div> <\/div> <div id=\"howto-step-1701671710110\" class=\"rank-math-step\"> <h3 class=\"rank-math-step-title\">Hasata ba\u015fla<\/h3> <div class=\"rank-math-step-content\"><p>Makine uygun konuma ula\u015ft\u0131\u011f\u0131nda operat\u00f6r hasat i\u015flemine ba\u015flar. Kombine bu\u011fday hasat makinesi genellikle bitkileri, kesme kafas\u0131n\u0131 yana do\u011fru hareket ettirerek ve daha sonraki i\u015flemler i\u00e7in makinenin i\u00e7ine aktararak hasat eder.<\/p> <\/div> <\/div> <div id=\"howto-step-1701671788720\" class=\"rank-math-step\"> <h3 class=\"rank-math-step-title\">Harman ve temizlik<\/h3> <div class=\"rank-math-step-content\"><p class=\"translation-block\">Makinenin i\u00e7inde, bu\u011fday veya <a href=\"https:\/\/en.wikipedia.org\/wiki\/Rice\" target=\"_blank\" rel=\"noopener\">pirin\u00e7<\/a>, tah\u0131l\u0131 bitkiden ay\u0131ran bir harmanlama sisteminden ge\u00e7er. Geriye kalan saman ve yabani otlar genellikle bir temizleme sistemi arac\u0131l\u0131\u011f\u0131yla d\u0131\u015far\u0131 at\u0131l\u0131r.<\/p> <\/div> <\/div> <div id=\"howto-step-1701671966245\" class=\"rank-math-step\"> <h3 class=\"rank-math-step-title\">Toplama ve depolama<\/h3> <div class=\"rank-math-step-content\"><p>Harmanlanan tah\u0131llar \u00f6nceden haz\u0131rlanm\u0131\u015f \u00e7uvallarda toplan\u0131r ve depolan\u0131r. Doldu\u011funda tah\u0131llar depolama tesislerine veya ta\u015f\u0131ma ara\u00e7lar\u0131na aktar\u0131lmak \u00fczere bo\u015falt\u0131labilir.<\/p> <\/div> <\/div> <div id=\"howto-step-1701672719682\" class=\"rank-math-step\"> <h3 class=\"rank-math-step-title\">\u0130zleme ve ayarlama<\/h3> <div class=\"rank-math-step-content\"><p>Operat\u00f6r\u00fcn makinenin performans\u0131n\u0131 s\u00fcrekli izlemesi ve verimli bir hasat s\u00fcreci sa\u011flamak i\u00e7in gereken ayarlamalar\u0131 yapmas\u0131 gerekir.<\/p> <\/div> <\/div> <div id=\"howto-step-1701672734499\" class=\"rank-math-step\"> <h3 class=\"rank-math-step-title\">Hasat\u0131n sonu<\/h3> <div class=\"rank-math-step-content\"><p>Tarla tamamen hasat edildi\u011finde operat\u00f6r, son temizlik ve bak\u0131m g\u00f6revlerini ger\u00e7ekle\u015ftirmek i\u00e7in makineyi durdurur.<\/p> <\/div> <\/div> <\/div> <\/div>       <h2 class=\"wp-block-heading\"><strong>Pirin\u00e7 bi\u00e7erd\u00f6ver fiyat\u0131 nas\u0131l?<\/strong><\/h2>    <p>Pirin\u00e7 bu\u011fday bi\u00e7erd\u00f6ver fiyat\u0131n\u0131 marka, model, performans, konfig\u00fcrasyon ve pazar alan\u0131na g\u00f6re etkilemektedir. Genellikle daha b\u00fcy\u00fck, daha geli\u015fmi\u015f pirin\u00e7 bi\u00e7erd\u00f6ver makineleri nispeten pahal\u0131yken, daha k\u00fc\u00e7\u00fck veya temel modeller daha ekonomiktir. Benzer \u015fekilde, kalite g\u00fcvencesi olan makinelerin maliyeti genellikle daha y\u00fcksektir. <\/p>    <figure class=\"wp-block-gallery aligncenter has-nested-images columns-default is-cropped wp-block-gallery-5 is-layout-flex wp-block-gallery-is-layout-flex\"> <figure class=\"wp-block-image size-large\"><img loading=\"lazy\" decoding=\"async\" width=\"720\" height=\"540\" data-id=\"6069\" src=\"https:\/\/taizyagromachine.com\/wp-content\/uploads\/2023\/12\/flat-crawler-combine-harvester-for-rice-wheat.webp\" alt=\"pirin\u00e7 bu\u011fday\u0131 i\u00e7in d\u00fcz paletli bi\u00e7erd\u00f6ver\" class=\"wp-image-6069\"\/><figcaption class=\"wp-element-caption\">pirin\u00e7 bu\u011fday\u0131 i\u00e7in d\u00fcz paletli bi\u00e7erd\u00f6ver<\/figcaption><\/figure>    <figure class=\"wp-block-image size-large\"><img loading=\"lazy\" decoding=\"async\" width=\"720\" height=\"540\" data-id=\"6070\" src=\"https:\/\/taizyagromachine.com\/wp-content\/uploads\/2023\/12\/triangular-crawler-small-rice-combine-harvester.webp\" alt=\"\u00fc\u00e7gen paletli k\u00fc\u00e7\u00fck pirin\u00e7 bi\u00e7erd\u00f6ver\" class=\"wp-image-6070\"\/><figcaption class=\"wp-element-caption\">\u00fc\u00e7gen paletli k\u00fc\u00e7\u00fck pirin\u00e7 bi\u00e7erd\u00f6ver<\/figcaption><\/figure> <\/figure>    <p>\u00d6rne\u011fin mini pirin\u00e7 bi\u00e7erd\u00f6ver makinemiz ayn\u0131 modelin farkl\u0131 konfig\u00fcrasyonlar\u0131 i\u00e7in farkl\u0131 fiyatland\u0131r\u0131lmaktad\u0131r. Paletlerdeki farkl\u0131l\u0131ktan dolay\u0131 fiyat da farkl\u0131d\u0131r, bir d\u00fcz paletli ve bir \u00fc\u00e7gen paletli. Pirin\u00e7 bi\u00e7erd\u00f6verinin tam fiyat\u0131n\u0131 almak i\u00e7in do\u011frudan bizimle ileti\u015fime ge\u00e7in; ayr\u0131nt\u0131l\u0131 bir fiyat teklifi sunaca\u011f\u0131z ve mevcut modelleri ve \u00f6zelliklerini anlayaca\u011f\u0131z.<\/p>    <h2 class=\"wp-block-heading\"><strong>Sayg\u0131n mini bi\u00e7erd\u00f6ver pirin\u00e7 hasat makinesi \u00fcreticisi ve tedarik\u00e7isi<\/strong><\/h2>    <p>Biz, size g\u00fcvenilir tar\u0131msal \u00e7\u00f6z\u00fcmler sunmaya adanm\u0131\u015f sayg\u0131n bir mini pirin\u00e7 bi\u00e7erd\u00f6ver \u00fcreticisi ve tedarik\u00e7isiyiz. Y\u00fcksek verimlili\u011fi, enerji verimlili\u011fi ve dayan\u0131kl\u0131l\u0131\u011f\u0131yla bilinen \u00fcr\u00fcnlerimiz, \u00e7ok \u00e7e\u015fitli tar\u0131m ko\u015fullar\u0131na uyacak \u015fekilde titizlikle tasarlanm\u0131\u015ft\u0131r. Bunun yan\u0131 s\u0131ra \u00fcr\u00fcnlerimizin kalitesine odaklan\u0131yor, makinelerimizin \u00fcst\u00fcn performans\u0131n\u0131 ve uzun \u00f6m\u00fcrl\u00fc olmas\u0131n\u0131 sa\u011flamak i\u00e7in ileri teknoloji ve kaliteli malzemeler kullan\u0131yoruz.<\/p>    <figure class=\"wp-block-gallery aligncenter has-nested-images columns-default is-cropped wp-block-gallery-6 is-layout-flex wp-block-gallery-is-layout-flex\"> <figure class=\"wp-block-image size-large\"><img loading=\"lazy\" decoding=\"async\" width=\"720\" height=\"540\" data-id=\"6074\" src=\"https:\/\/taizyagromachine.com\/wp-content\/uploads\/2023\/12\/small-rice-combine-harvester-machine-manufacturer.webp\" alt=\"k\u00fc\u00e7\u00fck pirin\u00e7 bi\u00e7erd\u00f6ver makinesi \u00fcreticisi\" class=\"wp-image-6074\"\/><figcaption class=\"wp-element-caption\">k\u00fc\u00e7\u00fck pirin\u00e7 bi\u00e7erd\u00f6ver makinesi \u00fcreticisi<\/figcaption><\/figure>    <figure class=\"wp-block-image size-large\"><img loading=\"lazy\" decoding=\"async\" width=\"720\" height=\"540\" data-id=\"6073\" src=\"https:\/\/taizyagromachine.com\/wp-content\/uploads\/2023\/12\/mini-combine-harvester-for-wheat-rice-in-stock.webp\" alt=\"bu\u011fday pirinci i\u00e7in mini bi\u00e7erd\u00f6ver stoklar\u0131m\u0131zda\" class=\"wp-image-6073\"\/><figcaption class=\"wp-element-caption\">bu\u011fday pirinci i\u00e7in mini bi\u00e7erd\u00f6ver stoklar\u0131m\u0131zda<\/figcaption><\/figure> <\/figure>    <p>Ayr\u0131ca kapsaml\u0131 sat\u0131\u015f sonras\u0131 hizmet sa\u011fl\u0131yoruz. Servis ekibimiz her zaman size destek olmaya ve sorunlar\u0131 \u00e7\u00f6zmeye haz\u0131r deneyimli teknisyenlerden olu\u015fmaktad\u0131r. Makinelerin uzun s\u00fcre stabil \u00e7al\u0131\u015fmas\u0131n\u0131 sa\u011flamak i\u00e7in d\u00fczenli bak\u0131m hizmetleri vermekteyiz. M\u00fc\u015fterilerin ihtiya\u00e7lar\u0131 ve sorunlar\u0131 i\u00e7in zaman\u0131nda yan\u0131t ve \u00e7\u00f6z\u00fcmler al\u0131yoruz ve m\u00fc\u015fterilerimize en iyi deneyimi sunmaya kararl\u0131y\u0131z.<\/p>    <h2 class=\"wp-block-heading\"><strong>Sat\u0131l\u0131k pirin\u00e7 bi\u00e7erd\u00f6ver makinesinin paketlenmesi ve teslimat\u0131<\/strong><\/h2>    <p>M\u00fc\u015fteri bizimle i\u015fbirli\u011fine girdikten sonra, pirin\u00e7 bi\u00e7erd\u00f6verinin nakliye s\u0131ras\u0131nda g\u00fcvenli ve hasars\u0131z olmas\u0131n\u0131 sa\u011flamak i\u00e7in bir dizi giri\u015fimde bulunuyoruz. M\u00fc\u015fterinin ihtiyac\u0131na g\u00f6re makineyi tahta sand\u0131kla paketleyebilir veya do\u011frudan g\u00f6nderebiliriz.<\/p>    <figure class=\"wp-block-gallery aligncenter has-nested-images columns-default is-cropped wp-block-gallery-7 is-layout-flex wp-block-gallery-is-layout-flex\"> <figure class=\"wp-block-image size-large\"><img loading=\"lazy\" decoding=\"async\" width=\"720\" height=\"540\" data-id=\"6072\" src=\"https:\/\/taizyagromachine.com\/wp-content\/uploads\/2023\/12\/wooden-package-of-mini-wheat-rice-combine-harvester.webp\" alt=\"Mini bu\u011fday pirin\u00e7 bi\u00e7erd\u00f6ver ah\u015fap paketi\" class=\"wp-image-6072\"\/><figcaption class=\"wp-element-caption\">Mini bu\u011fday pirin\u00e7 bi\u00e7erd\u00f6ver ah\u015fap paketi<\/figcaption><\/figure>    <figure class=\"wp-block-image size-large\"><img loading=\"lazy\" decoding=\"async\" width=\"720\" height=\"540\" data-id=\"6071\" src=\"https:\/\/taizyagromachine.com\/wp-content\/uploads\/2023\/12\/loading-combine-harvester-machine-to-the-truck.webp\" alt=\"bi\u00e7erd\u00f6ver makinesinin kamyona y\u00fcklenmesi\" class=\"wp-image-6071\"\/><figcaption class=\"wp-element-caption\">bi\u00e7erd\u00f6ver makinesinin kamyona y\u00fcklenmesi<\/figcaption><\/figure> <\/figure>    <p class=\"translation-block\"><strong>Ah\u015fap kasa paketi<\/strong>: Ekibimiz, her kritik par\u00e7an\u0131n d\u00fczg\u00fcn bir \u015fekilde korunmas\u0131n\u0131 sa\u011flamak i\u00e7in dikkatlice paketleme yapar. Ah\u015fap kasalar i\u00e7in ekibimiz dikkatlice paketleme yapar ve her kritik par\u00e7an\u0131n d\u00fczg\u00fcn bir \u015fekilde korunmas\u0131n\u0131 sa\u011flar. G\u00fcmr\u00fck i\u015flemlerinin sorunsuz ilerlemesini sa\u011flamak i\u00e7in net etiketler i\u015faretler ve gerekli belgeleri haz\u0131rlar\u0131z.<\/p>    <p class=\"translation-block\"><strong>Teslimat<\/strong>: Ta\u015f\u0131ma \u015fekli, m\u00fc\u015fterinin ihtiya\u00e7lar\u0131na g\u00f6re kararla\u015ft\u0131r\u0131l\u0131r; kara, deniz veya hava ta\u015f\u0131mac\u0131l\u0131\u011f\u0131 dahil. M\u00fc\u015fterinin makinenin konumu ve var\u0131\u015f zaman\u0131 hakk\u0131nda bilgi sahibi olmas\u0131n\u0131 sa\u011flamak i\u00e7in nakliye takip bilgileri sa\u011fl\u0131yoruz.<\/p>    <p>Amac\u0131m\u0131z, m\u00fc\u015fterilerimizin kaliteli pirin\u00e7 bi\u00e7erd\u00f6verini almas\u0131n\u0131 sa\u011flamak i\u00e7in g\u00fcvenli ve verimli bir paketleme ve nakliye hizmeti sunmakt\u0131r.<\/p>    <h2 class=\"wp-block-heading\"><strong>\u00c7eltik bi\u00e7erd\u00f6ver se\u00e7imine ili\u015fkin ipu\u00e7lar\u0131<\/strong><\/h2>   <div class=\"wp-block-image\"> <figure class=\"aligncenter size-full\"><img loading=\"lazy\" decoding=\"async\" width=\"720\" height=\"540\" src=\"https:\/\/taizyagromachine.com\/wp-content\/uploads\/2023\/12\/paddy-rice-fields.webp\" alt=\"\u00e7eltik tarlalar\u0131\" class=\"wp-image-6075\"\/><figcaption class=\"wp-element-caption\">\u00e7eltik tarlalar\u0131<\/figcaption><\/figure> <\/div>   <p>Ger\u00e7ek \u00e7iftlik ko\u015fullar\u0131na ve ihtiya\u00e7lar\u0131na g\u00f6re do\u011fru \u00e7eltik bi\u00e7erd\u00f6verini dikkatlice se\u00e7in. Pirin\u00e7 bi\u00e7erd\u00f6verinin farkl\u0131 ko\u015fullarda iyi performans g\u00f6stermesini sa\u011flamak i\u00e7in se\u00e7iminizi yaparken pirincin yeti\u015ftirildi\u011fi ortam\u0131 g\u00f6z \u00f6n\u00fcnde bulundurmal\u0131s\u0131n\u0131z. Makine taray\u0131c\u0131lar\u0131m\u0131z\u0131n farkl\u0131 \u00f6zelliklerine g\u00f6re dikkate alman\u0131z gereken baz\u0131 \u00f6neriler:<\/p>    <p>Tarlalar\u0131n\u0131z \u00e7o\u011funlukla kuruysa ve \u00e7ok \u00e7amurlu de\u011filse, daha iyi denge sa\u011flad\u0131\u011f\u0131 i\u00e7in \u00fc\u00e7gen paletli tip iyi bir se\u00e7im olabilir.<\/p>    <p>\u00c7amurlu veya derin \u00e7amur tabanl\u0131 alanlarda, iyili\u011fin toprak \u00fczerindeki etkisini azaltt\u0131\u011f\u0131 ve makinenize y\u00f6nelik riski azaltt\u0131\u011f\u0131 i\u00e7in d\u00fcz iz tipi daha uygundur.<\/p>    <h2 class=\"wp-block-heading\"><strong>Bi\u00e7erd\u00f6ver makinas\u0131 sipari\u015f s\u00fcreci<\/strong><\/h2>    <ol class=\"wp-block-list\"> <li><strong>Fiyat istemek i\u00e7in bizimle ileti\u015fime ge\u00e7in<\/strong>: \u0130htiya\u00e7lar\u0131n\u0131z\u0131 bize anlatmak i\u00e7in \u00f6ncelikle bizimle ileti\u015fime ge\u00e7meniz gerekiyor ve size detayl\u0131 bilgi verecek profesyonel bir y\u00f6netici atayaca\u011f\u0131z.<\/li>    <li><strong>Makineyi ayr\u0131nt\u0131l\u0131 olarak tan\u0131y\u0131n<\/strong>: Profesyonel y\u00f6neticiyle yapaca\u011f\u0131n\u0131z g\u00f6r\u00fc\u015fmeler s\u0131ras\u0131nda, pirin\u00e7 bi\u00e7erd\u00f6ver makinesine giderek daha a\u015fina olacak ve ihtiya\u00e7lar\u0131n\u0131z hakk\u0131nda fikir sahibi olacaks\u0131n\u0131z.<\/li>    <li><strong>Makineyi belirleyin<\/strong>: Yukar\u0131dakilere dayanarak bize istedi\u011finiz makine tipini, makine detaylar\u0131n\u0131 vb. \u00e7ok net bir \u015fekilde anlatabilirsiniz.<\/li>    <li><strong>S\u00f6zle\u015fmeyi imzalay\u0131n ve depozitoyu \u00f6deyin<\/strong>: Sipari\u015fi vermeye karar verdikten sonra hem s\u00f6zle\u015fmeyi imzalayaca\u011f\u0131z hem de \u00f6n \u00f6demeyi (genellikle 30%) \u00f6demeniz gerekecek.<\/li>    <li><strong>Makine \u00fcretimi<\/strong>: Depozitoyu ald\u0131ktan sonra fabrikam\u0131z makineyi \u00fcretmeye ba\u015flar ve sizi makine \u00fcretiminin ilerleyi\u015fi hakk\u0131nda bilgilendirece\u011fiz.<\/li>    <li><strong>Makine tamamlanma onay\u0131 ve son \u00f6deme<\/strong>: Mini pirin\u00e7 bi\u00e7erd\u00f6ver makinesini tamamlad\u0131\u011f\u0131n\u0131zda, size foto\u011fraf ve video onay\u0131 verece\u011fiz ve bakiyeyi \u00f6demeniz ve ard\u0131ndan teslimat i\u00e7in makineyi kutuya koyman\u0131z gerekiyor.<\/li>    <li><strong>Paket ve sevkiyat<\/strong>: Makineler genellikle deniz yoluyla paketlenir ve var\u0131\u015f noktan\u0131za g\u00f6nderilir (\u00f6zel durumlarda bu, iki taraf aras\u0131nda koordine edilebilir).<\/li> <\/ol>","protected":false},"excerpt":{"rendered":"<p>This rice combine harvester (also called wheat combine harvester, small combine harvester )is multifunctional agricultural equipment that not only efficiently harvests crops such as rice and wheat, but also has a threshing function that separates the seeds from the husk using an inbuilt thresher. This machine improves agricultural productivity due to its flexible adjustability that [&hellip;]<\/p>\n","protected":false},"author":1,"featured_media":6062,"parent":0,"template":"","tags":[218,219],"product-type":[20],"class_list":["post-6061","product","type-product","status-publish","has-post-thumbnail","hentry","tag-rice","tag-wheat","product-type-rice-and-wheat-machine"],"_links":{"self":[{"href":"https:\/\/taizyagromachine.com\/tr\/wp-json\/wp\/v2\/product\/6061","targetHints":{"allow":["GET"]}}],"collection":[{"href":"https:\/\/taizyagromachine.com\/tr\/wp-json\/wp\/v2\/product"}],"about":[{"href":"https:\/\/taizyagromachine.com\/tr\/wp-json\/wp\/v2\/types\/product"}],"author":[{"embeddable":true,"href":"https:\/\/taizyagromachine.com\/tr\/wp-json\/wp\/v2\/users\/1"}],"wp:featuredmedia":[{"embeddable":true,"href":"https:\/\/taizyagromachine.com\/tr\/wp-json\/wp\/v2\/media\/6062"}],"wp:attachment":[{"href":"https:\/\/taizyagromachine.com\/tr\/wp-json\/wp\/v2\/media?parent=6061"}],"wp:term":[{"taxonomy":"post_tag","embeddable":true,"href":"https:\/\/taizyagromachine.com\/tr\/wp-json\/wp\/v2\/tags?post=6061"},{"taxonomy":"product-type","embeddable":true,"href":"https:\/\/taizyagromachine.com\/tr\/wp-json\/wp\/v2\/product-type?post=6061"}],"curies":[{"name":"wp","href":"https:\/\/api.w.org\/{rel}","templated":true}]}}