{"id":6523,"date":"2024-01-26T16:59:23","date_gmt":"2024-01-26T08:59:23","guid":{"rendered":"https:\/\/taizyagromachine.com\/?post_type=product&#038;p=6523"},"modified":"2025-11-04T13:50:08","modified_gmt":"2025-11-04T05:50:08","slug":"mobile-grain-dryer","status":"publish","type":"product","link":"https:\/\/taizyagromachine.com\/tr\/product\/mobile-grain-dryer\/","title":{"rendered":"Pirin\u00e7 Bu\u011fday M\u0131s\u0131r Kurutma i\u00e7in Mobil Tah\u0131l Kurutucu"},"content":{"rendered":"<p class=\"translation-block\"><strong>Mobil tah\u0131l kurutma makinemiz<\/strong>, pirin\u00e7, bu\u011fday, m\u0131s\u0131r, soya fasulyesi vb. gibi \u00e7e\u015fitli \u00fcr\u00fcnlerin kurutulmas\u0131 i\u00e7in \u00f6zel olarak tasarlanm\u0131\u015ft\u0131r. Ana i\u015flevi, tah\u0131l\u0131n depolama ve saklama \u00f6ncesinde g\u00fcvenli bir nem i\u00e7eri\u011fine ula\u015fmas\u0131n\u0131 sa\u011flamak i\u00e7in yeni hasat edilmi\u015f tah\u0131ldan suyu h\u0131zl\u0131 ve etkili bir \u015fekilde uzakla\u015ft\u0131rmakt\u0131r, b\u00f6ylece k\u00fcflenme, \u00e7imlenme ve b\u00f6cek hasar\u0131 gibi kay\u0131plar\u0131 \u00f6nler.<\/p>    <p>Portatif tah\u0131l kurutma makinemiz, 24 saatte 10 ton ile 240 ton aras\u0131nda de\u011fi\u015fen \u00e7\u0131kt\u0131lara sahip, tek ve \u00e7ift silolarda mevcuttur. Daha fazla bilgi edinmek istiyorsan\u0131z \u015fimdi bizimle ileti\u015fime ge\u00e7ebilirsiniz!<\/p>    <figure class=\"wp-block-embed is-type-video is-provider-youtube wp-block-embed-youtube wp-embed-aspect-16-9 wp-has-aspect-ratio\"><div class=\"wp-block-embed__wrapper\"> <iframe loading=\"lazy\" title=\"Mobil Tah\u0131l Kurutucu \u0130\u015f Ba\u015f\u0131nda: \u00c7iftlikte M\u0131s\u0131r\u0131n Verimli Bir \u015eekilde Kurutulmas\u0131 | M\u0131s\u0131r Kurutma Makinesi #kurutma Makinesi #Tah\u0131l Kurutma Makinesi\" width=\"500\" height=\"281\" src=\"https:\/\/www.youtube.com\/embed\/AJ6ZaE6ASIE?feature=oembed\" frameborder=\"0\" allow=\"accelerometer; autoplay; clipboard-write; encrypted-media; gyroscope; picture-in-picture; web-share\" referrerpolicy=\"strict-origin-when-cross-origin\" allowfullscreen><\/iframe> <\/div><figcaption class=\"wp-element-caption\">mobil tah\u0131l kurutma makinesinin \u00e7al\u0131\u015fma videosu<\/figcaption><\/figure>    <h2 class=\"wp-block-heading\"><strong>Sat\u0131l\u0131k mobil tah\u0131l kurutma makinesinin mevcut t\u00fcrleri<\/strong><\/h2>    <p class=\"translation-block\"><strong>Tek Silolu Tah\u0131l Kurutma Makinesi<\/strong><\/p>    <figure class=\"wp-block-table\"><table class=\"has-fixed-layout\"><tbody><tr><td><strong>Silo <\/strong><strong>Hacim <\/strong><strong><\/strong><\/td><td><strong>Toplam Boyut (L*W*Y) mm<\/strong><\/td><td><strong>A\u011f\u0131rl\u0131k (ton)<\/strong><\/td><td><strong>Vida Konvey\u00f6r G\u00fcc\u00fc<\/strong><\/td><td><strong>Ana Fan G\u00fcc\u00fc<\/strong><\/td><td><strong>K\u0131zd\u0131rmal\u0131 davulla emi\u015fli fan<\/strong><\/td><td><strong>15000*8000*4500mm<\/strong><\/td><\/tr><tr><td>2Ton<\/td><td>4000*1800*3800<\/td><td>2.8<\/td><td>4KW<\/td><td>3kw<\/td><td>0.75KW<\/td><td>M\u00fc\u015fterilerin ekipman kullan\u0131m\u0131 konusunda h\u0131zl\u0131 bir \u015fekilde uzmanla\u015fmas\u0131na ve operasyon s\u0131ras\u0131ndaki sorunlar\u0131 \u00e7\u00f6zmesine yard\u0131mc\u0131 olmak i\u00e7in ayr\u0131nt\u0131l\u0131 operasyon videosu ve ger\u00e7ek zamanl\u0131 \u00e7evrimi\u00e7i teknik destek sa\u011fl\u0131yoruz.Teknik \u00f6zellikler ve kullan\u0131m k\u0131lavuzu\n\nHer komple pirin\u00e7 \u00f6\u011f\u00fctme tesisi setine, m\u00fc\u015fterilerin ekipman bilgilerini ve kullan\u0131m \u00f6zelliklerini istedikleri zaman kontrol edebilmeleri i\u00e7in ayr\u0131nt\u0131l\u0131 teknik parametreler ve kullan\u0131m k\u0131lavuzu e\u015flik eder.M\u00fc\u015fterilere ekipman bak\u0131m\u0131, sorun giderme ve par\u00e7a de\u011fi\u015ftirme hizmetleri sunmak i\u00e7in profesyonel bir sat\u0131\u015f sonras\u0131 servis ekibimiz var. Bu, pirin\u00e7 \u00f6\u011f\u00fctme makinesi tesisinin uzun s\u00fcreli istikrarl\u0131 \u00e7al\u0131\u015fmas\u0131n\u0131 sa\u011flar.<\/td><\/tr><tr><td>4Ton<\/td><td>4200*2200*4600<\/td><td>4.5<\/td><td>7,5 kW<\/td><td>5.5kw<\/td><td>0.75KW<\/td><td>40HQ<\/td><\/tr><tr><td>6Ton<\/td><td>4600*2400*5000<\/td><td>5.3<\/td><td>7,5 kW<\/td><td>7,5 kW<\/td><td>0.75KW<\/td><td>40HQ<\/td><\/tr><tr><td>8Ton<\/td><td>4800*2400*5600<\/td><td>6.5<\/td><td>7,5 kW<\/td><td>7,5 kW<\/td><td>0.75KW<\/td><td>40HQ<\/td><\/tr><tr><td>10Ton<\/td><td>4800*2500*6200<\/td><td>7.4<\/td><td>7,5 kW<\/td><td>11 kW<\/td><td>1.5KW<\/td><td>40HQ<\/td><\/tr><\/tbody><\/table><figcaption class=\"wp-element-caption\">tek silolu k\u00fc\u00e7\u00fck tah\u0131l kurutucular\u0131n\u0131n teknik \u00f6zellikleri<\/figcaption><\/figure>    <p>\u00a0Not: Bu tah\u0131l kurutma makinesi tonlarca, k\u00f6m\u00fcr, dizel, gaz veya elektrik yak\u0131t\u0131 olarak kullan\u0131labilir.<\/p>   <div class=\"wp-block-image\"> <figure class=\"aligncenter size-full\"><img loading=\"lazy\" decoding=\"async\" width=\"720\" height=\"540\" src=\"https:\/\/taizyagromachine.com\/wp-content\/uploads\/2024\/01\/mobile-corn-maize-drying-machine.webp\" alt=\"mobil m\u0131s\u0131r m\u0131s\u0131r kurutma makinesi\" class=\"wp-image-6528\"\/><figcaption class=\"wp-element-caption\">mobil m\u0131s\u0131r m\u0131s\u0131r kurutma makinesi<\/figcaption><\/figure> <\/div>   <p class=\"translation-block\"><strong>Tekli ve \u00c7iftli Hazne Aras\u0131ndaki Farklar<\/strong>:<\/p>    <ul class=\"wp-block-list\"> <li><strong>Tek b\u00f6lme<\/strong>: Her silonun kuruma s\u00fcresi 2,5-3 saattir (\u00e7\u00fcnk\u00fc tah\u0131l besleme ve bo\u015faltma s\u00fcresi vard\u0131r). Her kutu a\u015f\u0131r\u0131 \u0131s\u0131y\u0131 bo\u015fa harcayacakt\u0131r. Kurutma maliyeti biraz daha y\u00fcksektir. K\u00fc\u00e7\u00fck bir alan\u0131 kaplar, boyutu k\u00fc\u00e7\u00fckt\u00fcr, kompakt ve hafiftir.<\/li>    <li><strong>\u00c7ift kutu<\/strong>: Her bidon i\u00e7in kuruma s\u00fcresi 2 saattir. \u0130ki ambar, tah\u0131llar\u0131 herhangi bir aral\u0131k olmaks\u0131z\u0131n d\u00f6n\u00fc\u015f\u00fcml\u00fc olarak y\u00fckleyip b\u0131rak\u0131yor. \u00c7\u0131k\u0131\u015f y\u00fcksektir ve \u0131s\u0131 tamamen kullan\u0131l\u0131r, bu da kurutma maliyetini b\u00fcy\u00fck \u00f6l\u00e7\u00fcde azalt\u0131r.<\/li> <\/ul>    <h2 class=\"wp-block-heading\"><strong>Mobil tah\u0131l kurutma makinesiyle kurutulacak uygulanabilir \u00fcr\u00fcnler<\/strong><\/h2>    <p>Sat\u0131l\u0131k toplu tah\u0131l kurutma makinemiz bu\u011fday, sorgum, m\u0131s\u0131r, pirin\u00e7, tah\u0131l, kolza tohumu ve fasulyeyi kurutmak i\u00e7in uygundur.<\/p>   <div class=\"wp-block-image\"> <figure class=\"aligncenter size-full\"><img loading=\"lazy\" decoding=\"async\" width=\"720\" height=\"540\" src=\"https:\/\/taizyagromachine.com\/wp-content\/uploads\/2024\/01\/crops-that-can-be-dried-by-small-grain-dryer.webp\" alt=\"k\u00fc\u00e7\u00fck taneli kurutucuyla kurutulabilen mahsuller\" class=\"wp-image-6527\"\/><figcaption class=\"wp-element-caption\">k\u00fc\u00e7\u00fck taneli kurutucuyla kurutulabilen mahsuller<\/figcaption><\/figure> <\/div>   <h2 class=\"wp-block-heading\"><strong><strong>\u00c7e\u015fitli \u00fcr\u00fcnler i\u00e7in \u00f6nerilen kurutma s\u0131cakl\u0131\u011f\u0131<\/strong><\/strong><\/h2>    <figure class=\"wp-block-table\"><table class=\"has-fixed-layout\"><tbody><tr><td><strong>Tah\u0131l <\/strong><strong><\/strong><\/td><td><strong>Kurutma S\u0131cakl\u0131\u011f\u0131<\/strong><strong><\/strong><\/td><\/tr><tr><td>M\u0131s\u0131r<\/td><td>100-140\u2103<\/td><\/tr><tr><td>Bu\u011fday<\/td><td>80\u201390\u2103<\/td><\/tr><tr><td>Pirin\u00e7<\/td><td>60-70\u2103<\/td><\/tr><tr><td>Sorgum<\/td><td>100-140\u2103<\/td><\/tr><tr><td>Fasulye<\/td><td>100\u2103<\/td><\/tr><tr><td>Ku\u015f otu<\/td><td>80\u2103<\/td><\/tr><tr><td>Kanola Tohumu<\/td><td>100\u2103<\/td><\/tr><\/tbody><\/table><figcaption class=\"wp-element-caption\">\u00fcr\u00fcn kurutma s\u0131cakl\u0131\u011f\u0131<\/figcaption><\/figure>    <h2 class=\"wp-block-heading\"><strong>Ticari mahsul kurutma makinesi tasar\u0131m\u0131<\/strong><\/h2>    <p>Bu t\u00fcr mobil tah\u0131l kurutucular\u0131 silo, merdiven, besleme portu, f\u0131r\u0131n, siklon, ta\u015f\u0131y\u0131c\u0131, conbinet, tekerlekler, fanlar vb. par\u00e7alardan olu\u015fur.<\/p>   <div class=\"wp-block-image\"> <figure class=\"aligncenter size-full\"><img loading=\"lazy\" decoding=\"async\" width=\"720\" height=\"540\" src=\"https:\/\/taizyagromachine.com\/wp-content\/uploads\/2024\/01\/structure-of-mobile-grain-drying-machine.jpg\" alt=\"mobil tah\u0131l kurutma makinesinin yap\u0131s\u0131\" class=\"wp-image-6526\"\/><figcaption class=\"wp-element-caption\">mobil tah\u0131l kurutma makinesinin yap\u0131s\u0131<\/figcaption><\/figure> <\/div>   <p>Tah\u0131l ambarlar\u0131n\u0131n tamam\u0131 paslanmaz \u00e7eliktir; paslanmaz \u00e7elik silolar\u0131n avantajlar\u0131:<\/p>    <ul class=\"wp-block-list\"> <li>Sis ve su korozyonundan, y\u00fcksek sertlikten ve a\u015f\u0131nma direncinden korkmaz.<\/li>    <li>Paslanmayacak ve geni\u015f alanl\u0131 pas lekelerine neden olmayacak, tah\u0131l\u0131n kalitesini etkilemeyecektir.<\/li>    <li>Bir y\u0131l kulland\u0131ktan sonra, yuva y\u0131l\u0131 i\u00e7in paslanmaz \u00e7elik hala her zamanki gibi yeni!<br><\/li> <\/ul>    <h2 class=\"wp-block-heading\"><strong>Mobil tah\u0131l kurutma makinesi ile kule tah\u0131l kurutma makinesi aras\u0131ndaki farklar<\/strong><\/h2>    <figure class=\"wp-block-table\"><table><tbody><tr><td>T\u00fcrler<\/td><td>Mobil mahsul kurutma makinesi<\/td><td><a href=\"https:\/\/taizyagromachine.com\/tr\/product\/paddy-dryer\/\">Kule tah\u0131l kurutma makinesi<\/a><\/td><\/tr><tr><td>\u00c7al\u0131\u015f\u0131rken g\u00fcr\u00fclt\u00fc<\/td><td>K\u00fc\u00e7\u00fck<\/td><td>B\u00fcy\u00fck<\/td><\/tr><tr><td>Yer i\u015fgal ediyor<\/td><td>D\u00fc\u015f\u00fck<\/td><td>Y\u00fcksek<\/td><\/tr><tr><td>Ta\u015f\u0131maya uygun<\/td><td>Tekerlekleri vard\u0131r, ta\u015f\u0131nmas\u0131 kolayd\u0131r<\/td><td>Kurulumdan sonra ta\u015f\u0131nmas\u0131 zor<\/td><\/tr><tr><td>Bak\u0131m maliyeti<\/td><td>Ta\u015f\u0131mas\u0131 kolay, r\u00fczgar ve ya\u011fmurdan korunakl\u0131, nispeten al\u00e7ak<\/td><td>T\u00fcm y\u0131l boyunca r\u00fczg\u00e2ra ve g\u00fcne\u015fe maruz kal\u0131r ve y\u0131ll\u0131k bak\u0131m maliyeti olduk\u00e7a y\u00fcksektir.<\/td><\/tr><\/tbody><\/table><figcaption class=\"wp-element-caption\">iki tip tah\u0131l kurutma makinesinin farklar listesi<\/figcaption><\/figure>    <figure class=\"wp-block-gallery aligncenter has-nested-images columns-default is-cropped wp-block-gallery-2 is-layout-flex wp-block-gallery-is-layout-flex\"> <figure class=\"wp-block-image size-full\"><img loading=\"lazy\" decoding=\"async\" width=\"720\" height=\"750\" data-id=\"6533\" src=\"https:\/\/taizyagromachine.com\/wp-content\/uploads\/2024\/01\/Taizy-crop-dryer-for-sale.webp\" alt=\"Sat\u0131l\u0131k Taizy mahsul kurutma makinesi\" class=\"wp-image-6533\"\/><figcaption class=\"wp-element-caption\">Sat\u0131l\u0131k Taizy mahsul kurutma makinesi<\/figcaption><\/figure>    <figure class=\"wp-block-image size-large\"><img loading=\"lazy\" decoding=\"async\" width=\"640\" height=\"640\" data-id=\"6424\" src=\"https:\/\/taizyagromachine.com\/wp-content\/uploads\/2022\/02\/paddy-dryer-machine-for-corn.webp\" alt=\"m\u0131s\u0131r i\u00e7in \u00e7eltik kurutma makinesi\" class=\"wp-image-6424\"\/><figcaption class=\"wp-element-caption\">m\u0131s\u0131r i\u00e7in \u00e7eltik kurutma makinesi<\/figcaption><\/figure> <\/figure>    <h2 class=\"wp-block-heading\"><strong>Mobil tah\u0131l kurutma makinesi fiyat\u0131 nas\u0131l?<\/strong><\/h2>    <p>Mobil tah\u0131l kurutma makinesinin fiyat\u0131, makine modeli, \u00fcretim kapasitesi, br\u00fcl\u00f6r tipi ve \u00f6zelle\u015ftirilmi\u015f olup olmad\u0131\u011f\u0131 gibi \u00f6nemli fakt\u00f6rlerden etkilenir.<\/p>    <ul class=\"wp-block-list\"> <li><strong>Modeller ve kapasiteler: <\/strong>M\u0131s\u0131r kurutucular\u0131n\u0131n farkl\u0131 model ve kapasitelerinin fiyat\u0131, imalat malzemelerinin maliyeti, teknik seviye ve i\u015fleme kapasitesine ba\u011fl\u0131 olarak \u00f6nemli \u00f6l\u00e7\u00fcde de\u011fi\u015fiklik g\u00f6stermektedir. Genel olarak konu\u015fursak, b\u00fcy\u00fck ve y\u00fcksek \u00fcretim kapasiteli pirin\u00e7 kurutucular\u0131n\u0131n, y\u00fcksek verimlilikleri ve geni\u015f kapasiteli tasar\u0131mlar\u0131 nedeniyle sat\u0131\u015f fiyatlar\u0131 daha y\u00fcksek olacakt\u0131r.<\/li>    <li><strong>F\u0131r\u0131n yakmak i\u00e7in yak\u0131t<\/strong>: Br\u00fcl\u00f6r tipi se\u00e7imi ayn\u0131 zamanda fiyat\u0131 da etkileyecektir, gaz, motorin, elektrik veya biyok\u00fctle yak\u0131tl\u0131 br\u00fcl\u00f6r kullan\u0131m\u0131 gibi, i\u015fletme maliyetleri, \u00e7evresel performans ve ekipman sat\u0131n alma maliyetlerinde farkl\u0131l\u0131k vard\u0131r.<\/li>    <li><strong>\u00d6zelle\u015ftirme<\/strong>: Mobil tah\u0131l kurutma makinesinin ki\u015fiye \u00f6zel ki\u015fiselle\u015ftirme hizmeti sa\u011flay\u0131p sa\u011flamad\u0131\u011f\u0131 da fiyat\u0131n\u0131n belirlenmesinde \u00f6nemli bir g\u00f6stergedir. Ak\u0131ll\u0131 kontrol sistemi, do\u011fru nem izleme sistemi veya \u00f6zel kullan\u0131m ortamlar\u0131na y\u00f6nelik dayan\u0131kl\u0131 malzemeler gibi ek \u00f6zelle\u015ftirme se\u00e7enekleri fiyat art\u0131\u015f\u0131n\u0131 sa\u011flayacakt\u0131r.<\/li> <\/ul>    <figure class=\"wp-block-gallery aligncenter has-nested-images columns-default is-cropped wp-block-gallery-3 is-layout-flex wp-block-gallery-is-layout-flex\"> <figure class=\"wp-block-image size-large\"><img loading=\"lazy\" decoding=\"async\" width=\"720\" height=\"750\" data-id=\"6529\" src=\"https:\/\/taizyagromachine.com\/wp-content\/uploads\/2024\/01\/mobile-grain-dryer-machine.webp\" alt=\"mobil tah\u0131l kurutma makinesi\" class=\"wp-image-6529\"\/><figcaption class=\"wp-element-caption\">mobil tah\u0131l kurutma makinesi<\/figcaption><\/figure>    <figure class=\"wp-block-image size-large\"><img loading=\"lazy\" decoding=\"async\" width=\"720\" height=\"750\" data-id=\"6530\" src=\"https:\/\/taizyagromachine.com\/wp-content\/uploads\/2024\/01\/small-batch-grain-dryer-for-sale.webp\" alt=\"sat\u0131l\u0131k k\u00fc\u00e7\u00fck toplu tah\u0131l kurutma makinesi\" class=\"wp-image-6530\"\/><figcaption class=\"wp-element-caption\">sat\u0131l\u0131k k\u00fc\u00e7\u00fck toplu tah\u0131l kurutma makinesi<\/figcaption><\/figure> <\/figure>    <p>\u00d6zetlemek gerekirse, mobil tah\u0131l kurutucular\u0131n\u0131 sat\u0131n al\u0131rken, yat\u0131r\u0131m maliyetlerini makul d\u00fczeyde kontrol ederken ger\u00e7ek ihtiya\u00e7lar\u0131 da kar\u015f\u0131lad\u0131\u011f\u0131n\u0131zdan emin olmak i\u00e7in kendi \u00fcretim ihtiya\u00e7lar\u0131n\u0131z\u0131, beklenen verimlili\u011finizi, enerji t\u00fcketim maliyetlerinizi ve ki\u015fiselle\u015ftirilmi\u015f konfig\u00fcrasyonlar\u0131n\u0131z\u0131 g\u00f6z \u00f6n\u00fcnde bulundurmal\u0131s\u0131n\u0131z.<\/p>    <h2 class=\"wp-block-heading\"><strong>Taizy: Tan\u0131nm\u0131\u015f bir tah\u0131l kurutma makinesi \u00fcreticisi<\/strong><\/h2>    <p>Profesyonel teknolojisi, zengin \u00fcr\u00fcn yelpazesi, y\u00fcksek kalite standartlar\u0131, esnek ki\u015fiselle\u015ftirme yetene\u011fi ve kapsaml\u0131 sat\u0131\u015f sonras\u0131 hizmet sistemiyle yurti\u00e7i ve yurtd\u0131\u015f\u0131 tar\u0131m alanlar\u0131nda g\u00fcvenilir bir tah\u0131l kurutma makinesi tedarik\u00e7isi oluyoruz.<\/p>    <ul class=\"wp-block-list\"> <li><strong>Profesyonel teknik g\u00fc\u00e7<\/strong>: Taizy, mobil tah\u0131l kurutucular\u0131n\u0131n performans, verimlilik ve enerji tasarrufu a\u00e7\u0131s\u0131ndan \u00fcretiminin end\u00fcstrinin lider seviyesine ula\u015fmas\u0131n\u0131 sa\u011flamak i\u00e7in g\u00fc\u00e7l\u00fc bir teknik ara\u015ft\u0131rma ve geli\u015ftirme ekibine ve ileri \u00fcretim s\u00fcrecine, s\u00fcrekli inovasyona ve \u00fcr\u00fcn tasar\u0131m\u0131n\u0131n optimizasyonuna sahiptir.<\/li>    <li><strong>Ki\u015fiselle\u015ftirilmi\u015f \u00f6zelle\u015ftirilmi\u015f hizmet<\/strong>: \u00c7e\u015fitli pazarlar\u0131n ihtiya\u00e7lar\u0131n\u0131 kar\u015f\u0131lamak i\u00e7in br\u00fcl\u00f6r tipi se\u00e7imi, \u0131s\u0131 kayna\u011f\u0131 e\u015fle\u015ftirmesi, ak\u0131ll\u0131 kontrol sistemi konfig\u00fcrasyonu vb. dahil olmak \u00fczere m\u00fc\u015fterilerin \u00f6zel ko\u015fullar\u0131na ve ihtiya\u00e7lar\u0131na g\u00f6re \u00f6zelle\u015ftirilmi\u015f tasar\u0131m konusunda iyiyiz.<\/li>    <li><strong>M\u00fckemmel sat\u0131\u015f sonras\u0131 servis<\/strong>: Taizy, m\u0131s\u0131r kurutma makinesinin t\u00fcm kullan\u0131m d\u00f6ng\u00fcs\u00fc boyunca verimli ve istikrarl\u0131 bir \u015fekilde \u00e7al\u0131\u015fmas\u0131n\u0131 sa\u011flamak i\u00e7in m\u00fc\u015fterilere kurulum ve devreye alma, i\u015fletme e\u011fitimi, sat\u0131\u015f sonras\u0131 bak\u0131m ve teknik destek dahil ancak bunlarla s\u0131n\u0131rl\u0131 olmamak \u00fczere sorunsuz bir hizmet deneyimi sunmay\u0131 vaat ediyor.<\/li>    <li><strong>Uluslararas\u0131 tan\u0131nma ve i\u015fbirli\u011fi<\/strong>: Sayg\u0131n bir marka olarak Taizy, yaln\u0131zca i\u00e7 pazarda sa\u011flam bir konum olu\u015fturmakla kalmam\u0131\u015f, ayn\u0131 zamanda uluslararas\u0131 pazarda da b\u00fcy\u00fck be\u011feni toplam\u0131\u015ft\u0131r. Bir\u00e7ok \u00fclke ve b\u00f6lgedeki i\u015fletmelerle, \u00fcr\u00fcnlerinin rekabet g\u00fcc\u00fcn\u00fc ve uluslararas\u0131 vizyonunu kan\u0131tlayan uzun vadeli i\u015fbirli\u011fi kurmu\u015ftur.<\/li> <\/ul>    <figure class=\"wp-block-gallery aligncenter has-nested-images columns-default is-cropped wp-block-gallery-4 is-layout-flex wp-block-gallery-is-layout-flex\"> <figure class=\"wp-block-image size-large\"><img loading=\"lazy\" decoding=\"async\" width=\"720\" height=\"750\" data-id=\"6531\" src=\"https:\/\/taizyagromachine.com\/wp-content\/uploads\/2024\/01\/mobile-grain-dryer-for-rice-wheat-corn.webp\" alt=\"pirin\u00e7 bu\u011fday m\u0131s\u0131r i\u00e7in mobil tah\u0131l kurutma makinesi\" class=\"wp-image-6531\"\/><figcaption class=\"wp-element-caption\">pirin\u00e7 bu\u011fday m\u0131s\u0131r i\u00e7in mobil tah\u0131l kurutma makinesi<\/figcaption><\/figure>    <figure class=\"wp-block-image size-large\"><img loading=\"lazy\" decoding=\"async\" width=\"720\" height=\"750\" data-id=\"6532\" src=\"https:\/\/taizyagromachine.com\/wp-content\/uploads\/2024\/01\/portable-grain-dryer-for-maize.webp\" alt=\"m\u0131s\u0131r i\u00e7in ta\u015f\u0131nabilir tah\u0131l kurutma makinesi\" class=\"wp-image-6532\"\/><figcaption class=\"wp-element-caption\">m\u0131s\u0131r i\u00e7in ta\u015f\u0131nabilir tah\u0131l kurutma makinesi<\/figcaption><\/figure> <\/figure>    <h2 class=\"wp-block-heading\"><strong>Mobil tah\u0131l kurutma makinesi hakk\u0131nda SSS<\/strong><\/h2>   <div id=\"rank-math-faq\" class=\"rank-math-block\"> <div class=\"rank-math-list\"> <div id=\"faq-question-1706252443000\" class=\"rank-math-list-item\"> <h3 class=\"rank-math-question\"><strong>Tah\u0131l kurutucusu hangi malzemedir?<\/strong><\/h3> <div class=\"rank-math-answer\">  <p>Mobil tah\u0131l silosu paslanmaz \u00e7eliktir. Is\u0131tma k\u0131sm\u0131 karbon \u00e7eli\u011fidir.<\/p>  <\/div> <\/div> <div id=\"faq-question-1706252513798\" class=\"rank-math-list-item\"> <h3 class=\"rank-math-question\"><strong>Paslanmaz \u00e7elik ve galvanizli \u00e7eli\u011fin avantajlar\u0131 nas\u0131l?<\/strong><\/h3> <div class=\"rank-math-answer\">  <p class=\"translation-block\"><strong>Paslanmaz \u00c7eli\u011fin Faydalar\u0131<\/strong>: Makine \u00e7al\u0131\u015f\u0131rken su buhar\u0131 \u00e7\u0131kacakt\u0131r. Paslanmaz \u00e7elik korozyona kar\u015f\u0131 dayan\u0131kl\u0131d\u0131r ve pas lekeleri olu\u015fturmaz. Bu y\u0131l kullan\u0131ld\u0131ktan sonra bile, makine kald\u0131r\u0131ld\u0131ktan sonra gelecek y\u0131l i\u00e7in iyi olacakt\u0131r.<br \/><strong>Galvanizli \u00c7eli\u011fin Faydalar\u0131<\/strong>: Ucuzdur ancak paslan\u0131r.<\/p>  <\/div> <\/div> <div id=\"faq-question-1706255494220\" class=\"rank-math-list-item\"> <h3 class=\"rank-math-question\"><strong>Hangi \u00fcr\u00fcnler kuruyabilir? S\u0131cakl\u0131k ka\u00e7 derece? S\u0131cakl\u0131k kontrol\u00fcn\u00fc kontrol edebilir mi?<\/strong><\/h3> <div class=\"rank-math-answer\">  <p class=\"translation-block\">Mobil tah\u0131l kurutma makinemiz m\u0131s\u0131r, bu\u011fday, fasulye, pirin\u00e7, sorgum ve kanolay\u0131 kurutabilir.<br \/>Kurutucumuz s\u0131cak hava kurutma yapar ve tah\u0131l kalitesini bozmaz. Rengi etkilemez. <a href=\"https:\/\/en.wikipedia.org\/wiki\/Grain\" target=\"_blank\" rel=\"noopener\">Tah\u0131llar<\/a> yenebilir.<br \/><strong>M\u0131s\u0131r s\u0131cakl\u0131\u011f\u0131<\/strong>: 100-140 derece<br \/><strong>Bu\u011fday s\u0131cakl\u0131\u011f\u0131<\/strong>: 80-90 derece<br \/><strong>Pirin\u00e7 s\u0131cakl\u0131\u011f\u0131<\/strong>: 60-70 derece<br \/><strong>Sorgum s\u0131cakl\u0131\u011f\u0131<\/strong>: 100-140 derece<br \/><strong>Fasulye s\u0131cakl\u0131\u011f\u0131<\/strong>: 100 derece<br \/><strong>Tah\u0131l s\u0131cakl\u0131\u011f\u0131<\/strong>: 80 derece (1mm elek ile)<br \/><strong>Kanolan\u0131n s\u0131cakl\u0131\u011f\u0131<\/strong>: 100 derece (1mm elek ile)<\/p>  <\/div> <\/div> <div id=\"faq-question-1706256407163\" class=\"rank-math-list-item\"> <h3 class=\"rank-math-question\"><strong>Is\u0131 kayna\u011f\u0131 olarak ne kullan\u0131labilir?<\/strong><\/h3> <div class=\"rank-math-answer\">  <p>K\u00f6m\u00fcr, dizel, metanol, biyok\u00fctle, elektrik.<\/p>  <\/div> <\/div> <div id=\"faq-question-1706256430292\" class=\"rank-math-list-item\"> <h3 class=\"rank-math-question\"><strong>Garanti ne kadard\u0131r?<\/strong><\/h3> <div class=\"rank-math-answer\">  <p>Bir y\u0131ll\u0131k t\u00fcm makine garantisi.<\/p>  <\/div> <\/div> <div id=\"faq-question-1706256454820\" class=\"rank-math-list-item\"> <h3 class=\"rank-math-question\"><strong>Nas\u0131l kullanaca\u011f\u0131m\u0131 bilmiyorsam, kurmak i\u00e7in fabrikama gelebilir misiniz?<\/strong><\/h3> <div class=\"rank-math-answer\">  <p>Nas\u0131l kullan\u0131laca\u011f\u0131n\u0131 bilmiyorsan\u0131z, kap\u0131dan kap\u0131ya kurulum ve hata ay\u0131klama yap\u0131yoruz, ancak seyahat masraflar\u0131n\u0131, temel yiyecek ve konaklama masraflar\u0131n\u0131 kar\u015f\u0131l\u0131yoruz.<\/p>  <\/div> <\/div> <\/div> <\/div>","protected":false},"excerpt":{"rendered":"<p>Our mobile grain dryer is specially designed for various crops drying, such as rice, wheat, maize, soybeans, etc. The main function is to quickly and effectively remove water from newly harvested grain to ensure that the grain reaches a safe moisture content before warehousing and storage to prevent losses such as mould, germination and insect [&hellip;]<\/p>\n","protected":false},"author":1,"featured_media":6524,"parent":0,"template":"","tags":[223],"product-type":[30],"class_list":["post-6523","product","type-product","status-publish","has-post-thumbnail","hentry","tag-grain-drying","product-type-grain-dryer"],"_links":{"self":[{"href":"https:\/\/taizyagromachine.com\/tr\/wp-json\/wp\/v2\/product\/6523","targetHints":{"allow":["GET"]}}],"collection":[{"href":"https:\/\/taizyagromachine.com\/tr\/wp-json\/wp\/v2\/product"}],"about":[{"href":"https:\/\/taizyagromachine.com\/tr\/wp-json\/wp\/v2\/types\/product"}],"author":[{"embeddable":true,"href":"https:\/\/taizyagromachine.com\/tr\/wp-json\/wp\/v2\/users\/1"}],"wp:featuredmedia":[{"embeddable":true,"href":"https:\/\/taizyagromachine.com\/tr\/wp-json\/wp\/v2\/media\/6524"}],"wp:attachment":[{"href":"https:\/\/taizyagromachine.com\/tr\/wp-json\/wp\/v2\/media?parent=6523"}],"wp:term":[{"taxonomy":"post_tag","embeddable":true,"href":"https:\/\/taizyagromachine.com\/tr\/wp-json\/wp\/v2\/tags?post=6523"},{"taxonomy":"product-type","embeddable":true,"href":"https:\/\/taizyagromachine.com\/tr\/wp-json\/wp\/v2\/product-type?post=6523"}],"curies":[{"name":"wp","href":"https:\/\/api.w.org\/{rel}","templated":true}]}}