{"id":6542,"date":"2024-02-02T17:56:48","date_gmt":"2024-02-02T09:56:48","guid":{"rendered":"https:\/\/taizyagromachine.com\/?post_type=product&#038;p=6542"},"modified":"2025-01-08T10:31:10","modified_gmt":"2025-01-08T02:31:10","slug":"silage-spreader-feed-spreader-mixer","status":"publish","type":"product","link":"https:\/\/taizyagromachine.com\/tr\/product\/silage-spreader-feed-spreader-mixer\/","title":{"rendered":"\u0130nek s\u0131\u011f\u0131r koyun yemi kar\u0131\u015ft\u0131rma i\u00e7in silaj serpme makinesi"},"content":{"rendered":"<p class=\"translation-block\">\u00dc\u00e7 tekerlekli bisiklet taraf\u0131ndan tahrik edilen <strong>silaj da\u011f\u0131t\u0131c\u0131m\u0131z<\/strong>, bitmi\u015f kar\u0131\u015f\u0131k yemleri do\u011frudan besleme alan\u0131na atarak beslemeyi bir kerede tamamlamakt\u0131r. Silaj besleyici kar\u0131\u015ft\u0131r\u0131c\u0131 da\u011f\u0131t\u0131c\u0131m\u0131z, kar\u0131\u015ft\u0131rma ve da\u011f\u0131tma i\u015flevleriyle ortak 3 cmb ve 5 cmb kapasiteye sahiptir.<\/p>    <p class=\"translation-block\">Bu silaj yemi da\u011f\u0131t\u0131c\u0131s\u0131, tar\u0131m ve hayvanc\u0131l\u0131k yeti\u015ftirme alanlar\u0131nda, b\u00fcy\u00fck ve orta \u00f6l\u00e7ekli yemliklerde yayg\u0131n olarak kullan\u0131lmaktad\u0131r ve topluluk yemlik besleme operasyonlar\u0131n\u0131 d\u00fczenlemektedir. \u00c7e\u015fitli<strong> otlak, ekin saman\u0131, silaj<\/strong> ve di\u011fer <strong>lifli yemler<\/strong> kar\u0131\u015ft\u0131r\u0131l\u0131p \u00e7alkalanabilir, ard\u0131ndan besleme operasyonlar\u0131 i\u00e7in bu \u00fc\u00e7 tekerlekli bisiklet yemi da\u011f\u0131t\u0131c\u0131s\u0131 kullan\u0131l\u0131r.<\/p>    <p>Dikey ve yatay yem serpme mikser makinalar\u0131m\u0131z olmak \u00fczere iki tipimiz mevcuttur ve her ikisi de dizel ve elektrik motoruyla kullan\u0131labilir. E\u011fer ilgileniyorsan\u0131z, daha fazla makine detay\u0131 i\u00e7in gelip bizimle ileti\u015fime ge\u00e7in!<\/p>    <figure class=\"wp-block-embed is-type-video is-provider-youtube wp-block-embed-youtube wp-embed-aspect-16-9 wp-has-aspect-ratio\"><div class=\"wp-block-embed__wrapper\"> <iframe loading=\"lazy\" title=\"Besleme Verimlili\u011fi Ortaya \u00c7\u0131kt\u0131: \u00c7iftlik Serpme Makinesi Kamyonunun Hayat\u0131ndan Bir G\u00fcn #silage #spreader\" width=\"500\" height=\"281\" src=\"https:\/\/www.youtube.com\/embed\/wXCLrlhUAWk?feature=oembed\" frameborder=\"0\" allow=\"accelerometer; autoplay; clipboard-write; encrypted-media; gyroscope; picture-in-picture; web-share\" referrerpolicy=\"strict-origin-when-cross-origin\" allowfullscreen><\/iframe> <\/div><figcaption class=\"wp-element-caption\">tar\u0131msal serpme mikser makinesi \u00e7al\u0131\u015fma videosu<\/figcaption><\/figure>    <h2 class=\"wp-block-heading\"><strong>Sat\u0131l\u0131k silaj yem serpme mikser makineleri \u00e7e\u015fitleri<\/strong><\/h2>    <p class=\"translation-block\">Makine \u015fekline g\u00f6re tar\u0131m da\u011f\u0131t\u0131c\u0131 makinelerinin modelleri<\/p>    <p>Makinenin \u015fekline g\u00f6re dikey ve yatay olarak ayr\u0131labilir, yaln\u0131zca d\u0131\u015f \u015fekli farkl\u0131d\u0131r ve i\u015flevi ayn\u0131d\u0131r. Silaj serpme makinesinin \u015fekli a\u015fa\u011f\u0131daki gibidir: <\/p>    <figure class=\"wp-block-gallery aligncenter has-nested-images columns-default is-cropped wp-block-gallery-2 is-layout-flex wp-block-gallery-is-layout-flex\"> <figure class=\"wp-block-image size-large\"><img loading=\"lazy\" decoding=\"async\" width=\"720\" height=\"540\" data-id=\"6545\" src=\"https:\/\/taizyagromachine.com\/wp-content\/uploads\/2024\/02\/vertical-feed-spreader-mixer.webp\" alt=\"dikey besleme yay\u0131c\u0131 kar\u0131\u015ft\u0131r\u0131c\u0131\" class=\"wp-image-6545\"\/><figcaption class=\"wp-element-caption\">dikey besleme yay\u0131c\u0131 kar\u0131\u015ft\u0131r\u0131c\u0131<\/figcaption><\/figure>    <figure class=\"wp-block-image size-large\"><img loading=\"lazy\" decoding=\"async\" width=\"720\" height=\"540\" data-id=\"6544\" src=\"https:\/\/taizyagromachine.com\/wp-content\/uploads\/2024\/02\/horizontal-feeding-mixer-spreading-machine.webp\" alt=\"yatay besleme kar\u0131\u015ft\u0131r\u0131c\u0131 yayma makinesi\" class=\"wp-image-6544\"\/><figcaption class=\"wp-element-caption\">yatay besleme kar\u0131\u015ft\u0131r\u0131c\u0131 yayma makinesi<\/figcaption><\/figure> <\/figure>    <p class=\"translation-block\">Makine motoruna g\u00f6re s\u0131\u011f\u0131r ve koyun besleme da\u011f\u0131t\u0131c\u0131lar\u0131n\u0131n modelleri<\/p>    <p>Otomatik silaj serpme makinas\u0131n\u0131n donat\u0131labilece\u011fi g\u00fcce g\u00f6re dizel modelimiz ve elektrik motorlu modelimiz bulunmaktad\u0131r.<\/p>    <div class=\"wp-block-columns is-layout-flex wp-container-core-columns-is-layout-9d6595d7 wp-block-columns-is-layout-flex\"> <div class=\"wp-block-column is-layout-flow wp-block-column-is-layout-flow\"> <figure class=\"wp-block-image size-full\"><img loading=\"lazy\" decoding=\"async\" width=\"720\" height=\"540\" src=\"https:\/\/taizyagromachine.com\/wp-content\/uploads\/2024\/02\/diesel-engined-silage-spreader-mixer-machine.webp\" alt=\"Dizel motorlu silaj serpme mikser makinesi\" class=\"wp-image-6546\"\/><figcaption class=\"wp-element-caption\">Dizel motorlu silaj serpme mikser makinesi<\/figcaption><\/figure> <\/div>    <div class=\"wp-block-column is-vertically-aligned-center is-layout-flow wp-block-column-is-layout-flow\"> <p class=\"has-text-align-center translation-block\">Dizel g\u00fcc\u00fcyle \u00e7al\u0131\u015fan \u00fc\u00e7 tekerlekli bisiklet s\u0131\u011f\u0131r yemi da\u011f\u0131t\u0131c\u0131s\u0131<\/p>    <p>Bu silaj yayma ekipman\u0131 hem kar\u0131\u015ft\u0131rma hem de yayma i\u015flevlerine sahip olabilir ve malzemeleri do\u011frudan \u00e7iftli\u011fe yaymak i\u00e7in \u00fc\u00e7 tekerlekli bisikletin kullan\u0131lmas\u0131 \u00e7ok uygundur.<\/p>    <p>\u00dc\u00e7 tekerlekli yem serpme makinesi 3 metrek\u00fcp ve 5 metrek\u00fcpt\u00fcr. Genellikle dizel modeli se\u00e7erseniz 5 metrek\u00fcp ile donat\u0131yoruz.<\/p> <\/div> <\/div>    <div class=\"wp-block-columns is-layout-flex wp-container-core-columns-is-layout-9d6595d7 wp-block-columns-is-layout-flex\"> <div class=\"wp-block-column is-vertically-aligned-center is-layout-flow wp-block-column-is-layout-flow\"> <p class=\"has-text-align-center translation-block\">\u00c7iftlik \u00f6zel elektrikli \u00fc\u00e7 tekerlekli bisiklet yemi da\u011f\u0131t\u0131c\u0131s\u0131<\/p>    <p>Bu silaj besleyici serpme makinesi yaln\u0131zca yayma i\u015flevine sahip olabilir ve genellikle 3 metrek\u00fcp kapasiteyle se\u00e7ilir.<\/p>    <p>Yaln\u0131zca yayma i\u015flevi nedeniyle genellikle yem karma makinesiyle birlikte kullan\u0131l\u0131r.<\/p> <\/div>    <div class=\"wp-block-column is-layout-flow wp-block-column-is-layout-flow\"> <figure class=\"wp-block-image size-full\"><img loading=\"lazy\" decoding=\"async\" width=\"720\" height=\"540\" src=\"https:\/\/taizyagromachine.com\/wp-content\/uploads\/2024\/02\/electric-silage-spreader-for-sale.webp\" alt=\"sat\u0131l\u0131k elektrikli silaj serpme makinesi\" class=\"wp-image-6547\"\/><figcaption class=\"wp-element-caption\">sat\u0131l\u0131k elektrikli silaj serpme makinesi<\/figcaption><\/figure> <\/div> <\/div>    <figure class=\"wp-block-gallery aligncenter has-nested-images columns-default is-cropped wp-block-gallery-3 is-layout-flex wp-block-gallery-is-layout-flex\"> <figure class=\"wp-block-image size-full\"><img loading=\"lazy\" decoding=\"async\" width=\"720\" height=\"540\" data-id=\"6549\" src=\"https:\/\/taizyagromachine.com\/wp-content\/uploads\/2024\/02\/latest-silage-feed-spreader.webp\" alt=\"son silaj yem serpme makinesi\" class=\"wp-image-6549\"\/><figcaption class=\"wp-element-caption\">son silaj yem serpme makinesi<\/figcaption><\/figure>    <figure class=\"wp-block-image size-full\"><img loading=\"lazy\" decoding=\"async\" width=\"720\" height=\"540\" data-id=\"6548\" src=\"https:\/\/taizyagromachine.com\/wp-content\/uploads\/2024\/02\/feed-mixer-and-silage-feed-spreader.webp\" alt=\"yem kar\u0131\u015ft\u0131r\u0131c\u0131 ve silaj yem yay\u0131c\u0131\" class=\"wp-image-6548\"\/><figcaption class=\"wp-element-caption\">yem kar\u0131\u015ft\u0131r\u0131c\u0131 ve silaj yem yay\u0131c\u0131<\/figcaption><\/figure> <\/figure>    <h2 class=\"wp-block-heading\"><strong>Otomatik silaj serpme kar\u0131\u015ft\u0131r\u0131c\u0131s\u0131n\u0131n teknik parametreleri<\/strong><\/h2>    <p>Tar\u0131msal serpme makineleri i\u00e7in iki g\u00fc\u00e7 sistemi oldu\u011fundan farkl\u0131 \u00f6zellikler mevcuttur. Referans\u0131n\u0131z i\u00e7in listeleyin.<\/p>    <p class=\"translation-block\">Dizel motorlu silaj yemi da\u011f\u0131t\u0131c\u0131 kar\u0131\u015ft\u0131r\u0131c\u0131n\u0131n teknik verileri<\/p>    <figure class=\"wp-block-table\"><table><tbody><tr><td>Modeli<\/td><td>TZ-5<\/td><\/tr><tr><td>Genel boyut<\/td><td>4.7*1.7*2.2 m<\/td><\/tr><tr><td>Yay\u0131lma boyutu<\/td><td>600*470mm<\/td><\/tr><tr><td>Besleme boyutu<\/td><td>2500*1400mm<\/td><\/tr><tr><td>Pil say\u0131s\u0131<\/td><td>1<\/td><\/tr><tr><td>Gerilim<\/td><td>12V<\/td><\/tr><tr><td>Lastik750-16 600-14<\/td><td>3 adet<\/td><\/tr><tr><td>Kutu boyutu<\/td><td>5m\u00b3<\/td><\/tr><tr><td>Rulman <\/td><td>F210\uff084\uff09<\/td><\/tr><tr><td>Ta\u015f\u0131ma y\u00f6ntemi<\/td><td>kaz\u0131y\u0131c\u0131<\/td><\/tr><tr><td>Yay\u0131lma y\u00f6ntemi<\/td><td>\u00e7ift \u200b\u200by\u00f6nl\u00fcl\u00fck<\/td><\/tr><tr><td>Fren<\/td><td>ya\u011f freni<\/td><\/tr><tr><td>Yay\u0131lma y\u00fcksekli\u011fi<\/td><td>60cm<\/td><\/tr><tr><td>Bula\u015fma<\/td><td>zincirler<\/td><\/tr><tr><td>\u0130letim y\u00f6ntemi<\/td><td>hidrolik<\/td><\/tr><tr><td>Koltuk<\/td><td>2 adet<\/td><\/tr><\/tbody><\/table><figcaption class=\"wp-element-caption\">dizel silaj yem kar\u0131\u015f\u0131m\u0131 serpme makinesinin verileri<\/figcaption><\/figure>    <p class=\"translation-block\">Elektrikli yem da\u011f\u0131t\u0131c\u0131s\u0131n\u0131n \u00f6zellikleri<\/p>    <figure class=\"wp-block-table\"><table><tbody><tr><td>Modeli<\/td><td>TZ-3<\/td><\/tr><tr><td>Genel boyut<\/td><td>3.6*1.5*2.0 m<\/td><\/tr><tr><td>Kutu boyutu<\/td><td>2.0*1.2*1.4m<\/td><\/tr><tr><td>Bant geni\u015fli\u011fi<\/td><td>400 mm<\/td><\/tr><tr><td>Pil say\u0131s\u0131<\/td><td>6<\/td><\/tr><tr><td>Giri\u015f voltaj\u0131<\/td><td>72V<\/td><\/tr><tr><td>Pil \u00f6zellikleri<\/td><td>kuru pil Chaowei veya Camel markas\u0131<\/td><\/tr><tr><td>Lastik modeli<\/td><td>Arka tekerlekler 3,50*12 (2) + 5,00*12 (1)<\/td><\/tr><tr><td>Kutu boyutu<\/td><td>3m\u00b3<\/td><\/tr><tr><td>Rulman<\/td><td>F206\uff084\uff09<\/td><\/tr><tr><td>Ta\u015f\u0131ma y\u00f6ntemi<\/td><td>apron<\/td><\/tr><tr><td>Yay\u0131lma y\u00f6ntemi<\/td><td>\u00e7ift \u200b\u200by\u00f6nl\u00fcl\u00fck<\/td><\/tr><tr><td>Fren<\/td><td>ya\u011f freni<\/td><\/tr><tr><td>Yay\u0131lma y\u00fcksekli\u011fi<\/td><td>60cm<\/td><\/tr><tr><td>Bula\u015fma<\/td><td>zincirler<\/td><\/tr><tr><td>Direksiyon<\/td><td>topuzlu<\/td><\/tr><tr><td>Elektrik motoru<\/td><td>1.5\/1.5\/2.2<\/td><\/tr><tr><td>Pil kapasitesi<\/td><td>70A<\/td><\/tr><\/tbody><\/table><figcaption class=\"wp-element-caption\">elektrik motoru silaj serpme makinesi parametreleri<\/figcaption><\/figure>    <h2 class=\"wp-block-heading\"><strong>Besleme mikseri yayma makinesinin avantajlar\u0131<\/strong><\/h2>    <ul class=\"wp-block-list\"> <li>Kullan\u0131m\u0131 basit ve kullan\u0131\u015fl\u0131, kullan\u0131m\u0131 kolay.<\/li>    <li>G\u00fcvenilir \u00fcr\u00fcn kalitesi, dayan\u0131kl\u0131.<\/li>    <li>Serpme i\u015flemi, hayvan bar\u0131na\u011f\u0131 yem malzemesinin yo\u011funlu\u011funa g\u00f6re ayarlanabilir.<\/li>    <li>Y\u00fcksek verimlilik, zaman tasarrufu, \u00e7iftlik alan\u0131ndan tasarruf.<\/li> <\/ul>    <h2 class=\"wp-block-heading\"><strong>Profesyonel silaj besleyici yay\u0131c\u0131 \u00fcreticisi ve tedarik\u00e7isi<\/strong><\/h2>    <ul class=\"wp-block-list\"> <li><strong>Lider teknoloji ve \u00fcr\u00fcn performans\u0131<\/strong>: Taizy silaj serpme kamyonlar\u0131, ekipman\u0131n y\u00fcksek verimlili\u011fini ve stabilitesini sa\u011flamak i\u00e7in ileri tasar\u0131m teknolojisini ve \u00fcretim s\u00fcre\u00e7lerini benimser. Ara\u00e7lar, farkl\u0131 \u00f6l\u00e7ekteki \u00e7iftliklerin ihtiya\u00e7lar\u0131na uyum sa\u011flayabilecek g\u00fc\u00e7l\u00fc g\u00fc\u00e7 sistemleri, hassas yem kontrol sistemleri ve esnek \u00e7al\u0131\u015fma modlar\u0131yla donat\u0131labiliyor.<\/li>    <li><strong>\u00c7e\u015fitlendirilmi\u015f model se\u00e7enekleri<\/strong>: M\u00fc\u015fterilerin farkl\u0131 yem yayma t\u00fcrlerine y\u00f6nelik ihtiya\u00e7lar\u0131n\u0131 kar\u015f\u0131lamak i\u00e7in dikey ve yatay \u00fc\u00e7 tekerlekli bisiklet s\u0131\u011f\u0131r yemi distrib\u00fct\u00f6rleri sunuyoruz.<\/li>    <li><strong>\u00c7ift tarafl\u0131 yayma fonksiyonu<\/strong>: Baz\u0131 yay\u0131c\u0131lar, besleme verimlili\u011fini b\u00fcy\u00fck \u00f6l\u00e7\u00fcde art\u0131ran, yay\u0131lma s\u00fcresini azaltan, hayvanlar\u0131n e\u015fit \u015fekilde beslenmesine yard\u0131mc\u0131 olan ve \u00fcreme verimlili\u011fini art\u0131rmaya yard\u0131mc\u0131 olan \u00e7ift tarafl\u0131 bir yayma i\u015fleviyle donat\u0131lm\u0131\u015ft\u0131r.<\/li>    <li><strong>Sat\u0131\u015f sonras\u0131 servis garantisi<\/strong>: Sorumlu bir \u00fcretici olarak Taizy, kullan\u0131c\u0131lar\u0131n sat\u0131n alma sonras\u0131nda zaman\u0131nda ve etkili hizmet alabilmelerini sa\u011flamak i\u00e7in m\u00fckemmel sat\u0131\u015f sonras\u0131 servis ve teknik destek sa\u011flar, bu da kullan\u0131c\u0131lar\u0131n \u00fcr\u00fcne olan g\u00fcvenini ve memnuniyetini art\u0131r\u0131r.<\/li>    <li><strong>\u00d6zelle\u015ftirilmi\u015f \u00e7\u00f6z\u00fcmler<\/strong>: Farkl\u0131 m\u00fc\u015fterilerin \u00f6zel ihtiya\u00e7lar\u0131 i\u00e7in Taizy, mera ortam\u0131n\u0131n farkl\u0131 arazilerine, farkl\u0131 \u00f6l\u00e7eklerine ve farkl\u0131 beslenme modlar\u0131na uyum sa\u011flayacak \u00f6zelle\u015ftirilmi\u015f serpme tasar\u0131m\u0131 \u00e7\u00f6z\u00fcmleri de sunabilir.<\/li> <\/ul>    <figure class=\"wp-block-gallery aligncenter has-nested-images columns-default is-cropped wp-block-gallery-4 is-layout-flex wp-block-gallery-is-layout-flex\"> <figure class=\"wp-block-image size-large\"><img loading=\"lazy\" decoding=\"async\" width=\"720\" height=\"540\" data-id=\"6556\" src=\"https:\/\/taizyagromachine.com\/wp-content\/uploads\/2024\/02\/Automatic-Cattle-Sheep-Camels-Feeding-Mixer-Spreading-Machine.webp\" alt=\"Otomatik S\u0131\u011f\u0131r Koyun Deve Besleme Mikseri Serpme Makinas\u0131\" class=\"wp-image-6556\"\/><figcaption class=\"wp-element-caption\">Otomatik S\u0131\u011f\u0131r Koyun Deve Besleme Mikseri Serpme Makinas\u0131<\/figcaption><\/figure>    <figure class=\"wp-block-image size-large\"><img loading=\"lazy\" decoding=\"async\" width=\"720\" height=\"540\" data-id=\"6557\" src=\"https:\/\/taizyagromachine.com\/wp-content\/uploads\/2024\/02\/farm-special-electric-tricycle-feed-spreader.webp\" alt=\"\u00c7iftlik \u00f6zel elektrikli \u00fc\u00e7 tekerlekli bisiklet yem serpme makinesi\" class=\"wp-image-6557\"\/><figcaption class=\"wp-element-caption\">\u00c7iftlik \u00f6zel elektrikli \u00fc\u00e7 tekerlekli bisiklet yem serpme makinesi<\/figcaption><\/figure> <\/figure>    <h2 class=\"wp-block-heading\"><strong>Yem serpme mikseri fiyat\u0131 i\u00e7in bizimle ileti\u015fime ge\u00e7in\uff01<\/strong><\/h2>    <p class=\"translation-block\">\u00c7iftli\u011finizde b\u00fcy\u00fckba\u015f ve k\u00fc\u00e7\u00fckba\u015f hayvan yemi da\u011f\u0131t\u0131m\u0131nda zamandan ve emekten tasarruf etmek ister misiniz? \u00d6yleyse bizimle ileti\u015fime ge\u00e7in, ayr\u0131ca se\u00e7iminize sunabilece\u011fimiz <a href=\"https:\/\/taizyagromachine.com\/tr\/product\/silage-baler\/\">silaj balyalama makinesi<\/a>, yem k\u0131yma makinesi, <a href=\"https:\/\/taizyagromachine.com\/tr\/product\/straw-crushing-and-recycling-machine\/\">silaj toplama makinesi<\/a> vb. \u00fcr\u00fcnlerimiz de bulunmaktad\u0131r. Sizin i\u00e7in en uygun \u00e7\u00f6z\u00fcm\u00fc tavsiye edece\u011fiz.<\/p>    <figure class=\"wp-block-embed is-type-video is-provider-youtube wp-block-embed-youtube wp-embed-aspect-16-9 wp-has-aspect-ratio\"><div class=\"wp-block-embed__wrapper\"> <iframe loading=\"lazy\" title=\"Silaj yem kar\u0131\u015ft\u0131r\u0131c\u0131 serpme makinesi | S\u0131\u011f\u0131r \u00e7iftliklerinde \u00fc\u00e7 tekerlekli yem yemi kar\u0131\u015ft\u0131rma ve yayma makinesi\" width=\"500\" height=\"281\" src=\"https:\/\/www.youtube.com\/embed\/fw7LzAcXnpc?feature=oembed\" frameborder=\"0\" allow=\"accelerometer; autoplay; clipboard-write; encrypted-media; gyroscope; picture-in-picture; web-share\" referrerpolicy=\"strict-origin-when-cross-origin\" allowfullscreen><\/iframe> <\/div><figcaption class=\"wp-element-caption\">silaj yem kar\u0131\u015ft\u0131rma yayma arabas\u0131<\/figcaption><\/figure>","protected":false},"excerpt":{"rendered":"<p>Our silage spreader is to throw the finished mixed feeds directly into the feeding area to complete the feeding at once, driven by the tricycle. Our silage feeder mixer spreader has a common capacity of 3 cmb and 5 cmb, with mixing and spreading functions. This silage feed spreader is widely used in agricultural and [&hellip;]<\/p>\n","protected":false},"author":1,"featured_media":6543,"parent":0,"template":"","tags":[],"product-type":[19],"class_list":["post-6542","product","type-product","status-publish","has-post-thumbnail","hentry","product-type-silage-machine"],"_links":{"self":[{"href":"https:\/\/taizyagromachine.com\/tr\/wp-json\/wp\/v2\/product\/6542","targetHints":{"allow":["GET"]}}],"collection":[{"href":"https:\/\/taizyagromachine.com\/tr\/wp-json\/wp\/v2\/product"}],"about":[{"href":"https:\/\/taizyagromachine.com\/tr\/wp-json\/wp\/v2\/types\/product"}],"author":[{"embeddable":true,"href":"https:\/\/taizyagromachine.com\/tr\/wp-json\/wp\/v2\/users\/1"}],"wp:featuredmedia":[{"embeddable":true,"href":"https:\/\/taizyagromachine.com\/tr\/wp-json\/wp\/v2\/media\/6543"}],"wp:attachment":[{"href":"https:\/\/taizyagromachine.com\/tr\/wp-json\/wp\/v2\/media?parent=6542"}],"wp:term":[{"taxonomy":"post_tag","embeddable":true,"href":"https:\/\/taizyagromachine.com\/tr\/wp-json\/wp\/v2\/tags?post=6542"},{"taxonomy":"product-type","embeddable":true,"href":"https:\/\/taizyagromachine.com\/tr\/wp-json\/wp\/v2\/product-type?post=6542"}],"curies":[{"name":"wp","href":"https:\/\/api.w.org\/{rel}","templated":true}]}}