{"id":6571,"date":"2024-02-22T17:50:35","date_gmt":"2024-02-22T09:50:35","guid":{"rendered":"https:\/\/taizyagromachine.com\/?post_type=product&#038;p=6571"},"modified":"2024-02-22T17:52:05","modified_gmt":"2024-02-22T09:52:05","slug":"tmr-feed-mixer-silage-mixer","status":"publish","type":"product","link":"https:\/\/taizyagromachine.com\/tr\/product\/tmr-feed-mixer-silage-mixer\/","title":{"rendered":"Hayvan yemi harmanlama i\u00e7in TMR yem mikseri | Silaj kar\u0131\u015ft\u0131r\u0131c\u0131"},"content":{"rendered":"<p class=\"translation-block\">TMR <strong>yem mikseri<\/strong>, TMR mikseri olarak da adland\u0131r\u0131l\u0131r, k\u0131rma, kar\u0131\u015ft\u0131rma ve harmanlama i\u015flevlerini entegre eden bir t\u00fcr yem i\u015fleme ekipman\u0131d\u0131r. \u015eu anda en \u00e7ok s\u0131\u011f\u0131r \u00e7iftliklerinde, koyun \u00e7iftliklerinde ve di\u011fer hayvan \u00e7iftliklerinde kullan\u0131lmaktad\u0131r. <\/p>    <p>Kar\u0131\u015ft\u0131rma kabinlerinin farkl\u0131 hacimlerine g\u00f6re, her yem kar\u0131\u015ft\u0131r\u0131c\u0131s\u0131 g\u00fcnde 200-2000 ine\u011fi besleyebilir, bu da 20'den fazla i\u015f\u00e7inin i\u015finin yerini alabilir, i\u015f\u00e7ilerin emek yo\u011funlu\u011funu azaltabilir, insan g\u00fcc\u00fcnden ve finansal kaynaklardan b\u00fcy\u00fck \u00f6l\u00e7\u00fcde tasarruf sa\u011flayabilir ve besleme verimlili\u011fini art\u0131rabilir. .<\/p>    <p>Tasar\u0131m yap\u0131s\u0131na ba\u011fl\u0131 olarak, bu hayvanc\u0131l\u0131k yem mikserini yatay yem mikseri ve dikey yem mikseri olarak s\u0131n\u0131fland\u0131r\u0131yoruz. Kullan\u0131m y\u00f6ntemlerine g\u00f6re sabit silaj kar\u0131\u015ft\u0131r\u0131c\u0131s\u0131 ve mobil TMR kar\u0131\u015ft\u0131r\u0131c\u0131s\u0131 bulunmaktad\u0131r. \u0130lgili? Daha fazla makine detay\u0131 i\u00e7in bizimle ileti\u015fime ge\u00e7mekten memnuniyet duyar\u0131z!<\/p>    <h2 class=\"wp-block-heading\"><strong>Sat\u0131l\u0131k hayvan yemi kar\u0131\u015ft\u0131r\u0131c\u0131 \u00e7e\u015fitleri<\/strong><\/h2>    <p class=\"translation-block\"><strong>Sat\u0131l\u0131k Dikey Yem Mikseri<\/strong><\/p>    <p>Bu tip makine esas olarak toz, gran\u00fcl malzeme kar\u0131\u015ft\u0131rma ve kar\u0131\u015ft\u0131rma i\u00e7in kullan\u0131l\u0131r, dikey \u015faft yap\u0131s\u0131 kullan\u0131l\u0131r, spiral b\u0131\u00e7ak malzemeyi zorla kar\u0131\u015ft\u0131rma i\u00e7in kald\u0131r\u0131r, k\u00fc\u00e7\u00fck bir alan kaplar, beslenmesi kolayd\u0131r ve k\u00fc\u00e7\u00fck ve orta \u00f6l\u00e7ekli \u00fcretim i\u00e7in uygundur.<\/p>    <figure class=\"wp-block-gallery aligncenter has-nested-images columns-default is-cropped wp-block-gallery-2 is-layout-flex wp-block-gallery-is-layout-flex\"> <figure class=\"wp-block-image size-large\"><img loading=\"lazy\" decoding=\"async\" width=\"720\" height=\"540\" data-id=\"6572\" src=\"https:\/\/taizyagromachine.com\/wp-content\/uploads\/2024\/02\/feed-mixing-equipment.webp\" alt=\"yem kar\u0131\u015ft\u0131rma ekipmanlar\u0131\" class=\"wp-image-6572\"\/><figcaption class=\"wp-element-caption\">yem kar\u0131\u015ft\u0131rma ekipmanlar\u0131<\/figcaption><\/figure>    <figure class=\"wp-block-image size-large\"><img loading=\"lazy\" decoding=\"async\" width=\"720\" height=\"540\" data-id=\"6573\" src=\"https:\/\/taizyagromachine.com\/wp-content\/uploads\/2024\/02\/internal-structure-of-vertical-TMR-mixer.webp\" alt=\"dikey TMR kar\u0131\u015ft\u0131r\u0131c\u0131n\u0131n i\u00e7 yap\u0131s\u0131\" class=\"wp-image-6573\"\/><figcaption class=\"wp-element-caption\">dikey TMR kar\u0131\u015ft\u0131r\u0131c\u0131n\u0131n i\u00e7 yap\u0131s\u0131<\/figcaption><\/figure> <\/figure>    <p class=\"translation-block\"><strong>S\u0131\u011f\u0131rlar \u0130\u00e7in Yatay Yem Mikseri<\/strong><\/p>    <p>\u00c7e\u015fitli yem, kimyasal hammaddeler vb.nin d\u00fczg\u00fcn bir \u015fekilde kar\u0131\u015ft\u0131r\u0131lmas\u0131 i\u00e7in uygundur. Malzemelerin tamamen kar\u0131\u015ft\u0131r\u0131lmas\u0131n\u0131 ve daha az kal\u0131nt\u0131 kalmas\u0131n\u0131 sa\u011flayan yatay silindirdeki \u00e7ift katmanl\u0131 spiral kay\u0131\u015flar veya k\u00fcreklerin tasar\u0131m\u0131 ile karakterize edilir ve b\u00fcy\u00fck miktarlarda s\u00fcrekli \u00e7al\u0131\u015fmaya uygundur.<\/p>    <figure class=\"wp-block-gallery aligncenter has-nested-images columns-default is-cropped wp-block-gallery-3 is-layout-flex wp-block-gallery-is-layout-flex\"> <figure class=\"wp-block-image size-large\"><img loading=\"lazy\" decoding=\"async\" width=\"720\" height=\"540\" data-id=\"6579\" src=\"https:\/\/taizyagromachine.com\/wp-content\/uploads\/2024\/02\/animal-feed-mixer-for-sale.webp\" alt=\"sat\u0131l\u0131k hayvan yemi kar\u0131\u015ft\u0131r\u0131c\u0131\" class=\"wp-image-6579\"\/><figcaption class=\"wp-element-caption\">sat\u0131l\u0131k hayvan yemi kar\u0131\u015ft\u0131r\u0131c\u0131<\/figcaption><\/figure>    <figure class=\"wp-block-image size-large\"><img loading=\"lazy\" decoding=\"async\" width=\"720\" height=\"540\" data-id=\"6580\" src=\"https:\/\/taizyagromachine.com\/wp-content\/uploads\/2024\/02\/horizontal-TMR-mixer-for-cattle-feed.webp\" alt=\"S\u0131\u011f\u0131r yemi i\u00e7in yatay TMR kar\u0131\u015ft\u0131r\u0131c\u0131\" class=\"wp-image-6580\"\/><figcaption class=\"wp-element-caption\">S\u0131\u011f\u0131r yemi i\u00e7in yatay TMR kar\u0131\u015ft\u0131r\u0131c\u0131<\/figcaption><\/figure> <\/figure>    <p class=\"translation-block\"><strong>Yaymal\u0131 \u00d6zelle\u015ftirilmi\u015f Yem Mikseri<\/strong><\/p>    <p class=\"translation-block\">Benzer \u015fekilde <a href=\"https:\/\/taizyagromachine.com\/tr\/product\/silage-spreader-feed-spreader-mixer\/\">yayl\u0131 kar\u0131\u015ft\u0131r\u0131c\u0131<\/a>, bu tasar\u0131m ve \u00fcretim m\u00fc\u015fterinin \u00f6zel gereksinimlerine g\u00f6re yap\u0131lm\u0131\u015f olup, besleme, kar\u0131\u015ft\u0131rma ve yayma i\u015flevlerini entegre ederek, do\u011fru orant\u0131 ve verimli kar\u0131\u015ft\u0131rmay\u0131 ger\u00e7ekle\u015ftirebilir, \u00f6zel \u00fcretim hatlar\u0131nda yayg\u0131n olarak kullan\u0131l\u0131r. <\/p>    <figure class=\"wp-block-gallery aligncenter has-nested-images columns-default is-cropped wp-block-gallery-4 is-layout-flex wp-block-gallery-is-layout-flex\"> <figure class=\"wp-block-image size-large\"><img loading=\"lazy\" decoding=\"async\" width=\"720\" height=\"540\" data-id=\"6583\" src=\"https:\/\/taizyagromachine.com\/wp-content\/uploads\/2024\/02\/customized-silage-feeder-mixer.webp\" alt=\"\u00f6zelle\u015ftirilmi\u015f silaj besleyici kar\u0131\u015ft\u0131r\u0131c\u0131\" class=\"wp-image-6583\"\/><figcaption class=\"wp-element-caption\">\u00f6zelle\u015ftirilmi\u015f silaj besleyici kar\u0131\u015ft\u0131r\u0131c\u0131<\/figcaption><\/figure>    <figure class=\"wp-block-image size-large\"><img loading=\"lazy\" decoding=\"async\" width=\"720\" height=\"540\" data-id=\"6584\" src=\"https:\/\/taizyagromachine.com\/wp-content\/uploads\/2024\/02\/machine-with-mixing-and-feeding-function.webp\" alt=\"kar\u0131\u015ft\u0131rma ve besleme fonksiyonlu makine\" class=\"wp-image-6584\"\/><figcaption class=\"wp-element-caption\">kar\u0131\u015ft\u0131rma ve besleme fonksiyonlu makine<\/figcaption><\/figure> <\/figure>    <h2 class=\"wp-block-heading\"><strong>S\u0131\u011f\u0131r i\u00e7in silaj kar\u0131\u015ft\u0131r\u0131c\u0131 makinesinin teknik parametreleri<\/strong><\/h2>    <figure class=\"wp-block-table\"><table><tbody><tr><td>Modeli<\/td><td>TMR-5<\/td><td>TMR-9<\/td><td>TMR-12<\/td><\/tr><tr><td>Kapasite (m\u00b3)<\/td><td>5<\/td><td>9<\/td><td>12<\/td><\/tr><tr><td>Burgu h\u0131z\u0131 (R\/dak)<\/td><td>23.5<\/td><td>23.5<\/td><td>23.5<\/td><\/tr><tr><td>A\u011f\u0131rl\u0131k (kg)<\/td><td>1600<\/td><td>3300<\/td><td>4500<\/td><\/tr><tr><td>Boyut (mm)<\/td><td>3930*1850*2260<\/td><td>4820*2130*2480<\/td><td>5600*2400*2500<\/td><\/tr><tr><td>Yap\u0131sal \u015fekil<\/td><td>Sabit<\/td><td>Sabit<\/td><td>Mobil<\/td><\/tr><tr><td>E\u015fle\u015fen g\u00fc\u00e7 (kW)<\/td><td>11-15<\/td><td>22-30<\/td><td>50-75<\/td><\/tr><tr><td>B\u0131\u00e7ak miktar\u0131 (adet)<\/td><td>Sabit b\u0131\u00e7aklar: 7<br>Mobil kanatlar: 34 <\/td><td>Sabit b\u0131\u00e7aklar: 9<br>Mobil kanatlar: 56<\/td><td>tamamen 192<\/td><\/tr><\/tbody><\/table><figcaption class=\"wp-element-caption\">s\u0131\u011f\u0131rlar i\u00e7in silaj kar\u0131\u015ft\u0131r\u0131c\u0131 \u00f6zellikleri<\/figcaption><\/figure>    <h2 class=\"wp-block-heading\"><strong>Mikser vagonunun \u00e7al\u0131\u015fma prensibi<\/strong><\/h2>    <p>TMR tam kar\u0131\u015f\u0131ml\u0131 rasyon silaj kar\u0131\u015ft\u0131r\u0131c\u0131s\u0131 esas olarak bir veya iki helezondan olu\u015fur. Spiral helezonlar sol ve sa\u011f tarafa ayr\u0131lm\u0131\u015ft\u0131r. Kar\u0131\u015ft\u0131rma esnas\u0131nda malzemeler mikser vagonunun her iki ucundan mikserin ortas\u0131na kadar d\u00f6nd\u00fcr\u00fclerek ayn\u0131 anda kar\u0131\u015ft\u0131r\u0131l\u0131r.<\/p>    <figure class=\"wp-block-gallery aligncenter has-nested-images columns-default is-cropped wp-block-gallery-5 is-layout-flex wp-block-gallery-is-layout-flex\"> <figure class=\"wp-block-image size-large\"><img loading=\"lazy\" decoding=\"async\" width=\"720\" height=\"540\" data-id=\"6581\" src=\"https:\/\/taizyagromachine.com\/wp-content\/uploads\/2024\/02\/internal-of-TMR-mixer-machine.webp\" alt=\"TMR mikser makinesinin i\u00e7i\" class=\"wp-image-6581\"\/><figcaption class=\"wp-element-caption\">TMR mikser makinesinin i\u00e7i<\/figcaption><\/figure>    <figure class=\"wp-block-image size-large\"><img loading=\"lazy\" decoding=\"async\" width=\"720\" height=\"540\" data-id=\"6582\" src=\"https:\/\/taizyagromachine.com\/wp-content\/uploads\/2024\/02\/working-core-of-cattle-feed-mixing-plant.webp\" alt=\"s\u0131\u011f\u0131r yemi kar\u0131\u015ft\u0131rma tesisinin \u00e7al\u0131\u015fma \u00e7ekirde\u011fi\" class=\"wp-image-6582\"\/><figcaption class=\"wp-element-caption\">s\u0131\u011f\u0131r yemi kar\u0131\u015ft\u0131rma tesisinin \u00e7al\u0131\u015fma \u00e7ekirde\u011fi<\/figcaption><\/figure> <\/figure>    <p>Burgu spiral g\u00f6vdesindeki her bir spiral u\u00e7, besleyici kar\u0131\u015ft\u0131r\u0131c\u0131n\u0131n merkez hatt\u0131ndaki sabit di\u015flerle kesme i\u015flemini ger\u00e7ekle\u015ftiren hareketli bir b\u0131\u00e7akla donat\u0131lm\u0131\u015ft\u0131r. \u0130\u00e7inden ge\u00e7en \u00e7e\u015fitli lifli yemleri ve samanlar\u0131 keserek kar\u0131\u015ft\u0131r\u0131r, b\u00f6ylece tam kar\u0131\u015f\u0131ml\u0131 rasyon beslemesinin etkisiyle e\u015fit bir \u015fekilde k\u0131rma ve kar\u0131\u015ft\u0131rma elde eder.<\/p>    <h2 class=\"wp-block-heading\"><strong>Sat\u0131l\u0131k TMR mikserin avantajlar\u0131<\/strong><\/h2>    <ul class=\"wp-block-list\"> <li>Geli\u015fmi\u015f ve makul tasar\u0131m ve besleyici silo taban\u0131, her ortamda \u00e7al\u0131\u015fmaya uygun, g\u00fcvenli ve g\u00fcvenilir \u00e7al\u0131\u015fma i\u00e7in y\u00fcksek kaliteli ala\u015f\u0131ml\u0131 \u00e7elikten yap\u0131lm\u0131\u015ft\u0131r.<\/li>    <li>Kesme b\u0131\u00e7a\u011f\u0131, m\u00fckemmel i\u015f\u00e7ili\u011fe sahip y\u00fcksek a\u015f\u0131nmaya dayan\u0131kl\u0131 malzemeden ve \u00fcr\u00fcn\u00fcn servis \u00f6mr\u00fcn\u00fc ve \u00e7al\u0131\u015fma verimlili\u011fini b\u00fcy\u00fck \u00f6l\u00e7\u00fcde art\u0131ran y\u00fcksek kaliteli y\u00fcksek ala\u015f\u0131ml\u0131 \u00e7elikten yap\u0131lm\u0131\u015ft\u0131r.<\/li>    <li>Esnek ve kullan\u0131\u015fl\u0131, g\u00fcvenli ve g\u00fcvenilir.<\/li>    <li>Silaj ve \u00e7e\u015fitli saman balyalar\u0131n\u0131, samanlar\u0131 ve di\u011fer lifli yemleri do\u011franacak ve kar\u0131\u015ft\u0131r\u0131lacak kar\u0131\u015ft\u0131rma kabinine do\u011frudan koyabilir ve kar\u0131\u015ft\u0131rma h\u0131z\u0131 h\u0131zl\u0131d\u0131r.<\/li>    <li><\/li> <\/ul>    <figure class=\"wp-block-gallery aligncenter has-nested-images columns-default is-cropped wp-block-gallery-6 is-layout-flex wp-block-gallery-is-layout-flex\"> <figure class=\"wp-block-image size-large\"><img loading=\"lazy\" decoding=\"async\" width=\"540\" height=\"720\" data-id=\"6578\" src=\"https:\/\/taizyagromachine.com\/wp-content\/uploads\/2024\/02\/strengths-of-feed-mixing-machine.webp\" alt=\"yem kar\u0131\u015ft\u0131rma makinesinin g\u00fc\u00e7l\u00fc y\u00f6nleri\" class=\"wp-image-6578\"\/><figcaption class=\"wp-element-caption\">yem kar\u0131\u015ft\u0131rma makinesinin g\u00fc\u00e7l\u00fc y\u00f6nleri<\/figcaption><\/figure>    <figure class=\"wp-block-image size-large\"><img loading=\"lazy\" decoding=\"async\" width=\"540\" height=\"720\" data-id=\"6577\" src=\"https:\/\/taizyagromachine.com\/wp-content\/uploads\/2024\/02\/internal-display-of-small-tmr-mixer.webp\" alt=\"k\u00fc\u00e7\u00fck tmr mikserin dahili ekran\u0131\" class=\"wp-image-6577\"\/><figcaption class=\"wp-element-caption\">k\u00fc\u00e7\u00fck tmr mikserin dahili ekran\u0131<\/figcaption><\/figure>    <figure class=\"wp-block-image size-large\"><img loading=\"lazy\" decoding=\"async\" width=\"540\" height=\"720\" data-id=\"6576\" src=\"https:\/\/taizyagromachine.com\/wp-content\/uploads\/2024\/02\/finer-silage-produced-by-cattle-feed-mixers.webp\" alt=\"s\u0131\u011f\u0131r yemi kar\u0131\u015ft\u0131r\u0131c\u0131lar\u0131 taraf\u0131ndan \u00fcretilen daha ince silaj\" class=\"wp-image-6576\"\/><figcaption class=\"wp-element-caption\">s\u0131\u011f\u0131r yemi kar\u0131\u015ft\u0131r\u0131c\u0131lar\u0131 taraf\u0131ndan \u00fcretilen daha ince silaj<\/figcaption><\/figure> <\/figure>    <h2 class=\"wp-block-heading\"><strong>S\u00fct s\u0131\u011f\u0131r\u0131 yem yapma makinesinin uygulanabilir hayvanlar\u0131<\/strong><\/h2>    <p>Yem kar\u0131\u015ft\u0131r\u0131c\u0131m\u0131z \u00f6zellikle hayvanc\u0131l\u0131k veya hayvanc\u0131l\u0131k i\u00e7in s\u0131\u011f\u0131r, inek, koyun, domuz, tav\u015fan vb. beslemeye uygundur. <\/p>   <div class=\"wp-block-image\"> <figure class=\"aligncenter size-full\"><img loading=\"lazy\" decoding=\"async\" width=\"540\" height=\"720\" src=\"https:\/\/taizyagromachine.com\/wp-content\/uploads\/2024\/02\/applications-of-silage-mixing-machine.webp\" alt=\"silaj kar\u0131\u015ft\u0131rma makinesi uygulamalar\u0131\" class=\"wp-image-6575\"\/><figcaption class=\"wp-element-caption\">silaj kar\u0131\u015ft\u0131rma makinesi uygulamalar\u0131<\/figcaption><\/figure> <\/div>   <h2 class=\"wp-block-heading\"><strong>Silaj\u0131 kar\u0131\u015ft\u0131rmak i\u00e7in neden TMR hayvan yemi kar\u0131\u015ft\u0131r\u0131c\u0131s\u0131n\u0131 kullanmal\u0131s\u0131n\u0131z?<\/strong><\/h2>    <ul class=\"wp-block-list\"> <li>\u0130neklerin beslenme ihtiya\u00e7lar\u0131n\u0131 kar\u015f\u0131layacak ve s\u00fct \u00fcretimini art\u0131racak yeterli besin maddesini sa\u011flayabilme;<\/li>    <li>\u0130neklerin kuru madde al\u0131m\u0131n\u0131 art\u0131r\u0131n, belirli bir t\u00fcr yem i\u00e7in ineklerin se\u00e7ici olarak toplanmas\u0131n\u0131 hari\u00e7 tutun; bu, yem form\u00fclasyonunun maliyetini en aza indirmeye yard\u0131mc\u0131 olur;<\/li>    <li>\u0130z elementlerin, vitamin eksikli\u011finin veya zehirlenmenin ara s\u0131ra ortaya \u00e7\u0131kmas\u0131n\u0131 b\u00fcy\u00fck \u00f6l\u00e7\u00fcde azalt\u0131r;<\/li>    <li>\u0130nek hastal\u0131klar\u0131n\u0131n g\u00f6r\u00fclme s\u0131kl\u0131\u011f\u0131n\u0131 azalt\u0131n ve s\u00fct ineklerinin \u00fcreme oran\u0131n\u0131 art\u0131r\u0131n;<\/li>    <li>\u0130\u015fg\u00fcc\u00fc zaman\u0131ndan b\u00fcy\u00fck \u00f6l\u00e7\u00fcde tasarruf sa\u011flar ve ekonomik verimlili\u011fi art\u0131r\u0131r.<\/li> <\/ul>    <h2 class=\"wp-block-heading\"><strong>Silaj yem mikseri fiyat\u0131 nas\u0131l?<\/strong><\/h2>    <p>Fiyat, model \u00f6zellikleri, i\u015fleme kapasitesi, otomasyon derecesi ve ki\u015fiselle\u015ftirme gereksinimleri gibi fakt\u00f6rlere g\u00f6re de\u011fi\u015fecektir. Makul bir fiyata tatmin edici bir silaj kar\u0131\u015ft\u0131rma ekipman\u0131na yat\u0131r\u0131m yapman\u0131z\u0131 sa\u011flamak amac\u0131yla ayr\u0131nt\u0131l\u0131 bir \u00fcr\u00fcn teklifi ve destekleyici servis program\u0131 i\u00e7in sat\u0131\u015f ekibimizle ileti\u015fime ge\u00e7ebilirsiniz.<\/p>    <h2 class=\"wp-block-heading\"><strong>Daha fazla makine detay\u0131 i\u00e7in bizimle ileti\u015fime ge\u00e7in!<\/strong><\/h2>    <p class=\"translation-block\"><a href=\"https:\/\/en.wikipedia.org\/wiki\/Animal_feed\" target=\"_blank\" rel=\"noopener\">yem<\/a>inizi hayvanlar i\u00e7in daha dost canl\u0131s\u0131 hale getirmek ister misiniz? Bize ula\u015f\u0131n, yemleme mikserimiz bu hedefe daha iyi ula\u015fman\u0131za yard\u0131mc\u0131 olabilir, bize ula\u015f\u0131n, ihtiya\u00e7lar\u0131n\u0131za g\u00f6re size en iyi teklifi sunaca\u011f\u0131z.<\/p>","protected":false},"excerpt":{"rendered":"<p>TMR feed mixer, also called TMR mixer, is a kind of feed processing equipment integrating crushing, mixing and blending. At present, it is mostly used in cattle farms, sheep farms and other animal farms. According to the different volumes of mixing cabins, each feed mixer can feed 200-2000 cows per day, which can replace the [&hellip;]<\/p>\n","protected":false},"author":1,"featured_media":6574,"parent":0,"template":"","tags":[],"product-type":[19],"class_list":["post-6571","product","type-product","status-publish","has-post-thumbnail","hentry","product-type-silage-machine"],"_links":{"self":[{"href":"https:\/\/taizyagromachine.com\/tr\/wp-json\/wp\/v2\/product\/6571","targetHints":{"allow":["GET"]}}],"collection":[{"href":"https:\/\/taizyagromachine.com\/tr\/wp-json\/wp\/v2\/product"}],"about":[{"href":"https:\/\/taizyagromachine.com\/tr\/wp-json\/wp\/v2\/types\/product"}],"author":[{"embeddable":true,"href":"https:\/\/taizyagromachine.com\/tr\/wp-json\/wp\/v2\/users\/1"}],"wp:featuredmedia":[{"embeddable":true,"href":"https:\/\/taizyagromachine.com\/tr\/wp-json\/wp\/v2\/media\/6574"}],"wp:attachment":[{"href":"https:\/\/taizyagromachine.com\/tr\/wp-json\/wp\/v2\/media?parent=6571"}],"wp:term":[{"taxonomy":"post_tag","embeddable":true,"href":"https:\/\/taizyagromachine.com\/tr\/wp-json\/wp\/v2\/tags?post=6571"},{"taxonomy":"product-type","embeddable":true,"href":"https:\/\/taizyagromachine.com\/tr\/wp-json\/wp\/v2\/product-type?post=6571"}],"curies":[{"name":"wp","href":"https:\/\/api.w.org\/{rel}","templated":true}]}}