{"id":7010,"date":"2024-08-23T17:50:53","date_gmt":"2024-08-23T09:50:53","guid":{"rendered":"https:\/\/taizyagromachine.com\/?post_type=product&#038;p=7010"},"modified":"2025-04-02T16:54:55","modified_gmt":"2025-04-02T08:54:55","slug":"silage-cutting-machine","status":"publish","type":"product","link":"https:\/\/taizyagromachine.com\/tr\/product\/silage-cutting-machine\/","title":{"rendered":"Yem yap\u0131m\u0131 i\u00e7in silaj kesme makinas\u0131"},"content":{"rendered":"<p class=\"translation-block\"><strong>Silaj kesme makinemiz<\/strong>, hayvanlar\u0131 beslemek i\u00e7in kuru ve \u0131slak samanlar\u0131, otlar\u0131, m\u0131s\u0131r saplar\u0131n\u0131, sorgum saplar\u0131n\u0131, kuru otlar\u0131 vb. ince otlara (uzunluk 10-180 mm ve geni\u015flik \u226410 mm) kesmek ve ezmek i\u00e7in kullan\u0131l\u0131r. Kapasitesi 4t\/saat ile 15t\/saat aras\u0131nda de\u011fi\u015fmektedir.<\/p>    <p>Bu saman kesme makinesi, g\u00fc\u00e7 sistemi olarak bir elektrik motoru veya dizel motor kullanabilir. Silaj yap\u0131m\u0131 ve sarma i\u00e7in genellikle m\u0131s\u0131r silaj balyalama makinesi ile \u00e7al\u0131\u015f\u0131r. <\/p>    <p>Makine y\u00fcksek verimlilik, kaliteli ve geni\u015f uygulama avantaj\u0131na sahiptir. Bu nedenle hayvanc\u0131l\u0131k ve hayvanc\u0131l\u0131k \u00e7iftliklerinde yayg\u0131n olarak kullan\u0131lmaktad\u0131r. <\/p>    <figure class=\"wp-block-embed is-type-video is-provider-youtube wp-block-embed-youtube wp-embed-aspect-16-9 wp-has-aspect-ratio\"><div class=\"wp-block-embed__wrapper\"> <iframe loading=\"lazy\" title=\"Verimli silaj i\u015fleme: \u00e7im kesme makinesi | Silaj yap\u0131m\u0131 i\u00e7in saman kesici makine #silage\" width=\"500\" height=\"281\" src=\"https:\/\/www.youtube.com\/embed\/6nuLWAJHJj8?feature=oembed\" frameborder=\"0\" allow=\"accelerometer; autoplay; clipboard-write; encrypted-media; gyroscope; picture-in-picture; web-share\" referrerpolicy=\"strict-origin-when-cross-origin\" allowfullscreen><\/iframe> <\/div><figcaption class=\"wp-element-caption\">silaj saman kesme makinas\u0131 videosu<\/figcaption><\/figure>    <h2 class=\"wp-block-heading\"><strong>Silaj kesici makinesinin avantajlar\u0131<\/strong><\/h2>    <ul class=\"wp-block-list\"> <li><strong>4-15 ton\/saat \u00e7\u0131k\u0131\u015f<\/strong>. Silaj kesme makinemiz, verimli olan 4-15 ton\/saatlik silaj hammaddelerini par\u00e7alayabilir.<\/li>    <li><strong>Ala\u015f\u0131ml\u0131 \u00e7elikten yap\u0131lm\u0131\u015f b\u0131\u00e7aklar<\/strong>. Makine b\u0131\u00e7aklar\u0131 dayan\u0131kl\u0131, y\u00fcksek kaliteli malzemelerden yap\u0131lm\u0131\u015ft\u0131r. <\/li>    <li><strong>Kuru ve \u0131slak saplar\u0131, otlar\u0131, samanlar\u0131, yoncalar\u0131 vb. do\u011framak<\/strong>. Bu saman kesicinin geni\u015f bir uygulama yelpazesi vard\u0131r ve saplar\u0131, \u00e7imenleri, samanlar\u0131, samanlar\u0131 vb. kesebilir.<\/li>    <li><strong>Ta\u015f\u0131mas\u0131 kolay<\/strong>. Taizy yem kesici makinesi, hareket etmesi \u00e7ok kolay olan k\u00fc\u00e7\u00fck tekerleklerle donat\u0131lm\u0131\u015ft\u0131r.<\/li> <\/ul>   <div class=\"wp-block-image\"> <figure class=\"aligncenter size-full\"><img loading=\"lazy\" decoding=\"async\" width=\"720\" height=\"540\" src=\"https:\/\/taizyagromachine.com\/wp-content\/uploads\/2024\/08\/silage-cutter-machine-for-sale.webp\" alt=\"sat\u0131l\u0131k silaj kesici makinesi\" class=\"wp-image-7017\" srcset=\"https:\/\/taizyagromachine.com\/wp-content\/uploads\/2024\/08\/silage-cutter-machine-for-sale.webp 720w, https:\/\/taizyagromachine.com\/wp-content\/uploads\/2024\/08\/silage-cutter-machine-for-sale-16x12.webp 16w\" sizes=\"auto, (max-width: 720px) 100vw, 720px\" \/><figcaption class=\"wp-element-caption\">sat\u0131l\u0131k silaj kesici makinesi<\/figcaption><\/figure> <\/div>   <h2 class=\"wp-block-heading\"><strong>M\u0131s\u0131r silaj par\u00e7alay\u0131c\u0131n\u0131n teknik verileri<\/strong><\/h2>    <figure class=\"wp-block-table\"><table class=\"has-fixed-layout\"><tbody><tr><td>Modeli<\/td><td>9RSZ-4<\/td><td>9RSZ-6<\/td><td>9RSZ-10<\/td><td>9RSZ-15<\/td><\/tr><tr><td>G\u00fc\u00e7<\/td><td>7,5 kW<\/td><td>15+2,2kw<\/td><td>22+3kw<\/td><td>30+5,5kw<\/td><\/tr><tr><td>Ana milin h\u0131z\u0131<\/td><td>2860 dev\/dak<\/td><td>2860 dev\/dak<\/td><td>2860 dev\/dak<\/td><td>2100 dev\/dak<\/td><\/tr><tr><td>Kapasite<\/td><td>4 ton\/saat<\/td><td>6 ton\/saat<\/td><td>10 ton\/saat<\/td><td>15 ton\/saat<\/td><\/tr><tr><td>B\u0131\u00e7ak miktar\u0131<\/td><td>32 adet<\/td><td>40 adet<\/td><td>48 adet<\/td><td>64 adet<\/td><\/tr><tr><td>B\u0131\u00e7ak malzemesi<\/td><td>Ala\u015f\u0131ml\u0131 \u00e7elik<\/td><td>Ala\u015f\u0131ml\u0131 \u00e7elik<\/td><td>Ala\u015f\u0131ml\u0131 \u00e7elik<\/td><td>Ala\u015f\u0131ml\u0131 \u00e7elik<\/td><\/tr><tr><td>Besleme geni\u015fli\u011fi<\/td><td>240 mm<\/td><td>300 mm<\/td><td>500 mm<\/td><td>800 mm<\/td><\/tr><tr><td>Besleme zinciri uzunlu\u011fu<\/td><td>\u22652300mm<\/td><td>\u22652300mm<\/td><td>\u22652300mm<\/td><td>\u22652300mm<\/td><\/tr><tr><td>Boyut(U*G*Y)<\/td><td>2000*750*800mm<\/td><td>3000*900*1050mm<\/td><td>3600*930*1240mm<\/td><td>4200*1170*1250mm<\/td><\/tr><tr><td>A\u011f\u0131rl\u0131k<\/td><td>300kg<\/td><td>980kg<\/td><td>1100kg<\/td><td>1400kg<\/td><\/tr><\/tbody><\/table><figcaption class=\"wp-element-caption\">silaj saman kesici makinesinin parametreleri<\/figcaption><\/figure>    <p>Yukar\u0131daki tablodan da g\u00f6rebilece\u011finiz gibi 9RSZ-4, 9RSZ-6, 9RSZ-10 ve 9RSZ-15 olmak \u00fczere d\u00f6rt tip yo\u011furma makinemiz sat\u0131\u015fa sunulmaktad\u0131r. Ayr\u0131ca \u00e7\u0131kt\u0131y\u0131, b\u0131\u00e7ak say\u0131s\u0131n\u0131, malzemeyi vb. de \u00f6\u011frenebilirsiniz. Daha fazla bilgi edinmek istiyorsan\u0131z bizimle ileti\u015fime ge\u00e7ebilirsiniz!<\/p>    <figure class=\"wp-block-gallery has-nested-images columns-default is-cropped wp-block-gallery-2 is-layout-flex wp-block-gallery-is-layout-flex\"> <figure class=\"wp-block-image size-large\"><img loading=\"lazy\" decoding=\"async\" width=\"720\" height=\"720\" data-id=\"7019\" src=\"https:\/\/taizyagromachine.com\/wp-content\/uploads\/2024\/08\/corn-silage-chopper-machine.webp\" alt=\"m\u0131s\u0131r silaj k\u0131y\u0131c\u0131 makinesi\" class=\"wp-image-7019\" srcset=\"https:\/\/taizyagromachine.com\/wp-content\/uploads\/2024\/08\/corn-silage-chopper-machine.webp 720w, https:\/\/taizyagromachine.com\/wp-content\/uploads\/2024\/08\/corn-silage-chopper-machine-12x12.webp 12w\" sizes=\"auto, (max-width: 720px) 100vw, 720px\" \/><figcaption class=\"wp-element-caption\">m\u0131s\u0131r silaj k\u0131y\u0131c\u0131 makinesi<\/figcaption><\/figure>    <figure class=\"wp-block-image size-large\"><img loading=\"lazy\" decoding=\"async\" width=\"720\" height=\"720\" data-id=\"7020\" src=\"https:\/\/taizyagromachine.com\/wp-content\/uploads\/2024\/08\/silage-chaff-cutting-machine.webp\" alt=\"silaj saman kesme makinas\u0131\" class=\"wp-image-7020\" srcset=\"https:\/\/taizyagromachine.com\/wp-content\/uploads\/2024\/08\/silage-chaff-cutting-machine.webp 720w, https:\/\/taizyagromachine.com\/wp-content\/uploads\/2024\/08\/silage-chaff-cutting-machine-12x12.webp 12w\" sizes=\"auto, (max-width: 720px) 100vw, 720px\" \/><figcaption class=\"wp-element-caption\">silaj saman kesme makinas\u0131<\/figcaption><\/figure> <\/figure>    <h2 class=\"wp-block-heading\"><strong>Taizy silaj k\u0131y\u0131c\u0131 makinesinin yap\u0131s\u0131<\/strong><\/h2>    <p>Silaj kesme makinemiz yem giri\u015fi, kesme ve yo\u011furma cihaz\u0131, bo\u015faltma \u00e7\u0131k\u0131\u015f\u0131 ve iletim sisteminden olu\u015fmaktad\u0131r.<\/p>    <ul class=\"wp-block-list\"> <li>Bu makine, uzun \u00e7apl\u0131 yemler i\u00e7in uygun olan zincirli otomatik besleme cihaz\u0131n\u0131 benimser. \u00c7imleri e\u015fit ve s\u00fcrekli olarak besleyerek i\u015f\u00e7ilikten tasarruf sa\u011flar ve operat\u00f6r\u00fcn i\u015f yo\u011funlu\u011funu azalt\u0131r.<\/li>    <li>Yem do\u011frama makinemiz, \u00e7imleri emmek ve kesmek i\u00e7in yo\u011furma etkisini daha iyi hale getiren \u00e7ift \u00e7ift bas\u0131n\u00e7 silindirini kullan\u0131r. Besleme, t\u0131kanma olmadan p\u00fcr\u00fczs\u00fczd\u00fcr, bu da i\u015f verimlili\u011fini art\u0131r\u0131r.<\/li>    <li>Makine, kolay hareket ettirilmesi i\u00e7in \u00e7\u0131kar\u0131labilir y\u00fcr\u00fcme tekerlekleri ile donat\u0131lm\u0131\u015ft\u0131r.<\/li> <\/ul>    <figure class=\"wp-block-gallery has-nested-images columns-default is-cropped wp-block-gallery-3 is-layout-flex wp-block-gallery-is-layout-flex\"> <figure class=\"wp-block-image size-full\"><img loading=\"lazy\" decoding=\"async\" width=\"720\" height=\"720\" data-id=\"7024\" src=\"https:\/\/taizyagromachine.com\/wp-content\/uploads\/2024\/08\/machine-feeding-chain.webp\" alt=\"makine besleme zinciri\" class=\"wp-image-7024\" srcset=\"https:\/\/taizyagromachine.com\/wp-content\/uploads\/2024\/08\/machine-feeding-chain.webp 720w, https:\/\/taizyagromachine.com\/wp-content\/uploads\/2024\/08\/machine-feeding-chain-12x12.webp 12w\" sizes=\"auto, (max-width: 720px) 100vw, 720px\" \/><figcaption class=\"wp-element-caption\">makine besleme zinciri<\/figcaption><\/figure>    <figure class=\"wp-block-image size-full\"><img loading=\"lazy\" decoding=\"async\" width=\"720\" height=\"720\" data-id=\"7023\" src=\"https:\/\/taizyagromachine.com\/wp-content\/uploads\/2024\/08\/internal-parts-of-silage-making-machine.webp\" alt=\"silaj yapma makinesinin i\u00e7 par\u00e7alar\u0131\" class=\"wp-image-7023\" srcset=\"https:\/\/taizyagromachine.com\/wp-content\/uploads\/2024\/08\/internal-parts-of-silage-making-machine.webp 720w, https:\/\/taizyagromachine.com\/wp-content\/uploads\/2024\/08\/internal-parts-of-silage-making-machine-12x12.webp 12w\" sizes=\"auto, (max-width: 720px) 100vw, 720px\" \/><figcaption class=\"wp-element-caption\">silaj yapma makinesinin i\u00e7 par\u00e7alar\u0131<\/figcaption><\/figure> <\/figure>    <h2 class=\"wp-block-heading\"><strong>M\u0131s\u0131r silaj\u0131 kesme makinas\u0131 nas\u0131l \u00e7al\u0131\u015f\u0131r?<\/strong><\/h2>    <p>Makine yap\u0131s\u0131n\u0131 anlad\u0131ktan sonra makinenin nas\u0131l \u00e7al\u0131\u015ft\u0131\u011f\u0131na bakal\u0131m.<\/p>    <ul class=\"wp-block-list\"> <li>\u00d6ncelikle rotor motorunu \u00e7al\u0131\u015ft\u0131r\u0131n. Makine sorunsuz \u00e7al\u0131\u015ft\u0131ktan sonra otomatik besleme mekanizmas\u0131n\u0131n red\u00fckt\u00f6r motorunu \u00e7al\u0131\u015ft\u0131r\u0131n. Otomatik besleme cihaz\u0131 \u00e7al\u0131\u015fmaya ba\u015flar.<\/li>    <li>Daha sonra operat\u00f6r saman\u0131 otomatik besleme zinciri plakas\u0131na e\u015fit \u015fekilde yayar.<\/li>    <li>Daha sonra malzeme y\u00fcksek h\u0131zl\u0131 \u00e7eki\u00e7ler ve sabit yo\u011furma plakalar\u0131 ile vurulur, y\u0131rt\u0131l\u0131r ve ipek \u015fekline gelene kadar yo\u011frulur.<\/li>    <li>Son olarak bitmi\u015f \u00fcr\u00fcnler merkezka\u00e7 kuvvetiyle makineden d\u0131\u015far\u0131 at\u0131l\u0131r.<\/li> <\/ul>    <h2 class=\"wp-block-heading\"><strong>Silaj par\u00e7alama makinesinin fiyat\u0131 nedir?<\/strong><\/h2>    <p>Silaj kesici makine fiyat\u0131, makine modeli, fonksiyonel konfig\u00fcrasyon, kapasite b\u00fcy\u00fckl\u00fc\u011f\u00fc ve marka gibi \u00e7e\u015fitli fakt\u00f6rlerden etkilenir. Sat\u0131n al\u0131rken, en uygun maliyetli \u00fcr\u00fcn\u00fc se\u00e7mek i\u00e7in \u00f6zel ihtiya\u00e7lar\u0131n\u0131z\u0131 ve b\u00fct\u00e7enizi birle\u015ftirmeniz gerekir.<\/p>    <p>Ayr\u0131nt\u0131l\u0131 bir teklif istiyorsan\u0131z, daha fazla makine bilgisi i\u00e7in bizimle ileti\u015fime ge\u00e7ebilirsiniz!<\/p>   <div class=\"wp-block-image\"> <figure class=\"aligncenter size-full\"><img loading=\"lazy\" decoding=\"async\" width=\"720\" height=\"540\" src=\"https:\/\/taizyagromachine.com\/wp-content\/uploads\/2024\/08\/grass-cutting-machine-for-silage-making.webp\" alt=\"silaj yap\u0131m\u0131 i\u00e7in \u00e7im kesme makinesi\" class=\"wp-image-7021\" srcset=\"https:\/\/taizyagromachine.com\/wp-content\/uploads\/2024\/08\/grass-cutting-machine-for-silage-making.webp 720w, https:\/\/taizyagromachine.com\/wp-content\/uploads\/2024\/08\/grass-cutting-machine-for-silage-making-16x12.webp 16w\" sizes=\"auto, (max-width: 720px) 100vw, 720px\" \/><figcaption class=\"wp-element-caption\">silaj yap\u0131m\u0131 i\u00e7in \u00e7im kesme makinesi<\/figcaption><\/figure> <\/div>   <h2 class=\"wp-block-heading\"><strong>Uygun bir saman kesme makinesi se\u00e7meye ili\u015fkin ipu\u00e7lar\u0131<\/strong><\/h2>    <p>Do\u011fru silaj kesme makinesini se\u00e7erken a\u015fa\u011f\u0131daki noktalar\u0131 dikkate alman\u0131z gerekir:<\/p>    <ul class=\"wp-block-list\"> <li>Operasyonel ihtiya\u00e7lar (\u00f6r. kesme uzunlu\u011fu, kapasite)<\/li>    <li>Makinenin dayan\u0131kl\u0131l\u0131\u011f\u0131 ve kolay bak\u0131m\u0131<\/li>    <li>Sat\u0131\u015f sonras\u0131 hizmetin m\u00fckemmel olup olmad\u0131\u011f\u0131<\/li> <\/ul>    <p>Yukar\u0131dakileri dikkate alarak en iyi \u00e7im bi\u00e7me makinesini se\u00e7in.<\/p>    <h2 class=\"wp-block-heading\"><strong>Uyumlu silaj makineleri<\/strong><\/h2>    <p class=\"translation-block\">Silaj makinelerinin profesyonel bir \u00fcreticisi ve tedarik\u00e7isi olarak, bu sekt\u00f6rde onlarca y\u0131ld\u0131r bulunuyoruz. Deneyimlerimize g\u00f6re, m\u00fc\u015fteriler genellikle silaj yap\u0131m\u0131 ve balyalama i\u00e7in bunu bir <a href=\"https:\/\/taizyagromachine.com\/tr\/product\/silage-baler\/\">silaj balyalama ve sarma makinesi<\/a> ile birlikte sat\u0131n al\u0131rlar.<\/p>    <figure class=\"wp-block-embed is-type-video is-provider-youtube wp-block-embed-youtube wp-embed-aspect-16-9 wp-has-aspect-ratio\"><div class=\"wp-block-embed__wrapper\"> <iframe loading=\"lazy\" title=\"Saman kesici ve yuvarlak silaj balya makinesiyle verimli silaj kesme, balyalama ve sarma | M\u0131s\u0131r balya makinesi\" width=\"500\" height=\"281\" src=\"https:\/\/www.youtube.com\/embed\/l3m4bY3Ddr8?feature=oembed\" frameborder=\"0\" allow=\"accelerometer; autoplay; clipboard-write; encrypted-media; gyroscope; picture-in-picture; web-share\" referrerpolicy=\"strict-origin-when-cross-origin\" allowfullscreen><\/iframe> <\/div><figcaption class=\"wp-element-caption\">saman kesici ve silaj yuvarlak balya makinesinin videosu<\/figcaption><\/figure>    <p class=\"translation-block\">Bu silaj kesme makinesine ek olarak, <a href=\"https:\/\/taizyagromachine.com\/tr\/product\/straw-crushing-and-recycling-machine\/\">yem hasat makinesi<\/a>, yem k\u0131y\u0131c\u0131 ve tah\u0131l ezici gibi ba\u015fka silaj yap\u0131m makinelerimiz de bulunmaktad\u0131r. E\u011fer <a href=\"https:\/\/en.wikipedia.org\/wiki\/Silage\" target=\"_blank\" rel=\"noopener\">silaj<\/a> yapmak istiyorsan\u0131z, daha fazla ayr\u0131nt\u0131 i\u00e7in \u015fimdi bizimle ileti\u015fime ge\u00e7in!<\/p>    <figure class=\"wp-block-embed is-type-video is-provider-youtube wp-block-embed-youtube wp-embed-aspect-16-9 wp-has-aspect-ratio\"><div class=\"wp-block-embed__wrapper\"> <iframe loading=\"lazy\" title=\"6T\/H Yem Yap\u0131m\u0131 i\u00e7in Yem Saman Kesici | Silaj i\u00e7in Nijerya \u00c7iftli\u011fi&#039;nden Silaj K\u0131y\u0131c\u0131 Geri Bildirimi\" width=\"500\" height=\"281\" src=\"https:\/\/www.youtube.com\/embed\/p5lQdpx-SSk?feature=oembed\" frameborder=\"0\" allow=\"accelerometer; autoplay; clipboard-write; encrypted-media; gyroscope; picture-in-picture; web-share\" referrerpolicy=\"strict-origin-when-cross-origin\" allowfullscreen><\/iframe> <\/div><figcaption class=\"wp-element-caption\">Yem saman kesme makinesi<\/figcaption><\/figure>","protected":false},"excerpt":{"rendered":"<p>Silaj kesme makinemiz, hayvanlar\u0131 beslemek i\u00e7in kuru ve \u0131slak samanlar\u0131, \u00e7imleri, m\u0131s\u0131r saplar\u0131n\u0131, sorgum saplar\u0131n\u0131, saman\u0131 vb. ince otlara (10-180mm uzunluk ve \u226410mm geni\u015flik) kesmek ve ezmek i\u00e7in kullan\u0131l\u0131r. Kapasitesi 4 ton\/saat ile 15 ton\/saat aras\u0131nda de\u011fi\u015fmektedir.<\/p>","protected":false},"author":1,"featured_media":7012,"parent":0,"template":"","tags":[116],"product-type":[19],"class_list":["post-7010","product","type-product","status-publish","has-post-thumbnail","hentry","tag-silage","product-type-silage-machine"],"_links":{"self":[{"href":"https:\/\/taizyagromachine.com\/tr\/wp-json\/wp\/v2\/product\/7010","targetHints":{"allow":["GET"]}}],"collection":[{"href":"https:\/\/taizyagromachine.com\/tr\/wp-json\/wp\/v2\/product"}],"about":[{"href":"https:\/\/taizyagromachine.com\/tr\/wp-json\/wp\/v2\/types\/product"}],"author":[{"embeddable":true,"href":"https:\/\/taizyagromachine.com\/tr\/wp-json\/wp\/v2\/users\/1"}],"wp:featuredmedia":[{"embeddable":true,"href":"https:\/\/taizyagromachine.com\/tr\/wp-json\/wp\/v2\/media\/7012"}],"wp:attachment":[{"href":"https:\/\/taizyagromachine.com\/tr\/wp-json\/wp\/v2\/media?parent=7010"}],"wp:term":[{"taxonomy":"post_tag","embeddable":true,"href":"https:\/\/taizyagromachine.com\/tr\/wp-json\/wp\/v2\/tags?post=7010"},{"taxonomy":"product-type","embeddable":true,"href":"https:\/\/taizyagromachine.com\/tr\/wp-json\/wp\/v2\/product-type?post=7010"}],"curies":[{"name":"wp","href":"https:\/\/api.w.org\/{rel}","templated":true}]}}