{"id":7059,"date":"2024-09-25T18:30:15","date_gmt":"2024-09-25T10:30:15","guid":{"rendered":"https:\/\/taizyagromachine.com\/?post_type=product&#038;p=7059"},"modified":"2024-10-15T09:44:10","modified_gmt":"2024-10-15T01:44:10","slug":"maize-grit-plant","status":"publish","type":"product","link":"https:\/\/taizyagromachine.com\/tr\/product\/maize-grit-plant\/","title":{"rendered":"Tam Otomatik M\u0131s\u0131r Tanesi Tesisi"},"content":{"rendered":"<p class=\"translation-block\">Taizy <strong>m\u0131s\u0131r irmi\u011fi tesisi<\/strong>, \u0131slak y\u00f6ntemle b\u00fcy\u00fck ve k\u00fc\u00e7\u00fck m\u0131s\u0131r irmi\u011fi ve m\u0131s\u0131r unu yapmak i\u00e7in m\u0131s\u0131r i\u015flemesi i\u00e7in tamamen otomatiktir. Nihai \u00fcr\u00fcnlerin boyut aral\u0131\u011f\u0131 0,8-8 mm'dir (m\u0131s\u0131r unu veya m\u0131s\u0131r irmi\u011fi).<\/p>    <p>Bu m\u0131s\u0131r ezmesi tesisi, nihai \u00fcr\u00fcn\u00fc daha kaliteli hale getirmek i\u00e7in \u00e7ift soyma y\u00f6ntemini benimser. Ayr\u0131ca m\u0131s\u0131r ay\u0131klama ve \u00f6\u011f\u00fctme tesisinin tamam\u0131nda, bir adet m\u0131s\u0131r irmik \u00fcretim makinesinin verimi 200-400 kg\/saattir. Daha y\u00fcksek bir \u00e7\u0131kt\u0131 istiyorsan\u0131z daha fazlas\u0131n\u0131 donatabilirsiniz. Daha do\u011fru bilgi almak i\u00e7in siz de bize dan\u0131\u015fabilirsiniz.<\/p>    <figure class=\"wp-block-embed is-type-video is-provider-youtube wp-block-embed-youtube wp-embed-aspect-16-9 wp-has-aspect-ratio\"><div class=\"wp-block-embed__wrapper\"> <iframe loading=\"lazy\" title=\"Komple m\u0131s\u0131r irmik ve m\u0131s\u0131r unu i\u015fleme: m\u0131s\u0131r irmik makinesiyle temizleme, soyma ve \u00f6\u011f\u00fctme\" width=\"500\" height=\"281\" src=\"https:\/\/www.youtube.com\/embed\/re0Wd3-MQH4?feature=oembed\" frameborder=\"0\" allow=\"accelerometer; autoplay; clipboard-write; encrypted-media; gyroscope; picture-in-picture; web-share\" referrerpolicy=\"strict-origin-when-cross-origin\" allowfullscreen><\/iframe> <\/div><figcaption class=\"wp-element-caption\">\u0131slak m\u0131s\u0131r irmik yapma makinesi tesisi<\/figcaption><\/figure>    <h2 class=\"wp-block-heading\"><strong>M\u0131s\u0131r ezmesi ve m\u0131s\u0131r unu ad\u0131m ad\u0131m nas\u0131l yap\u0131l\u0131r?<\/strong><\/h2>    <p class=\"translation-block\">Bu m\u0131s\u0131r irmi\u011fi tesisinin ad\u0131mlar\u0131 <strong>m\u0131s\u0131r temizleme\u2192\u0131slatma\u2192soyma\u2192m\u0131s\u0131r \u00f6\u011f\u00fctme ve irmik yapma<\/strong> \u015feklindedir. Bu faaliyetleri ger\u00e7ekle\u015ftirmek i\u00e7in e\u015fle\u015fen ekipmanlar\u0131m\u0131z bulunmaktad\u0131r. Detaylar\u0131 a\u015fa\u011f\u0131da g\u00f6rebilirsiniz.<\/p>   <div class=\"wp-block-image\"> <figure class=\"aligncenter size-full\"><img loading=\"lazy\" decoding=\"async\" width=\"842\" height=\"363\" src=\"https:\/\/taizyagromachine.com\/wp-content\/uploads\/2024\/09\/flow-chart-of-maize-grits-processing-plant.webp\" alt=\"m\u0131s\u0131r unu i\u015fleme tesisinin ak\u0131\u015f \u015femas\u0131\" class=\"wp-image-7073\" srcset=\"https:\/\/taizyagromachine.com\/wp-content\/uploads\/2024\/09\/flow-chart-of-maize-grits-processing-plant.webp 842w, https:\/\/taizyagromachine.com\/wp-content\/uploads\/2024\/09\/flow-chart-of-maize-grits-processing-plant-18x8.webp 18w\" sizes=\"auto, (max-width: 842px) 100vw, 842px\" \/><figcaption class=\"wp-element-caption\">m\u0131s\u0131r unu i\u015fleme tesisinin ak\u0131\u015f \u015femas\u0131<\/figcaption><\/figure> <\/div>   <ol class=\"wp-block-list\"> <li><strong>M\u0131s\u0131r temizleme<\/strong>: Bu ad\u0131m, m\u0131s\u0131rdaki yabanc\u0131 maddeleri, ta\u015flar\u0131 vb. uzakla\u015ft\u0131rmakt\u0131r.<\/li>    <li><strong>Islatma<\/strong>: M\u0131s\u0131rlar\u0131 temizledikten sonra, m\u0131s\u0131rlar\u0131 yumu\u015fatmak i\u00e7in suya bat\u0131r\u0131n.<\/li>    <li><strong>Peeling<\/strong>: Sonra m\u0131s\u0131r derileri. Sonraki m\u0131s\u0131r zahmetleri ve m\u0131s\u0131r unu de\u011firmeni i\u00e7in iyidir.<\/li>    <li><strong>Bileme<\/strong>: Bu ad\u0131m, m\u0131s\u0131r kabuklar\u0131n\u0131 tekrar soymak ve ard\u0131ndan soyulmu\u015f m\u0131s\u0131r\u0131 \u00f6\u011f\u00fct\u00fcp \u00f6\u011f\u00fcterek gerekli irmik ve unu elde etmektir.<\/li> <\/ol>    <p class=\"translation-block\"><strong>Her ad\u0131mdaki ekipmanlar<\/strong><\/p>    <ul class=\"wp-block-list\"> <li><a href=\"https:\/\/taizyagromachine.com\/tr\/product\/corn-cleaning-machine\/\"><strong>M\u0131s\u0131r temizleyici<\/strong><\/a>: M\u0131s\u0131rdaki yabanc\u0131 maddeleri uzakla\u015ft\u0131r\u0131r.<\/li>    <li><strong>Silo<\/strong>: Esas olarak m\u0131s\u0131r\u0131 tutar ve \u0131slat\u0131r.<\/li>    <li><a href=\"https:\/\/taizyagromachine.com\/tr\/product\/corn-peeling-machine-maize-skin-remove\/\"><strong>M\u0131s\u0131r soyma makinesi<\/strong><\/a>: M\u0131s\u0131r kabuklar\u0131 \u00e7\u0131kar\u0131l\u0131r.<\/li>    <li><a href=\"https:\/\/taizyagromachine.com\/tr\/product\/maize-grits-milling-machine\/\"><strong>M\u0131s\u0131r kum makinesi<\/strong><\/a>: Bu makine i\u015flenmi\u015f m\u0131s\u0131r\u0131 \u00f6\u011f\u00fcterek m\u0131s\u0131r unu ve m\u0131s\u0131r unu haline getirir.<\/li> <\/ul>    <p class=\"translation-block\"><strong>M\u0131s\u0131r irmi\u011fi i\u015fleme tesisi makine konfig\u00fcrasyon parametreleri<\/strong><\/p>    <figure class=\"wp-block-table\"><table class=\"has-fixed-layout\"><tbody><tr><td>G\/G<\/td><td>\u0130sim<\/td><td>G\u00fc\u00e7<\/td><\/tr><tr><td>1<\/td><td>M\u0131s\u0131r temizleme makinesi<\/td><td>4kw<\/td><\/tr><tr><td>2<\/td><td>Silo<\/td><td>1,5 kW<\/td><\/tr><tr><td>3<\/td><td>M\u0131s\u0131r soyma makinesi<\/td><td>11 kW<\/td><\/tr><tr><td>4<\/td><td>M\u0131s\u0131r irmik yapma makinesi<\/td><td>7,5+5,5kw<\/td><\/tr><\/tbody><\/table><figcaption class=\"wp-element-caption\">m\u0131s\u0131r taneleri ve mikroplar\u0131 \u00fcretim tesisi i\u00e7in konfig\u00fcrasyon listesi<\/figcaption><\/figure>    <p>Yukar\u0131daki ekipmanlara ek olarak, m\u0131s\u0131r taneli tesisimizin yine de a\u015fa\u011f\u0131dakilerle e\u015fle\u015fmesi gerekmektedir:<\/p>    <ul class=\"wp-block-list\"> <li>Konvey\u00f6r<\/li>    <li>Asans\u00f6r<\/li>    <li>\u00c7ift asans\u00f6r<\/li>    <li>Hazne<\/li>    <li>Da\u011f\u0131t\u0131m kutusu<\/li> <\/ul>    <p>Daha fazla bilgi istiyorsan\u0131z, bizimle ileti\u015fime ge\u00e7mekten \u00e7ekinmeyin. Referans\u0131n\u0131z i\u00e7in makine ayr\u0131nt\u0131lar\u0131n\u0131 sa\u011flayaca\u011f\u0131z. <\/p>   <div class=\"wp-block-image\"> <figure class=\"aligncenter size-full\"><img loading=\"lazy\" decoding=\"async\" width=\"1020\" height=\"540\" src=\"https:\/\/taizyagromachine.com\/wp-content\/uploads\/2024\/09\/corn-grits-and-flour-milling-plant-in-the-factory.webp\" alt=\"fabrikada m\u0131s\u0131r irmik ve un \u00f6\u011f\u00fctme tesisi\" class=\"wp-image-7077\" srcset=\"https:\/\/taizyagromachine.com\/wp-content\/uploads\/2024\/09\/corn-grits-and-flour-milling-plant-in-the-factory.webp 1020w, https:\/\/taizyagromachine.com\/wp-content\/uploads\/2024\/09\/corn-grits-and-flour-milling-plant-in-the-factory-18x10.webp 18w\" sizes=\"auto, (max-width: 1020px) 100vw, 1020px\" \/><figcaption class=\"wp-element-caption\">fabrikada m\u0131s\u0131r irmik ve un \u00f6\u011f\u00fctme tesisi<\/figcaption><\/figure> <\/div>   <h2 class=\"wp-block-heading\"><strong>M\u0131s\u0131r grit bitkisinin avantajlar\u0131<\/strong><\/h2>    <p>M\u0131s\u0131r irmik tesisi a\u015fa\u011f\u0131dakiler de dahil olmak \u00fczere \u00e7e\u015fitli avantajlar sunar:<\/p>    <ul class=\"wp-block-list\"> <li>M\u0131s\u0131r \u00e7imlendirme ve \u00f6\u011f\u00fctme tesisi <strong>0,8-8 mm m\u0131s\u0131r unu ve m\u0131s\u0131r unu yap\u0131n<\/strong> farkl\u0131 m\u00fc\u015fteri ihtiya\u00e7lar\u0131n\u0131 kar\u015f\u0131lamak i\u00e7in.<\/li>    <li><strong>1 ki\u015fi t\u00fcm tesisi \u00e7al\u0131\u015ft\u0131rabilir<\/strong>Y\u00fcksek derecede otomasyona sahip olan.<\/li>    <li>M\u0131s\u0131r irmik makine tesisimiz <strong>enerji tasarrufu ve \u00e7evre dostu<\/strong>. Enerji t\u00fcketimini azaltmak i\u00e7in ileri teknoloji ve ekipman\u0131 benimser.<\/li>    <li>Bu bitki<strong> g\u0131da dereceli<\/strong>, hijyenik ve g\u00fcvenli.<\/li>    <li>Yapabiliriz <strong>ekipman\u0131 esnek bir \u015fekilde yap\u0131land\u0131r\u0131n<\/strong> \u0130htiya\u00e7lar\u0131n\u0131z\u0131 kar\u015f\u0131lamak i\u00e7in.<\/li>    <li>Bu bir <strong>h\u0131zl\u0131 yat\u0131r\u0131m getirisi<\/strong>. K\u0131sa bir \u00fcretim d\u00f6ng\u00fcs\u00fcne ve h\u0131zl\u0131 bir yat\u0131r\u0131m getirisine sahiptir.<\/li> <\/ul>   <div class=\"wp-block-image\"> <figure class=\"aligncenter size-full\"><img loading=\"lazy\" decoding=\"async\" width=\"720\" height=\"540\" src=\"https:\/\/taizyagromachine.com\/wp-content\/uploads\/2024\/09\/maize-grit-plant-for-corn-processing.webp\" alt=\"m\u0131s\u0131r i\u015fleme i\u00e7in m\u0131s\u0131r tanecik tesisi\" class=\"wp-image-7079\" srcset=\"https:\/\/taizyagromachine.com\/wp-content\/uploads\/2024\/09\/maize-grit-plant-for-corn-processing.webp 720w, https:\/\/taizyagromachine.com\/wp-content\/uploads\/2024\/09\/maize-grit-plant-for-corn-processing-16x12.webp 16w\" sizes=\"auto, (max-width: 720px) 100vw, 720px\" \/><figcaption class=\"wp-element-caption\">m\u0131s\u0131r i\u015fleme i\u00e7in m\u0131s\u0131r tanecik tesisi<\/figcaption><\/figure> <\/div>   <h2 class=\"wp-block-heading\"><strong>M\u0131s\u0131r irmik \u00f6\u011f\u00fctme tesisi uygulamalar\u0131<\/strong><\/h2>    <p>M\u0131s\u0131r irmik makine tesisinin son \u00fcr\u00fcnleri m\u0131s\u0131r irmik ve m\u0131s\u0131r unudur. M\u0131s\u0131r ezmesi ve m\u0131s\u0131r unu, g\u0131da i\u015fleme, yem i\u015fleme ve di\u011fer end\u00fcstrilerde yayg\u0131n olarak kullan\u0131lmaktad\u0131r.<\/p>    <ul class=\"wp-block-list\"> <li><strong>Ev t\u00fcketimi<\/strong>: buharda pi\u015fmi\u015f ekmek, yulaf lapas\u0131 vb.<\/li>    <li><strong>G\u0131da i\u015fleme<\/strong>: F\u0131r\u0131nc\u0131l\u0131k, makarna, kahvalt\u0131l\u0131k yiyecekler vb. i\u00e7in hammadde olarak.<\/li>    <li><strong>Yem i\u015fleme<\/strong>: Hayvanc\u0131l\u0131k ve k\u00fcmes hayvanlar\u0131 yemi i\u00e7in hammadde olarak kullan\u0131l\u0131r.<\/li>    <li><strong>Ni\u015fasta \u00fcretimi<\/strong>: Ni\u015fasta \u00fcretiminde hammadde olarak kullan\u0131l\u0131r.<\/li> <\/ul>    <h2 class=\"wp-block-heading\"><strong>M\u0131s\u0131r Grit Makine Fabrikas\u0131'n\u0131n fiyat\u0131 nedir?<\/strong><\/h2>    <p>Taizy m\u0131s\u0131r tanecik tesisi fiyat\u0131 kapasiteye, konfig\u00fcrasyona ve markaya g\u00f6re de\u011fi\u015fmektedir. Genel olarak konu\u015fursak, k\u00fc\u00e7\u00fck bir i\u015fleme tesisinin fiyat\u0131 nispeten d\u00fc\u015f\u00fck olurken, tam otomatik b\u00fcy\u00fck ekipmanlara yap\u0131lan yat\u0131r\u0131m daha y\u00fcksek olacakt\u0131r.<\/p>    <p>Belirli teklif bilgileri hakk\u0131nda bilgi almak istiyorsan\u0131z do\u011frudan bizimle ileti\u015fime ge\u00e7menizi \u00f6neririz. Bize \u00f6zel ihtiya\u00e7lar\u0131n\u0131z\u0131 ve b\u00fct\u00e7enizi s\u00f6yleyin, biz de size bunlara g\u00f6re en iyi teklifi sunal\u0131m.<\/p>   <div class=\"wp-block-image\"> <figure class=\"aligncenter size-full\"><img loading=\"lazy\" decoding=\"async\" width=\"720\" height=\"540\" src=\"https:\/\/taizyagromachine.com\/wp-content\/uploads\/2024\/09\/corn-grit-machine-plant-display.webp\" alt=\"m\u0131s\u0131r kum makinesi tesisi ekran\u0131\" class=\"wp-image-7081\" srcset=\"https:\/\/taizyagromachine.com\/wp-content\/uploads\/2024\/09\/corn-grit-machine-plant-display.webp 720w, https:\/\/taizyagromachine.com\/wp-content\/uploads\/2024\/09\/corn-grit-machine-plant-display-16x12.webp 16w\" sizes=\"auto, (max-width: 720px) 100vw, 720px\" \/><figcaption class=\"wp-element-caption\">m\u0131s\u0131r kum makinesi tesisi ekran\u0131<\/figcaption><\/figure> <\/div>   <h2 class=\"wp-block-heading\"><strong>Neden Taizy m\u0131s\u0131r irmik tesisini se\u00e7melisiniz?<\/strong><\/h2>    <p class=\"translation-block\">Piyasadaki bir\u00e7ok <a href=\"https:\/\/taizyagromachine.com\/tr\/product\/maize-grits-milling-machine\/\">m\u0131s\u0131r irmi\u011fi yapma makinesi<\/a> tedarik\u00e7isi aras\u0131nda Taizy'yi se\u00e7menin nedeni \u015funlard\u0131r:<\/p>    <ul class=\"wp-block-list\"> <li><strong>\u0130leri teknoloji<\/strong>. Taizy, m\u0131s\u0131r i\u015fleme ekipman\u0131 geli\u015ftirme ve \u00fcretme konusunda uzun y\u0131llara dayanan deneyime sahiptir. <\/li>    <li><strong>G\u00fcvenilir kalite<\/strong>. \u00dcr\u00fcnlerimiz y\u00fcksek kaliteli malzemelerden yap\u0131lm\u0131\u015f ve dayan\u0131kl\u0131d\u0131r. \u00d6rne\u011fin m\u0131s\u0131r unu yapma makinemizin i\u00e7 yap\u0131s\u0131 \u00e7eliktir.<\/li>    <li><strong>\u00d6zelle\u015ftirilmi\u015f hizmet<\/strong>. \u0130htiya\u00e7lar\u0131n\u0131za g\u00f6re size \u00f6zel \u00e7\u00f6z\u00fcmler sunuyoruz.<\/li>    <li><strong>G\u00fcvenilir sat\u0131\u015f sonras\u0131 servis<\/strong>. Makine testi, devreye alma, kullan\u0131m k\u0131lavuzu, \u00e7evrimi\u00e7i rehberlik vb.<\/li> <\/ul>   <div class=\"wp-block-image\"> <figure class=\"aligncenter size-full\"><img loading=\"lazy\" decoding=\"async\" width=\"720\" height=\"500\" src=\"https:\/\/taizyagromachine.com\/wp-content\/uploads\/2024\/09\/maize-corn-grits-flour-milling-processing-plant.webp\" alt=\"m\u0131s\u0131r m\u0131s\u0131r irmik un \u00f6\u011f\u00fctme i\u015fleme tesisi\" class=\"wp-image-7083\" srcset=\"https:\/\/taizyagromachine.com\/wp-content\/uploads\/2024\/09\/maize-corn-grits-flour-milling-processing-plant.webp 720w, https:\/\/taizyagromachine.com\/wp-content\/uploads\/2024\/09\/maize-corn-grits-flour-milling-processing-plant-18x12.webp 18w\" sizes=\"auto, (max-width: 720px) 100vw, 720px\" \/><figcaption class=\"wp-element-caption\">m\u0131s\u0131r m\u0131s\u0131r irmik un \u00f6\u011f\u00fctme i\u015fleme tesisi<\/figcaption><\/figure> <\/div>   <h2 class=\"wp-block-heading\"><strong>Daha fazla ayr\u0131nt\u0131 i\u00e7in hemen bizimle ileti\u015fime ge\u00e7in!<\/strong><\/h2>    <p class=\"translation-block\">Taizy m\u0131s\u0131r irmi\u011fi i\u015fleme tesisiyle ilgileniyorsan\u0131z veya herhangi bir sorunuz varsa, l\u00fctfen bizimle ileti\u015fime ge\u00e7mekten \u00e7ekinmeyin. <a href=\"https:\/\/en.wikipedia.org\/wiki\/Grits\" target=\"_blank\" rel=\"noopener\">M\u0131s\u0131r irmi\u011fi<\/a> yapma ihtiya\u00e7lar\u0131n\u0131z\u0131 kar\u015f\u0131lamak i\u00e7in en uygun ekipman\u0131 se\u00e7menize yard\u0131mc\u0131 olacak ayr\u0131nt\u0131l\u0131 bilgi ve \u00f6neriler sunmaktan memnuniyet duyar\u0131z.<\/p>","protected":false},"excerpt":{"rendered":"<p>Taizy M\u0131s\u0131r Grit Bitki, \u0131slak y\u00f6ntemle b\u00fcy\u00fck ve k\u00fc\u00e7\u00fck m\u0131s\u0131r irmikleri ve m\u0131s\u0131r unu yapmak i\u00e7in m\u0131s\u0131r i\u015fleme i\u00e7indir. Son \u00fcr\u00fcn boyutu 0.8-8 mm'dir. <\/p>","protected":false},"author":1,"featured_media":7072,"parent":0,"template":"","tags":[228,226,227],"product-type":[27],"class_list":["post-7059","product","type-product","status-publish","has-post-thumbnail","hentry","tag-corn-flour","tag-corn-grits","tag-maize-grits","product-type-solutions"],"_links":{"self":[{"href":"https:\/\/taizyagromachine.com\/tr\/wp-json\/wp\/v2\/product\/7059","targetHints":{"allow":["GET"]}}],"collection":[{"href":"https:\/\/taizyagromachine.com\/tr\/wp-json\/wp\/v2\/product"}],"about":[{"href":"https:\/\/taizyagromachine.com\/tr\/wp-json\/wp\/v2\/types\/product"}],"author":[{"embeddable":true,"href":"https:\/\/taizyagromachine.com\/tr\/wp-json\/wp\/v2\/users\/1"}],"wp:featuredmedia":[{"embeddable":true,"href":"https:\/\/taizyagromachine.com\/tr\/wp-json\/wp\/v2\/media\/7072"}],"wp:attachment":[{"href":"https:\/\/taizyagromachine.com\/tr\/wp-json\/wp\/v2\/media?parent=7059"}],"wp:term":[{"taxonomy":"post_tag","embeddable":true,"href":"https:\/\/taizyagromachine.com\/tr\/wp-json\/wp\/v2\/tags?post=7059"},{"taxonomy":"product-type","embeddable":true,"href":"https:\/\/taizyagromachine.com\/tr\/wp-json\/wp\/v2\/product-type?post=7059"}],"curies":[{"name":"wp","href":"https:\/\/api.w.org\/{rel}","templated":true}]}}