{"id":7334,"date":"2024-11-27T17:40:53","date_gmt":"2024-11-27T09:40:53","guid":{"rendered":"https:\/\/taizyagromachine.com\/?post_type=product&#038;p=7334"},"modified":"2024-11-28T10:50:08","modified_gmt":"2024-11-28T02:50:08","slug":"no-till-corn-planter-machine","status":"publish","type":"product","link":"https:\/\/taizyagromachine.com\/tr\/product\/no-till-corn-planter-machine\/","title":{"rendered":"Trakt\u00f6r i\u00e7in toprak i\u015flemesiz m\u0131s\u0131r ekme makinesi"},"content":{"rendered":"<p class=\"translation-block\">Bu <strong>m\u0131s\u0131r ekim makinesi<\/strong> 2BYSF serisidir ve d\u00fcz arazilerde ve engebeli alanlarda m\u0131s\u0131r, soya fasulyesi veya dar\u0131 tohumlar\u0131n\u0131 g\u00fcbreleyip ekebilir. 4 tekerlekli trakt\u00f6rle (12-100hp) \u00e7al\u0131\u015fmak \u00fczere tasarlanm\u0131\u015ft\u0131r, b\u00fcy\u00fck \u00f6l\u00e7ekli tar\u0131msal ekim i\u00e7in.<\/p>    <p>Taizy m\u0131s\u0131r ekim makinesinin s\u0131ra aral\u0131\u011f\u0131 428-570 mm, bitki aral\u0131\u011f\u0131 140-280 mm ve hendek derinli\u011fi 60-80 mm'dir. Bunlar m\u0131s\u0131r ekim taleplerinizi kar\u015f\u0131layacak \u015fekilde ayarlanabilir. <\/p>    <p>Y\u00fcksek verimlili\u011fi, hassasiyeti ve \u00e7ok y\u00f6nl\u00fcl\u00fc\u011f\u00fc ile modern tar\u0131msal ekim i\u00e7in \u00f6nemli bir ara\u00e7 haline gelmi\u015ftir. M\u0131s\u0131r ekim makinesi ar\u0131yorsan\u0131z, daha fazla bilgi i\u00e7in bizimle ileti\u015fime ge\u00e7ebilirsiniz!<\/p>    <figure class=\"wp-block-embed is-type-video is-provider-youtube wp-block-embed-youtube wp-embed-aspect-16-9 wp-has-aspect-ratio\"><div class=\"wp-block-embed__wrapper\"> <iframe loading=\"lazy\" title=\"Trakt\u00f6r i\u00e7in verimli m\u0131s\u0131r ekme makinesi | Y\u00fcksek hassasiyette m\u0131s\u0131r ekimi | \u0130\u015flemesiz m\u0131s\u0131r ekme makinesi\" width=\"500\" height=\"281\" src=\"https:\/\/www.youtube.com\/embed\/RaK92i2FgL4?feature=oembed\" frameborder=\"0\" allow=\"accelerometer; autoplay; clipboard-write; encrypted-media; gyroscope; picture-in-picture; web-share\" referrerpolicy=\"strict-origin-when-cross-origin\" allowfullscreen><\/iframe> <\/div><figcaption class=\"wp-element-caption\">sat\u0131l\u0131k s\u0131ra ekme makinesinin videosu<\/figcaption><\/figure>    <h2 class=\"wp-block-heading\"><strong>Tohumluk m\u0131s\u0131r ekme makinesinin avantajlar\u0131<\/strong><\/h2>    <ul class=\"wp-block-list\"> <li><strong>\u00c7ok s\u0131ral\u0131 ekim<\/strong>: Genellikle 2, 3, 4, 5 ve hatta daha fazla s\u0131ra ekimi yapabilir ve tek i\u015flemde geni\u015f alan ekimini tamamlayabilir.<\/li>    <li><strong>Hassas kontrol<\/strong>: Ekim d\u00fczg\u00fcnl\u00fc\u011f\u00fcn\u00fc ve tohum \u00e7imlenme oran\u0131n\u0131 sa\u011flamak i\u00e7in tohum ekim derinli\u011fi, aral\u0131\u011f\u0131 ve s\u0131ra aral\u0131\u011f\u0131 ayarlanabilir.<\/li>    <li><strong>Verimli \u00e7al\u0131\u015fma<\/strong>: Trakt\u00f6r \u00e7eki\u015fine g\u00fcvenerek geni\u015f alanl\u0131 tar\u0131m arazisi ekimi i\u00e7in uygundur ve tek i\u015flemde geni\u015f bir alan\u0131 kaplayarak ekim verimlili\u011fini b\u00fcy\u00fck \u00f6l\u00e7\u00fcde art\u0131r\u0131r.<\/li>    <li><strong>\u00c7ok i\u015flevlilik<\/strong>: Bu ekim makinas\u0131 g\u00fcbre uygulamas\u0131n\u0131n e\u015f zamanl\u0131 \u00e7al\u0131\u015fmas\u0131n\u0131 destekleyerek ekim ve g\u00fcbre uygulamas\u0131n\u0131n entegrasyonunu sa\u011flar.<\/li>    <li><strong>Kolay bak\u0131m<\/strong>: Ekipman\u0131n basit yap\u0131s\u0131, g\u00fc\u00e7l\u00fc dayan\u0131kl\u0131l\u0131\u011f\u0131, \u00e7ok say\u0131da y\u00fcksek yo\u011funluklu operasyona uygun.<\/li> <\/ul>   <div class=\"wp-block-image\"> <figure class=\"aligncenter size-full\"><img loading=\"lazy\" decoding=\"async\" width=\"720\" height=\"540\" src=\"https:\/\/taizyagromachine.com\/wp-content\/uploads\/2024\/11\/Taizy-corn-and-soybean-planter.webp\" alt=\"Taizy m\u0131s\u0131r ve soya fasulyesi ekici\" class=\"wp-image-7351\" srcset=\"https:\/\/taizyagromachine.com\/wp-content\/uploads\/2024\/11\/Taizy-corn-and-soybean-planter.webp 720w, https:\/\/taizyagromachine.com\/wp-content\/uploads\/2024\/11\/Taizy-corn-and-soybean-planter-16x12.webp 16w\" sizes=\"auto, (max-width: 720px) 100vw, 720px\" \/><figcaption class=\"wp-element-caption\">Taizy m\u0131s\u0131r ve soya fasulyesi ekici<\/figcaption><\/figure> <\/div>   <h2 class=\"wp-block-heading\"><strong>M\u0131s\u0131r ekim makinesinin teknik parametreleri<\/strong><\/h2>    <p>Profesyonel bir tar\u0131m ekipman\u0131 \u00fcreticisi ve \u00fcreticisi olarak, \u00e7e\u015fitli s\u0131ra boyutlar\u0131nda m\u0131s\u0131r ekme makinelerimiz var. Ekicilerimiz ayarlanabilir bitki ve s\u0131ra aral\u0131\u011f\u0131na sahiptir. Belirli parametre ayr\u0131nt\u0131lar\u0131 i\u00e7in l\u00fctfen a\u015fa\u011f\u0131daki tabloya bak\u0131n.<\/p>    <figure class=\"wp-block-table\"><table class=\"has-fixed-layout\"><tbody><tr><td>Modeli<\/td><td>2BYSF-2<\/td><td>2BYSF-3<\/td><td>2BYSF-4<\/td><td>2BYSF-5<\/td><td>2BYSF-6<\/td><td>2BYSF-8<\/td><\/tr><tr><td>Boyut<\/td><td>1.57*1.3*1.2m<\/td><td>1.57*1.7*1.2m<\/td><td>1.62*2.35*1.2m<\/td><td>1.62*2.75*1.2m<\/td><td>1.62*3.35*1.2m<\/td><td>1.64*4.6*1.2m<\/td><\/tr><tr><td>S\u0131ra<\/td><td>2<\/td><td>3<\/td><td>4<\/td><td>5<\/td><td>6<\/td><td>8<\/td><\/tr><tr><td>Sat\u0131r aral\u0131\u011f\u0131<\/td><td>428-570 mm<\/td><td>428-570 mm<\/td><td>428-570 mm<\/td><td>428-570 mm<\/td><td>428-570 mm<\/td><td>428-570 mm<\/td><\/tr><tr><td>Bitki aral\u0131\u011f\u0131<\/td><td>140-280mm<\/td><td>140-280mm<\/td><td>140-280mm<\/td><td>140-280mm<\/td><td>140-280mm<\/td><td>140-280mm<\/td><\/tr><tr><td>Hendek derinli\u011fi<\/td><td>60-80mm<\/td><td>60-80mm<\/td><td>60-80mm<\/td><td>60-80mm<\/td><td>60-80mm<\/td><td>60-80mm<\/td><\/tr><tr><td>D\u00f6llenme derinli\u011fi<\/td><td>60-80mm<\/td><td>60-80mm<\/td><td>60-80mm<\/td><td>60-80mm<\/td><td>60-80mm<\/td><td>60-80mm<\/td><\/tr><tr><td>Ekim derinli\u011fi<\/td><td>30-50mm<\/td><td>30-50mm<\/td><td>30-50mm<\/td><td>30-50mm<\/td><td>30-50mm<\/td><td>30-50mm<\/td><\/tr><tr><td>G\u00fcbre tank\u0131 kapasitesi<\/td><td>18,75Lx2<\/td><td>18,75Lx3<\/td><td>18,75Lx4<\/td><td>18,75Lx5<\/td><td>18,75Lx6<\/td><td>18,75Lx8<\/td><\/tr><tr><td>Tohum sand\u0131\u011f\u0131 kapasitesi<\/td><td>8,5Lx2<\/td><td>8,5Lx3<\/td><td>8,5Lx4<\/td><td>8,5Lx5<\/td><td>8.5Lx6<\/td><td>8,5 Lx 8<\/td><\/tr><tr><td>A\u011f\u0131rl\u0131k<\/td><td>150kg<\/td><td>200kg<\/td><td>295kg<\/td><td>360kg<\/td><td>425kg<\/td><td>650kg<\/td><\/tr><tr><td>E\u015fle\u015fen g\u00fc\u00e7<\/td><td>&nbsp;12-18hp<\/td><td>15-25hp<\/td><td>25-40hp<\/td><td>40-60hp<\/td><td>50-80hp<\/td><td>75-100hp<\/td><\/tr><tr><td>Ba\u011flant\u0131<\/td><td>&nbsp;3 k\u00f6\u015feli<\/td><td>&nbsp;3 k\u00f6\u015feli<\/td><td>&nbsp;3 k\u00f6\u015feli<\/td><td>&nbsp;3 k\u00f6\u015feli<\/td><td>&nbsp;3 k\u00f6\u015feli<\/td><td>&nbsp;3 k\u00f6\u015feli<\/td><\/tr><\/tbody><\/table><figcaption class=\"wp-element-caption\">sat\u0131l\u0131k 3 noktal\u0131 m\u0131s\u0131r ekme makinesinin teknik verileri<\/figcaption><\/figure>    <h2 class=\"wp-block-heading\"><strong>Taizy s\u0131ral\u0131 m\u0131s\u0131r ekicinin yap\u0131s\u0131<\/strong><\/h2>    <p>Bu m\u0131s\u0131r ve fasulye ekim makinesi, m\u0131s\u0131r tohum kutusu, g\u00fcbre kutusu, s\u0131ra alan\u0131 reg\u00fclat\u00f6r\u00fc, m\u0131s\u0131r tohumu mesafe reg\u00fclat\u00f6r\u00fc, hendek a\u00e7\u0131c\u0131, toprak kaplama cihaz\u0131 vb. olu\u015fur.<\/p>    <ul class=\"wp-block-list\"> <li><strong>Tohum kutusu:<\/strong> B\u00fcy\u00fck kapasite, uzun s\u00fcre s\u00fcrekli \u00e7al\u0131\u015fma talebini kar\u015f\u0131layabilir.<\/li>    <li><strong>Kar\u0131k a\u00e7\u0131c\u0131<\/strong>: \u00c7e\u015fitli toprak ko\u015fullar\u0131na uygun, e\u015fit kar\u0131k a\u00e7ma derinli\u011fi.<\/li>    <li><strong>Mal\u00e7lama cihaz\u0131<\/strong>: Ekimden sonra mal\u00e7lama i\u015flemini h\u0131zl\u0131 bir \u015fekilde tamamlayabilir ve tohumlar\u0131n yeti\u015fme ortam\u0131n\u0131 koruyabilir.<\/li>    <li><strong>S\u0131ra aral\u0131\u011f\u0131 ayar sistemi<\/strong>: Farkl\u0131 mahsullerin ihtiya\u00e7lar\u0131na uyum sa\u011flayacak \u015fekilde ekim s\u0131ras\u0131 aral\u0131\u011f\u0131n\u0131n esnek \u015fekilde ayarlanmas\u0131.<\/li> <\/ul>   <div class=\"wp-block-image\"> <figure class=\"aligncenter size-full\"><img loading=\"lazy\" decoding=\"async\" width=\"720\" height=\"540\" src=\"https:\/\/taizyagromachine.com\/wp-content\/uploads\/2024\/11\/structure-of-maize-planting-machine.webp\" alt=\"m\u0131s\u0131r ekim makinesinin yap\u0131s\u0131\" class=\"wp-image-7338\" srcset=\"https:\/\/taizyagromachine.com\/wp-content\/uploads\/2024\/11\/structure-of-maize-planting-machine.webp 720w, https:\/\/taizyagromachine.com\/wp-content\/uploads\/2024\/11\/structure-of-maize-planting-machine-16x12.webp 16w\" sizes=\"auto, (max-width: 720px) 100vw, 720px\" \/><figcaption class=\"wp-element-caption\">m\u0131s\u0131r ekim makinesinin yap\u0131s\u0131<\/figcaption><\/figure> <\/div>   <h2 class=\"wp-block-heading\"><strong>3 noktal\u0131 m\u0131s\u0131r ekim makinesi nas\u0131l \u00e7al\u0131\u015f\u0131r?<\/strong><\/h2>    <p>G\u00fc\u00e7 aktar\u0131m sistemi sayesinde bu t\u00fcr m\u0131s\u0131r ekim makinesi, kar\u0131k a\u00e7ma, ekim, mal\u00e7lama ve bast\u0131rma i\u015flemlerini tamamlamak i\u00e7in trakt\u00f6r \u00e7eki\u015fini kullan\u0131r.<\/p>    <p> \u00d6ncelikle makinenin kar\u0131k a\u00e7\u0131c\u0131, toprakta uygun derinlikte bir kar\u0131k olu\u015fturur. Tohum da\u011f\u0131t\u0131m sistemi, m\u0131s\u0131r tohumlar\u0131n\u0131 kar\u0131k i\u00e7ine e\u015fit bir \u015fekilde yerle\u015ftirir ve ard\u0131ndan tohumun kaplanmas\u0131n\u0131 tamamlayan bir mal\u00e7lama cihaz\u0131 gelir. Bast\u0131rma cihaz\u0131 ayn\u0131 zamanda topra\u011f\u0131 s\u0131k\u0131\u015ft\u0131rarak tohumlar\u0131n toprakla tam temasta olmas\u0131n\u0131 sa\u011flar ve \u00e7imlenmeyi te\u015fvik eder. <\/p>    <p class=\"translation-block\">T\u00fcm s\u00fcre\u00e7 otomatik ve verimlidir, i\u015f g\u00fcc\u00fc ihtiyac\u0131n\u0131 azalt\u0131r. Ekim disklerini de\u011fi\u015ftirerek dar\u0131 veya <a href=\"https:\/\/en.wikipedia.org\/wiki\/Soybean\" target=\"_blank\" rel=\"noopener\">soya fasulyesi<\/a> de ekmek m\u00fcmk\u00fcnd\u00fcr.<\/p>   <div class=\"wp-block-image\"> <figure class=\"aligncenter size-full\"><img loading=\"lazy\" decoding=\"async\" width=\"800\" height=\"800\" src=\"https:\/\/taizyagromachine.com\/wp-content\/uploads\/2024\/11\/three-point-hitch-corn-planter-machine.webp\" alt=\"\u00fc\u00e7 nokta ask\u0131l\u0131 m\u0131s\u0131r ekme makinesi\" class=\"wp-image-7353\" srcset=\"https:\/\/taizyagromachine.com\/wp-content\/uploads\/2024\/11\/three-point-hitch-corn-planter-machine.webp 800w, https:\/\/taizyagromachine.com\/wp-content\/uploads\/2024\/11\/three-point-hitch-corn-planter-machine-12x12.webp 12w\" sizes=\"auto, (max-width: 800px) 100vw, 800px\" \/><figcaption class=\"wp-element-caption\">\u00fc\u00e7 nokta ask\u0131l\u0131 m\u0131s\u0131r ekme makinesi<\/figcaption><\/figure> <\/div>   <h2 class=\"wp-block-heading\"><strong>M\u0131s\u0131r ekim makinesi fiyat\u0131 ne kadar?<\/strong><\/h2>    <p>\u0130\u015flemsiz m\u0131s\u0131r ekim makinesinin fiyat\u0131 modele, aksesuarlara, nakliye s\u00fcresine, markaya ve performansa g\u00f6re de\u011fi\u015fmektedir. Genel olarak konu\u015fursak, s\u0131ra say\u0131s\u0131 artt\u0131k\u00e7a makinenin fiyat\u0131 da artar. \u00d6rne\u011fin 4 s\u0131ral\u0131 m\u0131s\u0131r ekim makinesi 2 s\u0131ral\u0131 m\u0131s\u0131r ekim makinesinden daha pahal\u0131d\u0131r.<\/p>    <p>Taizy trakt\u00f6re monte m\u0131s\u0131r tohumu ekim makinesi yaln\u0131zca kaliteyi garanti etmekle kalmaz, ayn\u0131 zamanda m\u00fc\u015fterilerin b\u00fct\u00e7elerini ve ihtiya\u00e7lar\u0131n\u0131 kar\u015f\u0131lamak i\u00e7in pazarda rekabet\u00e7i fiyatlar da sa\u011flar. Belirli fiyatlar istiyorsan\u0131z bizimle ileti\u015fime ge\u00e7in; gereksinimlerinize g\u00f6re ayr\u0131nt\u0131l\u0131 bir teklif sunaca\u011f\u0131z.<\/p>    <figure class=\"wp-block-gallery has-nested-images columns-default is-cropped wp-block-gallery-2 is-layout-flex wp-block-gallery-is-layout-flex\"> <figure class=\"wp-block-image size-large\"><img loading=\"lazy\" decoding=\"async\" width=\"800\" height=\"800\" data-id=\"7350\" src=\"https:\/\/taizyagromachine.com\/wp-content\/uploads\/2024\/11\/no-till-2-row-corn-planter-with-fertilizer.webp\" alt=\"g\u00fcbreli 2 s\u0131ral\u0131 m\u0131s\u0131r ekme makinesi\" class=\"wp-image-7350\" srcset=\"https:\/\/taizyagromachine.com\/wp-content\/uploads\/2024\/11\/no-till-2-row-corn-planter-with-fertilizer.webp 800w, https:\/\/taizyagromachine.com\/wp-content\/uploads\/2024\/11\/no-till-2-row-corn-planter-with-fertilizer-12x12.webp 12w\" sizes=\"auto, (max-width: 800px) 100vw, 800px\" \/><figcaption class=\"wp-element-caption\">g\u00fcbreli 2 s\u0131ral\u0131 m\u0131s\u0131r ekme makinesi<\/figcaption><\/figure>    <figure class=\"wp-block-image size-large\"><img loading=\"lazy\" decoding=\"async\" width=\"800\" height=\"800\" data-id=\"7348\" src=\"https:\/\/taizyagromachine.com\/wp-content\/uploads\/2024\/11\/3-row-planter-for-sale.webp\" alt=\"Sat\u0131l\u0131k 3 s\u0131ral\u0131 ekim makinesi\" class=\"wp-image-7348\" srcset=\"https:\/\/taizyagromachine.com\/wp-content\/uploads\/2024\/11\/3-row-planter-for-sale.webp 800w, https:\/\/taizyagromachine.com\/wp-content\/uploads\/2024\/11\/3-row-planter-for-sale-12x12.webp 12w\" sizes=\"auto, (max-width: 800px) 100vw, 800px\" \/><figcaption class=\"wp-element-caption\">Sat\u0131l\u0131k 3 s\u0131ral\u0131 ekim makinesi<\/figcaption><\/figure>    <figure class=\"wp-block-image size-large\"><img loading=\"lazy\" decoding=\"async\" width=\"800\" height=\"800\" data-id=\"7349\" src=\"https:\/\/taizyagromachine.com\/wp-content\/uploads\/2024\/11\/4-row-corn-planter-machine-with-tractor.webp\" alt=\"4 s\u0131ral\u0131 m\u0131s\u0131r ekim makinas\u0131 trakt\u00f6rl\u00fc\" class=\"wp-image-7349\" srcset=\"https:\/\/taizyagromachine.com\/wp-content\/uploads\/2024\/11\/4-row-corn-planter-machine-with-tractor.webp 800w, https:\/\/taizyagromachine.com\/wp-content\/uploads\/2024\/11\/4-row-corn-planter-machine-with-tractor-12x12.webp 12w\" sizes=\"auto, (max-width: 800px) 100vw, 800px\" \/><figcaption class=\"wp-element-caption\">4 s\u0131ral\u0131 m\u0131s\u0131r ekim makinas\u0131 trakt\u00f6rl\u00fc<\/figcaption><\/figure> <\/figure>    <h2 class=\"wp-block-heading\"><strong>Neden ilk tercihiniz olarak Taizy m\u0131s\u0131r tohumu ekim makinesini se\u00e7melisiniz?<\/strong><\/h2>    <p>M\u0131s\u0131r m\u0131s\u0131r ekme makinemiz uluslararas\u0131 pazardaki m\u00fc\u015fterileri \u00e7ekmek i\u00e7in a\u015fa\u011f\u0131daki avantajlara sahiptir:<\/p>    <ul class=\"wp-block-list\"> <li><strong>Y\u00fcksek kalite garantisi<\/strong>: Taizy, ekipman\u0131n istikrarl\u0131 performans\u0131n\u0131 ve uzun hizmet \u00f6mr\u00fcn\u00fc sa\u011flamak i\u00e7in kendi \u00fcr\u00fcnlerini \u00fcretir ve satar.<\/li>    <li><strong>Tek elden hizmet<\/strong>: Sadece \u00e7e\u015fitli tipte m\u0131s\u0131r ekim makinelerimiz de\u011fil, ayn\u0131 zamanda <a href=\"https:\/\/taizyagromachine.com\/tr\/product\/single-row-corn-harvester\/\">m\u0131s\u0131r hasat makinesi<\/a>, harman, m\u0131s\u0131r \u00f6\u011f\u00fct\u00fcc\u00fc vb. \u0130htiyac\u0131n\u0131z olan m\u0131s\u0131r makinelerini tek seferlik tipte Taizy'den sat\u0131n alabilirsiniz.<\/li>    <li><strong>Sat\u0131\u015f sonras\u0131 servis<\/strong>: Endi\u015felenmemeniz i\u00e7in kapsaml\u0131 teknik destek ve bak\u0131m hizmetleri sa\u011fl\u0131yoruz.<\/li>    <li><strong>M\u00fc\u015fteri tan\u0131ma<\/strong>: M\u0131s\u0131r ekim makinesi, y\u00fcksek m\u00fc\u015fteri memnuniyeti ile uluslararas\u0131 pazarda olduk\u00e7a pop\u00fclerdir.<\/li> <\/ul>    <h2 class=\"wp-block-heading\"><strong>Ba\u015far\u0131l\u0131 \u00f6rnek: Birle\u015fik Krall\u0131k'a 16 tak\u0131m m\u0131s\u0131r ekme makinesi ihra\u00e7 etmek<\/strong><\/h2>    <p>Tar\u0131m makineleri sat\u0131\u015f \u015firketi i\u015fleten \u0130ngiltere'den bir m\u00fc\u015fteri, bir\u00e7ok markay\u0131 kar\u015f\u0131la\u015ft\u0131rd\u0131ktan sonra Taizy m\u0131s\u0131r ekim makinesini tercih etti. M\u00fc\u015fteri, esas olarak Afrika pazar\u0131na ihra\u00e7 edilen 16 tak\u0131m 3 s\u0131ral\u0131, 4 s\u0131ral\u0131 ve 5 s\u0131ral\u0131 m\u0131s\u0131r ekim makinesini tek seferde sat\u0131n ald\u0131.<\/p>    <p>M\u00fc\u015fteri, makinelerin verimli performans\u0131ndan ve hassas ekim yetene\u011finden memnun kald\u0131 ve ayn\u0131 zamanda Taizy'nin profesyonel y\u00fckleme \u00e7\u00f6z\u00fcm\u00fc ve nakliye hizmetini de b\u00fcy\u00fck \u00f6l\u00e7\u00fcde \u00f6vd\u00fc. Bu i\u015fbirli\u011fi vakas\u0131, Taize ekim ekipmanlar\u0131n\u0131n y\u00fcksek kalitesini ve geni\u015f uygulama alan\u0131n\u0131 vurgulamaktad\u0131r.<\/p>    <figure class=\"wp-block-gallery has-nested-images columns-default is-cropped wp-block-gallery-3 is-layout-flex wp-block-gallery-is-layout-flex\"> <figure class=\"wp-block-image size-large\"><img loading=\"lazy\" decoding=\"async\" width=\"720\" height=\"540\" data-id=\"7343\" src=\"https:\/\/taizyagromachine.com\/wp-content\/uploads\/2024\/11\/seed-drill-in-the-factory.webp\" alt=\"fabrikada ekim makinesi\" class=\"wp-image-7343\" srcset=\"https:\/\/taizyagromachine.com\/wp-content\/uploads\/2024\/11\/seed-drill-in-the-factory.webp 720w, https:\/\/taizyagromachine.com\/wp-content\/uploads\/2024\/11\/seed-drill-in-the-factory-16x12.webp 16w\" sizes=\"auto, (max-width: 720px) 100vw, 720px\" \/><figcaption class=\"wp-element-caption\">fabrikada ekim makinesi<\/figcaption><\/figure>    <figure class=\"wp-block-image size-large\"><img loading=\"lazy\" decoding=\"async\" width=\"720\" height=\"540\" data-id=\"7342\" src=\"https:\/\/taizyagromachine.com\/wp-content\/uploads\/2024\/11\/maize-seed-planter-package.webp\" alt=\"m\u0131s\u0131r tohumu ekme paketi\" class=\"wp-image-7342\" srcset=\"https:\/\/taizyagromachine.com\/wp-content\/uploads\/2024\/11\/maize-seed-planter-package.webp 720w, https:\/\/taizyagromachine.com\/wp-content\/uploads\/2024\/11\/maize-seed-planter-package-16x12.webp 16w\" sizes=\"auto, (max-width: 720px) 100vw, 720px\" \/><figcaption class=\"wp-element-caption\">m\u0131s\u0131r tohumu ekme paketi<\/figcaption><\/figure> <\/figure>    <figure class=\"wp-block-gallery has-nested-images columns-default is-cropped wp-block-gallery-4 is-layout-flex wp-block-gallery-is-layout-flex\"> <figure class=\"wp-block-image size-large\"><img loading=\"lazy\" decoding=\"async\" width=\"720\" height=\"720\" data-id=\"7345\" src=\"https:\/\/taizyagromachine.com\/wp-content\/uploads\/2024\/11\/4-row-corn-planter-machine-in-the-container.webp\" alt=\"Konteynerde 4 s\u0131ral\u0131 m\u0131s\u0131r ekme makinesi\" class=\"wp-image-7345\" srcset=\"https:\/\/taizyagromachine.com\/wp-content\/uploads\/2024\/11\/4-row-corn-planter-machine-in-the-container.webp 720w, https:\/\/taizyagromachine.com\/wp-content\/uploads\/2024\/11\/4-row-corn-planter-machine-in-the-container-12x12.webp 12w\" sizes=\"auto, (max-width: 720px) 100vw, 720px\" \/><figcaption class=\"wp-element-caption\">Konteynerde 4 s\u0131ral\u0131 m\u0131s\u0131r ekme makinesi<\/figcaption><\/figure>    <figure class=\"wp-block-image size-large\"><img loading=\"lazy\" decoding=\"async\" width=\"720\" height=\"720\" data-id=\"7346\" src=\"https:\/\/taizyagromachine.com\/wp-content\/uploads\/2024\/11\/machine-delivery-1.webp\" alt=\"makine teslimat\u0131\" class=\"wp-image-7346\" srcset=\"https:\/\/taizyagromachine.com\/wp-content\/uploads\/2024\/11\/machine-delivery-1.webp 720w, https:\/\/taizyagromachine.com\/wp-content\/uploads\/2024\/11\/machine-delivery-1-12x12.webp 12w\" sizes=\"auto, (max-width: 720px) 100vw, 720px\" \/><figcaption class=\"wp-element-caption\">makine teslimat\u0131<\/figcaption><\/figure> <\/figure>    <h2 class=\"wp-block-heading\"><strong>\u00dccretsiz teklif almak i\u00e7in hemen bizimle ileti\u015fime ge\u00e7in!<\/strong><\/h2>    <p>Taizy m\u0131s\u0131r ekme makinesi hakk\u0131nda daha fazla bilgi edinmek ister misiniz? \u00dcr\u00fcn yap\u0131land\u0131rmas\u0131, fiyat ayr\u0131nt\u0131lar\u0131 veya lojistik hizmetleri olsun, profesyonel yan\u0131tlar vermeye haz\u0131r\u0131z. Size \u00f6zel \u00e7\u00f6z\u00fcmler ve uygun fiyatlar i\u00e7in hemen bizimle ileti\u015fime ge\u00e7in!<\/p>","protected":false},"excerpt":{"rendered":"<p>Bu m\u0131s\u0131r ekim makinesi 2BYSF serisidir ve d\u00fczl\u00fcklerde ve engebeli alanlarda m\u0131s\u0131r tohumlar\u0131n\u0131 g\u00fcbreleyebilir ve ekebilir. 4 tekerlekli trakt\u00f6rle (12-100hp) \u00e7al\u0131\u015f\u0131r.<\/p>","protected":false},"author":1,"featured_media":7337,"parent":0,"template":"","tags":[235,234],"product-type":[17],"class_list":["post-7334","product","type-product","status-publish","has-post-thumbnail","hentry","tag-corn","tag-corn-planting","product-type-corn-machine"],"_links":{"self":[{"href":"https:\/\/taizyagromachine.com\/tr\/wp-json\/wp\/v2\/product\/7334","targetHints":{"allow":["GET"]}}],"collection":[{"href":"https:\/\/taizyagromachine.com\/tr\/wp-json\/wp\/v2\/product"}],"about":[{"href":"https:\/\/taizyagromachine.com\/tr\/wp-json\/wp\/v2\/types\/product"}],"author":[{"embeddable":true,"href":"https:\/\/taizyagromachine.com\/tr\/wp-json\/wp\/v2\/users\/1"}],"wp:featuredmedia":[{"embeddable":true,"href":"https:\/\/taizyagromachine.com\/tr\/wp-json\/wp\/v2\/media\/7337"}],"wp:attachment":[{"href":"https:\/\/taizyagromachine.com\/tr\/wp-json\/wp\/v2\/media?parent=7334"}],"wp:term":[{"taxonomy":"post_tag","embeddable":true,"href":"https:\/\/taizyagromachine.com\/tr\/wp-json\/wp\/v2\/tags?post=7334"},{"taxonomy":"product-type","embeddable":true,"href":"https:\/\/taizyagromachine.com\/tr\/wp-json\/wp\/v2\/product-type?post=7334"}],"curies":[{"name":"wp","href":"https:\/\/api.w.org\/{rel}","templated":true}]}}