{"id":7370,"date":"2024-12-04T14:37:28","date_gmt":"2024-12-04T06:37:28","guid":{"rendered":"https:\/\/taizyagromachine.com\/?post_type=product&#038;p=7370"},"modified":"2024-12-11T11:44:56","modified_gmt":"2024-12-11T03:44:56","slug":"wholesale-maize-shelling-machine","status":"publish","type":"product","link":"https:\/\/taizyagromachine.com\/tr\/product\/wholesale-maize-shelling-machine\/","title":{"rendered":"Toptan m\u0131s\u0131r bombard\u0131man\u0131 makinesi"},"content":{"rendered":"<p class=\"translation-block\">Taizy <strong>m\u0131s\u0131r kabu\u011fu ay\u0131klama makinesi<\/strong> yeni tasarlanm\u0131\u015ft\u0131r ve kapasitesi 4000-6000kg\/h olan m\u0131s\u0131r ay\u0131klama i\u00e7in kullan\u0131l\u0131r. 5TYM serisine aittir, k\u0131r\u0131lma oran\u0131 \u22641.5%,  ve ay\u0131klama oran\u0131 \u226598% de\u011fildir. Bu m\u0131s\u0131r kabu\u011fu ay\u0131klay\u0131c\u0131 makine elektrik motoru, benzinli motor veya dizel motorunu makine g\u00fcc\u00fc olarak kullanabilir.<\/p>    <p>Ayr\u0131ca makine, Afrikal\u0131 m\u00fc\u015fterilerin tercih etti\u011fi b\u00fcy\u00fck lastikleri ve \u015fasileri kullanabiliyor. M\u0131s\u0131r \u00fcreten alanlar, \u00e7iftlikler ve profesyoneller i\u00e7in en ideal yeni modeldir. Makinelerimiz genellikle Nikaragua gibi farkl\u0131 \u00fclkelerdeki m\u00fc\u015fterilere toptan sat\u0131lmaktad\u0131r. Daha fazlas\u0131n\u0131 \u00f6\u011frenmek istiyorsan\u0131z, istedi\u011finiz zaman bizimle ileti\u015fime ge\u00e7ebilirsiniz!<\/p>    <figure class=\"wp-block-embed is-type-video is-provider-youtube wp-block-embed-youtube wp-embed-aspect-16-9 wp-has-aspect-ratio\"><div class=\"wp-block-embed__wrapper\"> <iframe loading=\"lazy\" title=\"Neden bu m\u0131s\u0131r soyma makinesini b\u00fcy\u00fck tekerlekli ve sehpal\u0131 olarak sat\u0131n alas\u0131n\u0131z? M\u0131s\u0131r bombard\u0131man\u0131 makinesi #cornsheller\" width=\"500\" height=\"281\" src=\"https:\/\/www.youtube.com\/embed\/kxEESK82j0A?feature=oembed\" frameborder=\"0\" allow=\"accelerometer; autoplay; clipboard-write; encrypted-media; gyroscope; picture-in-picture; web-share\" referrerpolicy=\"strict-origin-when-cross-origin\" allowfullscreen><\/iframe> <\/div><figcaption class=\"wp-element-caption\">m\u0131s\u0131r soyma makinesi videosu<\/figcaption><\/figure>    <h2 class=\"wp-block-heading\"><strong>Yeni m\u0131s\u0131r bombard\u0131man\u0131 makinesinin avantajlar\u0131<\/strong><\/h2>    <ul class=\"wp-block-list\"> <li>B\u00fcy\u00fck \u00f6l\u00e7ekli \u00fcretim talebini y\u00fcksek verimli kar\u015f\u0131lamak i\u00e7in saatte 4-6 ton m\u0131s\u0131r i\u015fleyebilir.<\/li>    <li>Makine, m\u0131s\u0131r tanelerinin k\u0131r\u0131lma oran\u0131n\u0131 azaltan bilimsel harman tasar\u0131m\u0131n\u0131 benimser (k\u0131r\u0131lma oran\u0131 \u22641.5%).<\/li>    <li>Bu makine, tarlalar ve \u015fantiyeler aras\u0131nda hareket etmeye uygun b\u00fcy\u00fck tekerlekler ve \u00e7eki\u015f \u00e7er\u00e7evesiyle donat\u0131labilir.<\/li>    <li>M\u0131s\u0131r soyma makinemiz k\u00fc\u00e7\u00fck hacimli, kompakt yap\u0131ya, rahat kullan\u0131ma ve bak\u0131ma sahiptir.<\/li> <\/ul>    <figure class=\"wp-block-gallery has-nested-images columns-default is-cropped wp-block-gallery-2 is-layout-flex wp-block-gallery-is-layout-flex\"> <figure class=\"wp-block-image size-large\"><img loading=\"lazy\" decoding=\"async\" width=\"720\" height=\"540\" data-id=\"7375\" src=\"https:\/\/taizyagromachine.com\/wp-content\/uploads\/2024\/12\/cost-effective-corn-shelling-machine.webp\" alt=\"uygun maliyetli m\u0131s\u0131r bombard\u0131man\u0131 makinesi\" class=\"wp-image-7375\" srcset=\"https:\/\/taizyagromachine.com\/wp-content\/uploads\/2024\/12\/cost-effective-corn-shelling-machine.webp 720w, https:\/\/taizyagromachine.com\/wp-content\/uploads\/2024\/12\/cost-effective-corn-shelling-machine-16x12.webp 16w\" sizes=\"auto, (max-width: 720px) 100vw, 720px\" \/><figcaption class=\"wp-element-caption\">uygun maliyetli m\u0131s\u0131r bombard\u0131man\u0131 makinesi<\/figcaption><\/figure>    <figure class=\"wp-block-image size-large\"><img loading=\"lazy\" decoding=\"async\" width=\"720\" height=\"540\" data-id=\"7376\" src=\"https:\/\/taizyagromachine.com\/wp-content\/uploads\/2024\/12\/maize-sheller-with-big-tyres-and-frame.webp\" alt=\"b\u00fcy\u00fck lastikler ve \u00e7er\u00e7eve ile m\u0131s\u0131r daneleme makinesi\" class=\"wp-image-7376\" srcset=\"https:\/\/taizyagromachine.com\/wp-content\/uploads\/2024\/12\/maize-sheller-with-big-tyres-and-frame.webp 720w, https:\/\/taizyagromachine.com\/wp-content\/uploads\/2024\/12\/maize-sheller-with-big-tyres-and-frame-16x12.webp 16w\" sizes=\"auto, (max-width: 720px) 100vw, 720px\" \/><figcaption class=\"wp-element-caption\">b\u00fcy\u00fck lastikler ve \u00e7er\u00e7eve ile m\u0131s\u0131r daneleme makinesi<\/figcaption><\/figure> <\/figure>    <h2 class=\"wp-block-heading\"><strong>Ticari m\u0131s\u0131r bombard\u0131man\u0131 makinesinin teknik verileri<\/strong><\/h2>    <figure class=\"wp-block-table\"><table><tbody><tr><td>Modeli<\/td><td>5TYM-850<\/td><\/tr><tr><td>Kapasite<\/td><td>4000-6000kg\/saat<\/td><\/tr><tr><td>K\u0131r\u0131lma oran\u0131<\/td><td>\u22641,5%<\/td><\/tr><tr><td>Harman oran\u0131<\/td><td>\u226598%<\/td><\/tr><tr><td>E\u015fle\u015fen g\u00fc\u00e7<\/td><td>\u22655,5-7,5kw<\/td><\/tr><tr><td>A\u011f\u0131rl\u0131k<\/td><td>340kg<\/td><\/tr><\/tbody><\/table><figcaption class=\"wp-element-caption\">m\u0131s\u0131r bombard\u0131man\u0131 makinesinin parametreleri<\/figcaption><\/figure>    <p>Not: Tah\u0131l\u0131n nemi 15%-20%'dir ve tah\u0131l ile \u00e7im aras\u0131ndaki oran 0,4%-1,0%'dir.<\/p>    <h2 class=\"wp-block-heading\"><strong>M\u0131s\u0131r soyma makinesinin yap\u0131s\u0131<\/strong><\/h2>    <p>Fan, giri\u015f, m\u0131s\u0131r \u00e7ekirde\u011fi \u00e7\u0131k\u0131\u015f\u0131, m\u0131s\u0131r ko\u00e7an\u0131 \u00e7\u0131k\u0131\u015f\u0131, g\u00fc\u00e7 vb. par\u00e7alardan olu\u015fan yap\u0131s\u0131 anla\u015f\u0131lmas\u0131 olduk\u00e7a kolayd\u0131r.<\/p>   <div class=\"wp-block-image\"> <figure class=\"aligncenter size-full\"><img loading=\"lazy\" decoding=\"async\" width=\"720\" height=\"540\" src=\"https:\/\/taizyagromachine.com\/wp-content\/uploads\/2024\/12\/structure-of-maize-sheller-machine.webp\" alt=\"m\u0131s\u0131r soyma makinesinin yap\u0131s\u0131\" class=\"wp-image-7372\" srcset=\"https:\/\/taizyagromachine.com\/wp-content\/uploads\/2024\/12\/structure-of-maize-sheller-machine.webp 720w, https:\/\/taizyagromachine.com\/wp-content\/uploads\/2024\/12\/structure-of-maize-sheller-machine-16x12.webp 16w\" sizes=\"auto, (max-width: 720px) 100vw, 720px\" \/><figcaption class=\"wp-element-caption\">m\u0131s\u0131r soyma makinesinin yap\u0131s\u0131<\/figcaption><\/figure> <\/div>   <h2 class=\"wp-block-heading\"><strong>M\u0131s\u0131r bombard\u0131man\u0131 makinesi nas\u0131l \u00e7al\u0131\u015f\u0131r?<\/strong><\/h2>    <p>Harmanlama s\u0131ras\u0131nda m\u0131s\u0131r ko\u00e7anlar\u0131 besleme a\u011fz\u0131ndan ay\u0131rma odas\u0131na girer. Harmanlama, di\u015flerin vurulmas\u0131 ve m\u0131s\u0131rlar\u0131n ovalanmas\u0131yla ger\u00e7ekle\u015ftirilir. Harmanlanan m\u0131s\u0131r taneleri, kayan tah\u0131l plakas\u0131 arac\u0131l\u0131\u011f\u0131yla titre\u015fimli elek \u00fczerine d\u00fc\u015fer. <\/p>    <p>Ele\u011fin sallanmas\u0131yla taneler titre\u015fimli ele\u011fin alt\u0131na d\u00fc\u015fer ve k\u0131r\u0131lan ko\u00e7anlar elek y\u00fczeyinde silkelenerek makineden d\u0131\u015far\u0131 at\u0131l\u0131r. Kepek ve d\u00f6k\u00fcnt\u00fcler \u00fcfleyici taraf\u0131ndan emilir ve emme a\u00e7\u0131kl\u0131\u011f\u0131ndan d\u00fc\u015fme s\u00fcrecinde makineden d\u0131\u015far\u0131 at\u0131l\u0131r. M\u0131s\u0131r ko\u00e7anlar\u0131 tamburun itmesiyle \u00e7\u0131k\u0131\u015ftan bo\u015falt\u0131l\u0131r.<\/p>   <div class=\"wp-block-image\"> <figure class=\"aligncenter size-full\"><img loading=\"lazy\" decoding=\"async\" width=\"720\" height=\"540\" src=\"https:\/\/taizyagromachine.com\/wp-content\/uploads\/2024\/12\/small-maize-sheller-machine-for-corn-threshing.webp\" alt=\"M\u0131s\u0131r harmanlama i\u00e7in k\u00fc\u00e7\u00fck m\u0131s\u0131r soyma makinesi\" class=\"wp-image-7373\" srcset=\"https:\/\/taizyagromachine.com\/wp-content\/uploads\/2024\/12\/small-maize-sheller-machine-for-corn-threshing.webp 720w, https:\/\/taizyagromachine.com\/wp-content\/uploads\/2024\/12\/small-maize-sheller-machine-for-corn-threshing-16x12.webp 16w\" sizes=\"auto, (max-width: 720px) 100vw, 720px\" \/><figcaption class=\"wp-element-caption\">M\u0131s\u0131r harmanlama i\u00e7in k\u00fc\u00e7\u00fck m\u0131s\u0131r soyma makinesi<\/figcaption><\/figure> <\/div>   <h2 class=\"wp-block-heading\"><strong>M\u0131s\u0131r soyma makinesi fiyat\u0131 nedir?<\/strong><\/h2>    <p>Taizy m\u0131s\u0131r ay\u0131klama makinesi fiyat\u0131, makinenin \u00f6zelliklerine, kapasitesine, harman verimine, hareket kabiliyeti ve yabanc\u0131 maddelerin ayr\u0131lmas\u0131 gibi ek \u00f6zelliklere g\u00f6re de\u011fi\u015fmektedir. Makinenin \u00f6zellikleri ve kapasitesi ne kadar fazla olursa, makinenin fiyat\u0131 da o kadar y\u00fcksek olur.<\/p>    <p>\u00d6zel makine fiyat\u0131n\u0131 \u00f6\u011frenmek istiyorsan\u0131z do\u011frudan Taizy ile ileti\u015fime ge\u00e7ebilirsiniz. \u0130htiya\u00e7lar\u0131n\u0131za ve b\u00fct\u00e7enize g\u00f6re sizin i\u00e7in do\u011fru modeli se\u00e7ip en iyi program\u0131 \u00f6nerece\u011fiz.<\/p>    <h2 class=\"wp-block-heading\"><strong>Ba\u015far\u0131l\u0131 \u00f6rnek: Nikaragua i\u00e7in toptan m\u0131s\u0131r bombard\u0131man\u0131 makinesi<\/strong><\/h2>    <p>Nikaragua'daki bir m\u00fc\u015fteri k\u0131sa bir s\u00fcre \u00f6nce, esas olarak yerel \u00e7ift\u00e7ilerin ve tah\u0131l i\u015fleyicilerinin sat\u0131\u015f ihtiya\u00e7lar\u0131 i\u00e7in toplam 5 adetlik bir parti m\u0131s\u0131r harman makinesi sipari\u015f etti. Bu m\u00fc\u015fteri makinenin performans\u0131, fiyat\u0131 ve nakliye ambalaj\u0131 konusunda endi\u015feliydi ve makine kalitesi ve nakliye g\u00fcvenli\u011fi konusunda g\u00fcvence istedi.<\/p>    <p>\u0130htiya\u00e7lar\u0131na g\u00f6re, \u00e7iftlikler aras\u0131nda kolay hareket i\u00e7in b\u00fcy\u00fck tekerlekler ve \u00e7eki\u015f \u00e7er\u00e7eveleriyle donat\u0131lm\u0131\u015f, istikrarl\u0131 performansa sahip b\u00fcy\u00fck m\u0131s\u0131r ay\u0131klama makinelerini \u00f6nerdik. Ayn\u0131 zamanda her makinenin deniz ta\u015f\u0131mac\u0131l\u0131\u011f\u0131 s\u0131ras\u0131nda hasar g\u00f6rmemesi i\u00e7in tahta sand\u0131k ambalaj\u0131 da sa\u011fl\u0131yoruz.<\/p>    <p>M\u00fc\u015fteri makineyi teslim al\u0131p kullan\u0131ma a\u00e7t\u0131ktan sonra harman verimi y\u00fcksekti ve yerel pazar talebini kar\u015f\u0131lad\u0131, m\u00fc\u015fteri makineden y\u00fcksek memnuniyet duydu\u011funu ifade etti ve daha fazla i\u015fbirli\u011fi planlad\u0131.<\/p>    <figure class=\"wp-block-gallery has-nested-images columns-default is-cropped wp-block-gallery-3 is-layout-flex wp-block-gallery-is-layout-flex\"> <figure class=\"wp-block-image size-full\"><img loading=\"lazy\" decoding=\"async\" width=\"720\" height=\"540\" data-id=\"7374\" src=\"https:\/\/taizyagromachine.com\/wp-content\/uploads\/2024\/12\/maize-shelling-machine-manufacturer.webp\" alt=\"m\u0131s\u0131r bombard\u0131man\u0131 makinesi \u00fcreticisi\" class=\"wp-image-7374\" srcset=\"https:\/\/taizyagromachine.com\/wp-content\/uploads\/2024\/12\/maize-shelling-machine-manufacturer.webp 720w, https:\/\/taizyagromachine.com\/wp-content\/uploads\/2024\/12\/maize-shelling-machine-manufacturer-16x12.webp 16w\" sizes=\"auto, (max-width: 720px) 100vw, 720px\" \/><figcaption class=\"wp-element-caption\">m\u0131s\u0131r bombard\u0131man\u0131 makinesi \u00fcreticisi<\/figcaption><\/figure>    <figure class=\"wp-block-image size-full\"><img loading=\"lazy\" decoding=\"async\" width=\"720\" height=\"540\" data-id=\"7036\" src=\"https:\/\/taizyagromachine.com\/wp-content\/uploads\/2024\/09\/machine-package-ready-for-delivery.webp\" alt=\"makine paketi teslimata haz\u0131r\" class=\"wp-image-7036\" srcset=\"https:\/\/taizyagromachine.com\/wp-content\/uploads\/2024\/09\/machine-package-ready-for-delivery.webp 720w, https:\/\/taizyagromachine.com\/wp-content\/uploads\/2024\/09\/machine-package-ready-for-delivery-16x12.webp 16w\" sizes=\"auto, (max-width: 720px) 100vw, 720px\" \/><figcaption class=\"wp-element-caption\">makine paketi teslimata haz\u0131r<\/figcaption><\/figure> <\/figure>    <h2 class=\"wp-block-heading\"><strong>\u00dccretsiz fiyat teklifi i\u00e7in hemen bizimle ileti\u015fime ge\u00e7in!<\/strong><\/h2>    <p class=\"translation-block\">Deneyimli bir tar\u0131m makineleri tedarik\u00e7isi olarak \u00e7e\u015fitli m\u0131s\u0131r makineleri sat\u0131yoruz, \u00f6rn. <a href=\"https:\/\/taizyagromachine.com\/tr\/product\/fresh-corn-sheller\/\">tatl\u0131 m\u0131s\u0131r kabu\u011fu ay\u0131r\u0131c\u0131<\/a>, \u00e7eki\u00e7li de\u011firmen, <a href=\"https:\/\/taizyagromachine.com\/tr\/product\/no-till-corn-planter-machine\/\">m\u0131s\u0131r ekici<\/a>, vb. <\/p>    <p class=\"translation-block\">Maliyet a\u00e7\u0131s\u0131ndan verimli m\u0131s\u0131r kabu\u011fu ay\u0131rma ekipman\u0131 m\u0131 ar\u0131yorsunuz? E\u011fer \u00f6yleyse gelin \u015fimdi bizimle ileti\u015fim kurun. En iyi <a href=\"https:\/\/en.wikipedia.org\/wiki\/Maize\" target=\"_blank\" rel=\"noopener\">maize<\/a> ay\u0131rma \u00e7\u00f6z\u00fcm\u00fcn\u00fc ve referans\u0131n\u0131z i\u00e7in \u00fccretsiz teklifi sunaca\u011f\u0131z.<\/p>    <figure class=\"wp-block-embed is-type-video is-provider-youtube wp-block-embed-youtube wp-embed-aspect-16-9 wp-has-aspect-ratio\"><div class=\"wp-block-embed__wrapper\"> <iframe loading=\"lazy\" title=\"Y\u00fcksek h\u0131zl\u0131 M\u0131s\u0131r ay\u0131klama i\u00e7in verimli m\u0131s\u0131r ay\u0131klama makinesi #cornsheller #maize #thresher\" width=\"500\" height=\"281\" src=\"https:\/\/www.youtube.com\/embed\/qpD6OqSDwFk?feature=oembed\" frameborder=\"0\" allow=\"accelerometer; autoplay; clipboard-write; encrypted-media; gyroscope; picture-in-picture; web-share\" referrerpolicy=\"strict-origin-when-cross-origin\" allowfullscreen><\/iframe> <\/div><figcaption class=\"wp-element-caption\">m\u0131s\u0131r s\u0131kma videosu<\/figcaption><\/figure>","protected":false},"excerpt":{"rendered":"<p>Taizy m\u0131s\u0131r ay\u0131klama makinesi, 4000-6000kg\/saat kapasiteli, m\u0131s\u0131r harmanlama i\u00e7in yeni tasarlanm\u0131\u015f olup, genellikle farkl\u0131 \u00fclkelere toptan olarak sat\u0131lmaktad\u0131r.<\/p>","protected":false},"author":1,"featured_media":7371,"parent":0,"template":"","tags":[235,237,236],"product-type":[17],"class_list":["post-7370","product","type-product","status-publish","has-post-thumbnail","hentry","tag-corn","tag-shelling","tag-threshing","product-type-corn-machine"],"_links":{"self":[{"href":"https:\/\/taizyagromachine.com\/tr\/wp-json\/wp\/v2\/product\/7370","targetHints":{"allow":["GET"]}}],"collection":[{"href":"https:\/\/taizyagromachine.com\/tr\/wp-json\/wp\/v2\/product"}],"about":[{"href":"https:\/\/taizyagromachine.com\/tr\/wp-json\/wp\/v2\/types\/product"}],"author":[{"embeddable":true,"href":"https:\/\/taizyagromachine.com\/tr\/wp-json\/wp\/v2\/users\/1"}],"wp:featuredmedia":[{"embeddable":true,"href":"https:\/\/taizyagromachine.com\/tr\/wp-json\/wp\/v2\/media\/7371"}],"wp:attachment":[{"href":"https:\/\/taizyagromachine.com\/tr\/wp-json\/wp\/v2\/media?parent=7370"}],"wp:term":[{"taxonomy":"post_tag","embeddable":true,"href":"https:\/\/taizyagromachine.com\/tr\/wp-json\/wp\/v2\/tags?post=7370"},{"taxonomy":"product-type","embeddable":true,"href":"https:\/\/taizyagromachine.com\/tr\/wp-json\/wp\/v2\/product-type?post=7370"}],"curies":[{"name":"wp","href":"https:\/\/api.w.org\/{rel}","templated":true}]}}