{"id":7386,"date":"2024-12-12T17:43:44","date_gmt":"2024-12-12T09:43:44","guid":{"rendered":"https:\/\/taizyagromachine.com\/?post_type=product&#038;p=7386"},"modified":"2024-12-13T09:58:37","modified_gmt":"2024-12-13T01:58:37","slug":"mini-crawler-rotary-tiller","status":"publish","type":"product","link":"https:\/\/taizyagromachine.com\/tr\/product\/mini-crawler-rotary-tiller\/","title":{"rendered":"\u00c7ok fonksiyonlu mini paletli d\u00f6ner yeke"},"content":{"rendered":"<p class=\"translation-block\">Taizy <strong>paletli rotatif k\u00fcltivat\u00f6r<\/strong>, \u00fcz\u00fcm, meyve a\u011fa\u00e7lar\u0131, kurt \u00fcz\u00fcm\u00fc ve di\u011fer nakit mahsuller i\u00e7in s\u00fcrme ve g\u00fcbreleme amac\u0131yla kullan\u0131lan en son \u00e7ok i\u015flevli k\u00fcltivat\u00f6rd\u00fcr.<\/p>    <p>Bu mikro paletli yeke, kanal a\u00e7ma, g\u00fcbreleme, otomatik dolgu, tek seferlik tamamlama (kimyasal g\u00fcbre + organik g\u00fcbre), kar\u0131k topra\u011f\u0131 ve g\u00fcbrenin ayr\u0131lmas\u0131, d\u00f6ner toprak i\u015fleme ve ay\u0131klama i\u015flevlerine sahiptir.<\/p>    <p>\u00c7amurlu, kaygan veya d\u00fczensiz arazide \u00e7al\u0131\u015fmak i\u00e7in \u00e7ok uygun olan m\u00fckemmel kavrama ve stabiliteye sahip bir paletli seyahat yap\u0131s\u0131 benimser. \u0130lgileniyorsan\u0131z, daha fazla ayr\u0131nt\u0131 i\u00e7in bizimle ileti\u015fime ge\u00e7in!<\/p>    <figure class=\"wp-block-embed is-type-video is-provider-youtube wp-block-embed-youtube wp-embed-aspect-16-9 wp-has-aspect-ratio\"><div class=\"wp-block-embed__wrapper\"> <iframe loading=\"lazy\" title=\"G\u00fc\u00e7l\u00fc paletli mini yeke | Verimli tar\u0131m \u00e7\u00f6z\u00fcm\u00fc: paletli tar\u0131msal mikro k\u00fcltivat\u00f6r\" width=\"500\" height=\"281\" src=\"https:\/\/www.youtube.com\/embed\/VOv-FUahp0s?feature=oembed\" frameborder=\"0\" allow=\"accelerometer; autoplay; clipboard-write; encrypted-media; gyroscope; picture-in-picture; web-share\" referrerpolicy=\"strict-origin-when-cross-origin\" allowfullscreen><\/iframe> <\/div><figcaption class=\"wp-element-caption\">d\u00f6ner yekeli hafif a\u011f\u0131rl\u0131kl\u0131 paletli trakt\u00f6r\u00fcn videosu<\/figcaption><\/figure>    <h2 class=\"wp-block-heading\"><strong>Dizel g\u00fc\u00e7 paletli d\u00f6ner yeke avantajlar\u0131<\/strong><\/h2>    <ul class=\"wp-block-list\"> <li>Paletli trakt\u00f6r d\u00f6ner yekemiz bir\u00e7ok \u00f6nemli avantaja sahip verimli bir tar\u0131m ekipman\u0131d\u0131r:<\/li>    <li>Makine benimser <strong>G\u00fc\u00e7l\u00fc kavrama performans\u0131na sahip lastik palet tasar\u0131m\u0131<\/strong>, karma\u015f\u0131k arazilere uyum sa\u011flama.<\/li>    <li>Bir <strong>k\u00fc\u00e7\u00fck boyut ve esnek direksiyon<\/strong>Da\u011flar, tepeler, meyve bah\u00e7eleri, seralar vb. i\u00e7in uygundur.<\/li>    <li>Paletli mikrotillerimiz a\u015fa\u011f\u0131dakiler i\u00e7in kullan\u0131labilir: <strong>d\u00f6ner \u00e7ift\u00e7ilik, kar\u0131k a\u00e7ma, dolgu<\/strong> ve y\u00fcksek i\u015fletme verimlili\u011fine sahip di\u011fer tar\u0131msal i\u015flemler.<\/li>    <li>B\u00fcy\u00fck trakt\u00f6rlerle kar\u015f\u0131la\u015ft\u0131r\u0131ld\u0131\u011f\u0131nda mini paletli k\u00fcltivat\u00f6r <strong>daha ekonomik ve pratik<\/strong>\u00f6zellikle k\u00fc\u00e7\u00fck \u00e7iftlikler veya bireysel \u00e7ift\u00e7iler i\u00e7in uygundur.<\/li> <\/ul>   <div class=\"wp-block-image\"> <figure class=\"aligncenter size-full\"><img loading=\"lazy\" decoding=\"async\" width=\"720\" height=\"540\" src=\"https:\/\/taizyagromachine.com\/wp-content\/uploads\/2024\/12\/light-weighed-crawler-tractor-with-rotary-tiller.webp\" alt=\"d\u00f6ner yekeli hafif a\u011f\u0131rl\u0131kl\u0131 paletli trakt\u00f6r\" class=\"wp-image-7392\" srcset=\"https:\/\/taizyagromachine.com\/wp-content\/uploads\/2024\/12\/light-weighed-crawler-tractor-with-rotary-tiller.webp 720w, https:\/\/taizyagromachine.com\/wp-content\/uploads\/2024\/12\/light-weighed-crawler-tractor-with-rotary-tiller-16x12.webp 16w\" sizes=\"auto, (max-width: 720px) 100vw, 720px\" \/><figcaption class=\"wp-element-caption\">d\u00f6ner yekeli hafif a\u011f\u0131rl\u0131kl\u0131 paletli trakt\u00f6r<\/figcaption><\/figure> <\/div>   <h2 class=\"wp-block-heading\"><strong>Mini paletli trakt\u00f6r yekesinin teknik parametreleri <\/strong><\/h2>    <figure class=\"wp-block-table\"><table class=\"has-fixed-layout\"><tbody><tr><td><strong>A\u011f\u0131rl\u0131k<\/strong><strong><\/strong><\/td><td>650kg<\/td><td><strong>Boyut<\/strong><strong><\/strong><\/td><td>2500*900*950mm<\/td><\/tr><tr><td><strong>Zemin y\u00fcksekli\u011fi<\/strong><strong><\/strong><\/td><td>200 mm<\/td><td><strong>D\u00f6ner toprak i\u015fleme geni\u015fli\u011fi<\/strong><strong><\/strong><\/td><td>1000mm<\/td><\/tr><tr><td><strong>Kald\u0131rmak<\/strong><strong><\/strong><\/td><td>Hidrolik Kontrol<\/td><td><strong>\u00c7al\u0131\u015fma h\u0131z\u0131<\/strong><strong><\/strong><\/td><td>0,17-0,2 hektar\/saat<\/td><\/tr><tr><td><strong>Vites<\/strong><strong><\/strong><\/td><td>3 ileri vites, 1 geri vites<\/td><td><strong>E\u011fim \u00e7al\u0131\u015fmas\u0131<\/strong><strong><\/strong><\/td><td>45\u00b0<\/td><\/tr><tr><td><strong>Ba\u015flang\u0131\u00e7 \u200b\u200by\u00f6ntemi<\/strong><strong><\/strong><\/td><td>Elektrikli mar\u015f<\/td><td><strong>Direksiyon<\/strong><strong><\/strong><\/td><td>Sol ve sa\u011f \u00e7al\u0131\u015ft\u0131rma kolu<\/td><\/tr><tr><td><strong>\u0130\u015flev<\/strong><strong><\/strong><\/td><td colspan=\"3\"><a href=\"https:\/\/en.wikipedia.org\/wiki\/Bulldozer\" target=\"_blank\" rel=\"noopener\">Buldozerleme<\/a>, d\u00f6ner toprak i\u015fleme, kanal a\u00e7ma, yabani ot temizleme, dolgu<\/td><\/tr><\/tbody><\/table><figcaption class=\"wp-element-caption\">paletli d\u00f6ner yeke \u00f6zellikleri<\/figcaption><\/figure>    <p>Bu paletli tip k\u00fcltivat\u00f6r 0,17-0,2 hektar\/saat kapasiteye sahiptir, elektrikli mar\u015f motoru kullan\u0131r ve 650 kg a\u011f\u0131rl\u0131\u011f\u0131ndad\u0131r. Ayr\u0131ca yukar\u0131daki tablodan boyutunu, \u00e7al\u0131\u015fma h\u0131z\u0131n\u0131 vb. \u00f6\u011frenebilirsiniz. Daha fazla ayr\u0131nt\u0131 istiyorsan\u0131z bizimle ileti\u015fime ge\u00e7in!<\/p>    <h2 class=\"wp-block-heading\"><strong>Mikro paletli d\u00f6ner yeke yap\u0131s\u0131<\/strong><\/h2>    <p>Paletli trakt\u00f6r d\u00f6ner yekemiz sepet, dizel motor, direksiyon kolu, koltuk, d\u00f6ner yeke (veya di\u011fer tar\u0131m aletleri), paletli vb. olu\u015fan kompakt ve makul bir yap\u0131ya sahiptir.<\/p>   <div class=\"wp-block-image\"> <figure class=\"aligncenter size-full\"><img loading=\"lazy\" decoding=\"async\" width=\"720\" height=\"540\" src=\"https:\/\/taizyagromachine.com\/wp-content\/uploads\/2024\/12\/structure-of-mini-crawler-power-tiller.webp\" alt=\"mini paletli g\u00fc\u00e7 yekesinin yap\u0131s\u0131\" class=\"wp-image-7388\" srcset=\"https:\/\/taizyagromachine.com\/wp-content\/uploads\/2024\/12\/structure-of-mini-crawler-power-tiller.webp 720w, https:\/\/taizyagromachine.com\/wp-content\/uploads\/2024\/12\/structure-of-mini-crawler-power-tiller-16x12.webp 16w\" sizes=\"auto, (max-width: 720px) 100vw, 720px\" \/><figcaption class=\"wp-element-caption\">mini paletli g\u00fc\u00e7 yekesinin yap\u0131s\u0131<\/figcaption><\/figure> <\/div>   <h2 class=\"wp-block-heading\"><strong>Paletli mikro yeke fiyat\u0131 nedir?<\/strong><\/h2>    <p>Mini bir paletli trakt\u00f6r\u00fcn parkur ile fiyat\u0131, model, \u00f6zellikler, yap\u0131land\u0131rma ve men\u015fe yerine ba\u011fl\u0131 olarak de\u011fi\u015fir. Genel olarak konu\u015fursak, standart modeller orta derecede fiyatland\u0131r\u0131l\u0131r ve \u00e7o\u011fu \u00e7ift\u00e7inin ihtiya\u00e7lar\u0131 i\u00e7in uygundur. Daha fazla \u00f6zelli\u011fe veya daha fazla i\u015flevi olan modeller biraz daha pahal\u0131 olacakt\u0131r. \u00d6zel bir yap\u0131land\u0131rmay\u0131 \u00f6zelle\u015ftirmeniz gerekiyorsa, fiyat buna g\u00f6re ayarlanacakt\u0131r. <\/p>    <p>Dizel motorlu mini paletli trakt\u00f6r d\u00f6ner yekeli k\u00fcltivat\u00f6r sat\u0131n al\u0131rken ihtiya\u00e7lar\u0131n\u0131za ve b\u00fct\u00e7enize uygun bir dizel trakt\u00f6r paletli d\u00f6ner yekeyi \u00f6nerebiliriz.<\/p>   <div class=\"wp-block-image\"> <figure class=\"aligncenter size-full\"><img loading=\"lazy\" decoding=\"async\" width=\"720\" height=\"540\" src=\"https:\/\/taizyagromachine.com\/wp-content\/uploads\/2024\/12\/small-crawler-tiller-micro-cultivator-for-orchard.webp\" alt=\"meyve bah\u00e7esi i\u00e7in k\u00fc\u00e7\u00fck paletli yeke mikro k\u00fcltivat\u00f6r\" class=\"wp-image-7393\" srcset=\"https:\/\/taizyagromachine.com\/wp-content\/uploads\/2024\/12\/small-crawler-tiller-micro-cultivator-for-orchard.webp 720w, https:\/\/taizyagromachine.com\/wp-content\/uploads\/2024\/12\/small-crawler-tiller-micro-cultivator-for-orchard-16x12.webp 16w\" sizes=\"auto, (max-width: 720px) 100vw, 720px\" \/><figcaption class=\"wp-element-caption\">meyve bah\u00e7esi i\u00e7in k\u00fc\u00e7\u00fck paletli yeke mikro k\u00fcltivat\u00f6r<\/figcaption><\/figure> <\/div>   <h2 class=\"wp-block-heading\"><strong>Neden mikro paletli d\u00f6ner yeke tedarik\u00e7isi olarak Taizy'yi se\u00e7melisiniz?<\/strong><\/h2>    <p>Tar\u0131m pazar\u0131nda Taizy, a\u015fa\u011f\u0131daki g\u00fc\u00e7l\u00fc y\u00f6nleriyle g\u00fcvenilir bir isimdir:<\/p>    <ul class=\"wp-block-list\"> <li><strong>Tek elden hizmet<\/strong>: Paletli mikro \u00e7apalama makinesinin arka k\u0131sm\u0131, iz s\u00fcrme ekipman\u0131, dozer vb. gibi di\u011fer tar\u0131m aletleriyle de\u011fi\u015ftirilebilir. Zaman kaybetmeden tek seferde bizden sat\u0131n alabilirsiniz.<\/li>    <li><strong>Uygun fiyat<\/strong>: Piyasadaki benzer \u00fcr\u00fcnlerle kar\u015f\u0131la\u015ft\u0131r\u0131ld\u0131\u011f\u0131nda Taizy paletli mikro rotatif k\u00fcltivat\u00f6r ayn\u0131 kalite ve performansla daha uygun fiyatl\u0131d\u0131r. Ayn\u0131 zamanda, \u00e7ift\u00e7ilerin sat\u0131n alma maliyetlerini azaltmalar\u0131na yard\u0131mc\u0131 olmak i\u00e7in m\u00fc\u015fterilerimize s\u0131kl\u0131kla ayr\u0131cal\u0131kl\u0131 politikalar sunuyoruz.<\/li>    <li><strong>M\u00fckemmel sat\u0131\u015f sonras\u0131 servis<\/strong>: Taizy, ekipman\u0131n devreye al\u0131nmas\u0131, i\u015fletme e\u011fitimi ve bak\u0131m deste\u011fi de dahil olmak \u00fczere kapsaml\u0131 sat\u0131\u015f sonras\u0131 hizmet sa\u011flar. Kar\u015f\u0131la\u015ft\u0131\u011f\u0131n\u0131z sorunlar ne olursa olsun, profesyonel ekibimiz size zaman\u0131nda yard\u0131mc\u0131 olacakt\u0131r. G\u00fcvenle sat\u0131n alabilir, g\u00f6n\u00fcl rahatl\u0131\u011f\u0131yla kullanabilirsiniz.<\/li>    <li><strong>Uluslararas\u0131 tan\u0131nan marka<\/strong>: Tar\u0131ml\u0131 bir tar\u0131m makinesi markas\u0131 olarak, Taizy\u2019nin \u00fcr\u00fcnleri bir\u00e7ok \u00fclkeye sat\u0131ld\u0131 ve d\u00fcnya \u00e7ap\u0131nda kullan\u0131c\u0131lar taraf\u0131ndan geni\u015f \u00e7apta \u00f6v\u00fcld\u00fc. Sadece paletli g\u00fc\u00e7 yeke de\u011fil, ayn\u0131 zamanda <a href=\"https:\/\/taizyagromachine.com\/tr\/product\/reaper-machine\/\">orak makinesi<\/a>, <a href=\"https:\/\/taizyagromachine.com\/tr\/product\/two-wheel-drive-walking-type-tractor\/\">arkadan \u00e7ekmeli trakt\u00f6r<\/a> ve daha fazlas\u0131.<\/li> <\/ul>    <figure class=\"wp-block-gallery has-nested-images columns-default is-cropped wp-block-gallery-2 is-layout-flex wp-block-gallery-is-layout-flex\"> <figure class=\"wp-block-image size-large\"><img loading=\"lazy\" decoding=\"async\" width=\"720\" height=\"540\" data-id=\"7395\" src=\"https:\/\/taizyagromachine.com\/wp-content\/uploads\/2024\/12\/micro-crawler-rotary-cultivator-manufacturer.webp\" alt=\"mikro paletli d\u00f6ner k\u00fcltivat\u00f6r \u00fcreticisi\" class=\"wp-image-7395\" srcset=\"https:\/\/taizyagromachine.com\/wp-content\/uploads\/2024\/12\/micro-crawler-rotary-cultivator-manufacturer.webp 720w, https:\/\/taizyagromachine.com\/wp-content\/uploads\/2024\/12\/micro-crawler-rotary-cultivator-manufacturer-16x12.webp 16w\" sizes=\"auto, (max-width: 720px) 100vw, 720px\" \/><figcaption class=\"wp-element-caption\">mikro paletli d\u00f6ner k\u00fcltivat\u00f6r \u00fcreticisi<\/figcaption><\/figure>    <figure class=\"wp-block-image size-large\"><img loading=\"lazy\" decoding=\"async\" width=\"720\" height=\"540\" data-id=\"7394\" src=\"https:\/\/taizyagromachine.com\/wp-content\/uploads\/2024\/12\/crawler-type-rotary-tiller-factory.webp\" alt=\"paletli tip d\u00f6ner yeke fabrikas\u0131\" class=\"wp-image-7394\" srcset=\"https:\/\/taizyagromachine.com\/wp-content\/uploads\/2024\/12\/crawler-type-rotary-tiller-factory.webp 720w, https:\/\/taizyagromachine.com\/wp-content\/uploads\/2024\/12\/crawler-type-rotary-tiller-factory-16x12.webp 16w\" sizes=\"auto, (max-width: 720px) 100vw, 720px\" \/><figcaption class=\"wp-element-caption\">paletli tip d\u00f6ner yeke fabrikas\u0131<\/figcaption><\/figure> <\/figure>    <h2 class=\"wp-block-heading\"><strong>Daha fazla ayr\u0131nt\u0131 i\u00e7in bizimle ileti\u015fime ge\u00e7in!<\/strong><\/h2>    <p>Y\u00fcksek performansl\u0131 bir mini paletli k\u00fcltivat\u00f6r m\u00fc ar\u0131yorsunuz? Bug\u00fcn Taizy ile ileti\u015fime ge\u00e7in! Ekibimiz ihtiya\u00e7lar\u0131n\u0131z\u0131 kar\u015f\u0131lamak i\u00e7in ayr\u0131nt\u0131l\u0131 \u00fcr\u00fcn bilgileri, teknik destek ve ki\u015fiselle\u015ftirilmi\u015f \u00e7\u00f6z\u00fcmler sunmaya haz\u0131rd\u0131r. \u015eimdi ileti\u015fime ge\u00e7in ve Taizy'nin \u00e7ift\u00e7ilik verimlili\u011finizi art\u0131rmaya nas\u0131l yard\u0131mc\u0131 olabilece\u011fini ke\u015ffedin!<\/p>","protected":false},"excerpt":{"rendered":"<p>Taizy paletli d\u00f6ner yeke, \u00fcz\u00fcmlerin, meyve a\u011fa\u00e7lar\u0131n\u0131n, kurt meyvelerinin ve di\u011fer ticari mahsullerin ekimi ve g\u00fcbrelenmesi i\u00e7in kullan\u0131lan en yeni \u00e7ok i\u015flevli k\u00fcltivat\u00f6rd\u00fcr.<\/p>","protected":false},"author":1,"featured_media":7387,"parent":0,"template":"","tags":[239,238],"product-type":[22],"class_list":["post-7386","product","type-product","status-publish","has-post-thumbnail","hentry","tag-farming","tag-tiller","product-type-others"],"_links":{"self":[{"href":"https:\/\/taizyagromachine.com\/tr\/wp-json\/wp\/v2\/product\/7386","targetHints":{"allow":["GET"]}}],"collection":[{"href":"https:\/\/taizyagromachine.com\/tr\/wp-json\/wp\/v2\/product"}],"about":[{"href":"https:\/\/taizyagromachine.com\/tr\/wp-json\/wp\/v2\/types\/product"}],"author":[{"embeddable":true,"href":"https:\/\/taizyagromachine.com\/tr\/wp-json\/wp\/v2\/users\/1"}],"wp:featuredmedia":[{"embeddable":true,"href":"https:\/\/taizyagromachine.com\/tr\/wp-json\/wp\/v2\/media\/7387"}],"wp:attachment":[{"href":"https:\/\/taizyagromachine.com\/tr\/wp-json\/wp\/v2\/media?parent=7386"}],"wp:term":[{"taxonomy":"post_tag","embeddable":true,"href":"https:\/\/taizyagromachine.com\/tr\/wp-json\/wp\/v2\/tags?post=7386"},{"taxonomy":"product-type","embeddable":true,"href":"https:\/\/taizyagromachine.com\/tr\/wp-json\/wp\/v2\/product-type?post=7386"}],"curies":[{"name":"wp","href":"https:\/\/api.w.org\/{rel}","templated":true}]}}