{"id":7410,"date":"2024-12-18T16:53:21","date_gmt":"2024-12-18T08:53:21","guid":{"rendered":"https:\/\/taizyagromachine.com\/?post_type=product&#038;p=7410"},"modified":"2024-12-18T17:01:22","modified_gmt":"2024-12-18T09:01:22","slug":"small-corn-harvesting-machine","status":"publish","type":"product","link":"https:\/\/taizyagromachine.com\/tr\/product\/small-corn-harvesting-machine\/","title":{"rendered":"Koltuklu k\u00fc\u00e7\u00fck m\u0131s\u0131r hasat makinesi"},"content":{"rendered":"<p class=\"translation-block\">Taizy <strong>m\u0131s\u0131r hasat makinesi<\/strong>, m\u0131s\u0131r toplama, soyma, sap par\u00e7alama ve m\u0131s\u0131r toplama i\u015flevlerini birle\u015ftirerek m\u0131s\u0131r hasad\u0131 g\u00f6revini verimli ve h\u0131zl\u0131 bir \u015fekilde tamamlar. Saatte 0.05-0.12 hektar m\u0131s\u0131r hasat edebilir.<\/p>    <p>Bu mazie bi\u00e7erd\u00f6ver makinesi oturma tasar\u0131m\u0131na, b\u00fcy\u00fck lastiklere sahiptir ve 25hp ile \u00e7al\u0131\u015ft\u0131r\u0131lmaktad\u0131r. Y\u00fcksek verimlili\u011fi, i\u015f g\u00fcc\u00fc tasarrufu, ekonomikli\u011fi ve pratikli\u011fi ile \u00e7ok \u00e7e\u015fitli arazilere ve i\u015f gereksinimlerine uygundur. Makine s\u00fcrekli m\u0131s\u0131r hasat i\u015flemleri i\u00e7in idealdir.<\/p>    <p>Bu ekipmanla ilgileniyorsan\u0131z, daha fazla bilgi i\u00e7in bizimle ileti\u015fime ge\u00e7ebilirsiniz!<\/p>    <figure class=\"wp-block-embed is-type-video is-provider-youtube wp-block-embed-youtube wp-embed-aspect-16-9 wp-has-aspect-ratio\"><div class=\"wp-block-embed__wrapper\"> <iframe loading=\"lazy\" title=\"Taizy m\u0131s\u0131r hasat makinesiyle verimli m\u0131s\u0131r hasad\u0131 | M\u0131s\u0131r toplay\u0131c\u0131\" width=\"500\" height=\"281\" src=\"https:\/\/www.youtube.com\/embed\/RQLRhR-9diU?feature=oembed\" frameborder=\"0\" allow=\"accelerometer; autoplay; clipboard-write; encrypted-media; gyroscope; picture-in-picture; web-share\" referrerpolicy=\"strict-origin-when-cross-origin\" allowfullscreen><\/iframe> <\/div><figcaption class=\"wp-element-caption\">m\u0131s\u0131r toplama makinesinin \u00e7al\u0131\u015fma videosu<\/figcaption><\/figure>    <h2 class=\"wp-block-heading\"><strong>K\u00fc\u00e7\u00fck m\u0131s\u0131r hasat makinesinin avantajlar\u0131<\/strong><\/h2>    <ul class=\"wp-block-list\"> <li><strong>Koltuklu tasar\u0131m<\/strong>: Makine rahat bir koltukla donat\u0131lm\u0131\u015ft\u0131r, operat\u00f6r oturup \u00e7al\u0131\u015fabilir, bu da i\u015f yo\u011funlu\u011funu b\u00fcy\u00fck \u00f6l\u00e7\u00fcde azalt\u0131r ve \u00e7al\u0131\u015fma konforunu art\u0131r\u0131r.<\/li>    <li><strong>Tek s\u0131ra i\u015flemi<\/strong>: K\u00fc\u00e7\u00fck \u00f6l\u00e7ekli ekim i\u00e7in tasarlanan m\u0131s\u0131r hasat makinesi, k\u00fc\u00e7\u00fck s\u0131ra aral\u0131\u011f\u0131na ve karma\u015f\u0131k araziye sahip tar\u0131m arazileri i\u00e7in uygundur.<\/li>    <li><strong>Y\u00fcksek verimli hasat<\/strong>: Toplama, ay\u0131rma ve toplama i\u015fini tek seferde tamamlayarak i\u015f\u00e7ilikten ve zamandan b\u00fcy\u00fck oranda tasarruf sa\u011flar.<\/li>    <li><strong>Esnek ve kullan\u0131\u015fl\u0131<\/strong>: Bu makine kompakt bir boyuta ve k\u00fc\u00e7\u00fck bir d\u00f6n\u00fc\u015f yar\u0131\u00e7ap\u0131na sahiptir; d\u00fczl\u00fckler, tepeler ve di\u011fer araziler i\u00e7in uygundur.<\/li>    <li>Uygun fiyatl\u0131d\u0131r, kullan\u0131m\u0131 kolayd\u0131r ve bak\u0131m\u0131 kolayd\u0131r.<\/li> <\/ul>   <div class=\"wp-block-image\"> <figure class=\"aligncenter size-full\"><img loading=\"lazy\" decoding=\"async\" width=\"720\" height=\"540\" src=\"https:\/\/taizyagromachine.com\/wp-content\/uploads\/2024\/12\/mini-corn-harvester-machine.webp\" alt=\"mini m\u0131s\u0131r hasat makinesi\" class=\"wp-image-7418\" srcset=\"https:\/\/taizyagromachine.com\/wp-content\/uploads\/2024\/12\/mini-corn-harvester-machine.webp 720w, https:\/\/taizyagromachine.com\/wp-content\/uploads\/2024\/12\/mini-corn-harvester-machine-16x12.webp 16w\" sizes=\"auto, (max-width: 720px) 100vw, 720px\" \/><figcaption class=\"wp-element-caption\">mini m\u0131s\u0131r hasat makinesi<\/figcaption><\/figure> <\/div>   <h2 class=\"wp-block-heading\"><strong>M\u0131s\u0131r hasat makinesinin teknik verileri<\/strong><\/h2>    <figure class=\"wp-block-table\"><table><tbody><tr><td>Modeli<\/td><td>CM4YZP-1<\/td><\/tr><tr><td>G\u00fc\u00e7&nbsp;<\/td><td>25hp<\/td><\/tr><tr><td>Verimlilik<\/td><td>0,05-0,12 saat\u33a1\/saat<\/td><\/tr><tr><td>\u00c7al\u0131\u015fma aral\u0131\u011f\u0131<\/td><td>650mm<\/td><\/tr><tr><td>Minimum yerden y\u00fckseklik<\/td><td>200 mm<\/td><\/tr><tr><td>Nominal h\u0131z<\/td><td>2200 dev\/dak<\/td><\/tr><tr><td>Boyut<\/td><td>3650*1000*1270mm<\/td><\/tr><tr><td>A\u011f\u0131rl\u0131k<\/td><td>980kg<\/td><\/tr><\/tbody><\/table><figcaption class=\"wp-element-caption\">mini m\u0131s\u0131r hasat makinesinin \u00f6zellikleri<\/figcaption><\/figure>    <h2 class=\"wp-block-heading\"><strong>Yap\u0131<\/strong> <strong>m\u0131s\u0131r hasat makinesi<\/strong><\/h2>    <p>Makine kompakt ve verimli olacak \u015fekilde tasarlanm\u0131\u015ft\u0131r ve temel olarak kesme masas\u0131, ta\u015f\u0131ma cihaz\u0131, soyma cihaz\u0131, toplama, g\u00fc\u00e7 sistemi, koltuk vb. par\u00e7alardan olu\u015fur.<\/p>    <ul class=\"wp-block-list\"> <li>Kesme masas\u0131: M\u0131s\u0131r saplar\u0131n\u0131 kesmek ve ba\u015faklar\u0131 m\u0131s\u0131rdan ay\u0131rmak i\u00e7in kullan\u0131l\u0131r.<\/li>    <li>Konvey\u00f6r: ko\u00e7anlar\u0131 kesme masas\u0131ndan soyma cihaz\u0131na aktar\u0131n.<\/li>    <li>S\u0131y\u0131r\u0131c\u0131: Bitmi\u015f \u00fcr\u00fcn\u00fcn temizli\u011fini sa\u011flamak i\u00e7in m\u0131s\u0131rlar\u0131 etkili bir \u015fekilde s\u0131y\u0131r\u0131r.<\/li>    <li>Toplama kutusu: soyulmu\u015f m\u0131s\u0131rlar\u0131 toplamak i\u00e7in kullan\u0131l\u0131r.<\/li>    <li>G\u00fc\u00e7 sistemi: M\u0131s\u0131r hasat makinesini \u00e7al\u0131\u015ft\u0131rmak i\u00e7in g\u00fc\u00e7 sa\u011flar.<\/li> <\/ul>   <div class=\"wp-block-image\"> <figure class=\"aligncenter size-full\"><img loading=\"lazy\" decoding=\"async\" width=\"720\" height=\"540\" src=\"https:\/\/taizyagromachine.com\/wp-content\/uploads\/2024\/12\/small-corn-harvesting-machine-for-sale.webp\" alt=\"sat\u0131l\u0131k k\u00fc\u00e7\u00fck m\u0131s\u0131r hasat makinesi\" class=\"wp-image-7416\" srcset=\"https:\/\/taizyagromachine.com\/wp-content\/uploads\/2024\/12\/small-corn-harvesting-machine-for-sale.webp 720w, https:\/\/taizyagromachine.com\/wp-content\/uploads\/2024\/12\/small-corn-harvesting-machine-for-sale-16x12.webp 16w\" sizes=\"auto, (max-width: 720px) 100vw, 720px\" \/><figcaption class=\"wp-element-caption\">sat\u0131l\u0131k k\u00fc\u00e7\u00fck m\u0131s\u0131r hasat makinesi<\/figcaption><\/figure> <\/div>   <h2 class=\"wp-block-heading\"><strong>M\u0131s\u0131r hasat makinesi nas\u0131l \u00e7al\u0131\u015f\u0131r?<\/strong><\/h2>    <p>M\u0131s\u0131r hasat makinesi \u00e7al\u0131\u015f\u0131rken kesme masas\u0131, m\u0131s\u0131r saplar\u0131n\u0131 kesen ve ard\u0131ndan ko\u00e7anlar\u0131 konvey\u00f6r arac\u0131l\u0131\u011f\u0131yla i\u015flenmek \u00fczere soyma cihaz\u0131na aktaran g\u00fc\u00e7 sistemi taraf\u0131ndan tahrik edilir. Soyma cihaz\u0131, m\u0131s\u0131r\u0131n d\u0131\u015f kaplamalar\u0131n\u0131 \u00e7\u0131kar\u0131r ve son olarak i\u015flenmi\u015f m\u0131s\u0131r\u0131 bir toplama kutusunda saklar. T\u00fcm s\u00fcre\u00e7 verimli ve s\u00fcrekli olup, emek ve zamandan \u00f6nemli \u00f6l\u00e7\u00fcde tasarruf sa\u011flar.<\/p>    <h2 class=\"wp-block-heading\"><strong>Taizy m\u0131s\u0131r hasat makinesi fiyat\u0131 nedir?<\/strong><\/h2>    <p>Taizy'nin sundu\u011fu m\u0131s\u0131r hasat makinesi y\u00fcksek maliyet performans\u0131yla bilinmekte olup fiyatlar\u0131 model, konfig\u00fcrasyon ve fonksiyona g\u00f6re de\u011fi\u015fiklik g\u00f6stermektedir. Taizy'den sat\u0131l\u0131k m\u0131s\u0131r hasat makinesi genellikle tek s\u0131ral\u0131d\u0131r ancak farkl\u0131 konfig\u00fcrasyonlara sahip 2 s\u0131ral\u0131 m\u0131s\u0131r toplay\u0131c\u0131 da vard\u0131r. \u0130kincisi daha pahal\u0131d\u0131r.<\/p>    <p>Ayr\u0131ca her m\u00fc\u015fterinin ihtiya\u00e7lar\u0131na uygun do\u011fru \u00fcr\u00fcn\u00fc almas\u0131n\u0131 sa\u011flamak i\u00e7in \u00f6zelle\u015ftirilmi\u015f \u00e7\u00f6z\u00fcmleri de destekliyoruz. Spesifik makine fiyatlar\u0131 istiyorsan\u0131z l\u00fctfen bizimle ileti\u015fime ge\u00e7in. Bize ihtiya\u00e7lar\u0131n\u0131z\u0131 s\u00f6yleyin, biz en uygun \u00e7\u00f6z\u00fcm\u00fc ve en iyi fiyat\u0131 sunal\u0131m!<\/p>   <div class=\"wp-block-image\"> <figure class=\"aligncenter size-full\"><img loading=\"lazy\" decoding=\"async\" width=\"720\" height=\"540\" src=\"https:\/\/taizyagromachine.com\/wp-content\/uploads\/2024\/12\/corn-picker-machine-with-seat.webp\" alt=\"koltuklu m\u0131s\u0131r toplama makinesi\" class=\"wp-image-7417\" srcset=\"https:\/\/taizyagromachine.com\/wp-content\/uploads\/2024\/12\/corn-picker-machine-with-seat.webp 720w, https:\/\/taizyagromachine.com\/wp-content\/uploads\/2024\/12\/corn-picker-machine-with-seat-16x12.webp 16w\" sizes=\"auto, (max-width: 720px) 100vw, 720px\" \/><figcaption class=\"wp-element-caption\">koltuklu m\u0131s\u0131r toplama makinesi<\/figcaption><\/figure> <\/div>   <h2 class=\"wp-block-heading\"><strong>VS koltuklu m\u0131s\u0131r hasat makinesi. tek s\u0131ral\u0131 kendinden tahrikli m\u0131s\u0131r toplay\u0131c\u0131<\/strong><\/h2>    <p class=\"translation-block\"><strong>Koltuklu M\u0131s\u0131r Hasat Makinesi<\/strong>: Bu m\u0131s\u0131r hasat makinesi uzun s\u00fcreli operasyonlar i\u00e7in uygundur, operat\u00f6r konforu ve daha y\u00fcksek verimlilik sa\u011flar. Orta ila b\u00fcy\u00fck \u00e7iftlikler veya s\u00fcrekli operasyon i\u00e7in y\u00fcksek talep olan senaryolar i\u00e7in \u00f6nerilir.<\/p>    <p class=\"translation-block\"><strong>Tek S\u0131ral\u0131 Kendinden Tahrikli M\u0131s\u0131r Hasat Makinesi<\/strong>: Bu <a href=\"https:\/\/taizyagromachine.com\/tr\/product\/single-row-corn-harvester\/\">1 s\u0131ral\u0131 m\u0131s\u0131r toplama makinesi<\/a> daha kompaktt\u0131r ve esnektir, bireysel, k\u00fc\u00e7\u00fck parseller veya k\u00fc\u00e7\u00fck \u00e7iftlikler i\u00e7in idealdir. Bu t\u00fcr genellikle toptan sat\u0131l\u0131r ve d\u00fcnya \u00e7ap\u0131ndaki distrib\u00fct\u00f6rler taraf\u0131ndan tercih edilir.<\/p>    <p>Her iki modelin de kendine g\u00f6re avantajlar\u0131 bulunmaktad\u0131r. Koltuklu model verimlilik ve konfor pe\u015finde ko\u015fan kullan\u0131c\u0131lar i\u00e7in uygunken, kendinden tahrikli model ise esnek \u00e7al\u0131\u015fma talebine daha uygundur. \u00c7al\u0131\u015fma ortam\u0131na ve b\u00fct\u00e7eye ba\u011fl\u0131 olarak m\u00fc\u015fteriler do\u011fru modeli se\u00e7mekte \u00f6zg\u00fcrd\u00fcr.<\/p>    <figure class=\"wp-block-gallery has-nested-images columns-default is-cropped wp-block-gallery-2 is-layout-flex wp-block-gallery-is-layout-flex\"> <figure class=\"wp-block-image size-full\"><img loading=\"lazy\" decoding=\"async\" width=\"720\" height=\"540\" data-id=\"7420\" src=\"https:\/\/taizyagromachine.com\/wp-content\/uploads\/2024\/12\/new-type-corn-harvesting-machine.webp\" alt=\"yeni tip m\u0131s\u0131r hasat makinas\u0131\" class=\"wp-image-7420\" srcset=\"https:\/\/taizyagromachine.com\/wp-content\/uploads\/2024\/12\/new-type-corn-harvesting-machine.webp 720w, https:\/\/taizyagromachine.com\/wp-content\/uploads\/2024\/12\/new-type-corn-harvesting-machine-16x12.webp 16w\" sizes=\"auto, (max-width: 720px) 100vw, 720px\" \/><figcaption class=\"wp-element-caption\">yeni tip m\u0131s\u0131r hasat makinas\u0131<\/figcaption><\/figure>    <figure class=\"wp-block-image size-full\"><img loading=\"lazy\" decoding=\"async\" width=\"720\" height=\"540\" data-id=\"7364\" src=\"https:\/\/taizyagromachine.com\/wp-content\/uploads\/2024\/12\/1-row-corn-picker.webp\" alt=\"1 s\u0131ral\u0131 m\u0131s\u0131r toplay\u0131c\u0131\" class=\"wp-image-7364\" srcset=\"https:\/\/taizyagromachine.com\/wp-content\/uploads\/2024\/12\/1-row-corn-picker.webp 720w, https:\/\/taizyagromachine.com\/wp-content\/uploads\/2024\/12\/1-row-corn-picker-16x12.webp 16w\" sizes=\"auto, (max-width: 720px) 100vw, 720px\" \/><figcaption class=\"wp-element-caption\">1 s\u0131ral\u0131 m\u0131s\u0131r toplay\u0131c\u0131<\/figcaption><\/figure> <\/figure>    <h2 class=\"wp-block-heading\"><strong>Taizy'den yararlanabilece\u011finiz sat\u0131\u015f sonras\u0131 hizmet<\/strong><\/h2>    <p>Taize m\u0131s\u0131r hasat makinesini sat\u0131n ald\u0131ktan sonra a\u015fa\u011f\u0131dakiler de dahil olmak \u00fczere kapsaml\u0131 sat\u0131\u015f sonras\u0131 hizmetten yararlanacaks\u0131n\u0131z:<\/p>    <ul class=\"wp-block-list\"> <li>Teknik rehberlik<\/li>    <li>Yeterli yedek par\u00e7a temini<\/li>    <li>Ekipman bak\u0131m tavsiyesi<\/li>    <li>\u00c7evrimi\u00e7i FQA<\/li> <\/ul>    <p>Yukar\u0131daki hizmetler g\u00f6z atman\u0131z i\u00e7indir. Sat\u0131\u015f sonras\u0131 servisimiz m\u0131s\u0131r toplama makinenizin uzun s\u00fcre stabil \u00e7al\u0131\u015fmas\u0131n\u0131 sa\u011flar.<\/p>    <h2 class=\"wp-block-heading\"><strong>Daha fazla ayr\u0131nt\u0131 i\u00e7in bizimle ileti\u015fime ge\u00e7in!<\/strong><\/h2>    <p class=\"translation-block\">Taizy m\u0131s\u0131r hasat makinesi ile ilgileniyorsan\u0131z, l\u00fctfen bizimle ileti\u015fime ge\u00e7mekten \u00e7ekinmeyin. Size ayr\u0131nt\u0131l\u0131 bilgi ve <a href=\"https:\/\/en.wikipedia.org\/wiki\/Maize\" target=\"_blank\" rel=\"noopener\">m\u0131s\u0131r<\/a> hasat \u00e7\u00f6z\u00fcmleri sunaca\u011f\u0131z!<\/p>","protected":false},"excerpt":{"rendered":"<p>Taizy m\u0131s\u0131r hasat makinesi, m\u0131s\u0131r toplama, soyma, saman k\u0131rma ve m\u0131s\u0131r toplama i\u015flevlerini 0,05-0,12h\u33a1\/h kapasiteyle birle\u015ftirir.<\/p>","protected":false},"author":1,"featured_media":7412,"parent":0,"template":"","tags":[79,240],"product-type":[17],"class_list":["post-7410","product","type-product","status-publish","has-post-thumbnail","hentry","tag-corn-machine","tag-harvester","product-type-corn-machine"],"_links":{"self":[{"href":"https:\/\/taizyagromachine.com\/tr\/wp-json\/wp\/v2\/product\/7410","targetHints":{"allow":["GET"]}}],"collection":[{"href":"https:\/\/taizyagromachine.com\/tr\/wp-json\/wp\/v2\/product"}],"about":[{"href":"https:\/\/taizyagromachine.com\/tr\/wp-json\/wp\/v2\/types\/product"}],"author":[{"embeddable":true,"href":"https:\/\/taizyagromachine.com\/tr\/wp-json\/wp\/v2\/users\/1"}],"wp:featuredmedia":[{"embeddable":true,"href":"https:\/\/taizyagromachine.com\/tr\/wp-json\/wp\/v2\/media\/7412"}],"wp:attachment":[{"href":"https:\/\/taizyagromachine.com\/tr\/wp-json\/wp\/v2\/media?parent=7410"}],"wp:term":[{"taxonomy":"post_tag","embeddable":true,"href":"https:\/\/taizyagromachine.com\/tr\/wp-json\/wp\/v2\/tags?post=7410"},{"taxonomy":"product-type","embeddable":true,"href":"https:\/\/taizyagromachine.com\/tr\/wp-json\/wp\/v2\/product-type?post=7410"}],"curies":[{"name":"wp","href":"https:\/\/api.w.org\/{rel}","templated":true}]}}