{"id":7488,"date":"2025-01-08T16:59:19","date_gmt":"2025-01-08T08:59:19","guid":{"rendered":"https:\/\/taizyagromachine.com\/?post_type=product&#038;p=7488"},"modified":"2025-01-08T17:53:44","modified_gmt":"2025-01-08T09:53:44","slug":"automatic-soybean-thresher-machine","status":"publish","type":"product","link":"https:\/\/taizyagromachine.com\/tr\/product\/automatic-soybean-thresher-machine\/","title":{"rendered":"\u00c7iftlik kullan\u0131m\u0131 i\u00e7in otomatik soya harman makinesi"},"content":{"rendered":"<p class=\"translation-block\">Bu <strong>soya ay\u0131klama makinesi<\/strong> soya, bakla, b\u00f6r\u00fclce ve di\u011fer baklagil \u00fcr\u00fcnlerinden tohum ve kabuklar\u0131 ay\u0131klar. Kapasitesi 500-700 kg\/saat'tir. Soyma oran\u0131 \u2265, k\u0131rma oran\u0131 \u2264%0,5 ve toplam kay\u0131p oran\u0131 \u2264%1,0'dir. <\/p>    <p>Fasulye harman makinesi, bir elektrik motoru, dizel motor veya PTO kullanabilir. Kolay \u00e7al\u0131\u015fmas\u0131, geni\u015f uygulamalar\u0131 ve y\u00fcksek verimlili\u011fi ile fasulye i\u015fleme tesislerinde pop\u00fclerdir. \u0130lgileniyorsan\u0131z, daha fazla ayr\u0131nt\u0131dan \u00f6nce bizimle ileti\u015fime ge\u00e7meye ho\u015f geldiniz!<\/p>    <figure class=\"wp-block-embed is-type-video is-provider-youtube wp-block-embed-youtube wp-embed-aspect-16-9 wp-has-aspect-ratio\"><div class=\"wp-block-embed__wrapper\"> <iframe loading=\"lazy\" title=\"Y\u00fcksek verimli soya harman makinesi | Soya fasulyesi hasad\u0131 i\u00e7in k\u00fc\u00e7\u00fck \u00e7ok \u00fcr\u00fcnl\u00fc fasulye harmanlay\u0131c\u0131\" width=\"500\" height=\"281\" src=\"https:\/\/www.youtube.com\/embed\/O0HaKNz8GKQ?feature=oembed\" frameborder=\"0\" allow=\"accelerometer; autoplay; clipboard-write; encrypted-media; gyroscope; picture-in-picture; web-share\" referrerpolicy=\"strict-origin-when-cross-origin\" allowfullscreen><\/iframe> <\/div><figcaption class=\"wp-element-caption\">\u00e7ok ama\u00e7l\u0131 fasulye harman makinesi<\/figcaption><\/figure>    <h2 class=\"wp-block-heading\"><strong>Soya fasulyesi harman makinesinin avantajlar\u0131<\/strong><\/h2>    <ul class=\"wp-block-list\"> <li>Bu olabilir <strong>saatte 500-700 kg fasulye harmanl\u0131yor<\/strong>, \u00e7al\u0131\u015fma verimlili\u011fini art\u0131rmak ve manuel eme\u011fi azaltmak.<\/li>    <li>Bu soya fasulyesi harman makinesi <strong>Bakla fasulyesi, barbunya fasulyesi, ma\u015f fasulyesi gibi her t\u00fcrl\u00fc fasulye mahsul\u00fcne uygundur<\/strong>, vesaire.<\/li>    <li>Hassas tasar\u0131m sayesinde, <strong>harmanlama s\u0131ras\u0131ndaki kay\u0131p \u22641,0%'dir<\/strong>, \u00e7ok d\u00fc\u015f\u00fck, daha fazla fasulye tanesinin bozulmadan toplanmas\u0131n\u0131 sa\u011flar.<\/li>    <li>Makinenin bir <strong>basit yap\u0131, kullan\u0131m\u0131 kolay<\/strong>, farkl\u0131 d\u00fczeylerdeki kullan\u0131c\u0131lar i\u00e7in uygundur.<\/li>    <li>Yapabiliriz <strong>makine voltaj\u0131n\u0131, g\u00fcc\u00fcn\u00fc, konfig\u00fcrasyonunu, rengini \u00f6zelle\u015ftirin,<\/strong> vb. taleplerinizi kar\u015f\u0131lamak i\u00e7in.<\/li> <\/ul>   <div class=\"wp-block-image\"> <figure class=\"aligncenter size-full\"><img loading=\"lazy\" decoding=\"async\" width=\"720\" height=\"540\" src=\"https:\/\/taizyagromachine.com\/wp-content\/uploads\/2025\/01\/small-scale-bean-thresher.webp\" alt=\"k\u00fc\u00e7\u00fck \u00f6l\u00e7ekli fasulye harman makinesi\" class=\"wp-image-7497\" srcset=\"https:\/\/taizyagromachine.com\/wp-content\/uploads\/2025\/01\/small-scale-bean-thresher.webp 720w, https:\/\/taizyagromachine.com\/wp-content\/uploads\/2025\/01\/small-scale-bean-thresher-16x12.webp 16w\" sizes=\"auto, (max-width: 720px) 100vw, 720px\" \/><figcaption class=\"wp-element-caption\">k\u00fc\u00e7\u00fck \u00f6l\u00e7ekli fasulye harman makinesi<\/figcaption><\/figure> <\/div>   <h2 class=\"wp-block-heading\"><strong>Soya harman makinesinin teknik parametreleri<\/strong><\/h2>    <figure class=\"wp-block-table\"><table class=\"has-fixed-layout\"><tbody><tr><td>Modeli<\/td><td>5TD-900<\/td><\/tr><tr><td>Kapasite<\/td><td>500-700kg\/saat<\/td><\/tr><tr><td>E\u015fle\u015fen g\u00fc\u00e7<\/td><td>\u22657.5kw motor veya 12-15 beygir g\u00fcc\u00fcnde dizel motor veya trakt\u00f6r PTO'su <\/td><\/tr><tr><td>K\u0131r\u0131lma oran\u0131<\/td><td>\u22640,5%<\/td><\/tr><tr><td>Ayr\u0131lmam\u0131\u015f oran<\/td><td>\u22641,0%<\/td><\/tr><tr><td>Toplam kay\u0131p oran\u0131<\/td><td>\u22641,0%<\/td><\/tr><tr><td>Fan h\u0131z\u0131<\/td><td>1000-1100 dev\/dak<\/td><\/tr><tr><td>Emme fan\u0131 (temizleme fan\u0131) fan \u00e7ap\u0131<\/td><td>D=600mm<\/td><\/tr><tr><td>Tambur \u00e7ap\u0131\/uzunlu\u011fu<\/td><td>D=520mm(veya 500), L=900mm<\/td><\/tr><tr><td>Titre\u015fimli ekran genli\u011fi<\/td><td>30mm<\/td><\/tr><tr><td>Boyut (lastikler ve \u00e7ekme \u00e7er\u00e7evesi dahil)<\/td><td>340*170*140(veya 156)cm<\/td><\/tr><tr><td>A\u011f\u0131rl\u0131k<\/td><td>400kg<\/td><\/tr><tr><td>Ambalaj boyutu<\/td><td>Ah\u015fap kutuda tek makine (dizel motor dahil) 226*96*124cm<\/td><\/tr><\/tbody><\/table><figcaption class=\"wp-element-caption\">fasulye harman makinesinin verileri<\/figcaption><\/figure>    <h2 class=\"wp-block-heading\"><strong>Soya fasulyesi harman makinesinin uygulamalar\u0131<\/strong><\/h2>    <p class=\"translation-block\">Bu tah\u0131l ay\u0131klama makinesi sadece <strong>soya<\/strong> i\u00e7in de\u011fil, ayn\u0131 zamanda <strong>bakla<\/strong>, b\u00f6r\u00fclce, ma\u015f fasulyesi, sorgum, m\u0131s\u0131r, ay\u00e7i\u00e7e\u011fi gibi \u00fcr\u00fcnler i\u00e7in de kullan\u0131l\u0131r.<\/p>    <p>Ana uygulama senaryolar\u0131 \u015funlar\u0131 i\u00e7erir:<\/p>    <ul class=\"wp-block-list\"> <li><strong>\u00c7iftlik kullan\u0131m\u0131<\/strong>: \u00c7ift\u00e7ilerin i\u015f verimlili\u011fini art\u0131rmalar\u0131na ve harmanlamay\u0131 h\u0131zland\u0131rmalar\u0131na yard\u0131mc\u0131 olun<\/li>    <li><strong>K\u00fc\u00e7\u00fck \u00f6l\u00e7ekli i\u015fleme tesisi<\/strong>: Soya fasulyesi \u00fcr\u00fcn\u00fc i\u015fleme tesislerinde harman makinesi, soya fasulyesini soya s\u00fct\u00fc, tofu vb. haline getirmek \u00fczere h\u0131zl\u0131 bir \u015fekilde i\u015flemek i\u00e7in kullan\u0131l\u0131r.<\/li>    <li><strong>Aile at\u00f6lyesi<\/strong>: K\u00fc\u00e7\u00fck \u00f6l\u00e7ekli \u00fcretime uygundur ve el eme\u011fini azalt\u0131r.<\/li> <\/ul>    <figure class=\"wp-block-gallery has-nested-images columns-4 is-cropped wp-block-gallery-2 is-layout-flex wp-block-gallery-is-layout-flex\"> <figure class=\"wp-block-image size-full\"><img loading=\"lazy\" decoding=\"async\" width=\"1320\" height=\"1342\" data-id=\"7496\" src=\"https:\/\/taizyagromachine.com\/wp-content\/uploads\/2025\/01\/soybeans.webp\" alt=\"soya fasulyesi\" class=\"wp-image-7496\" srcset=\"https:\/\/taizyagromachine.com\/wp-content\/uploads\/2025\/01\/soybeans.webp 1320w, https:\/\/taizyagromachine.com\/wp-content\/uploads\/2025\/01\/soybeans-12x12.webp 12w\" sizes=\"auto, (max-width: 1320px) 100vw, 1320px\" \/><figcaption class=\"wp-element-caption\">soya fasulyesi<\/figcaption><\/figure>    <figure class=\"wp-block-image size-full\"><img loading=\"lazy\" decoding=\"async\" width=\"889\" height=\"500\" data-id=\"7493\" src=\"https:\/\/taizyagromachine.com\/wp-content\/uploads\/2025\/01\/fava-beans.webp\" alt=\"bakla\" class=\"wp-image-7493\" srcset=\"https:\/\/taizyagromachine.com\/wp-content\/uploads\/2025\/01\/fava-beans.webp 889w, https:\/\/taizyagromachine.com\/wp-content\/uploads\/2025\/01\/fava-beans-18x10.webp 18w\" sizes=\"auto, (max-width: 889px) 100vw, 889px\" \/><figcaption class=\"wp-element-caption\">bakla<\/figcaption><\/figure>    <figure class=\"wp-block-image size-full\"><img loading=\"lazy\" decoding=\"async\" width=\"640\" height=\"500\" data-id=\"7494\" src=\"https:\/\/taizyagromachine.com\/wp-content\/uploads\/2025\/01\/kidney-beans.webp\" alt=\"barbunya fasulyesi\" class=\"wp-image-7494\" srcset=\"https:\/\/taizyagromachine.com\/wp-content\/uploads\/2025\/01\/kidney-beans.webp 640w, https:\/\/taizyagromachine.com\/wp-content\/uploads\/2025\/01\/kidney-beans-15x12.webp 15w\" sizes=\"auto, (max-width: 640px) 100vw, 640px\" \/><figcaption class=\"wp-element-caption\">barbunya fasulyesi<\/figcaption><\/figure>    <figure class=\"wp-block-image size-full\"><img loading=\"lazy\" decoding=\"async\" width=\"500\" height=\"334\" data-id=\"7495\" src=\"https:\/\/taizyagromachine.com\/wp-content\/uploads\/2025\/01\/mung-beans.webp\" alt=\"ma\u015f fasulyesi\" class=\"wp-image-7495\" srcset=\"https:\/\/taizyagromachine.com\/wp-content\/uploads\/2025\/01\/mung-beans.webp 500w, https:\/\/taizyagromachine.com\/wp-content\/uploads\/2025\/01\/mung-beans-18x12.webp 18w\" sizes=\"auto, (max-width: 500px) 100vw, 500px\" \/><figcaption class=\"wp-element-caption\">ma\u015f fasulyesi<\/figcaption><\/figure> <\/figure>    <h2 class=\"wp-block-heading\"><strong>Soya harman makinesinin yap\u0131s\u0131<\/strong><\/h2>    <p>Sat\u0131l\u0131k \u00e7ok ama\u00e7l\u0131 kuru fasulye harman makinesinin yap\u0131s\u0131 birka\u00e7 \u00f6nemli par\u00e7a i\u00e7erir ve her par\u00e7an\u0131n i\u015flevi a\u015fa\u011f\u0131daki gibidir:<\/p>    <ul class=\"wp-block-list\"> <li><strong>Giri\u015f<\/strong>: harmanlanacak soya fasulyesini makineye besler.<\/li>    <li><strong>Harman tamburu<\/strong>: Soya fasulyelerini d\u00f6nerek kabuklar\u0131ndan ay\u0131ran harman\u0131n \u00e7ekirdek k\u0131sm\u0131.<\/li>    <li><strong>Tarama cihaz\u0131<\/strong>: yabanc\u0131 maddeleri filtreler ve soya fasulyelerini kabuklardan ay\u0131r\u0131r.<\/li>    <li><strong>De\u015farj portu<\/strong>: Temizli\u011fi ve verimlili\u011fi sa\u011flamak i\u00e7in harmanlanan fasulyeler bo\u015faltma a\u011fz\u0131ndan bo\u015falt\u0131l\u0131r.<\/li>    <li><strong>G\u00fc\u00e7 sistemi<\/strong>: Makinenin kararl\u0131 \u00e7al\u0131\u015fmas\u0131n\u0131 sa\u011flamak i\u00e7in elektrik motoru veya dizel motorla \u00e7al\u0131\u015ft\u0131r\u0131l\u0131r.<\/li> <\/ul>   <div class=\"wp-block-image\"> <figure class=\"aligncenter size-full\"><img loading=\"lazy\" decoding=\"async\" width=\"720\" height=\"540\" src=\"https:\/\/taizyagromachine.com\/wp-content\/uploads\/2025\/01\/bean-thresher-machine-for-sale.webp\" alt=\"sat\u0131l\u0131k fasulye harman makinesi\" class=\"wp-image-7489\" srcset=\"https:\/\/taizyagromachine.com\/wp-content\/uploads\/2025\/01\/bean-thresher-machine-for-sale.webp 720w, https:\/\/taizyagromachine.com\/wp-content\/uploads\/2025\/01\/bean-thresher-machine-for-sale-16x12.webp 16w\" sizes=\"auto, (max-width: 720px) 100vw, 720px\" \/><figcaption class=\"wp-element-caption\">sat\u0131l\u0131k fasulye harman makinesi<\/figcaption><\/figure> <\/div>   <h2 class=\"wp-block-heading\"><strong>Soya fasulyesi harman makinesi nas\u0131l \u00e7al\u0131\u015f\u0131r?<\/strong><\/h2>    <p>Soya fasulyesi harmanlay\u0131c\u0131, soya fasulyelerini mekanik rotasyonla baklalardan ay\u0131r\u0131r. \u00d6ncelikle kuru fasulyeler giri\u015ften harman makinesine girer ve harman tamburunun d\u00f6nme hareketi ile taneler baklalardan ayr\u0131l\u0131r. Daha sonra makinenin i\u00e7indeki eleme cihaz\u0131 fasulye tanelerini yabanc\u0131 maddelerden ay\u0131r\u0131r. Son olarak temizlenen fasulye taneleri bo\u015faltma a\u011fz\u0131ndan bo\u015falt\u0131larak harmanlama i\u015flemi tamamlan\u0131r.<\/p>    <p>T\u00fcm s\u00fcre\u00e7 temiz ve h\u0131zl\u0131d\u0131r ve \u00e7ekirdeklerin b\u00fct\u00fcnl\u00fc\u011f\u00fcn\u00fc sa\u011flamak iyidir.<\/p>    <h2 class=\"wp-block-heading\"><strong>Soya fasulyesi Thresher Makinesi fiyat\u0131 nedir?<\/strong><\/h2>    <p>Soya harman makinesinin fiyat\u0131 g\u00fc\u00e7 sistemine, makine konfig\u00fcrasyonuna, markaya ve di\u011fer fakt\u00f6rlere g\u00f6re de\u011fi\u015fmektedir.<\/p>    <p>Harman makinesiyle e\u015fle\u015febilecek \u00fc\u00e7 t\u00fcr g\u00fc\u00e7 vard\u0131r ve her birinin fiyat\u0131 farkl\u0131d\u0131r. \u00dcstelik harmanlanacak hammaddeye g\u00f6re makinenin i\u00e7 konfig\u00fcrasyonu biraz farkl\u0131 oldu\u011fu gibi fiyat\u0131 da farkl\u0131d\u0131r. Buna ek olarak, tan\u0131nm\u0131\u015f markalar\u0131n ekipmanlar\u0131n\u0131n sat\u0131\u015f sonras\u0131 hizmetleri iyi olup, fiyat\u0131 di\u011ferlerine g\u00f6re biraz daha y\u00fcksek olacakt\u0131r.<\/p>    <p>Taizy soya fasulyesi harmanlama makinemiz, farkl\u0131 boyutlardaki \u00e7iftlikler ve i\u015fleyiciler i\u00e7in uygun, makul fiyatl\u0131 ve uygun maliyetlidir. Belirli makine fiyat\u0131n\u0131 bilmek istiyorsan\u0131z ayr\u0131nt\u0131l\u0131 bir teklif i\u00e7in bizimle ileti\u015fime ge\u00e7mekten memnuniyet duyar\u0131z!<\/p>   <div class=\"wp-block-image\"> <figure class=\"aligncenter size-full\"><img loading=\"lazy\" decoding=\"async\" width=\"720\" height=\"540\" src=\"https:\/\/taizyagromachine.com\/wp-content\/uploads\/2025\/01\/soybean-thresher-machine-in-the-factory.webp\" alt=\"fabrikada soya fasulyesi harman makinesi\" class=\"wp-image-7492\" srcset=\"https:\/\/taizyagromachine.com\/wp-content\/uploads\/2025\/01\/soybean-thresher-machine-in-the-factory.webp 720w, https:\/\/taizyagromachine.com\/wp-content\/uploads\/2025\/01\/soybean-thresher-machine-in-the-factory-16x12.webp 16w\" sizes=\"auto, (max-width: 720px) 100vw, 720px\" \/><figcaption class=\"wp-element-caption\">fabrikada soya fasulyesi harman makinesi<\/figcaption><\/figure> <\/div>   <h2 class=\"wp-block-heading\"><strong>Neden soya fasulyesi harman makinesi tedarik\u00e7isi olarak Taizy'yi se\u00e7melisiniz?<\/strong><\/h2>    <p class=\"translation-block\">Piyasada bu kadar \u00e7ok <a href=\"https:\/\/taizyagromachine.com\/tr\/product\/multifunctional-thresher\/\">\u00e7ok fonksiyonlu ay\u0131klama makinesi<\/a> tedarik\u00e7isi varken neden ay\u0131klama makineleri tedarik\u00e7isi olarak Taizy'yi se\u00e7melisiniz? Temel olarak a\u015fa\u011f\u0131daki noktalar vard\u0131r:<\/p>    <ul class=\"wp-block-list\"> <li><strong>Kalite g\u00fcvencesi<\/strong>: Taize\u2019nin harman makinesi end\u00fcstri ve ticaret ile entegre edilmi\u015ftir. Fabrikam\u0131z, uzun s\u00fcreli kararl\u0131 \u00e7al\u0131\u015fmay\u0131 sa\u011flamak i\u00e7in sa\u011flam yap\u0131lara sahip y\u00fcksek kaliteli malzemelere sahip ekipman\u0131 \u00fcretmektedir.<\/li>    <li><strong>M\u00fckemmel sat\u0131\u015f sonras\u0131 servis<\/strong>: M\u00fc\u015fterilerin endi\u015felenmemesini sa\u011flamak i\u00e7in ekipman kurulumu ve devreye al\u0131nmas\u0131, i\u015fletme e\u011fitimi, teknik destek vb. gibi bir dizi hizmet sa\u011fl\u0131yoruz.<\/li>    <li><strong>\u00d6zelle\u015ftirilmi\u015f \u00e7\u00f6z\u00fcmler<\/strong>: M\u00fc\u015fteri ihtiya\u00e7lar\u0131na g\u00f6re, farkl\u0131 \u00f6l\u00e7eklerdeki \u00fcretim ihtiya\u00e7lar\u0131n\u0131 kar\u015f\u0131lamak i\u00e7in \u00f6zelle\u015ftirilmi\u015f ekipman konfig\u00fcrasyonu sa\u011fl\u0131yoruz.<\/li> <\/ul>    <figure class=\"wp-block-gallery has-nested-images columns-default is-cropped wp-block-gallery-3 is-layout-flex wp-block-gallery-is-layout-flex\"> <figure class=\"wp-block-image size-large\"><img loading=\"lazy\" decoding=\"async\" width=\"720\" height=\"540\" data-id=\"7490\" src=\"https:\/\/taizyagromachine.com\/wp-content\/uploads\/2025\/01\/soya-beans-thresher-machine-manufacturer.webp\" alt=\"soya fasulyesi harman makinesi \u00fcreticisi\" class=\"wp-image-7490\" srcset=\"https:\/\/taizyagromachine.com\/wp-content\/uploads\/2025\/01\/soya-beans-thresher-machine-manufacturer.webp 720w, https:\/\/taizyagromachine.com\/wp-content\/uploads\/2025\/01\/soya-beans-thresher-machine-manufacturer-16x12.webp 16w\" sizes=\"auto, (max-width: 720px) 100vw, 720px\" \/><figcaption class=\"wp-element-caption\">soya fasulyesi harman makinesi \u00fcreticisi<\/figcaption><\/figure>    <figure class=\"wp-block-image size-large\"><img loading=\"lazy\" decoding=\"async\" width=\"720\" height=\"540\" data-id=\"7491\" src=\"https:\/\/taizyagromachine.com\/wp-content\/uploads\/2025\/01\/soybeans-thresher-in-stock.webp\" alt=\"soya fasulyesi harman makinesi stokta\" class=\"wp-image-7491\" srcset=\"https:\/\/taizyagromachine.com\/wp-content\/uploads\/2025\/01\/soybeans-thresher-in-stock.webp 720w, https:\/\/taizyagromachine.com\/wp-content\/uploads\/2025\/01\/soybeans-thresher-in-stock-16x12.webp 16w\" sizes=\"auto, (max-width: 720px) 100vw, 720px\" \/><figcaption class=\"wp-element-caption\">soya fasulyesi harman makinesi stokta<\/figcaption><\/figure> <\/figure>    <h2 class=\"wp-block-heading\"><strong>Daha fazla ayr\u0131nt\u0131 i\u00e7in bizimle ileti\u015fime ge\u00e7in!<\/strong><\/h2>    <p>Soya harman makinesi sat\u0131n almaya ihtiyac\u0131n\u0131z varsa veya ekipmanlar\u0131m\u0131zla ilgileniyorsan\u0131z l\u00fctfen hemen bizimle ileti\u015fime ge\u00e7in. En uygun harman makinesini se\u00e7menize ve tar\u0131msal i\u015fletmenizin ba\u015far\u0131l\u0131 bir \u015fekilde geli\u015fmesine yard\u0131mc\u0131 olmak i\u00e7in size ayr\u0131nt\u0131l\u0131 \u00fcr\u00fcn bilgileri ve teklifler sunaca\u011f\u0131z!<\/p>","protected":false},"excerpt":{"rendered":"<p>Bu soya fasulyesi esirleyici makinesi, tohumlar\u0131 ve baklalar\u0131 soya, geni\u015f, barbunya fasulyesi ve di\u011fer baklagil mahallelerinden \u00e7\u0131kar\u0131r.  500-700kg\/s kapasiteye sahiptir.<\/p>","protected":false},"author":1,"featured_media":7498,"parent":0,"template":"","tags":[241],"product-type":[22],"class_list":["post-7488","product","type-product","status-publish","has-post-thumbnail","hentry","tag-soybean","product-type-others"],"_links":{"self":[{"href":"https:\/\/taizyagromachine.com\/tr\/wp-json\/wp\/v2\/product\/7488","targetHints":{"allow":["GET"]}}],"collection":[{"href":"https:\/\/taizyagromachine.com\/tr\/wp-json\/wp\/v2\/product"}],"about":[{"href":"https:\/\/taizyagromachine.com\/tr\/wp-json\/wp\/v2\/types\/product"}],"author":[{"embeddable":true,"href":"https:\/\/taizyagromachine.com\/tr\/wp-json\/wp\/v2\/users\/1"}],"wp:featuredmedia":[{"embeddable":true,"href":"https:\/\/taizyagromachine.com\/tr\/wp-json\/wp\/v2\/media\/7498"}],"wp:attachment":[{"href":"https:\/\/taizyagromachine.com\/tr\/wp-json\/wp\/v2\/media?parent=7488"}],"wp:term":[{"taxonomy":"post_tag","embeddable":true,"href":"https:\/\/taizyagromachine.com\/tr\/wp-json\/wp\/v2\/tags?post=7488"},{"taxonomy":"product-type","embeddable":true,"href":"https:\/\/taizyagromachine.com\/tr\/wp-json\/wp\/v2\/product-type?post=7488"}],"curies":[{"name":"wp","href":"https:\/\/api.w.org\/{rel}","templated":true}]}}