{"id":7875,"date":"2025-04-17T17:29:23","date_gmt":"2025-04-17T09:29:23","guid":{"rendered":"https:\/\/taizyagromachine.com\/?post_type=product&#038;p=7875"},"modified":"2025-04-17T17:29:24","modified_gmt":"2025-04-17T09:29:24","slug":"combine-potato-harvester","status":"publish","type":"product","link":"https:\/\/taizyagromachine.com\/tr\/product\/combine-potato-harvester\/","title":{"rendered":"Patates Tasar\u0131c\u0131y\u0131 trakt\u00f6rle birle\u015ftirin"},"content":{"rendered":"<p class=\"translation-block\">Taizy <strong>patates hasad\u0131 makinesi<\/strong>, patates kazma, ta\u015f\u0131ma, toplama, y\u00fckleme ve di\u011fer i\u015flemleri tek seferde tamamlamak i\u00e7in d\u00f6rt tekerlekli bir trakt\u00f6rle kullan\u0131labilir. E\u015fle\u015fen trakt\u00f6r g\u00fcc\u00fc \u2265 40 bg'dir (makine modeline ba\u011fl\u0131 olarak), kolay ba\u011flant\u0131 i\u015flemi ve g\u00fc\u00e7l\u00fc manevra kabiliyeti sunar.<\/p>    <p>Bu 3 noktal\u0131 patates kaz\u0131c\u0131s\u0131 saatte 5-8 mi patates veya tatl\u0131 patates hasat edebilir ve Ming patates h\u0131z\u0131 \u226596% ve cilt k\u0131r\u0131lma oran\u0131 \u22642%'dir. Otomatik y\u00fckleme, y\u00fcksek hasat verimlili\u011fi, d\u00fc\u015f\u00fck k\u0131r\u0131lma oran\u0131, titre\u015fimsiz \u0131\u015f\u0131k, \u00e7im t\u0131kanma, h\u0131zl\u0131 toprak s\u0131z\u0131nt\u0131s\u0131 ve uzun servis \u00f6mr\u00fc avantajlar\u0131na sahiptir. B\u00f6ylece, bu makine \u00e7iftlik ekipmanlar\u0131n\u0131 hasat etmek i\u00e7in idealdir. \u0130lgileniyor musunuz? Bir tane sat\u0131n almak i\u00e7in \u015fimdi bizimle ileti\u015fime ge\u00e7in!<\/p>    <figure class=\"wp-block-embed is-type-video is-provider-youtube wp-block-embed-youtube wp-embed-aspect-16-9 wp-has-aspect-ratio\"><div class=\"wp-block-embed__wrapper\"> <iframe loading=\"lazy\" title=\"Patates Trakt\u00f6r ile Patates Kombine | Patates Kazmak \u0130\u00e7in Patates Hasat Ekipman\u0131 #harvester\" width=\"500\" height=\"281\" src=\"https:\/\/www.youtube.com\/embed\/B5UAHV-4Zjw?feature=oembed\" frameborder=\"0\" allow=\"accelerometer; autoplay; clipboard-write; encrypted-media; gyroscope; picture-in-picture; web-share\" referrerpolicy=\"strict-origin-when-cross-origin\" allowfullscreen><\/iframe> <\/div><figcaption class=\"wp-element-caption\">Patates hasat makinesinin videosu<\/figcaption><\/figure>    <h2 class=\"wp-block-heading\"><strong>Sat\u0131\u015f i\u00e7in patates hasat\u00e7\u0131n\u0131n avantajlar\u0131<\/strong><\/h2>    <ul class=\"wp-block-list\"> <li>Otomatik \u00e7al\u0131\u015fma yoluyla, \u00e7al\u0131\u015fma alan\u0131 ula\u015fabilir <strong>Saatte 5-8 MU<\/strong>, i\u015fg\u00fcc\u00fc ve zaman maliyetlerini b\u00fcy\u00fck \u00f6l\u00e7\u00fcde tasarruf eder.<\/li>    <li>A benimser <strong>Titre\u015fimli elek + yumu\u015fak kau\u00e7uk ta\u015f\u0131ma yap\u0131s\u0131 tasar\u0131m\u0131<\/strong>, patateslerin g\u00f6r\u00fcn\u00fcm\u00fcn\u00fc sa\u011flam tutarak, hasat i\u015fleminde mahsullere verilen hasar\u0131n en aza indirilmesi.<\/li>    <li>Olup olmad\u0131\u011f\u0131 <strong>Kumlu toprak, t\u0131nl\u0131 toprak veya kil topra\u011f\u0131<\/strong>, trakt\u00f6r i\u00e7in patates kaz\u0131c\u0131s\u0131, \u00e7e\u015fitli araziler i\u00e7in uygun olan stabil operasyonu s\u00fcrd\u00fcrebilir.<\/li>    <li>Makinenin bir <strong>makul yap\u0131sal tasar\u0131m<\/strong>ve s\u0131radan \u00e7ift\u00e7iler de h\u0131zla ba\u015flayabilir ve i\u015fletme e\u015fi\u011fini azalt\u0131r.<\/li> <\/ul>    <figure class=\"wp-block-gallery has-nested-images columns-default is-cropped wp-block-gallery-2 is-layout-flex wp-block-gallery-is-layout-flex\"> <figure class=\"wp-block-image size-large\"><img loading=\"lazy\" decoding=\"async\" width=\"720\" height=\"540\" data-id=\"7879\" src=\"https:\/\/taizyagromachine.com\/wp-content\/uploads\/2025\/04\/potato-harvester-machine.webp\" alt=\"patates hasat makinesi\" class=\"wp-image-7879\" srcset=\"https:\/\/taizyagromachine.com\/wp-content\/uploads\/2025\/04\/potato-harvester-machine.webp 720w, https:\/\/taizyagromachine.com\/wp-content\/uploads\/2025\/04\/potato-harvester-machine-16x12.webp 16w\" sizes=\"auto, (max-width: 720px) 100vw, 720px\" \/><figcaption class=\"wp-element-caption\">patates hasat makinesi<\/figcaption><\/figure>    <figure class=\"wp-block-image size-full\"><img loading=\"lazy\" decoding=\"async\" width=\"720\" height=\"540\" data-id=\"7881\" src=\"https:\/\/taizyagromachine.com\/wp-content\/uploads\/2025\/04\/unique-peanut-digger-design.webp\" alt=\"benzersiz f\u0131st\u0131k kaz\u0131c\u0131 tasar\u0131m\u0131\" class=\"wp-image-7881\" srcset=\"https:\/\/taizyagromachine.com\/wp-content\/uploads\/2025\/04\/unique-peanut-digger-design.webp 720w, https:\/\/taizyagromachine.com\/wp-content\/uploads\/2025\/04\/unique-peanut-digger-design-16x12.webp 16w\" sizes=\"auto, (max-width: 720px) 100vw, 720px\" \/><figcaption class=\"wp-element-caption\">benzersiz f\u0131st\u0131k kaz\u0131c\u0131 tasar\u0131m\u0131<\/figcaption><\/figure> <\/figure>    <h2 class=\"wp-block-heading\"><strong>Patates Tasar\u0131m\u0131n\u0131 Birle\u015ftirmenin Teknik Parametreleri<\/strong><\/h2>    <figure class=\"wp-block-table\"><table class=\"has-fixed-layout\"><tbody><tr><td>Modeli<\/td><td>4UQL-1300<\/td><td>4UQL-1600<\/td><\/tr><tr><td>Verimlilik<\/td><td>5-8mu\/s<\/td><td>5-8mu\/s<\/td><\/tr><tr><td>\u00c7al\u0131\u015fma derinli\u011fi<\/td><td>250mm<\/td><td>250mm<\/td><\/tr><tr><td>\u00c7al\u0131\u015fma geni\u015fli\u011fi<\/td><td>1300mm<\/td><td>1600mm<\/td><\/tr><tr><td>Ming patates oran\u0131<\/td><td>\u226596%<\/td><td>\u226596%<\/td><\/tr><tr><td>Cilt k\u0131rma oran\u0131<\/td><td>\u22642%<\/td><td>\u22642%<\/td><\/tr><tr><td>PTO H\u0131z\u0131<\/td><td>560rpm<\/td><td>560rpm<\/td><\/tr><tr><td>E\u015fle\u015fen g\u00fc\u00e7<\/td><td>\u226540hp<\/td><td>\u226560hp<\/td><\/tr><tr><td>Toplam makinenin br\u00fct a\u011f\u0131rl\u0131\u011f\u0131<\/td><td>Toz giderme cihaz\u0131<\/td><td>1800kg<\/td><\/tr><tr><td>Toplam makinenin net a\u011f\u0131rl\u0131\u011f\u0131<\/td><td>1560kg<\/td><td>1660kg<\/td><\/tr><tr><td>Genel boyut<\/td><td>4500*4000*2700mm<\/td><td>4500*4000*2700mm<\/td><\/tr><tr><td>Ambalaj boyutu<\/td><td>3200*1800*1850mm<\/td><td>3250*2000*1950mm<\/td><\/tr><\/tbody><\/table><figcaption class=\"wp-element-caption\">Patates Kombine Hasat \u00d6zellikleri<\/figcaption><\/figure>    <h2 class=\"wp-block-heading\"><strong>Patates Hasat Makinesi Uygulamalar\u0131<\/strong><\/h2>    <p>Bu patates hasat makinesi, esas olarak patates, tatl\u0131 patates, sar\u0131msak ve havu\u00e7 gibi yer alt\u0131 g\u00f6vde bitkilerini hasat etmek i\u00e7in kullan\u0131l\u0131r. K\u00fc\u00e7\u00fck ve orta \u00f6l\u00e7ekli \u00e7iftlikler, patates yeti\u015ftiricileri kooperatifleri, b\u00fcy\u00fck tar\u0131m alanlar\u0131, tar\u0131m makineleri sat\u0131c\u0131lar\u0131, tar\u0131m makineleri hibe program\u0131 ba\u015fvuru sahipleri vb. i\u00e7in uygundur.<\/p>    <figure class=\"wp-block-gallery has-nested-images columns-default is-cropped wp-block-gallery-3 is-layout-flex wp-block-gallery-is-layout-flex\"> <figure class=\"wp-block-image size-large\"><img loading=\"lazy\" decoding=\"async\" width=\"750\" height=\"600\" data-id=\"7882\" src=\"https:\/\/taizyagromachine.com\/wp-content\/uploads\/2025\/04\/applications-of-sweet-potato-harvesting-machine.webp\" alt=\"Tatl\u0131 patates hasat makinesinin uygulamalar\u0131\" class=\"wp-image-7882\" srcset=\"https:\/\/taizyagromachine.com\/wp-content\/uploads\/2025\/04\/applications-of-sweet-potato-harvesting-machine.webp 750w, https:\/\/taizyagromachine.com\/wp-content\/uploads\/2025\/04\/applications-of-sweet-potato-harvesting-machine-15x12.webp 15w\" sizes=\"auto, (max-width: 750px) 100vw, 750px\" \/><figcaption class=\"wp-element-caption\">Tatl\u0131 patates hasat makinesinin uygulamalar\u0131<\/figcaption><\/figure>    <figure class=\"wp-block-image size-large\"><img loading=\"lazy\" decoding=\"async\" width=\"750\" height=\"600\" data-id=\"7883\" src=\"https:\/\/taizyagromachine.com\/wp-content\/uploads\/2025\/04\/working-scenes-of-3-point-hitch-peanut-digger-machine.webp\" alt=\"3 noktal\u0131 aksakl\u0131k f\u0131st\u0131k kaz\u0131c\u0131 makinesinin \u00e7al\u0131\u015fma sahneleri\" class=\"wp-image-7883\" srcset=\"https:\/\/taizyagromachine.com\/wp-content\/uploads\/2025\/04\/working-scenes-of-3-point-hitch-peanut-digger-machine.webp 750w, https:\/\/taizyagromachine.com\/wp-content\/uploads\/2025\/04\/working-scenes-of-3-point-hitch-peanut-digger-machine-15x12.webp 15w\" sizes=\"auto, (max-width: 750px) 100vw, 750px\" \/><figcaption class=\"wp-element-caption\">3 noktal\u0131 aksakl\u0131k f\u0131st\u0131k kaz\u0131c\u0131 makinesinin \u00e7al\u0131\u015fma sahneleri<\/figcaption><\/figure> <\/figure>    <h2 class=\"wp-block-heading\"><strong>Patates hasat makinesi fiyat\u0131 nedir?<\/strong><\/h2>    <p>3 noktal\u0131 bir patates kaz\u0131c\u0131s\u0131n\u0131n fiyat\u0131, makinenin modeline, \u00f6zellik yap\u0131land\u0131rmas\u0131na ve \u00f6zelle\u015ftirme gereksinimlerine ba\u011fl\u0131d\u0131r. Genel fiyat birka\u00e7 bin ila on binlerce dolar aras\u0131nda de\u011fi\u015fiyor. \u00d6rne\u011fin, temel bir kombine hasat\u00e7\u0131 fiyat\u0131 d\u00fc\u015f\u00fckken, bir konvey\u00f6rl\u00fc \u00e7ok i\u015flevli bir kombine tipin fiyat\u0131 nispeten y\u00fcksektir. Belirli bir teklif ve parametre kar\u015f\u0131la\u015ft\u0131rma tablosu almak i\u00e7in l\u00fctfen gereksinim bilgilerinizle bizimle ileti\u015fime ge\u00e7mekten \u00e7ekinmeyin.<\/p>   <div class=\"wp-block-image\"> <figure class=\"aligncenter size-full\"><img loading=\"lazy\" decoding=\"async\" width=\"720\" height=\"540\" src=\"https:\/\/taizyagromachine.com\/wp-content\/uploads\/2025\/04\/single-row-potato-digger-for-tractor.webp\" alt=\"Trakt\u00f6r i\u00e7in tek sat\u0131rl\u0131k patates kaz\u0131c\u0131s\u0131\" class=\"wp-image-7880\" srcset=\"https:\/\/taizyagromachine.com\/wp-content\/uploads\/2025\/04\/single-row-potato-digger-for-tractor.webp 720w, https:\/\/taizyagromachine.com\/wp-content\/uploads\/2025\/04\/single-row-potato-digger-for-tractor-16x12.webp 16w\" sizes=\"auto, (max-width: 720px) 100vw, 720px\" \/><figcaption class=\"wp-element-caption\">Trakt\u00f6r i\u00e7in tek sat\u0131rl\u0131k patates kaz\u0131c\u0131s\u0131<\/figcaption><\/figure> <\/div>   <h2 class=\"wp-block-heading\"><strong>Neden bir\u00e7ok patates hasat makinesi \u00fcreticisi aras\u0131nda Taizy'yi se\u00e7melisiniz?<\/strong><\/h2>    <p>Taizy, tar\u0131m makineleri \u00fcretiminde uzun y\u0131llara dayanan deneyime sahiptir ve \u00fcr\u00fcnlerimiz d\u00fcnyan\u0131n d\u00f6rt bir yan\u0131ndaki 80'den fazla \u00fclkeye ihra\u00e7 edilmektedir ve kullan\u0131c\u0131lar taraf\u0131ndan g\u00fcvenilir. Avantajlar\u0131m\u0131z \u015funlar\u0131 i\u00e7erir:<\/p>    <ul class=\"wp-block-list\"> <li>Profesyonel Teknik Ekip, \u00d6zelle\u015ftirilmi\u015f Hizmeti Destekleyin<\/li>    <li>S\u0131k\u0131 kalite kontrol\u00fc ve g\u00fcvenilir ambalaj ve ula\u015f\u0131m<\/li>    <li>Sat\u0131\u015f sonras\u0131 destek ve video rehberli\u011fi tam s\u00fcre\u00e7<\/li>    <li>\u0130stikrarl\u0131 performans ve uygun maliyetli, farkl\u0131 \u00f6l\u00e7ekte kullan\u0131c\u0131lar i\u00e7in uygun<\/li> <\/ul>    <p>Patates hasat makinesiyle ilgileniyorsan\u0131z, Taizy'yi se\u00e7mek kalite, hizmet ve garanti se\u00e7mektir.<\/p>   <div class=\"wp-block-image\"> <figure class=\"aligncenter size-full\"><img loading=\"lazy\" decoding=\"async\" width=\"720\" height=\"540\" src=\"https:\/\/taizyagromachine.com\/wp-content\/uploads\/2025\/04\/commercial-potato-combine-harvester.webp\" alt=\"Ticari Patates Kombine Hasat\u00e7\u0131\" class=\"wp-image-7885\" srcset=\"https:\/\/taizyagromachine.com\/wp-content\/uploads\/2025\/04\/commercial-potato-combine-harvester.webp 720w, https:\/\/taizyagromachine.com\/wp-content\/uploads\/2025\/04\/commercial-potato-combine-harvester-16x12.webp 16w\" sizes=\"auto, (max-width: 720px) 100vw, 720px\" \/><figcaption class=\"wp-element-caption\">Ticari Patates Kombine Hasat\u00e7\u0131<\/figcaption><\/figure> <\/div>   <h2 class=\"wp-block-heading\"><strong>Ba\u015fka bir tip: k\u00fc\u00e7\u00fck patates hasat makinesi makinesi<\/strong><\/h2>    <p class=\"translation-block\">K\u00fc\u00e7\u00fck \u00e7ift\u00e7iler veya k\u00fc\u00e7\u00fck arazileri olan kullan\u0131c\u0131lar i\u00e7in, elde ta\u015f\u0131nan k\u00fc\u00e7\u00fck patates hasad\u0131 ekipmanlar\u0131 da sunuyoruz. Makine k\u00fc\u00e7\u00fck boyutlu, hafif, kullan\u0131m\u0131 basit, 15-20 bg'lik <a href=\"https:\/\/taizyagromachine.com\/tr\/product\/two-wheel-drive-walking-type-tractor\/\">y\u00fcr\u00fcy\u00fc\u015f tipi trakt\u00f6rlerle<\/a> e\u015fle\u015fmeye uygun olup, aile tar\u0131m\u0131, k\u00fc\u00e7\u00fck \u00e7iftlikler ve da\u011fl\u0131k b\u00f6lgelerdeki kullan\u0131c\u0131lar i\u00e7in ideal bir se\u00e7imdir.<\/p>   <div class=\"wp-block-image\"> <figure class=\"aligncenter size-full\"><img loading=\"lazy\" decoding=\"async\" width=\"720\" height=\"540\" src=\"https:\/\/taizyagromachine.com\/wp-content\/uploads\/2025\/04\/small-potato-harvesting-machine-with-two-wheel-tractor.webp\" alt=\"\u0130ki tekerlekli trakt\u00f6rl\u00fc k\u00fc\u00e7\u00fck patates hasat makinesi\" class=\"wp-image-7886\" srcset=\"https:\/\/taizyagromachine.com\/wp-content\/uploads\/2025\/04\/small-potato-harvesting-machine-with-two-wheel-tractor.webp 720w, https:\/\/taizyagromachine.com\/wp-content\/uploads\/2025\/04\/small-potato-harvesting-machine-with-two-wheel-tractor-16x12.webp 16w\" sizes=\"auto, (max-width: 720px) 100vw, 720px\" \/><figcaption class=\"wp-element-caption\">\u0130ki tekerlekli trakt\u00f6rl\u00fc k\u00fc\u00e7\u00fck patates hasat makinesi<\/figcaption><\/figure> <\/div>   <h2 class=\"wp-block-heading\"><strong>Daha fazla ayr\u0131nt\u0131 i\u00e7in hemen bizimle ileti\u015fime ge\u00e7in!<\/strong><\/h2>    <p class=\"translation-block\">Patates hasad\u0131 makinesinin model, fiyat veya video bilgileri hakk\u0131nda daha fazla bilgi mi istiyorsunuz? Bizimle ileti\u015fime ge\u00e7mekten \u00e7ekinmeyin! Taizy, do\u011fru <a href=\"https:\/\/en.wikipedia.org\/wiki\/Potato\" target=\"_blank\" rel=\"noopener\">patates<\/a> hasad\u0131 \u00e7\u00f6z\u00fcm\u00fcn\u00fc se\u00e7menize yard\u0131mc\u0131 olmak i\u00e7in \u00fccretsiz dan\u0131\u015fmanl\u0131k, program \u00f6nerisi ve \u00e7evrimi\u00e7i g\u00f6sterim hizmetleri sunmaktad\u0131r.<\/p>   <div class=\"wp-block-image\"> <figure class=\"aligncenter size-full\"><img loading=\"lazy\" decoding=\"async\" width=\"720\" height=\"540\" src=\"https:\/\/taizyagromachine.com\/wp-content\/uploads\/2025\/04\/potato-harvesting.webp\" alt=\"patates hasad\u0131\" class=\"wp-image-7884\" srcset=\"https:\/\/taizyagromachine.com\/wp-content\/uploads\/2025\/04\/potato-harvesting.webp 720w, https:\/\/taizyagromachine.com\/wp-content\/uploads\/2025\/04\/potato-harvesting-16x12.webp 16w\" sizes=\"auto, (max-width: 720px) 100vw, 720px\" \/><figcaption class=\"wp-element-caption\">patates hasad\u0131<\/figcaption><\/figure> <\/div>","protected":false},"excerpt":{"rendered":"<p>Taizy patates hasad\u0131, patates kazma, ta\u015f\u0131ma, toplama, y\u00fckleme ve di\u011fer i\u015flemleri tek seferde tamamlayabilir ve 4 tekerlekli bir trakt\u00f6rle \u00e7al\u0131\u015f\u0131r. Kapasitesi 5-8 Mu\/saat.<\/p>","protected":false},"author":1,"featured_media":7878,"parent":0,"template":"","tags":[242],"product-type":[22],"class_list":["post-7875","product","type-product","status-publish","has-post-thumbnail","hentry","tag-potato","product-type-others"],"_links":{"self":[{"href":"https:\/\/taizyagromachine.com\/tr\/wp-json\/wp\/v2\/product\/7875","targetHints":{"allow":["GET"]}}],"collection":[{"href":"https:\/\/taizyagromachine.com\/tr\/wp-json\/wp\/v2\/product"}],"about":[{"href":"https:\/\/taizyagromachine.com\/tr\/wp-json\/wp\/v2\/types\/product"}],"author":[{"embeddable":true,"href":"https:\/\/taizyagromachine.com\/tr\/wp-json\/wp\/v2\/users\/1"}],"wp:featuredmedia":[{"embeddable":true,"href":"https:\/\/taizyagromachine.com\/tr\/wp-json\/wp\/v2\/media\/7878"}],"wp:attachment":[{"href":"https:\/\/taizyagromachine.com\/tr\/wp-json\/wp\/v2\/media?parent=7875"}],"wp:term":[{"taxonomy":"post_tag","embeddable":true,"href":"https:\/\/taizyagromachine.com\/tr\/wp-json\/wp\/v2\/tags?post=7875"},{"taxonomy":"product-type","embeddable":true,"href":"https:\/\/taizyagromachine.com\/tr\/wp-json\/wp\/v2\/product-type?post=7875"}],"curies":[{"name":"wp","href":"https:\/\/api.w.org\/{rel}","templated":true}]}}