{"id":7953,"date":"2025-04-30T18:25:49","date_gmt":"2025-04-30T10:25:49","guid":{"rendered":"https:\/\/taizyagromachine.com\/?post_type=product&#038;p=7953"},"modified":"2025-05-06T14:43:41","modified_gmt":"2025-05-06T06:43:41","slug":"manure-and-fertilizer-spreader-truck","status":"publish","type":"product","link":"https:\/\/taizyagromachine.com\/tr\/product\/manure-and-fertilizer-spreader-truck\/","title":{"rendered":"G\u00fcbre ve g\u00fcbre yayma kamyonu"},"content":{"rendered":"<p class=\"translation-block\">Taizy <strong>g\u00fcbre serpme kamyonu<\/strong>, \u00e7iftlik alanlar\u0131nda \u00e7e\u015fitli kuru ve ya\u015f g\u00fcbre, gran\u00fcl g\u00fcbre, organik g\u00fcbre, kimyasal g\u00fcbre vb. yaymak i\u00e7in tasarlanm\u0131\u015ft\u0131r. Yeti\u015ftirme kooperatifleri ve b\u00fcy\u00fck ekim alanlar\u0131 i\u00e7in uygundur.<\/p>    <p>Bu trakt\u00f6r g\u00fcbre yayma makinesi PTO tipindedir, \u226550HP g\u00fcc\u00fcnde bir trakt\u00f6r ile \u00e7al\u0131\u015f\u0131r, 3m\u00b3, 6m\u00b3, 8m\u00b3, 10m\u00b3 ve 12m\u00b3 hacme sahiptir ve yayma mesafesi 4-16m'dir. Yayma makinesi, bir kamyon g\u00fcbresini 5-10 dakika i\u00e7inde atabilir, g\u00fcnl\u00fck yakla\u015f\u0131k 500 Mu kapasiteye sahiptir.<\/p>    <p>T\u00fcm makine hidrolik olarak kontrol edilmektedir, entegre olarak kal\u0131planm\u0131\u015f, kaynak yap\u0131lmam\u0131\u015f ve daha dayan\u0131kl\u0131 ve korozyona kar\u015f\u0131 diren\u00e7lidir. Her t\u00fcrl\u00fc gran\u00fcl g\u00fcbreyi, organik g\u00fcbreleri ve kuru g\u00fcbreleri verimli ve e\u015fit bir \u015fekilde yayabilir, bu da tar\u0131msal g\u00fcbrelerin etkinli\u011fini art\u0131rmak ve i\u015f g\u00fcc\u00fcnden tasarruf sa\u011flamak i\u00e7in ideal bir ara\u00e7t\u0131r. \u0130lgileniyor musunuz? Daha fazla bilgi almak i\u00e7in bizimle ileti\u015fime ge\u00e7in.<\/p>    <figure class=\"wp-block-embed is-type-video is-provider-youtube wp-block-embed-youtube wp-embed-aspect-16-9 wp-has-aspect-ratio\"><div class=\"wp-block-embed__wrapper\"> <iframe loading=\"lazy\" title=\"Trakt\u00f6r tedarik g\u00fcbre da\u011f\u0131t\u0131c\u0131 | G\u00fcbre da\u011f\u0131t\u0131c\u0131 kamyonu nas\u0131l \u00e7al\u0131\u015f\u0131r? At ve k\u00fcmes hayvan\u0131 g\u00fcbresi\" width=\"500\" height=\"281\" src=\"https:\/\/www.youtube.com\/embed\/JDF1syW7Qso?feature=oembed\" frameborder=\"0\" allow=\"accelerometer; autoplay; clipboard-write; encrypted-media; gyroscope; picture-in-picture; web-share\" referrerpolicy=\"strict-origin-when-cross-origin\" allowfullscreen><\/iframe> <\/div><figcaption class=\"wp-element-caption\">g\u00fcbre yayma kamyonunun videosu<\/figcaption><\/figure>    <h2 class=\"wp-block-heading\"><strong>3 noktal\u0131 g\u00fcbre yayma kamyonunun avantajlar\u0131<\/strong><\/h2>    <ul class=\"wp-block-list\"> <li>G\u00fcbre yayma makinesinin \u00e7eki\u015f \u00e7er\u00e7evesi bir <strong>20*20 cm kare borudur<\/strong>, daha sa\u011flam ve dayan\u0131kl\u0131d\u0131r.<\/li>    <li>G\u00fcbre besleme zinciri ise bir <strong>4*6 cm kare boru ile 5 mm kal\u0131nl\u0131\u011f\u0131nda bir duvara sahiptir.<\/strong>l ve c<strong>zincir tokas\u0131 madencilik s\u0131n\u0131f\u0131n\u0131 benimser<\/strong>, g\u00fcbreleri uzun s\u00fcre besleme ve yayma s\u0131ras\u0131nda deformasyona u\u011framas\u0131 ve k\u0131r\u0131lmas\u0131 kolay de\u011fildir.<\/li>    <li>B\u00fcy\u00fck kapasiteli hidrolik ya\u011f tank\u0131 ile donat\u0131lm\u0131\u015ft\u0131r. <strong>hava so\u011futma cihaz\u0131<\/strong>, bu, hidrolik ya\u011f\u0131n so\u011futulmas\u0131n\u0131 sa\u011flar.<\/li>    <li>\u00c7ekme tipi g\u00fcbre da\u011f\u0131t\u0131c\u0131 kamyonumuz bir <strong>ak\u0131\u015f kontrol vanas\u0131 (10 di\u015fli)<\/strong>, ayarlanabilir. Di\u015fli ne kadar b\u00fcy\u00fckse, h\u0131z o kadar h\u0131zl\u0131d\u0131r.<\/li>    <li>6m\u00b3 g\u00fcbre yayma kamyonunu \u00f6rnek al\u0131rsak, \u015fu \u00f6zelliklere sahiptir. <strong>68 cm \u00e7ap\u0131nda \u00e7ift disk, 4-15 m at\u0131\u015f mesafesi<\/strong>, serbest\u00e7e ayarlanabilir.<\/li> <\/ul>    <figure class=\"wp-block-gallery has-nested-images columns-default is-cropped wp-block-gallery-2 is-layout-flex wp-block-gallery-is-layout-flex\"> <figure class=\"wp-block-image size-large\"><img loading=\"lazy\" decoding=\"async\" width=\"720\" height=\"540\" data-id=\"7961\" src=\"https:\/\/taizyagromachine.com\/wp-content\/uploads\/2025\/04\/3-point-fertilizer-spreader-truck-1.webp\" alt=\"3 noktal\u0131 g\u00fcbre yayma kamyonu\" class=\"wp-image-7961\" srcset=\"https:\/\/taizyagromachine.com\/wp-content\/uploads\/2025\/04\/3-point-fertilizer-spreader-truck-1.webp 720w, https:\/\/taizyagromachine.com\/wp-content\/uploads\/2025\/04\/3-point-fertilizer-spreader-truck-1-16x12.webp 16w\" sizes=\"auto, (max-width: 720px) 100vw, 720px\" \/><figcaption class=\"wp-element-caption\">3 noktal\u0131 g\u00fcbre yayma kamyonu<\/figcaption><\/figure>    <figure class=\"wp-block-image size-large\"><img loading=\"lazy\" decoding=\"async\" width=\"720\" height=\"540\" data-id=\"7962\" src=\"https:\/\/taizyagromachine.com\/wp-content\/uploads\/2025\/04\/3-point-hitch-fertilizer-spreader.webp\" alt=\"3 noktal\u0131 \u00e7ekme g\u00fcbre yayma\" class=\"wp-image-7962\" srcset=\"https:\/\/taizyagromachine.com\/wp-content\/uploads\/2025\/04\/3-point-hitch-fertilizer-spreader.webp 720w, https:\/\/taizyagromachine.com\/wp-content\/uploads\/2025\/04\/3-point-hitch-fertilizer-spreader-16x12.webp 16w\" sizes=\"auto, (max-width: 720px) 100vw, 720px\" \/><figcaption class=\"wp-element-caption\">3 noktal\u0131 \u00e7ekme g\u00fcbre yayma<\/figcaption><\/figure> <\/figure>    <h2 class=\"wp-block-heading\"><strong>Kuru g\u00fcbre da\u011f\u0131t\u0131c\u0131 kamyonunun teknik parametreleri<\/strong><\/h2>    <p>Kuru ve s\u0131v\u0131 g\u00fcbre da\u011f\u0131t\u0131m makinemiz, \u00e7al\u0131\u015fma alan\u0131na ve g\u00fcbre t\u00fcr\u00fcne g\u00f6re serbest\u00e7e se\u00e7ilebilen 3m\u00b3, 6m\u00b3, 8m\u00b3, 10m\u00b3 ve 12m\u00b3 dahil olmak \u00fczere \u00e7e\u015fitli kapasite se\u00e7enekleri sunmaktad\u0131r. \u0130\u015fte referans\u0131n\u0131z i\u00e7in yayg\u0131n olarak sat\u0131lan \u00fc\u00e7 modelin parametreleri.<\/p>    <figure class=\"wp-block-table\"><table class=\"has-fixed-layout\"><tbody><tr><td><strong>\u00d6\u011fe <\/strong><strong><\/strong><\/td><td><strong>2FGH-3<\/strong><strong><\/strong><\/td><td><strong>2FGH-6<\/strong><\/td><td><strong>2FGH-8<\/strong><\/td><\/tr><tr><td>Silo hacmi &nbsp;<\/td><td>3m\u00b3<\/td><td>6m\u00b3<\/td><td>8m\u00b3<\/td><\/tr><tr><td>Genel boyut<\/td><td>4850*1800*2050mm<\/td><td>5750*2050*2430mm<\/td><td>6350*2200*2430mm<\/td><\/tr><tr><td>Yap\u0131sal form<\/td><td>Kutu tipi<\/td><td>Kutu tipi<\/td><td>Kutu tipi<\/td><\/tr><tr><td>\u00c7al\u0131\u015fma \u015fekli<\/td><td>Geri at\u0131m<\/td><td>Geri at\u0131m<\/td><td>Geri at\u0131m<\/td><\/tr><tr><td>Organik g\u00fcbre teslimat y\u00f6ntemi<\/td><td>Hidrolik zincir itici<\/td><td>Hidrolik zincir itici<\/td><td>Hidrolik zincir itici<\/td><\/tr><tr><td>Da\u011f\u0131t\u0131m cihaz\u0131 tipi<\/td><td>Arka \u00e7ift disk<\/td><td>Arka \u00e7ift disk<\/td><td>Arka \u00e7ift disk<\/td><\/tr><tr><td>Da\u011f\u0131t\u0131m geni\u015fli\u011fi<\/td><td>\u22655m<\/td><td>\u22655m<\/td><td>\u22655m<\/td><\/tr><tr><td>Disk adedi<\/td><td>2 adet<\/td><td>2 adet<\/td><td>2 adet<\/td><\/tr><tr><td>Lastik<\/td><td>2 adet<\/td><td>2 adet<\/td><td>2 adet<\/td><\/tr><tr><td>Lastik no.<\/td><td>20.5\/70-16<\/td><td>298\/60R22.5<\/td><td>295\/60R22.5<\/td><\/tr><tr><td>E\u015fle\u015fen g\u00fc\u00e7<\/td><td>\u226550HP<\/td><td>\u226560.3kw<\/td><td>\u226570kw<\/td><\/tr><tr><td>Maksimum y\u00fck kapasitesi<\/td><td>2400kg<\/td><td>4800kg<\/td><td>6000kg<\/td><\/tr><tr><td>\u00c7al\u0131\u015fma verimlili\u011fi<\/td><td>Yakla\u015f\u0131k 5-10 dakika \/ kamyon (da\u011f\u0131t\u0131m s\u00fcresi farkl\u0131 g\u00fcbreler aras\u0131nda de\u011fi\u015fir)<\/td><td>Yakla\u015f\u0131k 5-10 dakika \/ kamyon (da\u011f\u0131t\u0131m s\u00fcresi farkl\u0131 g\u00fcbreler aras\u0131nda de\u011fi\u015fir)<\/td><td>Yakla\u015f\u0131k 5-10 dakika \/ kamyon (da\u011f\u0131t\u0131m s\u00fcresi farkl\u0131 g\u00fcbreler aras\u0131nda de\u011fi\u015fir)<\/td><\/tr><\/tbody><\/table><figcaption class=\"wp-element-caption\">kuru ve s\u0131v\u0131 g\u00fcbre yayma kamyonunun parametreleri<\/figcaption><\/figure>    <figure class=\"wp-block-gallery has-nested-images columns-default is-cropped wp-block-gallery-3 is-layout-flex wp-block-gallery-is-layout-flex\"> <figure class=\"wp-block-image size-large\"><img loading=\"lazy\" decoding=\"async\" width=\"720\" height=\"540\" data-id=\"7956\" src=\"https:\/\/taizyagromachine.com\/wp-content\/uploads\/2025\/04\/pto-driven-manure-spreader-truck.webp\" alt=\"PTO ile \u00e7al\u0131\u015fan g\u00fcbre yayma kamyonu\" class=\"wp-image-7956\" srcset=\"https:\/\/taizyagromachine.com\/wp-content\/uploads\/2025\/04\/pto-driven-manure-spreader-truck.webp 720w, https:\/\/taizyagromachine.com\/wp-content\/uploads\/2025\/04\/pto-driven-manure-spreader-truck-16x12.webp 16w\" sizes=\"auto, (max-width: 720px) 100vw, 720px\" \/><figcaption class=\"wp-element-caption\">PTO ile \u00e7al\u0131\u015fan g\u00fcbre yayma kamyonu<\/figcaption><\/figure>    <figure class=\"wp-block-image size-large\"><img loading=\"lazy\" decoding=\"async\" width=\"720\" height=\"540\" data-id=\"7957\" src=\"https:\/\/taizyagromachine.com\/wp-content\/uploads\/2025\/04\/tractor-manure-spreader.webp\" alt=\"Trakt\u00f6r g\u00fcbre yayma\" class=\"wp-image-7957\" srcset=\"https:\/\/taizyagromachine.com\/wp-content\/uploads\/2025\/04\/tractor-manure-spreader.webp 720w, https:\/\/taizyagromachine.com\/wp-content\/uploads\/2025\/04\/tractor-manure-spreader-16x12.webp 16w\" sizes=\"auto, (max-width: 720px) 100vw, 720px\" \/><figcaption class=\"wp-element-caption\">Trakt\u00f6r g\u00fcbre yayma<\/figcaption><\/figure> <\/figure>    <h2 class=\"wp-block-heading\"><strong>g\u00fcbre yayma kamyonunun uygulamalar\u0131<\/strong><\/h2>    <p>Taizy trakt\u00f6r montajl\u0131 g\u00fcbre serpme arac\u0131, her t\u00fcrl\u00fc kuru ve \u0131slak g\u00fcbre, organik g\u00fcbre, gran\u00fcl g\u00fcbre ve kimyasal g\u00fcbre atma i\u015flemleri i\u00e7in uygundur, yayg\u0131n olarak \u015funlarda kullan\u0131l\u0131r:<\/p>    <ul class=\"wp-block-list\"> <li>\u00c7iftliklerin g\u00fcbre geri d\u00f6n\u00fc\u015f i\u015flemi<\/li>    <li>Ekili alanlarda organik g\u00fcbre yayma<\/li>    <li>Tar\u0131m kooperatiflerinin \u00f6l\u00e7ekli g\u00fcbre uygulama projesi<\/li> <\/ul>    <h2 class=\"wp-block-heading\"><strong>Kamyon monteli g\u00fcbre yayma makinesi fiyat\u0131 nedir?<\/strong><\/h2>    <p>G\u00fcbre da\u011f\u0131t\u0131c\u0131 kamyon fiyatlar\u0131, farkl\u0131 kapasiteler, konfig\u00fcrasyonlar ve \u00f6zelle\u015ftirilip \u00f6zelle\u015ftirilmedi\u011fine g\u00f6re de\u011fi\u015fiklik g\u00f6stermektedir. \u00d6rne\u011fin, dikey vida sistemine sahip 6m\u00b3 trakt\u00f6r g\u00fcbre da\u011f\u0131t\u0131c\u0131 fiyat\u0131, hidrolik kontrol ve \u00e7ift disk sistemine sahip makinenin fiyat\u0131ndan daha y\u00fcksek olacakt\u0131r.<\/p>    <p>M\u00fc\u015fterilerin b\u00fct\u00e7elerine ve operasyonel ihtiya\u00e7lar\u0131na g\u00f6re \u00f6zelle\u015ftirilmi\u015f \u00e7\u00f6z\u00fcmleri destekliyoruz. En son teklif ve ta\u015f\u0131mac\u0131l\u0131k \u00e7\u00f6z\u00fcmlerini almak i\u00e7in bizimle ileti\u015fime ge\u00e7mekten \u00e7ekinmeyin.<\/p>    <figure class=\"wp-block-gallery has-nested-images columns-default is-cropped wp-block-gallery-4 is-layout-flex wp-block-gallery-is-layout-flex\"> <figure class=\"wp-block-image size-large\"><img loading=\"lazy\" decoding=\"async\" width=\"720\" height=\"540\" data-id=\"7959\" src=\"https:\/\/taizyagromachine.com\/wp-content\/uploads\/2025\/04\/3-point-fertilizer-spreader-truck.webp\" alt=\"3 noktal\u0131 g\u00fcbre yayma kamyonu\" class=\"wp-image-7959\" srcset=\"https:\/\/taizyagromachine.com\/wp-content\/uploads\/2025\/04\/3-point-fertilizer-spreader-truck.webp 720w, https:\/\/taizyagromachine.com\/wp-content\/uploads\/2025\/04\/3-point-fertilizer-spreader-truck-16x12.webp 16w\" sizes=\"auto, (max-width: 720px) 100vw, 720px\" \/><figcaption class=\"wp-element-caption\">3 noktal\u0131 g\u00fcbre yayma kamyonu<\/figcaption><\/figure>    <figure class=\"wp-block-image size-large\"><img loading=\"lazy\" decoding=\"async\" width=\"720\" height=\"540\" data-id=\"7960\" src=\"https:\/\/taizyagromachine.com\/wp-content\/uploads\/2025\/04\/compact-manure-spreader-truck.webp\" alt=\"Kompakt g\u00fcbre yayma kamyonu\" class=\"wp-image-7960\" srcset=\"https:\/\/taizyagromachine.com\/wp-content\/uploads\/2025\/04\/compact-manure-spreader-truck.webp 720w, https:\/\/taizyagromachine.com\/wp-content\/uploads\/2025\/04\/compact-manure-spreader-truck-16x12.webp 16w\" sizes=\"auto, (max-width: 720px) 100vw, 720px\" \/><figcaption class=\"wp-element-caption\">Kompakt g\u00fcbre yayma kamyonu<\/figcaption><\/figure> <\/figure>    <h2 class=\"wp-block-heading\"><strong>Uygun bir \u00e7iftlik g\u00fcbre da\u011f\u0131t\u0131c\u0131 kamyonu se\u00e7erken ipu\u00e7lar\u0131<\/strong><\/h2>    <p>Deneyimlerimize g\u00f6re, g\u00fcbre yayma kamyonu sat\u0131n al\u0131rken dikkate alman\u0131z gereken \u00f6neriler \u015funlard\u0131r:<\/p>    <ul class=\"wp-block-list\"> <li>Kullan\u0131m sahas\u0131n\u0131 ve g\u00fcbre t\u00fcr\u00fcn\u00fc tan\u0131mlay\u0131n<\/li>    <li>Makul kapasite se\u00e7imi<\/li>    <li>G\u00fcbre yayma geni\u015fli\u011fine ve verimlili\u011fine dikkat edin<\/li>    <li>Trakt\u00f6r e\u015fle\u015ftirme g\u00fcc\u00fc<\/li>    <li>Hidrolik sisteme ve kullan\u0131m kolayl\u0131\u011f\u0131na dikkat edin<\/li>    <li>G\u00fcvenilir tedarik\u00e7iler se\u00e7in<\/li> <\/ul>    <p>Yukar\u0131dakiler al\u0131\u015fveri\u015f yaparken verilen baz\u0131 \u00f6nerilerdir. Daha fazla detay i\u00e7in l\u00fctfen bizimle ileti\u015fime ge\u00e7mekten \u00e7ekinmeyin!<\/p>    <h2 class=\"wp-block-heading\"><strong>Neden Taizy'yi g\u00fcbre da\u011f\u0131t\u0131c\u0131 kamyonu tedarik\u00e7isi olarak se\u00e7melisiniz?<\/strong><\/h2>    <p>Sat\u0131\u015fta olan g\u00fcbre yayma makineleri aras\u0131nda Taizy'yi se\u00e7menin nedeni \u015fudur:<\/p>    <ul class=\"wp-block-list\"> <li><strong>Zengin deneyim<\/strong>Bir\u00e7ok y\u0131ll\u0131k tar\u0131m makineleri ihracat deneyimi, \u00fcr\u00fcnler Asya, Afrika, Avrupa ve di\u011fer \u00fclkelere ihra\u00e7 edilmektedir.<\/li>    <li><strong>G\u00fcvenilir teknoloji<\/strong>Birinci s\u0131n\u0131f marka bile\u015fenler kullanarak, t\u00fcm g\u00fcbre yayma kamyonu tek par\u00e7a halinde \u015fekillendirilmi\u015ftir, daha uzun hizmet \u00f6mr\u00fc.<\/li>    <li><strong>\u00d6zelle\u015ftirmeyi destekleyin<\/strong>M\u00fc\u015fterinin arazisine, \u00fcr\u00fcn\u00fcne ve g\u00fc\u00e7 gereksinimlerine g\u00f6re \u00f6zel \u00e7\u00f6z\u00fcmler sunuyoruz.<\/li>    <li><strong>Sat\u0131\u015f sonras\u0131 garanti<\/strong>Taizy tar\u0131m g\u00fcbre da\u011f\u0131t\u0131m kamyonu i\u00e7in tamamlay\u0131c\u0131 aksesuarlar, uzaktan video rehberlik ve daha g\u00fcvenilir hizmet.<\/li> <\/ul>    <figure class=\"wp-block-gallery has-nested-images columns-default is-cropped wp-block-gallery-5 is-layout-flex wp-block-gallery-is-layout-flex\"> <figure class=\"wp-block-image size-large\"><img loading=\"lazy\" decoding=\"async\" width=\"720\" height=\"540\" data-id=\"7963\" src=\"https:\/\/taizyagromachine.com\/wp-content\/uploads\/2025\/04\/three-point-hitch-fertilizer-spreader-truck.webp\" alt=\"\u00dc\u00e7 nokta ba\u011flant\u0131l\u0131 g\u00fcbre yayma kamyonu\" class=\"wp-image-7963\" srcset=\"https:\/\/taizyagromachine.com\/wp-content\/uploads\/2025\/04\/three-point-hitch-fertilizer-spreader-truck.webp 720w, https:\/\/taizyagromachine.com\/wp-content\/uploads\/2025\/04\/three-point-hitch-fertilizer-spreader-truck-16x12.webp 16w\" sizes=\"auto, (max-width: 720px) 100vw, 720px\" \/><figcaption class=\"wp-element-caption\">\u00dc\u00e7 nokta ba\u011flant\u0131l\u0131 g\u00fcbre yayma kamyonu<\/figcaption><\/figure>    <figure class=\"wp-block-image size-large\"><img loading=\"lazy\" decoding=\"async\" width=\"720\" height=\"540\" data-id=\"7964\" src=\"https:\/\/taizyagromachine.com\/wp-content\/uploads\/2025\/04\/truck-mounted-manure-spreader.webp\" alt=\"Kamyon \u00fczerine montelenmi\u015f g\u00fcbre yayma\" class=\"wp-image-7964\" srcset=\"https:\/\/taizyagromachine.com\/wp-content\/uploads\/2025\/04\/truck-mounted-manure-spreader.webp 720w, https:\/\/taizyagromachine.com\/wp-content\/uploads\/2025\/04\/truck-mounted-manure-spreader-16x12.webp 16w\" sizes=\"auto, (max-width: 720px) 100vw, 720px\" \/><figcaption class=\"wp-element-caption\">Kamyon \u00fczerine montelenmi\u015f g\u00fcbre yayma<\/figcaption><\/figure> <\/figure>    <h2 class=\"wp-block-heading\"><strong>\u00dccretsiz teklif ve video bilgisi i\u00e7in bizimle ileti\u015fime ge\u00e7in!<\/strong><\/h2>    <p class=\"translation-block\">\u0130ster bir tar\u0131m kooperatifi, ister bir \u00e7iftlik veya bir ekim alan\u0131 olun, Taizy'nin verimli ve dayan\u0131kl\u0131 bir <a href=\"https:\/\/en.wikipedia.org\/wiki\/Fertilizer\" target=\"_blank\" rel=\"noopener\">g\u00fcbre<\/a> yayma \u00e7\u00f6z\u00fcm\u00fc bulunmaktad\u0131r.<\/p>    <ul class=\"wp-block-list\"> <li>WhatsApp, WeChat ve e-posta arac\u0131l\u0131\u011f\u0131yla h\u0131zl\u0131 ileti\u015fim.<\/li>    <li>\u00dccretsiz ekipman \u00e7al\u0131\u015fma videosu, yedek par\u00e7a listesi ve ta\u015f\u0131ma plan\u0131.<\/li>    <li>Sorunsuz bir sat\u0131n alma s\u00fcreci sa\u011flamak i\u00e7in profesyonel sat\u0131\u015f dan\u0131\u015fmanlar\u0131 taraf\u0131ndan birebir hizmet.<\/li> <\/ul>    <p class=\"translation-block\">Ayr\u0131ca sat\u0131\u015f i\u00e7in <a href=\"https:\/\/taizyagromachine.com\/tr\/product\/silage-baler\/\">silaj balya makinesi<\/a>, <a href=\"https:\/\/taizyagromachine.com\/tr\/product\/straw-crushing-and-recycling-machine\/\">silaj hasat makinesi<\/a> gibi ba\u015fka silaj makinelerimiz de bulunmaktad\u0131r. Daha fazla ayr\u0131nt\u0131 i\u00e7in bizimle ileti\u015fime ge\u00e7in!<\/p>","protected":false},"excerpt":{"rendered":"<p>Taizy g\u00fcbre yayma kamyonu, tarla alanlar\u0131nda \u00e7e\u015fitli kuru ve \u0131slak g\u00fcbreler, gran\u00fcl g\u00fcbre, organik g\u00fcbre, kimyasal g\u00fcbre vb. yaymak i\u00e7in tasarlanm\u0131\u015ft\u0131r ve 3m\u00b3, 6m\u00b3, 8m\u00b3, 10m\u00b3 ve 12m\u00b3 hacim se\u00e7eneklerine sahiptir.<\/p>","protected":false},"author":1,"featured_media":7955,"parent":0,"template":"","tags":[116],"product-type":[19],"class_list":["post-7953","product","type-product","status-publish","has-post-thumbnail","hentry","tag-silage","product-type-silage-machine"],"_links":{"self":[{"href":"https:\/\/taizyagromachine.com\/tr\/wp-json\/wp\/v2\/product\/7953","targetHints":{"allow":["GET"]}}],"collection":[{"href":"https:\/\/taizyagromachine.com\/tr\/wp-json\/wp\/v2\/product"}],"about":[{"href":"https:\/\/taizyagromachine.com\/tr\/wp-json\/wp\/v2\/types\/product"}],"author":[{"embeddable":true,"href":"https:\/\/taizyagromachine.com\/tr\/wp-json\/wp\/v2\/users\/1"}],"wp:featuredmedia":[{"embeddable":true,"href":"https:\/\/taizyagromachine.com\/tr\/wp-json\/wp\/v2\/media\/7955"}],"wp:attachment":[{"href":"https:\/\/taizyagromachine.com\/tr\/wp-json\/wp\/v2\/media?parent=7953"}],"wp:term":[{"taxonomy":"post_tag","embeddable":true,"href":"https:\/\/taizyagromachine.com\/tr\/wp-json\/wp\/v2\/tags?post=7953"},{"taxonomy":"product-type","embeddable":true,"href":"https:\/\/taizyagromachine.com\/tr\/wp-json\/wp\/v2\/product-type?post=7953"}],"curies":[{"name":"wp","href":"https:\/\/api.w.org\/{rel}","templated":true}]}}