{"id":8326,"date":"2025-10-13T15:06:47","date_gmt":"2025-10-13T07:06:47","guid":{"rendered":"https:\/\/taizyagromachine.com\/?post_type=product&#038;p=8326"},"modified":"2025-10-13T16:49:26","modified_gmt":"2025-10-13T08:49:26","slug":"small-scale-grain-thresher-machine","status":"publish","type":"product","link":"https:\/\/taizyagromachine.com\/tr\/product\/small-scale-grain-thresher-machine\/","title":{"rendered":"K\u00fc\u00e7\u00fck \u00f6l\u00e7ekli tah\u0131l t\u0131rm\u0131k makinesi"},"content":{"rendered":"<p class=\"translation-block\">Taizy MT-1500 \u00e7ok ama\u00e7l\u0131 <strong>tah\u0131l t\u0131rm\u0131k makinesi<\/strong> y\u00fcksek verimlilik ve \u00e7ok y\u00f6nl\u00fcl\u00fckle birle\u015fir, m\u0131s\u0131r (kapakl\u0131), dar\u0131, sorgum, soya fasulyesi, pirin\u00e7, bu\u011fday ve di\u011fer tah\u0131llar ve tah\u0131l \u00fcr\u00fcnleri i\u00e7in yayg\u0131n olarak kullan\u0131l\u0131r. \u00c7iftlikte y\u0131l boyunca bir\u00e7ok \u00fcr\u00fcn\u00fcn i\u015flenmesi ihtiyac\u0131n\u0131 tek bir makineyle kar\u015f\u0131lar. Kapasitesi saatte 2-5 ton aras\u0131nda olup, Tar\u0131msal \u0130hale Projesi taraf\u0131ndan tercih edilmektedir.<\/p>    <p>Bu \u00fcr\u00fcn t\u0131rm\u0131k makinesi, dizel motor (elektrikli \u00e7al\u0131\u015ft\u0131r\u0131c\u0131yla) veya elektrik motoru ile g\u00fc\u00e7lendirilmi\u015f olup, b\u00fcy\u00fck tekerlekler ve \u00e7er\u00e7eve ile donat\u0131lm\u0131\u015ft\u0131r, Afrika m\u00fc\u015fterileri taraf\u0131ndan \u00e7ok tercih edilmektedir. Aile \u00e7iftlikleri, kooperatifler veya tah\u0131l i\u015fleme tesisleri i\u00e7in verimli t\u0131rm\u0131k sa\u011flar, i\u015f\u00e7ilik maliyetlerini azalt\u0131r ve \u00e7\u0131kt\u0131 art\u0131r\u0131r.<\/p>    <figure class=\"wp-block-embed is-type-video is-provider-youtube wp-block-embed-youtube wp-embed-aspect-16-9 wp-has-aspect-ratio\"><div class=\"wp-block-embed__wrapper\"> <iframe loading=\"lazy\" title=\"MT-1500 \u00e7ok ama\u00e7l\u0131 m\u0131s\u0131r, dar\u0131, k\u0131rm\u0131z\u0131 bu\u011fday i\u00e7in tah\u0131l ay\u0131klama makinesi | \u00c7ok m\u0131s\u0131r s\u0131y\u0131r\u0131c\u0131 makine\" width=\"500\" height=\"281\" src=\"https:\/\/www.youtube.com\/embed\/q6hb9pE17o4?feature=oembed\" frameborder=\"0\" allow=\"accelerometer; autoplay; clipboard-write; encrypted-media; gyroscope; picture-in-picture; web-share\" referrerpolicy=\"strict-origin-when-cross-origin\" allowfullscreen><\/iframe> <\/div><figcaption class=\"wp-element-caption\">\u00e7oklu tah\u0131l s\u0131y\u0131r\u0131c\u0131 makinesinin \u00e7al\u0131\u015fma videosu<\/figcaption><\/figure>    <h2 class=\"wp-block-heading\"><strong>\u00c7ok fonksiyonlu tah\u0131l t\u0131rm\u0131k makinesinin avantajlar\u0131<\/strong><\/h2>    <p>Y\u00fcksek \u00e7oklu \u00fcr\u00fcn uyumlulu\u011fu: Farkl\u0131 mevsimlerde \u00e7e\u015fitli \u00fcr\u00fcnlerin (m\u0131s\u0131r, bu\u011fday, pirin\u00e7, dar\u0131, sorgum, fasulye vb.) t\u0131rm\u0131k taleplerini kar\u015f\u0131lar.<\/p>    <ul class=\"wp-block-list\"> <li>\u0130kili odal\u0131 tasar\u0131m: Daha temiz tah\u0131llar ve daha d\u00fc\u015f\u00fck kay\u0131plar i\u00e7in ikincil t\u0131rm\u0131k imkan\u0131 sa\u011flar.<\/li>    <li>\u00c7ift fan sistemi: Ar\u0131tma verimlili\u011fi art\u0131r\u0131larak kirleticiler tamamen giderilir.<\/li>    <li>Sa\u011flam yap\u0131: K\u00f6y veya engebeli arazi i\u00e7in b\u00fcy\u00fck tekerleklerle stabil \u015fasi.<\/li>    <li>Kullan\u0131c\u0131 dostu kullan\u0131m ve bak\u0131m: \u00c7ift\u00e7iler, kooperatifler ve tar\u0131m i\u015fleme alanlar\u0131 i\u00e7in idealdir.<\/li> <\/ul>    <figure class=\"wp-block-gallery has-nested-images columns-default is-cropped wp-block-gallery-2 is-layout-flex wp-block-gallery-is-layout-flex\"> <figure class=\"wp-block-image size-large\"><img loading=\"lazy\" decoding=\"async\" width=\"720\" height=\"540\" data-id=\"8332\" src=\"https:\/\/taizyagromachine.com\/wp-content\/uploads\/2025\/10\/multi-crop-threshing-machine.webp\" alt=\"\u00e7ok \u00fcr\u00fcnl\u00fc harman makinesi\" class=\"wp-image-8332\" srcset=\"https:\/\/taizyagromachine.com\/wp-content\/uploads\/2025\/10\/multi-crop-threshing-machine.webp 720w, https:\/\/taizyagromachine.com\/wp-content\/uploads\/2025\/10\/multi-crop-threshing-machine-16x12.webp 16w\" sizes=\"auto, (max-width: 720px) 100vw, 720px\" \/><figcaption class=\"wp-element-caption\">\u00e7ok \u00fcr\u00fcnl\u00fc harman makinesi<\/figcaption><\/figure>    <figure class=\"wp-block-image size-large\"><img loading=\"lazy\" decoding=\"async\" width=\"720\" height=\"540\" data-id=\"8333\" src=\"https:\/\/taizyagromachine.com\/wp-content\/uploads\/2025\/10\/multifunctional-grain-thresher-machine-for-sale.webp\" alt=\"Sat\u0131\u015fa uygun \u00e7ok fonksiyonlu tah\u0131l t\u0131rm\u0131k makinesi\" class=\"wp-image-8333\" srcset=\"https:\/\/taizyagromachine.com\/wp-content\/uploads\/2025\/10\/multifunctional-grain-thresher-machine-for-sale.webp 720w, https:\/\/taizyagromachine.com\/wp-content\/uploads\/2025\/10\/multifunctional-grain-thresher-machine-for-sale-16x12.webp 16w\" sizes=\"auto, (max-width: 720px) 100vw, 720px\" \/><figcaption class=\"wp-element-caption\">Sat\u0131\u015fa uygun \u00e7ok fonksiyonlu tah\u0131l t\u0131rm\u0131k makinesi<\/figcaption><\/figure> <\/figure>    <figure class=\"wp-block-gallery has-nested-images columns-default is-cropped wp-block-gallery-3 is-layout-flex wp-block-gallery-is-layout-flex\"> <figure class=\"wp-block-image size-large\"><img loading=\"lazy\" decoding=\"async\" width=\"720\" height=\"540\" data-id=\"8336\" src=\"https:\/\/taizyagromachine.com\/wp-content\/uploads\/2025\/10\/new-type-multipurpose-threshing-machine.webp\" alt=\"yeni tip \u00e7ok ama\u00e7l\u0131 t\u0131rm\u0131k makinesi\" class=\"wp-image-8336\" srcset=\"https:\/\/taizyagromachine.com\/wp-content\/uploads\/2025\/10\/new-type-multipurpose-threshing-machine.webp 720w, https:\/\/taizyagromachine.com\/wp-content\/uploads\/2025\/10\/new-type-multipurpose-threshing-machine-16x12.webp 16w\" sizes=\"auto, (max-width: 720px) 100vw, 720px\" \/><figcaption class=\"wp-element-caption\">yeni tip \u00e7ok ama\u00e7l\u0131 t\u0131rm\u0131k makinesi<\/figcaption><\/figure>    <figure class=\"wp-block-image size-large\"><img loading=\"lazy\" decoding=\"async\" width=\"720\" height=\"540\" data-id=\"8334\" src=\"https:\/\/taizyagromachine.com\/wp-content\/uploads\/2025\/10\/multifunctional-thresher-machine-for-grains.webp\" alt=\"\u00c7ok fonksiyonlu tah\u0131l t\u0131rm\u0131k makinesi\" class=\"wp-image-8334\" srcset=\"https:\/\/taizyagromachine.com\/wp-content\/uploads\/2025\/10\/multifunctional-thresher-machine-for-grains.webp 720w, https:\/\/taizyagromachine.com\/wp-content\/uploads\/2025\/10\/multifunctional-thresher-machine-for-grains-16x12.webp 16w\" sizes=\"auto, (max-width: 720px) 100vw, 720px\" \/><figcaption class=\"wp-element-caption\">\u00c7ok fonksiyonlu tah\u0131l t\u0131rm\u0131k makinesi<\/figcaption><\/figure> <\/figure>    <h2 class=\"wp-block-heading\"><strong>Tah\u0131l t\u0131rm\u0131k makinesi parametreleri<\/strong><\/h2>    <figure class=\"wp-block-table\"><table class=\"has-fixed-layout\"><tbody><tr><td>Modeli<\/td><td>MT-1500<\/td><\/tr><tr><td>G\u00fc\u00e7 yap\u0131land\u0131rmas\u0131<\/td><td>Dizel motor: 15\u201318 hp, elektrikli \u00e7al\u0131\u015ft\u0131r\u0131c\u0131<br>\u00dc\u00e7 faz 7.5 kW elektrikli motor<\/td><\/tr><tr><td>Kapasite<\/td><td>Dar\u0131: 3 t\/s<br>M\u0131s\u0131r: 5t\/h<br>Pirinc\/ bu\u011fday: 2 t\/s<\/td><\/tr><tr><td>Uygulamalar<\/td><td>M\u0131s\u0131r, dar\u0131, sorgum, soya fasulyesi, pirin\u00e7, bu\u011fday vb.<\/td><\/tr><\/tbody><\/table><figcaption class=\"wp-element-caption\">\u00c7ok fonksiyonlu tah\u0131l t\u0131rm\u0131k makinesi \u00f6zellikleri<\/figcaption><\/figure>    <h2 class=\"wp-block-heading\"><strong>Taizy tah\u0131l t\u0131rm\u0131k makinesi yap\u0131s\u0131<\/strong><\/h2>    <p>Profesyonel bir tar\u0131m ekipman\u0131 \u00fcreticisi ve tedarik\u00e7isi olarak, makineyi Afrika m\u00fc\u015fterileri ve ihale projelerine daha iyi uyacak \u015fekilde g\u00fcncelliyoruz. Yap\u0131s\u0131 giri\u015f, \u00e7\u0131k\u0131\u015f, g\u00fc\u00e7, \u00e7er\u00e7eve, t\u0131rm\u0131k odas\u0131 vb. i\u00e7erir. Detaylar i\u00e7in a\u015fa\u011f\u0131daki diyagrama bak\u0131n\u0131z.<\/p>    <div class=\"wp-block-columns is-layout-flex wp-container-core-columns-is-layout-9d6595d7 wp-block-columns-is-layout-flex\"> <div class=\"wp-block-column is-layout-flow wp-block-column-is-layout-flow\"> <figure class=\"wp-block-image size-full\"><img loading=\"lazy\" decoding=\"async\" width=\"720\" height=\"540\" src=\"https:\/\/taizyagromachine.com\/wp-content\/uploads\/2025\/10\/components-of-multi-grain-thresher.webp\" alt=\"\u00e7ok tah\u0131l t\u0131rm\u0131k bile\u015fenleri\" class=\"wp-image-8327\" srcset=\"https:\/\/taizyagromachine.com\/wp-content\/uploads\/2025\/10\/components-of-multi-grain-thresher.webp 720w, https:\/\/taizyagromachine.com\/wp-content\/uploads\/2025\/10\/components-of-multi-grain-thresher-16x12.webp 16w\" sizes=\"auto, (max-width: 720px) 100vw, 720px\" \/><figcaption class=\"wp-element-caption\">\u00e7ok tah\u0131l t\u0131rm\u0131k bile\u015fenleri<\/figcaption><\/figure> <\/div>    <div class=\"wp-block-column is-layout-flow wp-block-column-is-layout-flow\"> <figure class=\"wp-block-image size-full\"><img loading=\"lazy\" decoding=\"async\" width=\"720\" height=\"540\" src=\"https:\/\/taizyagromachine.com\/wp-content\/uploads\/2025\/10\/structure-of-grain-threshing-machine.webp\" alt=\"T\u0131rm\u0131k makinesi yap\u0131s\u0131\" class=\"wp-image-8328\" srcset=\"https:\/\/taizyagromachine.com\/wp-content\/uploads\/2025\/10\/structure-of-grain-threshing-machine.webp 720w, https:\/\/taizyagromachine.com\/wp-content\/uploads\/2025\/10\/structure-of-grain-threshing-machine-16x12.webp 16w\" sizes=\"auto, (max-width: 720px) 100vw, 720px\" \/><figcaption class=\"wp-element-caption\">T\u0131rm\u0131k makinesi yap\u0131s\u0131<\/figcaption><\/figure> <\/div> <\/div>    <h2 class=\"wp-block-heading\"><strong>Neden Taizy \u00fcr\u00fcn t\u0131rm\u0131k makinesi ihaleye uygundur?<\/strong><\/h2>    <p>Taizy MT-1500 \u00e7ok ama\u00e7l\u0131 tah\u0131l t\u0131rm\u0131k makinesi sadece \u00fcst\u00fcn performans sa\u011flamakla kalmaz, ayn\u0131 zamanda uluslararas\u0131 ihaleler ve tar\u0131msal proje tedariki i\u00e7in uygun \u00e7ok say\u0131da avantaj sunar:<\/p>    <ol class=\"wp-block-list\"> <li>Teknolojik olarak olgun ve stabil performans <ul class=\"wp-block-list\"> <li>Afrika, G\u00fcney Asya ve di\u011fer b\u00f6lgelerde yayg\u0131n olarak kullan\u0131lmakta olup, g\u00fcvenilir \u00e7al\u0131\u015f\u0131r, bak\u0131m kolayd\u0131r ve y\u00fcksek bile\u015fen de\u011fi\u015ftirilebilirli\u011fi sa\u011flar.<\/li> <\/ul> <\/li>    <li>Y\u00fcksek maliyet etkinli\u011fi <ul class=\"wp-block-list\"> <li>Her bir birim sadece birka\u00e7 y\u00fcz dolar (g\u00fc\u00e7 hari\u00e7) tutar, benzer ithal ekipmanlardan daha uygun fiyatl\u0131d\u0131r. Performans\u0131 Afrika'da teklif edilen modellere e\u015fde\u011ferdir.<\/li> <\/ul> <\/li>    <li>Esnek g\u00fc\u00e7 se\u00e7enekleri <ul class=\"wp-block-list\"> <li>M\u00fc\u015fteriler, elektrikli veya dizel tahrik se\u00e7ebilir, elektrik olmayan veya b\u00fcy\u00fck \u00e7iftliklere uygun ihtiya\u00e7lar\u0131 kar\u015f\u0131lar.<\/li> <\/ul> <\/li>    <li>Birden fazla tar\u0131msal standartlara uygun <ul class=\"wp-block-list\"> <li>\u00dcr\u00fcn yap\u0131s\u0131 ihracat gereksinimlerini kar\u015f\u0131lar, standart ambalaj sunar ve CE, ISO gibi sertifikalara sahiptir, yard\u0131m ve h\u00fck\u00fcmet al\u0131m projelerine uygundur.<\/li> <\/ul> <\/li> <\/ol>    <figure class=\"wp-block-gallery has-nested-images columns-default is-cropped wp-block-gallery-4 is-layout-flex wp-block-gallery-is-layout-flex\"> <figure class=\"wp-block-image size-large\"><img loading=\"lazy\" decoding=\"async\" width=\"720\" height=\"540\" data-id=\"8337\" src=\"https:\/\/taizyagromachine.com\/wp-content\/uploads\/2025\/10\/grain-thresher-with-traction.webp\" alt=\"Traction ile tah\u0131l t\u0131rm\u0131k\" class=\"wp-image-8337\" srcset=\"https:\/\/taizyagromachine.com\/wp-content\/uploads\/2025\/10\/grain-thresher-with-traction.webp 720w, https:\/\/taizyagromachine.com\/wp-content\/uploads\/2025\/10\/grain-thresher-with-traction-16x12.webp 16w\" sizes=\"auto, (max-width: 720px) 100vw, 720px\" \/><figcaption class=\"wp-element-caption\">Traction ile tah\u0131l t\u0131rm\u0131k<\/figcaption><\/figure>    <figure class=\"wp-block-image size-large\"><img loading=\"lazy\" decoding=\"async\" width=\"720\" height=\"540\" data-id=\"8338\" src=\"https:\/\/taizyagromachine.com\/wp-content\/uploads\/2025\/10\/multi-grain-threshing-machine-from-Taizy.webp\" alt=\"Taizy&#039;den \u00e7ok tah\u0131ll\u0131 t\u0131rm\u0131k makinesi\" class=\"wp-image-8338\" srcset=\"https:\/\/taizyagromachine.com\/wp-content\/uploads\/2025\/10\/multi-grain-threshing-machine-from-Taizy.webp 720w, https:\/\/taizyagromachine.com\/wp-content\/uploads\/2025\/10\/multi-grain-threshing-machine-from-Taizy-16x12.webp 16w\" sizes=\"auto, (max-width: 720px) 100vw, 720px\" \/><figcaption class=\"wp-element-caption\">Taizy'den \u00e7ok tah\u0131ll\u0131 t\u0131rm\u0131k makinesi<\/figcaption><\/figure> <\/figure>    <figure class=\"wp-block-gallery has-nested-images columns-default is-cropped wp-block-gallery-5 is-layout-flex wp-block-gallery-is-layout-flex\"> <figure class=\"wp-block-image size-large\"><img loading=\"lazy\" decoding=\"async\" width=\"720\" height=\"540\" data-id=\"8341\" src=\"https:\/\/taizyagromachine.com\/wp-content\/uploads\/2025\/10\/multi-grain-thresher-for-corn.webp\" alt=\"M\u0131s\u0131r i\u00e7in \u00e7ok tah\u0131ll\u0131 t\u0131rm\u0131k\" class=\"wp-image-8341\" srcset=\"https:\/\/taizyagromachine.com\/wp-content\/uploads\/2025\/10\/multi-grain-thresher-for-corn.webp 720w, https:\/\/taizyagromachine.com\/wp-content\/uploads\/2025\/10\/multi-grain-thresher-for-corn-16x12.webp 16w\" sizes=\"auto, (max-width: 720px) 100vw, 720px\" \/><figcaption class=\"wp-element-caption\">M\u0131s\u0131r i\u00e7in \u00e7ok tah\u0131ll\u0131 t\u0131rm\u0131k<\/figcaption><\/figure>    <figure class=\"wp-block-image size-large\"><img loading=\"lazy\" decoding=\"async\" width=\"719\" height=\"540\" data-id=\"8340\" src=\"https:\/\/taizyagromachine.com\/wp-content\/uploads\/2025\/10\/grain-threshing-machine-for-millet.webp\" alt=\"Dar\u0131l\u0131k i\u00e7in tah\u0131l t\u0131rm\u0131k makinesi\" class=\"wp-image-8340\" srcset=\"https:\/\/taizyagromachine.com\/wp-content\/uploads\/2025\/10\/grain-threshing-machine-for-millet.webp 719w, https:\/\/taizyagromachine.com\/wp-content\/uploads\/2025\/10\/grain-threshing-machine-for-millet-16x12.webp 16w\" sizes=\"auto, (max-width: 719px) 100vw, 719px\" \/><figcaption class=\"wp-element-caption\">Dar\u0131l\u0131k i\u00e7in tah\u0131l t\u0131rm\u0131k makinesi<\/figcaption><\/figure>    <figure class=\"wp-block-image size-large\"><img loading=\"lazy\" decoding=\"async\" width=\"720\" height=\"540\" data-id=\"8339\" src=\"https:\/\/taizyagromachine.com\/wp-content\/uploads\/2025\/10\/crop-thresher-for-sorghum.webp\" alt=\"Sorgum i\u00e7in \u00fcr\u00fcn t\u0131rm\u0131k\" class=\"wp-image-8339\" srcset=\"https:\/\/taizyagromachine.com\/wp-content\/uploads\/2025\/10\/crop-thresher-for-sorghum.webp 720w, https:\/\/taizyagromachine.com\/wp-content\/uploads\/2025\/10\/crop-thresher-for-sorghum-16x12.webp 16w\" sizes=\"auto, (max-width: 720px) 100vw, 720px\" \/><figcaption class=\"wp-element-caption\">Sorgum i\u00e7in \u00fcr\u00fcn t\u0131rm\u0131k<\/figcaption><\/figure> <\/figure>    <h2 class=\"wp-block-heading\"><strong>Bu \u00e7ok ama\u00e7l\u0131 t\u0131rm\u0131k makinesini Taizy'den nas\u0131l sipari\u015f edebilirim?<\/strong><\/h2>    <p>Taizy MT-1500 tah\u0131l t\u0131rm\u0131k makinesi sipari\u015fi olduk\u00e7a basittir:<\/p>    <ol class=\"wp-block-list\"> <li>Bizimle ileti\u015fime ge\u00e7in <ul class=\"wp-block-list\"> <li>Taizy ile e-posta, WhatsApp veya resmi web sitesi formumuz arac\u0131l\u0131\u011f\u0131yla ileti\u015fime ge\u00e7ebilirsiniz.<\/li> <\/ul> <\/li>    <li>Gereksinimleri onaylay\u0131n <ul class=\"wp-block-list\"> <li>Hedef \u00fcr\u00fcnleri (\u00f6r., m\u0131s\u0131r, dar\u0131, pirin\u00e7), g\u00fc\u00e7 kayna\u011f\u0131n\u0131 (elektrikli motor\/dizel motor) ve tahmini \u00e7\u0131kt\u0131 miktar\u0131n\u0131 belirtin. En uygun makine yap\u0131land\u0131rmas\u0131n\u0131 \u00f6neririz.<\/li> <\/ul> <\/li>    <li>Teklif ve s\u00f6zle\u015fme <ul class=\"wp-block-list\"> <li>Detayl\u0131 teknik \u00f6zellikler, fiyatland\u0131rma, teslimat s\u00fcresi ve nakliye d\u00fczenlemeleri sa\u011flayaca\u011f\u0131z.<\/li> <\/ul> <\/li>    <li>Depozito ve \u00fcretim veya tam \u00f6deme <ul class=\"wp-block-list\"> <li>Depozito \u00f6deyin ve \u00fcretime ba\u015flayal\u0131m. \u00dcretim sonras\u0131, onay\u0131n\u0131z i\u00e7in makine videolar\u0131 ve foto\u011fraflar\u0131 \u00e7ekeriz.<\/li>    <li>Makine stokta oldu\u011funda, tam \u00f6demeniz al\u0131nd\u0131ktan sonra malzemeleri paketleyece\u011fiz.<\/li> <\/ul> <\/li>    <li>Nakliye ve sat\u0131\u015f sonras\u0131 hizmetler <ul class=\"wp-block-list\"> <li>Taizy, zaman\u0131nda teslimat, teknik rehberlik ve operasyon e\u011fitimi sa\u011flamak i\u00e7in kan\u0131tlanm\u0131\u015f bir ihracat s\u00fcreci ve destek a\u011f\u0131na sahiptir.<\/li> <\/ul> <\/li> <\/ol>    <p>Tah\u0131l t\u0131rm\u0131k makinemiz y\u00fcksek verimlilik, g\u00fc\u00e7l\u00fc uyum ve d\u00fc\u015f\u00fck bak\u0131m i\u00e7erir, \u00e7iftlikler, kooperatifler ve t\u00fcm \u00f6l\u00e7eklerdeki tar\u0131m i\u015fleme i\u015fletmeleri i\u00e7in uygundur. Hem yerli \u00fcretim hem de ihracat projeleri i\u00e7in \u00fcst\u00fcn performans\u0131 ve makul fiyat\u0131yla pazarda be\u011feni toplar.<\/p>    <p>Ayr\u0131ca, ba\u015fka m\u0131s\u0131r i\u015fleme ekipmanlar\u0131m\u0131z da var, \u00f6rne\u011fin:<\/p>    <ul class=\"wp-block-list\"> <li><a href=\"https:\/\/taizyagromachine.com\/tr\/product\/no-till-corn-planter-machine\/\">M\u0131s\u0131r ekim makinesi<\/a><\/li>    <li><a href=\"https:\/\/taizyagromachine.com\/tr\/product\/single-row-corn-harvester\/\">Tek s\u0131ral\u0131 m\u0131s\u0131r toplay\u0131c\u0131<\/a><\/li>    <li><a href=\"https:\/\/taizyagromachine.com\/tr\/product\/fresh-corn-sheller\/\">Taze m\u0131s\u0131r ay\u0131klay\u0131c\u0131<\/a><\/li>    <li><a href=\"https:\/\/taizyagromachine.com\/tr\/product\/maize-grits-milling-machine\/\">M\u0131s\u0131r irmik makinesi<\/a><\/li> <\/ul>    <p>\u0130lgileniyorsan\u0131z, herhangi bir zamanda bizimle ileti\u015fime ge\u00e7meye davetlisiniz!<\/p>","protected":false},"excerpt":{"rendered":"<p>Yeni Taizy MT-1500 \u00e7ok ama\u00e7l\u0131 sap k\u0131r\u0131c\u0131, m\u0131s\u0131r, millet, sorgum, soya fasulyesi ve di\u011fer \u00fcr\u00fcnleri verimli bir \u015fekilde i\u015fler. \u00c7ift odac\u0131kl\u0131 ve \u00e7ift hava ak\u0131\u015fl\u0131 tasar\u0131m\u0131, y\u00fcksek temizli\u011fi ve kirlilik giderimini sa\u011flar. Esnek g\u00fc\u00e7 se\u00e7enekleri ve rekabet\u00e7i fiyatland\u0131rmas\u0131yla, \u00f6zellikle Afrika ve G\u00fcney Asya pazarlardaki \u00e7iftlikler ve devlet i\u015fletmeleri i\u00e7in uygundur.<\/p>","protected":false},"author":1,"featured_media":8346,"parent":0,"template":"","tags":[235],"product-type":[17],"class_list":["post-8326","product","type-product","status-publish","has-post-thumbnail","hentry","tag-corn","product-type-corn-machine"],"_links":{"self":[{"href":"https:\/\/taizyagromachine.com\/tr\/wp-json\/wp\/v2\/product\/8326","targetHints":{"allow":["GET"]}}],"collection":[{"href":"https:\/\/taizyagromachine.com\/tr\/wp-json\/wp\/v2\/product"}],"about":[{"href":"https:\/\/taizyagromachine.com\/tr\/wp-json\/wp\/v2\/types\/product"}],"author":[{"embeddable":true,"href":"https:\/\/taizyagromachine.com\/tr\/wp-json\/wp\/v2\/users\/1"}],"wp:featuredmedia":[{"embeddable":true,"href":"https:\/\/taizyagromachine.com\/tr\/wp-json\/wp\/v2\/media\/8346"}],"wp:attachment":[{"href":"https:\/\/taizyagromachine.com\/tr\/wp-json\/wp\/v2\/media?parent=8326"}],"wp:term":[{"taxonomy":"post_tag","embeddable":true,"href":"https:\/\/taizyagromachine.com\/tr\/wp-json\/wp\/v2\/tags?post=8326"},{"taxonomy":"product-type","embeddable":true,"href":"https:\/\/taizyagromachine.com\/tr\/wp-json\/wp\/v2\/product-type?post=8326"}],"curies":[{"name":"wp","href":"https:\/\/api.w.org\/{rel}","templated":true}]}}