{"id":8359,"date":"2025-10-22T14:52:26","date_gmt":"2025-10-22T06:52:26","guid":{"rendered":"https:\/\/taizyagromachine.com\/?post_type=product&#038;p=8359"},"modified":"2025-10-22T15:16:22","modified_gmt":"2025-10-22T07:16:22","slug":"multi-rice-and-wheat-thresher-machine","status":"publish","type":"product","link":"https:\/\/taizyagromachine.com\/tr\/product\/multi-rice-and-wheat-thresher-machine\/","title":{"rendered":"Kendi kendine hareket eden \u00e7ok \u00fcr\u00fcnl\u00fc pirin\u00e7 ve bu\u011fday ay\u0131klama makinesi"},"content":{"rendered":"<p class=\"translation-block\">Taizy <strong>pirin\u00e7 ve bu\u011fday ay\u0131klama makinesi<\/strong> sadece pirin\u00e7 ve bu\u011fday de\u011fil, ayn\u0131 zamanda sorgum, dar\u0131, kinoa, soya fasulyesi ve kanola gibi \u00e7e\u015fitli tah\u0131l \u00fcr\u00fcnlerini de i\u015fleyebilir. Farkl\u0131 tah\u0131llar i\u00e7in uygun elekleri de\u011fi\u015ftirebilirsiniz. <\/p>    <p>Bu \u00e7ok \u00fcr\u00fcnl\u00fc pirin\u00e7 ve bu\u011fday ay\u0131klama makinesi benzinli motor, dizel motor veya elektrik motoru kullanabilir ve talebinize g\u00f6re se\u00e7im yapabilirsiniz. Kapasitesi 600-800kg\/h olup, b\u00fcy\u00fck lastiklere sahiptir ve hareketlidir. Daha fazla detay i\u00e7in hemen bizimle ileti\u015fime ge\u00e7in!<\/p>    <figure class=\"wp-block-embed is-type-video is-provider-youtube wp-block-embed-youtube wp-embed-aspect-16-9 wp-has-aspect-ratio\"><div class=\"wp-block-embed__wrapper\"> <iframe loading=\"lazy\" title=\"\u00c7ok \u00fcr\u00fcnl\u00fc pirin\u00e7 ve bu\u011fday ay\u0131r\u0131c\u0131 makinesi \u00e7al\u0131\u015fma videosu | Y\u00fcksek verimli tah\u0131l ay\u0131rma makinesi\" width=\"500\" height=\"281\" src=\"https:\/\/www.youtube.com\/embed\/xAsettSXftw?feature=oembed\" frameborder=\"0\" allow=\"accelerometer; autoplay; clipboard-write; encrypted-media; gyroscope; picture-in-picture; web-share\" referrerpolicy=\"strict-origin-when-cross-origin\" allowfullscreen><\/iframe> <\/div><figcaption class=\"wp-element-caption\">Pirincin bu\u011fday taneli ay\u0131rma makinesi videosu<\/figcaption><\/figure>    <h2 class=\"wp-block-heading\"><strong>Taizy pirin\u00e7 ve bu\u011fday ay\u0131klama makinesinin avantajlar\u0131<\/strong><\/h2>    <ul class=\"wp-block-list\"> <li>\u0130\u015fleyebilir <strong>saatte 600-800kg<\/strong>, k\u00fc\u00e7\u00fck ve orta \u00f6l\u00e7ekli \u00e7iftlikler i\u00e7in y\u00fcksek verimli.<\/li>    <li>Bu \u00e7ok fonksiyonlu ay\u0131klama makinesi <strong>h\u0131zla pirin\u00e7, bu\u011fday, m\u0131s\u0131r, sorgum, kinoa, soya fasulyesi, dar\u0131, susam, ay\u0131r\u0131r,<\/strong> ve di\u011fer \u00fcr\u00fcnler, ger\u00e7ek \u00e7ok ama\u00e7l\u0131 fonksiyonellik sa\u011flar.<\/li>    <li>Bir ile <strong>threshing rate exceeding 98%<\/strong> ve bir <strong>k\u0131r\u0131lma oran\u0131 %2'nin alt\u0131nda<\/strong>, bu, tah\u0131l kalitesini etkin bir \u015fekilde korur.<\/li>    <li>Taizy pirin\u00e7 bu\u011fday ay\u0131klama makinesi <strong>b\u00fcy\u00fck lastikler<\/strong> ve kompakt bir yap\u0131ya sahip, <strong>kolayca ta\u015f\u0131nabilir<\/strong>, bireysel \u00e7ift\u00e7iler, kooperatifler ve k\u00fc\u00e7\u00fck \u00e7iftlikler i\u00e7in idealdir.<\/li> <\/ul>    <figure class=\"wp-block-gallery has-nested-images columns-default is-cropped wp-block-gallery-2 is-layout-flex wp-block-gallery-is-layout-flex\"> <figure class=\"wp-block-image size-large\"><img loading=\"lazy\" decoding=\"async\" width=\"720\" height=\"540\" data-id=\"8366\" src=\"https:\/\/taizyagromachine.com\/wp-content\/uploads\/2025\/10\/grain-threshing-machine-for-rice-wheat.webp\" alt=\"pirin\u00e7 ve bu\u011fday i\u00e7in tah\u0131l ay\u0131klama makinesi\" class=\"wp-image-8366\" srcset=\"https:\/\/taizyagromachine.com\/wp-content\/uploads\/2025\/10\/grain-threshing-machine-for-rice-wheat.webp 720w, https:\/\/taizyagromachine.com\/wp-content\/uploads\/2025\/10\/grain-threshing-machine-for-rice-wheat-16x12.webp 16w\" sizes=\"auto, (max-width: 720px) 100vw, 720px\" \/><figcaption class=\"wp-element-caption\">pirin\u00e7 ve bu\u011fday i\u00e7in tah\u0131l ay\u0131klama makinesi<\/figcaption><\/figure>    <figure class=\"wp-block-image size-large\"><img loading=\"lazy\" decoding=\"async\" width=\"720\" height=\"540\" data-id=\"8367\" src=\"https:\/\/taizyagromachine.com\/wp-content\/uploads\/2025\/10\/rice-and-wheat-threshing-machine-for-sale.webp\" alt=\"sat\u0131l\u0131k pirin\u00e7 ve bu\u011fday ay\u0131klama makinesi\" class=\"wp-image-8367\" srcset=\"https:\/\/taizyagromachine.com\/wp-content\/uploads\/2025\/10\/rice-and-wheat-threshing-machine-for-sale.webp 720w, https:\/\/taizyagromachine.com\/wp-content\/uploads\/2025\/10\/rice-and-wheat-threshing-machine-for-sale-16x12.webp 16w\" sizes=\"auto, (max-width: 720px) 100vw, 720px\" \/><figcaption class=\"wp-element-caption\">sat\u0131l\u0131k pirin\u00e7 ve bu\u011fday ay\u0131klama makinesi<\/figcaption><\/figure> <\/figure>    <figure class=\"wp-block-gallery has-nested-images columns-default is-cropped wp-block-gallery-3 is-layout-flex wp-block-gallery-is-layout-flex\"> <figure class=\"wp-block-image size-large\"><img loading=\"lazy\" decoding=\"async\" width=\"405\" height=\"540\" data-id=\"8364\" src=\"https:\/\/taizyagromachine.com\/wp-content\/uploads\/2025\/10\/multifunctional-thresher-for-rice-and-millet.webp\" alt=\"\u00e7ok ama\u00e7l\u0131 ay\u0131klama makinesi pirin\u00e7 ve dar\u0131 i\u00e7in\" class=\"wp-image-8364\" srcset=\"https:\/\/taizyagromachine.com\/wp-content\/uploads\/2025\/10\/multifunctional-thresher-for-rice-and-millet.webp 405w, https:\/\/taizyagromachine.com\/wp-content\/uploads\/2025\/10\/multifunctional-thresher-for-rice-and-millet-9x12.webp 9w\" sizes=\"auto, (max-width: 405px) 100vw, 405px\" \/><figcaption class=\"wp-element-caption\">\u00e7ok ama\u00e7l\u0131 ay\u0131klama makinesi pirin\u00e7 ve dar\u0131 i\u00e7in<\/figcaption><\/figure>    <figure class=\"wp-block-image size-large\"><img loading=\"lazy\" decoding=\"async\" width=\"473\" height=\"540\" data-id=\"8365\" src=\"https:\/\/taizyagromachine.com\/wp-content\/uploads\/2025\/10\/rice-wheat-thresher-for-beans-and-wheat.webp\" alt=\"fasulye ve bu\u011fday i\u00e7in pirin\u00e7 ve bu\u011fday ay\u0131klama makinesi\" class=\"wp-image-8365\" srcset=\"https:\/\/taizyagromachine.com\/wp-content\/uploads\/2025\/10\/rice-wheat-thresher-for-beans-and-wheat.webp 473w, https:\/\/taizyagromachine.com\/wp-content\/uploads\/2025\/10\/rice-wheat-thresher-for-beans-and-wheat-11x12.webp 11w\" sizes=\"auto, (max-width: 473px) 100vw, 473px\" \/><figcaption class=\"wp-element-caption\">fasulye ve bu\u011fday i\u00e7in pirin\u00e7 ve bu\u011fday ay\u0131klama makinesi<\/figcaption><\/figure>    <figure class=\"wp-block-image size-large\"><img loading=\"lazy\" decoding=\"async\" width=\"562\" height=\"540\" data-id=\"8363\" src=\"https:\/\/taizyagromachine.com\/wp-content\/uploads\/2025\/10\/multi-crop-thresher-for-sorghum-and-rapeseed.webp\" alt=\"sorgum ve kanola i\u00e7in \u00e7ok \u00fcr\u00fcnl\u00fc ay\u0131klama makinesi\" class=\"wp-image-8363\" srcset=\"https:\/\/taizyagromachine.com\/wp-content\/uploads\/2025\/10\/multi-crop-thresher-for-sorghum-and-rapeseed.webp 562w, https:\/\/taizyagromachine.com\/wp-content\/uploads\/2025\/10\/multi-crop-thresher-for-sorghum-and-rapeseed-12x12.webp 12w\" sizes=\"auto, (max-width: 562px) 100vw, 562px\" \/><figcaption class=\"wp-element-caption\">sorgum ve kanola i\u00e7in \u00e7ok \u00fcr\u00fcnl\u00fc ay\u0131klama makinesi<\/figcaption><\/figure> <\/figure>    <h2 class=\"wp-block-heading\"><strong>\u00c7ok fonksiyonlu pirin\u00e7 ve bu\u011fday ay\u0131klama makinesi parametreleri<\/strong><\/h2>    <p>Taizy \u00e7ok ama\u00e7l\u0131 pirin\u00e7 ve bu\u011fday ay\u0131klama makinesi 5TYC serisine aittir, saatte 600kg ile 800kg aras\u0131nda \u00e7\u0131kt\u0131 sa\u011flar. Makine dizel, elektrik veya benzinli motorlarla donat\u0131labilir ve farkl\u0131 \u00fclkelerdeki enerji ko\u015fullar\u0131na uyum sa\u011flar. G\u00fc\u00e7l\u00fc ve iyi tasarlanm\u0131\u015f bir yap\u0131ya sahiptir. Daha fazla bilgi i\u00e7in a\u015fa\u011f\u0131daki tabloya bak\u0131n\u0131z.<\/p>    <figure class=\"wp-block-table\"><table class=\"has-fixed-layout\"><tbody><tr><td>Modeli<\/td><td>5TYC1-90<\/td><\/tr><tr><td>G\u00fc\u00e7<\/td><td>\u22659hp dizel motor montajl\u0131, geri \u00e7ekme ba\u015flatma tipi<br>170F benzinli motor<\/td><\/tr><tr><td>Kapasite<\/td><td>600-800kg\/saat<\/td><\/tr><tr><td>Nominal h\u0131z<\/td><td>3600rpm<\/td><\/tr><tr><td>Ay\u0131klama silindiri<\/td><td>\u00c7ap 360*Uzunluk 900mm<\/td><\/tr><tr><td>elek boyutu<\/td><td>870*610mm<\/td><\/tr><tr><td>A\u011f\u0131rl\u0131k<\/td><td>Motor olmadan 90kg<\/td><\/tr><tr><td>Genel boyutlar (Uzunluk*Geni\u015flik*Y\u00fckseklik)<\/td><td>1640*1640*1280mm<\/td><\/tr><tr><td>Harman oran\u0131<\/td><td>\u226598%<\/td><\/tr><tr><td>K\u0131r\u0131lma oran\u0131<\/td><td>\u22642%<\/td><\/tr><tr><td>Farkl\u0131 elekler ile<\/td><td>Kenevir 4mm elek, sorgum 6mm, bu\u011fday 8mm, pirin\u00e7 8mm veya 10mm, fasulye 10mm<\/td><\/tr><tr><td>QTY\/20GP<\/td><td>24 adet <\/td><\/tr><tr><td>QTY\/40GP<\/td><td>66 adet<\/td><\/tr><\/tbody><\/table><figcaption class=\"wp-element-caption\">5TYC1-90 \u00f6zellikleri<\/figcaption><\/figure>    <h2 class=\"wp-block-heading\"><strong>Pirincin bu\u011fday ay\u0131klama makinesi yap\u0131 tasar\u0131m\u0131<\/strong><\/h2>    <p>Bu \u00e7ok ama\u00e7l\u0131 \u00fcr\u00fcn ay\u0131klama yap\u0131s\u0131 \u00e7ok basittir, giri\u015f, \u00e7\u0131k\u0131\u015f (saman ve tohumlar), g\u00fc\u00e7 motoru, b\u00fcy\u00fck lastikler, ay\u0131klama silindiri ve kol\u00e7ak i\u00e7erir.<\/p>   <div class=\"wp-block-image\"> <figure class=\"aligncenter size-full\"><img loading=\"lazy\" decoding=\"async\" width=\"504\" height=\"540\" src=\"https:\/\/taizyagromachine.com\/wp-content\/uploads\/2025\/10\/structure-of-rice-and-wheat-thresher-machine.webp\" alt=\"pirin\u00e7 ve bu\u011fday ay\u0131klama makinesi yap\u0131s\u0131\" class=\"wp-image-8360\" srcset=\"https:\/\/taizyagromachine.com\/wp-content\/uploads\/2025\/10\/structure-of-rice-and-wheat-thresher-machine.webp 504w, https:\/\/taizyagromachine.com\/wp-content\/uploads\/2025\/10\/structure-of-rice-and-wheat-thresher-machine-11x12.webp 11w\" sizes=\"auto, (max-width: 504px) 100vw, 504px\" \/><figcaption class=\"wp-element-caption\">pirin\u00e7 ve bu\u011fday ay\u0131klama makinesi yap\u0131s\u0131<\/figcaption><\/figure> <\/div>   <ul class=\"wp-block-list\"> <li>Makine, g\u00fc\u00e7l\u00fc bir \u00fcfleyici ve titre\u015fimli ekran montaj\u0131yla entegre edilmi\u015f tamburlu ay\u0131klama sistemi kullan\u0131r, bu da tah\u0131l ve safs\u0131zl\u0131klar\u0131n verimli ayr\u0131lmas\u0131n\u0131 sa\u011flar. <\/li>    <li>Alt k\u0131s\u0131mdaki tah\u0131l \u00e7\u0131k\u0131\u015f\u0131, do\u011frudan torba toplama sa\u011flar ve operasyon s\u00fcrecini \u00f6nemli \u00f6l\u00e7\u00fcde kolayla\u015ft\u0131r\u0131r. <\/li>    <li>Y\u00fcksek mukavemetli \u00e7elikten yap\u0131lm\u0131\u015f g\u00f6vde, a\u015f\u0131nma direnci ve korozyon korumas\u0131 sa\u011flar, uzun hizmet \u00f6mr\u00fc i\u00e7in. <\/li>    <li>Geni\u015f lastiklerle donat\u0131lm\u0131\u015ft\u0131r, \u00e7e\u015fitli arazi ko\u015fullar\u0131na uyum sa\u011flar ve hareketlili\u011fi art\u0131r\u0131r.<\/li> <\/ul>    <figure class=\"wp-block-gallery has-nested-images columns-default is-cropped wp-block-gallery-4 is-layout-flex wp-block-gallery-is-layout-flex\"> <figure class=\"wp-block-image size-large\"><img loading=\"lazy\" decoding=\"async\" width=\"540\" height=\"540\" data-id=\"8368\" src=\"https:\/\/taizyagromachine.com\/wp-content\/uploads\/2025\/10\/inner-design-of-rice-wheat-thresher.webp\" alt=\"Pirincin bu\u011fday ay\u0131klama makinesinin i\u00e7 tasar\u0131m\u0131\" class=\"wp-image-8368\" srcset=\"https:\/\/taizyagromachine.com\/wp-content\/uploads\/2025\/10\/inner-design-of-rice-wheat-thresher.webp 540w, https:\/\/taizyagromachine.com\/wp-content\/uploads\/2025\/10\/inner-design-of-rice-wheat-thresher-12x12.webp 12w\" sizes=\"auto, (max-width: 540px) 100vw, 540px\" \/><figcaption class=\"wp-element-caption\">Pirincin bu\u011fday ay\u0131klama makinesinin i\u00e7 tasar\u0131m\u0131<\/figcaption><\/figure>    <figure class=\"wp-block-image size-large\"><img loading=\"lazy\" decoding=\"async\" width=\"540\" height=\"540\" data-id=\"8369\" src=\"https:\/\/taizyagromachine.com\/wp-content\/uploads\/2025\/10\/working-scene-of-Taizy-rice-and-wheat-thresher-machine.webp\" alt=\"Taizy pirin\u00e7 ve bu\u011fday ay\u0131klama makinesi \u00e7al\u0131\u015fma sahnesi\" class=\"wp-image-8369\" srcset=\"https:\/\/taizyagromachine.com\/wp-content\/uploads\/2025\/10\/working-scene-of-Taizy-rice-and-wheat-thresher-machine.webp 540w, https:\/\/taizyagromachine.com\/wp-content\/uploads\/2025\/10\/working-scene-of-Taizy-rice-and-wheat-thresher-machine-12x12.webp 12w\" sizes=\"auto, (max-width: 540px) 100vw, 540px\" \/><figcaption class=\"wp-element-caption\">Taizy pirin\u00e7 ve bu\u011fday ay\u0131klama makinesi \u00e7al\u0131\u015fma sahnesi<\/figcaption><\/figure> <\/figure>    <h2 class=\"wp-block-heading\"><strong>What&#8217;s the rice and wheat thresher machine price?<\/strong><\/h2>    <p>Taizy \u00e7ok fonksiyonlu pirin\u00e7 ve bu\u011fday ay\u0131klama makineleri y\u00fcksek maliyet etkinli\u011fi ile tan\u0131n\u0131r. Fiyatlar model, \u00e7\u0131kt\u0131 kapasitesi ve konfig\u00fcrasyona g\u00f6re de\u011fi\u015fir. Bu ay\u0131klama ekipman\u0131 aileler, kooperatifler veya k\u00fc\u00e7\u00fck projeler i\u00e7in uygundur ve uygun fiyatl\u0131d\u0131r. Taizy, fabrika do\u011frudan fiyatland\u0131rma, \u00f6zelle\u015ftirme hizmetleri ve teknik destek sunar, m\u00fc\u015fterilerin g\u00fcvenle sat\u0131n almas\u0131n\u0131 ve kullanmas\u0131n\u0131 sa\u011flar.<\/p>    <h2 class=\"wp-block-heading\"><strong>Taizy: g\u00fcvenilir \u00e7ok \u00fcr\u00fcnl\u00fc pirin\u00e7 ve bu\u011fday ay\u0131klama makinesi \u00fcreticisi<\/strong><\/h2>    <ul class=\"wp-block-list\"> <li>Taizy Makine, on y\u0131ldan fazla bir s\u00fcredir tar\u0131m makineleri sekt\u00f6r\u00fcnde deneyimlidir ve \u00fcr\u00fcnleri Afrika, G\u00fcneydo\u011fu Asya, Orta Do\u011fu ve G\u00fcney Amerika'da 60'tan fazla \u00fclkeye ihra\u00e7 edilmektedir. <\/li>    <li>\u015eirket, y\u00fcksek kaliteli ekipman teslim etmenin yan\u0131 s\u0131ra kurulum ve devreye alma hizmetleri, sat\u0131\u015f sonras\u0131 destek ve yedek par\u00e7a tedariki de sa\u011flar. <\/li>    <li>Kararl\u0131 performans\u0131 ve m\u00fckemmel m\u00fc\u015fteri deneyimi ile Taizy, d\u00fcnya \u00e7ap\u0131nda \u00e7ift\u00e7iler i\u00e7in g\u00fcvenilir bir ortak haline geldi.<\/li>    <li>Pirincin ve bu\u011fday\u0131n yeti\u015ftirilmesine y\u00f6nelik tek durak \u00e7\u00f6z\u00fcm sunuyoruz, \u00f6rne\u011fin <a href=\"https:\/\/taizyagromachine.com\/tr\/product\/wheat-planter\/\">bu\u011fday ekim makinesi<\/a>, <a href=\"https:\/\/taizyagromachine.com\/tr\/product\/rice-combine-harvester\/\">pirin\u00e7 ve bu\u011fday hasat makinesi<\/a>, pirin\u00e7 ve bu\u011fday ay\u0131klama makinesi, bu\u011fday unu de\u011firmeni vb. <\/li> <\/ul>    <figure class=\"wp-block-gallery has-nested-images columns-2 is-cropped wp-block-gallery-5 is-layout-flex wp-block-gallery-is-layout-flex\"> <figure class=\"wp-block-image size-large\"><img loading=\"lazy\" decoding=\"async\" width=\"540\" height=\"540\" data-id=\"8373\" src=\"https:\/\/taizyagromachine.com\/wp-content\/uploads\/2025\/10\/rice-and-wheat-threshing-machine-factory-visit.webp\" alt=\"pirin\u00e7 ve bu\u011fday ay\u0131klama makinesi fabrikas\u0131 ziyareti\" class=\"wp-image-8373\" srcset=\"https:\/\/taizyagromachine.com\/wp-content\/uploads\/2025\/10\/rice-and-wheat-threshing-machine-factory-visit.webp 540w, https:\/\/taizyagromachine.com\/wp-content\/uploads\/2025\/10\/rice-and-wheat-threshing-machine-factory-visit-12x12.webp 12w\" sizes=\"auto, (max-width: 540px) 100vw, 540px\" \/><figcaption class=\"wp-element-caption\">pirin\u00e7 ve bu\u011fday ay\u0131klama makinesi fabrikas\u0131 ziyareti<\/figcaption><\/figure>    <figure class=\"wp-block-image size-large\"><img loading=\"lazy\" decoding=\"async\" width=\"540\" height=\"540\" data-id=\"8370\" src=\"https:\/\/taizyagromachine.com\/wp-content\/uploads\/2025\/10\/batch-of-thresher-machines-for-export.webp\" alt=\"\u0130hracat i\u00e7in ay\u0131klama makinesi partisi\" class=\"wp-image-8370\" srcset=\"https:\/\/taizyagromachine.com\/wp-content\/uploads\/2025\/10\/batch-of-thresher-machines-for-export.webp 540w, https:\/\/taizyagromachine.com\/wp-content\/uploads\/2025\/10\/batch-of-thresher-machines-for-export-12x12.webp 12w\" sizes=\"auto, (max-width: 540px) 100vw, 540px\" \/><figcaption class=\"wp-element-caption\">\u0130hracat i\u00e7in ay\u0131klama makinesi partisi<\/figcaption><\/figure>    <figure class=\"wp-block-image size-large\"><img loading=\"lazy\" decoding=\"async\" width=\"540\" height=\"540\" data-id=\"8371\" src=\"https:\/\/taizyagromachine.com\/wp-content\/uploads\/2025\/10\/dozens-of-threshers-ready-to-ship.webp\" alt=\"kargoya haz\u0131r onlarca ay\u0131klama makinesi\" class=\"wp-image-8371\" srcset=\"https:\/\/taizyagromachine.com\/wp-content\/uploads\/2025\/10\/dozens-of-threshers-ready-to-ship.webp 540w, https:\/\/taizyagromachine.com\/wp-content\/uploads\/2025\/10\/dozens-of-threshers-ready-to-ship-12x12.webp 12w\" sizes=\"auto, (max-width: 540px) 100vw, 540px\" \/><figcaption class=\"wp-element-caption\">kargoya haz\u0131r onlarca ay\u0131klama makinesi<\/figcaption><\/figure>    <figure class=\"wp-block-image size-large\"><img loading=\"lazy\" decoding=\"async\" width=\"540\" height=\"540\" data-id=\"8372\" src=\"https:\/\/taizyagromachine.com\/wp-content\/uploads\/2025\/10\/one-container-of-grain-rice-wheat-thresher.webp\" alt=\"bir konteyner tah\u0131l pirin\u00e7 ve bu\u011fday ay\u0131klama makinesi\" class=\"wp-image-8372\" srcset=\"https:\/\/taizyagromachine.com\/wp-content\/uploads\/2025\/10\/one-container-of-grain-rice-wheat-thresher.webp 540w, https:\/\/taizyagromachine.com\/wp-content\/uploads\/2025\/10\/one-container-of-grain-rice-wheat-thresher-12x12.webp 12w\" sizes=\"auto, (max-width: 540px) 100vw, 540px\" \/><figcaption class=\"wp-element-caption\">bir konteyner tah\u0131l pirin\u00e7 ve bu\u011fday ay\u0131klama makinesi<\/figcaption><\/figure> <\/figure>    <h2 class=\"wp-block-heading\"><strong>Bu ay\u0131klama makinesini nas\u0131l h\u0131zl\u0131ca sipari\u015f edebilirsiniz?<\/strong><\/h2>    <p>Bir Taizy pirin\u00e7 ve bu\u011fday ay\u0131klama makinesi sipari\u015fi vermek olduk\u00e7a basittir:<\/p>    <ol class=\"wp-block-list\"> <li>\u0130leti\u015fim kurmak i\u00e7in WhatsApp\/WeChat, web sitesi veya e-posta kullan\u0131n, gerekli modeli ve \u00fcr\u00fcn t\u00fcr\u00fcn\u00fc belirtin.<\/li>    <li>Detayl\u0131 fiyat teklifi, makine \u00f6zellikleri ve nakliye se\u00e7enekleri sa\u011flayaca\u011f\u0131z.<\/li>    <li>Sipari\u015f onayland\u0131ktan sonra, \u00fcretim ve sevkiyat d\u00fczenlenir, deniz ta\u015f\u0131mac\u0131l\u0131\u011f\u0131, hava ta\u015f\u0131mac\u0131l\u0131\u011f\u0131 ve di\u011fer ula\u015f\u0131m y\u00f6ntemleri desteklenir.<\/li>    <li>Teslim sonras\u0131 kurulum ve i\u015fletme rehberi sorunsuz m\u00fc\u015fteri kullan\u0131m\u0131 sa\u011flar.<\/li> <\/ol>    <p>Yukar\u0131daki s\u00fcre\u00e7 d\u00fczg\u00fcn bir \u015fekilde \u00f6zetlenmi\u015ftir. Ayr\u0131nt\u0131l\u0131 sipari\u015f talimatlar\u0131 i\u00e7in hemen bizimle ileti\u015fime ge\u00e7in.<\/p>    <figure class=\"wp-block-gallery has-nested-images columns-default is-cropped wp-block-gallery-6 is-layout-flex wp-block-gallery-is-layout-flex\"> <figure class=\"wp-block-image size-large\"><img loading=\"lazy\" decoding=\"async\" width=\"540\" height=\"540\" data-id=\"8374\" src=\"https:\/\/taizyagromachine.com\/wp-content\/uploads\/2025\/10\/grain-threshing-machine-for-sale.webp\" alt=\"sat\u0131l\u0131k tah\u0131l ay\u0131klama makinesi\" class=\"wp-image-8374\" srcset=\"https:\/\/taizyagromachine.com\/wp-content\/uploads\/2025\/10\/grain-threshing-machine-for-sale.webp 540w, https:\/\/taizyagromachine.com\/wp-content\/uploads\/2025\/10\/grain-threshing-machine-for-sale-12x12.webp 12w\" sizes=\"auto, (max-width: 540px) 100vw, 540px\" \/><figcaption class=\"wp-element-caption\">sat\u0131l\u0131k tah\u0131l ay\u0131klama makinesi<\/figcaption><\/figure>    <figure class=\"wp-block-image size-large\"><img loading=\"lazy\" decoding=\"async\" width=\"540\" height=\"540\" data-id=\"8375\" src=\"https:\/\/taizyagromachine.com\/wp-content\/uploads\/2025\/10\/multi-crop-rice-and-wheat-thresher-machine.webp\" alt=\"\u00e7ok \u00fcr\u00fcnl\u00fc pirin\u00e7 ve bu\u011fday ay\u0131klama makinesi\" class=\"wp-image-8375\" srcset=\"https:\/\/taizyagromachine.com\/wp-content\/uploads\/2025\/10\/multi-crop-rice-and-wheat-thresher-machine.webp 540w, https:\/\/taizyagromachine.com\/wp-content\/uploads\/2025\/10\/multi-crop-rice-and-wheat-thresher-machine-12x12.webp 12w\" sizes=\"auto, (max-width: 540px) 100vw, 540px\" \/><figcaption class=\"wp-element-caption\">\u00e7ok \u00fcr\u00fcnl\u00fc pirin\u00e7 ve bu\u011fday ay\u0131klama makinesi<\/figcaption><\/figure> <\/figure>","protected":false},"excerpt":{"rendered":"<p>Taizy Pirin\u00e7 ve Bu\u011fday Ay\u0131klama Makinesi, pirin\u00e7, bu\u011fday, sorgum, dar\u0131, soya fasulyesi, kinoa, kanola ve di\u011fer \u00fcr\u00fcnlerin ay\u0131klanmas\u0131 i\u00e7in uygundur. \u0130\u015fleme kapasitesi 600-800 kg\/saat olup, ay\u0131klama oran\u0131 \u226598% ve k\u0131r\u0131k tane oran\u0131 \u22642%'dir.<\/p>","protected":false},"author":1,"featured_media":8362,"parent":0,"template":"","tags":[218,219],"product-type":[20],"class_list":["post-8359","product","type-product","status-publish","has-post-thumbnail","hentry","tag-rice","tag-wheat","product-type-rice-and-wheat-machine"],"_links":{"self":[{"href":"https:\/\/taizyagromachine.com\/tr\/wp-json\/wp\/v2\/product\/8359","targetHints":{"allow":["GET"]}}],"collection":[{"href":"https:\/\/taizyagromachine.com\/tr\/wp-json\/wp\/v2\/product"}],"about":[{"href":"https:\/\/taizyagromachine.com\/tr\/wp-json\/wp\/v2\/types\/product"}],"author":[{"embeddable":true,"href":"https:\/\/taizyagromachine.com\/tr\/wp-json\/wp\/v2\/users\/1"}],"wp:featuredmedia":[{"embeddable":true,"href":"https:\/\/taizyagromachine.com\/tr\/wp-json\/wp\/v2\/media\/8362"}],"wp:attachment":[{"href":"https:\/\/taizyagromachine.com\/tr\/wp-json\/wp\/v2\/media?parent=8359"}],"wp:term":[{"taxonomy":"post_tag","embeddable":true,"href":"https:\/\/taizyagromachine.com\/tr\/wp-json\/wp\/v2\/tags?post=8359"},{"taxonomy":"product-type","embeddable":true,"href":"https:\/\/taizyagromachine.com\/tr\/wp-json\/wp\/v2\/product-type?post=8359"}],"curies":[{"name":"wp","href":"https:\/\/api.w.org\/{rel}","templated":true}]}}