{"id":8405,"date":"2025-10-31T15:27:26","date_gmt":"2025-10-31T07:27:26","guid":{"rendered":"https:\/\/taizyagromachine.com\/?post_type=product&#038;p=8405"},"modified":"2025-11-03T17:14:15","modified_gmt":"2025-11-03T09:14:15","slug":"self-propelled-forage-harvester-machine","status":"publish","type":"product","link":"https:\/\/taizyagromachine.com\/tr\/product\/self-propelled-forage-harvester-machine\/","title":{"rendered":"Kendi Kendine Hareketli silaj hasat makinesi\u00a0"},"content":{"rendered":"<p class=\"translation-block\">Taizy<strong>silaj hasat makinesi<\/strong>, silaj bitkilerini kesmek, do\u011framak ve y\u00fcklemek i\u00e7in \u00f6zel olarak tasarlanm\u0131\u015ft\u0131r. Kesme, do\u011frama, ta\u015f\u0131ma ve y\u00fckleme i\u015flemlerini tek seferde tamamlar, silaj toplama verimlili\u011fini \u00f6nemli \u00f6l\u00e7\u00fcde art\u0131r\u0131rken manuel eme\u011fi azalt\u0131r. Do\u011franm\u0131\u015f silaj uzunlu\u011fu yakla\u015f\u0131k 15mm olup, 10-40mm aras\u0131nda ayarlanabilir. Taizy\u2019de iki t\u00fcr m\u0131s\u0131r silaj hasat makinesi mevcuttur: paletli ve tekerlekli. Daha fazla bilgi i\u00e7in okumaya devam edin!<\/p>    <figure class=\"wp-block-embed is-type-video is-provider-youtube wp-block-embed-youtube wp-embed-aspect-16-9 wp-has-aspect-ratio\"><div class=\"wp-block-embed__wrapper\"> <iframe loading=\"lazy\" title=\"Tarlada verimli silaj hasad\u0131 | S\u0131\u011f\u0131r i\u00e7in m\u0131s\u0131r ve ot silaj kesim makinesi\" width=\"500\" height=\"281\" src=\"https:\/\/www.youtube.com\/embed\/oQGKm1c9ynQ?feature=oembed\" frameborder=\"0\" allow=\"accelerometer; autoplay; clipboard-write; encrypted-media; gyroscope; picture-in-picture; web-share\" referrerpolicy=\"strict-origin-when-cross-origin\" allowfullscreen><\/iframe> <\/div><figcaption class=\"wp-element-caption\">Kendi kendine hareket eden silaj bi\u00e7me makinesinin videosu<\/figcaption><\/figure>    <h2 class=\"wp-block-heading\"><strong>Sat\u0131\u015fta olan silaj hasat makineleri t\u00fcrleri<\/strong><\/h2>    <p>Profesyonel tar\u0131m ekipman\u0131 \u00fcreticisi ve tedarik\u00e7isi olarak, Taizy kendi kendine hareketli silaj hasat makinelerini iki ana kategoriye ay\u0131r\u0131r: <\/p>    <ul class=\"wp-block-list\"> <li>Paletli silaj hasat makinesi (g\u00fcne\u015f ba\u015fl\u0131\u011f\u0131 veya kapal\u0131 kabin ile)<\/li>    <li>Tekerlekli silaj hasat makinesi (g\u00fcne\u015f ba\u015fl\u0131\u011f\u0131 veya kapal\u0131 kabin ile)<\/li> <\/ul>    <p>Not edildi: Kapal\u0131 s\u00fcr\u00fcc\u00fc kabini bulunan s\u00fcr\u00fcc\u00fc kabini, klima ile donat\u0131labilir.<\/p>    <figure class=\"wp-block-gallery has-nested-images columns-default is-cropped wp-block-gallery-2 is-layout-flex wp-block-gallery-is-layout-flex\"> <figure class=\"wp-block-image size-large\"><img loading=\"lazy\" decoding=\"async\" width=\"540\" height=\"670\" data-id=\"8419\" src=\"https:\/\/taizyagromachine.com\/wp-content\/uploads\/2025\/10\/silage-harvester-with-sunshed.webp\" alt=\"G\u00fcne\u015flikli silaj bi\u00e7me makinesi\" class=\"wp-image-8419\" srcset=\"https:\/\/taizyagromachine.com\/wp-content\/uploads\/2025\/10\/silage-harvester-with-sunshed.webp 540w, https:\/\/taizyagromachine.com\/wp-content\/uploads\/2025\/10\/silage-harvester-with-sunshed-10x12.webp 10w\" sizes=\"auto, (max-width: 540px) 100vw, 540px\" \/><figcaption class=\"wp-element-caption\">G\u00fcne\u015flikli silaj bi\u00e7me makinesi<\/figcaption><\/figure>    <figure class=\"wp-block-image size-large\"><img loading=\"lazy\" decoding=\"async\" width=\"540\" height=\"720\" data-id=\"8420\" src=\"https:\/\/taizyagromachine.com\/wp-content\/uploads\/2025\/10\/self-propelled-forage-harvester-with-enclosed-cab.webp\" alt=\"Kapal\u0131 kabinli kendi kendine hareket eden yem bi\u00e7me makinesi\" class=\"wp-image-8420\" srcset=\"https:\/\/taizyagromachine.com\/wp-content\/uploads\/2025\/10\/self-propelled-forage-harvester-with-enclosed-cab.webp 540w, https:\/\/taizyagromachine.com\/wp-content\/uploads\/2025\/10\/self-propelled-forage-harvester-with-enclosed-cab-9x12.webp 9w\" sizes=\"auto, (max-width: 540px) 100vw, 540px\" \/><figcaption class=\"wp-element-caption\">Kapal\u0131 kabinli kendi kendine hareket eden yem bi\u00e7me makinesi<\/figcaption><\/figure> <\/figure>    <p>Bu iki model, farkl\u0131 \u00e7al\u0131\u015fma ortamlar\u0131 ve \u00e7iftlik ihtiya\u00e7lar\u0131na uygun olup, ovalardan da\u011fl\u0131k ve kuru alanlara kadar \u00e7e\u015fitli \u00e7al\u0131\u015fma ko\u015fullar\u0131n\u0131 kar\u015f\u0131layabilir. Daha fazla detay i\u00e7in okumaya devam edin.<\/p>    <h3 class=\"wp-block-heading\"><strong>T\u00fcr 1: Paletli silaj hasat makinesi<\/strong><\/h3>    <p>Paletli m\u0131s\u0131r silaj hasat makinesi, G\u00fcneydo\u011fu Asya, Orta Afrika ve G\u00fcney Amerika\u2019n\u0131n baz\u0131 b\u00f6lgelerinde bulunan karma\u015f\u0131k arazi ko\u015fullar\u0131 i\u00e7in idealdir. G\u00fc\u00e7l\u00fc \u00e7eki\u015f g\u00fcc\u00fc ve y\u00fcksek kendini kurtarma yetene\u011fi ile bu model, ya\u011f\u0131\u015fl\u0131 mevsimler ve y\u00fcksek nemli ortamlar i\u00e7in m\u00fckemmel bir \u00e7\u00f6z\u00fcmd\u00fcr.<\/p>    <figure class=\"wp-block-gallery aligncenter has-nested-images columns-default is-cropped wp-block-gallery-3 is-layout-flex wp-block-gallery-is-layout-flex\"> <figure class=\"wp-block-image size-full\"><img loading=\"lazy\" decoding=\"async\" width=\"720\" height=\"540\" data-id=\"8417\" src=\"https:\/\/taizyagromachine.com\/wp-content\/uploads\/2025\/10\/tracked-forage-harvester-machine-for-grass-cutting.webp\" alt=\"Ot kesimi i\u00e7in izlenebilir yem bi\u00e7me makinesi\" class=\"wp-image-8417\" srcset=\"https:\/\/taizyagromachine.com\/wp-content\/uploads\/2025\/10\/tracked-forage-harvester-machine-for-grass-cutting.webp 720w, https:\/\/taizyagromachine.com\/wp-content\/uploads\/2025\/10\/tracked-forage-harvester-machine-for-grass-cutting-16x12.webp 16w\" sizes=\"auto, (max-width: 720px) 100vw, 720px\" \/><figcaption class=\"wp-element-caption\">Ot kesimi i\u00e7in izlenebilir yem bi\u00e7me makinesi<\/figcaption><\/figure>    <figure class=\"wp-block-image size-full\"><img loading=\"lazy\" decoding=\"async\" width=\"720\" height=\"540\" data-id=\"8425\" src=\"https:\/\/taizyagromachine.com\/wp-content\/uploads\/2025\/10\/crawler-type-corn-silage-forage-harvesting-machine.webp\" alt=\"Paletli tip m\u0131s\u0131r silaj bi\u00e7me makinesi\" class=\"wp-image-8425\" srcset=\"https:\/\/taizyagromachine.com\/wp-content\/uploads\/2025\/10\/crawler-type-corn-silage-forage-harvesting-machine.webp 720w, https:\/\/taizyagromachine.com\/wp-content\/uploads\/2025\/10\/crawler-type-corn-silage-forage-harvesting-machine-16x12.webp 16w\" sizes=\"auto, (max-width: 720px) 100vw, 720px\" \/><figcaption class=\"wp-element-caption\">Paletli tip m\u0131s\u0131r silaj bi\u00e7me makinesi<\/figcaption><\/figure> <\/figure>    <h4 class=\"wp-block-heading\"><strong>\u0130zlenebilir yem bi\u00e7me makinesinin \u00f6zellikleri<\/strong><\/h4>    <ul class=\"wp-block-list\"> <li>G\u00fc\u00e7l\u00fc performans: 100HP-160HP y\u00fcksek g\u00fc\u00e7l\u00fc motorlar, uzunlamas\u0131na tahrik ile s\u0131f\u0131r kay\u0131pl\u0131 ile donat\u0131lm\u0131\u015ft\u0131r.<\/li>    <li>Ola\u011fan\u00fcst\u00fc arazi uyumu: 350mm geni\u015fli\u011finde izler, \u00e7amurlu, e\u011fimli ve kumlu y\u00fczeylerde \u00e7al\u0131\u015fma sa\u011flar.<\/li>    <li>Y\u00fcksek operasyonel verimlilik: Entegre kesim, do\u011frama ve y\u00fckleme fonksiyonlar\u0131.<\/li>    <li>Ayarlanabilir do\u011frama uzunlu\u011fu: 10-40mm aras\u0131nda de\u011fi\u015fen, uniform yem dilimleme sa\u011flar.<\/li>    <li>Hidrolik kontrol sistemi: Ba\u015fl\u0131k y\u00fcksekli\u011fi, seyahat ve bo\u015faltma i\u00e7in tamamen hidrolik ayar.<\/li>    <li>Kararl\u0131 ve g\u00fcvenilir: D\u00fc\u015f\u00fck merkezli ve g\u00fc\u00e7l\u00fc \u015fok direnci, uzun s\u00fcre kesintisiz \u00e7al\u0131\u015fma sa\u011flar.<\/li> <\/ul>    <h4 class=\"wp-block-heading\"><strong>Bu m\u0131s\u0131r silaj hasat makinesinin teknik parametreleri<\/strong><\/h4>    <p>Bu model 4QZL-1600, kapal\u0131 s\u00fcr\u00fcc\u00fc kabini ile. Uygun \u00fcr\u00fcnler aras\u0131nda m\u0131s\u0131r, fil di\u015fi otu, Sudan otu, sorgum ve yem bitkileri bulunur. L\u00fctfen a\u015fa\u011f\u0131daki tabloya bak\u0131n\u0131z makine parametreleri i\u00e7in.<\/p>    <figure class=\"wp-block-table\"><table class=\"has-fixed-layout\"><tbody><tr><td>Modeli<\/td><td>4QZL-1600<\/td><\/tr><tr><td>T\u00fcr<\/td><td>Kendi Kendine Hareketli<\/td><\/tr><tr><td>G\u00fc\u00e7<\/td><td>110,3 kW(150 hp)<\/td><\/tr><tr><td>Motor nominal h\u0131z\u0131<\/td><td>2400 r\/dak<\/td><\/tr><tr><td>Kesme geni\u015fli\u011fi<\/td><td>1550 mm<\/td><\/tr><tr><td>Ba\u015fl\u0131k kesim tipi<\/td><td>Disk kesici<\/td><\/tr><tr><td>Saman do\u011frama mekanizmas\u0131 tipi<\/td><td>Disk tipi<\/td><\/tr><tr><td>Kabin tipi<\/td><td>Standart kabin<\/td><\/tr><tr><td>\u0130letim y\u00f6ntemi<\/td><td>Manuel vites<\/td><\/tr><tr><td>Tahrik y\u00f6ntemi<\/td><td>Hidrolik tahrik<\/td><\/tr><tr><td>iz geni\u015fli\u011fi<\/td><td>350 mm<\/td><\/tr><tr><td>iz temas uzunlu\u011fu<\/td><td>1400 mm<\/td><\/tr><tr><td>\u0130z \u00f6l\u00e7\u00fcs\u00fc<\/td><td>1240 mm<\/td><\/tr><tr><td>\u00c7al\u0131\u015fma h\u0131z aral\u0131\u011f\u0131<\/td><td>1-3 km\/sa<\/td><\/tr><tr><td>Tasar\u0131m kesim uzunlu\u011fu<\/td><td>15 mm<\/td><\/tr><tr><td>Saklama kutusu<\/td><td>3,1 m\u00b3<\/td><\/tr><tr><td>Makine \u00e7al\u0131\u015fma s\u0131ras\u0131nda boyut<\/td><td>5200\u00d71680\u00d74200 mm<\/td><\/tr><\/tbody><\/table><figcaption class=\"wp-element-caption\">\u0130zlenebilir yem bi\u00e7me makinesinin teknik \u00f6zellikleri<\/figcaption><\/figure>    <figure class=\"wp-block-gallery has-nested-images columns-default is-cropped wp-block-gallery-4 is-layout-flex wp-block-gallery-is-layout-flex\"> <figure class=\"wp-block-image size-large\"><img loading=\"lazy\" decoding=\"async\" width=\"720\" height=\"540\" data-id=\"8423\" src=\"https:\/\/taizyagromachine.com\/wp-content\/uploads\/2025\/10\/corn-silage-harvester-for-forage.webp\" alt=\"Saman i\u00e7in m\u0131s\u0131r silo hasat makinesi\" class=\"wp-image-8423\" srcset=\"https:\/\/taizyagromachine.com\/wp-content\/uploads\/2025\/10\/corn-silage-harvester-for-forage.webp 720w, https:\/\/taizyagromachine.com\/wp-content\/uploads\/2025\/10\/corn-silage-harvester-for-forage-16x12.webp 16w\" sizes=\"auto, (max-width: 720px) 100vw, 720px\" \/><figcaption class=\"wp-element-caption\">Saman i\u00e7in m\u0131s\u0131r silo hasat makinesi<\/figcaption><\/figure>    <figure class=\"wp-block-image size-large\"><img loading=\"lazy\" decoding=\"async\" width=\"720\" height=\"540\" data-id=\"8424\" src=\"https:\/\/taizyagromachine.com\/wp-content\/uploads\/2025\/10\/maize-forage-harvester-machine-for-silage-making.webp\" alt=\"Silaj yap\u0131m\u0131 i\u00e7in m\u0131s\u0131r yem bi\u00e7me makinesi\" class=\"wp-image-8424\" srcset=\"https:\/\/taizyagromachine.com\/wp-content\/uploads\/2025\/10\/maize-forage-harvester-machine-for-silage-making.webp 720w, https:\/\/taizyagromachine.com\/wp-content\/uploads\/2025\/10\/maize-forage-harvester-machine-for-silage-making-16x12.webp 16w\" sizes=\"auto, (max-width: 720px) 100vw, 720px\" \/><figcaption class=\"wp-element-caption\">Silaj yap\u0131m\u0131 i\u00e7in m\u0131s\u0131r yem bi\u00e7me makinesi<\/figcaption><\/figure> <\/figure>    <h3 class=\"wp-block-heading\"><strong>T\u00fcr 2: Tekerlek tipi m\u0131s\u0131r silaj hasat makinesi<\/strong><\/h3>    <p>Taizy ire monteli m\u0131s\u0131r silaj hasat makinesi, y\u00fcksek hareketlilik ve esnek yer de\u011fi\u015ftirme sa\u011flar, d\u00fcz arazi veya da\u011f\u0131n\u0131k tarlalara sahip \u00e7iftlikler i\u00e7in idealdir, \u00f6rne\u011fin Afrika, G\u00fcney Amerika ve Orta Do\u011fu'da. Y\u00fcksek verimlilik sa\u011flar, bak\u0131m\u0131n\u0131 basitle\u015ftirir ve i\u015fletme maliyetlerini d\u00fc\u015f\u00fcr\u00fcr.<\/p>    <h4 class=\"wp-block-heading\"> <strong>M\u0131s\u0131r silaj hasat makinesi \u00f6zellikleri<\/strong><\/h4>    <ul class=\"wp-block-list\"> <li>Kolay ta\u015f\u0131nabilirlik: Maksimum seyahat h\u0131z\u0131 20 km\/sa, tarlalar aras\u0131nda h\u0131zl\u0131 hareket sa\u011flar.<\/li>    <li>Basit kullan\u0131m: Otomatik kontrol sistemi, s\u00fcr\u00fc\u015f\u00fc kolayla\u015ft\u0131r\u0131r.<\/li>    <li>D\u00fc\u015f\u00fck bak\u0131m maliyetleri: Y\u00fcksek bile\u015fen de\u011fi\u015ftirilebilirli\u011fi ile kompakt yap\u0131.<\/li>    <li>Y\u00fcksek h\u0131zda b\u0131\u00e7ak tasar\u0131m\u0131, silaj kalitesini garanti eder.<\/li>    <li>Y\u00fcksek g\u00fcvenilirlik: Stabil hidrolik sistem, s\u00fcrekli \u00e7al\u0131\u015fma sa\u011flar.<\/li> <\/ul>   <div class=\"wp-block-image\"> <figure class=\"aligncenter size-full\"><img loading=\"lazy\" decoding=\"async\" width=\"720\" height=\"540\" src=\"https:\/\/taizyagromachine.com\/wp-content\/uploads\/2025\/10\/commercial-corn-silage-harvester-machine-for-sale.webp\" alt=\"Sat\u0131l\u0131k ticari m\u0131s\u0131r silaj hasat makinesi\" class=\"wp-image-8413\" srcset=\"https:\/\/taizyagromachine.com\/wp-content\/uploads\/2025\/10\/commercial-corn-silage-harvester-machine-for-sale.webp 720w, https:\/\/taizyagromachine.com\/wp-content\/uploads\/2025\/10\/commercial-corn-silage-harvester-machine-for-sale-16x12.webp 16w\" sizes=\"auto, (max-width: 720px) 100vw, 720px\" \/><figcaption class=\"wp-element-caption\">Sat\u0131l\u0131k ticari m\u0131s\u0131r silaj hasat makinesi<\/figcaption><\/figure> <\/div>   <h4 class=\"wp-block-heading\"><strong>Tekerlekli silaj hasat makinesi teknik verileri<\/strong><\/h4>    <p>Kapal\u0131 kabinli 4QZ-1800 m\u0131s\u0131r sap\u0131 hasat makinesidir ve Napier otu, m\u0131s\u0131r vb. hasat edebilir. A\u015fa\u011f\u0131da bu kendi kendine hareket eden silaj hasat makinesinin parametre detaylar\u0131 bulunmaktad\u0131r. <\/p>    <figure class=\"wp-block-table\"><table class=\"has-fixed-layout\"><tbody><tr><td>Modeli<\/td><td>4QZ-1800<\/td><\/tr><tr><td>T\u00fcr<\/td><td>Kendi Kendine Hareketli<\/td><\/tr><tr><td>G\u00fc\u00e7<\/td><td>150 hp<\/td><\/tr><tr><td>Motor nominal h\u0131z\u0131<\/td><td>2400 r\/dak<\/td><\/tr><tr><td>Kesme geni\u015fli\u011fi<\/td><td>1800 mm<\/td><\/tr><tr><td>Ba\u015fl\u0131k kesim tipi<\/td><td>Disk kesici<\/td><\/tr><tr><td>Saman do\u011frama mekanizmas\u0131 tipi<\/td><td>Disk tipi<\/td><\/tr><tr><td>Kabin tipi<\/td><td>Standart kabin<\/td><\/tr><tr><td>\u0130letim y\u00f6ntemi<\/td><td>Manuel vites<\/td><\/tr><tr><td>Tahrik y\u00f6ntemi<\/td><td>Hidrolik tahrik<\/td><\/tr><tr><td>K\u0131lavuz tekerle\u011fi iz geni\u015fli\u011fi<\/td><td>1290 mm<\/td><\/tr><tr><td>K\u0131lavuz tekerle\u011fi lastik \u00f6zellikleri<\/td><td>27\u00d78.5-15<\/td><\/tr><tr><td>Tahrik tekerle\u011fi iz geni\u015fli\u011fi<\/td><td>1290 mm<\/td><\/tr><tr><td>Tahrik tekerle\u011fi lastik \u00f6zellikleri<\/td><td>12-16.5<\/td><\/tr><tr><td>Dingil a\u00e7\u0131kl\u0131\u011f\u0131<\/td><td>2200 mm<\/td><\/tr><tr><td>\u00c7al\u0131\u015fma h\u0131z aral\u0131\u011f\u0131<\/td><td>2-5 km\/sa<\/td><\/tr><tr><td>Tasar\u0131m kesim uzunlu\u011fu<\/td><td>15 mm<\/td><\/tr><tr><td>Saklama kutusu<\/td><td>3,1 m\u00b3<\/td><\/tr><tr><td>Makine \u00e7al\u0131\u015f\u0131rken boyut<\/td><td>5400\u00d71900\u00d73800 mm<\/td><\/tr><\/tbody><\/table><figcaption class=\"wp-element-caption\">Tekerlek tipi silaj hasat makinesi \u00f6zellikleri<\/figcaption><\/figure>    <figure class=\"wp-block-gallery has-nested-images columns-default is-cropped wp-block-gallery-5 is-layout-flex wp-block-gallery-is-layout-flex\"> <figure class=\"wp-block-image size-large\"><img loading=\"lazy\" decoding=\"async\" width=\"720\" height=\"540\" data-id=\"8415\" src=\"https:\/\/taizyagromachine.com\/wp-content\/uploads\/2025\/10\/maize-forage-harvester-for-silage-chopping.webp\" alt=\"Silaj kesimi i\u00e7in m\u0131s\u0131r yem bi\u00e7me makinesi\" class=\"wp-image-8415\" srcset=\"https:\/\/taizyagromachine.com\/wp-content\/uploads\/2025\/10\/maize-forage-harvester-for-silage-chopping.webp 720w, https:\/\/taizyagromachine.com\/wp-content\/uploads\/2025\/10\/maize-forage-harvester-for-silage-chopping-16x12.webp 16w\" sizes=\"auto, (max-width: 720px) 100vw, 720px\" \/><figcaption class=\"wp-element-caption\">Silaj kesimi i\u00e7in m\u0131s\u0131r yem bi\u00e7me makinesi<\/figcaption><\/figure>    <figure class=\"wp-block-image size-large\"><img loading=\"lazy\" decoding=\"async\" width=\"720\" height=\"540\" data-id=\"8414\" src=\"https:\/\/taizyagromachine.com\/wp-content\/uploads\/2025\/10\/corn-forage-harvester-for-silage-cutting.webp\" alt=\"Silaj kesimi i\u00e7in m\u0131s\u0131r yem bi\u00e7me makinesi\" class=\"wp-image-8414\" srcset=\"https:\/\/taizyagromachine.com\/wp-content\/uploads\/2025\/10\/corn-forage-harvester-for-silage-cutting.webp 720w, https:\/\/taizyagromachine.com\/wp-content\/uploads\/2025\/10\/corn-forage-harvester-for-silage-cutting-16x12.webp 16w\" sizes=\"auto, (max-width: 720px) 100vw, 720px\" \/><figcaption class=\"wp-element-caption\">Silaj kesimi i\u00e7in m\u0131s\u0131r yem bi\u00e7me makinesi<\/figcaption><\/figure> <\/figure>    <h2 class=\"wp-block-heading\"><strong>M\u0131s\u0131r silaj\u0131 hasat makinesinin yap\u0131s\u0131<\/strong><\/h2>    <p>Asl\u0131nda, yap\u0131s\u0131 a\u00e7\u0131k ve basittir, kesim sistemi, \u00e7al\u0131\u015fma b\u00f6l\u00fcm\u00fc, toplama sistemi ve y\u00fcr\u00fcme modu dahil. \u0130zli yem bi\u00e7me makinesini \u00f6rnek al\u0131n:<\/p>    <figure class=\"wp-block-table\"><table class=\"has-fixed-layout\"><tbody><tr><td>Makine par\u00e7as\u0131 ad\u0131<\/td><td>\u0130\u015flev<\/td><\/tr><tr><td>Kesim sistemi<\/td><td>M\u0131s\u0131r, Napier otu veya sorgum'u disk kesici ile verimli ve e\u015fit \u015fekilde kesin.<\/td><\/tr><tr><td>\u00c7al\u0131\u015fma b\u00f6l\u00fcm\u00fc<\/td><td>Hidrolik kontrol paneline sahip rahat bir s\u00fcr\u00fcc\u00fc koltu\u011fu, kesim y\u00fcksekli\u011fi, besleme h\u0131z\u0131 ve bo\u015faltma y\u00f6n\u00fcn\u00fcn kolayca ayarlanmas\u0131n\u0131 sa\u011flar.<\/td><\/tr><tr><td>Toplama sistemi<\/td><td>Do\u011franm\u0131\u015f yemleri, p\u00fcsk\u00fcrtme t\u00fcneli arac\u0131l\u0131\u011f\u0131yla depolama haznesine sorunsuzca toplay\u0131p aktar\u0131n.<\/td><\/tr><tr><td>Y\u00fcr\u00fcy\u00fc\u015f modu<\/td><td>\u00c7amurlu veya engebeli tarlalarda bile m\u00fckemmel stabilite ve tutu\u015f sa\u011flayan 350mm geni\u015fli\u011finde kau\u00e7uk iz.<\/td><\/tr><\/tbody><\/table><figcaption class=\"wp-element-caption\">Kendi kendine hareket eden yem bi\u00e7me makinesinin yap\u0131 listesi <\/figcaption><\/figure>   <div class=\"wp-block-image\"> <figure class=\"aligncenter size-full\"><img loading=\"lazy\" decoding=\"async\" width=\"720\" height=\"540\" src=\"https:\/\/taizyagromachine.com\/wp-content\/uploads\/2025\/10\/structure-of-self-propelled-forage-harvester-machine.webp\" alt=\"Kendi kendine hareket eden yem bi\u00e7me makinesinin yap\u0131s\u0131\" class=\"wp-image-8408\" srcset=\"https:\/\/taizyagromachine.com\/wp-content\/uploads\/2025\/10\/structure-of-self-propelled-forage-harvester-machine.webp 720w, https:\/\/taizyagromachine.com\/wp-content\/uploads\/2025\/10\/structure-of-self-propelled-forage-harvester-machine-16x12.webp 16w\" sizes=\"auto, (max-width: 720px) 100vw, 720px\" \/><figcaption class=\"wp-element-caption\">Kendi kendine hareket eden yem bi\u00e7me makinesinin yap\u0131s\u0131<\/figcaption><\/figure> <\/div>   <h2 class=\"wp-block-heading\"><strong>Uygulamalar\u0131 <strong>kendi kendine hareket eden<\/strong> yem hasat makinesi<\/strong><\/h2>    <p>Bu m\u0131s\u0131r silaj hasat makinesi, geni\u015f \u00e7apta kullan\u0131l\u0131r:<\/p>    <ul class=\"wp-block-list\"> <li>B\u00fcy\u00fck \u00f6l\u00e7ekli hayvanc\u0131l\u0131k \u00e7iftlikleri <ul class=\"wp-block-list\"> <li>S\u00fct \u00e7iftlikleri, s\u0131\u011f\u0131r \u00e7iftlikleri, koyun \u00e7iftlikleri vb. i\u00e7in silaj yemi hasad\u0131 ve depolama.<\/li> <\/ul> <\/li>    <li>Besleme i\u015fleme tesisleri <ul class=\"wp-block-list\"> <li>Silaj yemi \u00fcretmek i\u00e7in do\u011frudan yem k\u0131rma<\/li> <\/ul> <\/li>    <li>Tar\u0131m kooperatifleri <ul class=\"wp-block-list\"> <li>\u00c7evre \u00e7iftliklere silaj hasat hizmetleri sa\u011flar.<\/li> <\/ul> <\/li>    <li>H\u00fck\u00fcmet tar\u0131m projeleri <ul class=\"wp-block-list\"> <li>Tar\u0131m makineleri s\u00fcbvansiyonu ve mekanizasyon g\u00f6sterim programlar\u0131 kapsam\u0131nda.<\/li> <\/ul> <\/li> <\/ul>    <p>Uygun \u00fcr\u00fcnler: M\u0131s\u0131r saplar\u0131, fil di\u015fi otu, Sudan otu, sorgum, silaj otlar\u0131, yulaf, naiper otu vb.<\/p>    <figure class=\"wp-block-gallery has-nested-images columns-default is-cropped wp-block-gallery-6 is-layout-flex wp-block-gallery-is-layout-flex\"> <figure class=\"wp-block-image size-large\"><img loading=\"lazy\" decoding=\"async\" width=\"720\" height=\"540\" data-id=\"8429\" src=\"https:\/\/taizyagromachine.com\/wp-content\/uploads\/2025\/10\/chopped-silage.webp\" alt=\"Do\u011franm\u0131\u015f silaj\" class=\"wp-image-8429\" srcset=\"https:\/\/taizyagromachine.com\/wp-content\/uploads\/2025\/10\/chopped-silage.webp 720w, https:\/\/taizyagromachine.com\/wp-content\/uploads\/2025\/10\/chopped-silage-16x12.webp 16w\" sizes=\"auto, (max-width: 720px) 100vw, 720px\" \/><figcaption class=\"wp-element-caption\">Do\u011franm\u0131\u015f silaj<\/figcaption><\/figure>    <figure class=\"wp-block-image size-large\"><img loading=\"lazy\" decoding=\"async\" width=\"720\" height=\"540\" data-id=\"8430\" src=\"https:\/\/taizyagromachine.com\/wp-content\/uploads\/2025\/10\/silage-cutting-effect.webp\" alt=\"silaj kesim etkisi\" class=\"wp-image-8430\" srcset=\"https:\/\/taizyagromachine.com\/wp-content\/uploads\/2025\/10\/silage-cutting-effect.webp 720w, https:\/\/taizyagromachine.com\/wp-content\/uploads\/2025\/10\/silage-cutting-effect-16x12.webp 16w\" sizes=\"auto, (max-width: 720px) 100vw, 720px\" \/><figcaption class=\"wp-element-caption\">silaj kesim etkisi<\/figcaption><\/figure> <\/figure>    <h2 class=\"wp-block-heading\"><strong>Taizy silaj bi\u00e7me makinesinin fiyat\u0131 nedir?<\/strong><\/h2>    <p>Silaj hasad\u0131 i\u00e7in silaj hasat makinesi fiyatlar\u0131, model, konfig\u00fcrasyon ve motor g\u00fcc\u00fcne g\u00f6re de\u011fi\u015fir. Genellikle, daha b\u00fcy\u00fck ve y\u00fcksek \u00f6zellikli modeller daha y\u00fcksek fiyatlara sahiptir.<\/p>    <p>\u00d6rne\u011fin, paletli kendi kendine hareketli silaj hasat makineleri i\u00e7in, tamamen kapal\u0131 kabin versiyonu g\u00fcne\u015f koruyuculu versiyondan daha pahal\u0131d\u0131r. Ayr\u0131ca, m\u00fc\u015fteriler ihtiya\u00e7lar\u0131na g\u00f6re farkl\u0131 konfig\u00fcrasyonlar se\u00e7ebilirler (\u00f6rne\u011fin, b\u0131\u00e7ak say\u0131s\u0131, motor g\u00fcc\u00fc, hopper kapasitesi).<\/p>    <p>Taizy, fabrika fiyat\u0131, kapsaml\u0131 makine garantisi ve yedek par\u00e7a tedariki sunar. Ayr\u0131ca, t\u00fcm ihracat belgelerini (\u00f6rne\u011fin, Serbest Ticaret Sertifikalar\u0131, Men\u015fe Sertifikalar\u0131) sa\u011flar.<\/p>   <div class=\"wp-block-image\"> <figure class=\"aligncenter size-full\"><img loading=\"lazy\" decoding=\"async\" width=\"720\" height=\"540\" src=\"https:\/\/taizyagromachine.com\/wp-content\/uploads\/2025\/10\/Taizy-self-propelled-silage-forage-harvester-machine-for-sale.webp\" alt=\"Taizy kendi kendine hareket eden silaj yem bi\u00e7me makinesi sat\u0131l\u0131k\" class=\"wp-image-8427\" srcset=\"https:\/\/taizyagromachine.com\/wp-content\/uploads\/2025\/10\/Taizy-self-propelled-silage-forage-harvester-machine-for-sale.webp 720w, https:\/\/taizyagromachine.com\/wp-content\/uploads\/2025\/10\/Taizy-self-propelled-silage-forage-harvester-machine-for-sale-16x12.webp 16w\" sizes=\"auto, (max-width: 720px) 100vw, 720px\" \/><figcaption class=\"wp-element-caption\">Taizy kendi kendine hareket eden silaj yem bi\u00e7me makinesi sat\u0131l\u0131k<\/figcaption><\/figure> <\/div>   <h2 class=\"wp-block-heading\"><strong>Uygun m\u0131s\u0131r silaj hasat makinesi nas\u0131l al\u0131n\u0131r?<\/strong><\/h2>    <p>Silaj hasad\u0131 i\u00e7in m\u0131s\u0131r silaj hasat makinesi se\u00e7erken a\u015fa\u011f\u0131daki fakt\u00f6rleri g\u00f6z \u00f6n\u00fcnde bulundurun:<\/p>    <ul class=\"wp-block-list\"> <li>Arazi ko\u015fullar\u0131: D\u00fcz ovalar i\u00e7in tekerlekli modeller \u00f6nerilir; engebeli veya \u00e7amurlu alanlar i\u00e7in paletli modeller tercih edin.<\/li>    <li>Bitki t\u00fcr\u00fc ve verim: M\u0131s\u0131r veya silaj verimine g\u00f6re farkl\u0131 g\u00fc\u00e7 se\u00e7enekleri.<\/li>    <li>B\u00fct\u00e7e ve kullan\u0131m s\u0131kl\u0131\u011f\u0131: G\u00fcnl\u00fck kullan\u0131m i\u00e7in orta g\u00fc\u00e7te modelleri tercih edin; ticari uygulamalar i\u00e7in y\u00fcksek \u00f6zellikli modeller \u00f6nerilir.<\/li>    <li>Sat\u0131\u015f sonras\u0131 hizmetler: Taizy gibi geni\u015f deneyime sahip, uzun vadeli yedek par\u00e7a tedariki ve teknik destek sunan \u00fcreticileri tercih edin.<\/li> <\/ul>    <p class=\"translation-block\">Taizy Makina, 22 y\u0131ll\u0131k tar\u0131m ekipman\u0131 \u00fcretim uzmanl\u0131\u011f\u0131na sahiptir. \u00dcr\u00fcnlerimiz Afrika, G\u00fcneydo\u011fu Asya, G\u00fcney Amerika ve daha bir\u00e7ok \u00fclkeye ihra\u00e7 edilmekte olup, g\u00fc\u00e7l\u00fc m\u00fc\u015fteri g\u00fcveni kazanmaktad\u0131r. Ayr\u0131ca, silaj i\u00e7in tek durak \u00e7\u00f6z\u00fcm\u00fcm\u00fcz var: do\u011framadan balyalanmaya ve sarmaya kadar<a href=\"https:\/\/taizyagromachine.com\/tr\/product\/silage-baler\/\">silaj balyas\u0131 sarmalama makinesi<\/a>.<\/p>    <p>\u0130lginiz varsa, hemen bizimle ileti\u015fime ge\u00e7in!.<\/p>","protected":false},"excerpt":{"rendered":"<p>Taizy, \u00e7iftlikler ve yem fabrikalar\u0131 i\u00e7in profesyonel silaj hasat makineleri sunar. Verimli ve g\u00fcvenilir yem toplama i\u00e7in tekerlek veya paletli t\u00fcrler aras\u0131ndan se\u00e7im yap\u0131n. Y\u00fcksek verimlilik, dayan\u0131kl\u0131l\u0131k ve kaliteli yem \u00fcretimi i\u00e7in tasarlanm\u0131\u015ft\u0131r.<\/p>","protected":false},"author":1,"featured_media":8406,"parent":0,"template":"","tags":[235,116],"product-type":[19],"class_list":["post-8405","product","type-product","status-publish","has-post-thumbnail","hentry","tag-corn","tag-silage","product-type-silage-machine"],"_links":{"self":[{"href":"https:\/\/taizyagromachine.com\/tr\/wp-json\/wp\/v2\/product\/8405","targetHints":{"allow":["GET"]}}],"collection":[{"href":"https:\/\/taizyagromachine.com\/tr\/wp-json\/wp\/v2\/product"}],"about":[{"href":"https:\/\/taizyagromachine.com\/tr\/wp-json\/wp\/v2\/types\/product"}],"author":[{"embeddable":true,"href":"https:\/\/taizyagromachine.com\/tr\/wp-json\/wp\/v2\/users\/1"}],"wp:featuredmedia":[{"embeddable":true,"href":"https:\/\/taizyagromachine.com\/tr\/wp-json\/wp\/v2\/media\/8406"}],"wp:attachment":[{"href":"https:\/\/taizyagromachine.com\/tr\/wp-json\/wp\/v2\/media?parent=8405"}],"wp:term":[{"taxonomy":"post_tag","embeddable":true,"href":"https:\/\/taizyagromachine.com\/tr\/wp-json\/wp\/v2\/tags?post=8405"},{"taxonomy":"product-type","embeddable":true,"href":"https:\/\/taizyagromachine.com\/tr\/wp-json\/wp\/v2\/product-type?post=8405"}],"curies":[{"name":"wp","href":"https:\/\/api.w.org\/{rel}","templated":true}]}}