{"id":8541,"date":"2025-11-10T14:54:24","date_gmt":"2025-11-10T06:54:24","guid":{"rendered":"https:\/\/taizyagromachine.com\/?post_type=product&#038;p=8541"},"modified":"2025-11-10T16:01:01","modified_gmt":"2025-11-10T08:01:01","slug":"grain-and-grass-grinder-machine","status":"publish","type":"product","link":"https:\/\/taizyagromachine.com\/tr\/product\/grain-and-grass-grinder-machine\/","title":{"rendered":"Birle\u015fik tah\u0131l ve ot \u00f6\u011f\u00fct\u00fcc\u00fc makinesi"},"content":{"rendered":"<p class=\"translation-block\">Taizy <strong>ot \u00f6\u011f\u00fct\u00fcc\u00fc makinesi<\/strong>, silaj ezme ve tah\u0131l \u00f6\u011f\u00fctme \u00f6zelliklerini bir arada sunar, otlar\u0131 p\u00fcre haline getirirken m\u0131s\u0131r, bu\u011fday ve soya fasulyesini de \u00f6\u011f\u00fctebilir. Ot, 2-3mm partik\u00fcl boyutuyla homojen ve ince bir dokuya ula\u015f\u0131r, domuz, s\u0131\u011f\u0131r, koyun, tavuk, \u00f6rdek, kaz ve di\u011fer hayvanlar i\u00e7in idealdir.<\/p>    <p>Silo ezme makinesi, saatte 300-1500kg kapasiteye sahiptir ve kompakt yap\u0131s\u0131 ile basit kullan\u0131m sa\u011flar, elektrik motoru ve dizel motor se\u00e7enekleriyle esneklik sunar. Bu makine, tah\u0131l ve ot k\u0131rma i\u015flemlerinde verimli bir \u00e7\u00f6z\u00fcmd\u00fcr. Daha fazla bilgi i\u00e7in bizimle ileti\u015fime ge\u00e7in!<\/p>    <figure class=\"wp-block-embed is-type-video is-provider-youtube wp-block-embed-youtube wp-embed-aspect-16-9 wp-has-aspect-ratio\"><div class=\"wp-block-embed__wrapper\"> <iframe loading=\"lazy\" title=\"Verimli tah\u0131l ve ot \u00f6\u011f\u00fct\u00fcc\u00fc makinesi | Hayvan yemi \u00fcretimi i\u00e7in silaj ve m\u0131s\u0131r k\u0131r\u0131c\u0131\" width=\"500\" height=\"281\" src=\"https:\/\/www.youtube.com\/embed\/_2AgSC_yXXE?feature=oembed\" frameborder=\"0\" allow=\"accelerometer; autoplay; clipboard-write; encrypted-media; gyroscope; picture-in-picture; web-share\" referrerpolicy=\"strict-origin-when-cross-origin\" allowfullscreen><\/iframe> <\/div><figcaption class=\"wp-element-caption\">Ot \u00f6\u011f\u00fct\u00fcc\u00fc makinesinin videosu<\/figcaption><\/figure>    <h2 class=\"wp-block-heading\"><strong>Tah\u0131l ve ot \u00f6\u011f\u00fct\u00fcc\u00fc makinesinin avantajlar\u0131<\/strong><\/h2>    <ul class=\"wp-block-list\"> <li>Bizim saman par\u00e7alama makinemiz \u015funlar\u0131 i\u015fleyebilir <strong>300-1500kg\/s<\/strong>olduk\u00e7a verimlidir.<\/li>    <li>The <strong>incelik<\/strong> ezilmi\u015f ot miktar\u0131d\u0131r <strong>2-3mm<\/strong>, \u00e7ok ince toz kar\u0131\u015f\u0131m\u0131, k\u00fcmes hayvanlar\u0131, domuzlar vb. beslemek i\u00e7in iyi.<\/li>    <li> T\u00fcm bir arada ot \u00f6\u011f\u00fct\u00fcc\u00fc makinesi <strong>ot k\u0131rma ve tah\u0131l \u00f6\u011f\u00fctme birle\u015fir<\/strong>.<\/li>    <li>Yapabiliriz <strong>siklon ve \u00e7eki\u015f \u00e7er\u00e7evesini donat\u0131n<\/strong>, ve <strong>makine voltaj\u0131n\u0131, rengini \u00f6zelle\u015ftirin <\/strong>etc., to meet customers&#8217; demands.<\/li> <\/ul>    <figure class=\"wp-block-gallery has-nested-images columns-default is-cropped wp-block-gallery-2 is-layout-flex wp-block-gallery-is-layout-flex\"> <figure class=\"wp-block-image size-large\"><img loading=\"lazy\" decoding=\"async\" width=\"720\" height=\"540\" data-id=\"8548\" src=\"https:\/\/taizyagromachine.com\/wp-content\/uploads\/2025\/11\/combined-grain-milling-and-silage-grinder.webp\" alt=\"Birle\u015fik tah\u0131l \u00f6\u011f\u00fctme ve silaj \u00f6\u011f\u00fct\u00fcc\u00fc\" class=\"wp-image-8548\" srcset=\"https:\/\/taizyagromachine.com\/wp-content\/uploads\/2025\/11\/combined-grain-milling-and-silage-grinder.webp 720w, https:\/\/taizyagromachine.com\/wp-content\/uploads\/2025\/11\/combined-grain-milling-and-silage-grinder-16x12.webp 16w\" sizes=\"auto, (max-width: 720px) 100vw, 720px\" \/><figcaption class=\"wp-element-caption\">Birle\u015fik tah\u0131l \u00f6\u011f\u00fctme ve silaj \u00f6\u011f\u00fct\u00fcc\u00fc<\/figcaption><\/figure>    <figure class=\"wp-block-image size-large\"><img loading=\"lazy\" decoding=\"async\" width=\"720\" height=\"540\" data-id=\"8550\" src=\"https:\/\/taizyagromachine.com\/wp-content\/uploads\/2025\/11\/silage-pulping-machine-with-tractor.webp\" alt=\"Trakt\u00f6rl\u00fc silaj ezme makinesi\" class=\"wp-image-8550\" srcset=\"https:\/\/taizyagromachine.com\/wp-content\/uploads\/2025\/11\/silage-pulping-machine-with-tractor.webp 720w, https:\/\/taizyagromachine.com\/wp-content\/uploads\/2025\/11\/silage-pulping-machine-with-tractor-16x12.webp 16w\" sizes=\"auto, (max-width: 720px) 100vw, 720px\" \/><figcaption class=\"wp-element-caption\">Trakt\u00f6rl\u00fc silaj ezme makinesi<\/figcaption><\/figure> <\/figure>    <figure class=\"wp-block-gallery has-nested-images columns-default is-cropped wp-block-gallery-3 is-layout-flex wp-block-gallery-is-layout-flex\"> <figure class=\"wp-block-image size-large\"><img loading=\"lazy\" decoding=\"async\" width=\"328\" height=\"720\" data-id=\"8553\" src=\"https:\/\/taizyagromachine.com\/wp-content\/uploads\/2025\/11\/small-Napier-grass-grinder-machine.webp\" alt=\"K\u00fc\u00e7\u00fck Napier otu \u00f6\u011f\u00fct\u00fcc\u00fc makinesi\" class=\"wp-image-8553\" srcset=\"https:\/\/taizyagromachine.com\/wp-content\/uploads\/2025\/11\/small-Napier-grass-grinder-machine.webp 328w, https:\/\/taizyagromachine.com\/wp-content\/uploads\/2025\/11\/small-Napier-grass-grinder-machine-5x12.webp 5w\" sizes=\"auto, (max-width: 328px) 100vw, 328px\" \/><figcaption class=\"wp-element-caption\">K\u00fc\u00e7\u00fck Napier otu \u00f6\u011f\u00fct\u00fcc\u00fc makinesi<\/figcaption><\/figure>    <figure class=\"wp-block-image size-large\"><img loading=\"lazy\" decoding=\"async\" width=\"540\" height=\"720\" data-id=\"8552\" src=\"https:\/\/taizyagromachine.com\/wp-content\/uploads\/2025\/11\/grass-grinder-machine-with-cyclone.webp\" alt=\"K\u00fcl\u00e7eyle birlikte ot \u00f6\u011f\u00fct\u00fcc\u00fc makinesi\" class=\"wp-image-8552\" srcset=\"https:\/\/taizyagromachine.com\/wp-content\/uploads\/2025\/11\/grass-grinder-machine-with-cyclone.webp 540w, https:\/\/taizyagromachine.com\/wp-content\/uploads\/2025\/11\/grass-grinder-machine-with-cyclone-9x12.webp 9w\" sizes=\"auto, (max-width: 540px) 100vw, 540px\" \/><figcaption class=\"wp-element-caption\">K\u00fcl\u00e7eyle birlikte ot \u00f6\u011f\u00fct\u00fcc\u00fc makinesi<\/figcaption><\/figure>    <figure class=\"wp-block-image size-large\"><img loading=\"lazy\" decoding=\"async\" width=\"479\" height=\"720\" data-id=\"8551\" src=\"https:\/\/taizyagromachine.com\/wp-content\/uploads\/2025\/11\/crushed-grass.webp\" alt=\"ezilmi\u015f \u00e7im\" class=\"wp-image-8551\" srcset=\"https:\/\/taizyagromachine.com\/wp-content\/uploads\/2025\/11\/crushed-grass.webp 479w, https:\/\/taizyagromachine.com\/wp-content\/uploads\/2025\/11\/crushed-grass-8x12.webp 8w\" sizes=\"auto, (max-width: 479px) 100vw, 479px\" \/><figcaption class=\"wp-element-caption\">ezilmi\u015f \u00e7im<\/figcaption><\/figure> <\/figure>    <h2 class=\"wp-block-heading\"><strong>Birle\u015fik silaj ve m\u0131s\u0131r k\u0131r\u0131c\u0131 teknik verileri<\/strong><\/h2>    <figure class=\"wp-block-table\"><table class=\"has-fixed-layout\"><tbody><tr><td>Modeli<\/td><td>9RS-1000<\/td><td>9RS-1500<\/td><\/tr><tr><td>G\u00fc\u00e7<\/td><td>3-4kw motor<\/td><td>7.5kw motor veya 15hp dizel motor<\/td><\/tr><tr><td>Kapasite<\/td><td>300-1000kg\/h<\/td><td>1000-1500kg\/saat<\/td><\/tr><tr><td>Boyut<\/td><td>1200*600*1000mm<\/td><td>1800*1600*1150mm<\/td><\/tr><tr><td>Net a\u011f\u0131rl\u0131\u011f\u0131<\/td><td>90kg<\/td><td>310kg<\/td><\/tr><\/tbody><\/table><figcaption class=\"wp-element-caption\">Silaj ot ezme makinesi parametreleri<\/figcaption><\/figure>    <figure class=\"wp-block-gallery has-nested-images columns-default is-cropped wp-block-gallery-4 is-layout-flex wp-block-gallery-is-layout-flex\"> <figure class=\"wp-block-image size-large\"><img loading=\"lazy\" decoding=\"async\" width=\"540\" height=\"540\" data-id=\"8545\" src=\"https:\/\/taizyagromachine.com\/wp-content\/uploads\/2025\/11\/9RS-1000-grain-and-grass-grinding-machine.webp\" alt=\"9RS-1000 tah\u0131l ve ot \u00f6\u011f\u00fctme makinesi\" class=\"wp-image-8545\" srcset=\"https:\/\/taizyagromachine.com\/wp-content\/uploads\/2025\/11\/9RS-1000-grain-and-grass-grinding-machine.webp 540w, https:\/\/taizyagromachine.com\/wp-content\/uploads\/2025\/11\/9RS-1000-grain-and-grass-grinding-machine-12x12.webp 12w\" sizes=\"auto, (max-width: 540px) 100vw, 540px\" \/><figcaption class=\"wp-element-caption\">9RS-1000 tah\u0131l ve ot \u00f6\u011f\u00fctme makinesi<\/figcaption><\/figure>    <figure class=\"wp-block-image size-large\"><img loading=\"lazy\" decoding=\"async\" width=\"540\" height=\"540\" data-id=\"8546\" src=\"https:\/\/taizyagromachine.com\/wp-content\/uploads\/2025\/11\/9RS-1500-grass-cutting-and-grinding-machine.webp\" alt=\"9RS-1500 ot kesme ve \u00f6\u011f\u00fctme makinesi\" class=\"wp-image-8546\" srcset=\"https:\/\/taizyagromachine.com\/wp-content\/uploads\/2025\/11\/9RS-1500-grass-cutting-and-grinding-machine.webp 540w, https:\/\/taizyagromachine.com\/wp-content\/uploads\/2025\/11\/9RS-1500-grass-cutting-and-grinding-machine-12x12.webp 12w\" sizes=\"auto, (max-width: 540px) 100vw, 540px\" \/><figcaption class=\"wp-element-caption\">9RS-1500 ot kesme ve \u00f6\u011f\u00fctme makinesi<\/figcaption><\/figure> <\/figure>    <h2 class=\"wp-block-heading\"><strong>Tah\u0131l ve ot \u00f6\u011f\u00fct\u00fcc\u00fc makinesinin sat\u0131\u015f uygulamalar\u0131<\/strong><\/h2>    <p>Bu ekipman, b\u00fcy\u00fckba\u015f ve k\u00fc\u00e7\u00fckba\u015f hayvan \u00e7iftlikleri, yem i\u015fleme tesisleri, tar\u0131m kooperatifleri ve silaj \u00fcretim tesislerinde yayg\u0131n olarak kullan\u0131lmaktad\u0131r.<\/p>    <p>Uygun malzemeler \u00e7e\u015fitli silajlar ve tah\u0131llard\u0131r, \u00f6rne\u011fin saman, m\u0131s\u0131r saplar\u0131, Napier otu, m\u0131s\u0131r, m\u0131s\u0131r, soya fasulyesi, bu\u011fday saplar\u0131, pirin\u00e7 saplar\u0131 vb.<\/p>    <p>Ot \u00f6\u011f\u00fct\u00fcc\u00fc, kaba lifli yemleri tah\u0131llarla etkili bir \u015fekilde \u00f6\u011f\u00fct\u00fcp kar\u0131\u015ft\u0131r\u0131r, yem lezzetini ve besin emilim oranlar\u0131n\u0131 art\u0131r\u0131r. Modern yem i\u015fleme tesislerinde vazge\u00e7ilmez bir ekipmand\u0131r. Kuru veya \u0131slak malzemeleri i\u015flerken verimli \u00e7al\u0131\u015f\u0131r ve \u00e7ift\u00e7ilerin yem kendine yeterlili\u011fi sa\u011flamas\u0131na yard\u0131mc\u0131 olur.<\/p>   <div class=\"wp-block-image\"> <figure class=\"aligncenter size-full\"><img loading=\"lazy\" decoding=\"async\" width=\"720\" height=\"540\" src=\"https:\/\/taizyagromachine.com\/wp-content\/uploads\/2025\/11\/grass-cutting-grinder-machine.webp\" alt=\"Ot kesme \u00f6\u011f\u00fct\u00fcc\u00fc makinesi\" class=\"wp-image-8557\" srcset=\"https:\/\/taizyagromachine.com\/wp-content\/uploads\/2025\/11\/grass-cutting-grinder-machine.webp 720w, https:\/\/taizyagromachine.com\/wp-content\/uploads\/2025\/11\/grass-cutting-grinder-machine-16x12.webp 16w\" sizes=\"auto, (max-width: 720px) 100vw, 720px\" \/><figcaption class=\"wp-element-caption\">Ot kesme \u00f6\u011f\u00fct\u00fcc\u00fc makinesi<\/figcaption><\/figure> <\/div>   <h2 class=\"wp-block-heading\"><strong>Silo ezme makinesi nas\u0131l \u00e7al\u0131\u015f\u0131r?<\/strong><\/h2>    <p>Napier ot \u00f6\u011f\u00fct\u00fcc\u00fc makinesi, y\u00fcksek h\u0131zl\u0131 b\u0131\u00e7ak tak\u0131mlar\u0131n\u0131 kullanarak yem ve tah\u0131llar\u0131 keser ve \u00f6\u011f\u00fct\u00fcr. Malzemeler, besleme giri\u015finden makineye al\u0131n\u0131r ve h\u0131zla d\u00f6nen b\u0131\u00e7aklar taraf\u0131ndan p\u00fcre veya toz haline getirilir, ard\u0131ndan \u00e7\u0131k\u0131\u015ftan bo\u015falt\u0131l\u0131r. Basit kullan\u0131m ve d\u00fc\u015f\u00fck bak\u0131m maliyetleri ile \u00e7e\u015fitli \u00f6l\u00e7eklerde tar\u0131msal i\u015fletmelere uygundur.<\/p>    <figure class=\"wp-block-gallery has-nested-images columns-default is-cropped wp-block-gallery-5 is-layout-flex wp-block-gallery-is-layout-flex\"> <figure class=\"wp-block-image size-large\"><img loading=\"lazy\" decoding=\"async\" width=\"438\" height=\"540\" data-id=\"8554\" src=\"https:\/\/taizyagromachine.com\/wp-content\/uploads\/2025\/11\/grain-and-forage-pulping-machine.webp\" alt=\"Tah\u0131l ve yem ezme makinesi\" class=\"wp-image-8554\" srcset=\"https:\/\/taizyagromachine.com\/wp-content\/uploads\/2025\/11\/grain-and-forage-pulping-machine.webp 438w, https:\/\/taizyagromachine.com\/wp-content\/uploads\/2025\/11\/grain-and-forage-pulping-machine-10x12.webp 10w\" sizes=\"auto, (max-width: 438px) 100vw, 438px\" \/><figcaption class=\"wp-element-caption\">Tah\u0131l ve yem ezme makinesi<\/figcaption><\/figure>    <figure class=\"wp-block-image size-large\"><img loading=\"lazy\" decoding=\"async\" width=\"540\" height=\"540\" data-id=\"8555\" src=\"https:\/\/taizyagromachine.com\/wp-content\/uploads\/2025\/11\/internal-structure-of-grinder.webp\" alt=\"\u00d6\u011f\u00fct\u00fcc\u00fc i\u00e7 yap\u0131s\u0131\" class=\"wp-image-8555\" srcset=\"https:\/\/taizyagromachine.com\/wp-content\/uploads\/2025\/11\/internal-structure-of-grinder.webp 540w, https:\/\/taizyagromachine.com\/wp-content\/uploads\/2025\/11\/internal-structure-of-grinder-12x12.webp 12w\" sizes=\"auto, (max-width: 540px) 100vw, 540px\" \/><figcaption class=\"wp-element-caption\">\u00d6\u011f\u00fct\u00fcc\u00fc i\u00e7 yap\u0131s\u0131<\/figcaption><\/figure> <\/figure>    <h2 class=\"wp-block-heading\"><strong>What&#8217;s the price of Taizy grain and grass grinder machine<\/strong><\/h2>    <p>Yem de\u011firmeninin fiyat\u0131 \u00f6ncelikle makine modeli, g\u00fc\u00e7 kayna\u011f\u0131 (elektrikli motor veya dizel motor), \u00e7\u0131kt\u0131 konfig\u00fcrasyonu ve havza veya \u00e7eki\u015f \u00e7er\u00e7evesi i\u00e7erip i\u00e7ermedi\u011fine ba\u011fl\u0131d\u0131r. Daha k\u00fc\u00e7\u00fck modeller genellikle daha maliyet etkilidir, daha b\u00fcy\u00fck modeller y\u00fcksek \u00e7\u0131kt\u0131 ve s\u00fcrekli \u00e7al\u0131\u015fma deste\u011fi sa\u011flar. Taizy\u2019nin fabrika do\u011frudan sat\u0131\u015f modeli, m\u00fc\u015fterilere rekabet\u00e7i fiyatlar sunar, k\u00fcresel nakliye ve yedek par\u00e7a tedariki mevcuttur.<\/p>    <h2 class=\"wp-block-heading\"><strong>Taizy\u2019den nas\u0131l sipari\u015f verilir?<\/strong><\/h2>    <p>M\u00fc\u015fteriler, ihtiya\u00e7 duyduklar\u0131 \u00e7\u0131kt\u0131, g\u00fc\u00e7, uygulama ve \u00f6zelle\u015ftirme taleplerini do\u011frudan e-posta, WhatsApp\/WeChat veya resmi web sitemiz \u00fczerinden bizimle ileti\u015fime ge\u00e7erek iletebilir. En uygun modeli \u00f6nerecek ve detayl\u0131 fiyat teklifleri ile nakliye \u00e7\u00f6z\u00fcmleri sa\u011flayaca\u011f\u0131z. <\/p>    <p>Taizy Makine, k\u00fcresel m\u00fc\u015fterilere profesyonel sat\u0131\u015f \u00f6ncesi dan\u0131\u015fmanl\u0131k, teknik rehberlik ve sat\u0131\u015f sonras\u0131 hizmet sunarak, sorunsuz tedarik ve kullan\u0131m sa\u011flar.<\/p>    <p>Ayr\u0131ca, sat\u0131\u015fa sunulan di\u011fer silaj i\u015fleme ekipmanlar\u0131m\u0131z da mevcuttur, \u00f6rne\u011fin<\/p>    <ul class=\"wp-block-list\"> <li><a href=\"https:\/\/taizyagromachine.com\/tr\/product\/forage-chopper-machine\/\">Saman kesici<\/a><\/li>    <li><a href=\"https:\/\/taizyagromachine.com\/tr\/product\/straw-cutting-machine\/\">Ot do\u011frama ve yo\u011furma makinesi<\/a><\/li>    <li><a href=\"https:\/\/taizyagromachine.com\/tr\/product\/silage-baler\/\">Silaj balyas\u0131 sarma makinesi<\/a><\/li> <\/ul>    <p>Silo i\u015fleme makineleri ar\u0131yorsan\u0131z, hemen bizimle ileti\u015fime ge\u00e7in. En iyi \u00e7\u00f6z\u00fcm\u00fc sunaca\u011f\u0131z ve yem i\u015flerinize fayda sa\u011flayaca\u011f\u0131z.<\/p>","protected":false},"excerpt":{"rendered":"<p>Taizy Yem De\u011firmeni, yem ve tah\u0131llar\u0131 e\u015fit derecede ince, y\u00fcksek lezzetli par\u00e7alara \u00f6\u011f\u00fctebilen \u00e7ok y\u00f6nl\u00fc bir besleme i\u015fleme makinesidir. Birden fazla \u00f6zelle\u015ftirilebilir konfig\u00fcrasyonla, \u00e7iftlikte yem i\u015fleme i\u00e7in ideal bir \u00e7\u00f6z\u00fcmd\u00fcr.<\/p>","protected":false},"author":1,"featured_media":8543,"parent":0,"template":"","tags":[116],"product-type":[19],"class_list":["post-8541","product","type-product","status-publish","has-post-thumbnail","hentry","tag-silage","product-type-silage-machine"],"_links":{"self":[{"href":"https:\/\/taizyagromachine.com\/tr\/wp-json\/wp\/v2\/product\/8541","targetHints":{"allow":["GET"]}}],"collection":[{"href":"https:\/\/taizyagromachine.com\/tr\/wp-json\/wp\/v2\/product"}],"about":[{"href":"https:\/\/taizyagromachine.com\/tr\/wp-json\/wp\/v2\/types\/product"}],"author":[{"embeddable":true,"href":"https:\/\/taizyagromachine.com\/tr\/wp-json\/wp\/v2\/users\/1"}],"wp:featuredmedia":[{"embeddable":true,"href":"https:\/\/taizyagromachine.com\/tr\/wp-json\/wp\/v2\/media\/8543"}],"wp:attachment":[{"href":"https:\/\/taizyagromachine.com\/tr\/wp-json\/wp\/v2\/media?parent=8541"}],"wp:term":[{"taxonomy":"post_tag","embeddable":true,"href":"https:\/\/taizyagromachine.com\/tr\/wp-json\/wp\/v2\/tags?post=8541"},{"taxonomy":"product-type","embeddable":true,"href":"https:\/\/taizyagromachine.com\/tr\/wp-json\/wp\/v2\/product-type?post=8541"}],"curies":[{"name":"wp","href":"https:\/\/api.w.org\/{rel}","templated":true}]}}