{"id":8567,"date":"2025-11-19T16:53:20","date_gmt":"2025-11-19T08:53:20","guid":{"rendered":"https:\/\/taizyagromachine.com\/?post_type=product&#038;p=8567"},"modified":"2025-11-19T17:25:01","modified_gmt":"2025-11-19T09:25:01","slug":"hay-bale-shredder","status":"publish","type":"product","link":"https:\/\/taizyagromachine.com\/tr\/product\/hay-bale-shredder\/","title":{"rendered":"Saman balyas\u0131 k\u0131r\u0131c\u0131"},"content":{"rendered":"<p class=\"translation-block\">Taizy <strong>saman balyas\u0131 par\u00e7alama makinesi<\/strong> saman balyas\u0131, ot balyas\u0131 veya saman\u0131 3-10cm k\u00fc\u00e7\u00fck par\u00e7alara k\u0131r\u0131p \u00f6\u011f\u00fctebilir. B\u00fcy\u00fck hayvanc\u0131l\u0131k \u00e7iftliklerinde ot ve saman i\u015fleme i\u00e7in kullan\u0131l\u0131r ve saatte 2-18 ton kapasiteye sahiptir. Bu saman balyas\u0131 \u00f6\u011f\u00fct\u00fcc\u00fc genellikle elektrik motoru kullan\u0131r ve iki bo\u015faltma yolu (\u00fcst veya alt bo\u015faltma) bulunur. Ayr\u0131ca, makine bir \u00e7ekme \u00e7er\u00e7evesi ve lastiklere sahiptir, kolayca hareket ettirilebilir. Hayvanc\u0131l\u0131k \u00e7iftlikleri i\u00e7in, balyalar\u0131n i\u015flenmesi a\u00e7\u0131s\u0131ndan idealdir.<\/p>    <figure class=\"wp-block-embed is-type-video is-provider-youtube wp-block-embed-youtube wp-embed-aspect-16-9 wp-has-aspect-ratio\"><div class=\"wp-block-embed__wrapper\"> <iframe loading=\"lazy\" title=\"Hay bale crusher | Grass bale shredder working test: complete straw &amp; hay bale crusher solution\" width=\"500\" height=\"281\" src=\"https:\/\/www.youtube.com\/embed\/22SeCz3fZuo?feature=oembed\" frameborder=\"0\" allow=\"accelerometer; autoplay; clipboard-write; encrypted-media; gyroscope; picture-in-picture; web-share\" referrerpolicy=\"strict-origin-when-cross-origin\" allowfullscreen><\/iframe> <\/div><figcaption class=\"wp-element-caption\">saman balyas\u0131 k\u0131r\u0131c\u0131 \u00e7al\u0131\u015fma videosu<\/figcaption><\/figure>    <h2 class=\"wp-block-heading\"><strong>Taizy elektrikli saman balyas\u0131 k\u0131r\u0131c\u0131 uygulamalar\u0131<\/strong><\/h2>    <p>Saman balyas\u0131 par\u00e7alama makinesi, yuvarlak veya kare yem balyalar\u0131n\u0131 h\u0131zla par\u00e7alay\u0131p uniform yem haline getirmek i\u00e7in kullan\u0131l\u0131r. Uygun oldu\u011fu alanlar:<\/p>    <ul class=\"wp-block-list\"> <li>S\u0131\u011f\u0131r, koyun, at ve develer gibi gevi\u015f getirenleri besleme<\/li>    <li>Silaj, saman, yonca, saman ve di\u011fer malzemelerin \u00f6n i\u015flenmesi<\/li>    <li>TMR kar\u0131\u015ft\u0131r\u0131c\u0131 \u00f6n i\u015flemi<\/li>    <li>\u00c7im tozu i\u015fleme ve yem de\u011firmeni hammaddesi k\u0131rma<\/li> <\/ul>    <p>Taizy k\u00fc\u00e7\u00fck saman balyas\u0131 do\u011fray\u0131c\u0131s\u0131, ayn\u0131 anda 2000\u201318000kg balyay\u0131 i\u015fleyebilir, onlar\u0131 3-10cm par\u00e7alara ay\u0131r\u0131r, saman liflerine zarar vermez, daha iyi yeme yapabilir.<\/p>   <div class=\"wp-block-image\"> <figure class=\"aligncenter size-full\"><img loading=\"lazy\" decoding=\"async\" width=\"720\" height=\"540\" src=\"https:\/\/taizyagromachine.com\/wp-content\/uploads\/2025\/11\/applications-of-straw-hay-bale-grinder.webp\" alt=\"saman balyas\u0131 k\u0131r\u0131c\u0131 uygulamalar\u0131\" class=\"wp-image-8571\" srcset=\"https:\/\/taizyagromachine.com\/wp-content\/uploads\/2025\/11\/applications-of-straw-hay-bale-grinder.webp 720w, https:\/\/taizyagromachine.com\/wp-content\/uploads\/2025\/11\/applications-of-straw-hay-bale-grinder-16x12.webp 16w\" sizes=\"auto, (max-width: 720px) 100vw, 720px\" \/><figcaption class=\"wp-element-caption\">saman balyas\u0131 k\u0131r\u0131c\u0131 uygulamalar\u0131<\/figcaption><\/figure> <\/div>   <p>Ayr\u0131ca, bu disk k\u0131r\u0131c\u0131 geni\u015f \u00e7apta kullan\u0131l\u0131r:<\/p>    <ul class=\"wp-block-list\"> <li>B\u00fcy\u00fck \u00e7iftlikler (s\u0131\u011f\u0131r \u00e7iftlikleri, koyun \u00e7iftlikleri, deve \u00e7iftlikleri) <ul class=\"wp-block-list\"> <li>G\u00fcnl\u00fck b\u00fcy\u00fck miktarda yem i\u015fleme, h\u0131z ve i\u015f\u00e7ilik tasarrufu gerektirir.<\/li> <\/ul> <\/li>    <li>Besleme i\u015fleme tesisleri <ul class=\"wp-block-list\"> <li>Yem \u00f6\u011f\u00fctme ve yem kar\u0131\u015ft\u0131rma i\u00e7in \u00f6n ad\u0131m olarak.<\/li> <\/ul> <\/li>    <li>Tar\u0131m kooperatifleri <ul class=\"wp-block-list\"> <li>Yerel \u00e7ift\u00e7ilere balya \u00f6\u011f\u00fctme hizmetleri sunar.<\/li> <\/ul> <\/li>    <li>TMR yem kar\u0131\u015ft\u0131r\u0131c\u0131 entegrasyonu <ul class=\"wp-block-list\"> <li>K\u0131r\u0131lm\u0131\u015f yemleri TMR kar\u0131\u015f\u0131mlar\u0131na katmak, beslenme etkinli\u011fini art\u0131r\u0131r.<\/li> <\/ul> <\/li> <\/ul>    <h2 class=\"wp-block-heading\"><strong>Disk ot ve saman balyas\u0131 k\u0131r\u0131c\u0131 avantajlar\u0131<\/strong><\/h2>    <ul class=\"wp-block-list\"> <li>Bu olabilir <strong>yuvarlak ve kare balyalar\u0131, samanlar\u0131, saplar\u0131 vb. tutmak<\/strong>, ve t\u00fcm balya t\u00fcrlerine uyum sa\u011flar, \u00e7iftlikteki t\u00fcm yem i\u015fleme ihtiya\u00e7lar\u0131n\u0131 tek bir makineyle kar\u015f\u0131lar.<\/li>    <li>Makinedeki \u00e7eki\u00e7ler <strong>65Mn malzemeden yap\u0131lm\u0131\u015ft\u0131r<\/strong>, y\u00fcksek sertlikte ve a\u015f\u0131nmaya dayan\u0131kl\u0131, iletim sa\u011flar <strong>0'dan fazla daha h\u0131zl\u0131 par\u00e7alama<\/strong> geleneksel makinelerden daha iyi.<\/li>    <li>Saman balyas\u0131 k\u0131r\u0131c\u0131 \u00f6zellikleri <strong>varil besleme giri\u015fi<\/strong>, ve onun <strong>a\u011f\u0131r hizmet zincirli konvey\u00f6r<\/strong> Yo\u011fun balyalar\u0131 zahmetsizce par\u00e7alar.<\/li>    <li>T\u00fcm \u00fcnite <strong>kal\u0131nla\u015ft\u0131r\u0131lm\u0131\u015f \u00e7elik levhalar(5mm)<\/strong> ve de\u011fi\u015ftirilebilir \u00e7eki\u00e7ler, uzun s\u00fcreli ve y\u00fcksek yo\u011funluklu kullan\u0131ma uygundur.<\/li>    <li>Son \u00fcr\u00fcn \u00f6l\u00e7\u00fcs\u00fc <strong>3-10cm<\/strong>, hayvan t\u00fcr\u00fcne g\u00f6re ayarlanabilir. \u00d6rne\u011fin, 2\u20133cm (koyun), 3\u20135cm (s\u0131\u011f\u0131r), 5\u20138cm (at) vb.<\/li>    <li>Onun <strong>\u00c7\u0131k\u0131\u015f aral\u0131\u011f\u0131 saatte 2 ila 18 ton aras\u0131nda de\u011fi\u015fir<\/strong>, ve ihtiya\u00e7lar\u0131n\u0131za g\u00f6re se\u00e7im yapabilirsiniz.<\/li> <\/ul>    <figure class=\"wp-block-gallery has-nested-images columns-default is-cropped wp-block-gallery-2 is-layout-flex wp-block-gallery-is-layout-flex\"> <figure class=\"wp-block-image size-large\"><img loading=\"lazy\" decoding=\"async\" width=\"720\" height=\"540\" data-id=\"8578\" src=\"https:\/\/taizyagromachine.com\/wp-content\/uploads\/2025\/11\/quality-hay-bale-chopper-for-sale.webp\" alt=\"Sat\u0131l\u0131k kaliteli yem balyas\u0131 do\u011fray\u0131c\u0131\" class=\"wp-image-8578\" srcset=\"https:\/\/taizyagromachine.com\/wp-content\/uploads\/2025\/11\/quality-hay-bale-chopper-for-sale.webp 720w, https:\/\/taizyagromachine.com\/wp-content\/uploads\/2025\/11\/quality-hay-bale-chopper-for-sale-16x12.webp 16w\" sizes=\"auto, (max-width: 720px) 100vw, 720px\" \/><figcaption class=\"wp-element-caption\">Sat\u0131l\u0131k kaliteli yem balyas\u0131 do\u011fray\u0131c\u0131<\/figcaption><\/figure>    <figure class=\"wp-block-image size-large\"><img loading=\"lazy\" decoding=\"async\" width=\"720\" height=\"540\" data-id=\"8579\" src=\"https:\/\/taizyagromachine.com\/wp-content\/uploads\/2025\/11\/straw-bale-shredder-from-Taizy.webp\" alt=\"Taizy&#039;den saman balyas\u0131 par\u00e7alama makinesi\" class=\"wp-image-8579\" srcset=\"https:\/\/taizyagromachine.com\/wp-content\/uploads\/2025\/11\/straw-bale-shredder-from-Taizy.webp 720w, https:\/\/taizyagromachine.com\/wp-content\/uploads\/2025\/11\/straw-bale-shredder-from-Taizy-16x12.webp 16w\" sizes=\"auto, (max-width: 720px) 100vw, 720px\" \/><figcaption class=\"wp-element-caption\">Taizy'den saman balyas\u0131 par\u00e7alama makinesi<\/figcaption><\/figure> <\/figure>    <h2 class=\"wp-block-heading\"><strong>Yuvarlak saman balyas\u0131 k\u0131r\u0131c\u0131 teknik parametreleri<\/strong><\/h2>    <figure class=\"wp-block-table\"><table class=\"has-fixed-layout\"><tbody><tr><td>Modeli<\/td><td>E\u015fle\u015fen g\u00fc\u00e7<\/td><td>Kapasite<\/td><td>K\u0131rma boyutu<\/td><td>A\u011f\u0131rl\u0131k<\/td><\/tr><tr><td>9FL-200<\/td><td>22KW<\/td><td>2-3 ton\/saat<\/td><td>3-10cm<\/td><td>1.1T<\/td><\/tr><tr><td>9FL-240<\/td><td>37KW<\/td><td>5-8t\/h<\/td><td>3-10cm<\/td><td>2T<\/td><\/tr><tr><td>9FL-260<\/td><td>75KW<\/td><td>6-10t\/h<\/td><td>3-10cm<\/td><td>3t<\/td><\/tr><tr><td>9FL-300<\/td><td>90-110KW<\/td><td>8-12t\/h<\/td><td>3-10cm<\/td><td>6T<\/td><\/tr><tr><td>9FL-350<\/td><td>55KW(\u00e7ift)<\/td><td>12-18t\/h<\/td><td>3-10cm<\/td><td>8T<\/td><\/tr><\/tbody><\/table><figcaption class=\"wp-element-caption\">saman balyas\u0131 k\u0131r\u0131c\u0131 \u00f6zellikleri<\/figcaption><\/figure>    <h2 class=\"wp-block-heading\"><strong>Farkl\u0131 saman balyas\u0131 k\u0131r\u0131c\u0131 t\u00fcrleri<\/strong><\/h2>    <p>Farkl\u0131 konfig\u00fcrasyonlara g\u00f6re birka\u00e7 t\u00fcre ayr\u0131labilir:<\/p>    <ul class=\"wp-block-list\"> <li>\u00dcst bo\u015faltmal\u0131 saman balyas\u0131 k\u0131r\u0131c\u0131<\/li>    <li>Alt bo\u015faltmal\u0131 saman balyas\u0131 k\u0131r\u0131c\u0131<\/li>    <li>K\u00fcme siklonlu saman balyas\u0131 de\u011firmeni<\/li>    <li>Traction \u00e7er\u00e7evesi ve lastiklerle saman balyas\u0131 k\u0131r\u0131c\u0131<\/li> <\/ul>    <div class=\"wp-block-columns is-layout-flex wp-container-core-columns-is-layout-9d6595d7 wp-block-columns-is-layout-flex\"> <div class=\"wp-block-column is-layout-flow wp-block-column-is-layout-flow\"> <figure class=\"wp-block-image size-full\"><img loading=\"lazy\" decoding=\"async\" width=\"720\" height=\"540\" src=\"https:\/\/taizyagromachine.com\/wp-content\/uploads\/2025\/11\/hay-bale-crusher-with-upper-discharge.webp\" alt=\"\u00dcst \u00e7\u0131k\u0131\u015fl\u0131 yem balyas\u0131 k\u0131r\u0131c\u0131\" class=\"wp-image-8573\" srcset=\"https:\/\/taizyagromachine.com\/wp-content\/uploads\/2025\/11\/hay-bale-crusher-with-upper-discharge.webp 720w, https:\/\/taizyagromachine.com\/wp-content\/uploads\/2025\/11\/hay-bale-crusher-with-upper-discharge-16x12.webp 16w\" sizes=\"auto, (max-width: 720px) 100vw, 720px\" \/><figcaption class=\"wp-element-caption\">\u00dcst \u00e7\u0131k\u0131\u015fl\u0131 yem balyas\u0131 k\u0131r\u0131c\u0131<\/figcaption><\/figure> <\/div>    <div class=\"wp-block-column is-layout-flow wp-block-column-is-layout-flow\"> <figure class=\"wp-block-image size-full\"><img loading=\"lazy\" decoding=\"async\" width=\"720\" height=\"540\" src=\"https:\/\/taizyagromachine.com\/wp-content\/uploads\/2025\/11\/hay-bale-shredder-with-bottom-discharge.webp\" alt=\"Alt \u00e7\u0131k\u0131\u015fl\u0131 yem balyas\u0131 par\u00e7alama makinesi\" class=\"wp-image-8574\" srcset=\"https:\/\/taizyagromachine.com\/wp-content\/uploads\/2025\/11\/hay-bale-shredder-with-bottom-discharge.webp 720w, https:\/\/taizyagromachine.com\/wp-content\/uploads\/2025\/11\/hay-bale-shredder-with-bottom-discharge-16x12.webp 16w\" sizes=\"auto, (max-width: 720px) 100vw, 720px\" \/><figcaption class=\"wp-element-caption\">Alt \u00e7\u0131k\u0131\u015fl\u0131 yem balyas\u0131 par\u00e7alama makinesi<\/figcaption><\/figure> <\/div> <\/div>    <div class=\"wp-block-columns is-layout-flex wp-container-core-columns-is-layout-9d6595d7 wp-block-columns-is-layout-flex\"> <div class=\"wp-block-column is-layout-flow wp-block-column-is-layout-flow\"> <figure class=\"wp-block-image size-full\"><img loading=\"lazy\" decoding=\"async\" width=\"720\" height=\"540\" src=\"https:\/\/taizyagromachine.com\/wp-content\/uploads\/2025\/11\/hay-bale-grinder-with-cyclone.webp\" alt=\"Havaland\u0131rmal\u0131 yem balyas\u0131 de\u011firmeni\" class=\"wp-image-8576\" srcset=\"https:\/\/taizyagromachine.com\/wp-content\/uploads\/2025\/11\/hay-bale-grinder-with-cyclone.webp 720w, https:\/\/taizyagromachine.com\/wp-content\/uploads\/2025\/11\/hay-bale-grinder-with-cyclone-16x12.webp 16w\" sizes=\"auto, (max-width: 720px) 100vw, 720px\" \/><figcaption class=\"wp-element-caption\">Havaland\u0131rmal\u0131 yem balyas\u0131 de\u011firmeni<\/figcaption><\/figure> <\/div>    <div class=\"wp-block-column is-layout-flow wp-block-column-is-layout-flow\"> <figure class=\"wp-block-image size-full\"><img loading=\"lazy\" decoding=\"async\" width=\"720\" height=\"540\" src=\"https:\/\/taizyagromachine.com\/wp-content\/uploads\/2025\/11\/straw-bale-crusher-with-traction-and-tires.webp\" alt=\"\u00c7eki\u015f ve lastiklerle donat\u0131lm\u0131\u015f saman balyas\u0131 k\u0131r\u0131c\u0131\" class=\"wp-image-8577\" srcset=\"https:\/\/taizyagromachine.com\/wp-content\/uploads\/2025\/11\/straw-bale-crusher-with-traction-and-tires.webp 720w, https:\/\/taizyagromachine.com\/wp-content\/uploads\/2025\/11\/straw-bale-crusher-with-traction-and-tires-16x12.webp 16w\" sizes=\"auto, (max-width: 720px) 100vw, 720px\" \/><figcaption class=\"wp-element-caption\">\u00c7eki\u015f ve lastiklerle donat\u0131lm\u0131\u015f saman balyas\u0131 k\u0131r\u0131c\u0131<\/figcaption><\/figure> <\/div> <\/div>    <h2 class=\"wp-block-heading\"><strong>Taizy yuvarlak saman balyas\u0131 do\u011fray\u0131c\u0131 nas\u0131l \u00e7al\u0131\u015f\u0131r?<\/strong><\/h2>    <p>Taizy yuvarlak saman balyas\u0131 k\u0131r\u0131c\u0131, yo\u011fun balyalar\u0131 h\u0131zla uniform yem haline getirmek i\u00e7in y\u00fcksek verimli y\u0131rtma ve par\u00e7alama sistemini kullan\u0131r. Genel i\u015f ak\u0131\u015f\u0131 \u015fu \u015fekildedir:<\/p>    <ol class=\"wp-block-list\"> <li>Yemi veya saman\u0131 besleme giri\u015fine koyun.<\/li>    <li>Balya\/saman\u0131 \u00e7eki\u00e7lerle k\u0131r\u0131p yo\u011furun.<\/li>    <li>\u00c7\u0131k\u0131\u015ftan k\u00fc\u00e7\u00fck par\u00e7alar\u0131 bo\u015falt\u0131r.<\/li> <\/ol>    <h2 class=\"wp-block-heading\"><strong>Saman balyas\u0131 k\u0131r\u0131c\u0131 fiyat\u0131 nedir?<\/strong><\/h2>    <p>Saman balyas\u0131 par\u00e7alama makinesinin fiyat\u0131n\u0131 etkileyen fakt\u00f6rler:<\/p>    <ul class=\"wp-block-list\"> <li>Saman balyas\u0131 kapasitesi<\/li>    <li>G\u00fc\u00e7 kayna\u011f\u0131 tipi (elektrikli motor\/dizel motor)<\/li>    <li>\u00c7ekme \u00e7er\u00e7evesi, konvey\u00f6r band\u0131, \u00f6zel renk veya voltaj gereksinimi<\/li>    <li>TMR veya di\u011fer ekipmanlarla entegrasyon<\/li> <\/ul>    <p>Tek bir \u00f6zellik fark\u0131 bile makinenin fiyat\u0131n\u0131 etkiler. Ayr\u0131nt\u0131l\u0131 fiyat bilgisi i\u00e7in l\u00fctfen bizimle ileti\u015fime ge\u00e7mekten \u00e7ekinmeyin. Size \u00f6zel gereksinimlerinize g\u00f6re detayl\u0131 bir teklif sunaca\u011f\u0131z.<\/p>    <h2 class=\"wp-block-heading\"><strong>M\u00fc\u015fteri ziyareti: Taizy saman balyas\u0131 k\u0131r\u0131c\u0131 fabrika turu<\/strong><\/h2>    <p>Son zamanlarda, yurtd\u0131\u015f\u0131ndaki m\u00fc\u015fteriler Taizy fabrikas\u0131n\u0131 ziyaret etti ve turlar\u0131n\u0131 bizim saman balyas\u0131 par\u00e7alama hatt\u0131m\u0131za odaklad\u0131. Sahada, ekipman yap\u0131s\u0131, b\u0131\u00e7ak malzemeleri ve g\u00fc\u00e7 konfig\u00fcrasyonlar\u0131 gibi anahtar detaylar\u0131 incelediler ve canl\u0131 par\u00e7alama g\u00f6sterimleri izlediler. Makinenin verimlili\u011fi ve bitmi\u015f \u00fcr\u00fcn\u00fcn inceli\u011fi konusunda y\u00fcksek memnuniyetlerini dile getirdiler. Bu ziyaret, m\u00fc\u015fterilerin Taizy\u2019nin \u00fcretim kabiliyetlerini daha da peki\u015ftirdi ve gelecekteki i\u015fbirli\u011fi i\u00e7in g\u00fc\u00e7l\u00fc bir temel olu\u015fturdu.<\/p>    <figure class=\"wp-block-gallery has-nested-images columns-default is-cropped wp-block-gallery-3 is-layout-flex wp-block-gallery-is-layout-flex\"> <figure class=\"wp-block-image size-large\"><img loading=\"lazy\" decoding=\"async\" width=\"720\" height=\"540\" data-id=\"8582\" src=\"https:\/\/taizyagromachine.com\/wp-content\/uploads\/2025\/11\/hay-bale-tub-grinder-customer-visit.webp\" alt=\"Yem balyas\u0131 k\u00fcvetli de\u011firmen m\u00fc\u015fteri ziyareti\" class=\"wp-image-8582\" srcset=\"https:\/\/taizyagromachine.com\/wp-content\/uploads\/2025\/11\/hay-bale-tub-grinder-customer-visit.webp 720w, https:\/\/taizyagromachine.com\/wp-content\/uploads\/2025\/11\/hay-bale-tub-grinder-customer-visit-16x12.webp 16w\" sizes=\"auto, (max-width: 720px) 100vw, 720px\" \/><figcaption class=\"wp-element-caption\">Yem balyas\u0131 k\u00fcvetli de\u011firmen m\u00fc\u015fteri ziyareti<\/figcaption><\/figure>    <figure class=\"wp-block-image size-large\"><img loading=\"lazy\" decoding=\"async\" width=\"720\" height=\"540\" data-id=\"8583\" src=\"https:\/\/taizyagromachine.com\/wp-content\/uploads\/2025\/11\/straw-hay-bale-shredder-factory-visit.webp\" alt=\"Saman yem balyas\u0131 k\u0131r\u0131c\u0131 fabrikas\u0131 ziyareti\" class=\"wp-image-8583\" srcset=\"https:\/\/taizyagromachine.com\/wp-content\/uploads\/2025\/11\/straw-hay-bale-shredder-factory-visit.webp 720w, https:\/\/taizyagromachine.com\/wp-content\/uploads\/2025\/11\/straw-hay-bale-shredder-factory-visit-16x12.webp 16w\" sizes=\"auto, (max-width: 720px) 100vw, 720px\" \/><figcaption class=\"wp-element-caption\">Saman yem balyas\u0131 k\u0131r\u0131c\u0131 fabrikas\u0131 ziyareti<\/figcaption><\/figure> <\/figure>    <h2 class=\"wp-block-heading\"><strong>K\u00fc\u00e7\u00fck yem balyas\u0131 t\u00fcp de\u011firmeni i\u00e7in ekipman konfig\u00fcrasyonu<\/strong><\/h2>    <p>Profesyonel tar\u0131m makineleri \u00fcreticisi ve tedarik\u00e7isi olarak, kolay balya i\u015fleme i\u00e7in farkl\u0131 konfig\u00fcrasyonlar sa\u011flayabiliriz, \u00f6rne\u011fin<\/p>    <ul class=\"wp-block-list\"> <li>Saman balyas\u0131 k\u0131r\u0131c\u0131\u2192baler<\/li>    <li>\u2192 saman balyas\u0131 k\u0131r\u0131c\u0131<a href=\"https:\/\/taizyagromachine.com\/tr\/product\/silage-spreader-feed-spreader-mixer\/\">silaj yem yay\u0131c\u0131<\/a><\/li>    <li>Yem balyas\u0131 de\u011firmeni\u2192toz toplama cihaz\u0131<\/li> <\/ul>   <div class=\"wp-block-image\"> <figure class=\"aligncenter size-full\"><img loading=\"lazy\" decoding=\"async\" width=\"720\" height=\"290\" src=\"https:\/\/taizyagromachine.com\/wp-content\/uploads\/2025\/11\/hay-bale-shredder-and-hydraulic-bagging-machine.webp\" alt=\"saman balyas\u0131 k\u0131r\u0131c\u0131 ve hidrolik torbalama makinesi\" class=\"wp-image-8572\" srcset=\"https:\/\/taizyagromachine.com\/wp-content\/uploads\/2025\/11\/hay-bale-shredder-and-hydraulic-bagging-machine.webp 720w, https:\/\/taizyagromachine.com\/wp-content\/uploads\/2025\/11\/hay-bale-shredder-and-hydraulic-bagging-machine-18x7.webp 18w\" sizes=\"auto, (max-width: 720px) 100vw, 720px\" \/><figcaption class=\"wp-element-caption\">saman balyas\u0131 k\u0131r\u0131c\u0131 ve hidrolik torbalama makinesi<\/figcaption><\/figure> <\/div>  <div class=\"wp-block-image\"> <figure class=\"aligncenter size-full\"><img loading=\"lazy\" decoding=\"async\" width=\"720\" height=\"290\" src=\"https:\/\/taizyagromachine.com\/wp-content\/uploads\/2025\/11\/straw-bale-chopper-with-dust-collector.webp\" alt=\"Toz toplama cihazl\u0131 saman balyas\u0131 do\u011fray\u0131c\u0131\" class=\"wp-image-8581\" srcset=\"https:\/\/taizyagromachine.com\/wp-content\/uploads\/2025\/11\/straw-bale-chopper-with-dust-collector.webp 720w, https:\/\/taizyagromachine.com\/wp-content\/uploads\/2025\/11\/straw-bale-chopper-with-dust-collector-18x7.webp 18w\" sizes=\"auto, (max-width: 720px) 100vw, 720px\" \/><figcaption class=\"wp-element-caption\">Toz toplama cihazl\u0131 saman balyas\u0131 do\u011fray\u0131c\u0131<\/figcaption><\/figure> <\/div>   <h2 class=\"wp-block-heading\"><strong>Neden bizim saman balyas\u0131 k\u0131r\u0131c\u0131y\u0131 se\u00e7melisiniz?<\/strong><\/h2>    <ul class=\"wp-block-list\"> <li>\u2714 22 y\u0131l makine uzmanl\u0131\u011f\u0131, d\u00fcnya genelinde 80'den fazla \u00fclkeye ihra\u00e7 edilmi\u015ftir<\/li>    <li>\u2714 \u00d6zelle\u015ftirme mevcut (renk, voltaj, g\u00fc\u00e7 kayna\u011f\u0131, bo\u015faltma yap\u0131s\u0131)<\/li>    <li>\u2714 Test \u00e7al\u0131\u015fma videolar\u0131   fabrika test raporlar\u0131 sa\u011flar<\/li>    <li>\u2714 Yedek par\u00e7a tedariki bol ve sat\u0131\u015f sonras\u0131 h\u0131zl\u0131 destek<\/li>    <li>\u2714 Tam otlatma ekipmanlar\u0131 setiyle e\u015fle\u015ftirilebilir (baler, yem da\u011f\u0131t\u0131c\u0131 vb.)<\/li> <\/ul>    <figure class=\"wp-block-gallery aligncenter has-nested-images columns-default is-cropped wp-block-gallery-4 is-layout-flex wp-block-gallery-is-layout-flex\"> <figure class=\"wp-block-image size-full\"><img loading=\"lazy\" decoding=\"async\" width=\"720\" height=\"540\" data-id=\"8587\" src=\"https:\/\/taizyagromachine.com\/wp-content\/uploads\/2025\/11\/round-hay-bale-crusher-manufacturer.webp\" alt=\"Yuvarlak yem balyas\u0131 k\u0131r\u0131c\u0131 \u00fcreticisi\" class=\"wp-image-8587\" srcset=\"https:\/\/taizyagromachine.com\/wp-content\/uploads\/2025\/11\/round-hay-bale-crusher-manufacturer.webp 720w, https:\/\/taizyagromachine.com\/wp-content\/uploads\/2025\/11\/round-hay-bale-crusher-manufacturer-16x12.webp 16w\" sizes=\"auto, (max-width: 720px) 100vw, 720px\" \/><figcaption class=\"wp-element-caption\">Yuvarlak yem balyas\u0131 k\u0131r\u0131c\u0131 \u00fcreticisi<\/figcaption><\/figure>    <figure class=\"wp-block-image size-full\"><img loading=\"lazy\" decoding=\"async\" width=\"720\" height=\"540\" data-id=\"8585\" src=\"https:\/\/taizyagromachine.com\/wp-content\/uploads\/2025\/11\/hay-grass-straw-bale-shredder-delivery.webp\" alt=\"Yem, \u00e7im, saman balyas\u0131 par\u00e7alama makinesi teslimat\u0131\" class=\"wp-image-8585\" srcset=\"https:\/\/taizyagromachine.com\/wp-content\/uploads\/2025\/11\/hay-grass-straw-bale-shredder-delivery.webp 720w, https:\/\/taizyagromachine.com\/wp-content\/uploads\/2025\/11\/hay-grass-straw-bale-shredder-delivery-16x12.webp 16w\" sizes=\"auto, (max-width: 720px) 100vw, 720px\" \/><figcaption class=\"wp-element-caption\">Yem, \u00e7im, saman balyas\u0131 par\u00e7alama makinesi teslimat\u0131<\/figcaption><\/figure> <\/figure>    <h2 class=\"wp-block-heading\"><strong>Taizy kare ve yuvarlak saman balyas\u0131 de\u011firmenini nas\u0131l sat\u0131n alabilirim?<\/strong><\/h2>    <p>Fiyatland\u0131rma, \u00f6zellikler, nakliye maliyetleri veya videolar i\u00e7in bizimle ileti\u015fime ge\u00e7in:<\/p>    <ul class=\"wp-block-list\"> <li>\ud83d\udce9 E-posta: info@taizyagromachine.com<\/li>    <li>\ud83d\udcde WhatsApp: <a href=\"https:\/\/wa.me\/+8613673689272\" target=\"_blank\" rel=\"noopener\">+86 136 7368 9272<\/a><\/li>    <li>\ud83c\udf10 Web Sitesi: <a href=\"https:\/\/taizyagromachine.com\/tr\/\">www.taizyagromachine.com<\/a><\/li> <\/ul>    <p>Bir saat i\u00e7inde teklif ve teknik \u00f6neri iletece\u011fiz.<\/p>","protected":false},"excerpt":{"rendered":"<p>Taizy yem balyas\u0131 k\u0131r\u0131c\u0131, saman balyas\u0131 veya saman\u0131 3-10cm k\u00fc\u00e7\u00fck par\u00e7alara k\u0131rar ve \u00f6\u011f\u00fct\u00fcr, saatte 2-18 ton kapasiteyle b\u00fcy\u00fck hayvanc\u0131l\u0131k \u00e7iftliklerinde kullan\u0131l\u0131r.<\/p>","protected":false},"author":1,"featured_media":8570,"parent":0,"template":"","tags":[116],"product-type":[19],"class_list":["post-8567","product","type-product","status-publish","has-post-thumbnail","hentry","tag-silage","product-type-silage-machine"],"_links":{"self":[{"href":"https:\/\/taizyagromachine.com\/tr\/wp-json\/wp\/v2\/product\/8567","targetHints":{"allow":["GET"]}}],"collection":[{"href":"https:\/\/taizyagromachine.com\/tr\/wp-json\/wp\/v2\/product"}],"about":[{"href":"https:\/\/taizyagromachine.com\/tr\/wp-json\/wp\/v2\/types\/product"}],"author":[{"embeddable":true,"href":"https:\/\/taizyagromachine.com\/tr\/wp-json\/wp\/v2\/users\/1"}],"wp:featuredmedia":[{"embeddable":true,"href":"https:\/\/taizyagromachine.com\/tr\/wp-json\/wp\/v2\/media\/8570"}],"wp:attachment":[{"href":"https:\/\/taizyagromachine.com\/tr\/wp-json\/wp\/v2\/media?parent=8567"}],"wp:term":[{"taxonomy":"post_tag","embeddable":true,"href":"https:\/\/taizyagromachine.com\/tr\/wp-json\/wp\/v2\/tags?post=8567"},{"taxonomy":"product-type","embeddable":true,"href":"https:\/\/taizyagromachine.com\/tr\/wp-json\/wp\/v2\/product-type?post=8567"}],"curies":[{"name":"wp","href":"https:\/\/api.w.org\/{rel}","templated":true}]}}