{"id":8608,"date":"2025-11-27T16:29:30","date_gmt":"2025-11-27T08:29:30","guid":{"rendered":"https:\/\/taizyagromachine.com\/?post_type=product&#038;p=8608"},"modified":"2025-11-28T16:51:55","modified_gmt":"2025-11-28T08:51:55","slug":"rice-wheat-thresher","status":"publish","type":"product","link":"https:\/\/taizyagromachine.com\/tr\/product\/rice-wheat-thresher\/","title":{"rendered":"Mini pirin\u00e7 ve bu\u011fday ay\u0131klay\u0131c\u0131"},"content":{"rendered":"<p class=\"translation-block\">Bu 5TD-100 <strong>pirin\u00e7 bu\u011fday ay\u0131klay\u0131c\u0131<\/strong> h\u0131zla ve verimli \u015fekilde tah\u0131l kabuklar\u0131ndan ay\u0131r\u0131r, pirin\u00e7, bu\u011fday ve soya gibi. Tek ge\u00e7i\u015fte ay\u0131klama, ay\u0131rma ve elekleme yapabilir, 800-1500kg\/s kapasite ile, hasat sezonlar\u0131nda i\u015flem verimlili\u011fini \u00f6nemli \u00f6l\u00e7\u00fcde art\u0131r\u0131r.<\/p>    <p>Taizy harman makinesi, dizel motor veya elektrik motoru ile g\u00fc\u00e7lendirilmi\u015f olup, farkl\u0131 ihtiya\u00e7lara uygun b\u00fcy\u00fck lastikler ve \u00e7eki\u015f \u00e7er\u00e7evesi ile donat\u0131labilir. Bu makineyle ilgileniyorsan\u0131z, daha fazla bilgi i\u00e7in bizimle istedi\u011finiz zaman ileti\u015fime ge\u00e7ebilirsiniz!<\/p>    <figure class=\"wp-block-embed is-type-video is-provider-youtube wp-block-embed-youtube wp-embed-aspect-16-9 wp-has-aspect-ratio\"><div class=\"wp-block-embed__wrapper\"> <iframe loading=\"lazy\" title=\"Verimli pirin\u00e7 ve bu\u011fday ay\u0131klama makinesi | Y\u00fcksek h\u0131zl\u0131 5TD-100 tah\u0131l ay\u0131klama g\u00f6sterimi\" width=\"500\" height=\"281\" src=\"https:\/\/www.youtube.com\/embed\/5-jE9pHMT_s?feature=oembed\" frameborder=\"0\" allow=\"accelerometer; autoplay; clipboard-write; encrypted-media; gyroscope; picture-in-picture; web-share\" referrerpolicy=\"strict-origin-when-cross-origin\" allowfullscreen><\/iframe> <\/div><figcaption class=\"wp-element-caption\">pirin\u00e7 bu\u011fday ay\u0131klama videosu<\/figcaption><\/figure>    <h2 class=\"wp-block-heading\"><strong>Taizy pirin\u00e7 ve bu\u011fday ay\u0131klay\u0131c\u0131s\u0131n\u0131n avantajlar\u0131<\/strong><\/h2>    <ul class=\"wp-block-list\"> <li>Aile \u00e7iftlikleri, k\u00fc\u00e7\u00fck i\u015fleme tesisleri ve toptanc\u0131lar i\u00e7in y\u00fcksek verim ve y\u00fcksek verimlilik <ul class=\"wp-block-list\"> <li>Pirinc\/bu\u011fday verimi: 800\u20131500 kg\/s<\/li>    <li>Soya fasulyesi verimi: 400\u2013500 kg\/s<\/li> <\/ul> <\/li>    <li>Daha fazla esneklik i\u00e7in \u00e7ift g\u00fc\u00e7 se\u00e7ene\u011fi, \u015febeke d\u0131\u015f\u0131 alanlar ve saha operasyonlar\u0131 i\u00e7in uyarlanabilir, pratikli\u011fi art\u0131r\u0131r <ul class=\"wp-block-list\"> <li>\u226512\u201315 HP dizel motor<\/li>    <li>veya \u22657.5 kW elektrik motoru<\/li> <\/ul> <\/li>    <li>Temiz ay\u0131klama, daha temiz \u00fcr\u00fcnler i\u00e7in tah\u0131l kayb\u0131 yok <ul class=\"wp-block-list\"> <li>Daha tam ay\u0131klama i\u00e7in 1100 r\/dk ana mil h\u0131z\u0131<\/li>    <li>\u0130ki fan tasar\u0131m\u0131 y\u00fcksek hava ak\u0131\u015f\u0131 ve daha temiz ay\u0131rma sa\u011flar<\/li>    <li>Titre\u015fimli ekran: dakikada 300 titre\u015fim, 30mm sal\u0131n\u0131m<\/li> <\/ul> <\/li>    <li>Mant\u0131kl\u0131 yap\u0131 tasar\u0131m\u0131, kolay ta\u015f\u0131nabilirlik ve kurulum kolayl\u0131\u011f\u0131 <ul class=\"wp-block-list\"> <li>Ta\u015f\u0131ma kolayl\u0131\u011f\u0131 i\u00e7in \u00e7\u0131kar\u0131labilir \u015fasi<\/li>    <li>Kolay hareket i\u00e7in b\u00fcy\u00fck lastikler ve \u00e7eki\u015f <\/li> <\/ul> <\/li>    <li>\u00c7e\u015fitli tah\u0131llar i\u00e7in uygun \u00e7ok \u00fcr\u00fcnl\u00fc ay\u0131klay\u0131c\u0131 <ul class=\"wp-block-list\"> <li>\u00c7eltik pirinci<\/li>    <li>Bu\u011fday<\/li>    <li>Soya fasulyesi<\/li>    <li>Ku\u015f otu<\/li>    <li>Kanola tohumu vb.<\/li> <\/ul> <\/li>    <li>\u0130\u015f\u00e7ilik maliyetlerini ve zaman\u0131 azalt\u0131n <ul class=\"wp-block-list\"> <li>Mekanik ay\u0131klama: 800\u20131500 kg\/s, verimlilik 10\u201315 kat veya daha fazla art\u0131r\u0131lm\u0131\u015ft\u0131r<\/li> <\/ul> <\/li> <\/ul>    <figure class=\"wp-block-gallery has-nested-images columns-default is-cropped wp-block-gallery-2 is-layout-flex wp-block-gallery-is-layout-flex\"> <figure class=\"wp-block-image size-large\"><img loading=\"lazy\" decoding=\"async\" width=\"720\" height=\"540\" data-id=\"8622\" src=\"https:\/\/taizyagromachine.com\/wp-content\/uploads\/2025\/11\/small-rice-wheat-thresher-for-sale-from-Taizy.webp\" alt=\"Taizy\u2019den sat\u0131l\u0131k k\u00fc\u00e7\u00fck pirin\u00e7 ve bu\u011fday harman makinesi\" class=\"wp-image-8622\" srcset=\"https:\/\/taizyagromachine.com\/wp-content\/uploads\/2025\/11\/small-rice-wheat-thresher-for-sale-from-Taizy.webp 720w, https:\/\/taizyagromachine.com\/wp-content\/uploads\/2025\/11\/small-rice-wheat-thresher-for-sale-from-Taizy-16x12.webp 16w\" sizes=\"auto, (max-width: 720px) 100vw, 720px\" \/><figcaption class=\"wp-element-caption\">Taizy\u2019den sat\u0131l\u0131k k\u00fc\u00e7\u00fck pirin\u00e7 ve bu\u011fday harman makinesi<\/figcaption><\/figure>    <figure class=\"wp-block-image size-large\"><img loading=\"lazy\" decoding=\"async\" width=\"720\" height=\"540\" data-id=\"8621\" src=\"https:\/\/taizyagromachine.com\/wp-content\/uploads\/2025\/11\/affordable-paddy-rice-wheat-threshing-machinery.webp\" alt=\"Uygun fiyatl\u0131 pirin\u00e7, pirin\u00e7, bu\u011fday harmanlama makineleri\" class=\"wp-image-8621\" srcset=\"https:\/\/taizyagromachine.com\/wp-content\/uploads\/2025\/11\/affordable-paddy-rice-wheat-threshing-machinery.webp 720w, https:\/\/taizyagromachine.com\/wp-content\/uploads\/2025\/11\/affordable-paddy-rice-wheat-threshing-machinery-16x12.webp 16w\" sizes=\"auto, (max-width: 720px) 100vw, 720px\" \/><figcaption class=\"wp-element-caption\">Uygun fiyatl\u0131 pirin\u00e7, pirin\u00e7, bu\u011fday harmanlama makineleri<\/figcaption><\/figure> <\/figure>    <figure class=\"wp-block-gallery has-nested-images columns-default is-cropped wp-block-gallery-3 is-layout-flex wp-block-gallery-is-layout-flex\"> <figure class=\"wp-block-image size-large\"><img loading=\"lazy\" decoding=\"async\" width=\"720\" height=\"540\" data-id=\"8616\" src=\"https:\/\/taizyagromachine.com\/wp-content\/uploads\/2025\/11\/mini-rice-wheat-threshing-machine-with-diesel-engine.webp\" alt=\"Mini pirin\u00e7, bu\u011fday harman makinesi dizel motor ile\" class=\"wp-image-8616\" srcset=\"https:\/\/taizyagromachine.com\/wp-content\/uploads\/2025\/11\/mini-rice-wheat-threshing-machine-with-diesel-engine.webp 720w, https:\/\/taizyagromachine.com\/wp-content\/uploads\/2025\/11\/mini-rice-wheat-threshing-machine-with-diesel-engine-16x12.webp 16w\" sizes=\"auto, (max-width: 720px) 100vw, 720px\" \/><figcaption class=\"wp-element-caption\">Mini pirin\u00e7, bu\u011fday harman makinesi dizel motor ile<\/figcaption><\/figure>    <figure class=\"wp-block-image size-large\"><img loading=\"lazy\" decoding=\"async\" width=\"720\" height=\"540\" data-id=\"8617\" src=\"https:\/\/taizyagromachine.com\/wp-content\/uploads\/2025\/11\/small-thresher-for-rice-wheat.webp\" alt=\"K\u00fc\u00e7\u00fck harman makinesi pirin\u00e7 ve bu\u011fday i\u00e7in\" class=\"wp-image-8617\" srcset=\"https:\/\/taizyagromachine.com\/wp-content\/uploads\/2025\/11\/small-thresher-for-rice-wheat.webp 720w, https:\/\/taizyagromachine.com\/wp-content\/uploads\/2025\/11\/small-thresher-for-rice-wheat-16x12.webp 16w\" sizes=\"auto, (max-width: 720px) 100vw, 720px\" \/><figcaption class=\"wp-element-caption\">K\u00fc\u00e7\u00fck harman makinesi pirin\u00e7 ve bu\u011fday i\u00e7in<\/figcaption><\/figure> <\/figure>    <h2 class=\"wp-block-heading\"><strong>Pirin\u00e7 ve bu\u011fday ay\u0131klama makinesinin teknik parametreleri<\/strong><\/h2>    <figure class=\"wp-block-table\"><table class=\"has-fixed-layout\"><tbody><tr><td>Modeli<\/td><td>5TD-100<\/td><\/tr><tr><td>Kapasite<\/td><td>Pirin\u00e7, bu\u011fday: 800\u20131500 kg\/s<br>Soya fasulyesi: 400\u2013500 kg\/s<\/td><\/tr><tr><td>G\u00fc\u00e7 gereksinimi<\/td><td>\u226512-15 hp dizel motor veya \u22657.5 kW elektrik motoru<\/td><\/tr><tr><td>Ana mil h\u0131z\u0131<\/td><td>1100 r\/dk<\/td><\/tr><tr><td>Fan h\u0131z\u0131<\/td><td>2500 r\/dk (\u00c7ift fanl\u0131)<\/td><\/tr><tr><td>A\u011f\u0131rl\u0131k<\/td><td>300 kg (\u015easi lastikleri hari\u00e7)<\/td><\/tr><tr><td>Genel boyutlar<\/td><td>2300*1570*1170 mm (\u015easi dizel motor boyutlar\u0131 hari\u00e7)<\/td><\/tr><tr><td>Ambalaj boyutlar\u0131<\/td><td>1400*850*1200 mm (\u015easi dizel motor boyutlar\u0131 hari\u00e7)<\/td><\/tr><\/tbody><\/table><figcaption class=\"wp-element-caption\">Pirin\u00e7 ve bu\u011fday ay\u0131klay\u0131c\u0131 \u00f6zellikleri<\/figcaption><\/figure>    <h2 class=\"wp-block-heading\"><strong>Bu \u00e7ok tah\u0131ll\u0131 pirin\u00e7 ve bu\u011fday ay\u0131klay\u0131c\u0131 makinesi nas\u0131l \u00e7al\u0131\u015f\u0131r?<\/strong><\/h2>    <p>Bu pirin\u00e7 ve bu\u011fday harman makinesi d\u00f6rt a\u015famadan olu\u015fur: besleme, harmanlama, ay\u0131rma ve temizlik, ve h\u0131zl\u0131, temiz harmanlama sa\u011flar, d\u00fc\u015f\u00fck tah\u0131l k\u0131r\u0131lma oran\u0131yla. Makinenin detayl\u0131 \u00e7al\u0131\u015fma s\u00fcreci a\u015fa\u011f\u0131daki gibidir:<\/p>    <ol class=\"wp-block-list\"> <li>Besleme malzemesi <ul class=\"wp-block-list\"> <li>Pirinc, bu\u011fday, dar\u0131 ve soya fasulyesi gibi \u00fcr\u00fcnler giri\u015fe beslenir. Makine otomatik olarak saman\u0131 ay\u0131klama odas\u0131na iletir.<\/li> <\/ul> <\/li>    <li>Tambur ay\u0131klama <ul class=\"wp-block-list\"> <li>\u00dcr\u00fcnler y\u00fcksek h\u0131zl\u0131 d\u00f6nen ay\u0131klama tamburuna girer. Darbe, s\u00fcrt\u00fcnme ve s\u0131k\u0131\u015ft\u0131rma yoluyla tah\u0131llar saplardan ve ba\u015fl\u0131klardan ayr\u0131l\u0131r.<\/li> <\/ul> <\/li>    <li>Kirleticilerin ayr\u0131lmas\u0131 <ul class=\"wp-block-list\"> <li>Ay\u0131rma cihaz\u0131, saman\u0131 tah\u0131llardan \u00f6n ay\u0131r\u0131r, b\u00fcy\u00fck kirleticiler fan veya ekran taraf\u0131ndan at\u0131l\u0131r.<\/li> <\/ul> <\/li>    <li>Fan temizli\u011fi <ul class=\"wp-block-list\"> <li>\u0130ki y\u00fcksek h\u0131zl\u0131 fan hafif kirleticileri (kabuklar, yapraklar, ince saman par\u00e7ac\u0131klar\u0131) u\u00e7urur, a\u011f\u0131r tah\u0131llar ise toplama oluklar\u0131na d\u00fc\u015fer.<\/li> <\/ul> <\/li>    <li>Tamamlanan \u00e7\u0131kt\u0131 <ul class=\"wp-block-list\"> <li>Sonu\u00e7, y\u00fcksek ay\u0131klama verimlili\u011fi ve d\u00fc\u015f\u00fck k\u0131r\u0131lma oranlar\u0131yla temiz, tamamen ayr\u0131lm\u0131\u015f tah\u0131ld\u0131r.<\/li> <\/ul> <\/li> <\/ol>    <figure class=\"wp-block-gallery has-nested-images columns-default is-cropped wp-block-gallery-4 is-layout-flex wp-block-gallery-is-layout-flex\"> <figure class=\"wp-block-image size-large\"><img loading=\"lazy\" decoding=\"async\" width=\"720\" height=\"540\" data-id=\"8614\" src=\"https:\/\/taizyagromachine.com\/wp-content\/uploads\/2025\/11\/screen-and-inner-structure-of-multi-crop-thresher.webp\" alt=\"\u00c7ok \u00fcr\u00fcnl\u00fc harman makinesinin ekran\u0131 ve i\u00e7 yap\u0131s\u0131\" class=\"wp-image-8614\" srcset=\"https:\/\/taizyagromachine.com\/wp-content\/uploads\/2025\/11\/screen-and-inner-structure-of-multi-crop-thresher.webp 720w, https:\/\/taizyagromachine.com\/wp-content\/uploads\/2025\/11\/screen-and-inner-structure-of-multi-crop-thresher-16x12.webp 16w\" sizes=\"auto, (max-width: 720px) 100vw, 720px\" \/><figcaption class=\"wp-element-caption\">\u00c7ok \u00fcr\u00fcnl\u00fc harman makinesinin ekran\u0131 ve i\u00e7 yap\u0131s\u0131<\/figcaption><\/figure>    <figure class=\"wp-block-image size-large\"><img loading=\"lazy\" decoding=\"async\" width=\"720\" height=\"540\" data-id=\"8613\" src=\"https:\/\/taizyagromachine.com\/wp-content\/uploads\/2025\/11\/double-fans-of-rice-wheat-thresher-machine.webp\" alt=\"Pirinc ve bu\u011fday harman makinesinin \u00e7ift fan\u0131\" class=\"wp-image-8613\" srcset=\"https:\/\/taizyagromachine.com\/wp-content\/uploads\/2025\/11\/double-fans-of-rice-wheat-thresher-machine.webp 720w, https:\/\/taizyagromachine.com\/wp-content\/uploads\/2025\/11\/double-fans-of-rice-wheat-thresher-machine-16x12.webp 16w\" sizes=\"auto, (max-width: 720px) 100vw, 720px\" \/><figcaption class=\"wp-element-caption\">Pirinc ve bu\u011fday harman makinesinin \u00e7ift fan\u0131<\/figcaption><\/figure> <\/figure>    <figure class=\"wp-block-gallery has-nested-images columns-default is-cropped wp-block-gallery-5 is-layout-flex wp-block-gallery-is-layout-flex\"> <figure class=\"wp-block-image size-large\"><img loading=\"lazy\" decoding=\"async\" width=\"720\" height=\"540\" data-id=\"8624\" src=\"https:\/\/taizyagromachine.com\/wp-content\/uploads\/2025\/11\/multifunctional-rice-and-wheat-thresher.webp\" alt=\"\u00c7ok fonksiyonlu pirin\u00e7 ve bu\u011fday harman makinesi\" class=\"wp-image-8624\" srcset=\"https:\/\/taizyagromachine.com\/wp-content\/uploads\/2025\/11\/multifunctional-rice-and-wheat-thresher.webp 720w, https:\/\/taizyagromachine.com\/wp-content\/uploads\/2025\/11\/multifunctional-rice-and-wheat-thresher-16x12.webp 16w\" sizes=\"auto, (max-width: 720px) 100vw, 720px\" \/><figcaption class=\"wp-element-caption\">\u00c7ok fonksiyonlu pirin\u00e7 ve bu\u011fday harman makinesi<\/figcaption><\/figure>    <figure class=\"wp-block-image size-large\"><img loading=\"lazy\" decoding=\"async\" width=\"720\" height=\"540\" data-id=\"8625\" src=\"https:\/\/taizyagromachine.com\/wp-content\/uploads\/2025\/11\/paddy-rice-and-wheat-thresher.webp\" alt=\"Pirinc ve bu\u011fday harman makinesi\" class=\"wp-image-8625\" srcset=\"https:\/\/taizyagromachine.com\/wp-content\/uploads\/2025\/11\/paddy-rice-and-wheat-thresher.webp 720w, https:\/\/taizyagromachine.com\/wp-content\/uploads\/2025\/11\/paddy-rice-and-wheat-thresher-16x12.webp 16w\" sizes=\"auto, (max-width: 720px) 100vw, 720px\" \/><figcaption class=\"wp-element-caption\">Pirinc ve bu\u011fday harman makinesi<\/figcaption><\/figure> <\/figure>    <h2 class=\"wp-block-heading\"><strong>Pirin\u00e7 ve bu\u011fday ay\u0131klay\u0131c\u0131 makinesi fiyat\u0131 nedir?<\/strong><\/h2>    <p>Bu, m\u00fc\u015fteriler taraf\u0131ndan en s\u0131k sorulan ve en \u00f6nemli sorulardan biridir. Bu \u00e7ok \u00fcr\u00fcnl\u00fc ay\u0131klay\u0131c\u0131 makinesinin fiyat\u0131n\u0131 etkileyen fakt\u00f6rler \u015funlard\u0131r:<\/p>    <ul class=\"wp-block-list\"> <li>Motor se\u00e7imi: dizel veya elektrik motoru<\/li>    <li>\u015easi gerektiriyor mu<\/li>    <li>Ambalaj gereksinimleri ve nakliye mesafesi<\/li>    <li>Aksesuar ihtiya\u00e7lar\u0131 (ekranlar, ara\u00e7 kitleri, koruyucu kapaklar vb.)<\/li> <\/ul>    <p>Genellikle fiyatlar birka\u00e7 y\u00fcz dolardan binlerce dolara kadar de\u011fi\u015fir. Do\u011fru teklif i\u00e7in \u00fcr\u00fcn\u00fcn\u00fcz ve gereksinimleriniz hakk\u0131nda bilgi vermenizi \u00f6neririz.<\/p>    <h2 class=\"wp-block-heading\"><strong>Pirin\u00e7 ve bu\u011fday ay\u0131klay\u0131c\u0131 uygun nas\u0131l se\u00e7ilir?<\/strong><\/h2>    <p>Yanl\u0131\u015f makine almamak i\u00e7in m\u00fc\u015fteriler genellikle \u015fu noktalar\u0131 dikkate al\u0131r:<\/p>    <ol class=\"wp-block-list\"> <li>Saatlik \u00e7\u0131kt\u0131 onlar\u0131n gereksinimlerini kar\u015f\u0131l\u0131yor mu<\/li>    <li>Pirin\u00e7 ve bu\u011fday ay\u0131klay\u0131c\u0131 makinesi \u00fcr\u00fcnleri onlar\u0131n \u00fcr\u00fcn tipi i\u00e7in uygun mu<\/li>    <li>G\u00fc\u00e7 kayna\u011f\u0131 yerel ko\u015fullara uygun mu<\/li>    <li>Ta\u015f\u0131mak ve kullanmak kolay m\u0131<\/li>    <li>Yedek par\u00e7alar\u0131n kolayca bulunup bulunmad\u0131\u011f\u0131<\/li> <\/ol>    <p>Taizy ekibi, \u00fcr\u00fcn foto\u011fraflar\u0131n\u0131za, verim gereksinimlerinize ve b\u00fct\u00e7enize g\u00f6re profesyonel \u00e7\u00f6z\u00fcmler sunabilir.<\/p>    <h2 class=\"wp-block-heading\"><strong>Neden Taizy'yi pirin\u00e7 ve bu\u011fday ay\u0131klay\u0131c\u0131 tedarik\u00e7isi olarak se\u00e7melisiniz?<\/strong><\/h2>    <p>\u2714 15 y\u0131ldan fazla \u00e7ok tah\u0131ll\u0131 ay\u0131klay\u0131c\u0131 \u00fcretim deneyimi<\/p>    <p>\u2714 80'den fazla \u00fclkeye ihra\u00e7 edilmi\u015ftir, \u00e7ift\u00e7iler ve distrib\u00fct\u00f6rler taraf\u0131ndan g\u00fcvenilir<\/p>    <p>\u2714 OEM \/ \u00d6zelle\u015ftirilmi\u015f elek plakalar\u0131n\u0131 destekler<\/p>    <p>\u2714 Kurulum videolar\u0131, kullan\u0131m k\u0131lavuzlar\u0131 ve sat\u0131\u015f sonras\u0131 hizmet sa\u011flar<\/p>    <p>\u2714 Tutarl\u0131 kalite ve uzun makine \u00f6mr\u00fc<\/p>    <p>Kullan\u0131c\u0131lar i\u00e7in verimli ve g\u00fcvenilir tar\u0131m makineleri \u00e7\u00f6z\u00fcmleri sunmaya devam ediyoruz.<\/p>    <figure class=\"wp-block-gallery has-nested-images columns-default is-cropped wp-block-gallery-6 is-layout-flex wp-block-gallery-is-layout-flex\"> <figure class=\"wp-block-image size-large\"><img loading=\"lazy\" decoding=\"async\" width=\"720\" height=\"540\" data-id=\"8619\" src=\"https:\/\/taizyagromachine.com\/wp-content\/uploads\/2025\/11\/rice-wheat-thresher-for-sale-in-packing-process.webp\" alt=\"Pirin\u00e7, bu\u011fday harman makinesi paketleme s\u00fcrecinde sat\u0131l\u0131k\" class=\"wp-image-8619\" srcset=\"https:\/\/taizyagromachine.com\/wp-content\/uploads\/2025\/11\/rice-wheat-thresher-for-sale-in-packing-process.webp 720w, https:\/\/taizyagromachine.com\/wp-content\/uploads\/2025\/11\/rice-wheat-thresher-for-sale-in-packing-process-16x12.webp 16w\" sizes=\"auto, (max-width: 720px) 100vw, 720px\" \/><figcaption class=\"wp-element-caption\">Pirin\u00e7, bu\u011fday harman makinesi paketleme s\u00fcrecinde sat\u0131l\u0131k<\/figcaption><\/figure>    <figure class=\"wp-block-image size-large\"><img loading=\"lazy\" decoding=\"async\" width=\"720\" height=\"540\" data-id=\"8618\" src=\"https:\/\/taizyagromachine.com\/wp-content\/uploads\/2025\/11\/multi-grain-threshing-machine-in-wooden-crate.webp\" alt=\"Ah\u015fap kutuda \u00e7ok tah\u0131ll\u0131 harman makinesi\" class=\"wp-image-8618\" srcset=\"https:\/\/taizyagromachine.com\/wp-content\/uploads\/2025\/11\/multi-grain-threshing-machine-in-wooden-crate.webp 720w, https:\/\/taizyagromachine.com\/wp-content\/uploads\/2025\/11\/multi-grain-threshing-machine-in-wooden-crate-16x12.webp 16w\" sizes=\"auto, (max-width: 720px) 100vw, 720px\" \/><figcaption class=\"wp-element-caption\">Ah\u015fap kutuda \u00e7ok tah\u0131ll\u0131 harman makinesi<\/figcaption><\/figure> <\/figure>    <h2 class=\"wp-block-heading\"><strong>H\u0131zl\u0131ca teklif almak m\u0131 istiyorsunuz? \u015eimdi bizimle ileti\u015fime ge\u00e7in!<\/strong><\/h2>    <p>Bilmek istiyorsan\u0131z:<\/p>    <ul class=\"wp-block-list\"> <li>En son fiyat<\/li>    <li>Nakliye maliyetleri<\/li>    <li>\u00d6nerilen g\u00fc\u00e7 kayna\u011f\u0131<\/li>    <li>Whether it&#8217;s suitable for your crops<\/li>    <li>Video g\u00f6sterimleri<\/li> <\/ul>    <p class=\"translation-block\">Feel free to contact us anytime. We&#8217;ll provide a professional quotation as soon as possible. Besides, we have <a href=\"https:\/\/taizyagromachine.com\/tr\/product\/rice-combine-harvester\/\">combine harvester<\/a>, <a href=\"https:\/\/taizyagromachine.com\/tr\/product\/wheat-planter\/\">wheat planter machine<\/a>, etc. for sale to provide the one-stop solution!<\/p>","protected":false},"excerpt":{"rendered":"<p>Bir pirin\u00e7 bu\u011fday ay\u0131klay\u0131c\u0131, \u00e7ift\u00e7ilerin \u00fcr\u00fcn saplar\u0131ndan taneleri h\u0131zla ay\u0131rmas\u0131na yard\u0131mc\u0131 olur, i\u015f g\u00fcc\u00fcn\u00fc azalt\u0131r ve verimlili\u011fi art\u0131r\u0131r. Bu k\u0131lavuz, avantajlar\u0131n\u0131, yap\u0131s\u0131n\u0131, fiyat\u0131n\u0131 ve Taizy'nin y\u00fcksek performansl\u0131 tah\u0131l ay\u0131klama makineleri i\u00e7in g\u00fcvenilir bir tedarik\u00e7i olmas\u0131n\u0131n nedenlerini a\u00e7\u0131klar.<\/p>","protected":false},"author":1,"featured_media":8610,"parent":0,"template":"","tags":[218,219],"product-type":[20],"class_list":["post-8608","product","type-product","status-publish","has-post-thumbnail","hentry","tag-rice","tag-wheat","product-type-rice-and-wheat-machine"],"_links":{"self":[{"href":"https:\/\/taizyagromachine.com\/tr\/wp-json\/wp\/v2\/product\/8608","targetHints":{"allow":["GET"]}}],"collection":[{"href":"https:\/\/taizyagromachine.com\/tr\/wp-json\/wp\/v2\/product"}],"about":[{"href":"https:\/\/taizyagromachine.com\/tr\/wp-json\/wp\/v2\/types\/product"}],"author":[{"embeddable":true,"href":"https:\/\/taizyagromachine.com\/tr\/wp-json\/wp\/v2\/users\/1"}],"wp:featuredmedia":[{"embeddable":true,"href":"https:\/\/taizyagromachine.com\/tr\/wp-json\/wp\/v2\/media\/8610"}],"wp:attachment":[{"href":"https:\/\/taizyagromachine.com\/tr\/wp-json\/wp\/v2\/media?parent=8608"}],"wp:term":[{"taxonomy":"post_tag","embeddable":true,"href":"https:\/\/taizyagromachine.com\/tr\/wp-json\/wp\/v2\/tags?post=8608"},{"taxonomy":"product-type","embeddable":true,"href":"https:\/\/taizyagromachine.com\/tr\/wp-json\/wp\/v2\/product-type?post=8608"}],"curies":[{"name":"wp","href":"https:\/\/api.w.org\/{rel}","templated":true}]}}