{"id":8627,"date":"2025-12-04T13:22:32","date_gmt":"2025-12-04T05:22:32","guid":{"rendered":"https:\/\/taizyagromachine.com\/?post_type=product&#038;p=8627"},"modified":"2025-12-04T16:00:49","modified_gmt":"2025-12-04T08:00:49","slug":"automatic-cocoa-pod-splitting-machine","status":"publish","type":"product","link":"https:\/\/taizyagromachine.com\/tr\/product\/automatic-cocoa-pod-splitting-machine\/","title":{"rendered":"Otomatik kakao kabu\u011fu ay\u0131rma makinesi"},"content":{"rendered":"<p class=\"translation-block\">Taizy <strong>kakao kabu\u011fu ay\u0131rma makinesi<\/strong> f\u0131nd\u0131k i\u015fleme makineleri olup, kakao \u00e7ekirdeklerini k\u0131rmak, ay\u0131rmak ve kabuklar\u0131 kakao \u00e7ekirde\u011finden ay\u0131rmak i\u00e7in kullan\u0131l\u0131r. Basit yap\u0131s\u0131 ve y\u00fcksek verimlili\u011fi ile, ana kakao i\u015fleme hatt\u0131nda en kritik ekipmanlardan biridir.<\/p>    <p>Geleneksel manuel \u00e7atlatma y\u00f6ntemlerini de\u011fi\u015ftiren bu makine, i\u015fleme verimlili\u011fini \u00f6nemli \u00f6l\u00e7\u00fcde art\u0131r\u0131rken (300-1000kg\/saat) kakao par\u00e7alar\u0131n\u0131n b\u00fct\u00fcnl\u00fc\u011f\u00fcn\u00fc korur. Bu, kavurma, \u00f6\u011f\u00fctme, ya\u011f \u00e7\u0131karma veya \u00e7ikolata \u00fcretimi gibi sonraki a\u015famalar i\u00e7in bir temel olu\u015fturur.<\/p>    <figure class=\"wp-block-embed is-type-video is-provider-youtube wp-block-embed-youtube wp-embed-aspect-16-9 wp-has-aspect-ratio\"><div class=\"wp-block-embed__wrapper\"> <iframe loading=\"lazy\" title=\"Harika kakao kabu\u011fu k\u0131rma makinesi | H\u0131zl\u0131 kakao \u00e7ekirde\u011fi k\u0131rma makinesi, kakao kabu\u011fu a\u00e7ma ve ay\u0131rma\" width=\"500\" height=\"281\" src=\"https:\/\/www.youtube.com\/embed\/iFeTgLBExrc?feature=oembed\" frameborder=\"0\" allow=\"accelerometer; autoplay; clipboard-write; encrypted-media; gyroscope; picture-in-picture; web-share\" referrerpolicy=\"strict-origin-when-cross-origin\" allowfullscreen><\/iframe> <\/div><figcaption class=\"wp-element-caption\">Kakao kabu\u011fu ay\u0131r\u0131c\u0131 \u00e7al\u0131\u015fma videosu<\/figcaption><\/figure>    <h2 class=\"wp-block-heading\"><strong>Otomatik taze kakao kaps\u00fcl ay\u0131rma makinesinin avantajlar\u0131<\/strong><\/h2>    <p>Otomatik kakao kaps\u00fcl k\u0131r\u0131c\u0131 makinemizin, m\u00fc\u015fterileri \u00e7eken a\u015fa\u011f\u0131daki avantajlar\u0131 vard\u0131r:<\/p>    <ul class=\"wp-block-list\"> <li>Saatte 300\u20131000 kg kakao fasulyesi kaps\u00fcl\u00fcn\u00fc \u00e7atlatabilir, bu da manuel i\u015ften 10\u201320 kat daha h\u0131zl\u0131d\u0131r, bu da son derece verimlidir.<\/li>    <li>Tamamen mekanik \u00e7atlama a\u00e7ma benimseyen bu kakao fasulyesi kabuklama makinesi, el kesme aletlerine olan ihtiyac\u0131 ortadan kald\u0131rarak el yaralanmalar\u0131n\u0131 \u00f6nler.<\/li>    <li>Its optimised blade angles ensure that the cocoa beans remain 99.9% intact, facilitating fermentation or drying.<\/li>    <li>Kakao kaps\u00fcl \u00e7atlatma makinesi, kakao fasulyelerine g\u00f6re \u00e7atlatma aral\u0131\u011f\u0131n\u0131 ayarlayabilir ve Afrika, G\u00fcneydo\u011fu Asya ve di\u011fer b\u00f6lgelerden \u00e7e\u015fitli \u00e7e\u015fitler i\u00e7in uygundur.<\/li>    <li>Tek tu\u015fla ba\u015flatma, basit yap\u0131 ve kolay temizlik. Bir ki\u015fi yeterlidir.<\/li>    <li>Makine malzemesi paslanmaz \u00e7elik veya karbon \u00e7elik olup, g\u0131da s\u0131n\u0131f\u0131d\u0131r, g\u0131da hijyenini sa\u011flar.<\/li>    <li>Ger\u00e7ek m\u00fc\u015fteri gereksinimlerine g\u00f6re farkl\u0131 modeller \u00f6zelle\u015ftirebiliriz ve gerilim, malzeme ve yap\u0131 \u00f6zelle\u015ftirmesini destekleyebiliriz.<\/li> <\/ul>   <div class=\"wp-block-image\"> <figure class=\"aligncenter size-full\"><img loading=\"lazy\" decoding=\"async\" width=\"720\" height=\"540\" src=\"https:\/\/taizyagromachine.com\/wp-content\/uploads\/2025\/12\/automatic-cocoa-pods-opening-machine-for-cocoa-pod-splitting.webp\" alt=\"otomatik kakao kaps\u00fcllerini a\u00e7ma makinesi kakao kaps\u00fcl ay\u0131rma i\u00e7in\" class=\"wp-image-8629\" srcset=\"https:\/\/taizyagromachine.com\/wp-content\/uploads\/2025\/12\/automatic-cocoa-pods-opening-machine-for-cocoa-pod-splitting.webp 720w, https:\/\/taizyagromachine.com\/wp-content\/uploads\/2025\/12\/automatic-cocoa-pods-opening-machine-for-cocoa-pod-splitting-16x12.webp 16w\" sizes=\"auto, (max-width: 720px) 100vw, 720px\" \/><figcaption class=\"wp-element-caption\">otomatik kakao kaps\u00fcllerini a\u00e7ma makinesi kakao kaps\u00fcl ay\u0131rma i\u00e7in<\/figcaption><\/figure> <\/div>   <h2 class=\"wp-block-heading\"><strong>Kakao kaps\u00fcl k\u0131rma makinesinin teknik parametreleri<\/strong><\/h2>    <p>We have two cocoa pod crushers for sale: a large one and a small one. The main difference between them is their processing capacity. We can customize the voltage according to the customer&#8217;s usage requirements.<\/p>    <p class=\"translation-block\"><strong>B\u00fcy\u00fck model parametreleri<\/strong>:<\/p>    <figure class=\"wp-block-table\"><table class=\"has-fixed-layout\"><tbody><tr><td>Makine ad\u0131<\/td><td>Parti<\/td><\/tr><tr><td>Kakao kaps\u00fcl kesme makinesi<\/td><td>\u00c7\u0131kt\u0131: Yakla\u015f\u0131k 800 kg\/saat<br>G\u00fc\u00e7: 0.75 kW<br>Gerilim: 380 V, 50 Hz<br>Boyutlar: 1.6 \u00d7 0.6 \u00d7 2 m<br>Malzeme: Karbon \u00e7elik<br>A\u011f\u0131rl\u0131k: 160 kg<\/td><\/tr><tr><td>Kakao kaps\u00fcl\u00fc ve \u00e7ekirdek ay\u0131r\u0131c\u0131<\/td><td>\u00dcretim kapasitesi: Yakla\u015f\u0131k 1000 kg\/saat<br>G\u00fc\u00e7: 1.1 kW<br>Gerilim: 380 V, 50 Hz<br>D\u0131\u015f boyutlar: 2.8 \u00d7 1.1 \u00d7 2.2 m<br>Malzemeler: Paslanmaz \u00e7elik (g\u0131da ile temas eden y\u00fczeyler) &amp; Karbon \u00e7elik (s\u00fcr\u00fc\u015f bile\u015fenleri ve \u00e7er\u00e7eve)<br>A\u011f\u0131rl\u0131k: 380 kg<\/td><\/tr><\/tbody><\/table><figcaption class=\"wp-element-caption\">b\u00fcy\u00fck kakao kaps\u00fcl ay\u0131rma makinesinin spesifikasyonlar\u0131<\/figcaption><\/figure>    <p class=\"translation-block\"><strong>K\u00fc\u00e7\u00fck model parametreleri<\/strong>:<\/p>    <figure class=\"wp-block-table\"><table class=\"has-fixed-layout\"><tbody><tr><td>Makine ad\u0131<\/td><td>Parti<\/td><\/tr><tr><td>Kakao kaps\u00fcl a\u00e7ma makinesi<\/td><td>\u00c7\u0131kt\u0131: Yakla\u015f\u0131k 300\u2013400 kg\/saat<br>G\u00fc\u00e7: 0.75 kW<br>Gerilim: 380 V, 50 Hz<br>Boyutlar: 1.6 \u00d7 0.6 \u00d7 1.6 m<br>Malzemeler: 201 paslanmaz \u00e7elik bant; karbon \u00e7elik \u00e7er\u00e7eve ve iletim bile\u015fenleri<br>A\u011f\u0131rl\u0131k: 150 kg<\/td><\/tr><tr><td>Kakao kaps\u00fcl\u00fc ve \u00e7ekirdek ay\u0131r\u0131c\u0131<\/td><td>\u00c7\u0131kt\u0131: 300\u2013400 kg\/saat<br>G\u00fc\u00e7: 1.1 kW<br>Gerilim: 380 V, 50 Hz<br>Boyutlar: 2 \u00d7 1.3 \u00d7 1.7 m<br>Malzemeler: 201 paslanmaz \u00e7elik (g\u0131da ile temas eden par\u00e7alar (tambur, hoper)) ; Karbon \u00e7elik (iletim bile\u015fenleri, \u00e7er\u00e7eve)<br>A\u011f\u0131rl\u0131k: 180 kg<\/td><\/tr><\/tbody><\/table><figcaption class=\"wp-element-caption\">k\u00fc\u00e7\u00fck kakao fasulyesi ay\u0131r\u0131c\u0131 makinesinin spesifikasyonlar\u0131<\/figcaption><\/figure>    <h2 class=\"wp-block-heading\"><strong>Afrika kakao kaps\u00fcl k\u0131rma a\u00e7ma soyma makinesi uygulamalar\u0131<\/strong><\/h2>    <p>Bu kakao kaps\u00fcl ay\u0131rma makinesi yayg\u0131n olarak \u015funlarda kullan\u0131lmaktad\u0131r:<\/p>    <ul class=\"wp-block-list\"> <li>Kakao \u00e7iftlikleri<\/li>    <li>Tar\u0131m kooperatifleri<\/li>    <li>Ana kakao i\u015fleme istasyonlar\u0131<\/li>    <li>\u00c7ikolata malzeme tedarik\u00e7ileri<\/li>    <li>K\u00fc\u00e7\u00fck ve orta \u00f6l\u00e7ekli kakao i\u015fleme tesisleri<\/li> <\/ul>    <p>It&#8217;s applied in the following processes:<\/p>    <p>\u2714 Taze kakao kaps\u00fcllerini \u00e7atlatma<\/p>    <p>\u2714 Fermantasyon i\u00e7in b\u00fct\u00fcn kakao fasulyeleri elde etme<\/p>    <p>\u2714 Tar\u0131m i\u015fleme verimlili\u011fini art\u0131rma<\/p>    <p>\u2714 Kakao fasulyesi kalitesini art\u0131rma (fasulyeleri hasar vermeden e\u015fit k\u0131rma)<\/p>   <div class=\"wp-block-image\"> <figure class=\"aligncenter size-full\"><img loading=\"lazy\" decoding=\"async\" width=\"820\" height=\"450\" src=\"https:\/\/taizyagromachine.com\/wp-content\/uploads\/2025\/12\/applications-of-fresh-cocoa-pod-splitting-machine.webp\" alt=\"Taze kakao kabu\u011fu ay\u0131rma makinesinin uygulamalar\u0131\" class=\"wp-image-8632\" srcset=\"https:\/\/taizyagromachine.com\/wp-content\/uploads\/2025\/12\/applications-of-fresh-cocoa-pod-splitting-machine.webp 820w, https:\/\/taizyagromachine.com\/wp-content\/uploads\/2025\/12\/applications-of-fresh-cocoa-pod-splitting-machine-18x10.webp 18w\" sizes=\"auto, (max-width: 820px) 100vw, 820px\" \/><figcaption class=\"wp-element-caption\">Taze kakao kabu\u011fu ay\u0131rma makinesinin uygulamalar\u0131<\/figcaption><\/figure> <\/div>   <h2 class=\"wp-block-heading\"><strong>Taizy kakao kaps\u00fcl ay\u0131rma makinesi nas\u0131l \u00e7al\u0131\u015f\u0131r?<\/strong><\/h2>    <p>Kakao kaps\u00fcl k\u0131rma makinemizin i\u015f ak\u0131\u015f\u0131 \u015fu \u015fekildedir:<\/p>    <ol class=\"wp-block-list\"> <li>Manuel besleme: Taze kakao kaps\u00fclleri besleme giri\u015fine yerle\u015ftirilir.<\/li>    <li>Otomatik konumland\u0131rma: Ekipman, \u015fekle g\u00f6re otomatik olarak pozisyonu ayarlar.<\/li>    <li>Kesim montaj\u0131: D\u00f6ner b\u0131\u00e7aklar, kaps\u00fclleri tam ortadan ay\u0131rmak i\u00e7in d\u00f6ner.<\/li>    <li>Kaps\u00fcl ay\u0131rma: Kaps\u00fcl kabu\u011fu ve kakao fasulyeleri otomatik olarak ayr\u0131l\u0131r.<\/li>    <li>Tam fasulye \u00e7\u0131kar\u0131m\u0131: Kakao fasulyeleri, k\u0131r\u0131lma veya deformasyon olmadan b\u00fct\u00fcn olarak al\u0131n\u0131r.<\/li> <\/ol>    <p>Taze kakao fasulyesi i\u015fleme makinesinin bu t\u00fcm s\u00fcreci tamamen otomatik olup, i\u015f g\u00fcc\u00fc gereksinimlerini ve malzeme kayb\u0131n\u0131 \u00f6nemli \u00f6l\u00e7\u00fcde azalt\u0131r.<\/p>    <figure class=\"wp-block-gallery has-nested-images columns-default is-cropped wp-block-gallery-2 is-layout-flex wp-block-gallery-is-layout-flex\"> <figure class=\"wp-block-image size-large\"><img loading=\"lazy\" decoding=\"async\" width=\"720\" height=\"540\" data-id=\"8633\" src=\"https:\/\/taizyagromachine.com\/wp-content\/uploads\/2025\/12\/blade-of-machine-for-cocoa-pod-opening.webp\" alt=\"Kakao kabu\u011fu a\u00e7ma makinesi b\u0131\u00e7a\u011f\u0131\" class=\"wp-image-8633\" srcset=\"https:\/\/taizyagromachine.com\/wp-content\/uploads\/2025\/12\/blade-of-machine-for-cocoa-pod-opening.webp 720w, https:\/\/taizyagromachine.com\/wp-content\/uploads\/2025\/12\/blade-of-machine-for-cocoa-pod-opening-16x12.webp 16w\" sizes=\"auto, (max-width: 720px) 100vw, 720px\" \/><figcaption class=\"wp-element-caption\">Kakao kabu\u011fu a\u00e7ma makinesi b\u0131\u00e7a\u011f\u0131<\/figcaption><\/figure>    <figure class=\"wp-block-image size-large\"><img loading=\"lazy\" decoding=\"async\" width=\"720\" height=\"540\" data-id=\"8634\" src=\"https:\/\/taizyagromachine.com\/wp-content\/uploads\/2025\/12\/cocoa-pod-and-kernel-separator.webp\" alt=\"kakao kabu\u011fu ve \u00e7ekirdek ay\u0131r\u0131c\u0131\" class=\"wp-image-8634\" srcset=\"https:\/\/taizyagromachine.com\/wp-content\/uploads\/2025\/12\/cocoa-pod-and-kernel-separator.webp 720w, https:\/\/taizyagromachine.com\/wp-content\/uploads\/2025\/12\/cocoa-pod-and-kernel-separator-16x12.webp 16w\" sizes=\"auto, (max-width: 720px) 100vw, 720px\" \/><figcaption class=\"wp-element-caption\">kakao kabu\u011fu ve \u00e7ekirdek ay\u0131r\u0131c\u0131<\/figcaption><\/figure> <\/figure>    <h2 class=\"wp-block-heading\"><strong>Kakao fasulyesi kabuklama makinesi fiyat\u0131 nedir?<\/strong><\/h2>    <p>Taizy taze kakao fasulyesi k\u0131rma makinesi fiyat\u0131 a\u015fa\u011f\u0131daki fakt\u00f6rlerden etkilenmektedir:<\/p>    <ul class=\"wp-block-list\"> <li>\u00dcretim kapasitesi ve model boyutu<\/li>    <li>Tamamen paslanmaz \u00e7elik yap\u0131 gereksinimi<\/li>    <li>\u00d6zel gerilim spesifikasyonlar\u0131 (\u00f6rne\u011fin, Afrika'da yayg\u0131n olarak kullan\u0131lan 380V)<\/li>    <li>Tam bir kakao i\u015fleme hatt\u0131na (kabuk soyma, kurutma, hava s\u0131n\u0131fland\u0131rma vb.) ihtiya\u00e7 duyulup duyulmad\u0131\u011f\u0131<\/li>    <li>Uzak limanlara ihracat (navlun maliyetlerini etkileyen)<\/li> <\/ul>    <p>Her fakt\u00f6r farkl\u0131d\u0131r, bu da son makine fiyatlar\u0131n\u0131n de\u011fi\u015fmesine neden olur. Kakao kaps\u00fcl ay\u0131r\u0131c\u0131 i\u00e7in detayl\u0131 fiyat i\u00e7in istedi\u011finiz zaman bizimle ileti\u015fime ge\u00e7ebilirsiniz!<\/p>   <div class=\"wp-block-image\"> <figure class=\"aligncenter size-full\"><img loading=\"lazy\" decoding=\"async\" width=\"720\" height=\"540\" src=\"https:\/\/taizyagromachine.com\/wp-content\/uploads\/2025\/12\/African-fresh-cocoa-pod-breaking-opening-peeling-machine.webp\" alt=\"Afrika taze kakao kabu\u011fu k\u0131rma ve a\u00e7ma soyma makinesi\" class=\"wp-image-8630\" srcset=\"https:\/\/taizyagromachine.com\/wp-content\/uploads\/2025\/12\/African-fresh-cocoa-pod-breaking-opening-peeling-machine.webp 720w, https:\/\/taizyagromachine.com\/wp-content\/uploads\/2025\/12\/African-fresh-cocoa-pod-breaking-opening-peeling-machine-16x12.webp 16w\" sizes=\"auto, (max-width: 720px) 100vw, 720px\" \/><figcaption class=\"wp-element-caption\">Afrika taze kakao kabu\u011fu k\u0131rma ve a\u00e7ma soyma makinesi<\/figcaption><\/figure> <\/div>   <h2 class=\"wp-block-heading\"><strong>Neden Taizy kakao kaps\u00fcl ay\u0131rma makinesini se\u00e7melisiniz?<\/strong><\/h2>    <p>Taizy, en iyi kakao fasulyesi k\u0131rma makinesi \u00fcreticisi olarak, kakao fasulyesi i\u015fleme i\u00e7in d\u00fcnya \u00e7ap\u0131nda m\u00fc\u015fterilere g\u00fcvenilir bir tedarik\u00e7idir, \u00e7\u00fcnk\u00fc:<\/p>    <ul class=\"wp-block-list\"> <li>20  y\u0131ll\u0131k kakao i\u015fleme ekipman\u0131 ihracat deneyimi<\/li>    <li>Numerous verified case studies from African clients (Ghana, C\u00f4te d&#8217;Ivoire, Nigeria, Cameroon)<\/li>    <li>B\u0131\u00e7aklar, ekranlar vb. i\u00e7in yedek par\u00e7a hizmeti<\/li>    <li>OEM\/ODM \u00f6zelle\u015ftirme deste\u011fi<\/li>    <li>Video kurulum rehberi ve uzaktan teknik destek<\/li>    <li>Tam kakao birincil i\u015fleme hatlar\u0131 mevcut<\/li> <\/ul>    <p>Taizy, kapsaml\u0131 bir kalite kontrol sistemi ile tar\u0131m ve g\u0131da i\u015fleme makinelerine uzmanla\u015fm\u0131\u015ft\u0131r. Herhangi bir ilgili ekipman ihtiyac\u0131 i\u00e7in l\u00fctfen bizimle ileti\u015fime ge\u00e7in.<\/p>    <h2 class=\"wp-block-heading\"><strong>Ba\u015far\u0131l\u0131 vaka: Filipinler'e sat\u0131lan kakao fasulyesi k\u0131rma makinesi<\/strong><\/h2>    <p>Filipinli m\u00fc\u015fteri, kakao fasulyesi fermantasyonu i\u00e7in taze kakao kaps\u00fcllerinin b\u00fcy\u00fck \u00f6l\u00e7ekli i\u015flenmesini gerektiren orta \u00f6l\u00e7ekli bir g\u0131da i\u015fleme tesisidir. Ana endi\u015feler \u015funlard\u0131r:<\/p>    <ul class=\"wp-block-list\"> <li>Kakao kaps\u00fcl ay\u0131rma makinesinin fasulyeleri hasar vermeden i\u015fleyip i\u015fleyemeyece\u011fi<\/li>    <li>Yerel gerilimle uyumluluk (220V)<\/li>    <li>Ger\u00e7ek saatlik \u00e7\u0131kt\u0131<\/li>    <li>K\u0131rma g\u00f6sterim videolar\u0131n\u0131n mevcut olmas\u0131<\/li>    <li>H\u0131zl\u0131 bir \u015fekilde sevk edilebilir mi?<\/li> <\/ul>    <p>Kakao fasulyesi k\u0131r\u0131c\u0131 i\u00e7in deneme i\u015fletim videomuzu ald\u0131ktan sonra, m\u00fc\u015fteri onaylad\u0131:<\/p>    <p>\u2714 E\u015fit k\u0131rma<\/p>    <p>\u2714 Y\u00fcksek fasulye b\u00fct\u00fcnl\u00fc\u011f\u00fc<\/p>    <p>\u2714 \u00c7\u0131kt\u0131 gereksinimlerini kar\u015f\u0131lama<\/p>    <p>Sonunda 2 adet kakao fasulyesi kabuk kald\u0131rma makinesi sat\u0131n ald\u0131lar ve gelecekte tam bir kakao i\u015fleme hatt\u0131 edinme niyetlerini ifade ettiler.<\/p>    <figure class=\"wp-block-gallery has-nested-images columns-default is-cropped wp-block-gallery-3 is-layout-flex wp-block-gallery-is-layout-flex\"> <figure class=\"wp-block-image size-large\"><img loading=\"lazy\" decoding=\"async\" width=\"720\" height=\"540\" data-id=\"8637\" src=\"https:\/\/taizyagromachine.com\/wp-content\/uploads\/2025\/12\/industrial-cocoa-bean-shelling-machine.webp\" alt=\"End\u00fcstriyel kakao \u00e7ekirde\u011fi kabuklama makinesi\" class=\"wp-image-8637\" srcset=\"https:\/\/taizyagromachine.com\/wp-content\/uploads\/2025\/12\/industrial-cocoa-bean-shelling-machine.webp 720w, https:\/\/taizyagromachine.com\/wp-content\/uploads\/2025\/12\/industrial-cocoa-bean-shelling-machine-16x12.webp 16w\" sizes=\"auto, (max-width: 720px) 100vw, 720px\" \/><figcaption class=\"wp-element-caption\">End\u00fcstriyel kakao \u00e7ekirde\u011fi kabuklama makinesi<\/figcaption><\/figure>    <figure class=\"wp-block-image size-large\"><img loading=\"lazy\" decoding=\"async\" width=\"720\" height=\"540\" data-id=\"8636\" src=\"https:\/\/taizyagromachine.com\/wp-content\/uploads\/2025\/12\/cocoa-pod-splitting-machine-packing-with-wood-crate.webp\" alt=\"Kakao kabu\u011fu ay\u0131rma makinesi ah\u015fap kasa ile paketlenmi\u015f\" class=\"wp-image-8636\" srcset=\"https:\/\/taizyagromachine.com\/wp-content\/uploads\/2025\/12\/cocoa-pod-splitting-machine-packing-with-wood-crate.webp 720w, https:\/\/taizyagromachine.com\/wp-content\/uploads\/2025\/12\/cocoa-pod-splitting-machine-packing-with-wood-crate-16x12.webp 16w\" sizes=\"auto, (max-width: 720px) 100vw, 720px\" \/><figcaption class=\"wp-element-caption\">Kakao kabu\u011fu ay\u0131rma makinesi ah\u015fap kasa ile paketlenmi\u015f<\/figcaption><\/figure> <\/figure>    <h2 class=\"wp-block-heading\"><strong><strong>Teklif almak i\u00e7in ne yapmal\u0131y\u0131m?<\/strong><\/strong><\/h2>    <p>Size en uygun kakao kaps\u00fcl ay\u0131r\u0131c\u0131y\u0131 sa\u011flamak i\u00e7in l\u00fctfen bize s\u00f6yleyin:<\/p>    <ul class=\"wp-block-list\"> <li>Planlanan kakao kaps\u00fcl i\u015fleme hacmi (g\u00fcnl\u00fck\/saatlik)<\/li>    <li>Yerel gerilim i\u00e7in ihracat gerekip gerekmedi\u011fi (\u00f6rne\u011fin, 220V\/380V)<\/li>    <li>Tam bir kakao i\u015fleme \u00fcretim hatt\u0131na ihtiya\u00e7 olup olmad\u0131\u011f\u0131<\/li>    <li>Paslanmaz \u00e7elik yap\u0131 gerekip gerekmedi\u011fi<\/li>    <li>Teslimat liman\u0131 veya var\u0131\u015f \u00fclkesi<\/li> <\/ul>    <p>\u015eunlar\u0131 yapaca\u011f\u0131z:<\/p>    <p>\u2713 24 saat i\u00e7inde bir teklif sa\u011flay\u0131n<\/p>    <p>\u2713 Videolar, teknik belgeler ve operasyonel vaka \u00e7al\u0131\u015fmalar\u0131 sa\u011flay\u0131n<\/p>    <p>\u2713 Toptan ve da\u011f\u0131t\u0131m ortakl\u0131klar\u0131n\u0131 destekleyin<\/p>","protected":false},"excerpt":{"rendered":"<p>Taizy Kakao Kabukay\u0131 Ay\u0131r\u0131c\u0131, verimli ve g\u00fcvenli bir \u015fekilde \u00e7al\u0131\u015f\u0131r, kakao \u00e7ekirdeklerini h\u0131zla ve zarar vermeden ay\u0131r\u0131r. Afrika ve Asya'da kakao i\u015fleme i\u00e7in idealdir. \u00d6zelle\u015ftirme se\u00e7enekleri mevcuttur, voltaj uyarlanabilir, deneme \u00e7al\u0131\u015fmas\u0131 videolar\u0131 ve sevkiyat vaka \u00e7al\u0131\u015fmalar\u0131 sa\u011flanm\u0131\u015ft\u0131r.<\/p>","protected":false},"author":1,"featured_media":8628,"parent":0,"template":"","tags":[245],"product-type":[22],"class_list":["post-8627","product","type-product","status-publish","has-post-thumbnail","hentry","tag-cocoa-pod","product-type-others"],"_links":{"self":[{"href":"https:\/\/taizyagromachine.com\/tr\/wp-json\/wp\/v2\/product\/8627","targetHints":{"allow":["GET"]}}],"collection":[{"href":"https:\/\/taizyagromachine.com\/tr\/wp-json\/wp\/v2\/product"}],"about":[{"href":"https:\/\/taizyagromachine.com\/tr\/wp-json\/wp\/v2\/types\/product"}],"author":[{"embeddable":true,"href":"https:\/\/taizyagromachine.com\/tr\/wp-json\/wp\/v2\/users\/1"}],"wp:featuredmedia":[{"embeddable":true,"href":"https:\/\/taizyagromachine.com\/tr\/wp-json\/wp\/v2\/media\/8628"}],"wp:attachment":[{"href":"https:\/\/taizyagromachine.com\/tr\/wp-json\/wp\/v2\/media?parent=8627"}],"wp:term":[{"taxonomy":"post_tag","embeddable":true,"href":"https:\/\/taizyagromachine.com\/tr\/wp-json\/wp\/v2\/tags?post=8627"},{"taxonomy":"product-type","embeddable":true,"href":"https:\/\/taizyagromachine.com\/tr\/wp-json\/wp\/v2\/product-type?post=8627"}],"curies":[{"name":"wp","href":"https:\/\/api.w.org\/{rel}","templated":true}]}}