{"id":8928,"date":"2026-03-02T16:42:42","date_gmt":"2026-03-02T08:42:42","guid":{"rendered":"https:\/\/taizyagromachine.com\/product\/\/"},"modified":"2026-03-02T17:39:37","modified_gmt":"2026-03-02T09:39:37","slug":"cattle-farm-manure-cleaning-machine-manure-collector","status":"publish","type":"product","link":"https:\/\/taizyagromachine.com\/tr\/product\/cattle-farm-manure-cleaning-machine-manure-collector\/","title":{"rendered":"\u0130nek \u00e7iftli\u011fi g\u00fcbre temizleme makinesi"},"content":{"rendered":"<p class=\"translation-block\">Taizy <strong>g\u00fcbre temizleme makinesi<\/strong>, b\u00fcy\u00fck \u00f6l\u00e7ekli hayvanc\u0131l\u0131k operasyonlar\u0131 i\u00e7in g\u00fcbre \u00e7\u0131karma, ta\u015f\u0131ma ve kendi kendine bo\u015faltma fonksiyonlar\u0131yla tasarlanm\u0131\u015ft\u0131r, \u00f6rne\u011fin s\u0131\u011f\u0131r, s\u00fct ve koyun \u00e7iftlikleri. \u00dc\u00e7 tekerlekli veya d\u00f6rt tekerlekli kamyonlarla dizel g\u00fc\u00e7le \u00e7al\u0131\u015f\u0131r, hayvan g\u00fcbresini verimli \u015fekilde i\u015fler ve kapasitesi ara\u00e7 ba\u015f\u0131na 3-5 dakika veya 5-8 dakika, g\u00fcbre kal\u0131nl\u0131\u011f\u0131na ba\u011fl\u0131d\u0131r.<\/p>    <p>Ortak hacmi 3m\u00b3, 5m\u00b3 vb. olan bu cihaz, geleneksel manuel temizlik y\u00f6ntemlerine k\u0131yasla, alan g\u00fcbre toplay\u0131c\u0131s\u0131n\u0131n temizlik verimlili\u011fini \u00f6nemli \u00f6l\u00e7\u00fcde art\u0131r\u0131r, i\u015f\u00e7ilik maliyetlerini azalt\u0131r, \u00e7iftlik hijyenini iyile\u015ftirir ve amonyak ile bakteriyel b\u00fcy\u00fcmeyi en aza indirir. Bu da hayvan sa\u011fl\u0131\u011f\u0131n\u0131 iyile\u015ftirir ve \u00e7iftlik y\u00f6netimini daha standart hale getirir. <\/p>    <p>Modern \u00e7iftliklerde mekanize ve otomatik y\u00f6netim pe\u015finde olanlar i\u00e7in bu inek ah\u0131r\u0131 temizleme makinesi \u00f6nemli bir tercihtir ve \u00fcretim verimlili\u011fini art\u0131rmak ve operasyon maliyetlerini optimize etmek i\u00e7in kullan\u0131l\u0131r.<\/p>    <figure class=\"wp-block-embed is-type-video is-provider-youtube wp-block-embed-youtube wp-embed-aspect-16-9 wp-has-aspect-ratio\"><div class=\"wp-block-embed__wrapper\"> <iframe loading=\"lazy\" title=\"Dizel G\u00fcbre Temizleme Makinesi \u00c7al\u0131\u015fma Videosu | Otomatik G\u00fcbre Toplay\u0131c\u0131 S\u0131\u011f\u0131r \u00c7iftli\u011fi i\u00e7in #g\u00fcbre\" width=\"500\" height=\"281\" src=\"https:\/\/www.youtube.com\/embed\/5JxMkd7zD5o?feature=oembed\" frameborder=\"0\" allow=\"accelerometer; autoplay; clipboard-write; encrypted-media; gyroscope; picture-in-picture; web-share\" referrerpolicy=\"strict-origin-when-cross-origin\" allowfullscreen><\/iframe> <\/div><figcaption class=\"wp-element-caption\">G\u00fcbre toplay\u0131c\u0131 makinesi videosu<\/figcaption><\/figure>    <h2 class=\"wp-block-heading\"><strong>G\u00fcbre temizleme makinesi nedir?<\/strong><\/h2>    <p>G\u00fcbre temizleme makinesi, b\u00fcy\u00fckba\u015f ve k\u00fc\u00e7\u00fckba\u015f \u00e7iftlikleri gibi hayvan bar\u0131naklar\u0131ndaki g\u00fcbre ve at\u0131klar\u0131n temizlenmesi i\u00e7in \u00f6zel olarak tasarlanm\u0131\u015f otomatik bir cihazd\u0131r. Ana i\u015flevi, hayvan d\u0131\u015fk\u0131s\u0131n\u0131 periyodik veya s\u00fcrekli olarak temizlemek, temiz ve kuru ah\u0131r zeminleri sa\u011flamak ve genel hijyen standartlar\u0131n\u0131 art\u0131rmakt\u0131r.<\/p>    <p>G\u00fcbre, \u00f6n vida arac\u0131l\u0131\u011f\u0131yla toplan\u0131r ve zincir kaz\u0131y\u0131c\u0131 sistemiyle ta\u015f\u0131narak merkezi i\u015flem i\u00e7in toplama kutusuna aktar\u0131l\u0131r. Bu nedenle, genellikle otomatik g\u00fcbre kaz\u0131y\u0131c\u0131 veya ah\u0131r g\u00fcbre \u00e7\u0131karma makinesi olarak da adland\u0131r\u0131l\u0131r.<\/p>   <div class=\"wp-block-image\"> <figure class=\"aligncenter size-full\"><img loading=\"lazy\" decoding=\"async\" width=\"720\" height=\"540\" src=\"https:\/\/taizyagromachine.com\/wp-content\/uploads\/2026\/03\/cow-manure-cleaning-machine.jpg\" alt=\"inek g\u00fcbresi temizleme makinesi\" class=\"wp-image-8939\" srcset=\"https:\/\/taizyagromachine.com\/wp-content\/uploads\/2026\/03\/cow-manure-cleaning-machine.jpg 720w, https:\/\/taizyagromachine.com\/wp-content\/uploads\/2026\/03\/cow-manure-cleaning-machine-16x12.jpg 16w\" sizes=\"auto, (max-width: 720px) 100vw, 720px\" \/><figcaption class=\"wp-element-caption\">inek g\u00fcbresi temizleme makinesi<\/figcaption><\/figure> <\/div>   <h2 class=\"wp-block-heading\"><strong>\u0130nek g\u00fcbresi temizleme makinesinin temel avantajlar\u0131<\/strong><\/h2>    <ul class=\"wp-block-list\"> <li>Tam otomatik \u00e7al\u0131\u015fma, bir ki\u015fi ile<\/li>    <li>Verimli hayvan at\u0131\u011f\u0131 giderimi, 3-5 dakika veya 5-8 dakika ba\u015f\u0131na ara\u00e7 ile<\/li>    <li>Ah\u0131r hijyenini ve hayvan sa\u011fl\u0131\u011f\u0131n\u0131 art\u0131rmak i\u00e7in \u226599% temizlik oran\u0131<\/li>    <li>Kamyon se\u00e7enekleri: 3 tekerlek veya 4 tekerlekli mevcut<\/li>    <li>Dayan\u0131kl\u0131 yap\u0131, g\u00fc\u00e7lendirilmi\u015f \u00e7elik yap\u0131 ve a\u015f\u0131nmaya dayan\u0131kl\u0131 kaz\u0131y\u0131c\u0131 tasar\u0131m\u0131yla uzun s\u00fcre kullan\u0131m sa\u011flar.<\/li>    <li>Orta ve b\u00fcy\u00fck s\u00fct \u00e7iftlikleri i\u00e7in uygundur<\/li> <\/ul>    <h2 class=\"wp-block-heading\"><strong>G\u00fcbre temizleme makinesinin teknik \u00f6zellikleri<\/strong><\/h2>    <div class=\"wp-block-columns is-layout-flex wp-container-core-columns-is-layout-9d6595d7 wp-block-columns-is-layout-flex\"> <div class=\"wp-block-column is-layout-flow wp-block-column-is-layout-flow\"><div class=\"wp-block-image\"> <figure class=\"aligncenter size-full\"><img loading=\"lazy\" decoding=\"async\" width=\"720\" height=\"540\" src=\"https:\/\/taizyagromachine.com\/wp-content\/uploads\/2026\/03\/three-wheel-paddock-manure-collector.jpg\" alt=\"\u00fc\u00e7 tekerlekli alan g\u00fcbre toplay\u0131c\u0131\" class=\"wp-image-8933\" srcset=\"https:\/\/taizyagromachine.com\/wp-content\/uploads\/2026\/03\/three-wheel-paddock-manure-collector.jpg 720w, https:\/\/taizyagromachine.com\/wp-content\/uploads\/2026\/03\/three-wheel-paddock-manure-collector-16x12.jpg 16w\" sizes=\"auto, (max-width: 720px) 100vw, 720px\" \/><figcaption class=\"wp-element-caption\">\u00fc\u00e7 tekerlekli alan g\u00fcbre toplay\u0131c\u0131<\/figcaption><\/figure> <\/div><\/div>    <div class=\"wp-block-column is-vertically-aligned-center is-layout-flow wp-block-column-is-layout-flow\"> <p class=\"has-text-align-center translation-block\"><strong>3cbm g\u00fcbre silaj toplay\u0131c\u0131 parametreleri<\/strong><\/p>    <ul class=\"wp-block-list\"> <li>Model: QF-3<\/li>    <li>Boyut: 4500*1450*2450mm<\/li>    <li>G\u00fc\u00e7: 25hp dizel motor<\/li>    <li>Y\u00fcr\u00fcy\u00fc\u015f g\u00fcc\u00fc: \u00fc\u00e7 tekerlekli<\/li>    <li>\u00dcretim kapasitesi: ara\u00e7 ba\u015f\u0131na 3-5 dakika<\/li>    <li>Sepet hacmi: 3m\u00b3<\/li>    <li>\u00dc\u00e7 tekerlekli: Futian Be\u015f Y\u0131ld\u0131z<\/li> <\/ul> <\/div> <\/div>    <div class=\"wp-block-columns is-layout-flex wp-container-core-columns-is-layout-9d6595d7 wp-block-columns-is-layout-flex\"> <div class=\"wp-block-column is-layout-flow wp-block-column-is-layout-flow\"><div class=\"wp-block-image\"> <figure class=\"aligncenter size-full\"><img loading=\"lazy\" decoding=\"async\" width=\"720\" height=\"540\" src=\"https:\/\/taizyagromachine.com\/wp-content\/uploads\/2026\/03\/four-wheel-cattle-farm-cleaning-machine.jpg\" alt=\"d\u00f6rt tekerlekli b\u00fcy\u00fckba\u015f \u00e7iftli\u011fi temizlik makinesi\" class=\"wp-image-8936\" srcset=\"https:\/\/taizyagromachine.com\/wp-content\/uploads\/2026\/03\/four-wheel-cattle-farm-cleaning-machine.jpg 720w, https:\/\/taizyagromachine.com\/wp-content\/uploads\/2026\/03\/four-wheel-cattle-farm-cleaning-machine-16x12.jpg 16w\" sizes=\"auto, (max-width: 720px) 100vw, 720px\" \/><figcaption class=\"wp-element-caption\">d\u00f6rt tekerlekli b\u00fcy\u00fckba\u015f \u00e7iftli\u011fi temizlik makinesi<\/figcaption><\/figure> <\/div><\/div>    <div class=\"wp-block-column is-vertically-aligned-center is-layout-flow wp-block-column-is-layout-flow\"> <p class=\"has-text-align-center translation-block\"><strong>5cbm mera g\u00fcbresi temizleyici parametreleri<\/strong><\/p>    <ul class=\"wp-block-list\"> <li>Model: QF-5<\/li>    <li>Sepet hacmi: 5m\u00b3<\/li>    <li>Boyut: 5200*2200*2600mm<\/li>    <li>G\u00fcbre toplama geni\u015fli\u011fi: 2000mm<\/li>    <li>\u00dcretim kapasitesi: ara\u00e7 ba\u015f\u0131na 5-8 dakika ((d\u0131\u015fk\u0131 tabakas\u0131n\u0131n kal\u0131nl\u0131\u011f\u0131na ba\u011fl\u0131))<\/li>    <li>A\u011f\u0131rl\u0131k: 3500kg<\/li>    <li>S\u00fcr\u00fc\u015f h\u0131z\u0131: \u226430km\/h<\/li>    <li>Lastik say\u0131s\u0131: 4 adet<\/li>    <li>G\u00fcbre toplama sistemi: \u00d6n kar\u0131\u015ft\u0131r\u0131c\u0131 toplama, zincirli kaz\u0131y\u0131c\u0131 konvey\u00f6r<\/li>    <li>Arka sepet g\u00fcbre bo\u015faltma y\u00f6ntemi: Hidrolik devrilme kamyonu<\/li> <\/ul> <\/div> <\/div>    <h2 class=\"wp-block-heading\"><strong>S\u00fct\u00e7\u00fc hayvan g\u00fcbre kaz\u0131y\u0131c\u0131s\u0131 nas\u0131l \u00e7al\u0131\u015f\u0131r?<\/strong><\/h2>    <p>Otomatik g\u00fcbre temizleme makinesi temel olarak vida toplama, zincir konvey\u00f6r kaz\u0131ma, ara\u00e7 toplama ve hidrolik devrilme bo\u015faltma yoluyla \u00e7al\u0131\u015f\u0131r. Ana i\u015f ak\u0131\u015f\u0131 \u015fu \u015fekildedir:<\/p>    <ol class=\"wp-block-list\"> <li>Bir ki\u015fi, s\u00fct \u00e7iftli\u011fi i\u00e7in g\u00fcbre toplay\u0131c\u0131y\u0131 ba\u015flat\u0131r.<\/li>    <li>\u0130nsan makineyi \u00f6ne do\u011fru s\u00fcrerken, \u00f6n monte edilmi\u015f vida at\u0131\u011f\u0131 toplar.<\/li>    <li>Daha sonra toplanan at\u0131k zincirli kaz\u0131y\u0131c\u0131 arac\u0131l\u0131\u011f\u0131yla sepete ta\u015f\u0131n\u0131r.<\/li>    <li>Vida ve zincir kaz\u0131y\u0131c\u0131, makine ilerlerken s\u00fcrekli \u00e7al\u0131\u015f\u0131r, hayvan g\u00fcbresini sepete toplar ve sepet dolana kadar devam eder.<\/li>    <li>Son olarak, hidrolik devrilme mekanizmas\u0131 i\u00e7eri\u011fi otomatik olarak bo\u015falt\u0131r ve g\u00fcbre temizleme d\u00f6ng\u00fcs\u00fcn\u00fc tamamlar. Makine ard\u0131ndan bir sonraki \u00e7al\u0131\u015fma turuna ge\u00e7er.<\/li> <\/ol>    <figure class=\"wp-block-gallery has-nested-images columns-default is-cropped wp-block-gallery-2 is-layout-flex wp-block-gallery-is-layout-flex\"> <figure class=\"wp-block-image size-large\"><img loading=\"lazy\" decoding=\"async\" width=\"720\" height=\"540\" data-id=\"8941\" src=\"https:\/\/taizyagromachine.com\/wp-content\/uploads\/2026\/03\/efficient-barn-cleaning-equipment-for-manure-removal.jpg\" alt=\"g\u00fcbre kald\u0131rma i\u00e7in verimli ah\u0131r temizleme ekipman\u0131\" class=\"wp-image-8941\" srcset=\"https:\/\/taizyagromachine.com\/wp-content\/uploads\/2026\/03\/efficient-barn-cleaning-equipment-for-manure-removal.jpg 720w, https:\/\/taizyagromachine.com\/wp-content\/uploads\/2026\/03\/efficient-barn-cleaning-equipment-for-manure-removal-16x12.jpg 16w\" sizes=\"auto, (max-width: 720px) 100vw, 720px\" \/><figcaption class=\"wp-element-caption\">g\u00fcbre kald\u0131rma i\u00e7in verimli ah\u0131r temizleme ekipman\u0131<\/figcaption><\/figure>    <figure class=\"wp-block-image size-large\"><img loading=\"lazy\" decoding=\"async\" width=\"720\" height=\"540\" data-id=\"8942\" src=\"https:\/\/taizyagromachine.com\/wp-content\/uploads\/2026\/03\/Hydraulic-tipper-truck.jpg\" alt=\"Hidrolik bo\u015faltmal\u0131 kamyon\" class=\"wp-image-8942\" srcset=\"https:\/\/taizyagromachine.com\/wp-content\/uploads\/2026\/03\/Hydraulic-tipper-truck.jpg 720w, https:\/\/taizyagromachine.com\/wp-content\/uploads\/2026\/03\/Hydraulic-tipper-truck-16x12.jpg 16w\" sizes=\"auto, (max-width: 720px) 100vw, 720px\" \/><figcaption class=\"wp-element-caption\">Hidrolik bo\u015faltmal\u0131 kamyon<\/figcaption><\/figure> <\/figure>    <h2 class=\"wp-block-heading\"><strong>Taizy g\u00fcbre toplay\u0131c\u0131 makinesinin uygulama senaryolar\u0131<\/strong><\/h2>    <p>B\u00fcy\u00fck \u00f6l\u00e7ekli \u00e7iftliklerin geli\u015fimiyle birlikte, otomatik g\u00fcbre kald\u0131rma ekipmanlar\u0131 \u00e7e\u015fitli hayvan yeti\u015ftirme ortamlar\u0131nda yayg\u0131n olarak kullan\u0131lmaktad\u0131r. Verimli hayvan g\u00fcbresi kald\u0131rma makinesi olarak, bir\u00e7ok \u00e7iftlik senaryosunda hayati \u00f6neme sahiptir. <\/p>    <ul class=\"wp-block-list\"> <li>S\u00fct \u00e7iftlikleri<\/li>    <li>\u0130nek \u00e7iftlikleri<\/li>    <li>Hayvanc\u0131l\u0131k \u00e7iftlikleri<\/li>    <li>Modern yo\u011fun \u00e7ift\u00e7ilik tesisleri<\/li> <\/ul>    <h2 class=\"wp-block-heading\"><strong>Taizy inek g\u00fcbresi temizleme makinesi fiyat\u0131 nedir?<\/strong><\/h2>    <p>G\u00fcbre temizleme ekipman\u0131 se\u00e7erken m\u00fc\u015fteriler genellikle temel sorulara odaklan\u0131r: fiyat ve \u00f6zelle\u015ftirme.<\/p>    <p class=\"translation-block\"><strong>Sat\u0131\u015fta olan Taizy g\u00fcbre toplay\u0131c\u0131s\u0131n\u0131n fiyat\u0131<\/strong><\/p>    <p>G\u00fcbre temizleme makinesi fiyat\u0131n\u0131 etkileyen temel fakt\u00f6rler \u015funlard\u0131r:<\/p>    <ul class=\"wp-block-list\"> <li>Makine sepeti hacmi<\/li>    <li>Ara\u00e7 lastik say\u0131s\u0131<\/li>    <li>Makine dizel g\u00fc\u00e7 konfig\u00fcrasyonu<\/li>    <li>Yedek par\u00e7a temini<\/li>    <li>Nakliye mesafesi<\/li> <\/ul>    <p>Genellikle, daha y\u00fcksek yap\u0131land\u0131rmalar ve daha uzun ge\u00e7i\u015f yollar\u0131 toplam s\u00fct \u00e7iftli\u011fi temizlik ekipman\u0131 maliyetlerini art\u0131r\u0131r. Bu nedenle, sadece d\u00fc\u015f\u00fck fiyatlar\u0131 takip etmek yerine ger\u00e7ek ihtiya\u00e7lara g\u00f6re \u00e7\u00f6z\u00fcmler se\u00e7mek \u00f6nerilir.<\/p>   <div class=\"wp-block-image\"> <figure class=\"aligncenter size-full\"><img loading=\"lazy\" decoding=\"async\" width=\"720\" height=\"540\" src=\"https:\/\/taizyagromachine.com\/wp-content\/uploads\/2026\/03\/cattle-farm-manure-cleaning-equipment.jpg\" alt=\"s\u0131\u011f\u0131r \u00e7iftli\u011fi g\u00fcbre temizleme ekipman\u0131\" class=\"wp-image-8943\" srcset=\"https:\/\/taizyagromachine.com\/wp-content\/uploads\/2026\/03\/cattle-farm-manure-cleaning-equipment.jpg 720w, https:\/\/taizyagromachine.com\/wp-content\/uploads\/2026\/03\/cattle-farm-manure-cleaning-equipment-16x12.jpg 16w\" sizes=\"auto, (max-width: 720px) 100vw, 720px\" \/><figcaption class=\"wp-element-caption\">s\u0131\u011f\u0131r \u00e7iftli\u011fi g\u00fcbre temizleme ekipman\u0131<\/figcaption><\/figure> <\/div>   <h2 class=\"wp-block-heading\"><strong>Neden otomatik g\u00fcbre kaz\u0131y\u0131c\u0131m\u0131z\u0131 se\u00e7meliyiz?<\/strong><\/h2>    <p>\u0130nek \u00e7iftlikleri i\u00e7in g\u00fcbre kald\u0131rma \u00e7\u00f6z\u00fcmlerimiz, verimlilik, maliyet ve uzun vadeli istikrarl\u0131 \u00e7al\u0131\u015fma aras\u0131nda denge kurmak \u00fczere tasarlanm\u0131\u015ft\u0131r. G\u00fcvenilir modern hayvan at\u0131\u011f\u0131 i\u015fleme ekipmanlar\u0131d\u0131r.<\/p>    <p>\u2714 Maliyet etkin g\u00fcbre y\u00f6netimi \u00e7\u00f6z\u00fcm\u00fc<\/p>    <p>\u2714 \u0130\u015f g\u00fcc\u00fcn\u00fc @-60 oran\u0131nda azalt\u0131r<\/p>    <p>\u2714 \u00c7iftlik verimlili\u011fini art\u0131r\u0131r<\/p>    <p>\u2714 Modern hayvan at\u0131\u011f\u0131 i\u015fleme ekipmanlar\u0131<\/p>    <h2 class=\"wp-block-heading\"><strong>Taizy mera g\u00fcbre temizleme makinesi SSS<\/strong><\/h2>   <div id=\"rank-math-faq\" class=\"rank-math-block\"> <div class=\"rank-math-list\"> <div id=\"faq-question-1772440719924\" class=\"rank-math-list-item\"> <h3 class=\"rank-math-question\">G\u00fcbre sa\u00e7\u0131c\u0131 ile g\u00fcbre temizleme makinesi aras\u0131ndaki fark nedir?<\/h3> <div class=\"rank-math-answer\">  <p class=\"translation-block\">The two serve entirely different functions:<br \/><strong><a href=\"https:\/\/taizyagromachine.com\/tr\/product\/manure-and-fertilizer-spreader-truck\/\">Manure spreader<\/a><\/strong>: Primarily used to evenly distribute fermented manure across farmland for fertilization purposes.<br \/><strong>Manure cleaning machine<\/strong>: Employed inside cattle or sheep barns to collect and remove fecal waste from the floor.<\/p>  <\/div> <\/div> <div id=\"faq-question-1772440837790\" class=\"rank-math-list-item\"> <h3 class=\"rank-math-question\">Otomatik g\u00fcbre kaz\u0131y\u0131c\u0131 k\u00fc\u00e7\u00fck \u00e7iftlikler i\u00e7in uygun mu?<\/h3> <div class=\"rank-math-answer\">  <p>Evet, bu ayn\u0131 zamanda orta ve b\u00fcy\u00fck \u00f6l\u00e7ekli \u00e7iftlikler i\u00e7in de uygundur.<\/p>  <\/div> <\/div> <div id=\"faq-question-1772440877524\" class=\"rank-math-list-item\"> <h3 class=\"rank-math-question\">Ah\u0131r g\u00fcbre \u00e7\u0131karma makinesi ne s\u0131kl\u0131kla \u00e7al\u0131\u015ft\u0131r\u0131lmal\u0131?<\/h3> <div class=\"rank-math-answer\">  <p>\u00c7al\u0131\u015fma s\u0131kl\u0131\u011f\u0131, stok yo\u011funlu\u011fu ve mevsimsel \u00e7evresel ko\u015fullara ba\u011fl\u0131d\u0131r.<\/p>  <\/div> <\/div> <div id=\"faq-question-1772440918053\" class=\"rank-math-list-item\"> <h3 class=\"rank-math-question\">Islak g\u00fcbre ko\u015fullar\u0131nda \u00e7al\u0131\u015fabilir mi?<\/h3> <div class=\"rank-math-answer\">  <p>Evet. Taizy mera g\u00fcbre temizleyicisi, \u0131slak g\u00fcbre ortamlar\u0131na uygun olarak tasarlanm\u0131\u015ft\u0131r.<\/p>  <\/div> <\/div> <\/div> <\/div>","protected":false},"excerpt":{"rendered":"<p>Taizy g\u00fcbre temizleme makinesi, g\u00fcbre kald\u0131rma, ta\u015f\u0131ma ve kendi kendine bo\u015faltma fonksiyonlar\u0131yla tasarlanm\u0131\u015ft\u0131r, s\u0131\u011f\u0131r \u00e7iftli\u011fi i\u00e7in ara\u00e7 ba\u015f\u0131na 3-5 dakika veya 5-8 dakika.<\/p>","protected":false},"author":1,"featured_media":8929,"parent":0,"template":"","tags":[116],"product-type":[19],"class_list":["post-8928","product","type-product","status-publish","has-post-thumbnail","hentry","tag-silage","product-type-silage-machine"],"_links":{"self":[{"href":"https:\/\/taizyagromachine.com\/tr\/wp-json\/wp\/v2\/product\/8928","targetHints":{"allow":["GET"]}}],"collection":[{"href":"https:\/\/taizyagromachine.com\/tr\/wp-json\/wp\/v2\/product"}],"about":[{"href":"https:\/\/taizyagromachine.com\/tr\/wp-json\/wp\/v2\/types\/product"}],"author":[{"embeddable":true,"href":"https:\/\/taizyagromachine.com\/tr\/wp-json\/wp\/v2\/users\/1"}],"wp:featuredmedia":[{"embeddable":true,"href":"https:\/\/taizyagromachine.com\/tr\/wp-json\/wp\/v2\/media\/8929"}],"wp:attachment":[{"href":"https:\/\/taizyagromachine.com\/tr\/wp-json\/wp\/v2\/media?parent=8928"}],"wp:term":[{"taxonomy":"post_tag","embeddable":true,"href":"https:\/\/taizyagromachine.com\/tr\/wp-json\/wp\/v2\/tags?post=8928"},{"taxonomy":"product-type","embeddable":true,"href":"https:\/\/taizyagromachine.com\/tr\/wp-json\/wp\/v2\/product-type?post=8928"}],"curies":[{"name":"wp","href":"https:\/\/api.w.org\/{rel}","templated":true}]}}