{"id":11,"date":"2022-01-11T03:21:20","date_gmt":"2022-01-11T03:21:20","guid":{"rendered":"http:\/\/taizyagromachine.local\/?page_id=11"},"modified":"2022-01-24T06:09:57","modified_gmt":"2022-01-24T06:09:57","slug":"about-us","status":"publish","type":"page","link":"https:\/\/taizyagromachine.com\/vi\/about-us\/","title":{"rendered":"V\u1ec1 ch\u00fang t\u00f4i"},"content":{"rendered":"<div class=\"wp-block-media-text alignwide is-stacked-on-mobile\"><figure class=\"wp-block-media-text__media\"><img loading=\"lazy\" decoding=\"async\" width=\"720\" height=\"540\" src=\"https:\/\/taizyagromachine.com\/wp-content\/uploads\/2022\/01\/cooperation-with-government.jpg\" alt=\"s\u1ef1 h\u1ee3p t\u00e1c\" class=\"wp-image-1801 size-full\"\/><\/figure><div class=\"wp-block-media-text__content\"> <p class=\"translation-block\">L\u00e0 nh\u00e0 s\u1ea3n xu\u1ea5t v\u00e0 cung c\u1ea5p m\u00e1y n\u00f4ng nghi\u1ec7p h\u00e0ng \u0111\u1ea7u v\u00e0 chuy\u00ean nghi\u1ec7p, Taizy Agro Machine Co., Ltd, ch\u00fang t\u00f4i coi \u201c<strong><em>V\u00ec N\u00f4ng d\u00e2n<\/em>, <em>V\u00ec N\u00f4ng nghi\u1ec7p, V\u00ec Cu\u1ed9c s\u1ed1ng T\u1ed1t \u0111\u1eb9p h\u01a1n<\/em><\/strong>\u201d l\u00e0 kh\u1ea9u hi\u1ec7u \u0111\u1ec3 ph\u1ee5c v\u1ee5 kh\u00e1ch h\u00e0ng. B\u00ean c\u1ea1nh \u0111\u00f3, ch\u00fang t\u00f4i c\u00f3 kinh nghi\u1ec7m phong ph\u00fa trong vi\u1ec7c xu\u1ea5t kh\u1ea9u m\u00e1y n\u00f4ng nghi\u1ec7p h\u01a1n 15 n\u0103m. C\u00e1c s\u1ea3n ph\u1ea9m ch\u00ednh c\u1ee7a ch\u00fang t\u00f4i bao g\u1ed3m <strong><em>M\u00e1y xay l\u00faa, M\u00e1y l\u00e0m ng\u00f4, M\u00e1y l\u00e0m l\u00faa m\u00ec, M\u00e1y l\u00e0m \u0111\u1eadu ph\u1ed9ng, M\u00e1y \u1ee7 th\u1ee9c \u0103n gia s\u00fac, M\u00e1y c\u1eaft c\u1ecf kh\u00f4, M\u00e1y \u01b0\u01a1m c\u00e2y gi\u1ed1ng, M\u00e1y tr\u1ed3ng rau, M\u00e1y \u00e9p c\u00e1m vi\u00ean, M\u00e1y \u00e9p th\u1ee9c \u0103n ch\u0103n nu\u00f4i<\/em><\/strong>, v.v. H\u01a1n n\u1eefa, ch\u00fang t\u00f4i c\u00f3 chuy\u00ean m\u00f4n trong vi\u1ec7c th\u1ef1c hi\u1ec7n c\u00e1c D\u1ef1 \u00e1n \u0110\u1ea5u th\u1ea7u t\u1eeb <strong><em>C\u00e1c t\u1ed5 ch\u1ee9c phi ch\u00ednh ph\u1ee7, FAO, UNDP v\u00e0 Mua s\u1eafm c\u1ee7a Ch\u00ednh ph\u1ee7<\/em><\/strong>. <\/p>    <p class=\"translation-block\">Ch\u00e0o m\u1eebng b\u1ea1n \u0111\u1ebfn li\u00ean h\u1ec7 v\u1edbi ch\u00fang t\u00f4i qua WhatsApp\/Wechat\/\u0110i\u1ec7n tho\u1ea1i: <strong><em>+86 13673689272<\/em><\/strong> \u0111\u1ec3 bi\u1ebft th\u00eam th\u00f4ng tin.<\/p> <\/div><\/div>    <h2 class=\"has-huge-font-size wp-block-heading\">T\u1ea1i sao ch\u1ecdn ch\u00fang t\u00f4i<\/h2>    <div class=\"wp-block-columns is-layout-flex wp-container-core-columns-is-layout-9d6595d7 wp-block-columns-is-layout-flex\"> <div class=\"wp-block-column is-layout-flow wp-block-column-is-layout-flow\"> <ul class=\"wp-block-list\"><li>S\u1ee9c m\u1ea1nh nh\u00e0 m\u00e1y m\u1ea1nh m\u1ebd \u0111\u1ed1i v\u1edbi m\u00e1y m\u00f3c s\u1ea3n xu\u1ea5t<\/li><li>Kinh nghi\u1ec7m phong ph\u00fa trong xu\u1ea5t kh\u1ea9u ra n\u01b0\u1edbc ngo\u00e0i<\/li><li>D\u1ecbch v\u1ee5 tr\u01b0\u1edbc b\u00e1n h\u00e0ng, b\u00e1n h\u00e0ng, sau b\u00e1n h\u00e0ng tuy\u1ec7t v\u1eddi \u0111\u01b0\u1ee3c cung c\u1ea5p cho kh\u00e1ch h\u00e0ng<\/li><li>Th\u01b0\u01a1ng hi\u1ec7u \u0111\u00e1ng tin c\u1eady \u0111\u00e1ng mua<\/li><li>Ch\u1ea5t l\u01b0\u1ee3ng \u0111\u01b0\u1ee3c \u0111\u1ea3m b\u1ea3o \u0111\u1ec3 \u0111\u1ea3m b\u1ea3o hi\u1ec7u su\u1ea5t v\u00e0 t\u00e0i s\u1ea3n c\u1ee7a m\u00e1y<\/li><li>C\u00e1c lo\u1ea1i m\u00e1y n\u00f4ng nghi\u1ec7p kh\u00e1c nhau \u0111\u1ec3 \u0111\u00e1p \u1ee9ng nhu c\u1ea7u kh\u00e1c nhau c\u1ee7a kh\u00e1ch h\u00e0ng<\/li><li>Gi\u00e1 c\u1ea3 c\u1ea1nh tranh mang l\u1ea1i l\u1ee3i \u00edch cho kh\u00e1ch h\u00e0ng<\/li><\/ul> <\/div>    <div class=\"wp-block-column is-layout-flow wp-block-column-is-layout-flow\"> <figure class=\"wp-block-gallery aligncenter columns-2 is-cropped wp-block-gallery-2 is-layout-flex wp-block-gallery-is-layout-flex\"><ul class=\"blocks-gallery-grid\"><li class=\"blocks-gallery-item\"><figure><img loading=\"lazy\" decoding=\"async\" width=\"720\" height=\"540\" src=\"https:\/\/taizyagromachine.com\/wp-content\/uploads\/2022\/01\/factory-display-why-choose-us.jpg\" alt=\"tr\u01b0ng b\u00e0y nh\u00e0 m\u00e1y\" data-id=\"1809\" data-full-url=\"https:\/\/taizyagromachine.com\/wp-content\/uploads\/2022\/01\/factory-display-why-choose-us.jpg\" data-link=\"https:\/\/taizyagromachine.com\/about\/factory-display-why-choose-us\/\" class=\"wp-image-1809\"\/><figcaption class=\"blocks-gallery-item__caption\">tr\u01b0ng b\u00e0y nh\u00e0 m\u00e1y<\/figcaption><\/figure><\/li><li class=\"blocks-gallery-item\"><figure><img loading=\"lazy\" decoding=\"async\" width=\"720\" height=\"540\" src=\"https:\/\/taizyagromachine.com\/wp-content\/uploads\/2022\/01\/150pcs-corn-sheller-to-Zimbabwe.jpg\" alt=\"150 chi\u1ebfc m\u00e1y b\u00f3c v\u1ecf ng\u00f4 \u0111\u1ebfn Zimbabwe\" data-id=\"1810\" data-full-url=\"https:\/\/taizyagromachine.com\/wp-content\/uploads\/2022\/01\/150pcs-corn-sheller-to-Zimbabwe.jpg\" data-link=\"https:\/\/taizyagromachine.com\/about\/150pcs-corn-sheller-to-zimbabwe\/\" class=\"wp-image-1810\"\/><figcaption class=\"blocks-gallery-item__caption\">m\u00e1y xay ng\u00f4 \u0111\u1ebfn Zimbabwe<\/figcaption><\/figure><\/li><\/ul><\/figure> <\/div> <\/div>    <h2 class=\"wp-block-heading\">S\u1ef1 ki\u1ec7n<\/h2>    <p>L\u00e0 m\u1ed9t trong nh\u1eefng nh\u00e0 cung c\u1ea5p m\u00e1y n\u00f4ng nghi\u1ec7p chuy\u00ean nghi\u1ec7p nh\u1ea5t \u1edf t\u1ec9nh H\u00e0 Nam, ch\u00fang t\u00f4i \u0111i\u1ec1u tra chuy\u00ean s\u00e2u th\u1ecb tr\u01b0\u1eddng c\u00e1c n\u01b0\u1edbc \u0111ang ph\u00e1t tri\u1ec3n v\u00e0 ch\u1ecdn nh\u1eefng m\u00e1y n\u00f4ng nghi\u1ec7p ph\u00f9 h\u1ee3p nh\u1ea5t \u0111\u1ec3 \u0111\u00e1p \u1ee9ng nhu c\u1ea7u \u0111\u1ecba ph\u01b0\u01a1ng. Ngo\u00e0i ra, ch\u00fang t\u00f4i c\u00f2n \u0111\u01b0\u1ee3c m\u1eddi tham gia nhi\u1ec1u s\u1ef1 ki\u1ec7n n\u1ed5i ti\u1ebfng \u1edf Trung Qu\u1ed1c v\u00e0 n\u01b0\u1edbc ngo\u00e0i.  Ch\u1eb3ng h\u1ea1n nh\u01b0 n\u0103m 2018 \u1edf Nigeria, 2018 \u1edf Ngh\u0129a \u00d4, 2019 \u1edf Nigeria, 2019 \u1edf Vi\u1ec7t Nam, v.v.<\/p>    <div class=\"wp-block-image\"><figure class=\"aligncenter size-full\"><img loading=\"lazy\" decoding=\"async\" width=\"1200\" height=\"600\" src=\"https:\/\/taizyagromachine.com\/wp-content\/uploads\/2022\/01\/events.jpg\" alt=\"s\u1ef1 ki\u1ec7n\" class=\"wp-image-1820\"\/><figcaption>s\u1ef1 ki\u1ec7n<\/figcaption><\/figure><\/div>    <h2 class=\"wp-block-heading\">D\u1ea5u ch\u00e2n<\/h2>    <p>Ch\u00fang t\u00f4i c\u00f3 kinh nghi\u1ec7m xu\u1ea5t kh\u1ea9u h\u01a1n 15 n\u0103m. S\u1ea3n ph\u1ea9m c\u1ee7a ch\u00fang t\u00f4i r\u1ea5t \u0111\u01b0\u1ee3c \u01b0a chu\u1ed9ng \u1edf Ch\u00e2u Phi, \u0110\u00f4ng Nam \u00c1 v\u00e0 Nam M\u1ef9, ch\u1eb3ng h\u1ea1n nh\u01b0 Nigeria, Ghana, Peru, Indonesia, Congo, Ethiopia, Namibia, Maroc, Botswana, v.v. <\/p>    <div class=\"wp-block-image\"><figure class=\"aligncenter size-full\"><img loading=\"lazy\" decoding=\"async\" width=\"1024\" height=\"486\" src=\"https:\/\/taizyagromachine.com\/wp-content\/uploads\/2022\/01\/footprints-Taizy-Agro.jpg\" alt=\"d\u1ea5u ch\u00e2n\" class=\"wp-image-1805\"\/><figcaption>d\u1ea5u ch\u00e2n<\/figcaption><\/figure><\/div>    <h2 class=\"wp-block-heading\">Gi\u1ea5y ch\u1ee9ng nh\u1eadn<\/h2>    <p>C\u00f4ng ty ch\u00fang t\u00f4i \u0111\u00e3 c\u00f3 ch\u1ee9ng ch\u1ec9 ISO 9001 v\u00e0 h\u1ea7u h\u1ebft c\u00e1c s\u1ea3n ph\u1ea9m \u0111\u1ec1u c\u00f3 ch\u1ee9ng ch\u1ec9 CE. Ch\u00fang t\u00f4i c\u00f2n c\u00f3 th\u1ec3 nh\u1eadn PVOC, SONCAP, SABER, C\/O \u01b0u \u0111\u00e3i \u0111\u1ec3 gi\u00fap kh\u00e1ch h\u00e0ng th\u00f4ng quan nh\u1eadp kh\u1ea9u d\u1ec5 d\u00e0ng. Ch\u00fang t\u00f4i cam k\u1ebft cung c\u1ea5p s\u1ea3n ph\u1ea9m ph\u00f9 h\u1ee3p v\u00e0 d\u1ecbch v\u1ee5 \u0111\u1ea7y \u0111\u1ee7 cho m\u1ecdi kh\u00e1ch h\u00e0ng trong v\u00e0 ngo\u00e0i n\u01b0\u1edbc.<\/p>    <div class=\"wp-block-columns is-layout-flex wp-container-core-columns-is-layout-9d6595d7 wp-block-columns-is-layout-flex\"> <div class=\"wp-block-column is-layout-flow wp-block-column-is-layout-flow\"> <div class=\"wp-block-image\"><figure class=\"aligncenter size-full\"><img loading=\"lazy\" decoding=\"async\" width=\"2468\" height=\"3425\" src=\"https:\/\/taizyagromachine.com\/wp-content\/uploads\/2022\/01\/PVOC-.jpg\" alt=\"PVOC\" class=\"wp-image-1832\"\/><figcaption>PVOC<\/figcaption><\/figure><\/div> <\/div>    <div class=\"wp-block-column is-layout-flow wp-block-column-is-layout-flow\"> <div class=\"wp-block-image\"><figure class=\"aligncenter size-full\"><img loading=\"lazy\" decoding=\"async\" width=\"2468\" height=\"3425\" src=\"https:\/\/taizyagromachine.com\/wp-content\/uploads\/2022\/01\/SONCAP-.jpg\" alt=\"SONCAP\" class=\"wp-image-1833\"\/><figcaption>SONCAP<\/figcaption><\/figure><\/div> <\/div>    <div class=\"wp-block-column is-layout-flow wp-block-column-is-layout-flow\"> <div class=\"wp-block-image\"><figure class=\"aligncenter size-full\"><img loading=\"lazy\" decoding=\"async\" width=\"2468\" height=\"3425\" src=\"https:\/\/taizyagromachine.com\/wp-content\/uploads\/2022\/01\/ISO9001-.jpg\" alt=\"ISO9001\" class=\"wp-image-1834\"\/><figcaption>ISO9001<\/figcaption><\/figure><\/div> <\/div> <\/div>    <p><\/p>","protected":false},"excerpt":{"rendered":"<p>As a leading and professional agricultural machines manufacturer and provider, Taizy Agro Machine Co., Ltd, we consider &#8220;For Farmers, For Agriculture, For Better Life&#8221; as our slogan to serve our customers. Besides, we have rich experience in exporting agricultural machines for more than 15 years. Our main products include Rice Mill, Corn Machine, Rice and [&hellip;]<\/p>\n","protected":false},"author":1,"featured_media":0,"parent":0,"menu_order":0,"comment_status":"closed","ping_status":"closed","template":"","meta":{"footnotes":""},"class_list":["post-11","page","type-page","status-publish","hentry"],"_links":{"self":[{"href":"https:\/\/taizyagromachine.com\/vi\/wp-json\/wp\/v2\/pages\/11","targetHints":{"allow":["GET"]}}],"collection":[{"href":"https:\/\/taizyagromachine.com\/vi\/wp-json\/wp\/v2\/pages"}],"about":[{"href":"https:\/\/taizyagromachine.com\/vi\/wp-json\/wp\/v2\/types\/page"}],"author":[{"embeddable":true,"href":"https:\/\/taizyagromachine.com\/vi\/wp-json\/wp\/v2\/users\/1"}],"replies":[{"embeddable":true,"href":"https:\/\/taizyagromachine.com\/vi\/wp-json\/wp\/v2\/comments?post=11"}],"version-history":[{"count":0,"href":"https:\/\/taizyagromachine.com\/vi\/wp-json\/wp\/v2\/pages\/11\/revisions"}],"wp:attachment":[{"href":"https:\/\/taizyagromachine.com\/vi\/wp-json\/wp\/v2\/media?parent=11"}],"curies":[{"name":"wp","href":"https:\/\/api.w.org\/{rel}","templated":true}]}}