{"id":1131,"date":"2021-12-01T09:41:24","date_gmt":"2021-12-01T09:41:24","guid":{"rendered":"https:\/\/taizyagromachine.com\/?p=1131"},"modified":"2022-09-29T11:31:03","modified_gmt":"2022-09-29T03:31:03","slug":"18tpd-automatic-rice-mill-production-line","status":"publish","type":"product","link":"https:\/\/taizyagromachine.com\/vi\/product\/18tpd-automatic-rice-mill-production-line\/","title":{"rendered":"D\u00e2y chuy\u1ec1n s\u1ea3n xu\u1ea5t m\u00e1y xay l\u00faa t\u1ef1 \u0111\u1ed9ng 18TPD"},"content":{"rendered":"<p class=\"translation-block\"><strong>D\u00e2y chuy\u1ec1n s\u1ea3n xu\u1ea5t m\u00e1y xay x\u00e1t l\u00faa g\u1ea1o t\u1ef1 \u0111\u1ed9ng 18TPD<\/strong> l\u00e0 m\u1ed9t d\u00e2y chuy\u1ec1n s\u1ea3n xu\u1ea5t th\u1ef1c t\u1ebf \u0111\u1ec3 ch\u1ebf bi\u1ebfn l\u00faa th\u00e0nh g\u1ea1o tr\u1eafng. S\u1ea3n l\u01b0\u1ee3ng c\u1ee7a n\u00f3 l\u00e0 700-800kg m\u1ed7i gi\u1edd. \u0110\u00e2y l\u00e0 m\u1ed9t nh\u00e0 m\u00e1y xay x\u00e1t l\u00faa ho\u00e0n ch\u1ec9nh, ho\u1ea1t \u0111\u1ed9ng ho\u00e0n to\u00e0n t\u1ef1 \u0111\u1ed9ng. C\u1ea3 l\u00faa tr\u00f2n v\u00e0 l\u00faa d\u00e0i \u0111\u1ec1u c\u00f3 th\u1ec3 s\u1eed d\u1ee5ng, ch\u1ec9 c\u1ea7n ch\u1ecdn m\u00e1y xay x\u00e1t l\u00faa kh\u00e1c nhau. N\u00f3 c\u00f3 th\u1ec3 l\u00e0m s\u1ea1ch, t\u00e1ch \u0111\u00e1, xay v\u1ecf, t\u00e1ch tr\u1ea5u, xay g\u1ea1o, \u0111\u00e1nh b\u00f3ng, ph\u00e2n lo\u1ea1i, ph\u00e2n c\u1ea5p, l\u01b0u tr\u1eef v\u00e0 \u0111\u00f3ng g\u00f3i t\u1ea5t c\u1ea3 trong m\u1ed9t. B\u1ea1n c\u00f3 quan t\u00e2m kh\u00f4ng? Vui l\u00f2ng li\u00ean h\u1ec7 v\u1edbi ch\u00fang t\u00f4i. Ch\u00fang t\u00f4i s\u1ebd cung c\u1ea5p c\u00e1c gi\u1ea3i ph\u00e1p ph\u00f9 h\u1ee3p d\u1ef1a tr\u00ean y\u00eau c\u1ea7u th\u1ef1c t\u1ebf c\u1ee7a b\u1ea1n. 18TPD c\u00f3 ngh\u0129a l\u00e0 18 t\u1ea5n m\u1ed7i ng\u00e0y. 1 t\u1ea5n = 1000 kg. 18 t\u1ea5n = 18000 kg. 18000 kg \/ 24 gi\u1edd = 750 kg \/ gi\u1edd. 700-800kg \/ gi\u1edd l\u00e0 s\u1ea3n l\u01b0\u1ee3ng th\u1ef1c t\u1ebf c\u00f3 th\u1ec3 \u0111\u1ea1t \u0111\u01b0\u1ee3c.<\/p>   <div class=\"wp-block-image\"> <figure class=\"aligncenter size-full\"><img loading=\"lazy\" decoding=\"async\" width=\"720\" height=\"540\" src=\"https:\/\/taizyagromachine.com\/wp-content\/uploads\/2022\/01\/18t-rice-mill-production-line.jpg\" alt=\"D\u00e2y chuy\u1ec1n s\u1ea3n xu\u1ea5t m\u00e1y xay l\u00faa 18tpd\" class=\"wp-image-1780\"\/><figcaption>D\u00e2y chuy\u1ec1n s\u1ea3n xu\u1ea5t m\u00e1y xay l\u00faa 18tpd<\/figcaption><\/figure> <\/div>   <h2 class=\"wp-block-heading\" id=\"overview-of-modern-18tpd-rice-mill-production-line\"><strong>T\u1ed5ng quan v\u1ec1 d\u00e2y chuy\u1ec1n s\u1ea3n xu\u1ea5t m\u00e1y xay l\u00faa 18TPD hi\u1ec7n \u0111\u1ea1i<\/strong><\/h2>   <div class=\"wp-block-image\"> <figure class=\"aligncenter size-full\"><img loading=\"lazy\" decoding=\"async\" width=\"720\" height=\"400\" src=\"https:\/\/taizyagromachine.com\/wp-content\/uploads\/2022\/01\/18t-display.jpg\" alt=\"D\u00e2y chuy\u1ec1n s\u1ea3n xu\u1ea5t ho\u00e0n ch\u1ec9nh 18tpd \" class=\"wp-image-1781\"\/><figcaption>D\u00e2y chuy\u1ec1n s\u1ea3n xu\u1ea5t ho\u00e0n ch\u1ec9nh 18tpd <\/figcaption><\/figure> <\/div>   <h2 class=\"wp-block-heading\" id=\"structure-of-18tpd-fully-automatic-rice-mill-production-line\"><strong>C\u1ea5u tr\u00fac c\u1ee7a d\u00e2y chuy\u1ec1n s\u1ea3n xu\u1ea5t m\u00e1y xay l\u00faa ho\u00e0n to\u00e0n t\u1ef1 \u0111\u1ed9ng 18TPD<\/strong><\/h2>    <p class=\"translation-block\">D\u00e2y chuy\u1ec1n s\u1ea3n xu\u1ea5t m\u00e1y xay x\u00e1t l\u00faa g\u1ea1o n\u00e0y bao g\u1ed3m m\u00e1y l\u00e0m s\u1ea1ch v\u00e0 t\u00e1ch \u0111\u00e1 k\u1ebft h\u1ee3p, m\u00e1y b\u00f3c v\u1ecf l\u00faa, m\u00e1y t\u00e1ch tr\u1ecdng l\u1ef1c, m\u00e1y xay x\u00e1t l\u00faa l\u1ea7n \u0111\u1ea7u, m\u00e1y t\u00e1ch t\u1eeb, m\u00e1y xay x\u00e1t l\u00faa l\u1ea7n hai, m\u00e1y \u0111\u00e1nh b\u00f3ng l\u00faa c\u00f3 n\u01b0\u1edbc, <a href=\"https:\/\/en.wikipedia.org\/wiki\/Colour_sorter\" target=\"_blank\" rel=\"noreferrer noopener\">m\u00e1y ph\u00e2n lo\u1ea1i m\u00e0u<\/a>, m\u00e1y ph\u00e2n lo\u1ea1i l\u00faa, ph\u1ec5u ch\u1ee9a, m\u00e1y c\u00e2n v\u00e0 \u0111\u00f3ng g\u00f3i.<\/p>   <div class=\"wp-block-image\"> <figure class=\"aligncenter size-full\"><img loading=\"lazy\" decoding=\"async\" width=\"720\" height=\"300\" src=\"https:\/\/taizyagromachine.com\/wp-content\/uploads\/2022\/01\/18t-drawing.jpg\" alt=\"nh\u00e0 m\u00e1y xay l\u00faa t\u1ef1 \u0111\u1ed9ng Structure-18tpd\" class=\"wp-image-1783\"\/><figcaption>nh\u00e0 m\u00e1y xay l\u00faa t\u1ef1 \u0111\u1ed9ng Structure-18tpd<\/figcaption><\/figure> <\/div>   <h2 class=\"wp-block-heading\" id=\"why-choose-rice-mill-machine-twice\"><strong>T\u1ea1i sao n\u00ean ch\u1ecdn m\u00e1y xay l\u00faa hai l\u1ea7n?<\/strong><\/h2>    <p>T\u1eeb d\u00e2y chuy\u1ec1n s\u1ea3n xu\u1ea5t m\u00e1y xay l\u00faa t\u1ef1 \u0111\u1ed9ng ho\u00e0n ch\u1ec9nh 18T\/D, ch\u00fang t\u00f4i th\u1ea5y r\u1eb1ng n\u00f3 c\u00f3 ch\u1ebf \u0111\u1ed9 xay x\u00e1t g\u1ea1o th\u1ee9 nh\u1ea5t v\u00e0 xay x\u00e1t g\u1ea1o th\u1ee9 hai. Nh\u1eefng l\u00fd do nh\u01b0 sau:<\/p>    <ol class=\"wp-block-list\" type=\"1\"><li>\u0110\u1ed9 g\u00e3y th\u1ea5p. \u00c1p d\u1ee5ng ph\u01b0\u01a1ng ph\u00e1p xay x\u00e1t g\u1ea1o hai l\u1ea7n gi\u00fap gi\u1ea3m \u0111\u00e1ng k\u1ec3 t\u1ef7 l\u1ec7 g\u1ea1o v\u1ee1 v\u00e0 b\u1ea1n c\u00f3 th\u1ec3 c\u00f3 \u0111\u01b0\u1ee3c g\u1ea1o tr\u1eafng ch\u1ea5t l\u01b0\u1ee3ng cao.<\/li><li>S\u1ea3n l\u01b0\u1ee3ng l\u1edbn. Hai m\u00e1y xay l\u00faa c\u00f3 th\u1ec3 xay l\u00faa m\u00e0 kh\u00f4ng b\u1ecb gi\u00e1n \u0111o\u1ea1n.<\/li><\/ol>    <h2 class=\"wp-block-heading\" id=\"spare-parts-list-necessary-parts-for-1-production-line-in-one-year\"><strong>Danh s\u00e1ch ph\u1ee5 t\u00f9ng thay th\u1ebf (Ph\u1ee5 t\u00f9ng c\u1ea7n thi\u1ebft cho 1 d\u00e2y chuy\u1ec1n s\u1ea3n xu\u1ea5t m\u00e1y xay l\u00faa t\u1ef1 \u0111\u1ed9ng trong m\u1ed9t n\u0103m)<\/strong><\/h2>    <figure class=\"wp-block-table is-style-stripes\"><table><tbody><tr><td>C\u00f3\/kh\u00f4ng<\/td><td>M\u00e1y m\u00f3c<\/td><td>T\u00ean<\/td><td>S\u1ed0 L\u01af\u1ee2NG<\/td><\/tr><tr><td>1<\/td><td>Ph\u1ee5 t\u00f9ng thay th\u1ebf cho m\u00e1y xay l\u00faa<\/td><td>Con l\u0103n cao su<\/td><td>4 chi\u1ebfc<\/td><\/tr><tr><td>2<\/td><td>Ph\u1ee5 t\u00f9ng cho nh\u00e0 m\u00e1y xay l\u00faa \u0111\u1ea7u ti\u00ean<\/td><td>S\u00e0ng<\/td><td>8 chi\u1ebfc<\/td><\/tr><tr><td>3<\/td><td>Ph\u1ee5 t\u00f9ng cho nh\u00e0 m\u00e1y xay l\u00faa \u0111\u1ea7u ti\u00ean<\/td><td>Thanh \u00e9p<\/td><td>16 chi\u1ebfc<\/td><\/tr><tr><td>4<\/td><td>Ph\u1ee5 t\u00f9ng cho nh\u00e0 m\u00e1y xay l\u00faa \u0111\u1ea7u ti\u00ean<\/td><td>Con l\u0103n nh\u00e1m<\/td><td>1 chi\u1ebfc<\/td><\/tr><tr><td>5<\/td><td>Ph\u1ee5 t\u00f9ng cho nh\u00e0 m\u00e1y xay l\u00faa \u0111\u1ea7u ti\u00ean<\/td><td>V\u00edt<\/td><td>2 chi\u1ebfc<\/td><\/tr><tr><td>6<\/td><td>Ph\u1ee5 t\u00f9ng cho nh\u00e0 m\u00e1y xay l\u00faa th\u1ee9 hai<\/td><td>S\u00e0ng<\/td><td>12 chi\u1ebfc<\/td><\/tr><tr><td>7<\/td><td>Ph\u1ee5 t\u00f9ng cho nh\u00e0 m\u00e1y xay l\u00faa th\u1ee9 hai<\/td><td>Thanh \u00e9p<\/td><td>6 chi\u1ebfc<\/td><\/tr><tr><td>8<\/td><td>Ph\u1ee5 t\u00f9ng cho nh\u00e0 m\u00e1y xay l\u00faa th\u1ee9 hai<\/td><td>Con l\u0103n nh\u00e1m<\/td><td>1 chi\u1ebfc<\/td><\/tr><tr><td>9<\/td><td>Ph\u1ee5 t\u00f9ng cho nh\u00e0 m\u00e1y xay l\u00faa th\u1ee9 hai<\/td><td>V\u00edt<\/td><td>2 chi\u1ebfc<\/td><\/tr><\/tbody><\/table><\/figure>    <h2 class=\"wp-block-heading\" id=\"features-of-18t-rice-mill-plant-production-line\"><strong>\u0110\u1eb7c \u0111i\u1ec3m c\u1ee7a d\u00e2y chuy\u1ec1n s\u1ea3n xu\u1ea5t nh\u00e0 m\u00e1y xay l\u00faa 18t<\/strong><\/h2>    <ul class=\"wp-block-list\" type=\"1\"><li>Hi\u1ec7u su\u1ea5t \u1ed5n \u0111\u1ecbnh, c\u1ea5u tr\u00fac nh\u1ecf g\u1ecdn v\u00e0 ch\u1ea5t l\u01b0\u1ee3ng si\u00eau cao.<\/li><li>C\u01a1m \u00edt t\u1ea5m h\u01a1n. B\u1edfi v\u00ec d\u00e2y chuy\u1ec1n s\u1ea3n xu\u1ea5t m\u00e1y xay g\u1ea1o t\u1ef1 \u0111\u1ed9ng n\u00e0y s\u1eed d\u1ee5ng hai m\u00e1y xay x\u00e1t g\u1ea1o.<\/li><li>V\u1eadn h\u00e0nh d\u1ec5 d\u00e0ng, \u0111\u1ed9 ch\u00ednh x\u00e1c g\u1ea1o cao v\u00e0 b\u1ea3o tr\u00ec thu\u1eadn ti\u1ec7n.<\/li><li>T\u1ea5t c\u1ea3 c\u00e1c ph\u1ee5 t\u00f9ng thay th\u1ebf \u0111\u1ec1u \u0111\u01b0\u1ee3c l\u00e0m b\u1eb1ng v\u1eadt li\u1ec7u ch\u1ea5t l\u01b0\u1ee3ng cao, b\u1ec1n v\u00e0 \u0111\u00e1ng tin c\u1eady.<\/li><li>Ti\u1ebft ki\u1ec7m lao \u0111\u1ed9ng v\u00e0 n\u00e2ng cao hi\u1ec7u qu\u1ea3 c\u00f4ng vi\u1ec7c. Nh\u1edd c\u00f3 th\u00f9ng ch\u1ee9a n\u00ean ng\u01b0\u1eddi th\u1ee3 kh\u00f4ng c\u1ea7n ph\u1ea3i \u0111\u1ee3i l\u00e2u \u0111\u1ec3 \u0111\u00f3ng g\u00f3i. Sau khi l\u01b0u tr\u1eef m\u1ed9t s\u1ed1 l\u01b0\u1ee3ng nh\u1ea5t \u0111\u1ecbnh, c\u00f4ng vi\u1ec7c \u0111\u00f3ng g\u00f3i c\u00f3 th\u1ec3 b\u1eaft \u0111\u1ea7u m\u1ed9t c\u00e1ch hi\u1ec7u qu\u1ea3.<\/li><\/ul>    <h2 class=\"wp-block-heading\" id=\"differences-between-15t-and-18t-rice-mill-production-line\"><strong>S\u1ef1 kh\u00e1c bi\u1ec7t gi\u1eefa d\u00e2y chuy\u1ec1n s\u1ea3n xu\u1ea5t m\u00e1y xay l\u00faa t\u1ef1 \u0111\u1ed9ng 15t v\u00e0 18t<\/strong><\/h2>    <ol class=\"wp-block-list\" type=\"1\"><li>\u0110\u1ea7u ra. R\u00f5 r\u00e0ng, \u0111\u1ea7u ra kh\u00e1c nhau. M\u1ed9t c\u00e1i l\u00e0 15t m\u1ed7i ng\u00e0y trong khi c\u00e1i kh\u00e1c l\u00e0 18t m\u1ed7i ng\u00e0y.<\/li><li>M\u00e1y \u0111\u00e1nh b\u00f3ng g\u1ea1o b\u1eb1ng n\u01b0\u1edbc. So v\u1edbi <a href=\"https:\/\/taizyagromachine.com\/vi\/product\/15tpd-complete-rice-mill-production-line\/\" target=\"_blank\" rel=\"noreferrer noopener\">D\u00e2y chuy\u1ec1n s\u1ea3n xu\u1ea5t nh\u00e0 m\u00e1y xay l\u00faa 15t<\/a>, D\u00e2y chuy\u1ec1n s\u1ea3n xu\u1ea5t ho\u00e0n ch\u1ec9nh 18t c\u00f3 m\u00e1y \u0111\u00e1nh b\u00f3ng g\u1ea1o b\u1eb1ng n\u01b0\u1edbc. N\u00f3 \u0111\u00e1nh b\u00f3ng g\u1ea1o tr\u1eafng b\u1eb1ng c\u00e1ch phun n\u01b0\u1edbc, l\u00e0m cho g\u1ea1o tr\u1eafng v\u00e0 nh\u1eb9 h\u01a1n.<\/li><\/ol>    <h2 class=\"wp-block-heading\" id=\"why-choose-us\"><strong>T\u1ea1i sao ch\u1ecdn ch\u00fang t\u00f4i?<\/strong><strong><\/strong><\/h2>    <p class=\"translation-block\">Ch\u00fang t\u00f4i, <a href=\"https:\/\/taizyagromachine.com\/vi\/\" target=\"_blank\" rel=\"noreferrer noopener\">C\u00f4ng ty Taizy<\/a>, l\u00e0 nh\u00e0 s\u1ea3n xu\u1ea5t v\u00e0 cung c\u1ea5p m\u00e1y n\u00f4ng nghi\u1ec7p c\u00f3 kinh nghi\u1ec7m. Ch\u00fang t\u00f4i kh\u00f4ng ch\u1ec9 cung c\u1ea5p m\u1ed9t lo\u1ea1t c\u00e1c nh\u00e0 m\u00e1y xay x\u00e1t l\u00faa, m\u00e0 c\u00f2n m\u00e1y \u0111\u00f3ng ki\u1ec7n c\u1ecf kh\u00f4, m\u00e1y gieo h\u1ea1t ng\u00f4, <a href=\"https:\/\/taizyagromachine.com\/vi\/product\/nursery-transplanter\/\" target=\"_blank\" rel=\"noreferrer noopener\">m\u00e1y c\u1ea5y rau<\/a>, v.v. \u0110\u00f3 l\u00e0 b\u1edfi v\u00ec ch\u00fang t\u00f4i c\u00f3 nh\u1eefng l\u1ee3i th\u1ebf sau \u0111\u00e2y:<\/p>    <ol class=\"wp-block-list\" type=\"1\"><li>Hi\u1ec7u \u1ee9ng th\u01b0\u01a1ng hi\u1ec7u.<\/li><li>D\u1ecbch v\u1ee5 sau b\u00e1n h\u00e0ng.<\/li><li>C\u00e1n b\u1ed9 c\u00f3 chuy\u00ean m\u00f4n, tay ngh\u1ec1 cao.<\/li><\/ol>   <div class=\"wp-block-image\"> <figure class=\"aligncenter size-full\"><img loading=\"lazy\" decoding=\"async\" width=\"720\" height=\"400\" src=\"https:\/\/taizyagromachine.com\/wp-content\/uploads\/2022\/01\/18t-company-factory-strength.jpg\" alt=\"s\u1ee9c m\u1ea1nh nh\u00e0 m\u00e1y c\u00f4ng ty\" class=\"wp-image-1784\"\/><figcaption>s\u1ee9c m\u1ea1nh nh\u00e0 m\u00e1y c\u00f4ng ty<\/figcaption><\/figure> <\/div>   <h2 class=\"wp-block-heading\" id=\"successful-case-4-sets-18tpd-rice-mill-plants-to-burkina-faso\"><strong>Tr\u01b0\u1eddng h\u1ee3p th\u00e0nh c\u00f4ng: 4 b\u1ed9 nh\u00e0 m\u00e1y xay l\u00faa 18TPD cho Burkina Faso<\/strong><\/h2>    <p>N\u0103m nay, m\u1ed9t kh\u00e1ch h\u00e0ng t\u1eeb Burkina Faso \u0111\u00e3 h\u1ecfi v\u1ec1 d\u00e2y chuy\u1ec1n s\u1ea3n xu\u1ea5t m\u00e1y xay l\u00faa t\u1ef1 \u0111\u1ed9ng. Anh \u0111ang \u0111i\u1ec1u h\u00e0nh m\u1ed9t nh\u00e0 m\u00e1y quy m\u00f4 l\u1edbn v\u00e0 c\u00f4ng su\u1ea5t y\u00eau c\u1ea7u l\u00e0 700-800kg\/gi\u1edd. Ngo\u00e0i ra, anh c\u00f2n mu\u1ed1n b\u00e1n g\u1ea1o tr\u1eafng ch\u1ea5t l\u01b0\u1ee3ng cao. V\u00ec v\u1eady, gi\u00e1m \u0111\u1ed1c b\u00e1n h\u00e0ng Emily c\u1ee7a ch\u00fang t\u00f4i \u0111\u00e3 \u0111\u1ec1 xu\u1ea5t d\u00e2y chuy\u1ec1n s\u1ea3n xu\u1ea5t m\u00e1y xay l\u00faa 18TPD \u0111\u1ec3 \u0111\u00e1p \u1ee9ng c\u00f4ng vi\u1ec7c kinh doanh c\u1ee7a m\u00ecnh. \u00d4ng \u0111\u00e3 xem x\u00e9t d\u00e2y chuy\u1ec1n s\u1ea3n xu\u1ea5t v\u00e0 r\u1ea5t h\u00e0i l\u00f2ng. Anh \u1ea5y \u0111\u1eb7t mua 4 b\u1ed9 m\u1ed9t l\u1ea7n. V\u00e0 v\u00e0o th\u00e1ng 9, ch\u00fang t\u00f4i \u0111\u00e3 xu\u1ea5t kh\u1ea9u th\u00e0nh c\u00f4ng sang \u0111\u1ea5t n\u01b0\u1edbc c\u1ee7a anh \u1ea5y l\u00e0 Burkina Faso. Anh \u1ea5y \u0111\u00e3 nh\u1eadn \u0111\u01b0\u1ee3c m\u00e1y v\u00e0 nh\u1eefng ph\u1ea3n h\u1ed3i t\u1ed1t \u0111\u00e3 \u0111\u1ebfn v\u1edbi ch\u00fang t\u00f4i.<\/p>   <div class=\"wp-block-image\"> <figure class=\"aligncenter size-full\"><img loading=\"lazy\" decoding=\"async\" width=\"720\" height=\"540\" src=\"https:\/\/taizyagromachine.com\/wp-content\/uploads\/2022\/01\/loading-into-container-18t.jpg\" alt=\"\u0111ang t\u1ea3i\" class=\"wp-image-1786\"\/><figcaption>\u0111ang t\u1ea3i<\/figcaption><\/figure> <\/div>","protected":false},"excerpt":{"rendered":"<p>18TPD automatic rice mill production line\u00a0is a practical production line to process the paddy rice into white rice. Its output is 700-800kg per hour. It\u2019s a complete rice mill plant, realizing full automation. Both round-shaped and long-shaped paddy rice can use, just choosing different rice millers. It can clean, de-stone, hull, separate, mill, polish, sort, [&hellip;]<\/p>\n","protected":false},"author":1,"featured_media":2077,"parent":0,"template":"","tags":[54,58,53,49,35,56,37,57,48],"product-type":[27],"class_list":["post-1131","product","type-product","status-publish","has-post-thumbnail","hentry","tag-18tpd","tag-18tpd-rice-mill-production-line","tag-automatic-rice-mill-production-line","tag-complete-rice-milling-plant","tag-rice-mill","tag-rice-mill-machine","tag-rice-mill-plant","tag-rice-milling-machine","tag-rice-milling-plant-for-sale","product-type-solutions"],"_links":{"self":[{"href":"https:\/\/taizyagromachine.com\/vi\/wp-json\/wp\/v2\/product\/1131","targetHints":{"allow":["GET"]}}],"collection":[{"href":"https:\/\/taizyagromachine.com\/vi\/wp-json\/wp\/v2\/product"}],"about":[{"href":"https:\/\/taizyagromachine.com\/vi\/wp-json\/wp\/v2\/types\/product"}],"author":[{"embeddable":true,"href":"https:\/\/taizyagromachine.com\/vi\/wp-json\/wp\/v2\/users\/1"}],"wp:featuredmedia":[{"embeddable":true,"href":"https:\/\/taizyagromachine.com\/vi\/wp-json\/wp\/v2\/media\/2077"}],"wp:attachment":[{"href":"https:\/\/taizyagromachine.com\/vi\/wp-json\/wp\/v2\/media?parent=1131"}],"wp:term":[{"taxonomy":"post_tag","embeddable":true,"href":"https:\/\/taizyagromachine.com\/vi\/wp-json\/wp\/v2\/tags?post=1131"},{"taxonomy":"product-type","embeddable":true,"href":"https:\/\/taizyagromachine.com\/vi\/wp-json\/wp\/v2\/product-type?post=1131"}],"curies":[{"name":"wp","href":"https:\/\/api.w.org\/{rel}","templated":true}]}}