{"id":1133,"date":"2021-12-01T09:41:58","date_gmt":"2021-12-01T09:41:58","guid":{"rendered":"https:\/\/taizyagromachine.com\/?p=1133"},"modified":"2022-09-29T13:55:04","modified_gmt":"2022-09-29T05:55:04","slug":"20tpd-rice-mill-plant","status":"publish","type":"product","link":"https:\/\/taizyagromachine.com\/vi\/product\/20tpd-rice-mill-plant\/","title":{"rendered":"Nh\u00e0 m\u00e1y xay x\u00e1t g\u1ea1o 20TPD"},"content":{"rendered":"<p class=\"translation-block\"><strong>Nh\u00e0 m\u00e1y xay x\u00e1t l\u00faa g\u1ea1o 20TPD<\/strong> x\u1eed l\u00fd l\u00faa th\u00f3c th\u00e0nh g\u1ea1o tr\u1eafng, s\u1ea3n l\u01b0\u1ee3ng 20 t\u1ea5n m\u1ed7i ng\u00e0y. \u0110\u00e2y l\u00e0 lo\u1ea1i c\u01a1 b\u1ea3n, bao g\u1ed3m ph\u1ec5u n\u1ea1p, thang m\u00e1y, m\u00e1y t\u00e1ch \u0111\u00e1, m\u00e1y b\u00f3c v\u1ecf tr\u1ea5u, m\u00e1y t\u00e1ch tr\u1ecdng l\u1ef1c v\u00e0 m\u00e1y xay x\u00e1t g\u1ea1o. \u0110\u00e2y l\u00e0 nh\u00e0 m\u00e1y xay x\u00e1t l\u00faa g\u1ea1o ho\u00e0n to\u00e0n t\u1ef1 \u0111\u1ed9ng, s\u1ea3n xu\u1ea5t ra g\u1ea1o tr\u1eafng \u0103n \u0111\u01b0\u1ee3c \u0111\u1ea1t y\u00eau c\u1ea7u. \u0110\u00e2y l\u00e0 d\u00e2y chuy\u1ec1n s\u1ea3n xu\u1ea5t c\u01a1 b\u1ea3n \u0111\u1ec3 ch\u1ebf bi\u1ebfn g\u1ea1o tr\u1eafng, \u0111\u1eb7c bi\u1ec7t \u0111\u01b0\u1ee3c ng\u01b0\u1eddi d\u00e2n Nigeria \u01b0a chu\u1ed9ng. N\u00f4ng d\u00e2n, c\u00f4ng ty ho\u1eb7c nh\u00e0 m\u00e1y c\u00f3 th\u1ec3 mua nh\u00e0 m\u00e1y xay x\u00e1t l\u00faa g\u1ea1o k\u1ebft h\u1ee3p n\u00e0y \u0111\u1ec3 mang l\u1ea1i l\u1ee3i \u00edch cho doanh nghi\u1ec7p c\u1ee7a h\u1ecd. B\u1ea1n c\u00f3 quan t\u00e2m \u0111\u1ebfn lo\u1ea1i m\u00e1y n\u00e0y kh\u00f4ng? Mong nh\u1eadn \u0111\u01b0\u1ee3c y\u00eau c\u1ea7u c\u1ee7a b\u1ea1n!<\/p>    <h2 class=\"wp-block-heading\" id=\"h-working-flow\"><strong>Quy tr\u00ecnh l\u00e0m vi\u1ec7c<\/strong><strong><\/strong><\/h2>    <ol class=\"wp-block-list\" type=\"1\"><li>Cho l\u00faa v\u00e0o ph\u1ec5u. V\u00e0 sau \u0111\u00f3, th\u00f4ng qua ch\u1ea5t t\u1ea9y r\u1eeda, lo\u1ea1i b\u1ecf c\u00e1c t\u1ea1p ch\u1ea5t. L\u00faa \u0111\u1ebfn khu \u0111\u1ecbnh c\u01b0 b\u1eb1ng thang m\u00e1y.<\/li><li>Destoner s\u1ebd lo\u1ea1i b\u1ecf \u0111\u00e1 v\u00e0 t\u1ea1p ch\u1ea5t t\u1ed3n t\u1ea1i trong l\u00faa. Ti\u1ebfp theo, g\u1ea1o l\u00faa \u0111i qua thang m\u00e1y k\u00e9p \u0111\u1ebfn <a href=\"https:\/\/en.wikipedia.org\/wiki\/Rice_huller\" target=\"_blank\" rel=\"noreferrer noopener\">m\u00e1y xay g\u1ea1o<\/a>.<\/li><li>M\u00e1y m\u00f3c g\u1ea1o s\u1ebd lo\u1ea1i b\u1ecf v\u1ecf c\u1ee7a g\u1ea1o l\u00faa. B\u01b0\u1edbc ti\u1ebfp theo l\u00e0 ph\u00e2n t\u00e1ch tr\u1ecdng l\u1ef1c, t\u00e1ch g\u1ea1o l\u00faa v\u00e0 g\u1ea1o n\u00e2u. G\u1ea1o n\u00e2u s\u1ebd \u0111\u1ebfn m\u00e1y xay g\u1ea1o trong khi g\u1ea1o l\u00faa s\u1ebd quay tr\u1edf l\u1ea1i v\u1edbi g\u1ea1o Huller.<\/li><li>M\u00e1y xay g\u1ea1o l\u00e0 nghi\u1ec1n g\u1ea1o n\u00e2u v\u00e0o g\u1ea1o tr\u1eafng. V\u00e0 sau \u0111\u00f3 \u0111\u1ebfn m\u00e0n h\u00ecnh ch\u1ea5m \u0111i\u1ec3m. Cu\u1ed1i c\u00f9ng, c\u00f3 \u0111\u01b0\u1ee3c g\u1ea1o tr\u1eafng \u0111\u1ee7 ti\u00eau chu\u1ea9n.<\/li><\/ol>    <figure class=\"wp-block-embed is-type-video is-provider-youtube wp-block-embed-youtube wp-embed-aspect-16-9 wp-has-aspect-ratio\"><div class=\"wp-block-embed__wrapper\"> <iframe loading=\"lazy\" title=\"C\u1ea7n b\u00e1n nh\u00e0 m\u00e1y xay l\u00faa 20T\/D M\u00e1y ch\u1ebf bi\u1ebfn g\u1ea1o ho\u00e0n to\u00e0n t\u1ef1 \u0111\u1ed9ng t\u00edch h\u1ee3p nh\u00e0 m\u00e1y xay l\u00faa\" width=\"500\" height=\"281\" src=\"https:\/\/www.youtube.com\/embed\/mmUFiYX-sAg?feature=oembed\" frameborder=\"0\" allow=\"accelerometer; autoplay; clipboard-write; encrypted-media; gyroscope; picture-in-picture; web-share\" referrerpolicy=\"strict-origin-when-cross-origin\" allowfullscreen><\/iframe> <\/div><\/figure>    <h2 class=\"wp-block-heading\" id=\"h-structure-of-20tpd-rice-mill-plant-for-sale\"><strong>C\u1ea5u tr\u00fac nh\u00e0 m\u00e1y xay l\u00faa 20TPD \u0111\u1ec3 b\u00e1n<\/strong><\/h2>    <p>Thi\u1ebft b\u1ecb xay g\u1ea1o 20t n\u00e0y c\u00f3 m\u1ed9t s\u1ed1 b\u1ed9 ph\u1eadn, \u0111\u01b0\u1ee3c li\u1ec7t k\u00ea nh\u01b0 d\u01b0\u1edbi \u0111\u00e2y:<\/p>   <div class=\"wp-block-image\"> <figure class=\"aligncenter size-full\"><img loading=\"lazy\" decoding=\"async\" width=\"720\" height=\"540\" src=\"https:\/\/taizyagromachine.com\/wp-content\/uploads\/2022\/02\/structure-of-20tpd-rice-mill-plant.jpg\" alt=\"c\u1ea5u tr\u00fac c\u1ee7a nh\u00e0 m\u00e1y xay l\u00faa 20tpd\" class=\"wp-image-2167\" srcset=\"https:\/\/taizyagromachine.com\/wp-content\/uploads\/2022\/02\/structure-of-20tpd-rice-mill-plant.jpg 720w, https:\/\/taizyagromachine.com\/wp-content\/uploads\/2022\/02\/structure-of-20tpd-rice-mill-plant-300x225.jpg 300w\" sizes=\"auto, (max-width: 720px) 100vw, 720px\" \/><figcaption>c\u1ea5u tr\u00fac c\u1ee7a nh\u00e0 m\u00e1y xay l\u00faa 20tpd<\/figcaption><\/figure> <\/div>   <h2 class=\"wp-block-heading\" id=\"h-machine-details\"><strong>Chi ti\u1ebft m\u00e1y c\u1ee7a <\/strong><\/h2>    <figure class=\"wp-block-gallery aligncenter has-nested-images columns-default is-cropped wp-block-gallery-2 is-layout-flex wp-block-gallery-is-layout-flex\"> <figure class=\"wp-block-image size-large\"><img loading=\"lazy\" decoding=\"async\" width=\"720\" height=\"540\" data-id=\"1751\" src=\"https:\/\/taizyagromachine.com\/wp-content\/uploads\/2022\/01\/destoner-screen.jpg\" alt=\"m\u00e0n h\u00ecnh h\u1ee7y di\u1ec7t\" class=\"wp-image-1751\"\/><figcaption>m\u00e0n h\u00ecnh h\u1ee7y di\u1ec7t<\/figcaption><\/figure>    <figure class=\"wp-block-image size-large\"><img loading=\"lazy\" decoding=\"async\" width=\"720\" height=\"540\" data-id=\"1752\" src=\"https:\/\/taizyagromachine.com\/wp-content\/uploads\/2022\/01\/control-cabinet.jpg\" alt=\"t\u1ee7 \u0111i\u1ec1u khi\u1ec3n\" class=\"wp-image-1752\"\/><figcaption>t\u1ee7 \u0111i\u1ec1u khi\u1ec3n<\/figcaption><\/figure> <\/figure>    <h2 class=\"wp-block-heading\" id=\"h-features-of-20tpd-modern-rice-milling-plant\"><strong>\u0110\u1eb7c \u0111i\u1ec3m c\u1ee7a Nh\u00e0 m\u00e1y xay x\u00e1t g\u1ea1o hi\u1ec7n \u0111\u1ea1i 20TPD<\/strong><\/h2>    <ul class=\"wp-block-list\" type=\"1\"><li>Ph\u1ea7n c\u1ee7a vi\u1ec7c l\u00e0m s\u1ea1ch m\u00e0n h\u00ecnh \u00e1p d\u1ee5ng ho\u1ea1t \u0111\u1ed9ng quay, tuy\u1ebfn l\u00e0m s\u1ea1ch tr\u01a1n tru, hi\u1ec7u \u1ee9ng l\u00e0m s\u1ea1ch d\u00e0i.<\/li><li>Destoner \u00e1p d\u1ee5ng ch\u1ebf \u0111\u1ed9 truy\u1ec1n \u0111\u1ed9c \u0111\u00e1o, tu\u1ed5i th\u1ecd d\u00e0i.<\/li><li>Husker g\u1ea1o \u0111\u01b0\u1ee3c \u0111i\u1ec1u khi\u1ec3n b\u1edfi v\u00e0nh \u0111ai, b\u1ec1 m\u1eb7t r\u0103ng xi\u00ean \u0111\u01b0\u1ee3c \u0111\u1ea3o ng\u01b0\u1ee3c, ti\u1ebfng \u1ed3n th\u1ea5p v\u00e0 hi\u1ec7u su\u1ea5t \u1ed5n \u0111\u1ecbnh.<\/li><li>M\u00e1y phay g\u1ea1o \u0111\u01b0\u1ee3c \u0111i\u1ec1u khi\u1ec3n b\u1edfi b\u1ea3n nh\u00e1p m\u1ea1nh, h\u00e0m l\u01b0\u1ee3ng b\u1ed9t c\u00e1m g\u1ea1o nh\u1ecf, nhi\u1ec7t \u0111\u1ed9 th\u1ea5p.<\/li><li>M\u1ed9t b\u1ed9 ho\u00e0n ch\u1ec9nh c\u00e1c thi\u1ebft b\u1ecb xay g\u1ea1o, bao g\u1ed3m c\u00e1c m\u00e1y \u0111\u01a1n, ch\u1eb3ng h\u1ea1n nh\u01b0 g\u1ea1o husker, g\u1ea1o miller, v.v.<\/li><\/ul>    <h2 class=\"wp-block-heading\" id=\"h-finished-products-effect-of-automatic-rice-processing-plant\"><strong>Th\u00e0nh ph\u1ea9m T\u00e1c d\u1ee5ng c\u1ee7a R t\u1ef1 \u0111\u1ed9ng<\/strong><strong>\u0111\u00e1 <\/strong><strong>P<\/strong><strong>ch\u1ebf bi\u1ebfn <\/strong><strong>P<\/strong><strong>c\u00e2y kim<\/strong><strong><\/strong><\/h2>    <p>T\u1eeb nh\u1eefng h\u00ecnh \u1ea3nh d\u01b0\u1edbi \u0111\u00e2y, n\u00f3 r\u00f5 r\u00e0ng \u0111\u00e3 th\u1ea5y r\u1eb1ng g\u1ea1o l\u00faa tr\u1edf th\u00e0nh g\u1ea1o tr\u1eafng sau m\u1ed9t lo\u1ea1t c\u00e1c quy tr\u00ecnh ch\u1ebf bi\u1ebfn.<\/p>   <div class=\"wp-block-image\"> <figure class=\"aligncenter size-full\"><img loading=\"lazy\" decoding=\"async\" width=\"720\" height=\"540\" src=\"https:\/\/taizyagromachine.com\/wp-content\/uploads\/2022\/01\/finished-products.jpg\" alt=\"th\u00e0nh ph\u1ea9m\" class=\"wp-image-1753\"\/><figcaption>th\u00e0nh ph\u1ea9m<\/figcaption><\/figure> <\/div>   <h2 class=\"wp-block-heading\" id=\"h-rice-mill-plant-applications\"><strong>\u1ee8ng d\u1ee5ng nh\u00e0 m\u00e1y xay l\u00faa<\/strong><strong><\/strong><\/h2>    <ol class=\"wp-block-list\" type=\"1\"><li>\u0110\u1ea5t n\u00f4ng nghi\u1ec7p.<\/li><li>Th\u1ecb tr\u1ea5n.<\/li><li>C\u1eeda h\u00e0ng ng\u0169 c\u1ed1c.<\/li><li>C\u00e1c h\u1ed9 chuy\u00ean bi\u1ec7t.<\/li><\/ol>    <h2 class=\"wp-block-heading\" id=\"h-differences-between-15t-rice-mill-plant-and-20t-rice-mill-plant\"><strong>S\u1ef1 kh\u00e1c bi\u1ec7t gi\u1eefa Nh\u00e0 m\u00e1y xay l\u00faa 15TPD v\u00e0 Nh\u00e0 m\u00e1y xay l\u00faa 20TPD<\/strong><\/h2>    <p class=\"translation-block\">T\u1ea1i <a href=\"https:\/\/taizyagromachine.com\/vi\/\" target=\"_blank\" rel=\"noreferrer noopener\">Taizy Machinery Company<\/a>, v\u1ec1 lo\u1ea1i c\u01a1 b\u1ea3n, nh\u00e0 m\u00e1y xay x\u00e1t l\u00faa g\u1ea1o 15 t\u1ea5n kh\u00e1c v\u1edbi thi\u1ebft b\u1ecb xay x\u00e1t l\u00faa g\u1ea1o 20 t\u1ea5n.<\/p>    <ol class=\"wp-block-list\" type=\"1\"><li>\u0110\u1ea7u ra. N\u00f3 r\u1ea5t kh\u00e1c bi\u1ec7t r\u1eb1ng hai nh\u00e0 m\u00e1y n\u00e0y c\u00f3 s\u1ef1 kh\u00e1c bi\u1ec7t s\u1ea3n xu\u1ea5t. Nh\u00e0 m\u00e1y xay x\u00e1t g\u1ea1o ho\u00e0n ch\u1ec9nh 15t c\u00f3 c\u00f4ng su\u1ea5t 600-700kg m\u1ed7i gi\u1edd trong khi nh\u00e0 m\u00e1y xay x\u00e1t g\u1ea1o t\u1ef1 \u0111\u1ed9ng 20t c\u00f3 c\u00f4ng su\u1ea5t 800-1000kg m\u1ed7i gi\u1edd.<\/li><li>C\u1ea5u h\u00ecnh. So v\u1edbi d\u00e2y chuy\u1ec1n s\u1ea3n xu\u1ea5t m\u00e1y xay l\u00faa t\u00edch h\u1ee3p 15t, m\u00e1y xay x\u00e1t g\u1ea1o 20t c\u00f3 m\u00e1y s\u1ea1ch h\u01a1n v\u00e0 t\u1ee7.<\/li><li>K\u00edch c\u1ee1. B\u1ed9 thi\u1ebft b\u1ecb xay x\u00e1t g\u1ea1o ho\u00e0n ch\u1ec9nh 20t c\u00f3 k\u00edch th\u01b0\u1edbc l\u1edbn h\u01a1n.<\/li><\/ol>    <h2 class=\"wp-block-heading\" id=\"h-related-machines\"><strong>M\u00e1y li\u00ean quan<\/strong><strong><\/strong><\/h2>    <figure class=\"wp-block-gallery aligncenter has-nested-images columns-default is-cropped wp-block-gallery-3 is-layout-flex wp-block-gallery-is-layout-flex\"> <figure class=\"wp-block-image size-large\"><img loading=\"lazy\" decoding=\"async\" width=\"720\" height=\"540\" data-id=\"1756\" src=\"https:\/\/taizyagromachine.com\/wp-content\/uploads\/2022\/01\/15tpd-rice-milling.jpg\" alt=\"nh\u00e0 m\u00e1y xay x\u00e1t g\u1ea1o 15tpd\" class=\"wp-image-1756\"\/><figcaption>nh\u00e0 m\u00e1y xay x\u00e1t g\u1ea1o 15tpd<\/figcaption><\/figure>    <figure class=\"wp-block-image size-large\"><img loading=\"lazy\" decoding=\"async\" width=\"720\" height=\"540\" data-id=\"1758\" src=\"https:\/\/taizyagromachine.com\/wp-content\/uploads\/2022\/01\/30tpd-rice-milling.jpg\" alt=\"nh\u00e0 m\u00e1y xay x\u00e1t g\u1ea1o 30tpd\" class=\"wp-image-1758\"\/><figcaption>nh\u00e0 m\u00e1y xay x\u00e1t g\u1ea1o 30tpd<\/figcaption><\/figure> <\/figure>","protected":false},"excerpt":{"rendered":"<p>20TPD rice milling plant\u00a0is processing the paddy rice into white rice, production of 20t per day. This is the basic type, including the feed hopper, elevator, destoner, rice huller, gravity separator, and rice miller. It\u2019s fully automatic rice milling plant, producing satisfied edible white rice. It\u2019s a basic production line for processing white rice, especially [&hellip;]<\/p>\n","protected":false},"author":1,"featured_media":2165,"parent":0,"template":"","tags":[49,35,56,37,57,48],"product-type":[18],"class_list":["post-1133","product","type-product","status-publish","has-post-thumbnail","hentry","tag-complete-rice-milling-plant","tag-rice-mill","tag-rice-mill-machine","tag-rice-mill-plant","tag-rice-milling-machine","tag-rice-milling-plant-for-sale","product-type-rice-mill"],"_links":{"self":[{"href":"https:\/\/taizyagromachine.com\/vi\/wp-json\/wp\/v2\/product\/1133","targetHints":{"allow":["GET"]}}],"collection":[{"href":"https:\/\/taizyagromachine.com\/vi\/wp-json\/wp\/v2\/product"}],"about":[{"href":"https:\/\/taizyagromachine.com\/vi\/wp-json\/wp\/v2\/types\/product"}],"author":[{"embeddable":true,"href":"https:\/\/taizyagromachine.com\/vi\/wp-json\/wp\/v2\/users\/1"}],"wp:featuredmedia":[{"embeddable":true,"href":"https:\/\/taizyagromachine.com\/vi\/wp-json\/wp\/v2\/media\/2165"}],"wp:attachment":[{"href":"https:\/\/taizyagromachine.com\/vi\/wp-json\/wp\/v2\/media?parent=1133"}],"wp:term":[{"taxonomy":"post_tag","embeddable":true,"href":"https:\/\/taizyagromachine.com\/vi\/wp-json\/wp\/v2\/tags?post=1133"},{"taxonomy":"product-type","embeddable":true,"href":"https:\/\/taizyagromachine.com\/vi\/wp-json\/wp\/v2\/product-type?post=1133"}],"curies":[{"name":"wp","href":"https:\/\/api.w.org\/{rel}","templated":true}]}}