{"id":1135,"date":"2021-12-02T03:26:04","date_gmt":"2021-12-02T03:26:04","guid":{"rendered":"https:\/\/taizyagromachine.com\/?p=1135"},"modified":"2022-11-22T10:32:14","modified_gmt":"2022-11-22T02:32:14","slug":"vegetable-seed-planter","status":"publish","type":"product","link":"https:\/\/taizyagromachine.com\/vi\/product\/vegetable-seed-planter\/","title":{"rendered":"Ng\u01b0\u1eddi tr\u1ed3ng h\u1ea1t gi\u1ed1ng rau"},"content":{"rendered":"<p class=\"translation-block\"><strong>M\u00e1y gieo h\u1ea1t rau<\/strong> \u0111\u01b0\u1ee3c thi\u1ebft k\u1ebf \u0111\u1ec3 gieo c\u00e1c lo\u1ea1i h\u1ea1t rau kh\u00e1c nhau. \u1ee8ng d\u1ee5ng c\u1ee7a n\u00f3 bao ph\u1ee7 h\u1ea7u h\u1ebft t\u1ea5t c\u1ea3 c\u00e1c lo\u1ea1i h\u1ea1t rau, ch\u1eb3ng h\u1ea1n nh\u01b0 h\u1ea1t c\u1ee7 c\u1ea3i, h\u1ea1t c\u1ea3i xo\u0103n, h\u1ea1t b\u00f4ng c\u1ea3i xanh, h\u1ea1t c\u1ea3i m\u00f9 t\u1ea1t, v.v. M\u00e1y gieo h\u1ea1t rau n\u00e0y c\u00f3 c\u1ea5u tr\u00fac r\u1ea5t \u0111\u01a1n gi\u1ea3n, d\u1ec5 v\u1eadn h\u00e0nh v\u00e0 tu\u1ed5i th\u1ecd d\u00e0i. Ngo\u00e0i ra, n\u00f3 l\u00e0 m\u1ed9t m\u00e1y gieo h\u1ea1t t\u1ef1 \u0111\u1ed9ng cao. Nh\u01b0ng m\u1ed9t ng\u01b0\u1eddi n\u00ean gi\u1eef h\u01b0\u1edbng. Theo nhu c\u1ea7u c\u1ee7a b\u1ea1n, b\u1ea1n c\u00f3 th\u1ec3 ch\u1ecdn s\u1ed1 h\u00e0ng m\u00e0 b\u1ea1n mu\u1ed1n. Ch\u00fang t\u00f4i c\u0169ng c\u00f3 th\u1ec3 t\u00f9y ch\u1ec9nh s\u1ed1 h\u00e0ng c\u1ee7a m\u00e1y d\u1ef1a tr\u00ean t\u00ecnh hu\u1ed1ng th\u1ef1c t\u1ebf c\u1ee7a b\u1ea1n. S\u1ed1 h\u00e0ng dao \u0111\u1ed9ng t\u1eeb 1 \u0111\u1ebfn 12. Ngo\u00e0i ra, n\u1ebfu mua m\u1ed9t m\u00e1y gieo h\u1ea1t rau, b\u1ea1n c\u00f3 th\u1ec3 linh ho\u1ea1t ch\u1ecdn s\u1ed1 h\u00e0ng \u0111\u1ec3 gieo h\u1ea1t rau. V\u00ec v\u1eady, b\u1ea1n c\u00f3 th\u1ec3 c\u00f3 \u0111\u01b0\u1ee3c kh\u00f4ng gian m\u00e0 b\u1ea1n mu\u1ed1n. Ch\u00e0o m\u1eebng b\u1ea1n li\u00ean h\u1ec7 v\u1edbi ch\u00fang t\u00f4i \u0111\u1ec3 bi\u1ebft th\u00eam chi ti\u1ebft!<\/p>    <h2 class=\"wp-block-heading\" id=\"working-video-of-vegetable-seeder-machine\"><strong>Video ho\u1ea1t \u0111\u1ed9ng c\u1ee7a m\u00e1y gieo h\u1ea1t rau<\/strong>  <\/h2>    <figure class=\"wp-block-embed aligncenter is-type-video is-provider-youtube wp-block-embed-youtube\"><div class=\"wp-block-embed__wrapper\"> <iframe loading=\"lazy\" title=\"M\u00e1y gieo h\u1ea1t rau c\u1ee7\" width=\"500\" height=\"281\" src=\"https:\/\/www.youtube.com\/embed\/PG3LXZ-K9Bw?feature=oembed\" frameborder=\"0\" allow=\"accelerometer; autoplay; clipboard-write; encrypted-media; gyroscope; picture-in-picture; web-share\" referrerpolicy=\"strict-origin-when-cross-origin\" allowfullscreen><\/iframe> <\/div><\/figure>    <h2 class=\"wp-block-heading\" id=\"structure-of-vegetable-seeder-for-sale\"><strong>C\u01a1 c\u1ea5u m\u00e1y gieo h\u1ea1t rau \u0111\u1ec3 b\u00e1n<\/strong><\/h2>    <p>Thi\u1ebft k\u1ebf m\u00e1y gieo h\u1ea1t rau n\u00e0y r\u1ea5t th\u00e2n thi\u1ec7n v\u1edbi ng\u01b0\u1eddi tr\u1ed3ng tr\u1ecdt. Th\u1ee9 nh\u1ea5t, \u0111\u00e3 c\u00f3 s\u1eb5n \u0111\u1ed9ng c\u01a1 x\u0103ng, cung c\u1ea5p n\u0103ng l\u01b0\u1ee3ng cho vi\u1ec7c gieo h\u1ea1t rau. Ngo\u00e0i ra, m\u1ecdi ng\u01b0\u1eddi ch\u1ec9 c\u1ea7n gi\u1eef tay v\u1ecbn \u0111\u1ec3 \u0111i\u1ec1u khi\u1ec3n h\u01b0\u1edbng. V\u00e0 sau \u0111\u00f3, h\u1ed9p c\u00f4ng c\u1ee5 \u0111\u01b0\u1ee3c g\u1eafn v\u00e0o m\u00e1y. Con l\u0103n c\u00f3 ch\u1ee9c n\u0103ng san ph\u1eb3ng m\u1eb7t \u0111\u1ea5t.<\/p>   <div class=\"wp-block-image\"> <figure class=\"aligncenter size-full\"><img loading=\"lazy\" decoding=\"async\" width=\"720\" height=\"540\" src=\"https:\/\/taizyagromachine.com\/wp-content\/uploads\/2022\/01\/structure-of-vegetable-seed-planter.jpg\" alt=\"c\u1ea5u t\u1ea1o c\u1ee7a m\u00e1y gieo h\u1ea1t rau\" class=\"wp-image-1711\"\/><figcaption class=\"wp-element-caption\">C\u1ea5u t\u1ea1o m\u00e1y gieo h\u1ea1t rau<\/figcaption><\/figure> <\/div>   <h2 class=\"wp-block-heading\" id=\"advantages-of-vegetable-seeding-machine\"><strong>\u01afu \u0111i\u1ec3m c\u1ee7a m\u00e1y tr\u1ed3ng h\u1ea1t gi\u1ed1ng rau \u0111\u1ec3 b\u00e1n<\/strong><\/h2>    <ul class=\"wp-block-list\" type=\"1\"> <li>C\u00e1c h\u00e0ng kh\u00e1c nhau \u0111\u1ec3 tr\u1ed3ng h\u1ea1t gi\u1ed1ng rau. C\u00e1c h\u00e0ng kh\u00e1c nhau trong kho\u1ea3ng 1-12. B\u1ea1n c\u00f3 th\u1ec3 gieo h\u1ea1t ph\u00f9 h\u1ee3p v\u1edbi t\u00ecnh h\u00ecnh \u0111\u1ea5t \u0111ai c\u1ee7a m\u00ecnh.<\/li>    <li>\u0110\u1ed9ng c\u01a1 x\u0103ng. \u0110\u1ed9ng c\u01a1 x\u0103ng n\u00e0y cung c\u1ea5p n\u0103ng l\u01b0\u1ee3ng m\u00e0 ng\u01b0\u1eddi tr\u1ed3ng h\u1ea1t gi\u1ed1ng rau y\u00eau c\u1ea7u.<\/li>    <li>\u1ee8ng d\u1ee5ng r\u1ed9ng r\u00e3i. M\u00e1y gieo rau c\u00f3 nhi\u1ec1u \u1ee9ng d\u1ee5ng \u0111a d\u1ea1ng nh\u01b0 c\u1ea7n t\u00e2y, rau d\u1ec1n, c\u1ea3i ch\u00edp, rau arugula, Yu choi, v.v.<\/li>    <li>B\u1ed9 \u0111\u0129a gieo h\u1ea1t d\u00e0nh cho c\u00e1c lo\u1ea1i h\u1ea1t gi\u1ed1ng rau c\u1ee7. B\u1ed9 s\u1ea3n ph\u1ea9m n\u00e0y c\u00f3 th\u1ec3 gi\u1ea3i quy\u1ebft t\u1ea5t c\u1ea3 c\u00e1c v\u1ea5n \u0111\u1ec1 v\u1ec1 gieo h\u1ea1t rau c\u1ee7 c\u1ee7a b\u1ea1n.<\/li>    <li>Ho\u1ea1t \u0111\u1ed9ng \u0111\u01a1n gi\u1ea3n. Ch\u1ec9 c\u1ea7n m\u1ed9t ng\u01b0\u1eddi ph\u1ee5 tr\u00e1ch ch\u1ec9 \u0111\u1ea1o th\u00ec m\u00e1y c\u00f3 th\u1ec3 ch\u1ea1y r\u1ea5t t\u1ed1t.<\/li>    <li>Gieo linh ho\u1ea1t. B\u1ea1n c\u00f3 th\u1ec3 ch\u1ecdn c\u00e1c h\u1ed9p gieo h\u1ea1t ph\u00f9 h\u1ee3p v\u1edbi kho\u1ea3ng c\u00e1ch c\u1ea7n thi\u1ebft \u0111\u1ec3 th\u00edch \u1ee9ng v\u1edbi nhu c\u1ea7u \u0111\u1ea5t \u0111ai c\u1ee7a m\u00ecnh.<\/li> <\/ul>    <figure class=\"wp-block-gallery has-nested-images columns-default is-cropped wp-block-gallery-2 is-layout-flex wp-block-gallery-is-layout-flex\"> <figure class=\"wp-block-image size-large\"><img loading=\"lazy\" decoding=\"async\" width=\"1685\" height=\"1263\" data-id=\"1715\" src=\"https:\/\/taizyagromachine.com\/wp-content\/uploads\/2022\/01\/equipped-gasoline.jpg\" alt=\"x\u0103ng trang b\u1ecb cho m\u00e1y gieo h\u1ea1t rau\" class=\"wp-image-1715\"\/><figcaption class=\"wp-element-caption\">trang b\u1ecb x\u0103ng<\/figcaption><\/figure>    <figure class=\"wp-block-image size-large\"><img loading=\"lazy\" decoding=\"async\" width=\"720\" height=\"540\" data-id=\"1716\" src=\"https:\/\/taizyagromachine.com\/wp-content\/uploads\/2022\/01\/seeding-disc.jpg\" alt=\"\u0111\u0129a gieo h\u1ea1t c\u1ee7a m\u00e1y gieo h\u1ea1t rau\" class=\"wp-image-1716\"\/><figcaption class=\"wp-element-caption\">\u0111\u0129a gieo h\u1ea1t<\/figcaption><\/figure> <\/figure>    <h2 class=\"wp-block-heading\" id=\"wide-applications\"><strong>\u1ee8ng d\u1ee5ng r\u1ed9ng r\u00e3i c\u1ee7a m\u00e1y gieo h\u1ea1t rau c\u1ea7m tay<\/strong><\/h2>    <p class=\"translation-block\">M\u00e1y gieo h\u1ea1t rau t\u1eeb <a href=\"https:\/\/taizyagromachine.com\/vi\/\" target=\"_blank\" rel=\"noreferrer noopener\">C\u00f4ng ty Taizy<\/a> c\u00f3 m\u1ed9t lo\u1ea1t \u1ee9ng d\u1ee5ng r\u1ea5t l\u1edbn. H\u1ea1t rau l\u00e0, ch\u1eb3ng h\u1ea1n nh\u01b0, h\u1ea1t c\u1ee7 c\u1ea3i, c\u1ea3i xo\u0103n, b\u00f4ng c\u1ea3i xanh, c\u1ea3i m\u00f9 t\u1ea1t, c\u1ea7n t\u00e2y, rau d\u1ec1n, c\u1ea3i th\u00eca, rau arugula, rau Yu Choi, b\u1eafp c\u1ea3i \u0110\u00e0i Loan, rau ch\u00e2n v\u1ecbt, rau c\u1ea7n, h\u00e0nh l\u00e1, t\u1ecfi t\u00e2y, rau m\u00f9i, Kan Kong (ong Choi)(rau mu\u1ed1ng), b\u1eafp c\u1ea3i Napa, c\u00e0 r\u1ed1t, c\u1ee7 c\u1ea3i (c\u00e1c lo\u1ea1i Daikin v\u00e0 ch\u00e2u \u00c1), c\u1ee7 c\u1ea3i \u0111\u01b0\u1eddng, v.v. T\u1ea5t c\u1ea3 c\u00e1c lo\u1ea1i h\u1ea1t rau \u0111\u1ec1u c\u00f3 th\u1ec3 \u00e1p d\u1ee5ng cho m\u00e1y gieo h\u1ea1t rau n\u00e0y. N\u1ebfu b\u1ea1n kh\u00f4ng ch\u1eafc ch\u1eafn, h\u00e3y li\u00ean h\u1ec7 v\u1edbi ch\u00fang t\u00f4i s\u1edbm, ch\u00fang t\u00f4i c\u00f3 th\u1ec3 cung c\u1ea5p gi\u1ea3i ph\u00e1p chuy\u00ean nghi\u1ec7p cho b\u1ea1n.<\/p>   <div class=\"wp-block-image\"> <figure class=\"aligncenter size-full\"><img loading=\"lazy\" decoding=\"async\" width=\"2100\" height=\"500\" src=\"https:\/\/taizyagromachine.com\/wp-content\/uploads\/2022\/01\/wide-applications-of-vegetable-seeder.jpg\" alt=\"\u1ee9ng d\u1ee5ng r\u1ed9ng r\u00e3i c\u1ee7a m\u00e1y gieo h\u1ea1t rau\" class=\"wp-image-1717\"\/><figcaption class=\"wp-element-caption\">\u1ee9ng d\u1ee5ng r\u1ed9ng r\u00e3i c\u1ee7a m\u00e1y gieo h\u1ea1t rau<\/figcaption><\/figure> <\/div>   <h2 class=\"wp-block-heading\" id=\"differences-between-standard-configuration-and-high-configuration\"><strong>S\u1ef1 kh\u00e1c bi\u1ec7t gi\u1eefa c\u1ea5u h\u00ecnh ti\u00eau chu\u1ea9n v\u00e0 c\u1ea5u h\u00ecnh cao \u2013 M\u00e1y gieo h\u1ea1t rau c\u1ee7 \u0111\u1ea9y<\/strong><\/h2>    <p>S\u1ef1 kh\u00e1c bi\u1ec7t c\u01a1 b\u1ea3n n\u1eb1m \u1edf c\u1ea5u t\u1ea1o c\u1ee7a m\u00e1y gieo h\u1ea1t rau c\u1ea7m tay.<\/p>    <p class=\"translation-block\"><strong>C\u1ea5u h\u00ecnh ti\u00eau chu\u1ea9n<\/strong>: thi\u1ebft k\u1ebf m\u1ed9t tr\u1ee5c. T\u1ea5t c\u1ea3 c\u00e1c h\u1ed9p h\u1ea1t \u0111\u01b0\u1ee3c k\u1ebft n\u1ed1i v\u1edbi nhau b\u1eb1ng m\u1ed9t tr\u1ee5c.<\/p>    <p class=\"translation-block\"><strong>C\u1ea5u h\u00ecnh cao<\/strong>: h\u1ed9p h\u1ea1t \u0111\u01b0\u1ee3c l\u1eafp \u0111\u1eb7t \u1edf v\u1ecb tr\u00ed c\u1ed1 \u0111\u1ecbnh, thu\u1eadn ti\u1ec7n \u0111\u1ec3 th\u00e1o r\u1eddi.<\/p>    <p>Khi mu\u1ed1n thay \u0111\u0129a gieo h\u1ea1t \u0111\u1ec3 gieo c\u00e1c lo\u1ea1i h\u1ea1t kh\u00e1c nhau, \u0111\u1ed1i v\u1edbi c\u1ea5u h\u00ecnh ti\u00eau chu\u1ea9n b\u1ea1n c\u1ea7n ph\u1ea3i r\u00fat c\u1ea3 tr\u1ee5c ra, r\u1eafc r\u1ed1i h\u01a1n.<\/p>    <figure class=\"wp-block-gallery has-nested-images columns-default is-cropped wp-block-gallery-3 is-layout-flex wp-block-gallery-is-layout-flex\"> <figure class=\"wp-block-image size-large\"><img loading=\"lazy\" decoding=\"async\" width=\"720\" height=\"540\" data-id=\"1718\" src=\"https:\/\/taizyagromachine.com\/wp-content\/uploads\/2022\/01\/standard-configuration.jpg\" alt=\"c\u1ea5u h\u00ecnh ti\u00eau chu\u1ea9n\" class=\"wp-image-1718\"\/><figcaption class=\"wp-element-caption\">c\u1ea5u h\u00ecnh ti\u00eau chu\u1ea9n<\/figcaption><\/figure>    <figure class=\"wp-block-image size-large\"><img loading=\"lazy\" decoding=\"async\" width=\"720\" height=\"540\" data-id=\"1719\" src=\"https:\/\/taizyagromachine.com\/wp-content\/uploads\/2022\/01\/high-configuration.jpg\" alt=\"c\u1ea5u h\u00ecnh cao\" class=\"wp-image-1719\"\/><figcaption class=\"wp-element-caption\">c\u1ea5u h\u00ecnh cao<\/figcaption><\/figure> <\/figure>    <h2 class=\"wp-block-heading\" id=\"package-and-shipping\"><strong>\u0110\u00f3ng g\u00f3i v\u00e0 v\u1eadn chuy\u1ec3n m\u00e1y tr\u1ed3ng h\u1ea1t gi\u1ed1ng rau th\u01b0\u01a1ng m\u1ea1i nh\u1ecf<\/strong><\/h2>    <p class=\"translation-block\">M\u00e1y gieo h\u1ea1t rau n\u00e0y c\u0169ng \u0111\u01b0\u1ee3c xu\u1ea5t kh\u1ea9u sang c\u00e1c qu\u1ed1c gia v\u00e0 khu v\u1ef1c n\u01b0\u1edbc ngo\u00e0i. Kh\u00f4ng ch\u1ec9 m\u00e1y n\u00e0y, ch\u00fang t\u00f4i c\u0169ng xu\u1ea5t kh\u1ea9u <a href=\"https:\/\/cornmachines.com\/corn-planter-machine\/\" target=\"_blank\" rel=\"noreferrer noopener\">m\u00e1y gieo h\u1ea1t ng\u00f4<\/a>, <a href=\"https:\/\/taizyagromachine.com\/vi\/wheat-planter\/\" target=\"_blank\" rel=\"noreferrer noopener\">m\u00e1y gieo h\u1ea1t l\u00faa m\u00ec<\/a>, v.v. Tr\u01b0\u1edbc khi xu\u1ea5t kh\u1ea9u, ch\u00fang t\u00f4i \u0111\u00f3ng g\u00f3i m\u00e1y v\u00e0o c\u00e1c th\u00f9ng g\u1ed7. Trong qu\u00e1 tr\u00ecnh v\u1eadn chuy\u1ec3n, m\u00e1y c\u00f3 th\u1ec3 \u0111\u01b0\u1ee3c b\u1ea3o v\u1ec7, tr\u00e1nh va ch\u1ea1m g\u00e2y h\u01b0 h\u1ea1i. &nbsp;<\/p>   <div class=\"wp-block-image\"> <figure class=\"aligncenter size-full\"><img loading=\"lazy\" decoding=\"async\" width=\"720\" height=\"540\" src=\"https:\/\/taizyagromachine.com\/wp-content\/uploads\/2022\/01\/packing-and-shipping-vegetable-seeder.jpg\" alt=\"\u0111\u00f3ng g\u00f3i v\u00e0 v\u1eadn chuy\u1ec3n-m\u00e1y gieo h\u1ea1t rau\" class=\"wp-image-1721\"\/><figcaption class=\"wp-element-caption\">\u0111\u00f3ng g\u00f3i v\u00e0 v\u1eadn chuy\u1ec3n-m\u00e1y gieo h\u1ea1t rau<\/figcaption><\/figure> <\/div>   <h2 class=\"wp-block-heading\"><strong>Th\u00f4ng s\u1ed1 k\u1ef9 thu\u1eadt c\u1ee7a m\u00e1y tr\u1ed3ng h\u00e0ng h\u1ea1t gi\u1ed1ng rau<\/strong><\/h2>    <figure class=\"wp-block-table\"><table><tbody><tr><td>Ng\u01b0\u1eddi m\u1eabu<\/td><td>SC-9<\/td><\/tr><tr><td>H\u00e0ng<\/td><td>1-14<\/td><\/tr><tr><td>H\u1ea1t gi\u1ed1ng<\/td><td>rau bina, c\u00e0 r\u1ed1t, c\u1ea7n t\u00e2y, v.v.<\/td><\/tr><tr><td>Quy\u1ec1n l\u1ef1c<\/td><td>\u0110\u1ed9ng c\u01a1 x\u0103ng<\/td><\/tr><tr><td>K\u00edch th\u01b0\u1edbc \u0111\u00f3ng g\u00f3i<\/td><td>116*126*87cm<\/td><\/tr><tr><td>C\u00e2n n\u1eb7ng<\/td><td>160kg<\/td><\/tr><\/tbody><\/table><\/figure>","protected":false},"excerpt":{"rendered":"<p>Vegetable seed planter&nbsp;is designed for&nbsp;sowing various vegetable seeds. Its applications cover almost all kinds of vegetable seeds, such as beets seeds, kale seeds, broccoli seeds, mustard seeds, etc. This vegetable seed planter has very simple structure, easy operation, and long service life. Besides, it\u2019s a highly automatic sowing machine. But one person should hold the [&hellip;]<\/p>\n","protected":false},"author":1,"featured_media":2162,"parent":0,"template":"","tags":[],"product-type":[22],"class_list":["post-1135","product","type-product","status-publish","has-post-thumbnail","hentry","product-type-others"],"_links":{"self":[{"href":"https:\/\/taizyagromachine.com\/vi\/wp-json\/wp\/v2\/product\/1135","targetHints":{"allow":["GET"]}}],"collection":[{"href":"https:\/\/taizyagromachine.com\/vi\/wp-json\/wp\/v2\/product"}],"about":[{"href":"https:\/\/taizyagromachine.com\/vi\/wp-json\/wp\/v2\/types\/product"}],"author":[{"embeddable":true,"href":"https:\/\/taizyagromachine.com\/vi\/wp-json\/wp\/v2\/users\/1"}],"wp:featuredmedia":[{"embeddable":true,"href":"https:\/\/taizyagromachine.com\/vi\/wp-json\/wp\/v2\/media\/2162"}],"wp:attachment":[{"href":"https:\/\/taizyagromachine.com\/vi\/wp-json\/wp\/v2\/media?parent=1135"}],"wp:term":[{"taxonomy":"post_tag","embeddable":true,"href":"https:\/\/taizyagromachine.com\/vi\/wp-json\/wp\/v2\/tags?post=1135"},{"taxonomy":"product-type","embeddable":true,"href":"https:\/\/taizyagromachine.com\/vi\/wp-json\/wp\/v2\/product-type?post=1135"}],"curies":[{"name":"wp","href":"https:\/\/api.w.org\/{rel}","templated":true}]}}