{"id":1137,"date":"2021-12-02T01:28:02","date_gmt":"2021-12-02T01:28:02","guid":{"rendered":"https:\/\/taizyagromachine.com\/?p=1137"},"modified":"2025-01-02T13:56:04","modified_gmt":"2025-01-02T05:56:04","slug":"wheat-planter","status":"publish","type":"product","link":"https:\/\/taizyagromachine.com\/vi\/product\/wheat-planter\/","title":{"rendered":"Ng\u01b0\u1eddi tr\u1ed3ng l\u00faa m\u00ec"},"content":{"rendered":"<p class=\"translation-block\"><strong>M\u00e1y gieo l\u00faa m\u00ec<\/strong> l\u00e0 m\u1ed9t m\u00e1y gieo h\u1ea1t \u0111\u1eb7c bi\u1ec7t \u0111\u1ec3 gieo <a href=\"https:\/\/en.wikipedia.org\/wiki\/Wheat\" target=\"_blank\" rel=\"noreferrer noopener\">l\u00faa m\u00ec<\/a>. M\u00e1y gieo l\u00faa m\u00ec n\u00e0y c\u00f3 th\u1ec3 gieo h\u1ea1t v\u00e0 b\u00f3n ph\u00e2n \u0111\u1ed3ng th\u1eddi. T\u1ea5t nhi\u00ean, b\u1ea1n c\u00f3 th\u1ec3 ch\u1ecdn ch\u1ec9 gieo h\u1ea1t. T\u00f9y thu\u1ed9c v\u00e0o b\u1ea1n. Ngo\u00e0i ra, n\u00f3 ph\u00f9 h\u1ee3p \u0111\u1ec3 gieo l\u00faa m\u00ec, c\u1ecf linh l\u0103ng, ng\u0169 c\u1ed1c, l\u00faa m\u1ea1ch, l\u00faa kh\u00f4, v\u1eebng, v.v. K\u00edch th\u01b0\u1edbc m\u00e1y thay \u0111\u1ed5i theo m\u00e1y gieo l\u00faa m\u00ec c\u00f3 c\u00e1c h\u00e0ng kh\u00e1c nhau. N\u00f3 n\u00ean ho\u1ea1t \u0111\u1ed9ng v\u1edbi m\u00e1y k\u00e9o \u0111\u1ec3 ho\u00e0n th\u00e0nh c\u00f4ng vi\u1ec7c tr\u1ed3ng l\u00faa m\u00ec m\u1ed9t c\u00e1ch t\u1ef1 \u0111\u1ed9ng. Nh\u01b0ng nh\u01b0 m\u1ecdi ng\u01b0\u1eddi \u0111\u1ec1u bi\u1ebft, m\u00e1y n\u00e0y \u0111\u01b0\u1ee3c s\u1eed d\u1ee5ng tr\u00ean c\u00e1nh \u0111\u1ed3ng \u0111\u00e3 chu\u1ea9n b\u1ecb. N\u1ebfu b\u1ea1n c\u00f3 th\u1eafc m\u1eafc, vui l\u00f2ng li\u00ean h\u1ec7 v\u1edbi ch\u00fang t\u00f4i c\u00e0ng s\u1edbm c\u00e0ng t\u1ed1t \u0111\u1ec3 bi\u1ebft chi ti\u1ebft!<\/p>    <h2 class=\"wp-block-heading\" id=\"h-wheat-planter-for-sale\"><strong>C\u1ea7n b\u00e1n m\u00e1y tr\u1ed3ng l\u00faa m\u00ec<\/strong><strong><\/strong><\/h2>    <p class=\"translation-block\">T\u1ea1i <a href=\"https:\/\/taizyagromachine.com\/vi\/\" target=\"_blank\" rel=\"noreferrer noopener\">Taizy Machine Company<\/a>, ch\u00fang t\u00f4i cung c\u1ea5p nhi\u1ec1u lo\u1ea1i m\u00e1y gieo l\u00faa m\u00ec \u0111\u1ec3 b\u00e1n. D\u00f2ng m\u00e1y 2BXF n\u00e0y l\u00e0 c\u00e1c m\u1eabu m\u1edbi, l\u1eafp h\u1ed9p s\u1ed1 \u0111\u1ec3 \u0111i\u1ec1u ch\u1ec9nh l\u01b0\u1ee3ng x\u1ea3. C\u00e1c lo\u1ea1i ch\u00ednh \u0111\u01b0\u1ee3c m\u00f4 t\u1ea3 nh\u01b0 d\u01b0\u1edbi \u0111\u00e2y:<\/p>    <h3 class=\"wp-block-heading\" id=\"h-type-a\"><strong>C\u1ea7n b\u00e1n m\u00e1y tr\u1ed3ng l\u00faa m\u00ec 2BFX-9 (9 h\u00e0ng)<\/strong><\/h3>    <p>Lo\u1ea1i m\u00e1y gieo h\u1ea1t n\u00e0y c\u00f3 9 h\u00e0ng \u0111\u1ec3 gieo l\u00faa. N\u00f3 \u0111i\u1ec1u ch\u1ec9nh li\u00ean k\u1ebft 3 \u0111i\u1ec3m v\u00e0 ph\u00f9 h\u1ee3p v\u1edbi m\u00e1y k\u00e9o nh\u1ecf. Trong qu\u00e1 tr\u00ecnh v\u1eadn h\u00e0nh, n\u00f3 c\u00f3 th\u1ec3 san ph\u1eb3ng ru\u1ed9ng, c\u00e0y x\u1edbi, ph\u1ee7 \u0111\u1ea5t, v.v.<\/p>   <div class=\"wp-block-image\"> <figure class=\"aligncenter size-full\"><img loading=\"lazy\" decoding=\"async\" width=\"720\" height=\"540\" src=\"https:\/\/taizyagromachine.com\/wp-content\/uploads\/2021\/12\/9-row-wheat-planting-machine.jpg\" alt=\"M\u00e1y tr\u1ed3ng l\u00faa m\u00ec 9 h\u00e0ng\" class=\"wp-image-1731\"\/><figcaption class=\"wp-element-caption\">M\u00e1y tr\u1ed3ng l\u00faa m\u00ec 9 h\u00e0ng<\/figcaption><\/figure> <\/div>   <h3 class=\"wp-block-heading\" id=\"h-type-b\"><strong> C\u1ea7n b\u00e1n m\u00e1y tr\u1ed3ng l\u00faa m\u00ec 2BFX-12 (12 h\u00e0ng)<\/strong><\/h3>    <p>M\u00e1y tr\u1ed3ng l\u00faa m\u00ec c\u00f3 12 h\u00e0ng \u0111\u1ec3 l\u00e0m vi\u1ec7c. T\u1ea5t c\u1ea3 c\u00e1c nhi\u1ec7m v\u1ee5 c\u00f3 th\u1ec3 ho\u00e0n th\u00e0nh, bao g\u1ed3m san l\u1ea5p m\u1eb7t b\u1eb1ng, m\u1edf \u0111\u1ea5t, b\u00f3n ph\u00e2n, gieo h\u1ea1t, che ph\u1ee7 v\u00e0 \u00e9p. So v\u1edbi 2BXF-9, lo\u1ea1i n\u00e0y c\u00f3 hi\u1ec7u su\u1ea5t l\u00e0m vi\u1ec7c cao h\u01a1n.<\/p>   <div class=\"wp-block-image\"> <figure class=\"aligncenter size-full\"><img loading=\"lazy\" decoding=\"async\" width=\"720\" height=\"540\" src=\"https:\/\/taizyagromachine.com\/wp-content\/uploads\/2022\/01\/12-row-wheat-seeder.jpg\" alt=\"M\u00e1y gieo h\u1ea1t l\u00faa m\u00ec 12 h\u00e0ng\" class=\"wp-image-1732\"\/><figcaption class=\"wp-element-caption\">M\u00e1y tr\u1ed3ng l\u00faa m\u00ec 12 h\u00e0ng<\/figcaption><\/figure> <\/div>   <h3 class=\"wp-block-heading\" id=\"h-type-c\"><strong>C\u1ea7n b\u00e1n m\u00e1y tr\u1ed3ng l\u00faa m\u00ec 2BFX-20 (20 h\u00e0ng)<\/strong><\/h3>    <p>M\u00e1y tr\u1ed3ng l\u00faa m\u00ec n\u00e0y c\u00f3 20 h\u00e0ng \u0111\u1ec3 th\u1ef1c hi\u1ec7n c\u00f4ng vi\u1ec7c gieo h\u1ea1t. N\u00f3 c\u00f3 th\u1ec3 c\u1ed9ng t\u00e1c v\u1edbi m\u00e1y k\u00e9o ph\u00f9 h\u1ee3p, c\u1ea3i thi\u1ec7n \u0111\u00e1ng k\u1ec3 hi\u1ec7u qu\u1ea3 canh t\u00e1c.<\/p>   <div class=\"wp-block-image\"> <figure class=\"aligncenter size-full\"><img loading=\"lazy\" decoding=\"async\" width=\"720\" height=\"540\" src=\"https:\/\/taizyagromachine.com\/wp-content\/uploads\/2022\/01\/20-row-wheat-seeder.jpg\" alt=\"M\u00e1y tr\u1ed3ng l\u00faa m\u00ec 20 h\u00e0ng\" class=\"wp-image-1734\"\/><figcaption class=\"wp-element-caption\">M\u00e1y tr\u1ed3ng l\u00faa m\u00ec 20 h\u00e0ng<\/figcaption><\/figure> <\/div>   <h2 class=\"wp-block-heading\" id=\"h-advantages-of-wheat-planter-machine\"><strong>\u01afu \u0111i\u1ec3m c\u1ee7a m\u00e1y tr\u1ed3ng l\u00faa m\u00ec<\/strong><strong><\/strong><\/h2>    <ul class=\"wp-block-list\" type=\"1\"> <li>T\u1ef7 l\u1ec7 gieo h\u1ea1t ch\u00ednh x\u00e1c h\u01a1n. Do \u00e1p d\u1ee5ng m\u00f4 h\u00ecnh m\u1edbi n\u00ean m\u00e1y c\u00f3 th\u1ec3 gieo l\u00faa m\u00ec ch\u00ednh x\u00e1c h\u01a1n.<\/li>    <li>Ph\u1ec5u ph\u00e2n b\u00f3n m\u1edbi \u0111\u01b0\u1ee3c l\u00e0m b\u1eb1ng th\u00e9p kh\u00f4ng g\u1ec9. V\u00ec v\u1eady, n\u00f3 b\u1ec1n h\u01a1n v\u00e0 \u0111\u00e1ng tin c\u1eady h\u01a1n khi s\u1eed d\u1ee5ng.<\/li>    <li>M\u00e1y tr\u1ed3ng l\u00faa m\u00ec \u0111\u01b0\u1ee3c \u00e1p d\u1ee5ng cho c\u00e1c m\u1eb7t h\u00e0ng d\u1ea1ng h\u1ea1t nh\u1ecf, ch\u1eb3ng h\u1ea1n nh\u01b0 l\u00faa m\u00ec, g\u1ea1o, c\u1ecf linh l\u0103ng, l\u00faa m\u1ea1ch, c\u1ecf, l\u00faa kh\u00f4, c\u1ecf, v.v.<\/li>    <li>M\u00e1y n\u00e0y c\u00f3 th\u1ec3 \u0111\u01b0\u1ee3c s\u1ea3n xu\u1ea5t v\u1edbi h\u00e0ng 6, 9, 12, 14, 16, 20.<\/li>    <li>N\u00f3 s\u1eed d\u1ee5ng k\u1ebft n\u1ed1i h\u1ec7 th\u1ed1ng treo v\u1edbi m\u00e1y k\u00e9o, li\u00ean k\u1ebft 3 \u0111i\u1ec3m.<\/li>    <li>M\u00e1y n\u00e0y gieo h\u1ea1t v\u00e0 b\u00f3n ph\u00e2n tr\u00ean c\u00f9ng m\u1ed9t lu\u1ed1ng.<\/li> <\/ul>    <h2 class=\"wp-block-heading\" id=\"h-machine-details\"><strong>Chi ti\u1ebft m\u00e1y c\u1ee7a m\u00e1y tr\u1ed3ng l\u00faa m\u00ec Taizy<\/strong><\/h2>    <p>Nh\u01b0 h\u00ecnh \u1ea3nh b\u00ean d\u01b0\u1edbi cho th\u1ea5y, ph\u1ea7n \u0111\u1ea7u ti\u00ean cho th\u1ea5y \u0111\u1ea5t \u0111\u01b0\u1ee3c ph\u1ee7 k\u00edn sau khi gieo h\u1ea1t. M\u1ed9t \u0111i\u1ec1u kh\u00e1c cho th\u1ea5y ch\u00fang ta c\u00f3 th\u1ec3 nh\u00ecn r\u00f5 khi gieo h\u1ea1t.<\/p>   <div class=\"wp-block-image\"> <figure class=\"aligncenter size-full\"><img loading=\"lazy\" decoding=\"async\" width=\"720\" height=\"720\" src=\"https:\/\/taizyagromachine.com\/wp-content\/uploads\/2022\/01\/wheat-machine-details.jpg\" alt=\"chi ti\u1ebft m\u00e1y l\u00faa m\u00ec\" class=\"wp-image-1736\"\/><figcaption class=\"wp-element-caption\">chi ti\u1ebft m\u00e1y l\u00faa m\u00ec<\/figcaption><\/figure> <\/div>   <h2 class=\"wp-block-heading\" id=\"h-questions-you-will-ask\"><strong>Nh\u1eefng c\u00e2u h\u1ecfi b\u1ea1n s\u1ebd h\u1ecfi khi ch\u1ecdn m\u00e1y tr\u1ed3ng l\u00faa m\u00ec <\/strong><\/h2>    <h3 class=\"wp-block-heading\" id=\"h-tractor-horsepower\"><strong>M\u00e3 l\u1ef1c m\u00e1y k\u00e9o<\/strong><\/h3>    <p>Do m\u00e1y gieo h\u1ea1t l\u00faa m\u00ec kh\u00e1c nhau n\u00ean m\u00e1y ph\u1ea3i ph\u00f9 h\u1ee3p v\u1edbi m\u00e1y k\u00e9o t\u01b0\u01a1ng \u1ee9ng. V\u00ed d\u1ee5, ng\u01b0\u1eddi tr\u1ed3ng l\u00faa m\u00ec 9 h\u00e0ng \u0111ang l\u00e0m vi\u1ec7c v\u1edbi m\u00e1y k\u00e9o nh\u1ecf, trong khi ng\u01b0\u1eddi tr\u1ed3ng l\u00faa m\u00ec 20 h\u00e0ng c\u1ea7n m\u1ed9t m\u00e1y k\u00e9o m\u1ea1nh h\u01a1n.<\/p>    <h3 class=\"wp-block-heading\" id=\"h-planting-rows\"><strong>Tr\u1ed3ng h\u00e0ng<\/strong><\/h3>    <p>Khi x\u00e1c \u0111\u1ecbnh \u0111\u01b0\u1ee3c h\u00e0ng gieo tr\u1ed3ng th\u00ec c\u00f3 th\u1ec3 quy\u1ebft \u0111\u1ecbnh \u0111\u01b0\u1ee3c lo\u1ea1i m\u00e1y gieo h\u1ea1t l\u00faa m\u00ec. C\u00f3 s\u1eb5n c\u00e1c h\u00e0ng 6, 9, 12, 14, 16 v\u00e0 20.<\/p>    <h3 class=\"wp-block-heading\" id=\"h-fertilizing-and-sowing-quantity\"><strong>S\u1ed1 l\u01b0\u1ee3ng b\u00f3n ph\u00e2n v\u00e0 gieo h\u1ea1t<\/strong><\/h3>    <p>\u0110i\u1ec1u n\u00e0y \u0111\u01b0\u1ee3c k\u1ebft n\u1ed1i ch\u1eb7t ch\u1ebd v\u1edbi m\u00e1y c\u00f3 ph\u00e2n b\u00f3n v\u00e0 h\u1ed9p \u0111\u1ef1ng h\u1ea1t gi\u1ed1ng. Khi b\u1ea1n s\u1eed d\u1ee5ng m\u00e1y n\u00e0y, h\u00e3y c\u1ea9n th\u1eadn r\u1eb1ng l\u01b0\u1ee3ng ph\u00e2n b\u00f3n ph\u1ea3i ph\u00f9 h\u1ee3p v\u1edbi l\u01b0\u1ee3ng h\u1ea1t gi\u1ed1ng. H\u1ecd c\u00f3 m\u1ed9t t\u1ef7 l\u1ec7 nh\u1ea5t \u0111\u1ecbnh. N\u1ebfu b\u1ea1n \u0111ang b\u1ed1i r\u1ed1i, h\u00e3y li\u00ean h\u1ec7 v\u1edbi ch\u00fang t\u00f4i \u0111\u1ec3 \u0111\u01b0\u1ee3c h\u1ed7 tr\u1ee3!<\/p>    <h2 class=\"wp-block-heading\" id=\"h-maintenance-of-wheat-seed-drill\"><strong>B\u1ea3o tr\u00ec m\u00e1y khoan h\u1ea1t l\u00faa m\u00ec<\/strong><strong><\/strong><\/h2>    <ol class=\"wp-block-list\" type=\"1\"> <li>Khi m\u00e1y ch\u1ea1y tr\u00ean \u0111\u01b0\u1eddng v\u1edbi t\u1ed1c \u0111\u1ed9 cao ph\u1ea3i kh\u00f3a m\u00e1y n\u00e2ng, nghi\u00eam c\u1ea5m k\u00e9o m\u00e1y \u0111\u1ec3 l\u00e1i.<\/li>    <li>Ki\u1ec3m tra c\u00e1c \u1ed1c v\u00edt v\u00e0 \u0111\u1ea7u n\u1ed1i tr\u01b0\u1edbc khi tr\u1ed3ng v\u00e0 si\u1ebft ch\u1eb7t k\u1ecbp th\u1eddi n\u1ebfu ch\u00fang b\u1ecb l\u1ecfng.<\/li>    <li>Trong qu\u00e1 tr\u00ecnh v\u1eadn h\u00e0nh, ng\u01b0\u1eddi v\u1eadn h\u00e0nh ph\u1ea3i tu\u00e2n th\u1ee7 nghi\u00eam ng\u1eb7t c\u00e1c quy t\u1eafc v\u1eadn h\u00e0nh an to\u00e0n \u0111\u1ec3 gi\u1ea3m hao m\u00f2n kh\u00f4ng c\u1ea7n thi\u1ebft tr\u00ean m\u00e1y c\u00f4ng c\u1ee5.<\/li>    <li>Sau m\u1ed7i ca, lo\u1ea1i b\u1ecf \u0111\u1ea5t kh\u1ecfi t\u1ea5t c\u1ea3 c\u00e1c b\u1ed9 ph\u1eadn c\u1ee7a m\u00e1y.<\/li>    <li>Sau khi s\u1eed d\u1ee5ng h\u00e0ng qu\u00fd, h\u00e3y v\u1ec7 sinh v\u00e0 b\u1ea3o tr\u00ec k\u1ecbp th\u1eddi. L\u00e0m s\u1ea1ch ph\u00e2n b\u00f3n, ki\u1ec3m tra t\u1eebng b\u1ed9 ph\u1eadn, sau \u0111\u00f3 tra th\u00eam d\u1ea7u ch\u1ed1ng \u0103n m\u00f2n, cu\u1ed1i c\u00f9ng c\u1ea5t v\u00e0o kho. &nbsp;<\/li> <\/ol>    <h2 class=\"wp-block-heading\" id=\"h-related-machines\"><strong>M\u00e1y li\u00ean quan<\/strong><strong><\/strong><\/h2>    <p class=\"translation-block\">L\u00e0 m\u1ed9t c\u00f4ng ty m\u00e1y n\u00f4ng nghi\u1ec7p chuy\u00ean nghi\u1ec7p, ch\u00fang t\u00f4i kh\u00f4ng ch\u1ec9 cung c\u1ea5p m\u00e1y tr\u1ed3ng l\u00faa m\u00ec nhi\u1ec1u h\u00e0ng, m\u00e0 c\u00f2n cung c\u1ea5p m\u00e1y tr\u1ed3ng ng\u00f4, <a href=\"https:\/\/taizyagromachine.com\/vi\/others\/vegetable-seed-planter\/\" target=\"_blank\" rel=\"noreferrer noopener\">m\u00e1y tr\u1ed3ng rau<\/a>. N\u1ebfu b\u1ea1n quan t\u00e2m, ch\u00e0o m\u1eebng b\u1ea1n li\u00ean h\u1ec7 v\u1edbi ch\u00fang t\u00f4i b\u1ea5t c\u1ee9 l\u00fac n\u00e0o.<\/p>    <figure class=\"wp-block-gallery aligncenter has-nested-images columns-default is-cropped wp-block-gallery-2 is-layout-flex wp-block-gallery-is-layout-flex\"> <figure class=\"wp-block-image size-large\"><img loading=\"lazy\" decoding=\"async\" width=\"720\" height=\"540\" data-id=\"1739\" src=\"https:\/\/taizyagromachine.com\/wp-content\/uploads\/2021\/12\/6-row-wheat-seeding-machine.jpg\" alt=\"M\u00e1y gieo h\u1ea1t l\u00faa m\u00ec 6 h\u00e0ng\" class=\"wp-image-1739\"\/><figcaption class=\"wp-element-caption\">M\u00e1y gieo h\u1ea1t l\u00faa m\u00ec 6 h\u00e0ng<\/figcaption><\/figure>    <figure class=\"wp-block-image size-large\"><img loading=\"lazy\" decoding=\"async\" width=\"720\" height=\"540\" data-id=\"1740\" src=\"https:\/\/taizyagromachine.com\/wp-content\/uploads\/2022\/01\/16-row-wheat-seeding-machine.jpg\" alt=\"M\u00e1y gieo h\u1ea1t l\u00faa m\u00ec 16 h\u00e0ng\" class=\"wp-image-1740\"\/><figcaption class=\"wp-element-caption\">M\u00e1y gieo h\u1ea1t l\u00faa m\u00ec 16 h\u00e0ng<\/figcaption><\/figure> <\/figure>","protected":false},"excerpt":{"rendered":"<p>Wheat planter&nbsp;is a seed drill specially for wheat sowing. This wheat seed drill can simultaneously seed and fertilize. Of course, you can choose only seeding. It depends on you. Besides, it is suitable for sowing wheat, alfalfa, grain, barley, dry-rice, sesame, etc. The machine size varies along with the wheat sowing machine of different rows. [&hellip;]<\/p>\n","protected":false},"author":1,"featured_media":2145,"parent":0,"template":"","tags":[],"product-type":[20],"class_list":["post-1137","product","type-product","status-publish","has-post-thumbnail","hentry","product-type-rice-and-wheat-machine"],"_links":{"self":[{"href":"https:\/\/taizyagromachine.com\/vi\/wp-json\/wp\/v2\/product\/1137","targetHints":{"allow":["GET"]}}],"collection":[{"href":"https:\/\/taizyagromachine.com\/vi\/wp-json\/wp\/v2\/product"}],"about":[{"href":"https:\/\/taizyagromachine.com\/vi\/wp-json\/wp\/v2\/types\/product"}],"author":[{"embeddable":true,"href":"https:\/\/taizyagromachine.com\/vi\/wp-json\/wp\/v2\/users\/1"}],"wp:featuredmedia":[{"embeddable":true,"href":"https:\/\/taizyagromachine.com\/vi\/wp-json\/wp\/v2\/media\/2145"}],"wp:attachment":[{"href":"https:\/\/taizyagromachine.com\/vi\/wp-json\/wp\/v2\/media?parent=1137"}],"wp:term":[{"taxonomy":"post_tag","embeddable":true,"href":"https:\/\/taizyagromachine.com\/vi\/wp-json\/wp\/v2\/tags?post=1137"},{"taxonomy":"product-type","embeddable":true,"href":"https:\/\/taizyagromachine.com\/vi\/wp-json\/wp\/v2\/product-type?post=1137"}],"curies":[{"name":"wp","href":"https:\/\/api.w.org\/{rel}","templated":true}]}}