{"id":1217,"date":"2021-12-04T01:18:15","date_gmt":"2021-12-04T01:18:15","guid":{"rendered":"https:\/\/taizyagromachine.com\/?p=1217"},"modified":"2022-09-29T13:59:15","modified_gmt":"2022-09-29T05:59:15","slug":"15tpd-rice-mill-plant-with-package","status":"publish","type":"product","link":"https:\/\/taizyagromachine.com\/vi\/product\/15tpd-rice-mill-plant-with-package\/","title":{"rendered":"Nh\u00e0 m\u00e1y xay l\u00faa 15TPD c\u00f3 g\u00f3i"},"content":{"rendered":"<p class=\"translation-block\"><strong>Nh\u00e0 m\u00e1y xay x\u00e1t l\u00faa g\u1ea1o 15 t\u1ea5n\/ng\u00e0y c\u00f3 \u0111\u00f3ng g\u00f3i<\/strong> t\u00edch h\u1ee3p t\u00e1ch \u0111\u00e1, t\u00e1ch tr\u1ea5u, t\u00e1ch l\u00faa, xay x\u00e1t l\u00faa l\u1ea7n \u0111\u1ea7u, xay x\u00e1t l\u00faa l\u1ea7n hai, ph\u00e2n lo\u1ea1i g\u1ea1o tr\u1eafng v\u00e0 \u0111\u00f3ng g\u00f3i. T\u1eeb quy tr\u00ecnh n\u00e0y, c\u00f3 th\u1ec3 th\u1ea5y r\u00f5 l\u00faa \u0111\u01b0\u1ee3c xay x\u00e1t hai l\u1ea7n. Do \u0111\u00f3, b\u1ea1n c\u00f3 th\u1ec3 thu \u0111\u01b0\u1ee3c g\u1ea1o ch\u1ea5t l\u01b0\u1ee3ng cao. Ngo\u00e0i ra, \u0111\u00e2y l\u00e0 m\u1ed9t d\u00e2y chuy\u1ec1n s\u1ea3n xu\u1ea5t xay x\u00e1t l\u00faa g\u1ea1o ho\u00e0n ch\u1ec9nh, gi\u00fap ti\u1ebft ki\u1ec7m s\u1ee9c lao \u0111\u1ed9ng v\u00e0 th\u1eddi gian. H\u01a1n n\u1eefa, n\u00f3 c\u00f3 hi\u1ec7u qu\u1ea3 l\u00e0m vi\u1ec7c cao. \u0110\u1ed1i v\u1edbi nh\u00e0 m\u00e1y m\u00e1y xay x\u00e1t l\u00faa g\u1ea1o n\u00e0y, c\u00f4ng su\u1ea5t c\u1ee7a n\u00f3 l\u00e0 15 t\u1ea5n m\u1ed7i ng\u00e0y, 600-700kg m\u1ed7i gi\u1edd. N\u00f3 c\u00f3 th\u1ec3 \u0111\u00e1p \u1ee9ng y\u00eau c\u1ea7u kinh doanh c\u1ee7a b\u1ea1n. Ch\u00e0o m\u1eebng b\u1ea1n li\u00ean h\u1ec7 v\u1edbi ch\u00fang t\u00f4i, ch\u00fang t\u00f4i s\u1ebd tr\u1ea3 l\u1eddi b\u1ea1n r\u1ea5t s\u1edbm!<\/p>    <h2 class=\"wp-block-heading\" id=\"h-structure-of-automatic-rice-mill-machine-for-sale\"><strong>C\u1ea5u tr\u00fac c\u1ee7a nh\u00e0 m\u00e1y xay l\u00faa t\u1ef1 \u0111\u1ed9ng c\u00f3 \u0111\u00f3ng g\u00f3i<\/strong><\/h2>    <p class=\"translation-block\"><a href=\"https:\/\/taizyagromachine.com\/vi\/product\/15tpd-rice-mill-plant\/\" target=\"_blank\" rel=\"noreferrer noopener\">Nh\u00e0 m\u00e1y xay x\u00e1t l\u00faa g\u1ea1o 15 t\u1ea5n\/ng\u00e0y<\/a> bao g\u1ed3m m\u00e1y t\u00e1ch \u0111\u00e1, <a href=\"https:\/\/en.wikipedia.org\/wiki\/Rice_huller\" target=\"_blank\" rel=\"noreferrer noopener\">m\u00e1y t\u00e1ch tr\u1ea5u<\/a>, m\u00e1y t\u00e1ch l\u00faa, m\u00e1y xay x\u00e1t l\u00faa l\u1ea7n \u0111\u1ea7u, m\u00e1y xay x\u00e1t l\u00faa l\u1ea7n hai, m\u00e1y ph\u00e2n lo\u1ea1i g\u1ea1o tr\u1eafng, m\u00e1y \u0111\u00f3ng g\u00f3i.<\/p>   <div class=\"wp-block-image\"> <figure class=\"aligncenter size-full\"><img loading=\"lazy\" decoding=\"async\" width=\"720\" height=\"540\" src=\"https:\/\/taizyagromachine.com\/wp-content\/uploads\/2022\/01\/structure-15tpd-with-package.jpg\" alt=\"k\u1ebft c\u1ea5u\" class=\"wp-image-1775\"\/><figcaption>k\u1ebft c\u1ea5u<\/figcaption><\/figure> <\/div>   <h2 class=\"wp-block-heading\" id=\"h-which-place-is-applicable\"><strong>\u0110\u1ecba \u0111i\u1ec3m n\u00e0o \u00e1p d\u1ee5ng cho nh\u00e0 m\u00e1y xay x\u00e1t g\u1ea1o c\u00f3 \u0111\u00f3ng g\u00f3i?<\/strong><\/h2>    <ol class=\"wp-block-list\" type=\"1\"><li>Tr\u1ea1m ph\u00e2n ph\u1ed1i g\u1ea1o<\/li><li>trang tr\u1ea1i<\/li><li>Nh\u00e0 m\u00e1y g\u1ea1o<\/li><li>Ng\u01b0\u1eddi t\u1ef1 l\u00e0m ch\u1ee7<\/li><\/ol>    <h2 class=\"wp-block-heading\" id=\"h-advantages-of-15t-integrated-rice-mill-plant\"><strong>\u01afu \u0111i\u1ec3m c\u1ee7a Nh\u00e0 m\u00e1y xay l\u00faa t\u00edch h\u1ee3p 15t c\u00f3 g\u00f3i<\/strong><\/h2>    <ul class=\"wp-block-list\" type=\"1\"><li>C\u1ea5u tr\u00fac nh\u1ecf g\u1ecdn, ngo\u1ea1i h\u00ecnh h\u1ea5p d\u1eabn, k\u00edch th\u01b0\u1edbc ph\u00f9 h\u1ee3p.<\/li><li>Si\u00eau ch\u1ea5t l\u01b0\u1ee3ng, hi\u1ec7u su\u1ea5t \u1ed5n \u0111\u1ecbnh, b\u1ea3o tr\u00ec th\u1ea5p.<\/li><li>V\u1eadn h\u00e0nh d\u1ec5 d\u00e0ng, m\u1ee9c \u0111\u1ed9 t\u1ef1 \u0111\u1ed9ng h\u00f3a cao.<\/li><li>N\u0103ng su\u1ea5t cao, kh\u00f4ng g\u00e2y \u00f4 nhi\u1ec5m.<\/li><li>T\u1ed1c \u0111\u1ed9 \u0111\u1eadp v\u1ecf cao, \u0111\u1ed9 rung to\u00e0n b\u1ed9 m\u00e1y th\u1ea5p, s\u1ea3n l\u01b0\u1ee3ng l\u00faa nhanh.<\/li><\/ul>    <h2 class=\"wp-block-heading\" id=\"h-work-flow\"><strong>Quy tr\u00ecnh l\u00e0m vi\u1ec7c c\u1ee7a nh\u00e0 m\u00e1y xay l\u00faa c\u00f3 g\u00f3i <\/strong><\/h2>    <p>Nh\u00e0 m\u00e1y xay x\u00e1t g\u1ea1o 15TPD n\u00e0y c\u00f3 g\u00f3i ho\u1ea1t \u0111\u1ed9ng nh\u01b0 sau:<\/p>    <ol class=\"wp-block-list\" type=\"1\"><li>Cho th\u00f3c v\u00e0o ph\u1ec5u;<\/li><li>Sau \u0111\u00f3, th\u00f3c \u0111\u1ebfn v\u1edbi ng\u01b0\u1eddi \u0111\u1ecbnh m\u1ec7nh. M\u00e1y th\u1ed5i th\u1ed5i c\u00e1c t\u1ea1p ch\u1ea5t nh\u1eb9 ra ngo\u00e0i. Qua t\u1ea5m b\u00ecnh phong, nh\u1eefng vi\u00ean \u0111\u00e1 gi\u1eefa ru\u1ed9ng l\u00faa hi\u1ec7n ra ngo\u00e0i.<\/li><li>Sau \u0111\u00f3, th\u00f3c \u0111\u01b0\u1ee3c chuy\u1ec3n \u0111\u1ebfn m\u00e1y tr\u1ea5u th\u00f4ng qua thang m\u00e1y \u0111\u00f4i. M\u00e1y xay l\u00faa c\u00f3 ch\u1ee9c n\u0103ng lo\u1ea1i b\u1ecf v\u1ecf th\u00f3c.<\/li><li>L\u00faa tr\u1ea5u \u0111\u1ebfn m\u00e1y t\u00e1ch th\u00f3c. Chia l\u00e0m ba lo\u1ea1i: g\u1ea1o l\u1ee9t, g\u1ea1o l\u1ee9t v\u00e0 l\u00faa g\u1ea1o v\u00e0 l\u00faa g\u1ea1o. G\u1ea1o l\u1ee9t \u0111\u01b0\u1ee3c \u0111\u01b0a tr\u1ef1c ti\u1ebfp v\u00e0o m\u00e1y xay x\u00e1t g\u1ea1o. Trong khi g\u1ea1o l\u1ee9t v\u00e0 th\u00f3c quay tr\u1edf l\u1ea1i thi\u1ebft b\u1ecb ph\u00e2n t\u00e1ch th\u00f4ng qua thang m\u00e1y \u0111\u00f4i. Cu\u1ed1i c\u00f9ng, th\u00f3c \u0111\u01b0\u1ee3c \u0111\u01b0a tr\u1ef1c ti\u1ebfp \u0111\u1ebfn m\u00e1y xay x\u00e1t.<\/li><li>M\u00e1y xay g\u1ea1o xay g\u1ea1o l\u1ee9t th\u00e0nh g\u1ea1o tr\u1eafng. Ngo\u00e0i ra, \u0111\u00e2y l\u00e0 nh\u00e0 m\u00e1y xay l\u00faa \u0111\u1ea7u ti\u00ean.<\/li><li>Sau \u0111\u00f3, m\u00e1y xay g\u1ea1o th\u1ee9 hai b\u1eaft \u0111\u1ea7u \u0111\u1ec3 \u0111\u00e1nh b\u00f3ng g\u1ea1o v\u00e0 thu \u0111\u01b0\u1ee3c g\u1ea1o tr\u1eafng ch\u1ea5t l\u01b0\u1ee3ng cao.<\/li><li>M\u00e1y ph\u00e2n lo\u1ea1i g\u1ea1o tr\u1eafng l\u00e0 \u0111\u1ec3 ph\u00e2n lo\u1ea1i g\u1ea1o tr\u1eafng nguy\u00ean h\u1ea1t v\u00e0 g\u1ea1o tr\u1eafng t\u1ea5m.<\/li><li>Cu\u1ed1i c\u00f9ng, g\u1ea1o tr\u1eafng nguy\u00ean h\u1ea1t \u0111\u01b0\u1ee3c \u0111\u00f3ng v\u00e0o bao b\u1eb1ng m\u00e1y \u0111\u00f3ng g\u00f3i, c\u00f3 tr\u1ecdng l\u01b0\u1ee3ng t\u1eeb 5kg \u0111\u1ebfn 50kg.<\/li><\/ol>   <div class=\"wp-block-image\"> <figure class=\"aligncenter size-full\"><img loading=\"lazy\" decoding=\"async\" width=\"720\" height=\"320\" src=\"https:\/\/taizyagromachine.com\/wp-content\/uploads\/2022\/01\/working-scene-15tpd.jpg\" alt=\"c\u1ea3nh l\u00e0m vi\u1ec7c\" class=\"wp-image-1777\"\/><figcaption>c\u1ea3nh l\u00e0m vi\u1ec7c<\/figcaption><\/figure> <\/div>   <h2 class=\"wp-block-heading\" id=\"h-services-you-will-enjoy\"><strong>D\u1ecbch v\u1ee5 b\u1ea1n s\u1ebd \u0111\u01b0\u1ee3c h\u01b0\u1edfng<\/strong><strong><\/strong><\/h2>    <ol class=\"wp-block-list\" type=\"1\"><li>H\u1ed7 tr\u1ee3 ki\u1ebfn \u200b\u200bth\u1ee9c chuy\u00ean m\u00f4n.<\/li><li>H\u1ed7 tr\u1ee3 k\u1ef9 thu\u1eadt k\u1ecbp th\u1eddi.<\/li><li>D\u1ecbch v\u1ee5 sau b\u00e1n h\u00e0ng.<\/li><li>H\u01b0\u1edbng d\u1eabn tr\u1ef1c tuy\u1ebfn v\u00e0 video.<\/li><li>T\u00f9y ch\u1ec9nh. Theo doanh nghi\u1ec7p c\u1ee7a b\u1ea1n, ch\u00fang t\u00f4i cung c\u1ea5p c\u00e1c gi\u1ea3i ph\u00e1p ph\u00f9 h\u1ee3p nh\u1ea5t.<\/li><\/ol>    <h2 class=\"wp-block-heading\" id=\"h-why-choose-us\"><strong>T\u1ea1i sao ch\u1ecdn ch\u00fang t\u00f4i?<\/strong><strong><\/strong><\/h2>    <p class=\"translation-block\">T\u1ea1i <a href=\"https:\/\/taizyagromachine.com\/vi\/\" target=\"_blank\" rel=\"noreferrer noopener\">C\u00f4ng ty Taizy<\/a>, ch\u00fang t\u00f4i kh\u00f4ng ch\u1ec9 cung c\u1ea5p nh\u00e0 m\u00e1y xay x\u00e1t l\u00faa g\u1ea1o 15 t\u1ea5n\/ng\u00e0y c\u00f3 \u0111\u00f3ng g\u00f3i m\u00e0 c\u00f2n c\u00f3 c\u00e1c lo\u1ea1i nh\u00e0 m\u00e1y xay x\u00e1t l\u00faa g\u1ea1o kh\u00e1c. Nh\u01b0 nh\u00e0 m\u00e1y xay x\u00e1t l\u00faa g\u1ea1o 20 t\u1ea5n\/ng\u00e0y, d\u00e2y chuy\u1ec1n s\u1ea3n xu\u1ea5t m\u00e1y xay x\u00e1t l\u00faa g\u1ea1o 18 t\u1ea5n, v.v. So v\u1edbi c\u00e1c nh\u00e0 s\u1ea3n xu\u1ea5t v\u00e0 nh\u00e0 cung c\u1ea5p kh\u00e1c, ch\u00fang t\u00f4i c\u00f3 nh\u1eefng \u0111i\u1ec3m m\u1ea1nh \u0111\u1ed9c \u0111\u00e1o so v\u1edbi c\u00e1c nh\u00e0 s\u1ea3n xu\u1ea5t v\u00e0 nh\u00e0 cung c\u1ea5p kh\u00e1c.<\/p>    <ol class=\"wp-block-list\" type=\"1\"><li>Kinh nghi\u1ec7m phong ph\u00fa. Ch\u00fang t\u00f4i \u0111\u00e3 nghi\u00ean c\u1ee9u s\u00e2u v\u1ec1 m\u00e1y n\u00f4ng nghi\u1ec7p trong h\u01a1n nhi\u1ec1u th\u1eadp k\u1ef7.<\/li><li>M\u00e1y xay x\u00e1t g\u1ea1o c\u00e1c lo\u1ea1i. Ngo\u00e0i ra, ch\u00fang t\u00f4i c\u00f2n c\u00f3 c\u00e1c nh\u00e0 m\u00e1y xay x\u00e1t g\u1ea1o v\u1edbi c\u00f4ng su\u1ea5t kh\u00e1c nhau.<\/li><li>Xu\u1ea5t kh\u1ea9u sang h\u01a1n 80 qu\u1ed1c gia v\u00e0 khu v\u1ef1c. M\u00e1y c\u1ee7a ch\u00fang t\u00f4i \u0111\u00e3 \u0111\u1ebfn Nigeria, Burkina Faso, Vi\u1ec7t Nam, Malaysia, Kenya, Brazil, Madagascar, Peru, v.v.<\/li><\/ol>   <div class=\"wp-block-image\"> <figure class=\"aligncenter size-full\"><img loading=\"lazy\" decoding=\"async\" width=\"720\" height=\"400\" src=\"https:\/\/taizyagromachine.com\/wp-content\/uploads\/2022\/01\/factory-display.jpg\" alt=\"tr\u01b0ng b\u00e0y nh\u00e0 m\u00e1y\" class=\"wp-image-1778\"\/><figcaption>tr\u01b0ng b\u00e0y nh\u00e0 m\u00e1y<\/figcaption><\/figure> <\/div>","protected":false},"excerpt":{"rendered":"<p>15TPD rice mill plant with package\u00a0integrates destoning, rice hulling, paddy rice separating, first rice milling, second rice milling, white rice grading, and packaging. From this process, it\u2019s clearly found that the paddy rice is milled twice. So, you can get high-quality rice. Besides, it\u2019s a complete rice milling production line, saving labor and time. Moreover, [&hellip;]<\/p>\n","protected":false},"author":1,"featured_media":1774,"parent":0,"template":"","tags":[51,50,52,35,37,38],"product-type":[18],"class_list":["post-1217","product","type-product","status-publish","has-post-thumbnail","hentry","tag-automatic-rice-mill-machine-for-sale","tag-integrated-rice-mill-plant","tag-package-machine","tag-rice-mill","tag-rice-mill-plant","tag-rice-mill-production-line","product-type-rice-mill"],"_links":{"self":[{"href":"https:\/\/taizyagromachine.com\/vi\/wp-json\/wp\/v2\/product\/1217","targetHints":{"allow":["GET"]}}],"collection":[{"href":"https:\/\/taizyagromachine.com\/vi\/wp-json\/wp\/v2\/product"}],"about":[{"href":"https:\/\/taizyagromachine.com\/vi\/wp-json\/wp\/v2\/types\/product"}],"author":[{"embeddable":true,"href":"https:\/\/taizyagromachine.com\/vi\/wp-json\/wp\/v2\/users\/1"}],"wp:featuredmedia":[{"embeddable":true,"href":"https:\/\/taizyagromachine.com\/vi\/wp-json\/wp\/v2\/media\/1774"}],"wp:attachment":[{"href":"https:\/\/taizyagromachine.com\/vi\/wp-json\/wp\/v2\/media?parent=1217"}],"wp:term":[{"taxonomy":"post_tag","embeddable":true,"href":"https:\/\/taizyagromachine.com\/vi\/wp-json\/wp\/v2\/tags?post=1217"},{"taxonomy":"product-type","embeddable":true,"href":"https:\/\/taizyagromachine.com\/vi\/wp-json\/wp\/v2\/product-type?post=1217"}],"curies":[{"name":"wp","href":"https:\/\/api.w.org\/{rel}","templated":true}]}}