{"id":1274,"date":"2021-12-04T07:34:00","date_gmt":"2021-12-04T07:34:00","guid":{"rendered":"https:\/\/taizyagromachine.com\/?p=1274"},"modified":"2022-12-16T18:00:22","modified_gmt":"2022-12-16T10:00:22","slug":"3-cylinder-hydraulic-silage-baler","status":"publish","type":"product","link":"https:\/\/taizyagromachine.com\/vi\/product\/3-cylinder-hydraulic-silage-baler\/","title":{"rendered":"M\u00e1y \u0111\u00f3ng ki\u1ec7n \u1ee7 chua th\u1ee7y l\u1ef1c 3 xi lanh"},"content":{"rendered":"<p class=\"translation-block\"><strong>M\u00e1y \u00e9p th\u1ee7y l\u1ef1c 3 xi-lanh<\/strong> c\u00f3 ch\u1ee9c n\u0103ng n\u00e9n, b\u00f3 v\u00e0 \u0111\u00f3ng g\u00f3i c\u1ecf kh\u00f4 th\u00e0nh h\u00ecnh vu\u00f4ng. Theo t\u00ean g\u1ecdi, m\u00e1y c\u00f3 3 xi-lanh th\u1ee7y l\u1ef1c \u0111\u1ec3 th\u1ef1c hi\u1ec7n c\u00f4ng vi\u1ec7c \u00e9p ki\u1ec7n. Nh\u01b0ng \u0111\u1ed1i v\u1edbi ngu\u1ed3n c\u1ea5p \u0111i\u1ec7n, m\u00e1y \u00e9p th\u1ee7y l\u1ef1c n\u00e0y ch\u1ec9 s\u1eed d\u1ee5ng \u0111\u1ed9ng c\u01a1 \u0111i\u1ec7n. Ngo\u00e0i ra, c\u00f4ng su\u1ea5t c\u1ee7a \u0111\u1ed9ng c\u01a1 \u0111i\u1ec7n l\u00e0 22kW. K\u00edch th\u01b0\u1edbc ki\u1ec7n c\u0169ng gi\u1ed1ng nh\u01b0 <a href=\"https:\/\/silagebaler.com\/double-cylinder-hydraulic-silage-baler\/\" target=\"_blank\" rel=\"noreferrer noopener\">m\u00e1y \u00e9p th\u1ee7y l\u1ef1c 2 xi-lanh<\/a>, 700*400*300mm. <\/p>    <p class=\"translation-block\">H\u01a1n n\u1eefa, kh\u00e1ch h\u00e0ng th\u01b0\u1eddng s\u1eed d\u1ee5ng t\u00fai PE &amp; PP \u0111\u1ec3 \u0111\u00f3ng g\u00f3i r\u01a1m \u0111\u00e3 \u00e9p. \u0110\u00f3 l\u00e0 v\u00ec n\u00f3 c\u00f3 th\u1ec3 b\u1ea3o qu\u1ea3n \u0111\u01b0\u1ee3c l\u00e2u h\u01a1n. <a href=\"https:\/\/taizyagromachine.com\/vi\/silage-machine\/silage-baler-50-type\/\" target=\"_blank\" rel=\"noreferrer noopener\">M\u00e1y \u00e9p silage<\/a> n\u00e0y l\u00e0 m\u1ed9t \u0111\u1ed1i t\u00e1c t\u1ed1t cho nh\u1eefng ng\u01b0\u1eddi \u0111i\u1ec1u h\u00e0nh trang tr\u1ea1i, nh\u00e0 m\u00e1y th\u1ee9c \u0103n gia s\u00fac, c\u0169ng nh\u01b0 \u0111\u1ed3ng c\u1ecf, v.v. Mong nh\u1eadn \u0111\u01b0\u1ee3c y\u00eau c\u1ea7u c\u1ee7a qu\u00fd kh\u00e1ch!<\/p>    <h2 class=\"wp-block-heading\" id=\"h-structure-of-3-cylinder-hydraulic-baler-for-sale\"><strong>C\u1ea5u t\u1ea1o c\u1ee7a Baler th\u1ee7y l\u1ef1c 3 xi lanh \u0111\u1ec3 b\u00e1n<\/strong><\/h2>    <p>L\u00e0 nh\u00e0 s\u1ea3n xu\u1ea5t v\u00e0 cung c\u1ea5p m\u00e1y \u1ee7 chua chuy\u00ean nghi\u1ec7p, ch\u00fang t\u00f4i s\u1ea3n xu\u1ea5t m\u00e1y \u0111\u00f3ng ki\u1ec7n c\u1ecf kh\u00f4 3 xi-lanh v\u1edbi thi\u1ebft k\u1ebf tuy\u1ec7t v\u1eddi v\u00e0 v\u1ebb ngo\u00e0i h\u1ea5p d\u1eabn. N\u00f3 c\u00f3 \u0111\u1ed9ng c\u01a1, t\u1ee7 \u0111i\u1ec1u khi\u1ec3n, b\u00ecnh d\u1ea7u, \u0111\u1ea7u v\u00e0o v\u00e0 \u0111\u1ea7u ra. Tr\u00ean th\u1ef1c t\u1ebf, c\u1ea5u tr\u00fac r\u1ea5t d\u1ec5 hi\u1ec3u, \u0111i\u1ec3m m\u1ea5u ch\u1ed1t l\u00e0 ph\u1ea3i r\u00f5 r\u00e0ng v\u1edbi t\u1eebng ch\u1ee9c n\u0103ng c\u1ee7a b\u1ed9 ph\u1eadn khi s\u1eed d\u1ee5ng m\u00e1y \u0111\u00f3ng ki\u1ec7n \u1ee7 chua th\u1ee7y l\u1ef1c.<\/p>   <div class=\"wp-block-image\"> <figure class=\"aligncenter size-full\"><img loading=\"lazy\" decoding=\"async\" width=\"720\" height=\"540\" src=\"https:\/\/taizyagromachine.com\/wp-content\/uploads\/2022\/01\/structure-3-cylinder-hydraulic-baler.jpg\" alt=\"c\u1ea5u tr\u00fac-3 xi-lanh-th\u1ee7y l\u1ef1c-baler\" class=\"wp-image-1697\"\/><figcaption class=\"wp-element-caption\">m\u00e1y \u0111\u00f3ng ki\u1ec7n th\u1ee7y l\u1ef1c c\u1ea5u tr\u00fac 3 xi lanh<\/figcaption><\/figure> <\/div>  <div class=\"wp-block-image\"> <figure class=\"aligncenter size-full\"><img loading=\"lazy\" decoding=\"async\" width=\"720\" height=\"540\" src=\"https:\/\/taizyagromachine.com\/wp-content\/uploads\/2022\/01\/structure-3-cylinder-hydraulic-baling-machine.jpg\" alt=\"c\u1ea5u tr\u00fac-3 xi-lanh-th\u1ee7y l\u1ef1c-m\u00e1y \u0111\u00f3ng ki\u1ec7n\" class=\"wp-image-1698\"\/><figcaption class=\"wp-element-caption\">m\u00e1y \u0111\u00f3ng ki\u1ec7n th\u1ee7y l\u1ef1c c\u1ea5u tr\u00fac 3 xi lanh<\/figcaption><\/figure> <\/div>   <h2 class=\"wp-block-heading\" id=\"h-advantages-of-hydraulic-hay-baler\"><strong>\u01afu \u0111i\u1ec3m c\u1ee7a m\u00e1y \u0111\u00f3ng ki\u1ec7n th\u1ee7y l\u1ef1c<\/strong><strong><\/strong><\/h2>    <ul class=\"wp-block-list\" type=\"1\"> <li>\u1ee8ng d\u1ee5ng r\u1ed9ng r\u00e3i. M\u00e1y \u0111\u00f3ng ki\u1ec7n \u1ee7 chua th\u1ee7y l\u1ef1c 3 xi-lanh n\u00e0y c\u00f3 th\u1ec3 \u0111\u00f3ng ki\u1ec7n h\u1ea7u h\u1ebft m\u1ecdi lo\u1ea1i r\u01a1m, ch\u1eb3ng h\u1ea1n nh\u01b0 r\u01a1m ng\u00f4, \u1ee7 chua, th\u00e2n c\u00e2y ng\u00f4, c\u1ecf kh\u00f4, c\u1ecf, l\u00faa mi\u1ebfn, r\u01a1m l\u00faa m\u00ec, v.v.\u00a0<\/li>    <li>Hi\u1ec7u qu\u1ea3 c\u00f4ng vi\u1ec7c cao. B\u1edfi v\u00ec n\u00f3 c\u00f3 th\u1ec3 \u0111\u00f3ng ki\u1ec7n 120-180 g\u00f3i m\u1ed7i gi\u1edd.<\/li>    <li>Ho\u00e0n to\u00e0n t\u1ef1 \u0111\u1ed9ng. M\u00e1y \u00e9p ki\u1ec7n th\u1ee7y l\u1ef1c n\u00e0y t\u1ef1 \u0111\u1ed9ng ho\u00e0n th\u00e0nh vi\u1ec7c n\u00e9n, b\u00f3 v\u00e0 \u0111\u00f3ng ki\u1ec7n trong m\u1ed9t quy tr\u00ecnh.<\/li>    <li>Ch\u1ea5t li\u1ec7u b\u1ec1n. N\u00f3 s\u1eed d\u1ee5ng th\u00e9p carbon, ch\u1ed1ng m\u00e0i m\u00f2n.<\/li>    <li>Th\u1eddi gian l\u01b0u tr\u1eef d\u00e0i. \u0110\u01b0\u01a1ng nhi\u00ean, n\u00f3 c\u00f3 th\u1ec3 k\u00e9o d\u00e0i trong 3 n\u0103m.<\/li> <\/ul>    <h2 class=\"wp-block-heading\" id=\"h-materials-to-be-baled\"><strong>V\u1eadt li\u1ec7u \u0111\u01b0\u1ee3c \u0111\u00f3ng ki\u1ec7n b\u1eb1ng Silage Baler<\/strong><\/h2>    <p>N\u00f3i chung, m\u00e1y \u00e9p r\u01a1m th\u1ee7y l\u1ef1c 3 xi lanh n\u00e0y c\u00f3 th\u1ec3 x\u1eed l\u00fd r\u01a1m, c\u1ecf kh\u00f4, th\u00e2n ng\u00f4, c\u00e2y sorgo, c\u0169ng nh\u01b0 r\u01a1m l\u00faa m\u00ec, v.v. T\u1ea5t nhi\u00ean, nh\u1eefng \u0111i\u1ec1u tr\u00ean \u0111\u01b0\u1ee3c bao g\u1ed3m nh\u01b0ng kh\u00f4ng gi\u1edbi h\u1ea1n \u1edf \u0111\u00f3. N\u1ebfu b\u1ea1n c\u00f3 nghi ng\u1edd v\u1ec1 m\u1ed9t s\u1ed1 v\u1eadt li\u1ec7u m\u00e0 b\u1ea1n ch\u01b0a g\u1eb7p tr\u01b0\u1edbc \u0111\u00e2y, b\u1ea1n c\u00f3 th\u1ec3 li\u00ean h\u1ec7 v\u1edbi ch\u00fang t\u00f4i \u0111\u1ec3 \u0111\u01b0\u1ee3c ph\u00e2n lo\u1ea1i!<\/p>   <div class=\"wp-block-image\"> <figure class=\"aligncenter size-full\"><img loading=\"lazy\" decoding=\"async\" width=\"720\" height=\"540\" src=\"https:\/\/taizyagromachine.com\/wp-content\/uploads\/2022\/01\/materials.jpg\" alt=\"v\u1eadt li\u1ec7u \u0111\u00f3ng ki\u1ec7n\" class=\"wp-image-1700\"\/><figcaption class=\"wp-element-caption\">v\u1eadt li\u1ec7u \u0111\u00f3ng ki\u1ec7n<\/figcaption><\/figure> <\/div>   <h2 class=\"wp-block-heading\" id=\"h-applicable-animals\"><strong>\u0110\u1ed9ng v\u1eadt c\u00f3 th\u1ec3 \u00e1p d\u1ee5ng nh\u00e2n gi\u1ed1ng b\u1eb1ng c\u00e1ch \u1ee7 chua <\/strong><\/h2>    <p>M\u00e1y \u0111\u00f3ng ki\u1ec7n \u1ee7 chua th\u1ee7y l\u1ef1c 3 xi-lanh n\u00e0y ch\u1ee7 y\u1ebfu \u0111\u01b0\u1ee3c s\u1eed d\u1ee5ng \u0111\u1ec3 l\u01b0u tr\u1eef th\u1ee9c \u0103n \u1ee7 chua, m\u1ee5c \u0111\u00edch c\u1ee7a n\u00f3 l\u00e0 cung c\u1ea5p th\u1ee9c \u0103n cho nhi\u1ec1u lo\u1ea1i \u0111\u1ed9ng v\u1eadt kh\u00e1c nhau v\u00e0 c\u00f3 th\u1ec3 h\u1ed7 tr\u1ee3 c\u00e1c trang tr\u1ea1i ch\u0103n nu\u00f4i l\u1edbn. N\u00f3i chung, nh\u1eefng th\u1ee9c \u0103n \u1ee7 chua n\u00e0y c\u00f3 th\u1ec3 \u0111\u01b0\u1ee3c s\u1eed d\u1ee5ng \u0111\u1ec3 l\u00e0m th\u1ee9c \u0103n cho gia s\u00fac, ng\u1ef1a, c\u1eebu, th\u1ecf, v.v. Th\u1ee9c \u0103n \u1ee7 chua c\u00f3 th\u1ec3 \u0111\u01b0\u1ee3c s\u1eed d\u1ee5ng mi\u1ec5n l\u00e0 \u0111\u1ed9ng v\u1eadt \u0103n c\u1ecf.<\/p>   <div class=\"wp-block-image\"> <figure class=\"aligncenter size-full\"><img loading=\"lazy\" decoding=\"async\" width=\"720\" height=\"540\" src=\"https:\/\/taizyagromachine.com\/wp-content\/uploads\/2022\/01\/application-range.jpg\" alt=\"\u0111\u1ed9ng v\u1eadt \u00e1p d\u1ee5ng\" class=\"wp-image-1702\"\/><figcaption class=\"wp-element-caption\">\u0111\u1ed9ng v\u1eadt \u00e1p d\u1ee5ng<\/figcaption><\/figure> <\/div>   <h2 class=\"wp-block-heading\" id=\"h-finished-products\"><strong>Th\u00e0nh ph\u1ea9m b\u1eb1ng m\u00e1y \u0111\u00f3ng ki\u1ec7n \u1ee7 chua th\u1ee7y l\u1ef1c 3 xi lanh<\/strong><\/h2>    <p>M\u00e1y \u0111\u00f3ng ki\u1ec7n \u1ee7 chua th\u1ee7y l\u1ef1c 3 xi-lanh n\u00e0y c\u00f3 th\u1ec3 \u0111\u00f3ng ki\u1ec7n th\u1ee9c \u0103n \u1ee7 chua th\u00e0nh c\u00e1c h\u00ecnh vu\u00f4ng. Th\u00e0nh ph\u1ea9m th\u01b0\u1eddng \u0111\u01b0\u1ee3c b\u1ea3o qu\u1ea3n trong t\u00fai PE\/PP. M\u1ee5c \u0111\u00edch ch\u00ednh c\u1ee7a vi\u1ec7c s\u1eed d\u1ee5ng c\u00e1c t\u00fai n\u00e0y \u0111\u1ec3 \u0111\u00f3ng g\u00f3i th\u1ee9c \u0103n \u1ee7 chua l\u00e0 \u0111\u1ec3 b\u1ea3o v\u1ec7 th\u1ee9c \u0103n \u1ee7 chua kh\u1ecfi \u0111\u1ed9 \u1ea9m v\u00e0 n\u1ea5m m\u1ed1c. Ngo\u00e0i ra, nh\u1eefng lo\u1ea1i ki\u1ec7n n\u00e0y cho ph\u00e9p l\u01b0u tr\u1eef th\u1ee9c \u0103n \u1ee7 chua l\u00e2u d\u00e0i, ph\u00f9 h\u1ee3p v\u1edbi \u00fd \u0111\u1ecbnh l\u01b0u tr\u1eef ban \u0111\u1ea7u c\u1ee7a ng\u01b0\u1eddi n\u00f4ng d\u00e2n.<\/p>   <div class=\"wp-block-image\"> <figure class=\"aligncenter size-full\"><img loading=\"lazy\" decoding=\"async\" width=\"638\" height=\"478\" src=\"https:\/\/taizyagromachine.com\/wp-content\/uploads\/2022\/01\/finished-products-3-cylinder.jpg\" alt=\"th\u00e0nh ph\u1ea9m\" class=\"wp-image-1703\"\/><figcaption class=\"wp-element-caption\">th\u00e0nh ph\u1ea9m<\/figcaption><\/figure> <\/div>   <h2 class=\"wp-block-heading\" id=\"h-necessary-equipment\"><strong>Thi\u1ebft b\u1ecb c\u1ea7n thi\u1ebft cho m\u00e1y \u0111\u00f3ng ki\u1ec7n \u1ee7 chua th\u1ee7y l\u1ef1c 3 xi lanh <\/strong><\/h2>    <p class=\"translation-block\">N\u1ebfu b\u1ea1n mua m\u00e1y \u00e9p th\u1ee7y l\u1ef1c t\u1eeb <a href=\"https:\/\/taizyagromachine.com\/vi\/\" target=\"_blank\" rel=\"noreferrer noopener\">Taizy Company<\/a>, theo quan \u0111i\u1ec3m chuy\u00ean nghi\u1ec7p c\u1ee7a ch\u00fang t\u00f4i, ch\u00fang t\u00f4i khuy\u00ean b\u1ea1n c\u0169ng n\u00ean mua m\u00e1y nghi\u1ec1n v\u00e0 b\u0103ng t\u1ea3i. \u0110\u00f3 l\u00e0 v\u00ec:<\/p>    <ol class=\"wp-block-list\" type=\"1\"> <li>Chi\u1ebfc m\u00e1y \u0111\u00f3ng ki\u1ec7n th\u1ee7y l\u1ef1c 3 xi-lanh n\u00e0y cao \u0111\u1ebfn n\u1ed7i ng\u01b0\u1eddi lao \u0111\u1ed9ng r\u1ea5t kh\u00f3 \u0111\u01b0a c\u1ecf v\u00e0o.<\/li>    <li>M\u00e1y \u0111\u00f3ng ki\u1ec7n \u00e9p th\u1ee7y l\u1ef1c c\u0169ng c\u00f3 c\u00f4ng su\u1ea5t r\u1ea5t cao. V\u00ec v\u1eady, ch\u1ec9 cho \u0103n b\u1eb1ng tay th\u00ec kh\u00f3 c\u00f3 th\u1ec3 \u0111\u00e1p \u1ee9ng \u0111\u01b0\u1ee3c nhu c\u1ea7u c\u1ee7a n\u00f3.<\/li> <\/ol>   <div class=\"wp-block-image\"> <figure class=\"aligncenter size-full\"><img loading=\"lazy\" decoding=\"async\" width=\"720\" height=\"540\" src=\"https:\/\/taizyagromachine.com\/wp-content\/uploads\/2022\/01\/crusher-and-conveyor.jpg\" alt=\"m\u00e1y nghi\u1ec1n v\u00e0 b\u0103ng t\u1ea3i\" class=\"wp-image-1705\"\/><figcaption class=\"wp-element-caption\">m\u00e1y nghi\u1ec1n v\u00e0 b\u0103ng t\u1ea3i<\/figcaption><\/figure> <\/div>   <h2 class=\"wp-block-heading\" id=\"h-similarities-differences-of-hydraulic-press-baler\"><strong>\u0110i\u1ec3m t\u01b0\u01a1ng \u0111\u1ed3ng v\u00e0 kh\u00e1c bi\u1ec7t c\u1ee7a m\u00e1y \u0111\u00f3ng ki\u1ec7n \u1ee7 chua th\u1ee7y l\u1ef1c<\/strong><\/h2>    <p>N\u00f3i chung, trong c\u00f4ng ty Taizy c\u1ee7a ch\u00fang t\u00f4i, m\u00e1y \u00e9p r\u01a1m th\u1ee7y l\u1ef1c c\u00f3 2 xi lanh v\u00e0 3 xi lanh. So s\u00e1nh nh\u1eefng c\u00e1i n\u00e0y, c\u00f3 m\u1ed9t s\u1ed1 \u0111i\u1ec3m t\u01b0\u01a1ng \u0111\u1ed3ng v\u00e0 kh\u00e1c bi\u1ec7t. H\u00e3y c\u00f9ng l\u00e0m r\u00f5 \u0111i\u1ec1u n\u00e0y.<\/p>    <h3 class=\"wp-block-heading\" id=\"h-similarities\"><strong>\u0110i\u1ec3m t\u01b0\u01a1ng \u0111\u1ed3ng c\u1ee7a M\u00e1y \u0111\u00f3ng ki\u1ec7n th\u1ee7y l\u1ef1c<\/strong><\/h3>    <ol class=\"wp-block-list\" type=\"1\"> <li>H\u00ecnh d\u1ea1ng ki\u1ec7n. C\u1ea3 hai \u0111\u00f3ng ki\u1ec7n th\u00e0nh h\u00ecnh vu\u00f4ng.<\/li>    <li>K\u00edch th\u01b0\u1edbc ki\u1ec7n. K\u00edch th\u01b0\u1edbc c\u0169ng v\u1eady, 700*400*300mm.<\/li> <\/ol>    <h3 class=\"wp-block-heading\" id=\"h-differences\"><strong>S\u1ef1 kh\u00e1c bi\u1ec7t c\u1ee7a xi lanh th\u1ee7y l\u1ef1c 2\/3 <strong>Th\u1ee9c \u0103n \u1ee7 chua<\/strong> M\u00e1y \u0111\u00f3ng ki\u1ec7n<\/strong><\/h3>    <ol class=\"wp-block-list\" type=\"1\"> <li>Quy\u1ec1n l\u1ef1c. M\u00e1y \u0111\u00f3ng ki\u1ec7n th\u1ee7y l\u1ef1c \u1ee7 chua xi lanh \u0111\u00f4i c\u00f3 \u0111\u1ed9ng c\u01a1 diesel v\u00e0 \u0111\u1ed9ng c\u01a1 \u0111i\u1ec7n thay th\u1ebf, nh\u01b0ng m\u00e1y \u00e9p 3 xi lanh ch\u1ec9 c\u00f3 s\u1eb5n \u0111\u1ed9ng c\u01a1 \u0111i\u1ec7n.<\/li>    <li>\u0110\u1ea7u ra. Xi lanh \u0111\u00f4i c\u00f3 th\u1ec3 s\u1ea3n xu\u1ea5t 100-120 bao m\u1ed7i gi\u1edd trong khi xi lanh 3 c\u00f3 th\u1ec3 \u0111\u00f3ng ki\u1ec7n 120-180 bao m\u1ed7i gi\u1edd.<\/li> <\/ol>    <h2 class=\"wp-block-heading\"><strong>Video ho\u1ea1t \u0111\u1ed9ng c\u1ee7a m\u00e1y \u0111\u00f3ng ki\u1ec7n \u1ee7 chua th\u1ee7y l\u1ef1c<\/strong><\/h2>    <figure class=\"wp-block-embed is-type-video is-provider-youtube wp-block-embed-youtube wp-embed-aspect-16-9 wp-has-aspect-ratio\"><div class=\"wp-block-embed__wrapper\"> <iframe loading=\"lazy\" title=\"M\u00e1y \u00e9p ki\u1ec7n th\u1ee7y l\u1ef1c M\u00e1y \u0111\u00f3ng ki\u1ec7n \u1ee7 chua vu\u00f4ng - M\u00e1y \u0111\u00f3ng g\u00f3i th\u1ee9c \u0103n \u1ee7 chua #silage\" width=\"500\" height=\"281\" src=\"https:\/\/www.youtube.com\/embed\/hkYSZuUMRCA?feature=oembed\" frameborder=\"0\" allow=\"accelerometer; autoplay; clipboard-write; encrypted-media; gyroscope; picture-in-picture; web-share\" referrerpolicy=\"strict-origin-when-cross-origin\" allowfullscreen><\/iframe> <\/div><\/figure>","protected":false},"excerpt":{"rendered":"<p>3 cylinder hydraulic silage baler\u00a0functions to compact, bundle, and pack hay straw into square shapes. From its name, it has 3 hydraulic cylinders to carry out the baling works. But for the power supply, this hydraulic press baler only utilizes the electric motor. Besides, the power of the electric motor is 22kW. Also, the bale [&hellip;]<\/p>\n","protected":false},"author":1,"featured_media":2146,"parent":0,"template":"","tags":[76,78,77,75],"product-type":[19],"class_list":["post-1274","product","type-product","status-publish","has-post-thumbnail","hentry","tag-hydraulic-silage-baler","tag-silage-baler-machine","tag-silage-baling-machine","tag-silage-machine","product-type-silage-machine"],"_links":{"self":[{"href":"https:\/\/taizyagromachine.com\/vi\/wp-json\/wp\/v2\/product\/1274","targetHints":{"allow":["GET"]}}],"collection":[{"href":"https:\/\/taizyagromachine.com\/vi\/wp-json\/wp\/v2\/product"}],"about":[{"href":"https:\/\/taizyagromachine.com\/vi\/wp-json\/wp\/v2\/types\/product"}],"author":[{"embeddable":true,"href":"https:\/\/taizyagromachine.com\/vi\/wp-json\/wp\/v2\/users\/1"}],"wp:featuredmedia":[{"embeddable":true,"href":"https:\/\/taizyagromachine.com\/vi\/wp-json\/wp\/v2\/media\/2146"}],"wp:attachment":[{"href":"https:\/\/taizyagromachine.com\/vi\/wp-json\/wp\/v2\/media?parent=1274"}],"wp:term":[{"taxonomy":"post_tag","embeddable":true,"href":"https:\/\/taizyagromachine.com\/vi\/wp-json\/wp\/v2\/tags?post=1274"},{"taxonomy":"product-type","embeddable":true,"href":"https:\/\/taizyagromachine.com\/vi\/wp-json\/wp\/v2\/product-type?post=1274"}],"curies":[{"name":"wp","href":"https:\/\/api.w.org\/{rel}","templated":true}]}}