{"id":1447,"date":"2021-12-07T07:35:01","date_gmt":"2021-12-07T07:35:01","guid":{"rendered":"https:\/\/taizyagromachine.com\/?p=1447"},"modified":"2022-09-29T09:26:12","modified_gmt":"2022-09-29T01:26:12","slug":"30tpd-rice-mill-production-line","status":"publish","type":"product","link":"https:\/\/taizyagromachine.com\/vi\/product\/30tpd-rice-mill-production-line\/","title":{"rendered":"D\u00e2y chuy\u1ec1n s\u1ea3n xu\u1ea5t m\u00e1y xay l\u00faa 30TPD"},"content":{"rendered":"<p class=\"translation-block\"><strong>D\u00e2y chuy\u1ec1n xay x\u00e1t l\u00faa g\u1ea1o 30TPD<\/strong> l\u00e0 m\u1ed9t d\u00e2y chuy\u1ec1n s\u1ea3n xu\u1ea5t c\u00f3 s\u1ea3n l\u01b0\u1ee3ng l\u1edbn \u0111\u1ec3 xay x\u00e1t l\u00faa g\u1ea1o. Nh\u00e0 m\u00e1y xay x\u00e1t l\u00faa g\u1ea1o n\u00e0y c\u00f3 c\u00f4ng su\u1ea5t 30 t\u1ea5n m\u1ed7i ng\u00e0y. Ngo\u00e0i ra, \u0111\u00e2y l\u00e0 <a href=\"https:\/\/taizyagromachine.com\/vi\/product\/solutions\/\" target=\"_blank\" rel=\"noreferrer noopener\">d\u00e2y chuy\u1ec1n s\u1ea3n xu\u1ea5t ho\u00e0n to\u00e0n t\u1ef1 \u0111\u1ed9ng<\/a>, gi\u00fap ti\u1ebft ki\u1ec7m nh\u00e2n c\u00f4ng v\u00e0 th\u1eddi gian. N\u00f3 c\u0169ng c\u00f3 hai t\u1ea7ng s\u00e0n: t\u1ea7ng tr\u00ean \u0111\u1ec3 ki\u1ec3m tra v\u00e0 b\u1ea3o tr\u00ec, t\u1ea7ng d\u01b0\u1edbi \u0111\u1ec3 l\u00e0m vi\u1ec7c. \u0110\u1ed3ng th\u1eddi, n\u00f3 c\u00f3 hi\u1ec7u qu\u1ea3 l\u00e0m vi\u1ec7c cao, c\u00f3 th\u1ec3 \u0111\u00e1p \u1ee9ng c\u00e1c y\u00eau c\u1ea7u kinh doanh kh\u00e1c nhau c\u1ee7a b\u1ea1n. Nh\u01b0ng b\u1ea1n c\u1ea7n l\u01b0u \u00fd r\u1eb1ng d\u00e2y chuy\u1ec1n s\u1ea3n xu\u1ea5t xay x\u00e1t l\u00faa g\u1ea1o ho\u00e0n ch\u1ec9nh 30 t\u1ea5n \/ ng\u00e0y n\u00e0y c\u00f3 hai ho\u1eb7c ba m\u00e1y xay x\u00e1t l\u00faa g\u1ea1o. N\u00f3 ph\u1ee5 thu\u1ed9c v\u00e0o nhu c\u1ea7u c\u1ee7a b\u1ea1n. Theo quy m\u00f4 nh\u00e0 m\u00e1y xay x\u00e1t l\u00faa g\u1ea1o c\u1ee7a b\u1ea1n, b\u1ea1n c\u00f3 th\u1ec3 l\u1ef1a ch\u1ecdn linh ho\u1ea1t. Nh\u00e0 m\u00e1y xay x\u00e1t l\u00faa g\u1ea1o n\u00e0y c\u00f3 th\u1ec3 mang l\u1ea1i l\u1ee3i \u00edch cho doanh nghi\u1ec7p c\u1ee7a b\u1ea1n v\u00ec n\u00f3 gi\u00fap b\u1ea1n c\u00f3 \u0111\u01b0\u1ee3c g\u1ea1o tr\u1eafng h\u01a1n v\u00e0 ch\u1ea5t l\u01b0\u1ee3ng cao h\u01a1n \u0111\u1ec3 b\u00e1n. B\u1ea1n c\u00f3 c\u1ea7n m\u1ed9t c\u00e1i \u0111\u1ec3 h\u1ed7 tr\u1ee3 doanh nghi\u1ec7p c\u1ee7a m\u00ecnh kh\u00f4ng? Vui l\u00f2ng li\u00ean h\u1ec7 v\u1edbi ch\u00fang t\u00f4i \u0111\u1ec3 bi\u1ebft th\u00eam th\u00f4ng tin!<\/p>   <div class=\"wp-block-image\"> <figure class=\"aligncenter size-full\"><img loading=\"lazy\" decoding=\"async\" width=\"720\" height=\"540\" src=\"https:\/\/taizyagromachine.com\/wp-content\/uploads\/2022\/02\/30tpd-rice-mill-production-line.jpg\" alt=\"D\u00e2y chuy\u1ec1n s\u1ea3n xu\u1ea5t m\u00e1y xay l\u00faa 30tpd\" class=\"wp-image-1936\" srcset=\"https:\/\/taizyagromachine.com\/wp-content\/uploads\/2022\/02\/30tpd-rice-mill-production-line.jpg 720w, https:\/\/taizyagromachine.com\/wp-content\/uploads\/2022\/02\/30tpd-rice-mill-production-line-300x225.jpg 300w\" sizes=\"auto, (max-width: 720px) 100vw, 720px\" \/><figcaption>D\u00e2y chuy\u1ec1n s\u1ea3n xu\u1ea5t m\u00e1y xay l\u00faa 30tpd<\/figcaption><\/figure> <\/div>   <h2 class=\"wp-block-heading\" id=\"structure-of-30t-rice-mill-plant-for-sale\"><strong>C\u1ea5u tr\u00fac nh\u00e0 m\u00e1y xay l\u00faa 30t \u0111\u1ec3 b\u00e1n<\/strong><strong><\/strong><\/h2>    <p class=\"translation-block\">M\u00e1y l\u00e0m s\u1ea1ch k\u1ebft h\u1ee3p, m\u00e1y t\u00e1ch \u0111\u00e1, m\u00e1y b\u00f3c v\u1ecf tr\u1ea5u, <a href=\"https:\/\/taizyagromachine.com\/vi\/product\/gravity-paddy-separator\/\" target=\"_blank\" rel=\"noreferrer noopener\">m\u00e1y t\u00e1ch l\u00faa<\/a>, m\u00e1y xay x\u00e1t l\u00faa g\u1ea1o th\u1ee9 nh\u1ea5t, m\u00e1y xay x\u00e1t l\u00faa g\u1ea1o th\u1ee9 hai, m\u00e1y xay x\u00e1t l\u00faa g\u1ea1o th\u1ee9 ba, m\u00e1y ph\u00e2n lo\u1ea1i g\u1ea1o tr\u1eafng, m\u00e1y \u0111\u00e1nh b\u00f3ng g\u1ea1o b\u1eb1ng n\u01b0\u1edbc, <a href=\"https:\/\/en.wikipedia.org\/wiki\/Colour_sorter\" target=\"_blank\" rel=\"noreferrer noopener\">m\u00e1y ph\u00e2n lo\u1ea1i m\u00e0u<\/a>, m\u00e1y \u0111\u00f3ng g\u00f3i<\/p>   <div class=\"wp-block-image\"> <figure class=\"aligncenter size-full\"><img loading=\"lazy\" decoding=\"async\" width=\"720\" height=\"450\" src=\"https:\/\/taizyagromachine.com\/wp-content\/uploads\/2022\/02\/structure-30tpd-production-line.jpg\" alt=\"c\u1ea5u tr\u00fac-30tpd-d\u00e2y chuy\u1ec1n s\u1ea3n xu\u1ea5t\" class=\"wp-image-1937\" srcset=\"https:\/\/taizyagromachine.com\/wp-content\/uploads\/2022\/02\/structure-30tpd-production-line.jpg 720w, https:\/\/taizyagromachine.com\/wp-content\/uploads\/2022\/02\/structure-30tpd-production-line-300x188.jpg 300w\" sizes=\"auto, (max-width: 720px) 100vw, 720px\" \/><figcaption>k\u1ebft c\u1ea5u<\/figcaption><\/figure> <\/div>   <h2 class=\"wp-block-heading\" id=\"features-of-complete-30t-rice-mill-machine-plant\"><strong>C\u00e1c t\u00ednh n\u0103ng c\u1ee7a Nh\u00e0 m\u00e1y m\u00e1y xay l\u00faa 30t ho\u00e0n ch\u1ec9nh<\/strong><strong><\/strong><\/h2>    <ul class=\"wp-block-list\" type=\"1\"><li>D\u00e2y chuy\u1ec1n s\u1ea3n xu\u1ea5t m\u00e1y xay l\u00faa 30 t\u1ea5n\/ng\u00e0y ho\u00e0n ch\u1ec9nh, hi\u1ec7u su\u1ea5t cao.<\/li><li>Thi\u1ebft k\u1ebf tuy\u1ec7t v\u1eddi c\u1ee7a m\u00e1y xay l\u00faa hi\u1ec7n \u0111\u1ea1i, d\u1ec5 b\u1ea3o tr\u00ec v\u00e0 v\u1eadn h\u00e0nh.<\/li><li>C\u1ea5u tr\u00fac nh\u1ecf g\u1ecdn, hi\u1ec7u su\u1ea5t \u1ed5n \u0111\u1ecbnh, g\u1ea1o tr\u1eafng ch\u1ea5t l\u01b0\u1ee3ng cao.<\/li><li>T\u1ef7 l\u1ec7 s\u1ea3n l\u01b0\u1ee3ng g\u1ea1o \u0111\u1ea1t kho\u1ea3ng 70%, t\u1ef7 l\u1ec7 g\u1ea1o t\u1ea5m l\u00e0 2%.<\/li><li>Ti\u00eau th\u1ee5 \u0111i\u1ec7n n\u0103ng th\u1ea5p.<\/li><li>Nh\u00e0 m\u00e1y xay x\u00e1t g\u1ea1o c\u00f3 th\u1ec3 \u0111\u01b0\u1ee3c t\u00f9y ch\u1ec9nh d\u1ef1a tr\u00ean nhu c\u1ea7u c\u1ee7a kh\u00e1ch h\u00e0ng.<\/li><\/ul>    <h2 class=\"wp-block-heading\" id=\"what-functions-of-combined-cleaner\"><strong>Ch\u1ee9c n\u0103ng c\u1ee7a m\u00e1y l\u00e0m s\u1ea1ch k\u1ebft h\u1ee3p l\u00e0 g\u00ec?<\/strong><strong><\/strong><\/h2>    <p>So v\u1edbi c\u00e1c d\u00e2y chuy\u1ec1n s\u1ea3n xu\u1ea5t kh\u00e1c nh\u01b0 d\u00e2y chuy\u1ec1n xay x\u00e1t g\u1ea1o 15tdp, nh\u00e0 m\u00e1y ch\u1ebf bi\u1ebfn g\u1ea1o t\u1ef1 \u0111\u1ed9ng 30t n\u00e0y c\u00f3 m\u00e1y l\u00e0m s\u1ea1ch t\u1ed5ng h\u1ee3p. L\u00e0 nh\u00e0 s\u1ea3n xu\u1ea5t v\u00e0 cung c\u1ea5p chuy\u00ean nghi\u1ec7p, ch\u00fang t\u00f4i khuy\u00ean d\u00f9ng m\u00e1y l\u00e0m s\u1ea1ch k\u1ebft h\u1ee3p cho d\u00e2y chuy\u1ec1n s\u1ea3n xu\u1ea5t m\u00e1y xay l\u00faa l\u1edbn. N\u00f3 ch\u1ee7 y\u1ebfu c\u00f3 ch\u1ee9c n\u0103ng lo\u1ea1i b\u1ecf c\u00e1c t\u1ea1p ch\u1ea5t l\u1edbn v\u00e0 nh\u1ecf. \u00a0B\u1edfi v\u00ec m\u1ed9t s\u1ed1 t\u1ea1p ch\u1ea5t x\u00e2m nh\u1eadp v\u00e0o th\u00f3c trong qu\u00e1 tr\u00ecnh thu ho\u1ea1ch.<\/p>    <p>Nguy\u00ean l\u00fd l\u00e0m vi\u1ec7c d\u1ef1a v\u00e0o s\u00e0ng. M\u00e1y l\u00e0m s\u1ea1ch t\u1ed5ng h\u1ee3p c\u00f3 nhi\u1ec7m v\u1ee5 lo\u1ea1i b\u1ecf c\u00e1c t\u1ea1p ch\u1ea5t ph\u00f9 h\u1ee3p v\u1edbi k\u00edch th\u01b0\u1edbc l\u1ed7 s\u00e0ng. &nbsp;<\/p>    <h2 class=\"wp-block-heading\" id=\"choose-multiple-rice-milling\"><strong>Ch\u1ecdn nhi\u1ec1u lo\u1ea1i g\u1ea1o xay x\u00e1t<\/strong><strong><\/strong><\/h2>    <p>\u0110\u1ed1i v\u1edbi d\u00e2y chuy\u1ec1n s\u1ea3n xu\u1ea5t m\u00e1y xay x\u00e1t g\u1ea1o l\u1edbn, nh\u00e0 m\u00e1y xay x\u00e1t g\u1ea1o lu\u00f4n \u00e1p d\u1ee5ng nhi\u1ec1u m\u00e1y xay x\u00e1t g\u1ea1o. C\u00f3 hai l\u00fd do:<\/p>    <ol class=\"wp-block-list\" type=\"1\"><li>Xay nhi\u1ec1u l\u1ea7n g\u1ea1o c\u00f3 th\u1ec3 gi\u1ea3m t\u1ef7 l\u1ec7 g\u1ea1o t\u1ea5m m\u1ed9t c\u00e1ch hi\u1ec7u qu\u1ea3, \u0111\u1ea3m b\u1ea3o ch\u1ea5t l\u01b0\u1ee3ng g\u1ea1o tr\u1eafng nguy\u00ean h\u1ea1t.<\/li><li>Ngo\u00e0i ra, n\u00f3 c\u00f3 th\u1ec3 \u0111\u1ea3m b\u1ea3o s\u1ea3n l\u01b0\u1ee3ng l\u1edbn.<\/li><\/ol>    <p>D\u1ef1a tr\u00ean nh\u1eefng l\u00fd do tr\u00ean, d\u00e2y chuy\u1ec1n s\u1ea3n xu\u1ea5t m\u00e1y xay l\u00faa l\u1edbn, kh\u00f4ng ch\u1ec9 d\u00e2y chuy\u1ec1n s\u1ea3n xu\u1ea5t 30tpd, c\u00f3 th\u1ec3 t\u1eadn d\u1ee5ng kh\u1ea3 n\u0103ng xay x\u00e1t nhi\u1ec1u lo\u1ea1i g\u1ea1o \u0111\u1ec3 \u0111\u1ea1t \u0111\u01b0\u1ee3c m\u1ee5c ti\u00eau y\u00eau c\u1ea7u.<\/p>   <div class=\"wp-block-image\"> <figure class=\"aligncenter size-full\"><img loading=\"lazy\" decoding=\"async\" width=\"720\" height=\"400\" src=\"https:\/\/taizyagromachine.com\/wp-content\/uploads\/2022\/02\/multiple-rice-milling-30tpd.jpg\" alt=\"xay x\u00e1t nhi\u1ec1u g\u1ea1o\" class=\"wp-image-1939\" srcset=\"https:\/\/taizyagromachine.com\/wp-content\/uploads\/2022\/02\/multiple-rice-milling-30tpd.jpg 720w, https:\/\/taizyagromachine.com\/wp-content\/uploads\/2022\/02\/multiple-rice-milling-30tpd-300x167.jpg 300w\" sizes=\"auto, (max-width: 720px) 100vw, 720px\" \/><figcaption>xay x\u00e1t g\u1ea1o nhi\u1ec1u l\u1ea7n<\/figcaption><\/figure> <\/div>   <h2 class=\"wp-block-heading\" id=\"why-use-air-compressor\"><strong>T\u1ea1i sao n\u00ean s\u1eed d\u1ee5ng m\u00e1y n\u00e9n kh\u00ed?<\/strong><strong><\/strong><\/h2>    <p>Khi b\u1ea1n mua d\u00e2y chuy\u1ec1n s\u1ea3n xu\u1ea5t nh\u00e0 m\u00e1y xay l\u00faa 30tpd ho\u00e0n ch\u1ec9nh, m\u00e1y n\u00e9n kh\u00ed l\u00e0 c\u1ea7n thi\u1ebft. Trong d\u00e2y chuy\u1ec1n s\u1ea3n xu\u1ea5t n\u00e0y, m\u00e1y ph\u00e2n lo\u1ea1i m\u00e0u, m\u00e1y \u0111\u00e1nh b\u00f3ng v\u00e0 \u0111\u00f3ng g\u00f3i n\u01b0\u1edbc g\u1ea1o n\u00ean s\u1eed d\u1ee5ng m\u00e1y n\u00e9n kh\u00ed. Nh\u1eefng l\u00fd do nh\u01b0 sau:<\/p>    <ol class=\"wp-block-list\" type=\"1\"><li>Sau khi ph\u00e2n lo\u1ea1i m\u00e0u, m\u00e1y n\u00e9n kh\u00ed s\u1ebd th\u1ed5i ra g\u1ea1o kh\u00f4ng \u0111\u1ea1t ti\u00eau chu\u1ea9n.<\/li><li>\u0110\u1ed1i v\u1edbi m\u00e1y \u0111\u00e1nh b\u00f3ng n\u01b0\u1edbc g\u1ea1o, m\u00e1y n\u00e9n kh\u00ed c\u00f3 ch\u1ee9c n\u0103ng t\u1ea1o th\u00e0nh s\u01b0\u01a1ng n\u01b0\u1edbc, l\u00e0m m\u00e1t v\u00e0 th\u1ed5i bay b\u1ee5i b\u1ea9n.<\/li><li>Li\u00ean quan \u0111\u1ebfn m\u00e1y \u0111\u00f3ng g\u00f3i, hai ch\u1ee9c n\u0103ng c\u1ee7a m\u00e1y n\u00e9n kh\u00ed l\u00e0 ki\u1ec3m so\u00e1t s\u1ed1 l\u01b0\u1ee3ng bao b\u00ec v\u00e0 k\u1eb9p t\u00fai.<\/li><\/ol>   <div class=\"wp-block-image\"> <figure class=\"aligncenter size-full\"><img loading=\"lazy\" decoding=\"async\" width=\"720\" height=\"400\" src=\"https:\/\/taizyagromachine.com\/wp-content\/uploads\/2022\/02\/air-compressor-30tpd.jpg\" alt=\"m\u00e1y n\u00e9n kh\u00ed-30tpd\" class=\"wp-image-1941\" srcset=\"https:\/\/taizyagromachine.com\/wp-content\/uploads\/2022\/02\/air-compressor-30tpd.jpg 720w, https:\/\/taizyagromachine.com\/wp-content\/uploads\/2022\/02\/air-compressor-30tpd-300x167.jpg 300w\" sizes=\"auto, (max-width: 720px) 100vw, 720px\" \/><figcaption>m\u00e1y n\u00e9n kh\u00ed<\/figcaption><\/figure> <\/div>   <h2 class=\"wp-block-heading\" id=\"which-places-are-applicable\"><strong>Nh\u1eefng \u0111\u1ecba \u0111i\u1ec3m n\u00e0o \u0111\u01b0\u1ee3c \u00e1p d\u1ee5ng?<\/strong><strong><\/strong><\/h2>    <ol class=\"wp-block-list\" type=\"1\"><li>C\u00e1c nh\u00e0 m\u00e1y l\u00faa g\u1ea1o.<\/li><li>C\u00e1c ch\u1ee7 s\u1edf h\u1eefu \u0111\u1ea5t n\u00f4ng nghi\u1ec7p.<\/li><li>Nh\u00e0 ph\u00e2n ph\u1ed1i\/\u0111\u1ea1i l\u00fd.<\/li><\/ol>    <h2 class=\"wp-block-heading\" id=\"related-production-line\"><strong>D\u00e2y chuy\u1ec1n s\u1ea3n xu\u1ea5t li\u00ean quan<\/strong><strong><\/strong><\/h2>    <p class=\"translation-block\">T\u1ea1i <a href=\"https:\/\/taizyagromachine.com\/vi\/\" target=\"_blank\" rel=\"noreferrer noopener\">C\u00f4ng ty Taizy Machine<\/a> c\u1ee7a ch\u00fang t\u00f4i, ch\u00fang t\u00f4i kh\u00f4ng ch\u1ec9 cung c\u1ea5p d\u00e2y chuy\u1ec1n s\u1ea3n xu\u1ea5t xay x\u00e1t l\u00faa g\u1ea1o 30 t\u1ea5n\/ng\u00e0y m\u00e0 c\u00f2n c\u1ea3 d\u00e2y chuy\u1ec1n s\u1ea3n xu\u1ea5t 15 t\u1ea5n\/ng\u00e0y, 20 t\u1ea5n\/ng\u00e0y, v.v.<\/p>","protected":false},"excerpt":{"rendered":"<p>30TPD rice mill production line&nbsp;is a large output production line for rice milling. This rice mill plant has the capacity of 30t per day. Besides, it\u2019s fully automatic production line, saving labor and time. It also has two layers of platforms: the upper is for check and maintenance, the lower is for work. At the [&hellip;]<\/p>\n","protected":false},"author":1,"featured_media":2082,"parent":0,"template":"","tags":[38],"product-type":[27],"class_list":["post-1447","product","type-product","status-publish","has-post-thumbnail","hentry","tag-rice-mill-production-line","product-type-solutions"],"_links":{"self":[{"href":"https:\/\/taizyagromachine.com\/vi\/wp-json\/wp\/v2\/product\/1447","targetHints":{"allow":["GET"]}}],"collection":[{"href":"https:\/\/taizyagromachine.com\/vi\/wp-json\/wp\/v2\/product"}],"about":[{"href":"https:\/\/taizyagromachine.com\/vi\/wp-json\/wp\/v2\/types\/product"}],"author":[{"embeddable":true,"href":"https:\/\/taizyagromachine.com\/vi\/wp-json\/wp\/v2\/users\/1"}],"wp:featuredmedia":[{"embeddable":true,"href":"https:\/\/taizyagromachine.com\/vi\/wp-json\/wp\/v2\/media\/2082"}],"wp:attachment":[{"href":"https:\/\/taizyagromachine.com\/vi\/wp-json\/wp\/v2\/media?parent=1447"}],"wp:term":[{"taxonomy":"post_tag","embeddable":true,"href":"https:\/\/taizyagromachine.com\/vi\/wp-json\/wp\/v2\/tags?post=1447"},{"taxonomy":"product-type","embeddable":true,"href":"https:\/\/taizyagromachine.com\/vi\/wp-json\/wp\/v2\/product-type?post=1447"}],"curies":[{"name":"wp","href":"https:\/\/api.w.org\/{rel}","templated":true}]}}