{"id":1496,"date":"2021-12-10T03:12:00","date_gmt":"2021-12-10T03:12:00","guid":{"rendered":"https:\/\/taizyagromachine.com\/?p=1496"},"modified":"2022-09-29T14:04:15","modified_gmt":"2022-09-29T06:04:15","slug":"38tpd-rice-mill-plant","status":"publish","type":"product","link":"https:\/\/taizyagromachine.com\/vi\/product\/38tpd-rice-mill-plant\/","title":{"rendered":"Nh\u00e0 m\u00e1y ch\u1ebf bi\u1ebfn g\u1ea1o 38TPD"},"content":{"rendered":"<p class=\"translation-block\"><strong>Nh\u00e0 m\u00e1y ch\u1ebf bi\u1ebfn g\u1ea1o 38TPD<\/strong> l\u00e0 m\u1ed9t nh\u00e0 m\u00e1y l\u00fd t\u01b0\u1edfng cho s\u1ea3n l\u01b0\u1ee3ng l\u1edbn trong vi\u1ec7c xay x\u00e1t g\u1ea1o. B\u1edfi v\u00ec n\u00f3 c\u00f3 th\u1ec3 s\u1ea3n xu\u1ea5t g\u1ea1o tr\u1eafng v\u1edbi c\u00f4ng su\u1ea5t 38t m\u1ed7i ng\u00e0y, n\u00f3 c\u00f3 hi\u1ec7u su\u1ea5t cao. N\u00f3 r\u1ea5t ph\u00f9 h\u1ee3p cho c\u00e1c nh\u00e0 m\u00e1y g\u1ea1o, ch\u1ee7 trang tr\u1ea1i, v.v. N\u00f3 \u0111\u01b0\u1ee3c thi\u1ebft k\u1ebf \u0111\u1ec3 tr\u1edf th\u00e0nh m\u1ed9t d\u00e2y chuy\u1ec1n s\u1ea3n xu\u1ea5t ho\u00e0n to\u00e0n t\u1ef1 \u0111\u1ed9ng v\u00e0 ho\u00e0n ch\u1ec9nh. T\u1ea5t nhi\u00ean, ch\u00fang t\u00f4i c\u00f3 th\u1ec3 gi\u1edbi thi\u1ec7u m\u1ed9t nh\u00e0 m\u00e1y xay g\u1ea1o ph\u00f9 h\u1ee3p d\u1ef1a tr\u00ean nhu c\u1ea7u c\u1ee7a b\u1ea1n. Nh\u00e0 m\u00e1y xay g\u1ea1o 38t n\u00e0y c\u00f3 ngo\u1ea1i h\u00ecnh h\u1ea5p d\u1eabn, hi\u1ec7u su\u1ea5t \u1ed5n \u0111\u1ecbnh, c\u0169ng nh\u01b0 ch\u1ea5t l\u01b0\u1ee3ng tuy\u1ec7t v\u1eddi. Ngo\u00e0i ra, n\u00f3 c\u00f3 c\u00e1c n\u1ec1n t\u1ea3ng. N\u1ec1n t\u1ea3ng tr\u00ean c\u00f9ng d\u00f9ng \u0111\u1ec3 ki\u1ec3m tra v\u00e0 b\u1ea3o tr\u00ec, trong khi n\u1ec1n t\u1ea3ng b\u00ean d\u01b0\u1edbi d\u00f9ng cho c\u00f4ng vi\u1ec7c. N\u1ebfu b\u1ea1n c\u00f3 b\u1ea5t k\u1ef3 nhu c\u1ea7u n\u00e0o, h\u00e3y li\u00ean h\u1ec7 v\u1edbi ch\u00fang t\u00f4i \u0111\u1ec3 bi\u1ebft th\u00eam chi ti\u1ebft!<\/p>    <h2 class=\"wp-block-heading\" id=\"working-flow-of-38t-production-line\"><strong>Quy tr\u00ecnh l\u00e0m vi\u1ec7c c\u1ee7a d\u00e2y chuy\u1ec1n s\u1ea3n xu\u1ea5t 38t<\/strong><\/h2>    <p>T\u1eeb quy tr\u00ecnh d\u01b0\u1edbi \u0111\u00e2y, ch\u00fang ta c\u00f3 th\u1ec3 th\u1ea5y r\u00f5 nh\u00e0 m\u00e1y xay x\u00e1t g\u1ea1o ho\u00e0n ch\u1ec9nh ho\u1ea1t \u0111\u1ed9ng nh\u01b0 th\u1ebf n\u00e0o. Tr\u00ecnh t\u1ef1, th\u1ee7 t\u1ee5c \u0111\u01b0\u1ee3c th\u1ec3 hi\u1ec7n r\u00f5 r\u00e0ng.<\/p>   <div class=\"wp-block-image\"> <figure class=\"aligncenter size-full\"><img loading=\"lazy\" decoding=\"async\" width=\"720\" height=\"540\" src=\"https:\/\/taizyagromachine.com\/wp-content\/uploads\/2022\/02\/work-flow-38tpd.jpg\" alt=\"lu\u1ed3ng c\u00f4ng vi\u1ec7c\" class=\"wp-image-1983\" srcset=\"https:\/\/taizyagromachine.com\/wp-content\/uploads\/2022\/02\/work-flow-38tpd.jpg 720w, https:\/\/taizyagromachine.com\/wp-content\/uploads\/2022\/02\/work-flow-38tpd-300x225.jpg 300w\" sizes=\"auto, (max-width: 720px) 100vw, 720px\" \/><figcaption>lu\u1ed3ng c\u00f4ng vi\u1ec7c<\/figcaption><\/figure> <\/div>   <h2 class=\"wp-block-heading\" id=\"structure-of-integrated-38tpd-rice-milling-plant-for-sale\"><strong>C\u1ea5u tr\u00fac nh\u00e0 m\u00e1y ch\u1ebf bi\u1ebfn g\u1ea1o t\u00edch h\u1ee3p 38tpd \u0111\u1ec3 b\u00e1n<\/strong><\/h2>    <p>C\u1ea5u tr\u00fac n\u00e0y g\u1ecdn nh\u1eb9 v\u00e0 h\u1ee3p l\u00fd v\u00ec tr\u00ecnh t\u1ef1 l\u00e0m vi\u1ec7c c\u00f3 tr\u1eadt t\u1ef1. Ch\u1eafc ch\u1eafn, m\u1ed9t s\u1ed1 m\u00e1y m\u00f3c c\u00f3 th\u1ec3 \u0111\u01b0\u1ee3c th\u00eam v\u00e0o quy tr\u00ecnh n\u00e0y \u0111\u1ec3 t\u1ea1o ra g\u1ea1o tr\u1eafng ch\u1ea5t l\u01b0\u1ee3ng cao v\u00e0 \u0103n ngon h\u01a1n.<\/p>   <div class=\"wp-block-image\"> <figure class=\"aligncenter size-full\"><img loading=\"lazy\" decoding=\"async\" width=\"720\" height=\"540\" src=\"https:\/\/taizyagromachine.com\/wp-content\/uploads\/2022\/02\/structure-38t-rice-milling-plant.jpg\" alt=\"k\u1ebft c\u1ea5u nh\u00e0 m\u00e1y ch\u1ebf bi\u1ebfn g\u1ea1o 38tpd\" class=\"wp-image-1984\" srcset=\"https:\/\/taizyagromachine.com\/wp-content\/uploads\/2022\/02\/structure-38t-rice-milling-plant.jpg 720w, https:\/\/taizyagromachine.com\/wp-content\/uploads\/2022\/02\/structure-38t-rice-milling-plant-300x225.jpg 300w\" sizes=\"auto, (max-width: 720px) 100vw, 720px\" \/><figcaption>k\u1ebft c\u1ea5u nh\u00e0 m\u00e1y ch\u1ebf bi\u1ebfn g\u1ea1o 38tpd<\/figcaption><\/figure> <\/div>   <h2 class=\"wp-block-heading\" id=\"features-of-complete-38tpd-rice-mill-plant\"><strong>\u0110\u1eb7c \u0111i\u1ec3m c\u1ee7a Nh\u00e0 m\u00e1y xay l\u00faa ho\u00e0n ch\u1ec9nh 38tpd<\/strong><\/h2>    <ul class=\"wp-block-list\" type=\"1\"><li>L\u1eafp \u0111\u1eb7t thu\u1eadn ti\u1ec7n v\u00ec vi\u1ec7c n\u00e0y \u0111\u01b0\u1ee3c s\u1eafp x\u1ebfp theo quy tr\u00ecnh c\u00f3 tr\u1eadt t\u1ef1.<\/li><li>Ngo\u1ea1i h\u00ecnh h\u1ea5p d\u1eabn. Ngo\u1ea1i h\u00ecnh g\u1ecdn g\u00e0ng, \u0111\u1eb9p m\u1eaft, thu h\u00fat ng\u01b0\u1eddi nh\u00ecn v\u00e0 t\u1ea1o c\u1ea3m gi\u00e1c tho\u1ea3i m\u00e1i.<\/li><li>Ho\u1ea1t \u0111\u1ed9ng \u0111\u01a1n gi\u1ea3n. Ch\u00fang t\u00f4i cung c\u1ea5p h\u01b0\u1edbng d\u1eabn v\u1eadn h\u00e0nh. H\u01a1n n\u1eefa tr\u00ean m\u00e1y c\u00f2n c\u00f3 m\u00f4 t\u1ea3 b\u1eb1ng ti\u1ebfng Anh.<\/li><li>Y\u00eau c\u1ea7u th\u1ea5p cho h\u1ed9i th\u1ea3o. \u0110\u00e2y l\u00e0 thi\u1ebft b\u1ecb ch\u1ebf bi\u1ebfn g\u1ea1o l\u00fd t\u01b0\u1edfng cho tr\u1ea1m ng\u0169 c\u1ed1c, nh\u00e0 m\u00e1y s\u1ea3n xu\u1ea5t l\u00faa g\u1ea1o v\u00e0 trang tr\u1ea1i.<\/li><li>T\u00f9y ch\u1ec9nh. M\u00e1y ph\u00e2n lo\u1ea1i g\u1ea1o tr\u1eafng c\u00f3 th\u1ec3 \u0111\u01b0\u1ee3c t\u00f9y ch\u1ec9nh \u0111\u1ec3 \u0111\u00e1p \u1ee9ng nhu c\u1ea7u c\u1ee7a b\u1ea1n.<\/li><\/ul>    <h2 class=\"wp-block-heading\" id=\"optional-equipment\"><strong>Thi\u1ebft b\u1ecb t\u00f9y ch\u1ecdn cho nh\u00e0 m\u00e1y ch\u1ebf bi\u1ebfn g\u1ea1o<\/strong><\/h2>    <p class=\"translation-block\">L\u00e0 <a href=\"https:\/\/taizyagromachine.com\/vi\/\" target=\"_blank\" rel=\"noreferrer noopener\">m\u1ed9t nh\u00e0 s\u1ea3n xu\u1ea5t v\u00e0 nh\u00e0 cung c\u1ea5p c\u00f3 kinh nghi\u1ec7m<\/a>, ch\u00fang t\u00f4i c\u00f3 th\u1ec3 cung c\u1ea5p m\u1ed9t nh\u00e0 m\u00e1y xay g\u1ea1o ph\u00f9 h\u1ee3p \u0111\u1ec3 th\u00fac \u0111\u1ea9y doanh nghi\u1ec7p c\u1ee7a b\u1ea1n. V\u00ed d\u1ee5, d\u00e2y chuy\u1ec1n s\u1ea3n xu\u1ea5t xay g\u1ea1o 38tpd ho\u00e0n ch\u1ec9nh c\u00f3 c\u00e1c m\u00e1y nh\u01b0 m\u00e1y t\u00e1ch \u0111\u00e1, <a href=\"https:\/\/en.wikipedia.org\/wiki\/Rice_huller\" target=\"_blank\" rel=\"noreferrer noopener\">m\u00e1y xay g\u1ea1o<\/a>, m\u00e1y t\u00e1ch g\u1ea1o b\u1eb1ng tr\u1ecdng l\u1ef1c, m\u00e1y xay g\u1ea1o, v\u00e0 m\u00e1y ph\u00e2n lo\u1ea1i g\u1ea1o tr\u1eafng.<\/p>   <div class=\"wp-block-image\"> <figure class=\"aligncenter size-full\"><img loading=\"lazy\" decoding=\"async\" width=\"720\" height=\"540\" src=\"https:\/\/taizyagromachine.com\/wp-content\/uploads\/2022\/02\/complete-rice-mill-plant-38t.jpg\" alt=\"nh\u00e0 m\u00e1y xay x\u00e1t g\u1ea1o ho\u00e0n ch\u1ec9nh\" class=\"wp-image-1987\" srcset=\"https:\/\/taizyagromachine.com\/wp-content\/uploads\/2022\/02\/complete-rice-mill-plant-38t.jpg 720w, https:\/\/taizyagromachine.com\/wp-content\/uploads\/2022\/02\/complete-rice-mill-plant-38t-300x225.jpg 300w\" sizes=\"auto, (max-width: 720px) 100vw, 720px\" \/><figcaption>nh\u00e0 m\u00e1y xay x\u00e1t g\u1ea1o ho\u00e0n ch\u1ec9nh<\/figcaption><\/figure> <\/div>   <p>H\u01a1n n\u1eefa, c\u00f2n c\u00f3 c\u00e1c thi\u1ebft b\u1ecb kh\u00e1c s\u1eb5n s\u00e0ng h\u1ee3p t\u00e1c \u0111\u1ec3 \u0111\u1ea1t \u0111\u01b0\u1ee3c c\u00e1c m\u1ee5c ti\u00eau c\u1ea7n thi\u1ebft. Ch\u1eb3ng h\u1ea1n nh\u01b0 m\u00e1y ph\u00e2n lo\u1ea1i m\u00e0u, m\u00e1y \u0111\u00e1nh b\u00f3ng g\u1ea1o, m\u00e1y \u0111\u00f3ng g\u00f3i, th\u00f9ng b\u1ea3o qu\u1ea3n, v.v. Ch\u1ec9 c\u1ea7n b\u1ea1n cho ch\u00fang t\u00f4i bi\u1ebft nhu c\u1ea7u s\u1ea3n xu\u1ea5t c\u1ee7a m\u00ecnh, ch\u00fang t\u00f4i s\u1ebd cung c\u1ea5p gi\u1ea3i ph\u00e1p ho\u00e0n h\u1ea3o. &nbsp;&nbsp;<\/p>    <p>Ngo\u00e0i ra, b\u1ea1n c\u00f3 th\u1ec3 l\u1ef1a ch\u1ecdn m\u00e1y s\u1ea5y \u0111\u1ec3 \u0111\u1eb7t gi\u1eefa d\u00e2y chuy\u1ec1n s\u1ea3n xu\u1ea5t.<\/p>    <h2 class=\"wp-block-heading\" id=\"why-choose-us\"><strong>T\u1ea1i sao ch\u1ecdn ch\u00fang t\u00f4i?<\/strong><strong><\/strong><\/h2>    <p>Ch\u00fang t\u00f4i l\u00e0 nh\u00e0 s\u1ea3n xu\u1ea5t v\u00e0 cung c\u1ea5p m\u00e1y n\u00f4ng nghi\u1ec7p chuy\u00ean nghi\u1ec7p. C\u00f4ng ty M\u00e1y Taizy c\u00f3 uy t\u00edn cao trong th\u01b0\u01a1ng m\u1ea1i n\u00f4ng nghi\u1ec7p qu\u1ed1c t\u1ebf. Ngo\u00e0i nh\u1eefng \u0111i\u1ec1u n\u00e0y, ch\u00fang t\u00f4i \u0111\u00e3 ho\u1ea1t \u0111\u1ed9ng s\u00e2u s\u1eafc trong l\u0129nh v\u1ef1c n\u00e0y trong h\u01a1n nhi\u1ec1u th\u1eadp k\u1ef7. V\u00ec v\u1eady, ch\u00fang t\u00f4i c\u00f3 kinh nghi\u1ec7m phong ph\u00fa. V\u00e0 ch\u00fang t\u00f4i t\u1ef1 tin gi\u1edbi thi\u1ec7u nh\u1eefng lo\u1ea1i m\u00e1y n\u00f4ng nghi\u1ec7p ph\u00f9 h\u1ee3p cho kh\u00e1ch h\u00e0ng.<\/p>   <div class=\"wp-block-image\"> <figure class=\"aligncenter size-full\"><img loading=\"lazy\" decoding=\"async\" width=\"720\" height=\"540\" src=\"https:\/\/taizyagromachine.com\/wp-content\/uploads\/2022\/02\/stregth-display-38t.jpg\" alt=\"s\u1ee9c m\u1ea1nh nh\u00e0 m\u00e1y\" class=\"wp-image-1986\" srcset=\"https:\/\/taizyagromachine.com\/wp-content\/uploads\/2022\/02\/stregth-display-38t.jpg 720w, https:\/\/taizyagromachine.com\/wp-content\/uploads\/2022\/02\/stregth-display-38t-300x225.jpg 300w\" sizes=\"auto, (max-width: 720px) 100vw, 720px\" \/><figcaption>s\u1ee9c m\u1ea1nh nh\u00e0 m\u00e1y<\/figcaption><\/figure> <\/div>   <p>L\u1ea5y nh\u00e0 m\u00e1y ch\u1ebf bi\u1ebfn g\u1ea1o 38 t\u1ea5n\/ng\u00e0y l\u00e0m v\u00ed d\u1ee5, m\u1ed9t d\u00e2y chuy\u1ec1n s\u1ea3n xu\u1ea5t ho\u00e0n ch\u1ec9nh bao g\u1ed3m ph\u1ec5u c\u1ea5p li\u1ec7u, m\u00e1y s\u1ea5y, m\u00e1y l\u00e0m s\u1ea1ch li\u00ean h\u1ee3p, m\u00e1y h\u1ee7y \u0111\u00e1, m\u00e1y tr\u1ea5u, m\u00e1y t\u00e1ch tr\u1ecdng l\u1ef1c, m\u00e1y xay x\u00e1t g\u1ea1o (ba b\u1ed9), m\u00e1y \u0111\u00e1nh b\u00f3ng g\u1ea1o, m\u00e1y ph\u00e2n lo\u1ea1i g\u1ea1o tr\u1eafng, m\u00e1y ph\u00e2n lo\u1ea1i m\u00e0u, th\u00f9ng ch\u1ee9a, m\u00e1y \u0111\u00f3ng g\u00f3i. Trong s\u1ed1 nh\u1eefng m\u00e1y n\u00e0y, ch\u00fang ta c\u00f3 th\u1ec3 k\u1ebft h\u1ee3p m\u00e1y xay g\u1ea1o th\u00e0nh nh\u1eefng g\u00ec b\u1ea1n c\u1ea7n t\u00f9y theo nhu c\u1ea7u c\u1ee7a b\u1ea1n.<\/p>    <h2 class=\"wp-block-heading\" id=\"related-machines\"><strong>M\u00e1y li\u00ean quan<\/strong><strong><\/strong><\/h2>    <div class=\"wp-block-columns is-layout-flex wp-container-core-columns-is-layout-9d6595d7 wp-block-columns-is-layout-flex\"> <div class=\"wp-block-column is-layout-flow wp-block-column-is-layout-flow\"><div class=\"wp-block-image\"> <figure class=\"aligncenter size-full\"><img loading=\"lazy\" decoding=\"async\" width=\"720\" height=\"540\" src=\"https:\/\/taizyagromachine.com\/wp-content\/uploads\/2022\/01\/30tpd-rice-milling.jpg\" alt=\"nh\u00e0 m\u00e1y xay x\u00e1t g\u1ea1o 30tpd\" class=\"wp-image-1758\"\/><figcaption>nh\u00e0 m\u00e1y xay x\u00e1t g\u1ea1o 30tpd<\/figcaption><\/figure> <\/div><\/div>    <div class=\"wp-block-column is-layout-flow wp-block-column-is-layout-flow\"><div class=\"wp-block-image\"> <figure class=\"aligncenter size-full\"><a href=\"https:\/\/taizyagromachine.com\/vi\/product\/20tpd-rice-mill-plant\/\"><img loading=\"lazy\" decoding=\"async\" width=\"720\" height=\"540\" src=\"https:\/\/taizyagromachine.com\/wp-content\/uploads\/2022\/01\/20t-rice-milling-standard-1.jpg\" alt=\"nh\u00e0 m\u00e1y xay x\u00e1t g\u1ea1o 20tpd\" class=\"wp-image-1768\"\/><\/a><figcaption>nh\u00e0 m\u00e1y xay x\u00e1t g\u1ea1o 20tpd<\/figcaption><\/figure> <\/div><\/div> <\/div>","protected":false},"excerpt":{"rendered":"<p>38TPD rice processing plant\u00a0is an ideal plant for the large output of rice milling. Because it can produce white rice for 38t per day, it has high efficiency. It\u2019s very suitable for rice factories, farm owners, etc. It\u2019s designed to be a fully automatic and complete production line. Of course, we can recommend a suitable [&hellip;]<\/p>\n","protected":false},"author":1,"featured_media":1981,"parent":0,"template":"","tags":[156,155,35,56,37,38,57,55],"product-type":[18],"class_list":["post-1496","product","type-product","status-publish","has-post-thumbnail","hentry","tag-38tpd-rice-mill-plant","tag-auto-rice-mill-plant","tag-rice-mill","tag-rice-mill-machine","tag-rice-mill-plant","tag-rice-mill-production-line","tag-rice-milling-machine","tag-rice-milling-plant","product-type-rice-mill"],"_links":{"self":[{"href":"https:\/\/taizyagromachine.com\/vi\/wp-json\/wp\/v2\/product\/1496","targetHints":{"allow":["GET"]}}],"collection":[{"href":"https:\/\/taizyagromachine.com\/vi\/wp-json\/wp\/v2\/product"}],"about":[{"href":"https:\/\/taizyagromachine.com\/vi\/wp-json\/wp\/v2\/types\/product"}],"author":[{"embeddable":true,"href":"https:\/\/taizyagromachine.com\/vi\/wp-json\/wp\/v2\/users\/1"}],"wp:featuredmedia":[{"embeddable":true,"href":"https:\/\/taizyagromachine.com\/vi\/wp-json\/wp\/v2\/media\/1981"}],"wp:attachment":[{"href":"https:\/\/taizyagromachine.com\/vi\/wp-json\/wp\/v2\/media?parent=1496"}],"wp:term":[{"taxonomy":"post_tag","embeddable":true,"href":"https:\/\/taizyagromachine.com\/vi\/wp-json\/wp\/v2\/tags?post=1496"},{"taxonomy":"product-type","embeddable":true,"href":"https:\/\/taizyagromachine.com\/vi\/wp-json\/wp\/v2\/product-type?post=1496"}],"curies":[{"name":"wp","href":"https:\/\/api.w.org\/{rel}","templated":true}]}}