{"id":1498,"date":"2021-12-10T03:12:22","date_gmt":"2021-12-10T03:12:22","guid":{"rendered":"https:\/\/taizyagromachine.com\/?p=1498"},"modified":"2023-02-09T10:40:33","modified_gmt":"2023-02-09T02:40:33","slug":"rice-milling-production-line","status":"publish","type":"product","link":"https:\/\/taizyagromachine.com\/vi\/product\/rice-milling-production-line\/","title":{"rendered":"D\u00e2y chuy\u1ec1n s\u1ea3n xu\u1ea5t xay x\u00e1t g\u1ea1o t\u00edch h\u1ee3p 25TPD"},"content":{"rendered":"<p class=\"translation-block\"><strong>D\u00e2y chuy\u1ec1n s\u1ea3n xu\u1ea5t xay x\u00e1t l\u00faa g\u1ea1o t\u00edch h\u1ee3p 25 t\u1ea5n\/ng\u00e0y<\/strong> l\u00e0 thi\u1ebft b\u1ecb ch\u1ebf bi\u1ebfn l\u00faa g\u1ea1o chuy\u00ean d\u1ee5ng v\u1edbi s\u1ea3n l\u01b0\u1ee3ng 25 t\u1ea5n m\u1ed7i ng\u00e0y. Ch\u1ee9c n\u0103ng c\u1ee7a n\u00f3 l\u00e0 bi\u1ebfn l\u00faa th\u00f3c th\u00e0nh g\u1ea1o tr\u1eafng. Nh\u00e0 m\u00e1y xay x\u00e1t l\u00faa g\u1ea1o n\u00e0y c\u00f3 b\u1ec7 \u0111\u1ee1 \u0111\u1ec3 l\u00e0m vi\u1ec7c, ch\u1ec9 m\u1ed9t t\u1ea7ng. Ngo\u00e0i ra, n\u00f3 c\u00f3 c\u1ea5u tr\u00fac nh\u1ecf g\u1ecdn, ti\u00eau th\u1ee5 n\u0103ng l\u01b0\u1ee3ng th\u1ea5p, v\u1eadn h\u00e0nh d\u1ec5 d\u00e0ng. Ch\u00fang t\u00f4i, v\u1edbi t\u01b0 c\u00e1ch l\u00e0 nh\u00e0 s\u1ea3n xu\u1ea5t v\u00e0 cung c\u1ea5p m\u00e1y n\u00f4ng nghi\u1ec7p \u0111\u00e1ng tin c\u1eady, c\u00f3 nhi\u1ec1u nh\u00e0 m\u00e1y xay x\u00e1t l\u00faa g\u1ea1o v\u1edbi s\u1ea3n l\u01b0\u1ee3ng kh\u00e1c nhau \u0111\u1ec3 b\u00e1n. S\u1ea3n l\u01b0\u1ee3ng kh\u00e1c nhau c\u00f3 th\u1ec3 \u0111\u00e1p \u1ee9ng c\u00e1c y\u00eau c\u1ea7u \u0111a d\u1ea1ng c\u1ee7a qu\u00fd v\u1ecb. \u0110\u00e2y l\u00e0 l\u1ef1a ch\u1ecdn l\u00fd t\u01b0\u1edfng cho c\u00e1c nh\u00e0 m\u00e1y ch\u1ebf bi\u1ebfn l\u00faa g\u1ea1o quy m\u00f4 nh\u1ecf v\u00e0 v\u1eeba. Ch\u00e0o m\u1eebng qu\u00fd v\u1ecb li\u00ean h\u1ec7 v\u1edbi ch\u00fang t\u00f4i \u0111\u1ec3 bi\u1ebft th\u00eam th\u00f4ng tin!<\/p>   <div class=\"wp-block-image\"> <figure class=\"aligncenter size-full\"><img loading=\"lazy\" decoding=\"async\" width=\"720\" height=\"540\" src=\"https:\/\/taizyagromachine.com\/wp-content\/uploads\/2022\/02\/25TPD-rice-mill-production-line.jpg\" alt=\"D\u00e2y chuy\u1ec1n s\u1ea3n xu\u1ea5t m\u00e1y xay l\u00faa 25TPD\" class=\"wp-image-1923\" srcset=\"https:\/\/taizyagromachine.com\/wp-content\/uploads\/2022\/02\/25TPD-rice-mill-production-line.jpg 720w, https:\/\/taizyagromachine.com\/wp-content\/uploads\/2022\/02\/25TPD-rice-mill-production-line-300x225.jpg 300w\" sizes=\"auto, (max-width: 720px) 100vw, 720px\" \/><figcaption class=\"wp-element-caption\">D\u00e2y chuy\u1ec1n s\u1ea3n xu\u1ea5t m\u00e1y xay l\u00faa 25TPD<\/figcaption><\/figure> <\/div>   <h2 class=\"wp-block-heading\" id=\"structure-of-25tpd-rice-mill-plant-for-sale\"><strong>C\u1ea5u tr\u00fac c\u1ee7a nh\u00e0 m\u00e1y xay l\u00faa 25tpd \u0111\u1ec3 b\u00e1n<\/strong><strong><\/strong><\/h2>    <p class=\"translation-block\">D\u00e2y chuy\u1ec1n s\u1ea3n xu\u1ea5t xay x\u00e1t l\u00faa g\u1ea1o t\u00edch h\u1ee3p n\u00e0y bao g\u1ed3m 7 m\u00e1y n\u00e2ng, c\u0169ng nh\u01b0 m\u00e1y \u0111\u00f3ng g\u00f3i. C\u00e1c m\u00e1y ri\u00eang l\u1ebb c\u1ea5u th\u00e0nh d\u00e2y chuy\u1ec1n s\u1ea3n xu\u1ea5t xay x\u00e1t l\u00faa g\u1ea1o ho\u00e0n ch\u1ec9nh n\u00e0y, bao g\u1ed3m m\u00e1y t\u00e1ch \u0111\u00e1, <a href=\"https:\/\/en.wikipedia.org\/wiki\/Rice_huller\" target=\"_blank\" rel=\"noreferrer noopener\">m\u00e1y b\u00f3c v\u1ecf tr\u1ea5u<\/a>, m\u00e1y x\u00e1t tr\u1eafng hai l\u1ea7n, m\u00e1y ph\u00e2n lo\u1ea1i m\u00e0u, m\u00e1y \u0111\u00e1nh b\u00f3ng g\u1ea1o, <a href=\"https:\/\/taizyagromachine.com\/vi\/product\/rice-grader\/\" target=\"_blank\" rel=\"noreferrer noopener\">m\u00e1y ph\u00e2n lo\u1ea1i g\u1ea1o tr\u1eafng<\/a> v\u00e0 m\u00e1y \u0111\u00f3ng g\u00f3i. Ch\u00fang t\u00f4i c\u00f3 th\u1ec3 th\u1ef1c hi\u1ec7n c\u00e1c c\u1ea5u h\u00ecnh kh\u00e1c nhau \u0111\u1ec3 \u0111\u00e1p \u1ee9ng y\u00eau c\u1ea7u c\u1ee7a qu\u00fd v\u1ecb.<\/p>   <div class=\"wp-block-image\"> <figure class=\"aligncenter size-full\"><img loading=\"lazy\" decoding=\"async\" width=\"720\" height=\"450\" src=\"https:\/\/taizyagromachine.com\/wp-content\/uploads\/2022\/02\/structure-25TPD-production-line.jpg\" alt=\"k\u1ebft c\u1ea5u\" class=\"wp-image-1927\" srcset=\"https:\/\/taizyagromachine.com\/wp-content\/uploads\/2022\/02\/structure-25TPD-production-line.jpg 720w, https:\/\/taizyagromachine.com\/wp-content\/uploads\/2022\/02\/structure-25TPD-production-line-300x188.jpg 300w\" sizes=\"auto, (max-width: 720px) 100vw, 720px\" \/><figcaption class=\"wp-element-caption\">k\u1ebft c\u1ea5u<\/figcaption><\/figure> <\/div>   <h2 class=\"wp-block-heading\" id=\"work-process-for-rice-milling-production-line\"><strong>Quy tr\u00ecnh l\u00e0m vi\u1ec7c<\/strong> <strong>cho d\u00e2y chuy\u1ec1n s\u1ea3n xu\u1ea5t xay x\u00e1t g\u1ea1o<\/strong><\/h2>    <p>Ph\u1ec5u n\u1ea1p \u2192 ng\u00f2i n\u1ed5 \u2192 m\u00e1y xay g\u1ea1o \u2192 m\u00e1y t\u00e1ch tr\u1ecdng l\u1ef1c \u2192 m\u00e1y xay l\u00faa \u2192 m\u00e1y xay g\u1ea1o \u2192 m\u00e1y ph\u00e2n lo\u1ea1i m\u00e0u \u2192 m\u00e1y \u0111\u00e1nh b\u00f3ng g\u1ea1o \u2192 m\u00e1y ph\u00e2n lo\u1ea1i g\u1ea1o tr\u1eafng \u2192 m\u00e1y \u0111\u00f3ng g\u00f3i<\/p>   <div class=\"wp-block-image\"> <figure class=\"aligncenter size-full\"><img loading=\"lazy\" decoding=\"async\" width=\"720\" height=\"540\" src=\"https:\/\/taizyagromachine.com\/wp-content\/uploads\/2022\/02\/work-process-25TPD-production-line.jpg\" alt=\"qu\u00e1 tr\u00ecnh l\u00e0m vi\u1ec7c\" class=\"wp-image-1928\" srcset=\"https:\/\/taizyagromachine.com\/wp-content\/uploads\/2022\/02\/work-process-25TPD-production-line.jpg 720w, https:\/\/taizyagromachine.com\/wp-content\/uploads\/2022\/02\/work-process-25TPD-production-line-300x225.jpg 300w\" sizes=\"auto, (max-width: 720px) 100vw, 720px\" \/><figcaption class=\"wp-element-caption\">qu\u00e1 tr\u00ecnh l\u00e0m vi\u1ec7c<\/figcaption><\/figure> <\/div>   <h2 class=\"wp-block-heading\" id=\"features\"><strong>\u0110\u1eb7c \u0111i\u1ec3m c\u1ee7a d\u00e2y chuy\u1ec1n s\u1ea3n xu\u1ea5t xay x\u00e1t g\u1ea1o 25TPD<\/strong><\/h2>    <ul class=\"wp-block-list\" type=\"1\"> <li>Hi\u1ec7u qu\u1ea3 lo\u1ea1i b\u1ecf \u0111\u00e1 t\u1ed1t, t\u1ed1c \u0111\u1ed9 v\u1ee1 v\u1ecf nhanh v\u00e0 hi\u1ec7u qu\u1ea3 t\u00e1ch h\u1ea1t t\u1ed1t.<\/li>    <li>N\u00e2ng g\u1ea1o t\u1ef1 \u0111\u1ed9ng, ti\u00eau chu\u1ea9n qu\u1ed1c t\u1ebf ti\u00ean ti\u1ebfn.<\/li>    <li>M\u00e1y rung nh\u1ecf, thao t\u00e1c \u0111\u01a1n gi\u1ea3n, ra g\u1ea1o nhanh.<\/li>    <li>Nh\u00e0 m\u00e1y xay x\u00e1t g\u1ea1o ho\u00e0n to\u00e0n t\u1ef1 \u0111\u1ed9ng, ti\u00eau th\u1ee5 th\u1ea5p.<\/li>    <li>T\u00f9y ch\u1ec9nh. Ch\u00fang t\u00f4i c\u00f3 th\u1ec3 k\u1ebft h\u1ee3p c\u00e1c nh\u00e0 m\u00e1y xay l\u00faa kh\u00e1c nhau d\u1ef1a tr\u00ean nhu c\u1ea7u th\u1ef1c t\u1ebf c\u1ee7a b\u1ea1n.<\/li> <\/ul>    <h2 class=\"wp-block-heading\" id=\"services-you-ll-enjoy\"><strong>C\u00e1c d\u1ecbch v\u1ee5 b\u1ea1n s\u1ebd th\u00edch v\u1ec1 Nh\u00e0 m\u00e1y xay l\u00faa \u0111\u1ec3 b\u00e1n<\/strong><\/h2>    <p class=\"translation-block\">L\u00e0 <a href=\"https:\/\/taizyagromachine.com\/vi\/\" target=\"_blank\" rel=\"noreferrer noopener\">m\u1ed9t c\u00f4ng ty chuy\u00ean nghi\u1ec7p<\/a>, ch\u00fang t\u00f4i cung c\u1ea5p nhi\u1ec1u d\u1ecbch v\u1ee5 \u0111\u1ec3 qu\u00fd v\u1ecb y\u00ean t\u00e2m. Hi\u1ec7n t\u1ea1i, ch\u00fang t\u00f4i ch\u1ee7 y\u1ebfu gi\u1edbi thi\u1ec7u d\u1ecbch v\u1ee5 ti\u1ec1n b\u00e1n h\u00e0ng, d\u1ecbch v\u1ee5 trong b\u00e1n h\u00e0ng v\u00e0 d\u1ecbch v\u1ee5 sau b\u00e1n h\u00e0ng.<\/p>    <h3 class=\"wp-block-heading\" id=\"pre-sale-service\"><strong>D\u1ecbch v\u1ee5 tr\u01b0\u1edbc khi b\u00e1n<\/strong><strong><\/strong><\/h3>    <p>V\u00ed d\u1ee5: b\u1ea1n mu\u1ed1n d\u00e2y chuy\u1ec1n s\u1ea3n xu\u1ea5t m\u00e1y xay l\u00faa 25tpd. Sau \u0111\u00f3, trong qu\u00e1 tr\u00ecnh n\u00e0y, ch\u00fang t\u00f4i s\u1ebd gi\u00fap b\u1ea1n hi\u1ec3u v\u1ec1 nh\u00e0 m\u00e1y xay x\u00e1t g\u1ea1o \u0111\u1ec3 b\u00e1n. H\u01a1n n\u1eefa, ch\u00fang t\u00f4i cung c\u1ea5p h\u1ed7 tr\u1ee3 k\u1ef9 thu\u1eadt.<\/p>    <h3 class=\"wp-block-heading\" id=\"on-sale-service\"><strong>D\u1ecbch v\u1ee5 b\u00e1n h\u00e0ng<\/strong><strong><\/strong><\/h3>    <p>Ch\u00fang t\u00f4i s\u1ebd cung c\u1ea5p h\u00ecnh \u1ea3nh quy tr\u00ecnh v\u00e0 gi\u00fap b\u1ea1n l\u00e0m quen v\u1edbi quy tr\u00ecnh gia c\u00f4ng. Ngo\u00e0i ra, ch\u00fang t\u00f4i cam k\u1ebft m\u00e1y c\u00f3 ch\u1ea5t l\u01b0\u1ee3ng si\u00eau t\u1ed1t v\u00e0 \u1edf t\u00ecnh tr\u1ea1ng t\u1ed1t tr\u01b0\u1edbc khi giao h\u00e0ng.<\/p>    <h3 class=\"wp-block-heading\" id=\"after-sale-service\"><strong>D\u1ecbch v\u1ee5 sau b\u00e1n h\u00e0ng<\/strong><strong><\/strong><\/h3>    <p>H\u01b0\u1edbng d\u1eabn tr\u1ef1c tuy\u1ebfn v\u00e0 h\u1ed7 tr\u1ee3 video l\u00e0 nh\u1eefng \u0111i\u1ec1u c\u01a1 b\u1ea3n. Ch\u00fang t\u00f4i c\u0169ng chu\u1ea9n b\u1ecb h\u01b0\u1edbng d\u1eabn s\u1eed d\u1ee5ng v\u00e0 b\u1ea3o tr\u00ec c\u00f9ng v\u1edbi m\u00e1y.<\/p>    <h2 class=\"wp-block-heading\" id=\"packing-and-shipping\"><strong>\u0110\u00f3ng g\u00f3i v\u00e0 v\u1eadn chuy\u1ec3n d\u00e2y chuy\u1ec1n s\u1ea3n xu\u1ea5t xay x\u00e1t g\u1ea1o<\/strong><\/h2>    <p>Khi giao m\u00e1y thu\u1ed9c d\u00e2y chuy\u1ec1n xay x\u00e1t g\u1ea1o 25tpd, \u0111\u1ec3 tr\u00e1nh va ch\u1ea1m trong qu\u00e1 tr\u00ecnh v\u1eadn chuy\u1ec3n, ch\u00fang t\u00f4i lu\u00f4n \u0111\u00f3ng g\u00f3i m\u00e1y v\u00e0o th\u00f9ng g\u1ed7. B\u1edfi n\u00f3 c\u00f3 nhi\u1ec1u \u01b0u \u0111i\u1ec3m nh\u01b0 d\u1ec5 s\u1ea3n xu\u1ea5t, nh\u1eb9, \u0111\u1ed9 b\u1ec1n cao, \u0111\u1ed9 b\u1ec1n t\u1ed1t v\u00e0 gi\u00e1 th\u00e0nh t\u01b0\u01a1ng \u0111\u1ed1i r\u1ebb.<\/p>   <div class=\"wp-block-image\"> <figure class=\"aligncenter size-full\"><img loading=\"lazy\" decoding=\"async\" width=\"720\" height=\"540\" src=\"https:\/\/taizyagromachine.com\/wp-content\/uploads\/2022\/01\/package.jpg\" alt=\"b\u01b0u ki\u1ec7n\" class=\"wp-image-1765\"\/><figcaption class=\"wp-element-caption\">b\u01b0u ki\u1ec7n<\/figcaption><\/figure> <\/div>   <h2 class=\"wp-block-heading\" id=\"related-machine\"><strong>M\u00e1y li\u00ean quan<\/strong><strong><\/strong><\/h2>    <div class=\"wp-block-columns is-layout-flex wp-container-core-columns-is-layout-9d6595d7 wp-block-columns-is-layout-flex\"> <div class=\"wp-block-column is-layout-flow wp-block-column-is-layout-flow\"><div class=\"wp-block-image\"> <figure class=\"aligncenter size-full\"><a href=\"https:\/\/taizyagromachine.com\/vi\/product\/20tpd-rice-mill-plant\/\"><img loading=\"lazy\" decoding=\"async\" width=\"720\" height=\"540\" src=\"https:\/\/taizyagromachine.com\/wp-content\/uploads\/2022\/01\/20t-rice-milling-standard-1.jpg\" alt=\"nh\u00e0 m\u00e1y xay x\u00e1t g\u1ea1o 20tpd\" class=\"wp-image-1768\"\/><\/a><figcaption class=\"wp-element-caption\">nh\u00e0 m\u00e1y xay x\u00e1t g\u1ea1o 20tpd<\/figcaption><\/figure> <\/div><\/div>    <div class=\"wp-block-column is-layout-flow wp-block-column-is-layout-flow\"><div class=\"wp-block-image\"> <figure class=\"aligncenter size-full\"><img loading=\"lazy\" decoding=\"async\" width=\"720\" height=\"540\" src=\"https:\/\/taizyagromachine.com\/wp-content\/uploads\/2022\/01\/30tpd-rice-milling.jpg\" alt=\"nh\u00e0 m\u00e1y xay x\u00e1t g\u1ea1o 30tpd\" class=\"wp-image-1758\"\/><figcaption class=\"wp-element-caption\">nh\u00e0 m\u00e1y xay x\u00e1t g\u1ea1o 30tpd<\/figcaption><\/figure> <\/div><\/div> <\/div>","protected":false},"excerpt":{"rendered":"<p>25tpd integrated rice milling production line&nbsp;is special rice processing equipment for the production of 25t per day. It functions to turn paddy rice into white rice. This rice mill plant has the platform to work, only one layer. Besides, it has compact structure, low consumption, easy operation. We, as a reliable agricultural machine manufacturer and [&hellip;]<\/p>\n","protected":false},"author":1,"featured_media":2079,"parent":0,"template":"","tags":[59,49,60,35,56,37,38,57,48,61],"product-type":[27],"class_list":["post-1498","product","type-product","status-publish","has-post-thumbnail","hentry","tag-25tpd-rice-mill-producion-line","tag-complete-rice-milling-plant","tag-integrated-rice-milling-production-line","tag-rice-mill","tag-rice-mill-machine","tag-rice-mill-plant","tag-rice-mill-production-line","tag-rice-milling-machine","tag-rice-milling-plant-for-sale","tag-rice-milling-production-line","product-type-solutions"],"_links":{"self":[{"href":"https:\/\/taizyagromachine.com\/vi\/wp-json\/wp\/v2\/product\/1498","targetHints":{"allow":["GET"]}}],"collection":[{"href":"https:\/\/taizyagromachine.com\/vi\/wp-json\/wp\/v2\/product"}],"about":[{"href":"https:\/\/taizyagromachine.com\/vi\/wp-json\/wp\/v2\/types\/product"}],"author":[{"embeddable":true,"href":"https:\/\/taizyagromachine.com\/vi\/wp-json\/wp\/v2\/users\/1"}],"wp:featuredmedia":[{"embeddable":true,"href":"https:\/\/taizyagromachine.com\/vi\/wp-json\/wp\/v2\/media\/2079"}],"wp:attachment":[{"href":"https:\/\/taizyagromachine.com\/vi\/wp-json\/wp\/v2\/media?parent=1498"}],"wp:term":[{"taxonomy":"post_tag","embeddable":true,"href":"https:\/\/taizyagromachine.com\/vi\/wp-json\/wp\/v2\/tags?post=1498"},{"taxonomy":"product-type","embeddable":true,"href":"https:\/\/taizyagromachine.com\/vi\/wp-json\/wp\/v2\/product-type?post=1498"}],"curies":[{"name":"wp","href":"https:\/\/api.w.org\/{rel}","templated":true}]}}