{"id":1512,"date":"2021-12-13T07:19:45","date_gmt":"2021-12-13T07:19:45","guid":{"rendered":"https:\/\/taizyagromachine.com\/?p=1512"},"modified":"2024-02-06T10:28:46","modified_gmt":"2024-02-06T02:28:46","slug":"60tpd-rice-mill-plant","status":"publish","type":"product","link":"https:\/\/taizyagromachine.com\/vi\/product\/60tpd-rice-mill-plant\/","title":{"rendered":"Nh\u00e0 m\u00e1y ch\u1ebf bi\u1ebfn g\u1ea1o 60TPD"},"content":{"rendered":"<p class=\"translation-block\"><strong>Nh\u00e0 m\u00e1y xay x\u00e1t l\u00faa g\u1ea1o 60 t\u1ea5n\/ng\u00e0y<\/strong> l\u00e0 thi\u1ebft b\u1ecb ch\u1ebf bi\u1ebfn g\u1ea1o c\u00f3 c\u00f4ng su\u1ea5t 60 t\u1ea5n\/ng\u00e0y. \u0110\u01a1n v\u1ecb xay x\u00e1t l\u00faa g\u1ea1o n\u00e0y c\u00f3 t\u1ef7 l\u1ec7 g\u1ea1o nguy\u00ean cao v\u00e0 t\u1ef7 l\u1ec7 v\u1ee1 th\u1ea5p nh\u1edd c\u00f4ng ngh\u1ec7 ti\u00ean ti\u1ebfn. N\u00f3 t\u00edch h\u1ee3p t\u00e1ch \u0111\u00e1, xay v\u1ecf tr\u1ea5u, xay x\u00e1t g\u1ea1o, ph\u00e2n lo\u1ea1i g\u1ea1o, ph\u00e2n lo\u1ea1i m\u00e0u v\u00e0 \u0111\u00f3ng g\u00f3i. <\/p>    <p>V\u00ec v\u1eady, \u0111\u00e2y l\u00e0 m\u1ed9t nh\u00e0 m\u00e1y xay x\u00e1t g\u1ea1o tuy\u1ec7t v\u1eddi d\u00e0nh cho c\u00e1c nh\u00e0 m\u00e1y xay x\u00e1t g\u1ea1o v\u00e0 ch\u1ee7 trang tr\u1ea1i. Ngo\u00e0i ra, ch\u00fang t\u00f4i c\u00f3 th\u1ec3 cung c\u1ea5p nh\u00e0 m\u00e1y xay l\u00faa ho\u00e0n ch\u1ec9nh 60tpd theo nhu c\u1ea7u c\u1ee7a b\u1ea1n. Ngo\u00e0i ra, m\u00e1y xay x\u00e1t g\u1ea1o th\u01b0\u01a1ng m\u1ea1i n\u00e0y \u0111\u01b0\u1ee3c nh\u00e0 m\u00e1y cung c\u1ea5p tr\u1ef1c ti\u1ebfp n\u00ean ch\u1ea5t l\u01b0\u1ee3ng \u0111\u01b0\u1ee3c \u0111\u1ea3m b\u1ea3o. <\/p>    <p>B\u1ea1n c\u00f3 quan t\u00e2m \u0111\u1ebfn thi\u1ebft b\u1ecb xay x\u00e1t g\u1ea1o? Ch\u00e0o m\u1eebng b\u1ea1n \u0111\u1ebfn li\u00ean h\u1ec7 v\u1edbi ch\u00fang t\u00f4i \u0111\u1ec3 bi\u1ebft th\u00eam chi ti\u1ebft!<\/p>    <figure class=\"wp-block-embed is-type-video is-provider-youtube wp-block-embed-youtube wp-embed-aspect-16-9 wp-has-aspect-ratio\"><div class=\"wp-block-embed__wrapper\"> <iframe loading=\"lazy\" title=\"Ra m\u1eaft s\u1ef1 xu\u1ea5t s\u1eafc: Tr\u01b0ng b\u00e0y v\u00e0 tr\u00ecnh di\u1ec5n m\u00e1y xay x\u00e1t g\u1ea1o 60 t\u1ea5n! \ud83c\udf3e\u27281TP5C\u1ed1i xay ba chi\u1ec1u 1TP5C\u1ed1i xay ba chi\u1ec1u\" width=\"500\" height=\"281\" src=\"https:\/\/www.youtube.com\/embed\/DFJ1pZxTMuU?feature=oembed\" frameborder=\"0\" allow=\"accelerometer; autoplay; clipboard-write; encrypted-media; gyroscope; picture-in-picture; web-share\" referrerpolicy=\"strict-origin-when-cross-origin\" allowfullscreen><\/iframe> <\/div><figcaption class=\"wp-element-caption\">video gi\u1edbi thi\u1ec7u v\u00e0 l\u00e0m vi\u1ec7c v\u1ec1 m\u00e1y xay l\u00faa <\/figcaption><\/figure>    <h2 class=\"wp-block-heading\"><strong>M\u00e1y xay x\u00e1t g\u1ea1o n\u00e0o \u0111\u01b0\u1ee3c s\u1eed d\u1ee5ng?<\/strong><\/h2>    <p>Nh\u00e0 m\u00e1y ch\u1ebf bi\u1ebfn m\u00e1y xay g\u1ea1o 60tpd c\u1ee7a ch\u00fang t\u00f4i c\u00f3 nhi\u1ec1u c\u1ea5u h\u00ecnh kh\u00e1c nhau, v\u1edbi c\u00e1c c\u1ea5u h\u00ecnh kh\u00e1c nhau \u0111\u01b0\u1ee3c k\u1ebft h\u1ee3p v\u1edbi s\u1ed1 l\u01b0\u1ee3ng m\u00e1y kh\u00e1c nhau, nh\u01b0ng nh\u00ecn chung, thi\u1ebft b\u1ecb trong b\u1ed9 ph\u1eadn xay x\u00e1t g\u1ea7n gi\u1ed1ng nhau. <\/p>    <figure class=\"wp-block-gallery aligncenter has-nested-images columns-default is-cropped wp-block-gallery-2 is-layout-flex wp-block-gallery-is-layout-flex\"> <figure class=\"wp-block-image size-large\"><img loading=\"lazy\" decoding=\"async\" width=\"720\" height=\"540\" data-id=\"6384\" src=\"https:\/\/taizyagromachine.com\/wp-content\/uploads\/2021\/12\/auto-rice-mill-plant-with-3-rice-millers.webp\" alt=\"nh\u00e0 m\u00e1y xay x\u00e1t g\u1ea1o t\u1ef1 \u0111\u1ed9ng v\u1edbi 3 m\u00e1y xay x\u00e1t g\u1ea1o\" class=\"wp-image-6384\"\/><figcaption class=\"wp-element-caption\">nh\u00e0 m\u00e1y xay x\u00e1t g\u1ea1o t\u1ef1 \u0111\u1ed9ng v\u1edbi 3 m\u00e1y xay x\u00e1t g\u1ea1o<\/figcaption><\/figure>    <figure class=\"wp-block-image size-large\"><img loading=\"lazy\" decoding=\"async\" width=\"720\" height=\"540\" data-id=\"6385\" src=\"https:\/\/taizyagromachine.com\/wp-content\/uploads\/2021\/12\/industrial-rice-milling-machine-with-2-rice-millers.webp\" alt=\"m\u00e1y xay x\u00e1t g\u1ea1o c\u00f4ng nghi\u1ec7p 2 m\u00e1y xay x\u00e1t g\u1ea1o\" class=\"wp-image-6385\"\/><figcaption class=\"wp-element-caption\">m\u00e1y xay x\u00e1t g\u1ea1o c\u00f4ng nghi\u1ec7p 2 m\u00e1y xay x\u00e1t g\u1ea1o<\/figcaption><\/figure> <\/figure>    <p>Danh s\u00e1ch c\u00e1c m\u00e1y \u0111\u01b0\u1ee3c s\u1eed d\u1ee5ng trong m\u00e1y xay l\u00faa \u0111\u01b0\u1ee3c hi\u1ec3n th\u1ecb d\u01b0\u1edbi \u0111\u00e2y:<\/p>    <p class=\"translation-block\"><strong>M\u00e1y l\u00e0m s\u1ea1ch s\u01a1 &amp; t\u00e1ch \u0111\u00e1<\/strong>: Lo\u1ea1i b\u1ecf \u0111\u00e1, \u0111\u1ea5t, r\u01a1m, h\u1ea1t c\u1ecf v\u00e0 c\u00e1c t\u1ea1p ch\u1ea5t kh\u00e1c kh\u1ecfi l\u00faa. S\u1eed d\u1ee5ng s\u00e0ng l\u1ecdc v\u00e0 ph\u00e2n lo\u1ea1i b\u1eb1ng gi\u00f3, n\u00f3 \u0111\u1ea3m b\u1ea3o l\u00faa \u0111i v\u00e0o quy tr\u00ecnh ti\u1ebfp theo s\u1ea1ch s\u1ebd v\u00e0 kh\u00f4ng c\u00f3 t\u1ea1p ch\u1ea5t.<\/p>    <p class=\"translation-block\"><strong>M\u00e1y x\u00e1t v\u1ecf tr\u1ea5u<\/strong>: T\u00e1ch l\u1edbp v\u1ecf ngo\u00e0i (v\u1ecf tr\u1ea5u) kh\u1ecfi nh\u00e2n b\u00ean trong (g\u1ea1o l\u1ee9t) c\u1ee7a h\u1ea1t l\u00faa b\u1eb1ng l\u1ef1c c\u01a1 h\u1ecdc \u0111\u1ec3 th\u1ef1c hi\u1ec7n quy tr\u00ecnh b\u00f3c v\u1ecf.<\/p>    <p class=\"translation-block\"><strong>M\u00e1y t\u00e1ch l\u00faa theo tr\u1ecdng l\u1ef1c<\/strong>: T\u00e1ch hi\u1ec7u qu\u1ea3 h\u1ed7n h\u1ee3p (g\u1ea1o l\u1ee9t v\u00e0 c\u00e1m) thu \u0111\u01b0\u1ee3c sau khi x\u00e1t v\u1ecf, \u0111\u1ec3 t\u00e1ch g\u1ea1o l\u1ee9t ra kh\u1ecfi c\u00e1m v\u00e0 c\u1ea3i thi\u1ec7n \u0111\u1ed9 tinh khi\u1ebft c\u1ee7a g\u1ea1o l\u1ee9t.<\/p>    <p class=\"translation-block\"><strong>M\u00e1y xay x\u00e1t g\u1ea1o<\/strong>: \u00c1p d\u1ee5ng nguy\u00ean l\u00fd xay x\u00e1t, l\u1edbp c\u00e1m tr\u00ean b\u1ec1 m\u1eb7t g\u1ea1o l\u1ee9t d\u1ea7n d\u1ea7n \u0111\u01b0\u1ee3c lo\u1ea1i b\u1ecf m\u00e0 kh\u00f4ng l\u00e0m h\u1ecfng n\u1ed9i nh\u0169 c\u1ee7a g\u1ea1o, v\u00e0 thu \u0111\u01b0\u1ee3c g\u1ea1o tr\u1eafng. T\u00f9y thu\u1ed9c v\u00e0o y\u00eau c\u1ea7u c\u1ee7a quy tr\u00ecnh, c\u00f3 th\u1ec3 c\u1ea7n th\u1ef1c hi\u1ec7n nhi\u1ec1u quy tr\u00ecnh \u0111\u00e1nh b\u00f3ng \u0111\u1ec3 \u0111\u1ea3m b\u1ea3o ch\u1ea5t l\u01b0\u1ee3ng.<\/p>    <p class=\"translation-block\"><strong>M\u00e1y \u0111\u00e1nh b\u00f3ng<\/strong>: \u0110\u00e1nh b\u00f3ng g\u1ea1o \u0111\u00e3 xay x\u00e1t \u0111\u1ec3 lo\u1ea1i b\u1ecf th\u00eam c\u00e1m vi m\u00f4 c\u00f2n s\u00f3t l\u1ea1i v\u00e0 mang l\u1ea1i cho g\u1ea1o v\u1ebb ngo\u00e0i m\u1ecbn m\u00e0ng, s\u00e1ng b\u00f3ng \u0111\u1ec3 t\u0103ng gi\u00e1 tr\u1ecb th\u01b0\u01a1ng ph\u1ea9m.<\/p>    <p class=\"translation-block\"><strong>M\u00e1y ph\u00e2n lo\u1ea1i g\u1ea1o<\/strong>: D\u1ef1a tr\u00ean k\u00edch th\u01b0\u1edbc, h\u00ecnh d\u1ea1ng v\u00e0 ch\u1ea5t l\u01b0\u1ee3ng c\u1ee7a h\u1ea1t g\u1ea1o, ti\u1ebfn h\u00e0nh s\u00e0ng l\u1ecdc v\u00e0 ph\u00e2n lo\u1ea1i \u0111\u1ec3 \u0111\u1ea3m b\u1ea3o s\u1ea3n ph\u1ea9m cu\u1ed1i c\u00f9ng c\u00f3 th\u00f4ng s\u1ed1 k\u1ef9 thu\u1eadt \u0111\u1ed3ng nh\u1ea5t v\u00e0 \u0111\u00e1p \u1ee9ng y\u00eau c\u1ea7u c\u1ee7a c\u00e1c th\u1ecb tr\u01b0\u1eddng kh\u00e1c nhau v\u1ec1 k\u00edch th\u01b0\u1edbc h\u1ea1t g\u1ea1o.<\/p>    <p class=\"translation-block\"><strong>M\u00e1y ph\u00e2n lo\u1ea1i m\u00e0u<\/strong>: X\u00e1c \u0111\u1ecbnh v\u00e0 lo\u1ea1i b\u1ecf c\u00e1c s\u1ea3n ph\u1ea9m l\u1ed7i nh\u01b0 h\u1ea1t c\u00f3 m\u00e0u s\u1eafc kh\u00e1c nhau v\u00e0 h\u1ea1t b\u1ecb b\u1ec7nh th\u00f4ng qua c\u1ea3m bi\u1ebfn quang \u0111i\u1ec7n, \u0111\u1ec3 c\u1ea3i thi\u1ec7n ch\u1ea5t l\u01b0\u1ee3ng t\u1ed5ng th\u1ec3 v\u00e0 an to\u00e0n th\u1ef1c ph\u1ea9m c\u1ee7a g\u1ea1o th\u00e0nh ph\u1ea9m.<\/p>    <p class=\"translation-block\"><strong>M\u00e1y \u0111\u00f3ng g\u00f3i<\/strong>: C\u00e2n, \u0111\u00f3ng g\u00f3i, ni\u00eam phong v\u00e0 ghi nh\u00e3n t\u1ef1 \u0111\u1ed9ng, ho\u00e0n th\u00e0nh vi\u1ec7c \u0111\u00f3ng g\u00f3i s\u1ea3n ph\u1ea9m theo ti\u00eau chu\u1ea9n, thu\u1eadn ti\u1ec7n cho vi\u1ec7c v\u1eadn chuy\u1ec3n, l\u01b0u tr\u1eef v\u00e0 b\u00e1n h\u00e0ng.<\/p>    <figure class=\"wp-block-gallery aligncenter has-nested-images columns-default is-cropped wp-block-gallery-3 is-layout-flex wp-block-gallery-is-layout-flex\"> <figure class=\"wp-block-image size-large\"><img loading=\"lazy\" decoding=\"async\" width=\"720\" height=\"540\" data-id=\"6391\" src=\"https:\/\/taizyagromachine.com\/wp-content\/uploads\/2021\/12\/complete-rice-milling-plant-machinery-in-the-rice-mill-factory.webp\" alt=\"ho\u00e0n thi\u1ec7n m\u00e1y m\u00f3c thi\u1ebft b\u1ecb xay x\u00e1t g\u1ea1o trong nh\u00e0 m\u00e1y xay x\u00e1t g\u1ea1o\" class=\"wp-image-6391\"\/><figcaption class=\"wp-element-caption\">ho\u00e0n thi\u1ec7n m\u00e1y m\u00f3c thi\u1ebft b\u1ecb xay x\u00e1t g\u1ea1o trong nh\u00e0 m\u00e1y xay x\u00e1t g\u1ea1o<\/figcaption><\/figure>    <figure class=\"wp-block-image size-large\"><img loading=\"lazy\" decoding=\"async\" width=\"720\" height=\"540\" data-id=\"6392\" src=\"https:\/\/taizyagromachine.com\/wp-content\/uploads\/2021\/12\/machine-for-rice-mill.webp\" alt=\"m\u00e1y xay l\u00faa\" class=\"wp-image-6392\"\/><figcaption class=\"wp-element-caption\">m\u00e1y xay l\u00faa<\/figcaption><\/figure> <\/figure>    <h2 class=\"wp-block-heading\"><strong>Th\u00f4ng s\u1ed1 k\u1ef9 thu\u1eadt c\u1ee7a nh\u00e0 m\u00e1y xay l\u00faa hi\u1ec7n \u0111\u1ea1i<\/strong><\/h2>    <figure class=\"wp-block-table\"><table><tbody><tr><td>Th\u01b0\u01a1ng hi\u1ec7u<\/td><td>taizy<\/td><\/tr><tr><td>T\u00ean m\u00e1y<\/td><td>Nh\u00e0 m\u00e1y xay l\u00faa 60TPD<\/td><\/tr><tr><td>Ng\u01b0\u1eddi m\u1eabu<\/td><td>MCTP60<\/td><\/tr><tr><td>c\u00f4ng su\u1ea5t<\/td><td>2200-2600kg\/gi\u1edd<\/td><\/tr><tr><td>H\u1ea1t \u00e1p d\u1ee5ng<\/td><td>l\u00faa g\u1ea1o<\/td><\/tr><tr><td>Quy\u1ec1n l\u1ef1c<\/td><td>143kw<\/td><\/tr><tr><td>K\u00edch c\u1ee1<\/td><td>13500*2900*4500mm<\/td><\/tr><\/tbody><\/table><figcaption class=\"wp-element-caption\">th\u00f4ng s\u1ed1 k\u1ef9 thu\u1eadt c\u1ee7a nh\u00e0 m\u00e1y ch\u1ebf bi\u1ebfn g\u1ea1o \u0111\u1ec3 b\u00e1n<\/figcaption><\/figure>    <h2 class=\"wp-block-heading\"><strong>C\u1ea5u tr\u00fac nh\u00e0 m\u00e1y ch\u1ebf bi\u1ebfn g\u1ea1o t\u1ef1 \u0111\u1ed9ng 60tpd \u0111\u1ec3 b\u00e1n<\/strong><\/h2>    <p>T\u1ea1i Taizy Machine Company, nh\u00e0 m\u00e1y xay x\u00e1t g\u1ea1o hi\u1ec7n \u0111\u1ea1i c\u00f4ng su\u1ea5t 60tpd \u0111\u01b0\u1ee3c rao b\u00e1n bao g\u1ed3m m\u00e1y l\u00e0m s\u1ea1ch, m\u00e1y h\u1ee7y \u0111\u00e1, m\u00e1y xay x\u00e1t g\u1ea1o, ba m\u00e1y xay x\u00e1t g\u1ea1o, m\u00e1y ph\u00e2n lo\u1ea1i g\u1ea1o tr\u1eafng.<\/p>   <div class=\"wp-block-image\"> <figure class=\"aligncenter size-full\"><img loading=\"lazy\" decoding=\"async\" width=\"720\" height=\"540\" src=\"https:\/\/taizyagromachine.com\/wp-content\/uploads\/2022\/02\/structure-of-60t.jpg\" alt=\"c\u1ea5u tr\u00fac c\u1ee7a nh\u00e0 m\u00e1y xay l\u00faa 60tpd\" class=\"wp-image-2034\" srcset=\"https:\/\/taizyagromachine.com\/wp-content\/uploads\/2022\/02\/structure-of-60t.jpg 720w, https:\/\/taizyagromachine.com\/wp-content\/uploads\/2022\/02\/structure-of-60t-300x225.jpg 300w\" sizes=\"auto, (max-width: 720px) 100vw, 720px\" \/><figcaption class=\"wp-element-caption\">c\u1ea5u tr\u00fac c\u1ee7a nh\u00e0 m\u00e1y ch\u1ebf bi\u1ebfn g\u1ea1o 60tpd<\/figcaption><\/figure> <\/div>   <h2 class=\"wp-block-heading\" id=\"process-flow-chart\"><strong>S\u01a1 \u0111\u1ed3 quy tr\u00ecnh c\u1ee7a nh\u00e0 m\u00e1y ch\u1ebf bi\u1ebfn g\u1ea1o<\/strong><\/h2>    <p>T\u1eeb bi\u1ec3u \u0111\u1ed3 n\u00e0y, b\u1ea1n c\u00f3 th\u1ec3 th\u1ea5y nh\u00e0 m\u00e1y xay x\u00e1t g\u1ea1o ho\u1ea1t \u0111\u1ed9ng nh\u01b0 th\u1ebf n\u00e0o. N\u00f3 gi\u00fap b\u1ea1n hi\u1ec3u r\u00f5 quy tr\u00ecnh l\u00e0m vi\u1ec7c v\u00e0 l\u00e0m quen v\u1edbi nh\u00e0 m\u00e1y m\u00e1y m\u00f3c.<\/p>   <div class=\"wp-block-image\"> <figure class=\"aligncenter size-full\"><img loading=\"lazy\" decoding=\"async\" width=\"720\" height=\"540\" src=\"https:\/\/taizyagromachine.com\/wp-content\/uploads\/2022\/02\/work-flow-38tpd.jpg\" alt=\"quy tr\u00ecnh l\u00e0m vi\u1ec7c c\u1ee7a nh\u00e0 m\u00e1y ch\u1ebf bi\u1ebfn g\u1ea1o\" class=\"wp-image-1983\" srcset=\"https:\/\/taizyagromachine.com\/wp-content\/uploads\/2022\/02\/work-flow-38tpd.jpg 720w, https:\/\/taizyagromachine.com\/wp-content\/uploads\/2022\/02\/work-flow-38tpd-300x225.jpg 300w\" sizes=\"auto, (max-width: 720px) 100vw, 720px\" \/><figcaption class=\"wp-element-caption\">quy tr\u00ecnh l\u00e0m vi\u1ec7c c\u1ee7a nh\u00e0 m\u00e1y ch\u1ebf bi\u1ebfn g\u1ea1o<\/figcaption><\/figure> <\/div>   <h2 class=\"wp-block-heading\" id=\"advantages\"><strong>\u01afu \u0111i\u1ec3m c\u1ee7a m\u00e1y xay l\u00faa li\u00ean h\u1ee3p<\/strong><\/h2>    <ul class=\"wp-block-list\"> <li>C\u00e1c m\u00e1y ri\u00eang l\u1ebb c\u1ee7a nh\u00e0 m\u00e1y xay l\u00faa 60tdp \u0111\u01b0\u1ee3c tr\u01b0ng b\u00e0y th\u00e0nh m\u1ed9t h\u00e0ng, g\u1ecdn g\u00e0ng, \u0111\u1eb9p m\u1eaft.<\/li>    <li>B\u1ed9 ph\u1eadn xay x\u00e1t g\u1ea1o c\u1ee7a thi\u1ebft b\u1ecb \u00e1p d\u1ee5ng c\u00f4ng ngh\u1ec7 xay x\u00e1t g\u1ea1o ti\u00ean ti\u1ebfn, nhi\u1ec7t \u0111\u1ed9 g\u1ea1o th\u1ea5p, \u00edt c\u00e1m, t\u1ef7 l\u1ec7 v\u1ee1 th\u1ea5p.<\/li>    <li>C\u00e1c thao t\u00e1c ch\u00ednh \u0111\u01b0\u1ee3c t\u1eadp trung \u1edf m\u1ed9t b\u00ean, thu\u1eadn ti\u1ec7n khi v\u1eadn h\u00e0nh.<\/li>    <li>Ti\u1ebft ki\u1ec7m n\u0103ng l\u01b0\u1ee3ng,\u00a0b\u1ea3o v\u1ec7 m\u00f4i tr\u01b0\u1eddng, v\u1eadn h\u00e0nh \u0111\u01a1n gi\u1ea3n, b\u1ea3o tr\u00ec thu\u1eadn ti\u1ec7n\u00a0v\u00e0 \u0111\u1ed9 b\u1ec1n.<\/li>    <li>C\u00f4ng su\u1ea5t l\u1edbn, t\u1ed1c \u0111\u1ed9 nhanh, hi\u1ec7u su\u1ea5t \u1ed5n \u0111\u1ecbnh.<\/li>    <li>S\u1ef1 s\u1eafp x\u1ebfp kh\u00e1c nhau. Ch\u00fang t\u00f4i c\u00f3 th\u1ec3 \u0111\u1ec1 xu\u1ea5t nh\u00e0 m\u00e1y xay x\u00e1t g\u1ea1o 60tpd th\u00edch h\u1ee3p \u0111\u1ec3 \u0111\u00e1p \u1ee9ng y\u00eau c\u1ea7u c\u1ee7a b\u1ea1n.<\/li> <\/ul>    <h2 class=\"wp-block-heading\" id=\"machines-that-can-be-equipped\"><strong>M\u00e1y t\u00f9y ch\u1ecdn cho thi\u1ebft b\u1ecb xay x\u00e1t g\u1ea1o ho\u00e0n ch\u1ec9nh<\/strong><\/h2>    <p>M\u00e1y ch\u1ebf bi\u1ebfn m\u00e1y xay l\u00faa 60tpd c\u00f3 c\u00e1c c\u00e1ch s\u1eafp x\u1ebfp kh\u00e1c nhau \u0111\u1ec3 \u0111\u1ea1t \u0111\u01b0\u1ee3c m\u1ee5c ti\u00eau y\u00eau c\u1ea7u c\u1ee7a b\u1ea1n. D\u1ef1a tr\u00ean nh\u00e0 m\u00e1y xay x\u00e1t g\u1ea1o 60tpd n\u00e0y, ch\u00fang t\u00f4i c\u0169ng c\u00f3 c\u00e1c m\u00e1y m\u00f3c kh\u00e1c \u0111\u1ec3 s\u1eafp x\u1ebfp.<\/p>    <p class=\"translation-block\">M\u00e1y \u0111\u00e1nh b\u00f3ng g\u1ea1o<\/p>    <p>Lo\u1ea1i m\u00e1y n\u00e0y \u0111\u01b0\u1ee3c s\u1eed d\u1ee5ng cho d\u00e2y chuy\u1ec1n s\u1ea3n xu\u1ea5t m\u00e1y xay g\u1ea1o, c\u00f3 ch\u1ee9c n\u0103ng gi\u00fap g\u1ea1o tr\u1eafng m\u1ecbn h\u01a1n.<\/p>    <p class=\"translation-block\"><strong>M\u00e1y ph\u00e2n lo\u1ea1i m\u00e0u<\/strong><\/p>    <p>M\u00e1y ph\u00e2n lo\u1ea1i m\u00e0u c\u00f3 th\u1ec3 ph\u00e2n bi\u1ec7t gi\u1eefa g\u1ea1o tr\u1eafng t\u1ed1t v\u00e0 g\u1ea1o m\u1ed1c, g\u1ea1o \u0111en. \u0110\u1ec3 c\u00f3 \u0111\u01b0\u1ee3c g\u1ea1o tr\u1eafng ch\u1ea5t l\u01b0\u1ee3ng t\u1ed1t th\u00ec \u0111i\u1ec1u n\u00e0y gi\u00fap \u00edch r\u1ea5t nhi\u1ec1u.<\/p>    <p class=\"translation-block\">M\u00e1y \u0111\u00f3ng g\u00f3i<\/p>    <p>V\u00ec m\u1ee5c \u0111\u00edch cu\u1ed1i c\u00f9ng l\u00e0 b\u00e1n g\u1ea1o tr\u1eafng n\u00ean vi\u1ec7c \u0111\u00f3ng g\u00f3i l\u00e0 b\u01b0\u1edbc c\u1ea7n thi\u1ebft. M\u00e1y \u0111\u00f3ng g\u00f3i cho nh\u00e0 m\u00e1y xay x\u00e1t g\u1ea1o n\u00e0y c\u00f3 tr\u1ecdng l\u01b0\u1ee3ng t\u1eeb 5kg \u0111\u1ebfn 50kg. V\u00ec v\u1eady, n\u00f3 r\u1ea5t th\u1ef1c t\u1ebf.<\/p>    <p>T\u1eeb nh\u1eefng \u0111i\u1ec1u tr\u00ean, ch\u00fang ta c\u00f3 th\u1ec3 th\u1ea5y r\u1eb1ng m\u1ed9t d\u00e2y chuy\u1ec1n s\u1ea3n xu\u1ea5t m\u00e1y xay l\u00faa ho\u00e0n ch\u1ec9nh \u0111\u01b0\u1ee3c rao b\u00e1n c\u00f3 c\u00e1ch s\u1eafp x\u1ebfp kh\u00e1c nhau \u0111\u1ec3 \u0111\u00e1p \u1ee9ng y\u00eau c\u1ea7u kinh doanh c\u1ee7a b\u1ea1n.<\/p>   <div class=\"wp-block-image\"> <figure class=\"aligncenter size-full\"><img loading=\"lazy\" decoding=\"async\" width=\"720\" height=\"540\" src=\"https:\/\/taizyagromachine.com\/wp-content\/uploads\/2022\/02\/60tpd-complete-rice-mill-production-line.jpg\" alt=\"D\u00e2y chuy\u1ec1n s\u1ea3n xu\u1ea5t m\u00e1y xay l\u00faa ho\u00e0n ch\u1ec9nh 60tpd\" class=\"wp-image-2035\" srcset=\"https:\/\/taizyagromachine.com\/wp-content\/uploads\/2022\/02\/60tpd-complete-rice-mill-production-line.jpg 720w, https:\/\/taizyagromachine.com\/wp-content\/uploads\/2022\/02\/60tpd-complete-rice-mill-production-line-300x225.jpg 300w\" sizes=\"auto, (max-width: 720px) 100vw, 720px\" \/><figcaption class=\"wp-element-caption\">D\u00e2y chuy\u1ec1n s\u1ea3n xu\u1ea5t m\u00e1y xay l\u00faa ho\u00e0n ch\u1ec9nh 60tpd<\/figcaption><\/figure> <\/div>   <h2 class=\"wp-block-heading\"><strong>D\u1ecbch v\u1ee5 \u0111\u01b0\u1ee3c cung c\u1ea5p tr\u00ean m\u00e1y xay x\u00e1t g\u1ea1o li\u00ean h\u1ee3p<\/strong><\/h2>    <p>\u0110\u1ed1i v\u1edbi c\u00e1c \u0111\u01a1n v\u1ecb xay x\u00e1t g\u1ea1o, c\u00f3 th\u1ec3 cung c\u1ea5p c\u00e1c d\u1ecbch v\u1ee5 sau:<\/p>    <ul class=\"wp-block-list\"> <li><strong>B\u00e1n v\u00e0 t\u00f9y ch\u1ec9nh thi\u1ebft b\u1ecb<\/strong>: Cung c\u1ea5p b\u1ed9 thi\u1ebft b\u1ecb nh\u00e0 m\u00e1y ch\u1ebf bi\u1ebfn g\u1ea1o ho\u00e0n ch\u1ec9nh v\u1edbi quy m\u00f4 \u0111\u1ea7u ra kh\u00e1c nhau, ch\u1eb3ng h\u1ea1n nh\u01b0 <a href=\"https:\/\/taizyagromachine.com\/vi\/product\/15tpd-rice-mill-plant\/\">\u0110\u01a1n v\u1ecb xay x\u00e1t g\u1ea1o 15TPD<\/a>, 25TPD, v.v. v\u00e0 c\u00f3 th\u1ec3 t\u00f9y ch\u1ec9nh c\u00e1c m\u00e1y xay x\u00e1t g\u1ea1o v\u1edbi th\u00f4ng s\u1ed1 k\u1ef9 thu\u1eadt v\u00e0 c\u1ea5u h\u00ecnh \u0111\u1eb7c bi\u1ec7t theo nhu c\u1ea7u c\u1ee7a b\u1ea1n.<\/li>    <li><strong>T\u01b0 v\u1ea5n k\u1ef9 thu\u1eadt v\u00e0 thi\u1ebft k\u1ebf<\/strong>: Theo nhu c\u1ea7u c\u1ee5 th\u1ec3 c\u1ee7a b\u1ea1n, \u0111\u1eb7c \u0111i\u1ec3m nguy\u00ean li\u1ec7u th\u00f4 v\u00e0 \u0111i\u1ec1u ki\u1ec7n \u0111\u1ecba \u0111i\u1ec3m, ch\u00fang t\u00f4i cung c\u1ea5p d\u1ecbch v\u1ee5 t\u01b0 v\u1ea5n k\u1ef9 thu\u1eadt v\u00e0 thi\u1ebft k\u1ebf d\u00e2y chuy\u1ec1n s\u1ea3n xu\u1ea5t xay x\u00e1t g\u1ea1o chuy\u00ean nghi\u1ec7p.<\/li>    <li><strong>H\u1ed7 tr\u1ee3 v\u00e0 b\u1ea3o tr\u00ec sau b\u00e1n h\u00e0ng<\/strong>: Mi\u1ec5n ph\u00ed s\u1eeda ch\u1eefa ho\u1eb7c thay th\u1ebf linh ki\u1ec7n b\u1ecb l\u1ed7i trong th\u1eddi gian b\u1ea3o h\u00e0nh c\u1ee7a thi\u1ebft b\u1ecb; cung c\u1ea5p h\u1ed7 tr\u1ee3 k\u1ef9 thu\u1eadt k\u1ecbp th\u1eddi v\u00e0 d\u1ecbch v\u1ee5 b\u1ea3o tr\u00ec c\u00f3 t\u00ednh ph\u00ed ngo\u00e0i th\u1eddi gian b\u1ea3o h\u00e0nh.<\/li>    <li><strong>Cung c\u1ea5p ph\u1ee5 t\u00f9ng<\/strong>: Cung c\u1ea5p d\u00e0i h\u1ea1n c\u00e1c lo\u1ea1i ph\u1ee5 t\u00f9ng thay th\u1ebf ch\u00ednh h\u00e3ng theo y\u00eau c\u1ea7u c\u1ee7a nh\u00e0 m\u00e1y ch\u1ebf bi\u1ebfn m\u00e1y xay x\u00e1t g\u1ea1o, nh\u1eb1m \u0111\u1ea3m b\u1ea3o ch\u1ea5t l\u01b0\u1ee3ng v\u00e0 t\u00ednh t\u01b0\u01a1ng th\u00edch c\u1ee7a c\u00e1c ph\u1ee5 t\u00f9ng thay th\u1ebf c\u1ea7n thi\u1ebft trong qu\u00e1 tr\u00ecnh s\u1eed d\u1ee5ng thi\u1ebft b\u1ecb.<\/li> <\/ul>    <figure class=\"wp-block-gallery aligncenter has-nested-images columns-default is-cropped wp-block-gallery-4 is-layout-flex wp-block-gallery-is-layout-flex\"> <figure class=\"wp-block-image size-large\"><img loading=\"lazy\" decoding=\"async\" width=\"720\" height=\"540\" data-id=\"6394\" src=\"https:\/\/taizyagromachine.com\/wp-content\/uploads\/2021\/12\/industrial-rice-milling-machine-for-sale.webp\" alt=\"C\u1ea7n b\u00e1n m\u00e1y xay x\u00e1t g\u1ea1o c\u00f4ng nghi\u1ec7p\" class=\"wp-image-6394\"\/><figcaption class=\"wp-element-caption\">C\u1ea7n b\u00e1n m\u00e1y xay x\u00e1t g\u1ea1o c\u00f4ng nghi\u1ec7p<\/figcaption><\/figure>    <figure class=\"wp-block-image size-large\"><img loading=\"lazy\" decoding=\"async\" width=\"720\" height=\"540\" data-id=\"6395\" src=\"https:\/\/taizyagromachine.com\/wp-content\/uploads\/2021\/12\/rice-mill-processing-plant-for-sale.webp\" alt=\"nh\u00e0 m\u00e1y ch\u1ebf bi\u1ebfn g\u1ea1o \u0111\u1ec3 b\u00e1n\" class=\"wp-image-6395\"\/><figcaption class=\"wp-element-caption\">nh\u00e0 m\u00e1y ch\u1ebf bi\u1ebfn g\u1ea1o \u0111\u1ec3 b\u00e1n<\/figcaption><\/figure> <\/figure>    <h2 class=\"wp-block-heading\"><strong>B\u1eaft \u0111\u1ea7u kinh doanh xay x\u00e1t g\u1ea1o ngay b\u00e2y gi\u1edd!<\/strong><\/h2>    <p class=\"translation-block\">H\u00e3y nhanh ch\u00f3ng li\u00ean h\u1ec7 v\u1edbi ch\u00fang t\u00f4i, ch\u00fang t\u00f4i s\u1ebd thi\u1ebft k\u1ebf s\u1ef1 k\u1ebft h\u1ee3p m\u00e1y m\u00f3c h\u1ee3p l\u00fd cho b\u1ea1n theo nhu c\u1ea7u c\u1ee5 th\u1ec3 c\u1ee7a b\u1ea1n, \u0111\u1ec3 \u0111\u00e1p \u1ee9ng c\u00e1c nhu c\u1ea7u kh\u00e1c nhau trong vi\u1ec7c th\u1ef1c hi\u1ec7n <a href=\"https:\/\/en.wikipedia.org\/wiki\/Rice_mill\" target=\"_blank\" rel=\"noopener\">xay x\u00e1t g\u1ea1o<\/a>.<\/p>","protected":false},"excerpt":{"rendered":"<p>Nh\u00e0 m\u00e1y ch\u1ebf bi\u1ebfn g\u1ea1o 60TPD s\u1ea3n xu\u1ea5t g\u1ea1o tr\u1eafng \u0103n \u0111\u01b0\u1ee3c \u0111\u1ec3 b\u00e1n, c\u00f4ng su\u1ea5t 60 t\u1ea5n\/ng\u00e0y, t\u1eeb xay x\u00e1t \u0111\u1ebfn \u0111\u00f3ng g\u00f3i g\u1ea1o. ch\u00fang t\u00f4i gi\u1edbi thi\u1ec7u t\u1ea5t c\u1ea3 c\u00e1c lo\u1ea1i m\u00e1y \u0111\u01b0\u1ee3c s\u1eed d\u1ee5ng trong m\u00e1y xay l\u00faa.<\/p>","protected":false},"author":1,"featured_media":2033,"parent":0,"template":"","tags":[],"product-type":[18],"class_list":["post-1512","product","type-product","status-publish","has-post-thumbnail","hentry","product-type-rice-mill"],"_links":{"self":[{"href":"https:\/\/taizyagromachine.com\/vi\/wp-json\/wp\/v2\/product\/1512","targetHints":{"allow":["GET"]}}],"collection":[{"href":"https:\/\/taizyagromachine.com\/vi\/wp-json\/wp\/v2\/product"}],"about":[{"href":"https:\/\/taizyagromachine.com\/vi\/wp-json\/wp\/v2\/types\/product"}],"author":[{"embeddable":true,"href":"https:\/\/taizyagromachine.com\/vi\/wp-json\/wp\/v2\/users\/1"}],"wp:featuredmedia":[{"embeddable":true,"href":"https:\/\/taizyagromachine.com\/vi\/wp-json\/wp\/v2\/media\/2033"}],"wp:attachment":[{"href":"https:\/\/taizyagromachine.com\/vi\/wp-json\/wp\/v2\/media?parent=1512"}],"wp:term":[{"taxonomy":"post_tag","embeddable":true,"href":"https:\/\/taizyagromachine.com\/vi\/wp-json\/wp\/v2\/tags?post=1512"},{"taxonomy":"product-type","embeddable":true,"href":"https:\/\/taizyagromachine.com\/vi\/wp-json\/wp\/v2\/product-type?post=1512"}],"curies":[{"name":"wp","href":"https:\/\/api.w.org\/{rel}","templated":true}]}}